{"id":9634,"date":"2026-02-09T13:19:26","date_gmt":"2026-02-09T13:19:26","guid":{"rendered":"https:\/\/hutfactory.com\/?product=filzhut-player-mit-bridee-und-klappkrempe"},"modified":"2026-02-13T02:42:30","modified_gmt":"2026-02-13T02:42:30","slug":"filzhut-player-mit-bridee-und-klappkrempe","status":"publish","type":"product","link":"https:\/\/hutfactory.com\/?product=filzhut-player-mit-bridee-und-klappkrempe","title":{"rendered":"Filzhut Player mit Brid\u00e9e und Klappkrempe"},"content":{"rendered":"<div class=\"wpb-content-wrapper\"><p>[vc_row][vc_column][vc_column_text css=&#8221;&#8221;]<\/p>\n<h3>Handwerkskunst und exklusive Details in Perfektion<\/h3>\n<p>Der Player ist ein zeitloser Klassiker, der bei Jung und Alt gleicherma\u00dfen beliebt ist. Die schmale, nach oben geschwungene Krempe ist typisch f\u00fcr diesen Hut und verleiht ihm seinen charakteristischen Look. Durch die M\u00f6glichkeit, die Krempe vorne nach oben (Player Style) oder nach unten (Trilby Style) zu klappen, kann der schmale Filzhut auf unterschiedliche Art und Weise getragen werden, entweder als Trilby oder als Player. Der Hutrand ist umgen\u00e4ht, was der Krempe bei Wind und N\u00e4sse halt gew\u00e4hrleistet. Ein Hutband in farblich abgestimmtem Ton mit Masche auf der linken Seite rundet das klassische Design ab.<\/p>\n<p>Der Trilby Classic ist nicht nur stylish, sondern auch funktional. Dank des wasserfesten Wollfilzes eignet er sich auch perfekt f\u00fcr regnerische Tage. Jeder Hut wird in aufwendiger Handarbeit hergestellt und zeugt von der Liebe zum Handwerk, dem feinen Gesp\u00fcr f\u00fcr Qualit\u00e4t und Design sowie der Freude an der Sch\u00f6nheit.[\/vc_column_text][\/vc_column][\/vc_row]<\/p>\n<div class=\"hf-accordions\">\n<hr class=\"hf-accordion-separator\" \/>\n<details class=\"hf-accordion\">\n<summary><strong>\u25b6\ufe0f Gut zu wissen \u2013 mehr erfahren<\/strong><\/summary>\n<div class=\"hf-accordion-content\">\n<h3>Wichtige Produktdetails<\/h3>\n<p><strong>Material &amp; Design:<\/strong><\/p>\n<ul>\n<li>Material: 100 % Wollfilz<\/li>\n<li>Randbreite: 4,5 cm<\/li>\n<li>Kopfh\u00f6he: 11 cm<\/li>\n<li>Farben:\n<ol>\n<li>Schwarz mit schwarzem Hutband<\/li>\n<li>Dunkelbraun mit braunem Hutband<\/li>\n<li>Mittelgrau mit grauem Hutband<\/li>\n<\/ol>\n<\/li>\n<li>Garnitur: Feinstes Rebsband mit breiter Masche<\/li>\n<li>Schwei\u00dfband: Sauber eingen\u00e4htes Textilinnenband f\u00fcr optimalen Tragekomfort<\/li>\n<\/ul>\n<p><strong>Handwerkskunst &amp; Exklusivit\u00e4t:<\/strong><\/p>\n<ul>\n<li>Handarbeit: Jedes Modell wird auf Bestellung in der Schweizer Hutmanufaktur Risa gefertigt<\/li>\n<li>Tradition und Erfahrung: Jahrzehntelange Expertise in der Hutherstellung<\/li>\n<li>Limitierte Auflage: Abverkauf des Rohmaterials vorbehalten<\/li>\n<\/ul>\n<p><strong>Herstellung:<\/strong><\/p>\n<ul>\n<li>Produktionsort: Schweiz<\/li>\n<li>Hersteller: Hutmanufaktur Risa<\/li>\n<li>Herstellungszeit: 10 bis 15 Arbeitstage nach Zahlungseingang<\/li>\n<\/ul>\n<p><strong>Lieferbedingungen:<\/strong><\/p>\n<ul>\n<li>Versand: Der Hut wird nach der Herstellung innerhalb weniger Tage ab Lager Schweiz versendet<\/li>\n<li>Garantie: Umtausch nur bei Material- oder Herstellungsfehlern<\/li>\n<li>Verf\u00fcgbarkeit: Solange der Vorrat an Rohmaterial reicht<\/li>\n<\/ul>\n<\/div>\n<\/details>\n<details class=\"hf-accordion\">\n<summary><strong>\u25b6\ufe0f FAQ \u2013 H\u00e4ufige Fragen<\/strong><\/summary>\n<div class=\"hf-accordion-content\">\n<h3>H\u00e4ufig gestellte Fragen (FAQ)<\/h3>\n<p><strong>1. In welchen Farben ist der Trilby erh\u00e4ltlich?<\/strong><br \/>\nDer Trilby ist in drei klassischen Farbkombinationen verf\u00fcgbar: Schwarz mit schwarzem Hutband, Dunkelbraun mit braunem Hutband und Mittelgrau mit grauem Hutband.<\/p>\n<p><strong>2. Kann ich den Hut umtauschen, wenn er nicht passt?<\/strong><br \/>\nDa dieser Hut individuell auf Bestellung gefertigt wird, ist ein Umtausch nur bei Material- oder Herstellungsfehlern m\u00f6glich.<\/p>\n<p><strong>3. Wie lange dauert die Herstellung des Hutes?<\/strong><br \/>\nDie Herstellungszeit betr\u00e4gt in der Regel 10 bis 15 Arbeitstage nach Zahlungseingang.<\/p>\n<p><strong>4. Wie pflege ich meinen Trilby?<\/strong><br \/>\nVerwenden Sie eine weiche B\u00fcrste zur Reinigung und bewahren Sie den Hut an einem trockenen Ort auf.<\/p>\n<p><strong>5. Bietet der Hut Schutz vor schlechtem Wetter?<\/strong><br \/>\nDer Hut aus hochwertigem Wollfilz bietet Schutz vor leichtem Regen und K\u00e4lte, ist jedoch nicht wasserfest.<\/p>\n<\/div>\n<\/details>\n<\/div>\n<\/div>","protected":false},"excerpt":{"rendered":"<h3>Zeitlose Eleganz mit modernem Twist<\/h3>\n<p>Der wandelbare <strong>Filzhut Player mit Klappkrempe\u00a0<\/strong> verbindet zeitlose Eleganz mit moderner Funktionalit\u00e4t. Handgefertigt aus hochwertigem Filz und mit einem Klapprand und feinen Rebsband ausgestattet, ist dieser Hut das perfekte Accessoire f\u00fcr jede Gelegenheit. Bestellen Sie jetzt und setzen Sie ein modisches Statement!<\/p>\n","protected":false},"featured_media":9636,"template":"","meta":{"_acf_changed":false,"rs_blank_template":"","rs_page_bg_color":"","slide_template_v7":""},"product_brand":[250],"product_cat":[251,384,360,379,361,253],"product_tag":[],"class_list":{"0":"post-9634","1":"product","2":"type-product","3":"status-publish","4":"has-post-thumbnail","6":"product_brand-risa-hutwerkstatt-schweiz","7":"product_cat-huete-all-saison-huete","8":"product_cat-player-all-saison-huete","9":"product_cat-player-winterhuete","10":"product_cat-trilby-all-saison-huete","11":"product_cat-trilby-winterhuete","12":"product_cat-winterhuete","13":"product_shipping_class-mittlere-pakete","14":"pa_color-dbraun","15":"pa_color-mgrau","16":"pa_color-schwarz","17":"pa_groesse-206","18":"pa_groesse-196","19":"pa_groesse-207","20":"pa_groesse-197","21":"pa_groesse-208","22":"pa_groesse-198","23":"pa_groesse-209","24":"pa_groesse-199","25":"pa_groesse-210","26":"yith_product_brand-risa-hutwerkstatt-schweiz","29":"instock","30":"taxable","31":"shipping-taxable","32":"purchasable","33":"product-type-variable","34":"wvs-archive-product-wrapper","35":"add-to-wishlist-after_add_to_cart"},"acf":[],"yoast_head":"<!-- This site is optimized with the Yoast SEO Premium plugin v27.3 (Yoast SEO v27.3) - https:\/\/yoast.com\/product\/yoast-seo-premium-wordpress\/ -->\n<title>Trilby Wollfilz - Klassischer Hut mit edler Garnitur<\/title>\n<meta name=\"description\" content=\"Unser Trilby aus Wollfilz in Schwarz, Braun oder Grau mit eingefasster Krempe ist ein klassischer Hut mit edler Garnitur aus feinstem Rebsband.\" \/>\n<meta name=\"robots\" content=\"index, follow, max-snippet:-1, max-image-preview:large, max-video-preview:-1\" \/>\n<link rel=\"canonical\" href=\"https:\/\/hutfactory.com\/?product=filzhut-player-mit-bridee-und-klappkrempe\" \/>\n<meta property=\"og:locale\" content=\"de_DE\" \/>\n<meta property=\"og:type\" content=\"article\" \/>\n<meta property=\"og:title\" content=\"Filzhut Player mit Brid\u00e9e und Klappkrempe\" \/>\n<meta property=\"og:description\" content=\"Unser Trilby aus Wollfilz in Schwarz, Braun oder Grau mit eingefasster Krempe ist ein klassischer Hut mit edler Garnitur aus feinstem Rebsband.\" \/>\n<meta property=\"og:url\" content=\"https:\/\/hutfactory.com\/?product=filzhut-player-mit-bridee-und-klappkrempe\" \/>\n<meta property=\"og:site_name\" content=\"Hut Factory\" \/>\n<meta property=\"article:modified_time\" content=\"2026-02-13T02:42:30+00:00\" \/>\n<meta property=\"og:image\" content=\"https:\/\/hutfactory.com\/wp-content\/uploads\/2026\/02\/71103491.alle_.webp\" \/>\n\t<meta property=\"og:image:width\" content=\"2016\" \/>\n\t<meta property=\"og:image:height\" content=\"1512\" \/>\n\t<meta property=\"og:image:type\" content=\"image\/webp\" \/>\n<meta name=\"twitter:card\" content=\"summary_large_image\" \/>\n<meta name=\"twitter:label1\" content=\"Gesch\u00e4tzte Lesezeit\" \/>\n\t<meta name=\"twitter:data1\" content=\"3\u00a0Minuten\" \/>\n<script type=\"application\/ld+json\" class=\"yoast-schema-graph\">{\"@context\":\"https:\\\/\\\/schema.org\",\"@graph\":[{\"@type\":\"WebPage\",\"@id\":\"https:\\\/\\\/hutfactory.com\\\/?product=filzhut-player-mit-bridee-und-klappkrempe\",\"url\":\"https:\\\/\\\/hutfactory.com\\\/?product=filzhut-player-mit-bridee-und-klappkrempe\",\"name\":\"Trilby Wollfilz - Klassischer Hut mit edler Garnitur\",\"isPartOf\":{\"@id\":\"https:\\\/\\\/hutfactory.com\\\/#website\"},\"primaryImageOfPage\":{\"@id\":\"https:\\\/\\\/hutfactory.com\\\/?product=filzhut-player-mit-bridee-und-klappkrempe#primaryimage\"},\"image\":{\"@id\":\"https:\\\/\\\/hutfactory.com\\\/?product=filzhut-player-mit-bridee-und-klappkrempe#primaryimage\"},\"thumbnailUrl\":\"https:\\\/\\\/hutfactory.com\\\/wp-content\\\/uploads\\\/2026\\\/02\\\/71103491.alle_.webp\",\"datePublished\":\"2026-02-09T13:19:26+00:00\",\"dateModified\":\"2026-02-13T02:42:30+00:00\",\"description\":\"Unser Trilby aus Wollfilz in Schwarz, Braun oder Grau mit eingefasster Krempe ist ein klassischer Hut mit edler Garnitur aus feinstem Rebsband.\",\"breadcrumb\":{\"@id\":\"https:\\\/\\\/hutfactory.com\\\/?product=filzhut-player-mit-bridee-und-klappkrempe#breadcrumb\"},\"inLanguage\":\"de\",\"potentialAction\":[{\"@type\":\"ReadAction\",\"target\":[\"https:\\\/\\\/hutfactory.com\\\/?product=filzhut-player-mit-bridee-und-klappkrempe\"]}]},{\"@type\":\"ImageObject\",\"inLanguage\":\"de\",\"@id\":\"https:\\\/\\\/hutfactory.com\\\/?product=filzhut-player-mit-bridee-und-klappkrempe#primaryimage\",\"url\":\"https:\\\/\\\/hutfactory.com\\\/wp-content\\\/uploads\\\/2026\\\/02\\\/71103491.alle_.webp\",\"contentUrl\":\"https:\\\/\\\/hutfactory.com\\\/wp-content\\\/uploads\\\/2026\\\/02\\\/71103491.alle_.webp\",\"width\":2016,\"height\":1512,\"caption\":\"|||\"},{\"@type\":\"BreadcrumbList\",\"@id\":\"https:\\\/\\\/hutfactory.com\\\/?product=filzhut-player-mit-bridee-und-klappkrempe#breadcrumb\",\"itemListElement\":[{\"@type\":\"ListItem\",\"position\":1,\"name\":\"Start\",\"item\":\"https:\\\/\\\/hutfactory.com\\\/\"},{\"@type\":\"ListItem\",\"position\":2,\"name\":\"Shop\",\"item\":\"https:\\\/\\\/hutfactory.com\\\/?page_id=10\"},{\"@type\":\"ListItem\",\"position\":3,\"name\":\"Filzhut Player mit Brid\u00e9e und Klappkrempe\"}]},{\"@type\":\"WebSite\",\"@id\":\"https:\\\/\\\/hutfactory.com\\\/#website\",\"url\":\"https:\\\/\\\/hutfactory.com\\\/\",\"name\":\"Hut Factory\",\"description\":\"H\u00fcte, Kappen &amp; M\u00fctzen in Top Swiss\\\/EU Qualit\u00e4t\",\"publisher\":{\"@id\":\"https:\\\/\\\/hutfactory.com\\\/#organization\"},\"alternateName\":\"Hut Shop\",\"potentialAction\":[{\"@type\":\"SearchAction\",\"target\":{\"@type\":\"EntryPoint\",\"urlTemplate\":\"https:\\\/\\\/hutfactory.com\\\/?s={search_term_string}\"},\"query-input\":{\"@type\":\"PropertyValueSpecification\",\"valueRequired\":true,\"valueName\":\"search_term_string\"}}],\"inLanguage\":\"de\"},{\"@type\":\"Organization\",\"@id\":\"https:\\\/\\\/hutfactory.com\\\/#organization\",\"name\":\"Hut Factory\",\"url\":\"https:\\\/\\\/hutfactory.com\\\/\",\"logo\":{\"@type\":\"ImageObject\",\"inLanguage\":\"de\",\"@id\":\"https:\\\/\\\/hutfactory.com\\\/#\\\/schema\\\/logo\\\/image\\\/\",\"url\":\"https:\\\/\\\/hutfactory.com\\\/wp-content\\\/uploads\\\/2026\\\/01\\\/Logo-hut-factory-1.webp\",\"contentUrl\":\"https:\\\/\\\/hutfactory.com\\\/wp-content\\\/uploads\\\/2026\\\/01\\\/Logo-hut-factory-1.webp\",\"width\":300,\"height\":262,\"caption\":\"Hut Factory\"},\"image\":{\"@id\":\"https:\\\/\\\/hutfactory.com\\\/#\\\/schema\\\/logo\\\/image\\\/\"}}]}<\/script>\n<!-- \/ Yoast SEO Premium plugin. -->","yoast_head_json":{"title":"Trilby Wollfilz - Klassischer Hut mit edler Garnitur","description":"Unser Trilby aus Wollfilz in Schwarz, Braun oder Grau mit eingefasster Krempe ist ein klassischer Hut mit edler Garnitur aus feinstem Rebsband.","robots":{"index":"index","follow":"follow","max-snippet":"max-snippet:-1","max-image-preview":"max-image-preview:large","max-video-preview":"max-video-preview:-1"},"canonical":"https:\/\/hutfactory.com\/?product=filzhut-player-mit-bridee-und-klappkrempe","og_locale":"de_DE","og_type":"article","og_title":"Filzhut Player mit Brid\u00e9e und Klappkrempe","og_description":"Unser Trilby aus Wollfilz in Schwarz, Braun oder Grau mit eingefasster Krempe ist ein klassischer Hut mit edler Garnitur aus feinstem Rebsband.","og_url":"https:\/\/hutfactory.com\/?product=filzhut-player-mit-bridee-und-klappkrempe","og_site_name":"Hut Factory","article_modified_time":"2026-02-13T02:42:30+00:00","og_image":[{"width":2016,"height":1512,"url":"https:\/\/hutfactory.com\/wp-content\/uploads\/2026\/02\/71103491.alle_.webp","type":"image\/webp"}],"twitter_card":"summary_large_image","twitter_misc":{"Gesch\u00e4tzte Lesezeit":"3\u00a0Minuten"},"schema":{"@context":"https:\/\/schema.org","@graph":[{"@type":"WebPage","@id":"https:\/\/hutfactory.com\/?product=filzhut-player-mit-bridee-und-klappkrempe","url":"https:\/\/hutfactory.com\/?product=filzhut-player-mit-bridee-und-klappkrempe","name":"Trilby Wollfilz - Klassischer Hut mit edler Garnitur","isPartOf":{"@id":"https:\/\/hutfactory.com\/#website"},"primaryImageOfPage":{"@id":"https:\/\/hutfactory.com\/?product=filzhut-player-mit-bridee-und-klappkrempe#primaryimage"},"image":{"@id":"https:\/\/hutfactory.com\/?product=filzhut-player-mit-bridee-und-klappkrempe#primaryimage"},"thumbnailUrl":"https:\/\/hutfactory.com\/wp-content\/uploads\/2026\/02\/71103491.alle_.webp","datePublished":"2026-02-09T13:19:26+00:00","dateModified":"2026-02-13T02:42:30+00:00","description":"Unser Trilby aus Wollfilz in Schwarz, Braun oder Grau mit eingefasster Krempe ist ein klassischer Hut mit edler Garnitur aus feinstem Rebsband.","breadcrumb":{"@id":"https:\/\/hutfactory.com\/?product=filzhut-player-mit-bridee-und-klappkrempe#breadcrumb"},"inLanguage":"de","potentialAction":[{"@type":"ReadAction","target":["https:\/\/hutfactory.com\/?product=filzhut-player-mit-bridee-und-klappkrempe"]}]},{"@type":"ImageObject","inLanguage":"de","@id":"https:\/\/hutfactory.com\/?product=filzhut-player-mit-bridee-und-klappkrempe#primaryimage","url":"https:\/\/hutfactory.com\/wp-content\/uploads\/2026\/02\/71103491.alle_.webp","contentUrl":"https:\/\/hutfactory.com\/wp-content\/uploads\/2026\/02\/71103491.alle_.webp","width":2016,"height":1512,"caption":"|||"},{"@type":"BreadcrumbList","@id":"https:\/\/hutfactory.com\/?product=filzhut-player-mit-bridee-und-klappkrempe#breadcrumb","itemListElement":[{"@type":"ListItem","position":1,"name":"Start","item":"https:\/\/hutfactory.com\/"},{"@type":"ListItem","position":2,"name":"Shop","item":"https:\/\/hutfactory.com\/?page_id=10"},{"@type":"ListItem","position":3,"name":"Filzhut Player mit Brid\u00e9e und Klappkrempe"}]},{"@type":"WebSite","@id":"https:\/\/hutfactory.com\/#website","url":"https:\/\/hutfactory.com\/","name":"Hut Factory","description":"H\u00fcte, Kappen &amp; M\u00fctzen in Top Swiss\/EU Qualit\u00e4t","publisher":{"@id":"https:\/\/hutfactory.com\/#organization"},"alternateName":"Hut Shop","potentialAction":[{"@type":"SearchAction","target":{"@type":"EntryPoint","urlTemplate":"https:\/\/hutfactory.com\/?s={search_term_string}"},"query-input":{"@type":"PropertyValueSpecification","valueRequired":true,"valueName":"search_term_string"}}],"inLanguage":"de"},{"@type":"Organization","@id":"https:\/\/hutfactory.com\/#organization","name":"Hut Factory","url":"https:\/\/hutfactory.com\/","logo":{"@type":"ImageObject","inLanguage":"de","@id":"https:\/\/hutfactory.com\/#\/schema\/logo\/image\/","url":"https:\/\/hutfactory.com\/wp-content\/uploads\/2026\/01\/Logo-hut-factory-1.webp","contentUrl":"https:\/\/hutfactory.com\/wp-content\/uploads\/2026\/01\/Logo-hut-factory-1.webp","width":300,"height":262,"caption":"Hut Factory"},"image":{"@id":"https:\/\/hutfactory.com\/#\/schema\/logo\/image\/"}}]}},"_links":{"self":[{"href":"https:\/\/hutfactory.com\/index.php?rest_route=\/wp\/v2\/product\/9634","targetHints":{"allow":["GET"]}}],"collection":[{"href":"https:\/\/hutfactory.com\/index.php?rest_route=\/wp\/v2\/product"}],"about":[{"href":"https:\/\/hutfactory.com\/index.php?rest_route=\/wp\/v2\/types\/product"}],"wp:featuredmedia":[{"embeddable":true,"href":"https:\/\/hutfactory.com\/index.php?rest_route=\/wp\/v2\/media\/9636"}],"wp:attachment":[{"href":"https:\/\/hutfactory.com\/index.php?rest_route=%2Fwp%2Fv2%2Fmedia&parent=9634"}],"wp:term":[{"taxonomy":"product_brand","embeddable":true,"href":"https:\/\/hutfactory.com\/index.php?rest_route=%2Fwp%2Fv2%2Fproduct_brand&post=9634"},{"taxonomy":"product_cat","embeddable":true,"href":"https:\/\/hutfactory.com\/index.php?rest_route=%2Fwp%2Fv2%2Fproduct_cat&post=9634"},{"taxonomy":"product_tag","embeddable":true,"href":"https:\/\/hutfactory.com\/index.php?rest_route=%2Fwp%2Fv2%2Fproduct_tag&post=9634"}],"curies":[{"name":"wp","href":"https:\/\/api.w.org\/{rel}","templated":true}]}}