{"id":38215,"date":"2026-03-20T12:10:32","date_gmt":"2026-03-20T12:10:32","guid":{"rendered":"https:\/\/hutfactory.com\/?post_type=product&#038;p=38215"},"modified":"2026-03-20T12:14:27","modified_gmt":"2026-03-20T12:14:27","slug":"hut-auffrischung-silber-package","status":"publish","type":"product","link":"https:\/\/hutfactory.com\/?product=hut-auffrischung-silber-package","title":{"rendered":"Hut Auffrischung &#8211; Silber Package"},"content":{"rendered":"<div class=\"pricing-header\">\n<div class=\"plan-price\">\n<div class=\"pricing-header\">\n<div class=\"plan-price\">\n<p>Zu diesen Service geh\u00f6rt eine sorgf\u00e4ltige Standardreinigung:<\/p>\n<\/div>\n<\/div>\n<div class=\"pricing-body\">\n<div class=\"plain-info\">\n<ul>\n<li>Standardreinigung<\/li>\n<li>hochwertiges Schweissband<\/li>\n<li>Neublockierung (bei Fremdmarken versuchen wir einen \u00e4hnlichen Block zu w\u00e4hlen)<\/li>\n<li>Neuformung<\/li>\n<li>neues Hutband<\/li>\n<\/ul>\n<p>Nachdem Sie sich f\u00fcr eines unserer Auffrischungspakete entschieden haben, werden wir umgehend mit Ihnen in Verbindung treten. Unser Ziel ist es, Ihnen einen reibungslosen und angenehmen Prozess zu bieten, w\u00e4hrend wir die erforderlichen Schritte f\u00fcr die Auffrischung Ihres Hutes in Angriff nehmen.<\/p>\n<p>Wir verstehen, dass jedes Detail wichtig ist, wenn es um Ihre H\u00fcte geht. Daher werden wir uns ausf\u00fchrlich mit Ihnen dar\u00fcber austauschen, welche individuellen W\u00fcnsche und Vorstellungen Sie bez\u00fcglich der Garnitur haben. Ihre Zufriedenheit ist unser h\u00f6chstes Anliegen, und wir m\u00f6chten sicherstellen, dass Ihre H\u00fcte nach der Auffrischung nicht nur in erstklassigem Zustand sind, sondern auch Ihren pers\u00f6nlichen Stil perfekt widerspiegeln.<\/p>\n<p>Bitte freuen Sie sich darauf, in K\u00fcrze von uns zu h\u00f6ren. Wir sind gespannt darauf, gemeinsam mit Ihnen die n\u00e4chsten Schritte zu planen und sicherzustellen, dass Ihre H\u00fcte die Pflege und Aufmerksamkeit erhalten, die sie verdienen.<\/p>\n<p>Vielen Dank f\u00fcr Ihr Vertrauen in die Hut Factory.<\/p>\n<\/div>\n<\/div>\n<\/div>\n<\/div>\n","protected":false},"excerpt":{"rendered":"<p>Zu diesen Service geh\u00f6rt eine sorgf\u00e4ltige Standard Reinigung plus Silber Service.<\/p>\n","protected":false},"featured_media":38214,"template":"","meta":{"_acf_changed":false,"rs_blank_template":"","rs_page_bg_color":"","slide_template_v7":""},"product_brand":[250],"product_cat":[595,596],"product_tag":[],"class_list":{"0":"post-38215","1":"product","2":"type-product","3":"status-publish","4":"has-post-thumbnail","6":"product_brand-risa-hutwerkstatt-schweiz","7":"product_cat-accessoires-zubehoer","8":"product_cat-hut-zubehoer","9":"pa_hut-auffrischung-eigenmarke-risa-hutwerkstatt","10":"pa_hut-auffrischung-fremdmarken","11":"yith_product_brand-risa-hutwerkstatt-schweiz","14":"instock","15":"taxable","16":"shipping-taxable","17":"purchasable","18":"product-type-variable","19":"wvs-archive-product-wrapper","20":"add-to-wishlist-after_add_to_cart"},"acf":[],"yoast_head":"<!-- This site is optimized with the Yoast SEO Premium plugin v27.3 (Yoast SEO v27.3) - https:\/\/yoast.com\/product\/yoast-seo-premium-wordpress\/ -->\n<title>Hut Auffrischung - Silber Package - Hut Factory<\/title>\n<meta name=\"robots\" content=\"index, follow, max-snippet:-1, max-image-preview:large, max-video-preview:-1\" \/>\n<link rel=\"canonical\" href=\"https:\/\/hutfactory.com\/?product=hut-auffrischung-silber-package\" \/>\n<meta property=\"og:locale\" content=\"de_DE\" \/>\n<meta property=\"og:type\" content=\"article\" \/>\n<meta property=\"og:title\" content=\"Hut Auffrischung - Silber Package\" \/>\n<meta property=\"og:description\" content=\"Zu diesen Service geh\u00f6rt eine sorgf\u00e4ltige Standard Reinigung plus Silber Service.\" \/>\n<meta property=\"og:url\" content=\"https:\/\/hutfactory.com\/?product=hut-auffrischung-silber-package\" \/>\n<meta property=\"og:site_name\" content=\"Hut Factory\" \/>\n<meta property=\"article:modified_time\" content=\"2026-03-20T12:14:27+00:00\" \/>\n<meta property=\"og:image\" content=\"https:\/\/hutfactory.com\/wp-content\/uploads\/2026\/03\/Hutherstellung-e1691486020155.webp\" \/>\n\t<meta property=\"og:image:width\" content=\"398\" \/>\n\t<meta property=\"og:image:height\" content=\"398\" \/>\n\t<meta property=\"og:image:type\" content=\"image\/webp\" \/>\n<meta name=\"twitter:card\" content=\"summary_large_image\" \/>\n<meta name=\"twitter:label1\" content=\"Gesch\u00e4tzte Lesezeit\" \/>\n\t<meta name=\"twitter:data1\" content=\"2\u00a0Minuten\" \/>\n<script type=\"application\/ld+json\" class=\"yoast-schema-graph\">{\"@context\":\"https:\\\/\\\/schema.org\",\"@graph\":[{\"@type\":\"WebPage\",\"@id\":\"https:\\\/\\\/hutfactory.com\\\/?product=hut-auffrischung-silber-package\",\"url\":\"https:\\\/\\\/hutfactory.com\\\/?product=hut-auffrischung-silber-package\",\"name\":\"Hut Auffrischung - Silber Package - Hut Factory\",\"isPartOf\":{\"@id\":\"https:\\\/\\\/hutfactory.com\\\/#website\"},\"primaryImageOfPage\":{\"@id\":\"https:\\\/\\\/hutfactory.com\\\/?product=hut-auffrischung-silber-package#primaryimage\"},\"image\":{\"@id\":\"https:\\\/\\\/hutfactory.com\\\/?product=hut-auffrischung-silber-package#primaryimage\"},\"thumbnailUrl\":\"https:\\\/\\\/hutfactory.com\\\/wp-content\\\/uploads\\\/2026\\\/03\\\/Hutherstellung-e1691486020155.webp\",\"datePublished\":\"2026-03-20T12:10:32+00:00\",\"dateModified\":\"2026-03-20T12:14:27+00:00\",\"breadcrumb\":{\"@id\":\"https:\\\/\\\/hutfactory.com\\\/?product=hut-auffrischung-silber-package#breadcrumb\"},\"inLanguage\":\"de\",\"potentialAction\":[{\"@type\":\"ReadAction\",\"target\":[\"https:\\\/\\\/hutfactory.com\\\/?product=hut-auffrischung-silber-package\"]}]},{\"@type\":\"ImageObject\",\"inLanguage\":\"de\",\"@id\":\"https:\\\/\\\/hutfactory.com\\\/?product=hut-auffrischung-silber-package#primaryimage\",\"url\":\"https:\\\/\\\/hutfactory.com\\\/wp-content\\\/uploads\\\/2026\\\/03\\\/Hutherstellung-e1691486020155.webp\",\"contentUrl\":\"https:\\\/\\\/hutfactory.com\\\/wp-content\\\/uploads\\\/2026\\\/03\\\/Hutherstellung-e1691486020155.webp\",\"width\":398,\"height\":398},{\"@type\":\"BreadcrumbList\",\"@id\":\"https:\\\/\\\/hutfactory.com\\\/?product=hut-auffrischung-silber-package#breadcrumb\",\"itemListElement\":[{\"@type\":\"ListItem\",\"position\":1,\"name\":\"Start\",\"item\":\"https:\\\/\\\/hutfactory.com\\\/\"},{\"@type\":\"ListItem\",\"position\":2,\"name\":\"Shop\",\"item\":\"https:\\\/\\\/hutfactory.com\\\/?page_id=10\"},{\"@type\":\"ListItem\",\"position\":3,\"name\":\"Hut Auffrischung &#8211; Silber Package\"}]},{\"@type\":\"WebSite\",\"@id\":\"https:\\\/\\\/hutfactory.com\\\/#website\",\"url\":\"https:\\\/\\\/hutfactory.com\\\/\",\"name\":\"Hut Factory\",\"description\":\"H\u00fcte, Kappen &amp; M\u00fctzen in Top Swiss\\\/EU Qualit\u00e4t\",\"publisher\":{\"@id\":\"https:\\\/\\\/hutfactory.com\\\/#organization\"},\"alternateName\":\"Hut Shop\",\"potentialAction\":[{\"@type\":\"SearchAction\",\"target\":{\"@type\":\"EntryPoint\",\"urlTemplate\":\"https:\\\/\\\/hutfactory.com\\\/?s={search_term_string}\"},\"query-input\":{\"@type\":\"PropertyValueSpecification\",\"valueRequired\":true,\"valueName\":\"search_term_string\"}}],\"inLanguage\":\"de\"},{\"@type\":\"Organization\",\"@id\":\"https:\\\/\\\/hutfactory.com\\\/#organization\",\"name\":\"Hut Factory\",\"url\":\"https:\\\/\\\/hutfactory.com\\\/\",\"logo\":{\"@type\":\"ImageObject\",\"inLanguage\":\"de\",\"@id\":\"https:\\\/\\\/hutfactory.com\\\/#\\\/schema\\\/logo\\\/image\\\/\",\"url\":\"https:\\\/\\\/hutfactory.com\\\/wp-content\\\/uploads\\\/2026\\\/01\\\/Logo-hut-factory-1.webp\",\"contentUrl\":\"https:\\\/\\\/hutfactory.com\\\/wp-content\\\/uploads\\\/2026\\\/01\\\/Logo-hut-factory-1.webp\",\"width\":300,\"height\":262,\"caption\":\"Hut Factory\"},\"image\":{\"@id\":\"https:\\\/\\\/hutfactory.com\\\/#\\\/schema\\\/logo\\\/image\\\/\"}}]}<\/script>\n<!-- \/ Yoast SEO Premium plugin. -->","yoast_head_json":{"title":"Hut Auffrischung - Silber Package - Hut Factory","robots":{"index":"index","follow":"follow","max-snippet":"max-snippet:-1","max-image-preview":"max-image-preview:large","max-video-preview":"max-video-preview:-1"},"canonical":"https:\/\/hutfactory.com\/?product=hut-auffrischung-silber-package","og_locale":"de_DE","og_type":"article","og_title":"Hut Auffrischung - Silber Package","og_description":"Zu diesen Service geh\u00f6rt eine sorgf\u00e4ltige Standard Reinigung plus Silber Service.","og_url":"https:\/\/hutfactory.com\/?product=hut-auffrischung-silber-package","og_site_name":"Hut Factory","article_modified_time":"2026-03-20T12:14:27+00:00","og_image":[{"width":398,"height":398,"url":"https:\/\/hutfactory.com\/wp-content\/uploads\/2026\/03\/Hutherstellung-e1691486020155.webp","type":"image\/webp"}],"twitter_card":"summary_large_image","twitter_misc":{"Gesch\u00e4tzte Lesezeit":"2\u00a0Minuten"},"schema":{"@context":"https:\/\/schema.org","@graph":[{"@type":"WebPage","@id":"https:\/\/hutfactory.com\/?product=hut-auffrischung-silber-package","url":"https:\/\/hutfactory.com\/?product=hut-auffrischung-silber-package","name":"Hut Auffrischung - Silber Package - Hut Factory","isPartOf":{"@id":"https:\/\/hutfactory.com\/#website"},"primaryImageOfPage":{"@id":"https:\/\/hutfactory.com\/?product=hut-auffrischung-silber-package#primaryimage"},"image":{"@id":"https:\/\/hutfactory.com\/?product=hut-auffrischung-silber-package#primaryimage"},"thumbnailUrl":"https:\/\/hutfactory.com\/wp-content\/uploads\/2026\/03\/Hutherstellung-e1691486020155.webp","datePublished":"2026-03-20T12:10:32+00:00","dateModified":"2026-03-20T12:14:27+00:00","breadcrumb":{"@id":"https:\/\/hutfactory.com\/?product=hut-auffrischung-silber-package#breadcrumb"},"inLanguage":"de","potentialAction":[{"@type":"ReadAction","target":["https:\/\/hutfactory.com\/?product=hut-auffrischung-silber-package"]}]},{"@type":"ImageObject","inLanguage":"de","@id":"https:\/\/hutfactory.com\/?product=hut-auffrischung-silber-package#primaryimage","url":"https:\/\/hutfactory.com\/wp-content\/uploads\/2026\/03\/Hutherstellung-e1691486020155.webp","contentUrl":"https:\/\/hutfactory.com\/wp-content\/uploads\/2026\/03\/Hutherstellung-e1691486020155.webp","width":398,"height":398},{"@type":"BreadcrumbList","@id":"https:\/\/hutfactory.com\/?product=hut-auffrischung-silber-package#breadcrumb","itemListElement":[{"@type":"ListItem","position":1,"name":"Start","item":"https:\/\/hutfactory.com\/"},{"@type":"ListItem","position":2,"name":"Shop","item":"https:\/\/hutfactory.com\/?page_id=10"},{"@type":"ListItem","position":3,"name":"Hut Auffrischung &#8211; Silber Package"}]},{"@type":"WebSite","@id":"https:\/\/hutfactory.com\/#website","url":"https:\/\/hutfactory.com\/","name":"Hut Factory","description":"H\u00fcte, Kappen &amp; M\u00fctzen in Top Swiss\/EU Qualit\u00e4t","publisher":{"@id":"https:\/\/hutfactory.com\/#organization"},"alternateName":"Hut Shop","potentialAction":[{"@type":"SearchAction","target":{"@type":"EntryPoint","urlTemplate":"https:\/\/hutfactory.com\/?s={search_term_string}"},"query-input":{"@type":"PropertyValueSpecification","valueRequired":true,"valueName":"search_term_string"}}],"inLanguage":"de"},{"@type":"Organization","@id":"https:\/\/hutfactory.com\/#organization","name":"Hut Factory","url":"https:\/\/hutfactory.com\/","logo":{"@type":"ImageObject","inLanguage":"de","@id":"https:\/\/hutfactory.com\/#\/schema\/logo\/image\/","url":"https:\/\/hutfactory.com\/wp-content\/uploads\/2026\/01\/Logo-hut-factory-1.webp","contentUrl":"https:\/\/hutfactory.com\/wp-content\/uploads\/2026\/01\/Logo-hut-factory-1.webp","width":300,"height":262,"caption":"Hut Factory"},"image":{"@id":"https:\/\/hutfactory.com\/#\/schema\/logo\/image\/"}}]}},"_links":{"self":[{"href":"https:\/\/hutfactory.com\/index.php?rest_route=\/wp\/v2\/product\/38215","targetHints":{"allow":["GET"]}}],"collection":[{"href":"https:\/\/hutfactory.com\/index.php?rest_route=\/wp\/v2\/product"}],"about":[{"href":"https:\/\/hutfactory.com\/index.php?rest_route=\/wp\/v2\/types\/product"}],"wp:featuredmedia":[{"embeddable":true,"href":"https:\/\/hutfactory.com\/index.php?rest_route=\/wp\/v2\/media\/38214"}],"wp:attachment":[{"href":"https:\/\/hutfactory.com\/index.php?rest_route=%2Fwp%2Fv2%2Fmedia&parent=38215"}],"wp:term":[{"taxonomy":"product_brand","embeddable":true,"href":"https:\/\/hutfactory.com\/index.php?rest_route=%2Fwp%2Fv2%2Fproduct_brand&post=38215"},{"taxonomy":"product_cat","embeddable":true,"href":"https:\/\/hutfactory.com\/index.php?rest_route=%2Fwp%2Fv2%2Fproduct_cat&post=38215"},{"taxonomy":"product_tag","embeddable":true,"href":"https:\/\/hutfactory.com\/index.php?rest_route=%2Fwp%2Fv2%2Fproduct_tag&post=38215"}],"curies":[{"name":"wp","href":"https:\/\/api.w.org\/{rel}","templated":true}]}}