{"id":32682,"date":"2026-03-18T17:12:29","date_gmt":"2026-03-18T17:12:29","guid":{"rendered":"https:\/\/hutfactory.com\/?product=strickmuetze-zweifarbig-mit-kunstfellbommel"},"modified":"2026-03-19T10:48:00","modified_gmt":"2026-03-19T10:48:00","slug":"strickmuetze-zweifarbig-mit-kunstfellbommel","status":"publish","type":"product","link":"https:\/\/hutfactory.com\/?product=strickmuetze-zweifarbig-mit-kunstfellbommel","title":{"rendered":"Strickm\u00fctze zweifarbig mit Kunstfellbommel"},"content":{"rendered":"<p>Dieses sorgf\u00e4ltig gefertigte Modell aus der Kategorie \u201eStrickm\u00fctze\u201c \u00fcberzeugt\u00a0Damen und Herren\u00a0durch hochwertige Materialien, pr\u00e4zise Verarbeitung und einen authentischen Look, der Funktionalit\u00e4t und Stil harmonisch miteinander verbindet. Ob im Alltag, in der Freizeit oder auf Reisen \u2013 dieses Handwerksprodukt ist vielseitig einsetzbar, angenehm in der Anwendung und ein zuverl\u00e4ssiger Begleiter in jeder Situation.<\/p>\n<p>Gefertigt wird dieses Modell von Fiebig Germany \u2013 Headwear since 1903, einem traditionsreichen Familienunternehmen aus Deutschland mit \u00fcber 120 Jahren Erfahrung in der europ\u00e4ischen Hut-, M\u00fctzen- und Kappenkultur. Die Marke steht f\u00fcr Best\u00e4ndigkeit, Qualit\u00e4t und zeitgem\u00e4\u00dfes Design und verbindet traditionelles Handwerk mit modernen Anspr\u00fcchen. Erg\u00e4nzt wird das Sortiment durch ausgew\u00e4hlte Accessoires wie Handschuhe, Schals, Ohrensch\u00fctzer und T\u00fccher.<\/p>\n<h3>Strickm\u00fctze f\u00fcr anspruchsvolle Damen und Herren, die handgefertigte Qualit\u00e4t und authentisches Handwerk sch\u00e4tzen.<\/h3>\n<h3><strong>Produkteigenschaften<\/strong><\/h3>\n<p><strong>Material:<\/strong> 80% Polyacryl, 20% Wolle<br \/>\n<strong>Gewicht:<\/strong> 107gr<br \/>\n<strong>Herstellungsland<\/strong>: PL<\/p>\n<h3><strong>Masse<\/strong><\/h3>\n<p><strong>H\u00f6he:<\/strong> 03,0cm<br \/>\n<strong>L\u00e4nge:<\/strong> 25,0cm<br \/>\n<strong>Breite:<\/strong> 20,0cm<\/p>\n","protected":false},"excerpt":{"rendered":"<p>Dieses Modell aus der Kategorie \u201eStrickm\u00fctze\u201c vereint angenehmen Tragekomfort mit zeitlosem Design, hochwertiger Verarbeitung und \u00f6kologisch hergestellten Materialien wie 80% Polyacryl und 20% Wolle. Gefertigt in PL von der Traditionsmarke Fiebig Germany \u2013 Headwear since 1903, ist dieses Produkt die ideale Wahl f\u00fcr Damen und Herren, die im Alltag und in der Freizeit stilvolle Akzente setzen m\u00f6chten.<\/p>\n","protected":false},"featured_media":32684,"template":"","meta":{"_acf_changed":false,"rs_blank_template":"","rs_page_bg_color":"","slide_template_v7":""},"product_brand":[768],"product_cat":[394,387],"product_tag":[887,981,602,603],"class_list":{"0":"post-32682","1":"product","2":"type-product","3":"status-publish","4":"has-post-thumbnail","6":"product_brand-fiebig-headweare-since-1903","7":"product_cat-strick-wintermuetzen","8":"product_cat-wintermuetzen","9":"product_tag-20-wolle","10":"product_tag-80-polyacryl","11":"product_tag-damen","12":"product_tag-herren","13":"product_shipping_class-mittlere-pakete","14":"pa_color-beige","15":"pa_color-hellblau","16":"pa_color-hellgrau","17":"pa_color-orchidee","18":"pa_color-rot","19":"pa_groesse-one-size","20":"yith_product_brand-fiebig-headweare-since-1903","23":"instock","24":"purchasable","25":"product-type-variable","26":"wvs-archive-product-wrapper","27":"add-to-wishlist-after_add_to_cart"},"acf":[],"yoast_head":"<!-- This site is optimized with the Yoast SEO Premium plugin v27.3 (Yoast SEO v27.3) - https:\/\/yoast.com\/product\/yoast-seo-premium-wordpress\/ -->\n<title>Strickm\u00fctze zweifarbig mit Kunstfellbommel<\/title>\n<meta name=\"description\" content=\"Strickm\u00fctze zweifarbig mit Kunstfellbommel in attraktiven Farben \u2013 hochwertige WINTERM\u00dcTZEN aus dem Herzen Europas, exklusiv bei Hut Factory Schweiz.\" \/>\n<meta name=\"robots\" content=\"index, follow, max-snippet:-1, max-image-preview:large, max-video-preview:-1\" \/>\n<link rel=\"canonical\" href=\"https:\/\/hutfactory.com\/?product=strickmuetze-zweifarbig-mit-kunstfellbommel\" \/>\n<meta property=\"og:locale\" content=\"de_DE\" \/>\n<meta property=\"og:type\" content=\"article\" \/>\n<meta property=\"og:title\" content=\"Strickm\u00fctze zweifarbig mit Kunstfellbommel\" \/>\n<meta property=\"og:description\" content=\"Strickm\u00fctze zweifarbig mit Kunstfellbommel in attraktiven Farben \u2013 hochwertige WINTERM\u00dcTZEN aus dem Herzen Europas, exklusiv bei Hut Factory Schweiz.\" \/>\n<meta property=\"og:url\" content=\"https:\/\/hutfactory.com\/?product=strickmuetze-zweifarbig-mit-kunstfellbommel\" \/>\n<meta property=\"og:site_name\" content=\"Hut Factory\" \/>\n<meta property=\"article:modified_time\" content=\"2026-03-19T10:48:00+00:00\" \/>\n<meta property=\"og:image\" content=\"https:\/\/hutfactory.com\/wp-content\/uploads\/2026\/03\/540020_301_gesamt_750x750.jpg\" \/>\n\t<meta property=\"og:image:width\" content=\"750\" \/>\n\t<meta property=\"og:image:height\" content=\"750\" \/>\n\t<meta property=\"og:image:type\" content=\"image\/jpeg\" \/>\n<meta name=\"twitter:card\" content=\"summary_large_image\" \/>\n<meta name=\"twitter:label1\" content=\"Gesch\u00e4tzte Lesezeit\" \/>\n\t<meta name=\"twitter:data1\" content=\"1\u00a0Minute\" \/>\n<script type=\"application\/ld+json\" class=\"yoast-schema-graph\">{\"@context\":\"https:\\\/\\\/schema.org\",\"@graph\":[{\"@type\":\"WebPage\",\"@id\":\"https:\\\/\\\/hutfactory.com\\\/?product=strickmuetze-zweifarbig-mit-kunstfellbommel\",\"url\":\"https:\\\/\\\/hutfactory.com\\\/?product=strickmuetze-zweifarbig-mit-kunstfellbommel\",\"name\":\"Strickm\u00fctze zweifarbig mit Kunstfellbommel\",\"isPartOf\":{\"@id\":\"https:\\\/\\\/hutfactory.com\\\/#website\"},\"primaryImageOfPage\":{\"@id\":\"https:\\\/\\\/hutfactory.com\\\/?product=strickmuetze-zweifarbig-mit-kunstfellbommel#primaryimage\"},\"image\":{\"@id\":\"https:\\\/\\\/hutfactory.com\\\/?product=strickmuetze-zweifarbig-mit-kunstfellbommel#primaryimage\"},\"thumbnailUrl\":\"https:\\\/\\\/hutfactory.com\\\/wp-content\\\/uploads\\\/2026\\\/03\\\/540020_301_gesamt_750x750.jpg\",\"datePublished\":\"2026-03-18T17:12:29+00:00\",\"dateModified\":\"2026-03-19T10:48:00+00:00\",\"description\":\"Strickm\u00fctze zweifarbig mit Kunstfellbommel in attraktiven Farben \u2013 hochwertige WINTERM\u00dcTZEN aus dem Herzen Europas, exklusiv bei Hut Factory Schweiz.\",\"breadcrumb\":{\"@id\":\"https:\\\/\\\/hutfactory.com\\\/?product=strickmuetze-zweifarbig-mit-kunstfellbommel#breadcrumb\"},\"inLanguage\":\"de\",\"potentialAction\":[{\"@type\":\"ReadAction\",\"target\":[\"https:\\\/\\\/hutfactory.com\\\/?product=strickmuetze-zweifarbig-mit-kunstfellbommel\"]}]},{\"@type\":\"ImageObject\",\"inLanguage\":\"de\",\"@id\":\"https:\\\/\\\/hutfactory.com\\\/?product=strickmuetze-zweifarbig-mit-kunstfellbommel#primaryimage\",\"url\":\"https:\\\/\\\/hutfactory.com\\\/wp-content\\\/uploads\\\/2026\\\/03\\\/540020_301_gesamt_750x750.jpg\",\"contentUrl\":\"https:\\\/\\\/hutfactory.com\\\/wp-content\\\/uploads\\\/2026\\\/03\\\/540020_301_gesamt_750x750.jpg\",\"width\":750,\"height\":750,\"caption\":\"Strickm\u00fctze zweifarbig mit Kunstfellbommel \u2013 hochwertige Kopfbedeckung von Fiebig bei Hut Factory Schweiz\"},{\"@type\":\"BreadcrumbList\",\"@id\":\"https:\\\/\\\/hutfactory.com\\\/?product=strickmuetze-zweifarbig-mit-kunstfellbommel#breadcrumb\",\"itemListElement\":[{\"@type\":\"ListItem\",\"position\":1,\"name\":\"Start\",\"item\":\"https:\\\/\\\/hutfactory.com\\\/\"},{\"@type\":\"ListItem\",\"position\":2,\"name\":\"Shop\",\"item\":\"https:\\\/\\\/hutfactory.com\\\/?page_id=10\"},{\"@type\":\"ListItem\",\"position\":3,\"name\":\"Strickm\u00fctze zweifarbig mit Kunstfellbommel\"}]},{\"@type\":\"WebSite\",\"@id\":\"https:\\\/\\\/hutfactory.com\\\/#website\",\"url\":\"https:\\\/\\\/hutfactory.com\\\/\",\"name\":\"Hut Factory\",\"description\":\"H\u00fcte, Kappen &amp; M\u00fctzen in Top Swiss\\\/EU Qualit\u00e4t\",\"publisher\":{\"@id\":\"https:\\\/\\\/hutfactory.com\\\/#organization\"},\"alternateName\":\"Hut Shop\",\"potentialAction\":[{\"@type\":\"SearchAction\",\"target\":{\"@type\":\"EntryPoint\",\"urlTemplate\":\"https:\\\/\\\/hutfactory.com\\\/?s={search_term_string}\"},\"query-input\":{\"@type\":\"PropertyValueSpecification\",\"valueRequired\":true,\"valueName\":\"search_term_string\"}}],\"inLanguage\":\"de\"},{\"@type\":\"Organization\",\"@id\":\"https:\\\/\\\/hutfactory.com\\\/#organization\",\"name\":\"Hut Factory\",\"url\":\"https:\\\/\\\/hutfactory.com\\\/\",\"logo\":{\"@type\":\"ImageObject\",\"inLanguage\":\"de\",\"@id\":\"https:\\\/\\\/hutfactory.com\\\/#\\\/schema\\\/logo\\\/image\\\/\",\"url\":\"https:\\\/\\\/hutfactory.com\\\/wp-content\\\/uploads\\\/2026\\\/01\\\/Logo-hut-factory-1.webp\",\"contentUrl\":\"https:\\\/\\\/hutfactory.com\\\/wp-content\\\/uploads\\\/2026\\\/01\\\/Logo-hut-factory-1.webp\",\"width\":300,\"height\":262,\"caption\":\"Hut Factory\"},\"image\":{\"@id\":\"https:\\\/\\\/hutfactory.com\\\/#\\\/schema\\\/logo\\\/image\\\/\"}}]}<\/script>\n<!-- \/ Yoast SEO Premium plugin. -->","yoast_head_json":{"title":"Strickm\u00fctze zweifarbig mit Kunstfellbommel","description":"Strickm\u00fctze zweifarbig mit Kunstfellbommel in attraktiven Farben \u2013 hochwertige WINTERM\u00dcTZEN aus dem Herzen Europas, exklusiv bei Hut Factory Schweiz.","robots":{"index":"index","follow":"follow","max-snippet":"max-snippet:-1","max-image-preview":"max-image-preview:large","max-video-preview":"max-video-preview:-1"},"canonical":"https:\/\/hutfactory.com\/?product=strickmuetze-zweifarbig-mit-kunstfellbommel","og_locale":"de_DE","og_type":"article","og_title":"Strickm\u00fctze zweifarbig mit Kunstfellbommel","og_description":"Strickm\u00fctze zweifarbig mit Kunstfellbommel in attraktiven Farben \u2013 hochwertige WINTERM\u00dcTZEN aus dem Herzen Europas, exklusiv bei Hut Factory Schweiz.","og_url":"https:\/\/hutfactory.com\/?product=strickmuetze-zweifarbig-mit-kunstfellbommel","og_site_name":"Hut Factory","article_modified_time":"2026-03-19T10:48:00+00:00","og_image":[{"width":750,"height":750,"url":"https:\/\/hutfactory.com\/wp-content\/uploads\/2026\/03\/540020_301_gesamt_750x750.jpg","type":"image\/jpeg"}],"twitter_card":"summary_large_image","twitter_misc":{"Gesch\u00e4tzte Lesezeit":"1\u00a0Minute"},"schema":{"@context":"https:\/\/schema.org","@graph":[{"@type":"WebPage","@id":"https:\/\/hutfactory.com\/?product=strickmuetze-zweifarbig-mit-kunstfellbommel","url":"https:\/\/hutfactory.com\/?product=strickmuetze-zweifarbig-mit-kunstfellbommel","name":"Strickm\u00fctze zweifarbig mit Kunstfellbommel","isPartOf":{"@id":"https:\/\/hutfactory.com\/#website"},"primaryImageOfPage":{"@id":"https:\/\/hutfactory.com\/?product=strickmuetze-zweifarbig-mit-kunstfellbommel#primaryimage"},"image":{"@id":"https:\/\/hutfactory.com\/?product=strickmuetze-zweifarbig-mit-kunstfellbommel#primaryimage"},"thumbnailUrl":"https:\/\/hutfactory.com\/wp-content\/uploads\/2026\/03\/540020_301_gesamt_750x750.jpg","datePublished":"2026-03-18T17:12:29+00:00","dateModified":"2026-03-19T10:48:00+00:00","description":"Strickm\u00fctze zweifarbig mit Kunstfellbommel in attraktiven Farben \u2013 hochwertige WINTERM\u00dcTZEN aus dem Herzen Europas, exklusiv bei Hut Factory Schweiz.","breadcrumb":{"@id":"https:\/\/hutfactory.com\/?product=strickmuetze-zweifarbig-mit-kunstfellbommel#breadcrumb"},"inLanguage":"de","potentialAction":[{"@type":"ReadAction","target":["https:\/\/hutfactory.com\/?product=strickmuetze-zweifarbig-mit-kunstfellbommel"]}]},{"@type":"ImageObject","inLanguage":"de","@id":"https:\/\/hutfactory.com\/?product=strickmuetze-zweifarbig-mit-kunstfellbommel#primaryimage","url":"https:\/\/hutfactory.com\/wp-content\/uploads\/2026\/03\/540020_301_gesamt_750x750.jpg","contentUrl":"https:\/\/hutfactory.com\/wp-content\/uploads\/2026\/03\/540020_301_gesamt_750x750.jpg","width":750,"height":750,"caption":"Strickm\u00fctze zweifarbig mit Kunstfellbommel \u2013 hochwertige Kopfbedeckung von Fiebig bei Hut Factory Schweiz"},{"@type":"BreadcrumbList","@id":"https:\/\/hutfactory.com\/?product=strickmuetze-zweifarbig-mit-kunstfellbommel#breadcrumb","itemListElement":[{"@type":"ListItem","position":1,"name":"Start","item":"https:\/\/hutfactory.com\/"},{"@type":"ListItem","position":2,"name":"Shop","item":"https:\/\/hutfactory.com\/?page_id=10"},{"@type":"ListItem","position":3,"name":"Strickm\u00fctze zweifarbig mit Kunstfellbommel"}]},{"@type":"WebSite","@id":"https:\/\/hutfactory.com\/#website","url":"https:\/\/hutfactory.com\/","name":"Hut Factory","description":"H\u00fcte, Kappen &amp; M\u00fctzen in Top Swiss\/EU Qualit\u00e4t","publisher":{"@id":"https:\/\/hutfactory.com\/#organization"},"alternateName":"Hut Shop","potentialAction":[{"@type":"SearchAction","target":{"@type":"EntryPoint","urlTemplate":"https:\/\/hutfactory.com\/?s={search_term_string}"},"query-input":{"@type":"PropertyValueSpecification","valueRequired":true,"valueName":"search_term_string"}}],"inLanguage":"de"},{"@type":"Organization","@id":"https:\/\/hutfactory.com\/#organization","name":"Hut Factory","url":"https:\/\/hutfactory.com\/","logo":{"@type":"ImageObject","inLanguage":"de","@id":"https:\/\/hutfactory.com\/#\/schema\/logo\/image\/","url":"https:\/\/hutfactory.com\/wp-content\/uploads\/2026\/01\/Logo-hut-factory-1.webp","contentUrl":"https:\/\/hutfactory.com\/wp-content\/uploads\/2026\/01\/Logo-hut-factory-1.webp","width":300,"height":262,"caption":"Hut Factory"},"image":{"@id":"https:\/\/hutfactory.com\/#\/schema\/logo\/image\/"}}]}},"_links":{"self":[{"href":"https:\/\/hutfactory.com\/index.php?rest_route=\/wp\/v2\/product\/32682","targetHints":{"allow":["GET"]}}],"collection":[{"href":"https:\/\/hutfactory.com\/index.php?rest_route=\/wp\/v2\/product"}],"about":[{"href":"https:\/\/hutfactory.com\/index.php?rest_route=\/wp\/v2\/types\/product"}],"wp:featuredmedia":[{"embeddable":true,"href":"https:\/\/hutfactory.com\/index.php?rest_route=\/wp\/v2\/media\/32684"}],"wp:attachment":[{"href":"https:\/\/hutfactory.com\/index.php?rest_route=%2Fwp%2Fv2%2Fmedia&parent=32682"}],"wp:term":[{"taxonomy":"product_brand","embeddable":true,"href":"https:\/\/hutfactory.com\/index.php?rest_route=%2Fwp%2Fv2%2Fproduct_brand&post=32682"},{"taxonomy":"product_cat","embeddable":true,"href":"https:\/\/hutfactory.com\/index.php?rest_route=%2Fwp%2Fv2%2Fproduct_cat&post=32682"},{"taxonomy":"product_tag","embeddable":true,"href":"https:\/\/hutfactory.com\/index.php?rest_route=%2Fwp%2Fv2%2Fproduct_tag&post=32682"}],"curies":[{"name":"wp","href":"https:\/\/api.w.org\/{rel}","templated":true}]}}