{"id":20639,"date":"2026-03-10T13:32:27","date_gmt":"2026-03-10T13:32:27","guid":{"rendered":"https:\/\/hutfactory.com\/?product=hutclip-praktische-hutbefestigung"},"modified":"2026-03-11T13:59:44","modified_gmt":"2026-03-11T13:59:44","slug":"hutclip-praktische-hutbefestigung","status":"publish","type":"product","link":"https:\/\/hutfactory.com\/?product=hutclip-praktische-hutbefestigung","title":{"rendered":"Hutclip &#8211; praktische Hutbefestigung"},"content":{"rendered":"<h3 data-start=\"0\" data-end=\"78\">Magnetischer Leder-Hutclip f\u00fcr stilvolle Hutaufbewahrung unterwegs<\/h3>\n<p data-start=\"80\" data-end=\"468\"><strong data-start=\"80\" data-end=\"111\">Praktisch, stilvoll, smart:<\/strong> Der <em data-start=\"116\" data-end=\"198\">Hutclip \u2013 praktische Hutbefestigung an Tasche oder Rucksack mit starken Magneten<\/em> ist die clevere L\u00f6sung f\u00fcr unterwegs. Ob am City-Rucksack oder an der edlen Handtasche \u2013 mit wenigen Handgriffen ist Ihr Lieblingshut sicher befestigt. Die diskreten, aber kraftvollen Magnete halten Ihre Kopfbedeckung zuverl\u00e4ssig fest, ohne das Material zu besch\u00e4digen.<\/p>\n<p data-start=\"470\" data-end=\"830\">Gefertigt aus hochwertigem, costa-ricanischem Rindsleder, vereint dieser stilvolle Clip Handwerkskunst und Funktionalit\u00e4t. Die Verarbeitung in kleinen Familienbetrieben garantiert nicht nur Qualit\u00e4t, sondern auch faire, nachhaltige Produktionsbedingungen. Der Clip ist in drei edlen Farben erh\u00e4ltlich \u2013 Bordeaux, Natur und Schwarz \u2013 und passt so zu jedem Look.<\/p>\n<p data-start=\"832\" data-end=\"923\">Ideal f\u00fcr Reisen, Spazierg\u00e4nge oder Festivals \u2013 ein kleines Accessoire mit gro\u00dfer Wirkung.<\/p>\n<p data-start=\"925\" data-end=\"944\"><strong data-start=\"925\" data-end=\"944\">Perfekt f\u00fcr\u2026  <\/strong><\/p>\n<p data-start=\"946\" data-end=\"1302\"><strong data-start=\"946\" data-end=\"973\">\u2600\ufe0f Sommerliche Anl\u00e4sse:<\/strong> Ob beim Stadtbummel oder Ausflug aufs Land \u2013 der Hutclip ist ein praktischer Begleiter f\u00fcr sonnige Abenteuer.<br data-start=\"1083\" data-end=\"1086\" \/><strong data-start=\"1086\" data-end=\"1107\">  Urbane Events:<\/strong> Wer auf modische Ordnung setzt, wird dieses stilvolle Accessoire lieben.<br data-start=\"1180\" data-end=\"1183\" \/><strong data-start=\"1183\" data-end=\"1213\">  Natur- und Modebewusst:<\/strong> Mit Liebe und Sorgfalt in Costa Rica gefertigt \u2013 ein Produkt mit Verantwortung und Stil.<\/p>\n<div class=\"hf-accordions\">\n<hr class=\"hf-accordion-separator\" \/>\n<details class=\"hf-accordion\">\n<summary><strong>\u25b6\ufe0f Gut zu wissen \u2013 mehr erfahren<\/strong><\/summary>\n<div class=\"hf-accordion-content\"><\/div>\n<\/details>\n<details class=\"hf-accordion\">\n<summary><strong>\u25b6\ufe0f FAQ \u2013 H\u00e4ufige Fragen<\/strong><\/summary>\n<div class=\"hf-accordion-content\"><\/div>\n<\/details>\n<\/div>\n","protected":false},"excerpt":{"rendered":"<h3>Praktische Hutbefestigung f\u00fcr unterwegs<\/h3>\n<p>Der praktische Hutclip ist die perfekte L\u00f6sung, um Ihren Hut sicher an der Tasche oder Rucksack zu befestigen, wenn Sie ihn gerade nicht tragen m\u00f6chten. Durch das durchdachte Design mit starken Magnetverschluss k\u00f6nnen Sie Ihre Hutkrempe ganz einfach zwischen zwei Lederlaschen einklemmen und den Clip mithilfe des runden Karabiners an Ihrem Taschenhenkel, Rucksack, G\u00fcrtel oder der Kopfst\u00fctze im Auto befestigen. So bleibt Ihr Hut stets in Form und ist jederzeit griffbereit.<\/p>\n<p>*** wegen hoher Nachfrage schnell ausverkauft! Bestellen Sie jetzt vor, damit wir bei der n\u00e4chste Lieferung gleich Ihre Wunschfarbe reservieren k\u00f6nnen!\u00a0 ***<\/p>\n<p>\u00a0<\/p>\n","protected":false},"featured_media":20641,"template":"","meta":{"_acf_changed":false,"rs_blank_template":"","rs_page_bg_color":"","slide_template_v7":""},"product_brand":[250],"product_cat":[595,596,495,257],"product_tag":[],"class_list":{"0":"post-20639","1":"product","2":"type-product","3":"status-publish","4":"has-post-thumbnail","6":"product_brand-risa-hutwerkstatt-schweiz","7":"product_cat-accessoires-zubehoer","8":"product_cat-hut-zubehoer","9":"product_cat-westernhut-zubehoer-custom-made","10":"product_cat-westernhuete","11":"product_shipping_class-mittlere-pakete","12":"pa_color-bordeaux","13":"pa_color-natur","14":"pa_color-schwarz","15":"yith_product_brand-risa-hutwerkstatt-schweiz","18":"instock","19":"taxable","20":"shipping-taxable","21":"purchasable","22":"product-type-variable","23":"wvs-archive-product-wrapper","24":"add-to-wishlist-after_add_to_cart"},"acf":[],"yoast_head":"<!-- This site is optimized with the Yoast SEO Premium plugin v27.3 (Yoast SEO v27.3) - https:\/\/yoast.com\/product\/yoast-seo-premium-wordpress\/ -->\n<title>Hutclip - um Ihren Hut sicher zu befestigen<\/title>\n<meta name=\"description\" content=\"Der Hutclip ist das perfekte Accessoire um den Hut an der Handtasche oder dem Rucksack mit festen Magneten zu befestigen.\" \/>\n<meta name=\"robots\" content=\"index, follow, max-snippet:-1, max-image-preview:large, max-video-preview:-1\" \/>\n<link rel=\"canonical\" href=\"https:\/\/hutfactory.com\/?product=hutclip-praktische-hutbefestigung\" \/>\n<meta property=\"og:locale\" content=\"de_DE\" \/>\n<meta property=\"og:type\" content=\"article\" \/>\n<meta property=\"og:title\" content=\"Hutclip - praktische Hutbefestigung\" \/>\n<meta property=\"og:description\" content=\"Der Hutclip ist das perfekte Accessoire um den Hut an der Handtasche oder dem Rucksack mit festen Magneten zu befestigen.\" \/>\n<meta property=\"og:url\" content=\"https:\/\/hutfactory.com\/?product=hutclip-praktische-hutbefestigung\" \/>\n<meta property=\"og:site_name\" content=\"Hut Factory\" \/>\n<meta property=\"article:modified_time\" content=\"2026-03-11T13:59:44+00:00\" \/>\n<meta property=\"og:image\" content=\"https:\/\/hutfactory.com\/wp-content\/uploads\/2026\/03\/Hutclip-4.webp\" \/>\n\t<meta property=\"og:image:width\" content=\"750\" \/>\n\t<meta property=\"og:image:height\" content=\"750\" \/>\n\t<meta property=\"og:image:type\" content=\"image\/webp\" \/>\n<meta name=\"twitter:card\" content=\"summary_large_image\" \/>\n<meta name=\"twitter:label1\" content=\"Gesch\u00e4tzte Lesezeit\" \/>\n\t<meta name=\"twitter:data1\" content=\"1\u00a0Minute\" \/>\n<script type=\"application\/ld+json\" class=\"yoast-schema-graph\">{\"@context\":\"https:\\\/\\\/schema.org\",\"@graph\":[{\"@type\":\"WebPage\",\"@id\":\"https:\\\/\\\/hutfactory.com\\\/?product=hutclip-praktische-hutbefestigung\",\"url\":\"https:\\\/\\\/hutfactory.com\\\/?product=hutclip-praktische-hutbefestigung\",\"name\":\"Hutclip - um Ihren Hut sicher zu befestigen\",\"isPartOf\":{\"@id\":\"https:\\\/\\\/hutfactory.com\\\/#website\"},\"primaryImageOfPage\":{\"@id\":\"https:\\\/\\\/hutfactory.com\\\/?product=hutclip-praktische-hutbefestigung#primaryimage\"},\"image\":{\"@id\":\"https:\\\/\\\/hutfactory.com\\\/?product=hutclip-praktische-hutbefestigung#primaryimage\"},\"thumbnailUrl\":\"https:\\\/\\\/hutfactory.com\\\/wp-content\\\/uploads\\\/2026\\\/03\\\/Hutclip-4.webp\",\"datePublished\":\"2026-03-10T13:32:27+00:00\",\"dateModified\":\"2026-03-11T13:59:44+00:00\",\"description\":\"Der Hutclip ist das perfekte Accessoire um den Hut an der Handtasche oder dem Rucksack mit festen Magneten zu befestigen.\",\"breadcrumb\":{\"@id\":\"https:\\\/\\\/hutfactory.com\\\/?product=hutclip-praktische-hutbefestigung#breadcrumb\"},\"inLanguage\":\"de\",\"potentialAction\":[{\"@type\":\"ReadAction\",\"target\":[\"https:\\\/\\\/hutfactory.com\\\/?product=hutclip-praktische-hutbefestigung\"]}]},{\"@type\":\"ImageObject\",\"inLanguage\":\"de\",\"@id\":\"https:\\\/\\\/hutfactory.com\\\/?product=hutclip-praktische-hutbefestigung#primaryimage\",\"url\":\"https:\\\/\\\/hutfactory.com\\\/wp-content\\\/uploads\\\/2026\\\/03\\\/Hutclip-4.webp\",\"contentUrl\":\"https:\\\/\\\/hutfactory.com\\\/wp-content\\\/uploads\\\/2026\\\/03\\\/Hutclip-4.webp\",\"width\":750,\"height\":750,\"caption\":\"um H\u00fcte sicher und stilvoll an Taschen oder Rucks\u00e4cken zu befestigen. Dank starker Magnete l\u00e4sst sich der Clip einfach handhaben und sch\u00fctzt Ihre Kopfbedeckung unterwegs. In den Farben Bordeaux\"},{\"@type\":\"BreadcrumbList\",\"@id\":\"https:\\\/\\\/hutfactory.com\\\/?product=hutclip-praktische-hutbefestigung#breadcrumb\",\"itemListElement\":[{\"@type\":\"ListItem\",\"position\":1,\"name\":\"Start\",\"item\":\"https:\\\/\\\/hutfactory.com\\\/\"},{\"@type\":\"ListItem\",\"position\":2,\"name\":\"Shop\",\"item\":\"https:\\\/\\\/hutfactory.com\\\/?page_id=10\"},{\"@type\":\"ListItem\",\"position\":3,\"name\":\"Hutclip &#8211; praktische Hutbefestigung\"}]},{\"@type\":\"WebSite\",\"@id\":\"https:\\\/\\\/hutfactory.com\\\/#website\",\"url\":\"https:\\\/\\\/hutfactory.com\\\/\",\"name\":\"Hut Factory\",\"description\":\"H\u00fcte, Kappen &amp; M\u00fctzen in Top Swiss\\\/EU Qualit\u00e4t\",\"publisher\":{\"@id\":\"https:\\\/\\\/hutfactory.com\\\/#organization\"},\"alternateName\":\"Hut Shop\",\"potentialAction\":[{\"@type\":\"SearchAction\",\"target\":{\"@type\":\"EntryPoint\",\"urlTemplate\":\"https:\\\/\\\/hutfactory.com\\\/?s={search_term_string}\"},\"query-input\":{\"@type\":\"PropertyValueSpecification\",\"valueRequired\":true,\"valueName\":\"search_term_string\"}}],\"inLanguage\":\"de\"},{\"@type\":\"Organization\",\"@id\":\"https:\\\/\\\/hutfactory.com\\\/#organization\",\"name\":\"Hut Factory\",\"url\":\"https:\\\/\\\/hutfactory.com\\\/\",\"logo\":{\"@type\":\"ImageObject\",\"inLanguage\":\"de\",\"@id\":\"https:\\\/\\\/hutfactory.com\\\/#\\\/schema\\\/logo\\\/image\\\/\",\"url\":\"https:\\\/\\\/hutfactory.com\\\/wp-content\\\/uploads\\\/2026\\\/01\\\/Logo-hut-factory-1.webp\",\"contentUrl\":\"https:\\\/\\\/hutfactory.com\\\/wp-content\\\/uploads\\\/2026\\\/01\\\/Logo-hut-factory-1.webp\",\"width\":300,\"height\":262,\"caption\":\"Hut Factory\"},\"image\":{\"@id\":\"https:\\\/\\\/hutfactory.com\\\/#\\\/schema\\\/logo\\\/image\\\/\"}}]}<\/script>\n<!-- \/ Yoast SEO Premium plugin. -->","yoast_head_json":{"title":"Hutclip - um Ihren Hut sicher zu befestigen","description":"Der Hutclip ist das perfekte Accessoire um den Hut an der Handtasche oder dem Rucksack mit festen Magneten zu befestigen.","robots":{"index":"index","follow":"follow","max-snippet":"max-snippet:-1","max-image-preview":"max-image-preview:large","max-video-preview":"max-video-preview:-1"},"canonical":"https:\/\/hutfactory.com\/?product=hutclip-praktische-hutbefestigung","og_locale":"de_DE","og_type":"article","og_title":"Hutclip - praktische Hutbefestigung","og_description":"Der Hutclip ist das perfekte Accessoire um den Hut an der Handtasche oder dem Rucksack mit festen Magneten zu befestigen.","og_url":"https:\/\/hutfactory.com\/?product=hutclip-praktische-hutbefestigung","og_site_name":"Hut Factory","article_modified_time":"2026-03-11T13:59:44+00:00","og_image":[{"width":750,"height":750,"url":"https:\/\/hutfactory.com\/wp-content\/uploads\/2026\/03\/Hutclip-4.webp","type":"image\/webp"}],"twitter_card":"summary_large_image","twitter_misc":{"Gesch\u00e4tzte Lesezeit":"1\u00a0Minute"},"schema":{"@context":"https:\/\/schema.org","@graph":[{"@type":"WebPage","@id":"https:\/\/hutfactory.com\/?product=hutclip-praktische-hutbefestigung","url":"https:\/\/hutfactory.com\/?product=hutclip-praktische-hutbefestigung","name":"Hutclip - um Ihren Hut sicher zu befestigen","isPartOf":{"@id":"https:\/\/hutfactory.com\/#website"},"primaryImageOfPage":{"@id":"https:\/\/hutfactory.com\/?product=hutclip-praktische-hutbefestigung#primaryimage"},"image":{"@id":"https:\/\/hutfactory.com\/?product=hutclip-praktische-hutbefestigung#primaryimage"},"thumbnailUrl":"https:\/\/hutfactory.com\/wp-content\/uploads\/2026\/03\/Hutclip-4.webp","datePublished":"2026-03-10T13:32:27+00:00","dateModified":"2026-03-11T13:59:44+00:00","description":"Der Hutclip ist das perfekte Accessoire um den Hut an der Handtasche oder dem Rucksack mit festen Magneten zu befestigen.","breadcrumb":{"@id":"https:\/\/hutfactory.com\/?product=hutclip-praktische-hutbefestigung#breadcrumb"},"inLanguage":"de","potentialAction":[{"@type":"ReadAction","target":["https:\/\/hutfactory.com\/?product=hutclip-praktische-hutbefestigung"]}]},{"@type":"ImageObject","inLanguage":"de","@id":"https:\/\/hutfactory.com\/?product=hutclip-praktische-hutbefestigung#primaryimage","url":"https:\/\/hutfactory.com\/wp-content\/uploads\/2026\/03\/Hutclip-4.webp","contentUrl":"https:\/\/hutfactory.com\/wp-content\/uploads\/2026\/03\/Hutclip-4.webp","width":750,"height":750,"caption":"um H\u00fcte sicher und stilvoll an Taschen oder Rucks\u00e4cken zu befestigen. Dank starker Magnete l\u00e4sst sich der Clip einfach handhaben und sch\u00fctzt Ihre Kopfbedeckung unterwegs. In den Farben Bordeaux"},{"@type":"BreadcrumbList","@id":"https:\/\/hutfactory.com\/?product=hutclip-praktische-hutbefestigung#breadcrumb","itemListElement":[{"@type":"ListItem","position":1,"name":"Start","item":"https:\/\/hutfactory.com\/"},{"@type":"ListItem","position":2,"name":"Shop","item":"https:\/\/hutfactory.com\/?page_id=10"},{"@type":"ListItem","position":3,"name":"Hutclip &#8211; praktische Hutbefestigung"}]},{"@type":"WebSite","@id":"https:\/\/hutfactory.com\/#website","url":"https:\/\/hutfactory.com\/","name":"Hut Factory","description":"H\u00fcte, Kappen &amp; M\u00fctzen in Top Swiss\/EU Qualit\u00e4t","publisher":{"@id":"https:\/\/hutfactory.com\/#organization"},"alternateName":"Hut Shop","potentialAction":[{"@type":"SearchAction","target":{"@type":"EntryPoint","urlTemplate":"https:\/\/hutfactory.com\/?s={search_term_string}"},"query-input":{"@type":"PropertyValueSpecification","valueRequired":true,"valueName":"search_term_string"}}],"inLanguage":"de"},{"@type":"Organization","@id":"https:\/\/hutfactory.com\/#organization","name":"Hut Factory","url":"https:\/\/hutfactory.com\/","logo":{"@type":"ImageObject","inLanguage":"de","@id":"https:\/\/hutfactory.com\/#\/schema\/logo\/image\/","url":"https:\/\/hutfactory.com\/wp-content\/uploads\/2026\/01\/Logo-hut-factory-1.webp","contentUrl":"https:\/\/hutfactory.com\/wp-content\/uploads\/2026\/01\/Logo-hut-factory-1.webp","width":300,"height":262,"caption":"Hut Factory"},"image":{"@id":"https:\/\/hutfactory.com\/#\/schema\/logo\/image\/"}}]}},"_links":{"self":[{"href":"https:\/\/hutfactory.com\/index.php?rest_route=\/wp\/v2\/product\/20639","targetHints":{"allow":["GET"]}}],"collection":[{"href":"https:\/\/hutfactory.com\/index.php?rest_route=\/wp\/v2\/product"}],"about":[{"href":"https:\/\/hutfactory.com\/index.php?rest_route=\/wp\/v2\/types\/product"}],"wp:featuredmedia":[{"embeddable":true,"href":"https:\/\/hutfactory.com\/index.php?rest_route=\/wp\/v2\/media\/20641"}],"wp:attachment":[{"href":"https:\/\/hutfactory.com\/index.php?rest_route=%2Fwp%2Fv2%2Fmedia&parent=20639"}],"wp:term":[{"taxonomy":"product_brand","embeddable":true,"href":"https:\/\/hutfactory.com\/index.php?rest_route=%2Fwp%2Fv2%2Fproduct_brand&post=20639"},{"taxonomy":"product_cat","embeddable":true,"href":"https:\/\/hutfactory.com\/index.php?rest_route=%2Fwp%2Fv2%2Fproduct_cat&post=20639"},{"taxonomy":"product_tag","embeddable":true,"href":"https:\/\/hutfactory.com\/index.php?rest_route=%2Fwp%2Fv2%2Fproduct_tag&post=20639"}],"curies":[{"name":"wp","href":"https:\/\/api.w.org\/{rel}","templated":true}]}}