{"id":20631,"date":"2026-03-10T13:32:27","date_gmt":"2026-03-10T13:32:27","guid":{"rendered":"https:\/\/hutfactory.com\/?product=hut-innenfutter-in-sechs-farben"},"modified":"2026-03-11T13:59:44","modified_gmt":"2026-03-11T13:59:44","slug":"hut-innenfutter-in-sechs-farben","status":"publish","type":"product","link":"https:\/\/hutfactory.com\/?product=hut-innenfutter-in-sechs-farben","title":{"rendered":"Hut Innenfutter in sechs Farben"},"content":{"rendered":"<p>Wir bieten Ihnen die M\u00f6glichkeit, Ihrem Hutmodell eine individuelle Note zu verleihen und den Tragekomfort zu erh\u00f6hen &#8211; mit einem passgenauen Hut Innenfutter aus zartgl\u00e4nzendem Satin. Unsere Innenfutter sind exakt auf Ihren Hut geformt und gen\u00e4ht, um eine perfekte Passform zu gew\u00e4hrleisten. Verziert mit einer kleinen Masche, wird Ihr Hut zu einem echten Hingucker!<\/p>\n<p>Ein Hut Innenfutter, auch als (Innen)Futter bezeichnet, ist das Gewebe, das im Inneren der M\u00fctze oder des Hutes befestigt ist, um den Tragekomfort zu erh\u00f6hen. Es kann w\u00e4rmend, k\u00fchlend oder regulierend ausger\u00fcstet sein und besteht aus verschiedensten Materialien. Unser Innenfutter besteht aus 100% Viskose und ist in den Farben Schwarz, Elfenbein, Bordeaux, Silber, Rot und Silbersterne erh\u00e4ltlich.<\/p>\n<p>Bitte beachten Sie, dass Naturseide m\u00f6glich ist, aber nicht ratsam. Wir empfehlen die Verwendung von Viskose, um eine optimale Haltbarkeit und Formstabilit\u00e4t des Innenfutters zu gew\u00e4hrleisten.<\/p>\n<p>Unsere Hut Innenfutter werden von der renommierten Risa Hutwerkstatt in der Schweiz hergestellt und sind ein unverzichtbares Accessoire f\u00fcr jeden Hutliebhaber. <strong>Bitte beachten Sie, dass das Innenfutter nur in Verbindung mit einer Hutbestellung geliefert wird.<\/strong><\/p>\n<p>Verleihen Sie Ihrem Hutmodell eine individuelle Note und erh\u00f6hen Sie den Tragekomfort mit unserem passgenauen Innenfutter aus zartgl\u00e4nzendem Satin. Entscheiden Sie sich jetzt f\u00fcr ein Innenfutter von h\u00f6chster Qualit\u00e4t und investieren Sie in den langfristigen Erhalt Ihres wertvollen Hutes!<\/p>\n<p>\u00a0<\/p>\n<div class=\"hf-accordions\">\n<hr class=\"hf-accordion-separator\" \/>\n<details class=\"hf-accordion\">\n<summary><strong>\u25b6\ufe0f Gut zu wissen \u2013 mehr erfahren<\/strong><\/summary>\n<div class=\"hf-accordion-content\"><\/div>\n<\/details>\n<details class=\"hf-accordion\">\n<summary><strong>\u25b6\ufe0f FAQ \u2013 H\u00e4ufige Fragen<\/strong><\/summary>\n<div class=\"hf-accordion-content\"><\/div>\n<\/details>\n<\/div>\n","protected":false},"excerpt":{"rendered":"<p>Unsere Innenfutter sind exakt auf Ihren Hut geformt und gen\u00e4ht, um eine perfekte Passform zu gew\u00e4hrleisten. Verziert mit einer kleinen Masche, wird Ihr Hut zu einem echten Hingucker!<\/p>\n<p>\u00a0<\/p>\n","protected":false},"featured_media":20633,"template":"","meta":{"_acf_changed":false,"rs_blank_template":"","rs_page_bg_color":"","slide_template_v7":""},"product_brand":[250],"product_cat":[595,596,495,257],"product_tag":[],"class_list":{"0":"post-20631","1":"product","2":"type-product","3":"status-publish","4":"has-post-thumbnail","6":"product_brand-risa-hutwerkstatt-schweiz","7":"product_cat-accessoires-zubehoer","8":"product_cat-hut-zubehoer","9":"product_cat-westernhut-zubehoer-custom-made","10":"product_cat-westernhuete","11":"pa_groesse-one-size","12":"yith_product_brand-risa-hutwerkstatt-schweiz","15":"instock","16":"taxable","17":"shipping-taxable","18":"purchasable","19":"product-type-variable","20":"wvs-archive-product-wrapper","21":"add-to-wishlist-after_add_to_cart"},"acf":[],"yoast_head":"<!-- This site is optimized with the Yoast SEO Premium plugin v27.3 (Yoast SEO v27.3) - https:\/\/yoast.com\/product\/yoast-seo-premium-wordpress\/ -->\n<title>Passgenaues Hut Innenfutter aus zartgl\u00e4nzendem Satin (6 Farben)<\/title>\n<meta name=\"description\" content=\"Wir bieten Ihnen die M\u00f6glichkeit, Ihrem Hutmodell eine individuelle Note zu verleihen und den Tragekomfort zu erh\u00f6hen - mit dem passgenauen Hut Innenfutter.\" \/>\n<meta name=\"robots\" content=\"index, follow, max-snippet:-1, max-image-preview:large, max-video-preview:-1\" \/>\n<link rel=\"canonical\" href=\"https:\/\/hutfactory.com\/?product=hut-innenfutter-in-sechs-farben\" \/>\n<meta property=\"og:locale\" content=\"de_DE\" \/>\n<meta property=\"og:type\" content=\"article\" \/>\n<meta property=\"og:title\" content=\"Hut Innenfutter in sechs Farben\" \/>\n<meta property=\"og:description\" content=\"Wir bieten Ihnen die M\u00f6glichkeit, Ihrem Hutmodell eine individuelle Note zu verleihen und den Tragekomfort zu erh\u00f6hen - mit dem passgenauen Hut Innenfutter.\" \/>\n<meta property=\"og:url\" content=\"https:\/\/hutfactory.com\/?product=hut-innenfutter-in-sechs-farben\" \/>\n<meta property=\"og:site_name\" content=\"Hut Factory\" \/>\n<meta property=\"article:modified_time\" content=\"2026-03-11T13:59:44+00:00\" \/>\n<meta property=\"og:image\" content=\"https:\/\/hutfactory.com\/wp-content\/uploads\/2026\/03\/Innenhut-2.png\" \/>\n\t<meta property=\"og:image:width\" content=\"960\" \/>\n\t<meta property=\"og:image:height\" content=\"720\" \/>\n\t<meta property=\"og:image:type\" content=\"image\/png\" \/>\n<meta name=\"twitter:card\" content=\"summary_large_image\" \/>\n<meta name=\"twitter:label1\" content=\"Gesch\u00e4tzte Lesezeit\" \/>\n\t<meta name=\"twitter:data1\" content=\"1\u00a0Minute\" \/>\n<script type=\"application\/ld+json\" class=\"yoast-schema-graph\">{\"@context\":\"https:\\\/\\\/schema.org\",\"@graph\":[{\"@type\":\"WebPage\",\"@id\":\"https:\\\/\\\/hutfactory.com\\\/?product=hut-innenfutter-in-sechs-farben\",\"url\":\"https:\\\/\\\/hutfactory.com\\\/?product=hut-innenfutter-in-sechs-farben\",\"name\":\"Passgenaues Hut Innenfutter aus zartgl\u00e4nzendem Satin (6 Farben)\",\"isPartOf\":{\"@id\":\"https:\\\/\\\/hutfactory.com\\\/#website\"},\"primaryImageOfPage\":{\"@id\":\"https:\\\/\\\/hutfactory.com\\\/?product=hut-innenfutter-in-sechs-farben#primaryimage\"},\"image\":{\"@id\":\"https:\\\/\\\/hutfactory.com\\\/?product=hut-innenfutter-in-sechs-farben#primaryimage\"},\"thumbnailUrl\":\"https:\\\/\\\/hutfactory.com\\\/wp-content\\\/uploads\\\/2026\\\/03\\\/Innenhut-2.png\",\"datePublished\":\"2026-03-10T13:32:27+00:00\",\"dateModified\":\"2026-03-11T13:59:44+00:00\",\"description\":\"Wir bieten Ihnen die M\u00f6glichkeit, Ihrem Hutmodell eine individuelle Note zu verleihen und den Tragekomfort zu erh\u00f6hen - mit dem passgenauen Hut Innenfutter.\",\"breadcrumb\":{\"@id\":\"https:\\\/\\\/hutfactory.com\\\/?product=hut-innenfutter-in-sechs-farben#breadcrumb\"},\"inLanguage\":\"de\",\"potentialAction\":[{\"@type\":\"ReadAction\",\"target\":[\"https:\\\/\\\/hutfactory.com\\\/?product=hut-innenfutter-in-sechs-farben\"]}]},{\"@type\":\"ImageObject\",\"inLanguage\":\"de\",\"@id\":\"https:\\\/\\\/hutfactory.com\\\/?product=hut-innenfutter-in-sechs-farben#primaryimage\",\"url\":\"https:\\\/\\\/hutfactory.com\\\/wp-content\\\/uploads\\\/2026\\\/03\\\/Innenhut-2.png\",\"contentUrl\":\"https:\\\/\\\/hutfactory.com\\\/wp-content\\\/uploads\\\/2026\\\/03\\\/Innenhut-2.png\",\"width\":960,\"height\":720,\"caption\":\"||||\"},{\"@type\":\"BreadcrumbList\",\"@id\":\"https:\\\/\\\/hutfactory.com\\\/?product=hut-innenfutter-in-sechs-farben#breadcrumb\",\"itemListElement\":[{\"@type\":\"ListItem\",\"position\":1,\"name\":\"Start\",\"item\":\"https:\\\/\\\/hutfactory.com\\\/\"},{\"@type\":\"ListItem\",\"position\":2,\"name\":\"Shop\",\"item\":\"https:\\\/\\\/hutfactory.com\\\/?page_id=10\"},{\"@type\":\"ListItem\",\"position\":3,\"name\":\"Hut Innenfutter in sechs Farben\"}]},{\"@type\":\"WebSite\",\"@id\":\"https:\\\/\\\/hutfactory.com\\\/#website\",\"url\":\"https:\\\/\\\/hutfactory.com\\\/\",\"name\":\"Hut Factory\",\"description\":\"H\u00fcte, Kappen &amp; M\u00fctzen in Top Swiss\\\/EU Qualit\u00e4t\",\"publisher\":{\"@id\":\"https:\\\/\\\/hutfactory.com\\\/#organization\"},\"alternateName\":\"Hut Shop\",\"potentialAction\":[{\"@type\":\"SearchAction\",\"target\":{\"@type\":\"EntryPoint\",\"urlTemplate\":\"https:\\\/\\\/hutfactory.com\\\/?s={search_term_string}\"},\"query-input\":{\"@type\":\"PropertyValueSpecification\",\"valueRequired\":true,\"valueName\":\"search_term_string\"}}],\"inLanguage\":\"de\"},{\"@type\":\"Organization\",\"@id\":\"https:\\\/\\\/hutfactory.com\\\/#organization\",\"name\":\"Hut Factory\",\"url\":\"https:\\\/\\\/hutfactory.com\\\/\",\"logo\":{\"@type\":\"ImageObject\",\"inLanguage\":\"de\",\"@id\":\"https:\\\/\\\/hutfactory.com\\\/#\\\/schema\\\/logo\\\/image\\\/\",\"url\":\"https:\\\/\\\/hutfactory.com\\\/wp-content\\\/uploads\\\/2026\\\/01\\\/Logo-hut-factory-1.webp\",\"contentUrl\":\"https:\\\/\\\/hutfactory.com\\\/wp-content\\\/uploads\\\/2026\\\/01\\\/Logo-hut-factory-1.webp\",\"width\":300,\"height\":262,\"caption\":\"Hut Factory\"},\"image\":{\"@id\":\"https:\\\/\\\/hutfactory.com\\\/#\\\/schema\\\/logo\\\/image\\\/\"}}]}<\/script>\n<!-- \/ Yoast SEO Premium plugin. -->","yoast_head_json":{"title":"Passgenaues Hut Innenfutter aus zartgl\u00e4nzendem Satin (6 Farben)","description":"Wir bieten Ihnen die M\u00f6glichkeit, Ihrem Hutmodell eine individuelle Note zu verleihen und den Tragekomfort zu erh\u00f6hen - mit dem passgenauen Hut Innenfutter.","robots":{"index":"index","follow":"follow","max-snippet":"max-snippet:-1","max-image-preview":"max-image-preview:large","max-video-preview":"max-video-preview:-1"},"canonical":"https:\/\/hutfactory.com\/?product=hut-innenfutter-in-sechs-farben","og_locale":"de_DE","og_type":"article","og_title":"Hut Innenfutter in sechs Farben","og_description":"Wir bieten Ihnen die M\u00f6glichkeit, Ihrem Hutmodell eine individuelle Note zu verleihen und den Tragekomfort zu erh\u00f6hen - mit dem passgenauen Hut Innenfutter.","og_url":"https:\/\/hutfactory.com\/?product=hut-innenfutter-in-sechs-farben","og_site_name":"Hut Factory","article_modified_time":"2026-03-11T13:59:44+00:00","og_image":[{"width":960,"height":720,"url":"https:\/\/hutfactory.com\/wp-content\/uploads\/2026\/03\/Innenhut-2.png","type":"image\/png"}],"twitter_card":"summary_large_image","twitter_misc":{"Gesch\u00e4tzte Lesezeit":"1\u00a0Minute"},"schema":{"@context":"https:\/\/schema.org","@graph":[{"@type":"WebPage","@id":"https:\/\/hutfactory.com\/?product=hut-innenfutter-in-sechs-farben","url":"https:\/\/hutfactory.com\/?product=hut-innenfutter-in-sechs-farben","name":"Passgenaues Hut Innenfutter aus zartgl\u00e4nzendem Satin (6 Farben)","isPartOf":{"@id":"https:\/\/hutfactory.com\/#website"},"primaryImageOfPage":{"@id":"https:\/\/hutfactory.com\/?product=hut-innenfutter-in-sechs-farben#primaryimage"},"image":{"@id":"https:\/\/hutfactory.com\/?product=hut-innenfutter-in-sechs-farben#primaryimage"},"thumbnailUrl":"https:\/\/hutfactory.com\/wp-content\/uploads\/2026\/03\/Innenhut-2.png","datePublished":"2026-03-10T13:32:27+00:00","dateModified":"2026-03-11T13:59:44+00:00","description":"Wir bieten Ihnen die M\u00f6glichkeit, Ihrem Hutmodell eine individuelle Note zu verleihen und den Tragekomfort zu erh\u00f6hen - mit dem passgenauen Hut Innenfutter.","breadcrumb":{"@id":"https:\/\/hutfactory.com\/?product=hut-innenfutter-in-sechs-farben#breadcrumb"},"inLanguage":"de","potentialAction":[{"@type":"ReadAction","target":["https:\/\/hutfactory.com\/?product=hut-innenfutter-in-sechs-farben"]}]},{"@type":"ImageObject","inLanguage":"de","@id":"https:\/\/hutfactory.com\/?product=hut-innenfutter-in-sechs-farben#primaryimage","url":"https:\/\/hutfactory.com\/wp-content\/uploads\/2026\/03\/Innenhut-2.png","contentUrl":"https:\/\/hutfactory.com\/wp-content\/uploads\/2026\/03\/Innenhut-2.png","width":960,"height":720,"caption":"||||"},{"@type":"BreadcrumbList","@id":"https:\/\/hutfactory.com\/?product=hut-innenfutter-in-sechs-farben#breadcrumb","itemListElement":[{"@type":"ListItem","position":1,"name":"Start","item":"https:\/\/hutfactory.com\/"},{"@type":"ListItem","position":2,"name":"Shop","item":"https:\/\/hutfactory.com\/?page_id=10"},{"@type":"ListItem","position":3,"name":"Hut Innenfutter in sechs Farben"}]},{"@type":"WebSite","@id":"https:\/\/hutfactory.com\/#website","url":"https:\/\/hutfactory.com\/","name":"Hut Factory","description":"H\u00fcte, Kappen &amp; M\u00fctzen in Top Swiss\/EU Qualit\u00e4t","publisher":{"@id":"https:\/\/hutfactory.com\/#organization"},"alternateName":"Hut Shop","potentialAction":[{"@type":"SearchAction","target":{"@type":"EntryPoint","urlTemplate":"https:\/\/hutfactory.com\/?s={search_term_string}"},"query-input":{"@type":"PropertyValueSpecification","valueRequired":true,"valueName":"search_term_string"}}],"inLanguage":"de"},{"@type":"Organization","@id":"https:\/\/hutfactory.com\/#organization","name":"Hut Factory","url":"https:\/\/hutfactory.com\/","logo":{"@type":"ImageObject","inLanguage":"de","@id":"https:\/\/hutfactory.com\/#\/schema\/logo\/image\/","url":"https:\/\/hutfactory.com\/wp-content\/uploads\/2026\/01\/Logo-hut-factory-1.webp","contentUrl":"https:\/\/hutfactory.com\/wp-content\/uploads\/2026\/01\/Logo-hut-factory-1.webp","width":300,"height":262,"caption":"Hut Factory"},"image":{"@id":"https:\/\/hutfactory.com\/#\/schema\/logo\/image\/"}}]}},"_links":{"self":[{"href":"https:\/\/hutfactory.com\/index.php?rest_route=\/wp\/v2\/product\/20631","targetHints":{"allow":["GET"]}}],"collection":[{"href":"https:\/\/hutfactory.com\/index.php?rest_route=\/wp\/v2\/product"}],"about":[{"href":"https:\/\/hutfactory.com\/index.php?rest_route=\/wp\/v2\/types\/product"}],"wp:featuredmedia":[{"embeddable":true,"href":"https:\/\/hutfactory.com\/index.php?rest_route=\/wp\/v2\/media\/20633"}],"wp:attachment":[{"href":"https:\/\/hutfactory.com\/index.php?rest_route=%2Fwp%2Fv2%2Fmedia&parent=20631"}],"wp:term":[{"taxonomy":"product_brand","embeddable":true,"href":"https:\/\/hutfactory.com\/index.php?rest_route=%2Fwp%2Fv2%2Fproduct_brand&post=20631"},{"taxonomy":"product_cat","embeddable":true,"href":"https:\/\/hutfactory.com\/index.php?rest_route=%2Fwp%2Fv2%2Fproduct_cat&post=20631"},{"taxonomy":"product_tag","embeddable":true,"href":"https:\/\/hutfactory.com\/index.php?rest_route=%2Fwp%2Fv2%2Fproduct_tag&post=20631"}],"curies":[{"name":"wp","href":"https:\/\/api.w.org\/{rel}","templated":true}]}}