{"id":20627,"date":"2026-03-10T13:32:27","date_gmt":"2026-03-10T13:32:27","guid":{"rendered":"https:\/\/hutfactory.com\/?product=korkeinlagen"},"modified":"2026-03-11T13:59:44","modified_gmt":"2026-03-11T13:59:44","slug":"korkeinlagen","status":"publish","type":"product","link":"https:\/\/hutfactory.com\/?product=korkeinlagen","title":{"rendered":"Korkeinlagen"},"content":{"rendered":"<h3>Perfekte Passform mit unseren Korkeinlagen f\u00fcr H\u00fcte<\/h3>\n<p>Es gibt nichts Sch\u00f6neres als einen perfekt sitzenden Hut. Aber was tun, wenn der Kopfumfang nicht perfekt passt? Keine Sorge, mit unseren Korkeinlagen, auch als Korkstreifen bekannt, k\u00f6nnen Sie den Hut perfekt an Ihren Kopfumfang anpassen.<\/p>\n<h4>Wie funktionieren die Korkeinlagen?<\/h4>\n<p>Legen Sie einfach einen Korkstreifen hinter das Innenband des Hutes, um den Hutumfang um wenige Millimeter zu variieren. Unsere atmungsaktiven Huteinlagen aus Kork sind auch ideal, um die Hutgr\u00f6\u00dfe individuell an Ihre Frisur anzupassen und somit den Tragekomfort des Hutes in jeder Lage zu optimieren. Die Huteinlagen werden einfach zwischen dem Innenhutband (Schwei\u00dfband) und dem Hut platziert und ben\u00f6tigen keine zus\u00e4tzliche Befestigung.<\/p>\n<h4>Wie kann ich die Korkeinlagen anpassen?<\/h4>\n<p>Die Huteinlagen k\u00f6nnen jederzeit entfernt und je nach Kopfform auch hinten oder vorne positioniert werden. So k\u00f6nnen Sie Ihren Hut ganz nach Ihren individuellen Bed\u00fcrfnissen anpassen. Um die perfekte Gr\u00f6\u00dfe zu finden, empfehlen wir Ihnen, den Hut lieber ein wenig gr\u00f6\u00dfer zu bestellen und die Gr\u00f6\u00dfe mit unseren praktischen Korkeinlagen individuell anzupassen. Eine zus\u00e4tzliche Anpassung kann auch durch den Einsatz von mehreren Korkstreifen erfolgen.<\/p>\n<div class=\"group w-full text-gray-800 dark:text-gray-100 border-b border-black\/10 dark:border-gray-900\/50 bg-gray-50 dark:bg-[#444654]\">\n<div class=\"text-base gap-4 md:gap-6 md:max-w-2xl lg:max-w-xl xl:max-w-3xl p-4 md:py-6 flex lg:px-0 m-auto\">\n<div class=\"relative flex w-[calc(100%-50px)] flex-col gap-1 md:gap-3 lg:w-[calc(100%-115px)]\">\n<div class=\"flex flex-grow flex-col gap-3\">\n<div class=\"min-h-[20px] flex flex-col items-start gap-4 whitespace-pre-wrap\">\n<div class=\"markdown prose w-full break-words dark:prose-invert light\">\n<p>\u00a0<\/p>\n<\/div>\n<\/div>\n<\/div>\n<\/div>\n<\/div>\n<\/div>\n<div class=\"hf-accordions\">\n<hr class=\"hf-accordion-separator\" \/>\n<details class=\"hf-accordion\">\n<summary><strong>\u25b6\ufe0f Gut zu wissen \u2013 mehr erfahren<\/strong><\/summary>\n<div class=\"hf-accordion-content\"><\/div>\n<\/details>\n<details class=\"hf-accordion\">\n<summary><strong>\u25b6\ufe0f FAQ \u2013 H\u00e4ufige Fragen<\/strong><\/summary>\n<div class=\"hf-accordion-content\"><\/div>\n<\/details>\n<\/div>\n","protected":false},"excerpt":{"rendered":"<p>Unsere Korkeinlagen sind die ideale L\u00f6sung, um Ihren Hut perfekt an Ihre Kopfform anzupassen und den Tragekomfort zu optimieren. Sie sind aus hochwertigem Naturkork gefertigt und haben die ideale Form, um perfekt in Ihren Hut zu passen. Bestellen Sie jetzt Ihren Hut und die passenden Korkeinlagen und freuen Sie sich auf einen perfekt sitzenden Hut.<\/p>\n","protected":false},"featured_media":20629,"template":"","meta":{"_acf_changed":false,"rs_blank_template":"","rs_page_bg_color":"","slide_template_v7":""},"product_brand":[250],"product_cat":[595,596,495,257],"product_tag":[],"class_list":{"0":"post-20627","1":"product","2":"type-product","3":"status-publish","4":"has-post-thumbnail","6":"product_brand-risa-hutwerkstatt-schweiz","7":"product_cat-accessoires-zubehoer","8":"product_cat-hut-zubehoer","9":"product_cat-westernhut-zubehoer-custom-made","10":"product_cat-westernhuete","11":"yith_product_brand-risa-hutwerkstatt-schweiz","14":"instock","15":"taxable","16":"shipping-taxable","17":"purchasable","18":"product-type-variable","19":"wvs-archive-product-wrapper","20":"add-to-wishlist-after_add_to_cart"},"acf":[],"yoast_head":"<!-- This site is optimized with the Yoast SEO Premium plugin v27.3 (Yoast SEO v27.3) - https:\/\/yoast.com\/product\/yoast-seo-premium-wordpress\/ -->\n<title>Korkeinlagen um den Hut perfekt an Ihre Kopfform anzupassen<\/title>\n<meta name=\"description\" content=\"Stellen Sie sicher, dass Ihr Hut perfekt an Ihren Kopf angepasst ist, um den besten Tragekomfort zu gew\u00e4hrleisten - mit Korkeinlagen f\u00fcr Ihren Hut!\" \/>\n<meta name=\"robots\" content=\"index, follow, max-snippet:-1, max-image-preview:large, max-video-preview:-1\" \/>\n<link rel=\"canonical\" href=\"https:\/\/hutfactory.com\/?product=korkeinlagen\" \/>\n<meta property=\"og:locale\" content=\"de_DE\" \/>\n<meta property=\"og:type\" content=\"article\" \/>\n<meta property=\"og:title\" content=\"Korkeinlagen\" \/>\n<meta property=\"og:description\" content=\"Stellen Sie sicher, dass Ihr Hut perfekt an Ihren Kopf angepasst ist, um den besten Tragekomfort zu gew\u00e4hrleisten - mit Korkeinlagen f\u00fcr Ihren Hut!\" \/>\n<meta property=\"og:url\" content=\"https:\/\/hutfactory.com\/?product=korkeinlagen\" \/>\n<meta property=\"og:site_name\" content=\"Hut Factory\" \/>\n<meta property=\"article:modified_time\" content=\"2026-03-11T13:59:44+00:00\" \/>\n<meta property=\"og:image\" content=\"https:\/\/hutfactory.com\/wp-content\/uploads\/2026\/03\/Korkeinlagen.png\" \/>\n\t<meta property=\"og:image:width\" content=\"960\" \/>\n\t<meta property=\"og:image:height\" content=\"720\" \/>\n\t<meta property=\"og:image:type\" content=\"image\/png\" \/>\n<meta name=\"twitter:card\" content=\"summary_large_image\" \/>\n<meta name=\"twitter:label1\" content=\"Gesch\u00e4tzte Lesezeit\" \/>\n\t<meta name=\"twitter:data1\" content=\"1\u00a0Minute\" \/>\n<script type=\"application\/ld+json\" class=\"yoast-schema-graph\">{\"@context\":\"https:\\\/\\\/schema.org\",\"@graph\":[{\"@type\":\"WebPage\",\"@id\":\"https:\\\/\\\/hutfactory.com\\\/?product=korkeinlagen\",\"url\":\"https:\\\/\\\/hutfactory.com\\\/?product=korkeinlagen\",\"name\":\"Korkeinlagen um den Hut perfekt an Ihre Kopfform anzupassen\",\"isPartOf\":{\"@id\":\"https:\\\/\\\/hutfactory.com\\\/#website\"},\"primaryImageOfPage\":{\"@id\":\"https:\\\/\\\/hutfactory.com\\\/?product=korkeinlagen#primaryimage\"},\"image\":{\"@id\":\"https:\\\/\\\/hutfactory.com\\\/?product=korkeinlagen#primaryimage\"},\"thumbnailUrl\":\"https:\\\/\\\/hutfactory.com\\\/wp-content\\\/uploads\\\/2026\\\/03\\\/Korkeinlagen.png\",\"datePublished\":\"2026-03-10T13:32:27+00:00\",\"dateModified\":\"2026-03-11T13:59:44+00:00\",\"description\":\"Stellen Sie sicher, dass Ihr Hut perfekt an Ihren Kopf angepasst ist, um den besten Tragekomfort zu gew\u00e4hrleisten - mit Korkeinlagen f\u00fcr Ihren Hut!\",\"breadcrumb\":{\"@id\":\"https:\\\/\\\/hutfactory.com\\\/?product=korkeinlagen#breadcrumb\"},\"inLanguage\":\"de\",\"potentialAction\":[{\"@type\":\"ReadAction\",\"target\":[\"https:\\\/\\\/hutfactory.com\\\/?product=korkeinlagen\"]}]},{\"@type\":\"ImageObject\",\"inLanguage\":\"de\",\"@id\":\"https:\\\/\\\/hutfactory.com\\\/?product=korkeinlagen#primaryimage\",\"url\":\"https:\\\/\\\/hutfactory.com\\\/wp-content\\\/uploads\\\/2026\\\/03\\\/Korkeinlagen.png\",\"contentUrl\":\"https:\\\/\\\/hutfactory.com\\\/wp-content\\\/uploads\\\/2026\\\/03\\\/Korkeinlagen.png\",\"width\":960,\"height\":720,\"caption\":\"|\"},{\"@type\":\"BreadcrumbList\",\"@id\":\"https:\\\/\\\/hutfactory.com\\\/?product=korkeinlagen#breadcrumb\",\"itemListElement\":[{\"@type\":\"ListItem\",\"position\":1,\"name\":\"Start\",\"item\":\"https:\\\/\\\/hutfactory.com\\\/\"},{\"@type\":\"ListItem\",\"position\":2,\"name\":\"Shop\",\"item\":\"https:\\\/\\\/hutfactory.com\\\/?page_id=10\"},{\"@type\":\"ListItem\",\"position\":3,\"name\":\"Korkeinlagen\"}]},{\"@type\":\"WebSite\",\"@id\":\"https:\\\/\\\/hutfactory.com\\\/#website\",\"url\":\"https:\\\/\\\/hutfactory.com\\\/\",\"name\":\"Hut Factory\",\"description\":\"H\u00fcte, Kappen &amp; M\u00fctzen in Top Swiss\\\/EU Qualit\u00e4t\",\"publisher\":{\"@id\":\"https:\\\/\\\/hutfactory.com\\\/#organization\"},\"alternateName\":\"Hut Shop\",\"potentialAction\":[{\"@type\":\"SearchAction\",\"target\":{\"@type\":\"EntryPoint\",\"urlTemplate\":\"https:\\\/\\\/hutfactory.com\\\/?s={search_term_string}\"},\"query-input\":{\"@type\":\"PropertyValueSpecification\",\"valueRequired\":true,\"valueName\":\"search_term_string\"}}],\"inLanguage\":\"de\"},{\"@type\":\"Organization\",\"@id\":\"https:\\\/\\\/hutfactory.com\\\/#organization\",\"name\":\"Hut Factory\",\"url\":\"https:\\\/\\\/hutfactory.com\\\/\",\"logo\":{\"@type\":\"ImageObject\",\"inLanguage\":\"de\",\"@id\":\"https:\\\/\\\/hutfactory.com\\\/#\\\/schema\\\/logo\\\/image\\\/\",\"url\":\"https:\\\/\\\/hutfactory.com\\\/wp-content\\\/uploads\\\/2026\\\/01\\\/Logo-hut-factory-1.webp\",\"contentUrl\":\"https:\\\/\\\/hutfactory.com\\\/wp-content\\\/uploads\\\/2026\\\/01\\\/Logo-hut-factory-1.webp\",\"width\":300,\"height\":262,\"caption\":\"Hut Factory\"},\"image\":{\"@id\":\"https:\\\/\\\/hutfactory.com\\\/#\\\/schema\\\/logo\\\/image\\\/\"}}]}<\/script>\n<!-- \/ Yoast SEO Premium plugin. -->","yoast_head_json":{"title":"Korkeinlagen um den Hut perfekt an Ihre Kopfform anzupassen","description":"Stellen Sie sicher, dass Ihr Hut perfekt an Ihren Kopf angepasst ist, um den besten Tragekomfort zu gew\u00e4hrleisten - mit Korkeinlagen f\u00fcr Ihren Hut!","robots":{"index":"index","follow":"follow","max-snippet":"max-snippet:-1","max-image-preview":"max-image-preview:large","max-video-preview":"max-video-preview:-1"},"canonical":"https:\/\/hutfactory.com\/?product=korkeinlagen","og_locale":"de_DE","og_type":"article","og_title":"Korkeinlagen","og_description":"Stellen Sie sicher, dass Ihr Hut perfekt an Ihren Kopf angepasst ist, um den besten Tragekomfort zu gew\u00e4hrleisten - mit Korkeinlagen f\u00fcr Ihren Hut!","og_url":"https:\/\/hutfactory.com\/?product=korkeinlagen","og_site_name":"Hut Factory","article_modified_time":"2026-03-11T13:59:44+00:00","og_image":[{"width":960,"height":720,"url":"https:\/\/hutfactory.com\/wp-content\/uploads\/2026\/03\/Korkeinlagen.png","type":"image\/png"}],"twitter_card":"summary_large_image","twitter_misc":{"Gesch\u00e4tzte Lesezeit":"1\u00a0Minute"},"schema":{"@context":"https:\/\/schema.org","@graph":[{"@type":"WebPage","@id":"https:\/\/hutfactory.com\/?product=korkeinlagen","url":"https:\/\/hutfactory.com\/?product=korkeinlagen","name":"Korkeinlagen um den Hut perfekt an Ihre Kopfform anzupassen","isPartOf":{"@id":"https:\/\/hutfactory.com\/#website"},"primaryImageOfPage":{"@id":"https:\/\/hutfactory.com\/?product=korkeinlagen#primaryimage"},"image":{"@id":"https:\/\/hutfactory.com\/?product=korkeinlagen#primaryimage"},"thumbnailUrl":"https:\/\/hutfactory.com\/wp-content\/uploads\/2026\/03\/Korkeinlagen.png","datePublished":"2026-03-10T13:32:27+00:00","dateModified":"2026-03-11T13:59:44+00:00","description":"Stellen Sie sicher, dass Ihr Hut perfekt an Ihren Kopf angepasst ist, um den besten Tragekomfort zu gew\u00e4hrleisten - mit Korkeinlagen f\u00fcr Ihren Hut!","breadcrumb":{"@id":"https:\/\/hutfactory.com\/?product=korkeinlagen#breadcrumb"},"inLanguage":"de","potentialAction":[{"@type":"ReadAction","target":["https:\/\/hutfactory.com\/?product=korkeinlagen"]}]},{"@type":"ImageObject","inLanguage":"de","@id":"https:\/\/hutfactory.com\/?product=korkeinlagen#primaryimage","url":"https:\/\/hutfactory.com\/wp-content\/uploads\/2026\/03\/Korkeinlagen.png","contentUrl":"https:\/\/hutfactory.com\/wp-content\/uploads\/2026\/03\/Korkeinlagen.png","width":960,"height":720,"caption":"|"},{"@type":"BreadcrumbList","@id":"https:\/\/hutfactory.com\/?product=korkeinlagen#breadcrumb","itemListElement":[{"@type":"ListItem","position":1,"name":"Start","item":"https:\/\/hutfactory.com\/"},{"@type":"ListItem","position":2,"name":"Shop","item":"https:\/\/hutfactory.com\/?page_id=10"},{"@type":"ListItem","position":3,"name":"Korkeinlagen"}]},{"@type":"WebSite","@id":"https:\/\/hutfactory.com\/#website","url":"https:\/\/hutfactory.com\/","name":"Hut Factory","description":"H\u00fcte, Kappen &amp; M\u00fctzen in Top Swiss\/EU Qualit\u00e4t","publisher":{"@id":"https:\/\/hutfactory.com\/#organization"},"alternateName":"Hut Shop","potentialAction":[{"@type":"SearchAction","target":{"@type":"EntryPoint","urlTemplate":"https:\/\/hutfactory.com\/?s={search_term_string}"},"query-input":{"@type":"PropertyValueSpecification","valueRequired":true,"valueName":"search_term_string"}}],"inLanguage":"de"},{"@type":"Organization","@id":"https:\/\/hutfactory.com\/#organization","name":"Hut Factory","url":"https:\/\/hutfactory.com\/","logo":{"@type":"ImageObject","inLanguage":"de","@id":"https:\/\/hutfactory.com\/#\/schema\/logo\/image\/","url":"https:\/\/hutfactory.com\/wp-content\/uploads\/2026\/01\/Logo-hut-factory-1.webp","contentUrl":"https:\/\/hutfactory.com\/wp-content\/uploads\/2026\/01\/Logo-hut-factory-1.webp","width":300,"height":262,"caption":"Hut Factory"},"image":{"@id":"https:\/\/hutfactory.com\/#\/schema\/logo\/image\/"}}]}},"_links":{"self":[{"href":"https:\/\/hutfactory.com\/index.php?rest_route=\/wp\/v2\/product\/20627","targetHints":{"allow":["GET"]}}],"collection":[{"href":"https:\/\/hutfactory.com\/index.php?rest_route=\/wp\/v2\/product"}],"about":[{"href":"https:\/\/hutfactory.com\/index.php?rest_route=\/wp\/v2\/types\/product"}],"wp:featuredmedia":[{"embeddable":true,"href":"https:\/\/hutfactory.com\/index.php?rest_route=\/wp\/v2\/media\/20629"}],"wp:attachment":[{"href":"https:\/\/hutfactory.com\/index.php?rest_route=%2Fwp%2Fv2%2Fmedia&parent=20627"}],"wp:term":[{"taxonomy":"product_brand","embeddable":true,"href":"https:\/\/hutfactory.com\/index.php?rest_route=%2Fwp%2Fv2%2Fproduct_brand&post=20627"},{"taxonomy":"product_cat","embeddable":true,"href":"https:\/\/hutfactory.com\/index.php?rest_route=%2Fwp%2Fv2%2Fproduct_cat&post=20627"},{"taxonomy":"product_tag","embeddable":true,"href":"https:\/\/hutfactory.com\/index.php?rest_route=%2Fwp%2Fv2%2Fproduct_tag&post=20627"}],"curies":[{"name":"wp","href":"https:\/\/api.w.org\/{rel}","templated":true}]}}