{"id":20612,"date":"2026-03-10T13:32:27","date_gmt":"2026-03-10T13:32:27","guid":{"rendered":"https:\/\/hutfactory.com\/?product=hut-und-kleiderbuerste"},"modified":"2026-03-11T13:59:44","modified_gmt":"2026-03-11T13:59:44","slug":"hut-und-kleiderbuerste","status":"publish","type":"product","link":"https:\/\/hutfactory.com\/?product=hut-und-kleiderbuerste","title":{"rendered":"Hut- und Kleiderb\u00fcrste"},"content":{"rendered":"<h3><strong>Hochwertige Hutb\u00fcrste in Sichelform<\/strong><\/h3>\n<p>Unsere Hutb\u00fcrste in Sichelform ist das ideale Zubeh\u00f6r f\u00fcr die Pflege Ihrer Filzh\u00fcte! Hergestellt aus ge\u00f6ltem Buchenholz und Naturhaarborsten, ist sie perfekt geeignet, um den Hutrand sauber zu b\u00fcrsten und die nat\u00fcrliche Farbe und Struktur des Hutes aufzufrischen. Die Naturborsten sind sehr weich, aber gleichzeitig \u00e4u\u00dferst robust und unempfindlich gegen\u00fcber dem Hutfilz. Die Sichelform passt sich perfekt der Hutform an und erm\u00f6glicht eine effektive Reinigung entlang des Hutrandes.<\/p>\n<h4><strong>Perfekt geeignet f\u00fcr Filzh\u00fcte und Kleidung<\/strong><\/h4>\n<p>Unsere H\u00fctb\u00fcrste eignet sich nicht nur zur Reinigung von Filzh\u00fcten, sondern auch als Kleiderb\u00fcrste. Der ergonomisch geformte Griff sorgt f\u00fcr eine angenehme Handhabung und die B\u00fcrste wird in Deutschland hergestellt, was f\u00fcr Qualit\u00e4t steht. Durch das B\u00fcrsten gegen den Uhrzeigersinn wird nicht nur Schmutz entfernt, sondern auch die nat\u00fcrliche Farbe und Struktur des Hutes aufgefrischt. Verwenden Sie unsere H\u00fctb\u00fcrste regelm\u00e4\u00dfig, um Ihren wertvollen Hut vor Staub und Schmutz zu sch\u00fctzen und zu pflegen.<\/p>\n<h4><strong>Ein unverzichtbares Accessoire f\u00fcr Hutliebhaber<\/strong><\/h4>\n<p>Pflegen Sie Ihren Hut wie ein Profi mit unserer hochwertigen Hutb\u00fcrste in Sichelform. Sie werden begeistert sein von ihrem optimalen Reinigungsergebnis und der einfachen Handhabung. Unsere Hutb\u00fcrste ist ein unverzichtbares Accessoire f\u00fcr jeden Hutliebhaber und geh\u00f6rt in jede Garderobe!<\/p>\n<div class=\"hf-accordions\">\n<hr class=\"hf-accordion-separator\" \/>\n<details class=\"hf-accordion\">\n<summary><strong>\u25b6\ufe0f Gut zu wissen \u2013 mehr erfahren<\/strong><\/summary>\n<div class=\"hf-accordion-content\"><\/div>\n<\/details>\n<details class=\"hf-accordion\">\n<summary><strong>\u25b6\ufe0f FAQ \u2013 H\u00e4ufige Fragen<\/strong><\/summary>\n<div class=\"hf-accordion-content\"><\/div>\n<\/details>\n<\/div>\n","protected":false},"excerpt":{"rendered":"<p>Unsere hochwertige Hut- und Kleiderb\u00fcrste in Sichelform ist das ideale Zubeh\u00f6r zur Pflege Ihrer Filzh\u00fcte oder Kleider! Sie hat die perfekte Form, um Ihren Hut vor Staub und Schmutz zu sch\u00fctzen und zu pflegen.<\/p>\n<p>\u00a0<\/p>\n","protected":false},"featured_media":20614,"template":"","meta":{"_acf_changed":false,"rs_blank_template":"","rs_page_bg_color":"","slide_template_v7":""},"product_brand":[250],"product_cat":[595,596,495,257],"product_tag":[],"class_list":{"0":"post-20612","1":"product","2":"type-product","3":"status-publish","4":"has-post-thumbnail","6":"product_brand-risa-hutwerkstatt-schweiz","7":"product_cat-accessoires-zubehoer","8":"product_cat-hut-zubehoer","9":"product_cat-westernhut-zubehoer-custom-made","10":"product_cat-westernhuete","11":"pa_color-natur","12":"pa_groesse-one-size","13":"yith_product_brand-risa-hutwerkstatt-schweiz","16":"instock","17":"taxable","18":"shipping-taxable","19":"purchasable","20":"product-type-variable","21":"wvs-archive-product-wrapper","22":"add-to-wishlist-after_add_to_cart"},"acf":[],"yoast_head":"<!-- This site is optimized with the Yoast SEO Premium plugin v27.3 (Yoast SEO v27.3) - https:\/\/yoast.com\/product\/yoast-seo-premium-wordpress\/ -->\n<title>Hutb\u00fcrste Sichelf\u00f6rmig zur Idealen Pflege aller H\u00fcte<\/title>\n<meta name=\"description\" content=\"Hutb\u00fcrste aus ge\u00f6ltem Buchenholz mit Naturhaarborsten \u2013 f\u00fcr ein perfektes Reinigungsergebnis bei H\u00fcten aus Wollfilz, Haarfilz oder Biberhaarfilz!\" \/>\n<meta name=\"robots\" content=\"index, follow, max-snippet:-1, max-image-preview:large, max-video-preview:-1\" \/>\n<link rel=\"canonical\" href=\"https:\/\/hutfactory.com\/?product=hut-und-kleiderbuerste\" \/>\n<meta property=\"og:locale\" content=\"de_DE\" \/>\n<meta property=\"og:type\" content=\"article\" \/>\n<meta property=\"og:title\" content=\"Hut- und Kleiderb\u00fcrste\" \/>\n<meta property=\"og:description\" content=\"Hutb\u00fcrste aus ge\u00f6ltem Buchenholz mit Naturhaarborsten \u2013 f\u00fcr ein perfektes Reinigungsergebnis bei H\u00fcten aus Wollfilz, Haarfilz oder Biberhaarfilz!\" \/>\n<meta property=\"og:url\" content=\"https:\/\/hutfactory.com\/?product=hut-und-kleiderbuerste\" \/>\n<meta property=\"og:site_name\" content=\"Hut Factory\" \/>\n<meta property=\"article:modified_time\" content=\"2026-03-11T13:59:44+00:00\" \/>\n<meta property=\"og:image\" content=\"https:\/\/hutfactory.com\/wp-content\/uploads\/2026\/03\/Hutbuerste.webp\" \/>\n\t<meta property=\"og:image:width\" content=\"750\" \/>\n\t<meta property=\"og:image:height\" content=\"750\" \/>\n\t<meta property=\"og:image:type\" content=\"image\/webp\" \/>\n<meta name=\"twitter:card\" content=\"summary_large_image\" \/>\n<meta name=\"twitter:label1\" content=\"Gesch\u00e4tzte Lesezeit\" \/>\n\t<meta name=\"twitter:data1\" content=\"1\u00a0Minute\" \/>\n<script type=\"application\/ld+json\" class=\"yoast-schema-graph\">{\"@context\":\"https:\\\/\\\/schema.org\",\"@graph\":[{\"@type\":\"WebPage\",\"@id\":\"https:\\\/\\\/hutfactory.com\\\/?product=hut-und-kleiderbuerste\",\"url\":\"https:\\\/\\\/hutfactory.com\\\/?product=hut-und-kleiderbuerste\",\"name\":\"Hutb\u00fcrste Sichelf\u00f6rmig zur Idealen Pflege aller H\u00fcte\",\"isPartOf\":{\"@id\":\"https:\\\/\\\/hutfactory.com\\\/#website\"},\"primaryImageOfPage\":{\"@id\":\"https:\\\/\\\/hutfactory.com\\\/?product=hut-und-kleiderbuerste#primaryimage\"},\"image\":{\"@id\":\"https:\\\/\\\/hutfactory.com\\\/?product=hut-und-kleiderbuerste#primaryimage\"},\"thumbnailUrl\":\"https:\\\/\\\/hutfactory.com\\\/wp-content\\\/uploads\\\/2026\\\/03\\\/Hutbuerste.webp\",\"datePublished\":\"2026-03-10T13:32:27+00:00\",\"dateModified\":\"2026-03-11T13:59:44+00:00\",\"description\":\"Hutb\u00fcrste aus ge\u00f6ltem Buchenholz mit Naturhaarborsten \u2013 f\u00fcr ein perfektes Reinigungsergebnis bei H\u00fcten aus Wollfilz, Haarfilz oder Biberhaarfilz!\",\"breadcrumb\":{\"@id\":\"https:\\\/\\\/hutfactory.com\\\/?product=hut-und-kleiderbuerste#breadcrumb\"},\"inLanguage\":\"de\",\"potentialAction\":[{\"@type\":\"ReadAction\",\"target\":[\"https:\\\/\\\/hutfactory.com\\\/?product=hut-und-kleiderbuerste\"]}]},{\"@type\":\"ImageObject\",\"inLanguage\":\"de\",\"@id\":\"https:\\\/\\\/hutfactory.com\\\/?product=hut-und-kleiderbuerste#primaryimage\",\"url\":\"https:\\\/\\\/hutfactory.com\\\/wp-content\\\/uploads\\\/2026\\\/03\\\/Hutbuerste.webp\",\"contentUrl\":\"https:\\\/\\\/hutfactory.com\\\/wp-content\\\/uploads\\\/2026\\\/03\\\/Hutbuerste.webp\",\"width\":750,\"height\":750,\"caption\":\"|||||\"},{\"@type\":\"BreadcrumbList\",\"@id\":\"https:\\\/\\\/hutfactory.com\\\/?product=hut-und-kleiderbuerste#breadcrumb\",\"itemListElement\":[{\"@type\":\"ListItem\",\"position\":1,\"name\":\"Start\",\"item\":\"https:\\\/\\\/hutfactory.com\\\/\"},{\"@type\":\"ListItem\",\"position\":2,\"name\":\"Shop\",\"item\":\"https:\\\/\\\/hutfactory.com\\\/?page_id=10\"},{\"@type\":\"ListItem\",\"position\":3,\"name\":\"Hut- und Kleiderb\u00fcrste\"}]},{\"@type\":\"WebSite\",\"@id\":\"https:\\\/\\\/hutfactory.com\\\/#website\",\"url\":\"https:\\\/\\\/hutfactory.com\\\/\",\"name\":\"Hut Factory\",\"description\":\"H\u00fcte, Kappen &amp; M\u00fctzen in Top Swiss\\\/EU Qualit\u00e4t\",\"publisher\":{\"@id\":\"https:\\\/\\\/hutfactory.com\\\/#organization\"},\"alternateName\":\"Hut Shop\",\"potentialAction\":[{\"@type\":\"SearchAction\",\"target\":{\"@type\":\"EntryPoint\",\"urlTemplate\":\"https:\\\/\\\/hutfactory.com\\\/?s={search_term_string}\"},\"query-input\":{\"@type\":\"PropertyValueSpecification\",\"valueRequired\":true,\"valueName\":\"search_term_string\"}}],\"inLanguage\":\"de\"},{\"@type\":\"Organization\",\"@id\":\"https:\\\/\\\/hutfactory.com\\\/#organization\",\"name\":\"Hut Factory\",\"url\":\"https:\\\/\\\/hutfactory.com\\\/\",\"logo\":{\"@type\":\"ImageObject\",\"inLanguage\":\"de\",\"@id\":\"https:\\\/\\\/hutfactory.com\\\/#\\\/schema\\\/logo\\\/image\\\/\",\"url\":\"https:\\\/\\\/hutfactory.com\\\/wp-content\\\/uploads\\\/2026\\\/01\\\/Logo-hut-factory-1.webp\",\"contentUrl\":\"https:\\\/\\\/hutfactory.com\\\/wp-content\\\/uploads\\\/2026\\\/01\\\/Logo-hut-factory-1.webp\",\"width\":300,\"height\":262,\"caption\":\"Hut Factory\"},\"image\":{\"@id\":\"https:\\\/\\\/hutfactory.com\\\/#\\\/schema\\\/logo\\\/image\\\/\"}}]}<\/script>\n<!-- \/ Yoast SEO Premium plugin. -->","yoast_head_json":{"title":"Hutb\u00fcrste Sichelf\u00f6rmig zur Idealen Pflege aller H\u00fcte","description":"Hutb\u00fcrste aus ge\u00f6ltem Buchenholz mit Naturhaarborsten \u2013 f\u00fcr ein perfektes Reinigungsergebnis bei H\u00fcten aus Wollfilz, Haarfilz oder Biberhaarfilz!","robots":{"index":"index","follow":"follow","max-snippet":"max-snippet:-1","max-image-preview":"max-image-preview:large","max-video-preview":"max-video-preview:-1"},"canonical":"https:\/\/hutfactory.com\/?product=hut-und-kleiderbuerste","og_locale":"de_DE","og_type":"article","og_title":"Hut- und Kleiderb\u00fcrste","og_description":"Hutb\u00fcrste aus ge\u00f6ltem Buchenholz mit Naturhaarborsten \u2013 f\u00fcr ein perfektes Reinigungsergebnis bei H\u00fcten aus Wollfilz, Haarfilz oder Biberhaarfilz!","og_url":"https:\/\/hutfactory.com\/?product=hut-und-kleiderbuerste","og_site_name":"Hut Factory","article_modified_time":"2026-03-11T13:59:44+00:00","og_image":[{"width":750,"height":750,"url":"https:\/\/hutfactory.com\/wp-content\/uploads\/2026\/03\/Hutbuerste.webp","type":"image\/webp"}],"twitter_card":"summary_large_image","twitter_misc":{"Gesch\u00e4tzte Lesezeit":"1\u00a0Minute"},"schema":{"@context":"https:\/\/schema.org","@graph":[{"@type":"WebPage","@id":"https:\/\/hutfactory.com\/?product=hut-und-kleiderbuerste","url":"https:\/\/hutfactory.com\/?product=hut-und-kleiderbuerste","name":"Hutb\u00fcrste Sichelf\u00f6rmig zur Idealen Pflege aller H\u00fcte","isPartOf":{"@id":"https:\/\/hutfactory.com\/#website"},"primaryImageOfPage":{"@id":"https:\/\/hutfactory.com\/?product=hut-und-kleiderbuerste#primaryimage"},"image":{"@id":"https:\/\/hutfactory.com\/?product=hut-und-kleiderbuerste#primaryimage"},"thumbnailUrl":"https:\/\/hutfactory.com\/wp-content\/uploads\/2026\/03\/Hutbuerste.webp","datePublished":"2026-03-10T13:32:27+00:00","dateModified":"2026-03-11T13:59:44+00:00","description":"Hutb\u00fcrste aus ge\u00f6ltem Buchenholz mit Naturhaarborsten \u2013 f\u00fcr ein perfektes Reinigungsergebnis bei H\u00fcten aus Wollfilz, Haarfilz oder Biberhaarfilz!","breadcrumb":{"@id":"https:\/\/hutfactory.com\/?product=hut-und-kleiderbuerste#breadcrumb"},"inLanguage":"de","potentialAction":[{"@type":"ReadAction","target":["https:\/\/hutfactory.com\/?product=hut-und-kleiderbuerste"]}]},{"@type":"ImageObject","inLanguage":"de","@id":"https:\/\/hutfactory.com\/?product=hut-und-kleiderbuerste#primaryimage","url":"https:\/\/hutfactory.com\/wp-content\/uploads\/2026\/03\/Hutbuerste.webp","contentUrl":"https:\/\/hutfactory.com\/wp-content\/uploads\/2026\/03\/Hutbuerste.webp","width":750,"height":750,"caption":"|||||"},{"@type":"BreadcrumbList","@id":"https:\/\/hutfactory.com\/?product=hut-und-kleiderbuerste#breadcrumb","itemListElement":[{"@type":"ListItem","position":1,"name":"Start","item":"https:\/\/hutfactory.com\/"},{"@type":"ListItem","position":2,"name":"Shop","item":"https:\/\/hutfactory.com\/?page_id=10"},{"@type":"ListItem","position":3,"name":"Hut- und Kleiderb\u00fcrste"}]},{"@type":"WebSite","@id":"https:\/\/hutfactory.com\/#website","url":"https:\/\/hutfactory.com\/","name":"Hut Factory","description":"H\u00fcte, Kappen &amp; M\u00fctzen in Top Swiss\/EU Qualit\u00e4t","publisher":{"@id":"https:\/\/hutfactory.com\/#organization"},"alternateName":"Hut Shop","potentialAction":[{"@type":"SearchAction","target":{"@type":"EntryPoint","urlTemplate":"https:\/\/hutfactory.com\/?s={search_term_string}"},"query-input":{"@type":"PropertyValueSpecification","valueRequired":true,"valueName":"search_term_string"}}],"inLanguage":"de"},{"@type":"Organization","@id":"https:\/\/hutfactory.com\/#organization","name":"Hut Factory","url":"https:\/\/hutfactory.com\/","logo":{"@type":"ImageObject","inLanguage":"de","@id":"https:\/\/hutfactory.com\/#\/schema\/logo\/image\/","url":"https:\/\/hutfactory.com\/wp-content\/uploads\/2026\/01\/Logo-hut-factory-1.webp","contentUrl":"https:\/\/hutfactory.com\/wp-content\/uploads\/2026\/01\/Logo-hut-factory-1.webp","width":300,"height":262,"caption":"Hut Factory"},"image":{"@id":"https:\/\/hutfactory.com\/#\/schema\/logo\/image\/"}}]}},"_links":{"self":[{"href":"https:\/\/hutfactory.com\/index.php?rest_route=\/wp\/v2\/product\/20612","targetHints":{"allow":["GET"]}}],"collection":[{"href":"https:\/\/hutfactory.com\/index.php?rest_route=\/wp\/v2\/product"}],"about":[{"href":"https:\/\/hutfactory.com\/index.php?rest_route=\/wp\/v2\/types\/product"}],"wp:featuredmedia":[{"embeddable":true,"href":"https:\/\/hutfactory.com\/index.php?rest_route=\/wp\/v2\/media\/20614"}],"wp:attachment":[{"href":"https:\/\/hutfactory.com\/index.php?rest_route=%2Fwp%2Fv2%2Fmedia&parent=20612"}],"wp:term":[{"taxonomy":"product_brand","embeddable":true,"href":"https:\/\/hutfactory.com\/index.php?rest_route=%2Fwp%2Fv2%2Fproduct_brand&post=20612"},{"taxonomy":"product_cat","embeddable":true,"href":"https:\/\/hutfactory.com\/index.php?rest_route=%2Fwp%2Fv2%2Fproduct_cat&post=20612"},{"taxonomy":"product_tag","embeddable":true,"href":"https:\/\/hutfactory.com\/index.php?rest_route=%2Fwp%2Fv2%2Fproduct_tag&post=20612"}],"curies":[{"name":"wp","href":"https:\/\/api.w.org\/{rel}","templated":true}]}}