{"id":20555,"date":"2026-03-10T13:08:31","date_gmt":"2026-03-10T13:08:31","guid":{"rendered":"https:\/\/hutfactory.com\/?product=kapitaensmuetze-2"},"modified":"2026-03-12T04:21:46","modified_gmt":"2026-03-12T04:21:46","slug":"kapitaensmuetze-2","status":"publish","type":"product","link":"https:\/\/hutfactory.com\/?product=kapitaensmuetze-2","title":{"rendered":"Kapit\u00e4nsm\u00fctze"},"content":{"rendered":"<p><strong data-start=\"65\" data-end=\"97\">Maritimer Klassiker mit Stil<\/strong><\/p>\n<div class=\"flex flex-grow flex-col gap-3\">\n<div class=\"min-h-[20px] flex flex-col items-start gap-4 whitespace-pre-wrap break-words\">\n<div class=\"markdown prose w-full break-words dark:prose-invert light\">\n<p data-start=\"453\" data-end=\"846\">Diese M\u00fctze strahlt Klasse und Autorit\u00e4t aus. Die <strong data-start=\"546\" data-end=\"581\">doppelte Kordel \u00fcber dem Schild<\/strong> wird stilvoll von <strong data-start=\"600\" data-end=\"629\">seitlich goldenen Kn\u00f6pfen<\/strong> gehalten, w\u00e4hrend das kunstvoll gearbeitete <strong data-start=\"674\" data-end=\"711\">Kapit\u00e4nsemblem auf der Stirnseite<\/strong> dem Design den finalen Touch verleiht. Ideal f\u00fcr Kapit\u00e4ne, Bootsbesitzer oder alle, die sich stilvoll von der Masse abheben m\u00f6chten.<\/p>\n<p data-start=\"848\" data-end=\"1250\"><strong data-start=\"848\" data-end=\"867\">Perfekt f\u00fcr\u2026 <\/strong><br data-start=\"867\" data-end=\"870\" \/><strong data-start=\"870\" data-end=\"894\"> Maritime Anl\u00e4sse:<\/strong> Ob auf hoher See, bei Bootsfahrten oder auf Hafenpartys \u2013 diese M\u00fctze ist ein Statement f\u00fcr sich.<br data-start=\"992\" data-end=\"995\" \/><strong data-start=\"995\" data-end=\"1022\"> Stilvolle Auftritte:<\/strong> Kombinieren Sie diese Kapit\u00e4nsm\u00fctze mit eleganten Outfits oder legeren Looks f\u00fcr einen edlen Akzent.<br data-start=\"1123\" data-end=\"1126\" \/><strong data-start=\"1126\" data-end=\"1167\"> Qualit\u00e4tsbewusste Individualisten:<\/strong> Handgefertigt in Frankreich, mit h\u00f6chsten Anspr\u00fcchen an Verarbeitung und Design.<\/p>\n<\/div>\n<\/div>\n<\/div>\n<div class=\"hf-accordions\">\n<hr class=\"hf-accordion-separator\" \/>\n<details class=\"hf-accordion\">\n<summary><strong>\u25b6\ufe0f Gut zu wissen \u2013 mehr erfahren<\/strong><\/summary>\n<div class=\"hf-accordion-content\"><\/div>\n<\/details>\n<details class=\"hf-accordion\">\n<summary><strong>\u25b6\ufe0f FAQ \u2013 H\u00e4ufige Fragen<\/strong><\/summary>\n<div class=\"hf-accordion-content\"><\/div>\n<\/details>\n<\/div>\n","protected":false},"excerpt":{"rendered":"<p class=\"\" data-start=\"0\" data-end=\"63\"><strong data-start=\"0\" data-end=\"61\">Stilvoller Auftritt mit maritimer Eleganz<\/strong><\/p>\n<p class=\"\" data-start=\"65\" data-end=\"451\">Die <strong data-start=\"104\" data-end=\"121\">Kapit\u00e4nsm\u00fctze<\/strong> ist ein zeitloses Accessoire f\u00fcr alle, die Wert auf authentisches Design und h\u00f6chste Qualit\u00e4t legen. Hergestellt aus einem edlen Materialmix aus <strong data-start=\"267\" data-end=\"291\">67 % PES und 33 % CO<\/strong>, vereint sie Strapazierf\u00e4higkeit mit angenehmem Tragekomfort. Der elegante Look wird durch die <strong data-start=\"387\" data-end=\"426\">marineblauen und wei\u00dfen Farbdetails<\/strong> harmonisch abgerundet.<\/p>\n","protected":false},"featured_media":19393,"template":"","meta":{"_acf_changed":false,"rs_blank_template":"","rs_page_bg_color":"","slide_template_v7":""},"product_brand":[250],"product_cat":[687,445],"product_tag":[],"class_list":{"0":"post-20555","1":"product","2":"type-product","3":"status-publish","4":"has-post-thumbnail","6":"product_brand-risa-hutwerkstatt-schweiz","7":"product_cat-matrosen-sommermuetzen","8":"product_cat-sommermuetzen","9":"pa_color-weiss","10":"pa_groesse-206","11":"pa_groesse-196","12":"pa_groesse-207","13":"pa_groesse-197","14":"pa_groesse-208","15":"pa_groesse-198","16":"pa_groesse-209","17":"pa_groesse-199","18":"pa_groesse-210","19":"yith_product_brand-risa-hutwerkstatt-schweiz","22":"instock","23":"taxable","24":"shipping-taxable","25":"purchasable","26":"product-type-variable","27":"wvs-archive-product-wrapper","28":"add-to-wishlist-after_add_to_cart"},"acf":[],"yoast_head":"<!-- This site is optimized with the Yoast SEO Premium plugin v27.3 (Yoast SEO v27.3) - https:\/\/yoast.com\/product\/yoast-seo-premium-wordpress\/ -->\n<title>Kapit\u00e4nsm\u00fctze - Hut Factory<\/title>\n<meta name=\"robots\" content=\"index, follow, max-snippet:-1, max-image-preview:large, max-video-preview:-1\" \/>\n<link rel=\"canonical\" href=\"https:\/\/hutfactory.com\/?product=kapitaensmuetze-2\" \/>\n<meta property=\"og:locale\" content=\"de_DE\" \/>\n<meta property=\"og:type\" content=\"article\" \/>\n<meta property=\"og:title\" content=\"Kapit\u00e4nsm\u00fctze\" \/>\n<meta property=\"og:description\" content=\"Stilvoller Auftritt mit maritimer Eleganz Die Kapit\u00e4nsm\u00fctze ist ein zeitloses Accessoire f\u00fcr alle, die Wert auf authentisches Design und h\u00f6chste Qualit\u00e4t legen. Hergestellt aus einem edlen Materialmix aus 67 % PES und 33 % CO, vereint sie Strapazierf\u00e4higkeit mit angenehmem Tragekomfort. Der elegante Look wird durch die marineblauen und wei\u00dfen Farbdetails harmonisch abgerundet.\" \/>\n<meta property=\"og:url\" content=\"https:\/\/hutfactory.com\/?product=kapitaensmuetze-2\" \/>\n<meta property=\"og:site_name\" content=\"Hut Factory\" \/>\n<meta property=\"article:modified_time\" content=\"2026-03-12T04:21:46+00:00\" \/>\n<meta property=\"og:image\" content=\"https:\/\/hutfactory.com\/wp-content\/uploads\/2026\/03\/06001.1-e1557242507458-scaled-e1646934750908-1.webp\" \/>\n\t<meta property=\"og:image:width\" content=\"750\" \/>\n\t<meta property=\"og:image:height\" content=\"750\" \/>\n\t<meta property=\"og:image:type\" content=\"image\/webp\" \/>\n<meta name=\"twitter:card\" content=\"summary_large_image\" \/>\n<meta name=\"twitter:label1\" content=\"Gesch\u00e4tzte Lesezeit\" \/>\n\t<meta name=\"twitter:data1\" content=\"1\u00a0Minute\" \/>\n<script type=\"application\/ld+json\" class=\"yoast-schema-graph\">{\"@context\":\"https:\\\/\\\/schema.org\",\"@graph\":[{\"@type\":\"WebPage\",\"@id\":\"https:\\\/\\\/hutfactory.com\\\/?product=kapitaensmuetze-2\",\"url\":\"https:\\\/\\\/hutfactory.com\\\/?product=kapitaensmuetze-2\",\"name\":\"Kapit\u00e4nsm\u00fctze - Hut Factory\",\"isPartOf\":{\"@id\":\"https:\\\/\\\/hutfactory.com\\\/#website\"},\"primaryImageOfPage\":{\"@id\":\"https:\\\/\\\/hutfactory.com\\\/?product=kapitaensmuetze-2#primaryimage\"},\"image\":{\"@id\":\"https:\\\/\\\/hutfactory.com\\\/?product=kapitaensmuetze-2#primaryimage\"},\"thumbnailUrl\":\"https:\\\/\\\/hutfactory.com\\\/wp-content\\\/uploads\\\/2026\\\/03\\\/06001.1-e1557242507458-scaled-e1646934750908-1.webp\",\"datePublished\":\"2026-03-10T13:08:31+00:00\",\"dateModified\":\"2026-03-12T04:21:46+00:00\",\"breadcrumb\":{\"@id\":\"https:\\\/\\\/hutfactory.com\\\/?product=kapitaensmuetze-2#breadcrumb\"},\"inLanguage\":\"de\",\"potentialAction\":[{\"@type\":\"ReadAction\",\"target\":[\"https:\\\/\\\/hutfactory.com\\\/?product=kapitaensmuetze-2\"]}]},{\"@type\":\"ImageObject\",\"inLanguage\":\"de\",\"@id\":\"https:\\\/\\\/hutfactory.com\\\/?product=kapitaensmuetze-2#primaryimage\",\"url\":\"https:\\\/\\\/hutfactory.com\\\/wp-content\\\/uploads\\\/2026\\\/03\\\/06001.1-e1557242507458-scaled-e1646934750908-1.webp\",\"contentUrl\":\"https:\\\/\\\/hutfactory.com\\\/wp-content\\\/uploads\\\/2026\\\/03\\\/06001.1-e1557242507458-scaled-e1646934750908-1.webp\",\"width\":750,\"height\":750,\"caption\":\"elegant und zeitlos.|\"},{\"@type\":\"BreadcrumbList\",\"@id\":\"https:\\\/\\\/hutfactory.com\\\/?product=kapitaensmuetze-2#breadcrumb\",\"itemListElement\":[{\"@type\":\"ListItem\",\"position\":1,\"name\":\"Start\",\"item\":\"https:\\\/\\\/hutfactory.com\\\/\"},{\"@type\":\"ListItem\",\"position\":2,\"name\":\"Shop\",\"item\":\"https:\\\/\\\/hutfactory.com\\\/?page_id=10\"},{\"@type\":\"ListItem\",\"position\":3,\"name\":\"Kapit\u00e4nsm\u00fctze\"}]},{\"@type\":\"WebSite\",\"@id\":\"https:\\\/\\\/hutfactory.com\\\/#website\",\"url\":\"https:\\\/\\\/hutfactory.com\\\/\",\"name\":\"Hut Factory\",\"description\":\"H\u00fcte, Kappen &amp; M\u00fctzen in Top Swiss\\\/EU Qualit\u00e4t\",\"publisher\":{\"@id\":\"https:\\\/\\\/hutfactory.com\\\/#organization\"},\"alternateName\":\"Hut Shop\",\"potentialAction\":[{\"@type\":\"SearchAction\",\"target\":{\"@type\":\"EntryPoint\",\"urlTemplate\":\"https:\\\/\\\/hutfactory.com\\\/?s={search_term_string}\"},\"query-input\":{\"@type\":\"PropertyValueSpecification\",\"valueRequired\":true,\"valueName\":\"search_term_string\"}}],\"inLanguage\":\"de\"},{\"@type\":\"Organization\",\"@id\":\"https:\\\/\\\/hutfactory.com\\\/#organization\",\"name\":\"Hut Factory\",\"url\":\"https:\\\/\\\/hutfactory.com\\\/\",\"logo\":{\"@type\":\"ImageObject\",\"inLanguage\":\"de\",\"@id\":\"https:\\\/\\\/hutfactory.com\\\/#\\\/schema\\\/logo\\\/image\\\/\",\"url\":\"https:\\\/\\\/hutfactory.com\\\/wp-content\\\/uploads\\\/2026\\\/01\\\/Logo-hut-factory-1.webp\",\"contentUrl\":\"https:\\\/\\\/hutfactory.com\\\/wp-content\\\/uploads\\\/2026\\\/01\\\/Logo-hut-factory-1.webp\",\"width\":300,\"height\":262,\"caption\":\"Hut Factory\"},\"image\":{\"@id\":\"https:\\\/\\\/hutfactory.com\\\/#\\\/schema\\\/logo\\\/image\\\/\"}}]}<\/script>\n<!-- \/ Yoast SEO Premium plugin. -->","yoast_head_json":{"title":"Kapit\u00e4nsm\u00fctze - Hut Factory","robots":{"index":"index","follow":"follow","max-snippet":"max-snippet:-1","max-image-preview":"max-image-preview:large","max-video-preview":"max-video-preview:-1"},"canonical":"https:\/\/hutfactory.com\/?product=kapitaensmuetze-2","og_locale":"de_DE","og_type":"article","og_title":"Kapit\u00e4nsm\u00fctze","og_description":"Stilvoller Auftritt mit maritimer Eleganz Die Kapit\u00e4nsm\u00fctze ist ein zeitloses Accessoire f\u00fcr alle, die Wert auf authentisches Design und h\u00f6chste Qualit\u00e4t legen. Hergestellt aus einem edlen Materialmix aus 67 % PES und 33 % CO, vereint sie Strapazierf\u00e4higkeit mit angenehmem Tragekomfort. Der elegante Look wird durch die marineblauen und wei\u00dfen Farbdetails harmonisch abgerundet.","og_url":"https:\/\/hutfactory.com\/?product=kapitaensmuetze-2","og_site_name":"Hut Factory","article_modified_time":"2026-03-12T04:21:46+00:00","og_image":[{"width":750,"height":750,"url":"https:\/\/hutfactory.com\/wp-content\/uploads\/2026\/03\/06001.1-e1557242507458-scaled-e1646934750908-1.webp","type":"image\/webp"}],"twitter_card":"summary_large_image","twitter_misc":{"Gesch\u00e4tzte Lesezeit":"1\u00a0Minute"},"schema":{"@context":"https:\/\/schema.org","@graph":[{"@type":"WebPage","@id":"https:\/\/hutfactory.com\/?product=kapitaensmuetze-2","url":"https:\/\/hutfactory.com\/?product=kapitaensmuetze-2","name":"Kapit\u00e4nsm\u00fctze - Hut Factory","isPartOf":{"@id":"https:\/\/hutfactory.com\/#website"},"primaryImageOfPage":{"@id":"https:\/\/hutfactory.com\/?product=kapitaensmuetze-2#primaryimage"},"image":{"@id":"https:\/\/hutfactory.com\/?product=kapitaensmuetze-2#primaryimage"},"thumbnailUrl":"https:\/\/hutfactory.com\/wp-content\/uploads\/2026\/03\/06001.1-e1557242507458-scaled-e1646934750908-1.webp","datePublished":"2026-03-10T13:08:31+00:00","dateModified":"2026-03-12T04:21:46+00:00","breadcrumb":{"@id":"https:\/\/hutfactory.com\/?product=kapitaensmuetze-2#breadcrumb"},"inLanguage":"de","potentialAction":[{"@type":"ReadAction","target":["https:\/\/hutfactory.com\/?product=kapitaensmuetze-2"]}]},{"@type":"ImageObject","inLanguage":"de","@id":"https:\/\/hutfactory.com\/?product=kapitaensmuetze-2#primaryimage","url":"https:\/\/hutfactory.com\/wp-content\/uploads\/2026\/03\/06001.1-e1557242507458-scaled-e1646934750908-1.webp","contentUrl":"https:\/\/hutfactory.com\/wp-content\/uploads\/2026\/03\/06001.1-e1557242507458-scaled-e1646934750908-1.webp","width":750,"height":750,"caption":"elegant und zeitlos.|"},{"@type":"BreadcrumbList","@id":"https:\/\/hutfactory.com\/?product=kapitaensmuetze-2#breadcrumb","itemListElement":[{"@type":"ListItem","position":1,"name":"Start","item":"https:\/\/hutfactory.com\/"},{"@type":"ListItem","position":2,"name":"Shop","item":"https:\/\/hutfactory.com\/?page_id=10"},{"@type":"ListItem","position":3,"name":"Kapit\u00e4nsm\u00fctze"}]},{"@type":"WebSite","@id":"https:\/\/hutfactory.com\/#website","url":"https:\/\/hutfactory.com\/","name":"Hut Factory","description":"H\u00fcte, Kappen &amp; M\u00fctzen in Top Swiss\/EU Qualit\u00e4t","publisher":{"@id":"https:\/\/hutfactory.com\/#organization"},"alternateName":"Hut Shop","potentialAction":[{"@type":"SearchAction","target":{"@type":"EntryPoint","urlTemplate":"https:\/\/hutfactory.com\/?s={search_term_string}"},"query-input":{"@type":"PropertyValueSpecification","valueRequired":true,"valueName":"search_term_string"}}],"inLanguage":"de"},{"@type":"Organization","@id":"https:\/\/hutfactory.com\/#organization","name":"Hut Factory","url":"https:\/\/hutfactory.com\/","logo":{"@type":"ImageObject","inLanguage":"de","@id":"https:\/\/hutfactory.com\/#\/schema\/logo\/image\/","url":"https:\/\/hutfactory.com\/wp-content\/uploads\/2026\/01\/Logo-hut-factory-1.webp","contentUrl":"https:\/\/hutfactory.com\/wp-content\/uploads\/2026\/01\/Logo-hut-factory-1.webp","width":300,"height":262,"caption":"Hut Factory"},"image":{"@id":"https:\/\/hutfactory.com\/#\/schema\/logo\/image\/"}}]}},"_links":{"self":[{"href":"https:\/\/hutfactory.com\/index.php?rest_route=\/wp\/v2\/product\/20555","targetHints":{"allow":["GET"]}}],"collection":[{"href":"https:\/\/hutfactory.com\/index.php?rest_route=\/wp\/v2\/product"}],"about":[{"href":"https:\/\/hutfactory.com\/index.php?rest_route=\/wp\/v2\/types\/product"}],"wp:featuredmedia":[{"embeddable":true,"href":"https:\/\/hutfactory.com\/index.php?rest_route=\/wp\/v2\/media\/19393"}],"wp:attachment":[{"href":"https:\/\/hutfactory.com\/index.php?rest_route=%2Fwp%2Fv2%2Fmedia&parent=20555"}],"wp:term":[{"taxonomy":"product_brand","embeddable":true,"href":"https:\/\/hutfactory.com\/index.php?rest_route=%2Fwp%2Fv2%2Fproduct_brand&post=20555"},{"taxonomy":"product_cat","embeddable":true,"href":"https:\/\/hutfactory.com\/index.php?rest_route=%2Fwp%2Fv2%2Fproduct_cat&post=20555"},{"taxonomy":"product_tag","embeddable":true,"href":"https:\/\/hutfactory.com\/index.php?rest_route=%2Fwp%2Fv2%2Fproduct_tag&post=20555"}],"curies":[{"name":"wp","href":"https:\/\/api.w.org\/{rel}","templated":true}]}}