{"id":20420,"date":"2026-03-10T13:06:48","date_gmt":"2026-03-10T13:06:48","guid":{"rendered":"https:\/\/hutfactory.com\/?product=camaret-muetze-denim"},"modified":"2026-03-12T02:35:17","modified_gmt":"2026-03-12T02:35:17","slug":"camaret-muetze-denim","status":"publish","type":"product","link":"https:\/\/hutfactory.com\/?product=camaret-muetze-denim","title":{"rendered":"Camaret M\u00fctze Denim"},"content":{"rendered":"<h3 data-start=\"488\" data-end=\"531\"><strong data-start=\"492\" data-end=\"531\">Jeans-Statement f\u00fcr Stadt und K\u00fcste<\/strong><\/h3>\n<p data-start=\"532\" data-end=\"783\">Der markante Schirm, die strukturierte Krone und der typische Schnitt machen diese M\u00fctze zu einem It-Piece f\u00fcr moderne K\u00f6pfe. Ob zum wei\u00dfen Hemd, Kleid oder Casual-Shirt \u2013 der leicht ausgewaschene Jeansblau-Ton verleiht jedem Outfit eine l\u00e4ssige Note.<\/p>\n<p data-start=\"785\" data-end=\"806\"><strong data-start=\"785\" data-end=\"806\">Perfekt f\u00fcr\u2026..  <\/strong><\/p>\n<p data-start=\"808\" data-end=\"954\"><strong data-start=\"808\" data-end=\"835\">\u2600\ufe0f Sommerliche Anl\u00e4sse:<\/strong><br data-start=\"835\" data-end=\"838\" \/>Ideal f\u00fcr City-Tage, Urlaub am Meer oder entspannte Spazierg\u00e4nge \u2013 leicht, luftig und mit schattenspendendem Schild.<\/p>\n<p data-start=\"956\" data-end=\"1109\"><strong data-start=\"956\" data-end=\"987\">  Urbane &#038; kreative Looks:<\/strong><br data-start=\"987\" data-end=\"990\" \/>Ein Must-have f\u00fcr modische Statements mit k\u00fcnstlerischem Flair \u2013 perfekt f\u00fcr Caf\u00e9s, Musikfestivals oder Atelierbesuche.<\/p>\n<p data-start=\"1111\" data-end=\"1255\"><strong data-start=\"1111\" data-end=\"1152\">  Nat\u00fcrlich &#038; verantwortungsbewusst:<\/strong><br data-start=\"1152\" data-end=\"1155\" \/>Gefertigt aus reiner Baumwolle in Europa \u2013 langlebig, hochwertig und ressourcenschonend verarbeitet.<\/p>\n<div class=\"hf-accordions\">\n<hr class=\"hf-accordion-separator\" \/>\n<details class=\"hf-accordion\">\n<summary><strong>\u25b6\ufe0f Gut zu wissen \u2013 mehr erfahren<\/strong><\/summary>\n<div class=\"hf-accordion-content\">\n<h3 class=\"\" data-start=\"1257\" data-end=\"1289\"><strong data-start=\"1261\" data-end=\"1289\">Eigenschaften &#038; Details:<\/strong><\/h3>\n<p class=\"\" data-start=\"1290\" data-end=\"1525\"><strong data-start=\"1290\" data-end=\"1303\">Material:<\/strong> 100% Baumwolle in Denim-Qualit\u00e4t \u2013 robust, atmungsaktiv, angenehm zu tragen<br data-start=\"1379\" data-end=\"1382\" \/><strong data-start=\"1382\" data-end=\"1392\">Farbe:<\/strong> Jeansblau \u2013 klassisch, leicht verwaschen, vielseitig kombinierbar<br data-start=\"1458\" data-end=\"1461\" \/><strong data-start=\"1461\" data-end=\"1472\">Gr\u00f6\u00dfen:<\/strong> 55\u201361 \u2013 ideal f\u00fcr Damen und Herren mit Sinn f\u00fcr Stil<\/p>\n<h3 class=\"\" data-start=\"1527\" data-end=\"1557\"><strong data-start=\"1531\" data-end=\"1557\">Design &#038; Verarbeitung:<\/strong><\/h3>\n<p class=\"\" data-start=\"1558\" data-end=\"1875\">Typisch f\u00fcr die Camaret-Form ist die flache, leicht volumin\u00f6se Krone in Kombination mit einem festen, leicht gebogenen Schild. Der Jeansstoff bringt eine authentische Vintage-Note mit sich, ohne auf Modernit\u00e4t zu verzichten. Das klare Design kommt ganz ohne zus\u00e4tzliche Garnitur aus \u2013 puristisch und modisch zugleich.<\/p>\n<h3 class=\"\" data-start=\"1877\" data-end=\"1909\"><strong data-start=\"1881\" data-end=\"1909\">Handgefertigt in Europa:<\/strong><\/h3>\n<p class=\"\" data-start=\"1910\" data-end=\"2149\">Dieses Modell wurde im Herzen Europas von der renommierten Schweizer Hutmanufaktur Risa entworfen und in kleiner St\u00fcckzahl in einem italienischen Handwerksbetrieb gefertigt. Ein Produkt, das f\u00fcr Qualit\u00e4t, Stil und ehrliches Handwerk steht.<\/p>\n<h3 class=\"\" data-start=\"2151\" data-end=\"2185\"><strong data-start=\"2155\" data-end=\"2185\">Nachhaltigkeit &#038; Qualit\u00e4t:<\/strong><\/h3>\n<p class=\"\" data-start=\"2186\" data-end=\"2475\"><strong data-start=\"2186\" data-end=\"2211\">Nat\u00fcrliches Material:<\/strong> 100% Baumwolle \u2013 frei von synthetischen Fasern, langlebig und umweltfreundlich<br data-start=\"2290\" data-end=\"2293\" \/><strong data-start=\"2293\" data-end=\"2318\">Tradition &#038; Handwerk:<\/strong> Liebevolle Handarbeit aus Europa, fernab von Massenproduktion<br data-start=\"2380\" data-end=\"2383\" \/><strong data-start=\"2383\" data-end=\"2401\">Langlebigkeit:<\/strong> Hochwertige N\u00e4hte und robuste Materialien garantieren langen Tragekomfort<\/p>\n<h3 class=\"\" data-start=\"2477\" data-end=\"2507\"><strong data-start=\"2481\" data-end=\"2507\">Herstellung &#038; Versand:<\/strong><\/h3>\n<p class=\"\" data-start=\"2508\" data-end=\"2784\"><strong data-start=\"2508\" data-end=\"2522\">Fertigung:<\/strong> Entworfen in der Schweiz, hergestellt in Italien<br data-start=\"2571\" data-end=\"2574\" \/><strong data-start=\"2574\" data-end=\"2586\">Versand:<\/strong> Lagerware \u2013 Versand innerhalb weniger Tage ab Lager Schweiz<br data-start=\"2646\" data-end=\"2649\" \/><strong data-start=\"2649\" data-end=\"2662\">Garantie:<\/strong> Umtausch nur bei Material- oder Herstellungsfehlern<br data-start=\"2714\" data-end=\"2717\" \/><strong data-start=\"2717\" data-end=\"2735\">Verf\u00fcgbarkeit:<\/strong> Limitierte St\u00fcckzahl \u2013 nur solange Vorrat reicht<\/p>\n<\/div>\n<\/details>\n<details class=\"hf-accordion\">\n<summary><strong>\u25b6\ufe0f FAQ \u2013 H\u00e4ufige Fragen<\/strong><\/summary>\n<div class=\"hf-accordion-content\">\n<h3 class=\"\" data-start=\"2786\" data-end=\"2824\"><strong data-start=\"2790\" data-end=\"2824\">FAQ \u2013 H\u00e4ufig gestellte Fragen:<\/strong><\/h3>\n<p class=\"\" data-start=\"2826\" data-end=\"2936\"><strong data-start=\"2826\" data-end=\"2862\">Ist die M\u00fctze gr\u00f6\u00dfenverstellbar?<\/strong><br data-start=\"2862\" data-end=\"2865\" \/>Nein \u2013 bitte Ihre genaue Kopfgr\u00f6\u00dfe messen und passende Variante w\u00e4hlen.<\/p>\n<p class=\"\" data-start=\"2938\" data-end=\"3056\"><strong data-start=\"2938\" data-end=\"2972\">Wie pflege ich die Jeansm\u00fctze?<\/strong><br data-start=\"2972\" data-end=\"2975\" \/>Schonende Handw\u00e4sche oder Reinigung gem\u00e4ss Pflegeetikett. Nicht trocknergeeignet.<\/p>\n<p class=\"\" data-start=\"3058\" data-end=\"3176\"><strong data-start=\"3058\" data-end=\"3091\">Ist die Camaret M\u00fctze unisex?<\/strong><br data-start=\"3091\" data-end=\"3094\" \/>Ja \u2013 sie passt sowohl Damen als auch Herren und ist in mehreren Gr\u00f6\u00dfen erh\u00e4ltlich.<\/p>\n<p class=\"\" data-start=\"3178\" data-end=\"3283\"><strong data-start=\"3178\" data-end=\"3210\">Sch\u00fctzt die M\u00fctze vor Sonne?<\/strong><br data-start=\"3210\" data-end=\"3213\" \/>Der feste Schild bietet angenehmen Schatten f\u00fcr Stirn und Augenpartie.<\/p>\n<p class=\"\" data-start=\"3285\" data-end=\"3424\"><strong data-start=\"3285\" data-end=\"3337\">Ist das Material auch f\u00fcr w\u00e4rmere Tage geeignet?<\/strong><br data-start=\"3337\" data-end=\"3340\" \/>Ja \u2013 die reine Baumwolle ist atmungsaktiv und angenehm auf der Haut, auch bei Hitze.<\/p>\n<\/div>\n<\/details>\n<\/div>\n","protected":false},"excerpt":{"rendered":"<h3 class=\"\" data-start=\"72\" data-end=\"123\"><strong data-start=\"76\" data-end=\"123\">Casual Chic trifft auf franz\u00f6sisches Design<\/strong><\/h3>\n<p data-start=\"72\" data-end=\"123\">Die Camaret M\u00fctze in Jeansoptik ist die perfekte Wahl f\u00fcr alle, die einen l\u00e4ssigen, modischen und dennoch zeitlosen Look lieben. Inspiriert vom klassischen Matrosenstil bringt sie maritimes Flair und modische Coolness in Einklang. Gefertigt aus 100% robuster Baumwolle in Denim-Qualit\u00e4t, ist sie atmungsaktiv, formstabil und ein echter Alltagsbegleiter mit Stil. ACHTUNG: Blaut\u00f6ne sind unterschiedlich!<\/p>\n","protected":false},"featured_media":20421,"template":"","meta":{"_acf_changed":false,"rs_blank_template":"","rs_page_bg_color":"","slide_template_v7":""},"product_brand":[250],"product_cat":[686,445],"product_tag":[],"class_list":{"0":"post-20420","1":"product","2":"type-product","3":"status-publish","4":"has-post-thumbnail","6":"product_brand-risa-hutwerkstatt-schweiz","7":"product_cat-camaret-sommermuetze","8":"product_cat-sommermuetzen","9":"product_shipping_class-mittlere-pakete","10":"pa_color-jeans","11":"pa_groesse-196","12":"pa_groesse-207","13":"pa_groesse-197","14":"pa_groesse-208","15":"pa_groesse-198","16":"pa_groesse-209","17":"pa_groesse-199","18":"yith_product_brand-risa-hutwerkstatt-schweiz","21":"instock","22":"taxable","23":"shipping-taxable","24":"purchasable","25":"product-type-variable","26":"wvs-archive-product-wrapper","27":"add-to-wishlist-after_add_to_cart"},"acf":[],"yoast_head":"<!-- This site is optimized with the Yoast SEO Premium plugin v27.3 (Yoast SEO v27.3) - https:\/\/yoast.com\/product\/yoast-seo-premium-wordpress\/ -->\n<title>Camaret M\u00fctze Jeans \u2013 Sommerm\u00fctze aus Baumwolle mit Schild<\/title>\n<meta name=\"description\" content=\"L\u00e4ssige Camaret M\u00fctze aus Jeans-Baumwolle mit Schild \u2013 unisex, leicht &amp; handgefertigt in Europa.\" \/>\n<meta name=\"robots\" content=\"index, follow, max-snippet:-1, max-image-preview:large, max-video-preview:-1\" \/>\n<link rel=\"canonical\" href=\"https:\/\/hutfactory.com\/?product=camaret-muetze-denim\" \/>\n<meta property=\"og:locale\" content=\"de_DE\" \/>\n<meta property=\"og:type\" content=\"article\" \/>\n<meta property=\"og:title\" content=\"Camaret M\u00fctze Denim\" \/>\n<meta property=\"og:description\" content=\"L\u00e4ssige Camaret M\u00fctze aus Jeans-Baumwolle mit Schild \u2013 unisex, leicht &amp; handgefertigt in Europa.\" \/>\n<meta property=\"og:url\" content=\"https:\/\/hutfactory.com\/?product=camaret-muetze-denim\" \/>\n<meta property=\"og:site_name\" content=\"Hut Factory\" \/>\n<meta property=\"article:modified_time\" content=\"2026-03-12T02:35:17+00:00\" \/>\n<meta property=\"og:image\" content=\"https:\/\/hutfactory.com\/wp-content\/uploads\/2026\/03\/69835-e1608111274888-scaled-1.webp\" \/>\n\t<meta property=\"og:image:width\" content=\"750\" \/>\n\t<meta property=\"og:image:height\" content=\"750\" \/>\n\t<meta property=\"og:image:type\" content=\"image\/webp\" \/>\n<meta name=\"twitter:card\" content=\"summary_large_image\" \/>\n<meta name=\"twitter:label1\" content=\"Gesch\u00e4tzte Lesezeit\" \/>\n\t<meta name=\"twitter:data1\" content=\"2\u00a0Minuten\" \/>\n<script type=\"application\/ld+json\" class=\"yoast-schema-graph\">{\"@context\":\"https:\\\/\\\/schema.org\",\"@graph\":[{\"@type\":\"WebPage\",\"@id\":\"https:\\\/\\\/hutfactory.com\\\/?product=camaret-muetze-denim\",\"url\":\"https:\\\/\\\/hutfactory.com\\\/?product=camaret-muetze-denim\",\"name\":\"Camaret M\u00fctze Jeans \u2013 Sommerm\u00fctze aus Baumwolle mit Schild\",\"isPartOf\":{\"@id\":\"https:\\\/\\\/hutfactory.com\\\/#website\"},\"primaryImageOfPage\":{\"@id\":\"https:\\\/\\\/hutfactory.com\\\/?product=camaret-muetze-denim#primaryimage\"},\"image\":{\"@id\":\"https:\\\/\\\/hutfactory.com\\\/?product=camaret-muetze-denim#primaryimage\"},\"thumbnailUrl\":\"https:\\\/\\\/hutfactory.com\\\/wp-content\\\/uploads\\\/2026\\\/03\\\/69835-e1608111274888-scaled-1.webp\",\"datePublished\":\"2026-03-10T13:06:48+00:00\",\"dateModified\":\"2026-03-12T02:35:17+00:00\",\"description\":\"L\u00e4ssige Camaret M\u00fctze aus Jeans-Baumwolle mit Schild \u2013 unisex, leicht & handgefertigt in Europa.\",\"breadcrumb\":{\"@id\":\"https:\\\/\\\/hutfactory.com\\\/?product=camaret-muetze-denim#breadcrumb\"},\"inLanguage\":\"de\",\"potentialAction\":[{\"@type\":\"ReadAction\",\"target\":[\"https:\\\/\\\/hutfactory.com\\\/?product=camaret-muetze-denim\"]}]},{\"@type\":\"ImageObject\",\"inLanguage\":\"de\",\"@id\":\"https:\\\/\\\/hutfactory.com\\\/?product=camaret-muetze-denim#primaryimage\",\"url\":\"https:\\\/\\\/hutfactory.com\\\/wp-content\\\/uploads\\\/2026\\\/03\\\/69835-e1608111274888-scaled-1.webp\",\"contentUrl\":\"https:\\\/\\\/hutfactory.com\\\/wp-content\\\/uploads\\\/2026\\\/03\\\/69835-e1608111274888-scaled-1.webp\",\"width\":750,\"height\":750,\"caption\":\"handgefertigt in Italien\"},{\"@type\":\"BreadcrumbList\",\"@id\":\"https:\\\/\\\/hutfactory.com\\\/?product=camaret-muetze-denim#breadcrumb\",\"itemListElement\":[{\"@type\":\"ListItem\",\"position\":1,\"name\":\"Start\",\"item\":\"https:\\\/\\\/hutfactory.com\\\/\"},{\"@type\":\"ListItem\",\"position\":2,\"name\":\"Shop\",\"item\":\"https:\\\/\\\/hutfactory.com\\\/?page_id=10\"},{\"@type\":\"ListItem\",\"position\":3,\"name\":\"Camaret M\u00fctze Denim\"}]},{\"@type\":\"WebSite\",\"@id\":\"https:\\\/\\\/hutfactory.com\\\/#website\",\"url\":\"https:\\\/\\\/hutfactory.com\\\/\",\"name\":\"Hut Factory\",\"description\":\"H\u00fcte, Kappen &amp; M\u00fctzen in Top Swiss\\\/EU Qualit\u00e4t\",\"publisher\":{\"@id\":\"https:\\\/\\\/hutfactory.com\\\/#organization\"},\"alternateName\":\"Hut Shop\",\"potentialAction\":[{\"@type\":\"SearchAction\",\"target\":{\"@type\":\"EntryPoint\",\"urlTemplate\":\"https:\\\/\\\/hutfactory.com\\\/?s={search_term_string}\"},\"query-input\":{\"@type\":\"PropertyValueSpecification\",\"valueRequired\":true,\"valueName\":\"search_term_string\"}}],\"inLanguage\":\"de\"},{\"@type\":\"Organization\",\"@id\":\"https:\\\/\\\/hutfactory.com\\\/#organization\",\"name\":\"Hut Factory\",\"url\":\"https:\\\/\\\/hutfactory.com\\\/\",\"logo\":{\"@type\":\"ImageObject\",\"inLanguage\":\"de\",\"@id\":\"https:\\\/\\\/hutfactory.com\\\/#\\\/schema\\\/logo\\\/image\\\/\",\"url\":\"https:\\\/\\\/hutfactory.com\\\/wp-content\\\/uploads\\\/2026\\\/01\\\/Logo-hut-factory-1.webp\",\"contentUrl\":\"https:\\\/\\\/hutfactory.com\\\/wp-content\\\/uploads\\\/2026\\\/01\\\/Logo-hut-factory-1.webp\",\"width\":300,\"height\":262,\"caption\":\"Hut Factory\"},\"image\":{\"@id\":\"https:\\\/\\\/hutfactory.com\\\/#\\\/schema\\\/logo\\\/image\\\/\"}}]}<\/script>\n<!-- \/ Yoast SEO Premium plugin. -->","yoast_head_json":{"title":"Camaret M\u00fctze Jeans \u2013 Sommerm\u00fctze aus Baumwolle mit Schild","description":"L\u00e4ssige Camaret M\u00fctze aus Jeans-Baumwolle mit Schild \u2013 unisex, leicht & handgefertigt in Europa.","robots":{"index":"index","follow":"follow","max-snippet":"max-snippet:-1","max-image-preview":"max-image-preview:large","max-video-preview":"max-video-preview:-1"},"canonical":"https:\/\/hutfactory.com\/?product=camaret-muetze-denim","og_locale":"de_DE","og_type":"article","og_title":"Camaret M\u00fctze Denim","og_description":"L\u00e4ssige Camaret M\u00fctze aus Jeans-Baumwolle mit Schild \u2013 unisex, leicht & handgefertigt in Europa.","og_url":"https:\/\/hutfactory.com\/?product=camaret-muetze-denim","og_site_name":"Hut Factory","article_modified_time":"2026-03-12T02:35:17+00:00","og_image":[{"width":750,"height":750,"url":"https:\/\/hutfactory.com\/wp-content\/uploads\/2026\/03\/69835-e1608111274888-scaled-1.webp","type":"image\/webp"}],"twitter_card":"summary_large_image","twitter_misc":{"Gesch\u00e4tzte Lesezeit":"2\u00a0Minuten"},"schema":{"@context":"https:\/\/schema.org","@graph":[{"@type":"WebPage","@id":"https:\/\/hutfactory.com\/?product=camaret-muetze-denim","url":"https:\/\/hutfactory.com\/?product=camaret-muetze-denim","name":"Camaret M\u00fctze Jeans \u2013 Sommerm\u00fctze aus Baumwolle mit Schild","isPartOf":{"@id":"https:\/\/hutfactory.com\/#website"},"primaryImageOfPage":{"@id":"https:\/\/hutfactory.com\/?product=camaret-muetze-denim#primaryimage"},"image":{"@id":"https:\/\/hutfactory.com\/?product=camaret-muetze-denim#primaryimage"},"thumbnailUrl":"https:\/\/hutfactory.com\/wp-content\/uploads\/2026\/03\/69835-e1608111274888-scaled-1.webp","datePublished":"2026-03-10T13:06:48+00:00","dateModified":"2026-03-12T02:35:17+00:00","description":"L\u00e4ssige Camaret M\u00fctze aus Jeans-Baumwolle mit Schild \u2013 unisex, leicht & handgefertigt in Europa.","breadcrumb":{"@id":"https:\/\/hutfactory.com\/?product=camaret-muetze-denim#breadcrumb"},"inLanguage":"de","potentialAction":[{"@type":"ReadAction","target":["https:\/\/hutfactory.com\/?product=camaret-muetze-denim"]}]},{"@type":"ImageObject","inLanguage":"de","@id":"https:\/\/hutfactory.com\/?product=camaret-muetze-denim#primaryimage","url":"https:\/\/hutfactory.com\/wp-content\/uploads\/2026\/03\/69835-e1608111274888-scaled-1.webp","contentUrl":"https:\/\/hutfactory.com\/wp-content\/uploads\/2026\/03\/69835-e1608111274888-scaled-1.webp","width":750,"height":750,"caption":"handgefertigt in Italien"},{"@type":"BreadcrumbList","@id":"https:\/\/hutfactory.com\/?product=camaret-muetze-denim#breadcrumb","itemListElement":[{"@type":"ListItem","position":1,"name":"Start","item":"https:\/\/hutfactory.com\/"},{"@type":"ListItem","position":2,"name":"Shop","item":"https:\/\/hutfactory.com\/?page_id=10"},{"@type":"ListItem","position":3,"name":"Camaret M\u00fctze Denim"}]},{"@type":"WebSite","@id":"https:\/\/hutfactory.com\/#website","url":"https:\/\/hutfactory.com\/","name":"Hut Factory","description":"H\u00fcte, Kappen &amp; M\u00fctzen in Top Swiss\/EU Qualit\u00e4t","publisher":{"@id":"https:\/\/hutfactory.com\/#organization"},"alternateName":"Hut Shop","potentialAction":[{"@type":"SearchAction","target":{"@type":"EntryPoint","urlTemplate":"https:\/\/hutfactory.com\/?s={search_term_string}"},"query-input":{"@type":"PropertyValueSpecification","valueRequired":true,"valueName":"search_term_string"}}],"inLanguage":"de"},{"@type":"Organization","@id":"https:\/\/hutfactory.com\/#organization","name":"Hut Factory","url":"https:\/\/hutfactory.com\/","logo":{"@type":"ImageObject","inLanguage":"de","@id":"https:\/\/hutfactory.com\/#\/schema\/logo\/image\/","url":"https:\/\/hutfactory.com\/wp-content\/uploads\/2026\/01\/Logo-hut-factory-1.webp","contentUrl":"https:\/\/hutfactory.com\/wp-content\/uploads\/2026\/01\/Logo-hut-factory-1.webp","width":300,"height":262,"caption":"Hut Factory"},"image":{"@id":"https:\/\/hutfactory.com\/#\/schema\/logo\/image\/"}}]}},"_links":{"self":[{"href":"https:\/\/hutfactory.com\/index.php?rest_route=\/wp\/v2\/product\/20420","targetHints":{"allow":["GET"]}}],"collection":[{"href":"https:\/\/hutfactory.com\/index.php?rest_route=\/wp\/v2\/product"}],"about":[{"href":"https:\/\/hutfactory.com\/index.php?rest_route=\/wp\/v2\/types\/product"}],"wp:featuredmedia":[{"embeddable":true,"href":"https:\/\/hutfactory.com\/index.php?rest_route=\/wp\/v2\/media\/20421"}],"wp:attachment":[{"href":"https:\/\/hutfactory.com\/index.php?rest_route=%2Fwp%2Fv2%2Fmedia&parent=20420"}],"wp:term":[{"taxonomy":"product_brand","embeddable":true,"href":"https:\/\/hutfactory.com\/index.php?rest_route=%2Fwp%2Fv2%2Fproduct_brand&post=20420"},{"taxonomy":"product_cat","embeddable":true,"href":"https:\/\/hutfactory.com\/index.php?rest_route=%2Fwp%2Fv2%2Fproduct_cat&post=20420"},{"taxonomy":"product_tag","embeddable":true,"href":"https:\/\/hutfactory.com\/index.php?rest_route=%2Fwp%2Fv2%2Fproduct_tag&post=20420"}],"curies":[{"name":"wp","href":"https:\/\/api.w.org\/{rel}","templated":true}]}}