{"id":20343,"date":"2026-03-10T13:06:10","date_gmt":"2026-03-10T13:06:10","guid":{"rendered":"https:\/\/hutfactory.com\/?product=schiebermuetze-art-of-color"},"modified":"2026-03-12T04:27:25","modified_gmt":"2026-03-12T04:27:25","slug":"schiebermuetze-art-of-color","status":"publish","type":"product","link":"https:\/\/hutfactory.com\/?product=schiebermuetze-art-of-color","title":{"rendered":"Schieberm\u00fctze &#8220;Art of color&#8221;"},"content":{"rendered":"<h3 data-start=\"526\" data-end=\"568\"><strong>Farbenfrohe Leichtigkeit f\u00fcr den Sommer<\/strong><\/h3>\n<p data-start=\"569\" data-end=\"951\">Das atmungsaktive <strong data-start=\"587\" data-end=\"614\">Leinen-Viskose-Material<\/strong> macht diese Schieberm\u00fctze zum perfekten Begleiter f\u00fcr warme Temperaturen. Das <strong data-start=\"693\" data-end=\"728\">kunstvolle Muster in Multicolor<\/strong> sorgt f\u00fcr einen einzigartigen Look, der Individualit\u00e4t und modisches Gesp\u00fcr unterstreicht. Der klassische Schnitt mit leicht verl\u00e4ngertem Schild sorgt f\u00fcr eine stilvolle Passform, die zu zahlreichen Sommer-Outfits passt.<\/p>\n<h3 data-start=\"953\" data-end=\"978\"><strong data-start=\"957\" data-end=\"976\">Perfekt f\u00fcr\u2026  <\/strong><\/h3>\n<p data-start=\"979\" data-end=\"1339\">  <strong data-start=\"982\" data-end=\"1005\">Sommerliche Anl\u00e4sse<\/strong> \u2013 Ob am Strand, beim Stadtbummel oder im Caf\u00e9, diese M\u00fctze verleiht jedem Look das gewisse Etwas.<br data-start=\"1103\" data-end=\"1106\" \/>  <strong data-start=\"1109\" data-end=\"1139\">Kreative Fashion-Liebhaber<\/strong> \u2013 Perfekt f\u00fcr alle, die Farben lieben und ein modisches Statement setzen m\u00f6chten.<br data-start=\"1221\" data-end=\"1224\" \/>  <strong data-start=\"1227\" data-end=\"1263\">Nat\u00fcrliche Materialien &#038; Komfort<\/strong> \u2013 Die Mischung aus Leinen &#038; Viskose sorgt f\u00fcr ein angenehmes Tragegef\u00fchl.<\/p>\n<div class=\"hf-accordions\">\n<hr class=\"hf-accordion-separator\" \/>\n<details class=\"hf-accordion\">\n<summary><strong>\u25b6\ufe0f Gut zu wissen \u2013 mehr erfahren<\/strong><\/summary>\n<div class=\"hf-accordion-content\">\n<h3 data-start=\"1341\" data-end=\"1374\"><strong data-start=\"1345\" data-end=\"1372\">Eigenschaften &#038; Details<\/strong><\/h3>\n<ul data-start=\"1375\" data-end=\"1684\">\n<li data-start=\"1375\" data-end=\"1474\"><strong data-start=\"1377\" data-end=\"1390\">Material:<\/strong> 60% Leinen (LI) \/ 40% Viskose (VI) \u2013 leicht, atmungsaktiv &#038; angenehm auf der Haut<\/li>\n<li data-start=\"1475\" data-end=\"1563\"><strong data-start=\"1477\" data-end=\"1488\">Farben:<\/strong> <strong data-start=\"1489\" data-end=\"1520\">Rot mit Multicolor-Akzenten<\/strong> \u2013 inspiriert von sommerlichen Aquarellen<\/li>\n<li data-start=\"1564\" data-end=\"1613\"><strong data-start=\"1566\" data-end=\"1577\">Gr\u00f6\u00dfen:<\/strong> 56-61 \u2013 f\u00fcr eine bequeme Passform<\/li>\n<li data-start=\"1614\" data-end=\"1684\"><strong data-start=\"1616\" data-end=\"1633\">Tragekomfort:<\/strong> Leicht &#038; k\u00fchlend, perfekt f\u00fcr warme Temperaturen<\/li>\n<\/ul>\n<h3 data-start=\"1686\" data-end=\"1717\"><strong data-start=\"1690\" data-end=\"1715\">Design &#038; Verarbeitung<\/strong><\/h3>\n<p data-start=\"1718\" data-end=\"2042\">Die <strong data-start=\"1722\" data-end=\"1752\">Schieberm\u00fctze \u201eSommertime\u201c<\/strong> verbindet klassische Eleganz mit einem modernen, kreativen Design. Die geschwungene Form und das auff\u00e4llige Farbspiel verleihen ihr einen <strong data-start=\"1891\" data-end=\"1925\">l\u00e4ssigen, aber stilvollen Look<\/strong>. Ob zu einem schlichten Leinenhemd oder sommerlicher Freizeitkleidung \u2013 diese M\u00fctze wird garantiert zum Blickfang.<\/p>\n<h3 data-start=\"2044\" data-end=\"2078\"><strong data-start=\"2048\" data-end=\"2076\">Handgefertigt in Italien<\/strong><\/h3>\n<p data-start=\"2079\" data-end=\"2354\">Diese exklusive M\u00fctze wurde von der <strong data-start=\"2115\" data-end=\"2157\">Schweizer Hutmanufaktur Risa entworfen<\/strong> und in einer kleinen italienischen Manufaktur mit h\u00f6chster Sorgfalt hergestellt. Das bedeutet erstklassige Handwerkskunst und eine <strong data-start=\"2289\" data-end=\"2311\">limitierte Auflage<\/strong>, die f\u00fcr besondere Individualit\u00e4t steht.<\/p>\n<h3 data-start=\"2356\" data-end=\"2391\"><strong data-start=\"2360\" data-end=\"2389\">Nachhaltigkeit &#038; Qualit\u00e4t<\/strong><\/h3>\n<p data-start=\"2392\" data-end=\"2670\">  <strong data-start=\"2395\" data-end=\"2422\">Hochwertige Naturfasern<\/strong> \u2013 Atmungsaktiv, langlebig &#038; nachhaltig verarbeitet.<br data-start=\"2474\" data-end=\"2477\" \/>  <strong data-start=\"2480\" data-end=\"2511\">Handgefertigte Exklusivit\u00e4t<\/strong> \u2013 Jedes Modell wird mit Liebe zum Detail produziert.<br data-start=\"2564\" data-end=\"2567\" \/>  <strong data-start=\"2570\" data-end=\"2594\">Langlebig &#038; stilvoll<\/strong> \u2013 Perfekt f\u00fcr alle, die Wert auf Qualit\u00e4t und einzigartiges Design legen.<\/p>\n<h3 data-start=\"2672\" data-end=\"2703\"><strong data-start=\"2676\" data-end=\"2701\">Herstellung &#038; Versand<\/strong><\/h3>\n<p data-start=\"2704\" data-end=\"2952\">  <strong data-start=\"2707\" data-end=\"2722\">Produktion:<\/strong> In limitierter St\u00fcckzahl in Italien gefertigt<br data-start=\"2768\" data-end=\"2771\" \/>  <strong data-start=\"2774\" data-end=\"2786\">Versand:<\/strong> Innerhalb weniger Tage ab Lager Schweiz<br data-start=\"2826\" data-end=\"2829\" \/>\u23f3 <strong data-start=\"2831\" data-end=\"2849\">Verf\u00fcgbarkeit:<\/strong> Abverkauf des Rohmaterials vorbehalten<br data-start=\"2888\" data-end=\"2891\" \/>  <strong data-start=\"2894\" data-end=\"2907\">Umtausch:<\/strong> Nur bei Material- oder Herstellungsfehlern<\/p>\n<\/div>\n<\/details>\n<details class=\"hf-accordion\">\n<summary><strong>\u25b6\ufe0f FAQ \u2013 H\u00e4ufige Fragen<\/strong><\/summary>\n<div class=\"hf-accordion-content\">\n<p data-start=\"2994\" data-end=\"3112\">  <strong data-start=\"2997\" data-end=\"3026\">Ist jede M\u00fctze identisch?<\/strong><br data-start=\"3026\" data-end=\"3029\" \/>Nein, das Muster variiert leicht, sodass jede M\u00fctze ein einzigartiges Design hat.<\/p>\n<p data-start=\"3114\" data-end=\"3262\">  <strong data-start=\"3117\" data-end=\"3159\">Ist die M\u00fctze f\u00fcr hei\u00dfe Tage geeignet?<\/strong><br data-start=\"3159\" data-end=\"3162\" \/>Ja, die leichte Leinen-Viskose-Mischung sorgt f\u00fcr Atmungsaktivit\u00e4t und ein angenehmes Tragegef\u00fchl.<\/p>\n<p data-start=\"3264\" data-end=\"3385\">  <strong data-start=\"3267\" data-end=\"3298\">Kann ich die M\u00fctze waschen?<\/strong><br data-start=\"3298\" data-end=\"3301\" \/>Wir empfehlen <strong data-start=\"3315\" data-end=\"3329\">Handw\u00e4sche<\/strong> mit kaltem Wasser, um die Farben optimal zu erhalten.<\/p>\n<p data-start=\"3387\" data-end=\"3594\">  <strong data-start=\"3390\" data-end=\"3448\">Passt die M\u00fctze zu sportlichen oder eleganten Outfits?<\/strong><br data-start=\"3448\" data-end=\"3451\" \/>Ihr auff\u00e4lliges Design macht sie sowohl zum perfekten Begleiter f\u00fcr sommerliche Freizeitlooks als auch zum Hingucker bei stilvollen Anl\u00e4ssen.<\/p>\n<p data-start=\"3596\" data-end=\"3771\">  <strong data-start=\"3599\" data-end=\"3644\">Gibt es die M\u00fctze auch in anderen Farben?<\/strong><br data-start=\"3644\" data-end=\"3647\" \/>Dieses Modell ist in einer limitierten Farbvariante erh\u00e4ltlich \u2013 sichern Sie sich Ihr Exemplar, solange der Vorrat reicht!<\/p>\n<\/div>\n<\/details>\n<\/div>\n","protected":false},"excerpt":{"rendered":"<h3 data-start=\"80\" data-end=\"130\"><strong data-start=\"85\" data-end=\"128\">Kunstvolle Farben &#038; sommerliches Design<\/strong><\/h3>\n<p data-start=\"131\" data-end=\"524\">Die <strong data-start=\"135\" data-end=\"165\">Schieberm\u00fctze \u201eSommertime\u201c<\/strong> ist eine Hommage an warme Tage, lebendige Farben und stilvolle Eleganz. Ihr einzigartiges, mehrfarbiges Muster in <strong data-start=\"280\" data-end=\"308\">Rot-, Blau- und Erdt\u00f6nen<\/strong> erinnert an kunstvolle Aquarelle und bringt Schwung in jedes Sommeroutfit. Gefertigt aus Leinen und Viskose, vereint sie luftige Leichtigkeit mit weichem Tragekomfort \u2013 ideal f\u00fcr sonnige Tage mit Stil.<\/p>\n","protected":false},"featured_media":20344,"template":"","meta":{"_acf_changed":false,"rs_blank_template":"","rs_page_bg_color":"","slide_template_v7":""},"product_brand":[250],"product_cat":[692,445],"product_tag":[],"class_list":{"0":"post-20343","1":"product","2":"type-product","3":"status-publish","4":"has-post-thumbnail","6":"product_brand-risa-hutwerkstatt-schweiz","7":"product_cat-schiebermuetzen-sommermuetzen","8":"product_cat-sommermuetzen","9":"product_shipping_class-mittlere-pakete","10":"pa_color-rot","11":"pa_groesse-207","12":"pa_groesse-197","13":"pa_groesse-208","14":"pa_groesse-198","15":"pa_groesse-209","16":"pa_groesse-199","17":"yith_product_brand-risa-hutwerkstatt-schweiz","20":"instock","21":"taxable","22":"shipping-taxable","23":"purchasable","24":"product-type-variable","25":"wvs-archive-product-wrapper","26":"add-to-wishlist-after_add_to_cart"},"acf":[],"yoast_head":"<!-- This site is optimized with the Yoast SEO Premium plugin v27.3 (Yoast SEO v27.3) - https:\/\/yoast.com\/product\/yoast-seo-premium-wordpress\/ -->\n<title>Schieberm\u00fctze \u201eSommertime\u201c \u2013 Farbenfroher Sommerlook<\/title>\n<meta name=\"description\" content=\"Leichte Schieberm\u00fctze mit farbenfrohem Aquarell-Design \u2013 aus Leinen &amp; Viskose, perfekt f\u00fcr den Sommer. Jetzt entdecken\" \/>\n<meta name=\"robots\" content=\"index, follow, max-snippet:-1, max-image-preview:large, max-video-preview:-1\" \/>\n<link rel=\"canonical\" href=\"https:\/\/hutfactory.com\/?product=schiebermuetze-art-of-color\" \/>\n<meta property=\"og:locale\" content=\"de_DE\" \/>\n<meta property=\"og:type\" content=\"article\" \/>\n<meta property=\"og:title\" content=\"Schieberm\u00fctze &quot;Art of color&quot;\" \/>\n<meta property=\"og:description\" content=\"Leichte Schieberm\u00fctze mit farbenfrohem Aquarell-Design \u2013 aus Leinen &amp; Viskose, perfekt f\u00fcr den Sommer. Jetzt entdecken\" \/>\n<meta property=\"og:url\" content=\"https:\/\/hutfactory.com\/?product=schiebermuetze-art-of-color\" \/>\n<meta property=\"og:site_name\" content=\"Hut Factory\" \/>\n<meta property=\"article:modified_time\" content=\"2026-03-12T04:27:25+00:00\" \/>\n<meta property=\"og:image\" content=\"https:\/\/hutfactory.com\/wp-content\/uploads\/2026\/03\/64235.1-scaled-1.webp\" \/>\n\t<meta property=\"og:image:width\" content=\"750\" \/>\n\t<meta property=\"og:image:height\" content=\"750\" \/>\n\t<meta property=\"og:image:type\" content=\"image\/webp\" \/>\n<meta name=\"twitter:card\" content=\"summary_large_image\" \/>\n<meta name=\"twitter:label1\" content=\"Gesch\u00e4tzte Lesezeit\" \/>\n\t<meta name=\"twitter:data1\" content=\"2\u00a0Minuten\" \/>\n<script type=\"application\/ld+json\" class=\"yoast-schema-graph\">{\"@context\":\"https:\\\/\\\/schema.org\",\"@graph\":[{\"@type\":\"WebPage\",\"@id\":\"https:\\\/\\\/hutfactory.com\\\/?product=schiebermuetze-art-of-color\",\"url\":\"https:\\\/\\\/hutfactory.com\\\/?product=schiebermuetze-art-of-color\",\"name\":\"Schieberm\u00fctze \u201eSommertime\u201c \u2013 Farbenfroher Sommerlook\",\"isPartOf\":{\"@id\":\"https:\\\/\\\/hutfactory.com\\\/#website\"},\"primaryImageOfPage\":{\"@id\":\"https:\\\/\\\/hutfactory.com\\\/?product=schiebermuetze-art-of-color#primaryimage\"},\"image\":{\"@id\":\"https:\\\/\\\/hutfactory.com\\\/?product=schiebermuetze-art-of-color#primaryimage\"},\"thumbnailUrl\":\"https:\\\/\\\/hutfactory.com\\\/wp-content\\\/uploads\\\/2026\\\/03\\\/64235.1-scaled-1.webp\",\"datePublished\":\"2026-03-10T13:06:10+00:00\",\"dateModified\":\"2026-03-12T04:27:25+00:00\",\"description\":\"Leichte Schieberm\u00fctze mit farbenfrohem Aquarell-Design \u2013 aus Leinen & Viskose, perfekt f\u00fcr den Sommer. Jetzt entdecken\",\"breadcrumb\":{\"@id\":\"https:\\\/\\\/hutfactory.com\\\/?product=schiebermuetze-art-of-color#breadcrumb\"},\"inLanguage\":\"de\",\"potentialAction\":[{\"@type\":\"ReadAction\",\"target\":[\"https:\\\/\\\/hutfactory.com\\\/?product=schiebermuetze-art-of-color\"]}]},{\"@type\":\"ImageObject\",\"inLanguage\":\"de\",\"@id\":\"https:\\\/\\\/hutfactory.com\\\/?product=schiebermuetze-art-of-color#primaryimage\",\"url\":\"https:\\\/\\\/hutfactory.com\\\/wp-content\\\/uploads\\\/2026\\\/03\\\/64235.1-scaled-1.webp\",\"contentUrl\":\"https:\\\/\\\/hutfactory.com\\\/wp-content\\\/uploads\\\/2026\\\/03\\\/64235.1-scaled-1.webp\",\"width\":750,\"height\":750,\"caption\":\"Schieberm\u00fctze \\\"Multicolor rot\\\"|\"},{\"@type\":\"BreadcrumbList\",\"@id\":\"https:\\\/\\\/hutfactory.com\\\/?product=schiebermuetze-art-of-color#breadcrumb\",\"itemListElement\":[{\"@type\":\"ListItem\",\"position\":1,\"name\":\"Start\",\"item\":\"https:\\\/\\\/hutfactory.com\\\/\"},{\"@type\":\"ListItem\",\"position\":2,\"name\":\"Shop\",\"item\":\"https:\\\/\\\/hutfactory.com\\\/?page_id=10\"},{\"@type\":\"ListItem\",\"position\":3,\"name\":\"Schieberm\u00fctze &#8220;Art of color&#8221;\"}]},{\"@type\":\"WebSite\",\"@id\":\"https:\\\/\\\/hutfactory.com\\\/#website\",\"url\":\"https:\\\/\\\/hutfactory.com\\\/\",\"name\":\"Hut Factory\",\"description\":\"H\u00fcte, Kappen &amp; M\u00fctzen in Top Swiss\\\/EU Qualit\u00e4t\",\"publisher\":{\"@id\":\"https:\\\/\\\/hutfactory.com\\\/#organization\"},\"alternateName\":\"Hut Shop\",\"potentialAction\":[{\"@type\":\"SearchAction\",\"target\":{\"@type\":\"EntryPoint\",\"urlTemplate\":\"https:\\\/\\\/hutfactory.com\\\/?s={search_term_string}\"},\"query-input\":{\"@type\":\"PropertyValueSpecification\",\"valueRequired\":true,\"valueName\":\"search_term_string\"}}],\"inLanguage\":\"de\"},{\"@type\":\"Organization\",\"@id\":\"https:\\\/\\\/hutfactory.com\\\/#organization\",\"name\":\"Hut Factory\",\"url\":\"https:\\\/\\\/hutfactory.com\\\/\",\"logo\":{\"@type\":\"ImageObject\",\"inLanguage\":\"de\",\"@id\":\"https:\\\/\\\/hutfactory.com\\\/#\\\/schema\\\/logo\\\/image\\\/\",\"url\":\"https:\\\/\\\/hutfactory.com\\\/wp-content\\\/uploads\\\/2026\\\/01\\\/Logo-hut-factory-1.webp\",\"contentUrl\":\"https:\\\/\\\/hutfactory.com\\\/wp-content\\\/uploads\\\/2026\\\/01\\\/Logo-hut-factory-1.webp\",\"width\":300,\"height\":262,\"caption\":\"Hut Factory\"},\"image\":{\"@id\":\"https:\\\/\\\/hutfactory.com\\\/#\\\/schema\\\/logo\\\/image\\\/\"}}]}<\/script>\n<!-- \/ Yoast SEO Premium plugin. -->","yoast_head_json":{"title":"Schieberm\u00fctze \u201eSommertime\u201c \u2013 Farbenfroher Sommerlook","description":"Leichte Schieberm\u00fctze mit farbenfrohem Aquarell-Design \u2013 aus Leinen & Viskose, perfekt f\u00fcr den Sommer. Jetzt entdecken","robots":{"index":"index","follow":"follow","max-snippet":"max-snippet:-1","max-image-preview":"max-image-preview:large","max-video-preview":"max-video-preview:-1"},"canonical":"https:\/\/hutfactory.com\/?product=schiebermuetze-art-of-color","og_locale":"de_DE","og_type":"article","og_title":"Schieberm\u00fctze \"Art of color\"","og_description":"Leichte Schieberm\u00fctze mit farbenfrohem Aquarell-Design \u2013 aus Leinen & Viskose, perfekt f\u00fcr den Sommer. Jetzt entdecken","og_url":"https:\/\/hutfactory.com\/?product=schiebermuetze-art-of-color","og_site_name":"Hut Factory","article_modified_time":"2026-03-12T04:27:25+00:00","og_image":[{"width":750,"height":750,"url":"https:\/\/hutfactory.com\/wp-content\/uploads\/2026\/03\/64235.1-scaled-1.webp","type":"image\/webp"}],"twitter_card":"summary_large_image","twitter_misc":{"Gesch\u00e4tzte Lesezeit":"2\u00a0Minuten"},"schema":{"@context":"https:\/\/schema.org","@graph":[{"@type":"WebPage","@id":"https:\/\/hutfactory.com\/?product=schiebermuetze-art-of-color","url":"https:\/\/hutfactory.com\/?product=schiebermuetze-art-of-color","name":"Schieberm\u00fctze \u201eSommertime\u201c \u2013 Farbenfroher Sommerlook","isPartOf":{"@id":"https:\/\/hutfactory.com\/#website"},"primaryImageOfPage":{"@id":"https:\/\/hutfactory.com\/?product=schiebermuetze-art-of-color#primaryimage"},"image":{"@id":"https:\/\/hutfactory.com\/?product=schiebermuetze-art-of-color#primaryimage"},"thumbnailUrl":"https:\/\/hutfactory.com\/wp-content\/uploads\/2026\/03\/64235.1-scaled-1.webp","datePublished":"2026-03-10T13:06:10+00:00","dateModified":"2026-03-12T04:27:25+00:00","description":"Leichte Schieberm\u00fctze mit farbenfrohem Aquarell-Design \u2013 aus Leinen & Viskose, perfekt f\u00fcr den Sommer. Jetzt entdecken","breadcrumb":{"@id":"https:\/\/hutfactory.com\/?product=schiebermuetze-art-of-color#breadcrumb"},"inLanguage":"de","potentialAction":[{"@type":"ReadAction","target":["https:\/\/hutfactory.com\/?product=schiebermuetze-art-of-color"]}]},{"@type":"ImageObject","inLanguage":"de","@id":"https:\/\/hutfactory.com\/?product=schiebermuetze-art-of-color#primaryimage","url":"https:\/\/hutfactory.com\/wp-content\/uploads\/2026\/03\/64235.1-scaled-1.webp","contentUrl":"https:\/\/hutfactory.com\/wp-content\/uploads\/2026\/03\/64235.1-scaled-1.webp","width":750,"height":750,"caption":"Schieberm\u00fctze \"Multicolor rot\"|"},{"@type":"BreadcrumbList","@id":"https:\/\/hutfactory.com\/?product=schiebermuetze-art-of-color#breadcrumb","itemListElement":[{"@type":"ListItem","position":1,"name":"Start","item":"https:\/\/hutfactory.com\/"},{"@type":"ListItem","position":2,"name":"Shop","item":"https:\/\/hutfactory.com\/?page_id=10"},{"@type":"ListItem","position":3,"name":"Schieberm\u00fctze &#8220;Art of color&#8221;"}]},{"@type":"WebSite","@id":"https:\/\/hutfactory.com\/#website","url":"https:\/\/hutfactory.com\/","name":"Hut Factory","description":"H\u00fcte, Kappen &amp; M\u00fctzen in Top Swiss\/EU Qualit\u00e4t","publisher":{"@id":"https:\/\/hutfactory.com\/#organization"},"alternateName":"Hut Shop","potentialAction":[{"@type":"SearchAction","target":{"@type":"EntryPoint","urlTemplate":"https:\/\/hutfactory.com\/?s={search_term_string}"},"query-input":{"@type":"PropertyValueSpecification","valueRequired":true,"valueName":"search_term_string"}}],"inLanguage":"de"},{"@type":"Organization","@id":"https:\/\/hutfactory.com\/#organization","name":"Hut Factory","url":"https:\/\/hutfactory.com\/","logo":{"@type":"ImageObject","inLanguage":"de","@id":"https:\/\/hutfactory.com\/#\/schema\/logo\/image\/","url":"https:\/\/hutfactory.com\/wp-content\/uploads\/2026\/01\/Logo-hut-factory-1.webp","contentUrl":"https:\/\/hutfactory.com\/wp-content\/uploads\/2026\/01\/Logo-hut-factory-1.webp","width":300,"height":262,"caption":"Hut Factory"},"image":{"@id":"https:\/\/hutfactory.com\/#\/schema\/logo\/image\/"}}]}},"_links":{"self":[{"href":"https:\/\/hutfactory.com\/index.php?rest_route=\/wp\/v2\/product\/20343","targetHints":{"allow":["GET"]}}],"collection":[{"href":"https:\/\/hutfactory.com\/index.php?rest_route=\/wp\/v2\/product"}],"about":[{"href":"https:\/\/hutfactory.com\/index.php?rest_route=\/wp\/v2\/types\/product"}],"wp:featuredmedia":[{"embeddable":true,"href":"https:\/\/hutfactory.com\/index.php?rest_route=\/wp\/v2\/media\/20344"}],"wp:attachment":[{"href":"https:\/\/hutfactory.com\/index.php?rest_route=%2Fwp%2Fv2%2Fmedia&parent=20343"}],"wp:term":[{"taxonomy":"product_brand","embeddable":true,"href":"https:\/\/hutfactory.com\/index.php?rest_route=%2Fwp%2Fv2%2Fproduct_brand&post=20343"},{"taxonomy":"product_cat","embeddable":true,"href":"https:\/\/hutfactory.com\/index.php?rest_route=%2Fwp%2Fv2%2Fproduct_cat&post=20343"},{"taxonomy":"product_tag","embeddable":true,"href":"https:\/\/hutfactory.com\/index.php?rest_route=%2Fwp%2Fv2%2Fproduct_tag&post=20343"}],"curies":[{"name":"wp","href":"https:\/\/api.w.org\/{rel}","templated":true}]}}