{"id":20332,"date":"2026-03-10T13:05:53","date_gmt":"2026-03-10T13:05:53","guid":{"rendered":"https:\/\/hutfactory.com\/?product=schiebermuetze-techne-aus-leinen"},"modified":"2026-03-12T02:45:39","modified_gmt":"2026-03-12T02:45:39","slug":"schiebermuetze-techne-aus-leinen","status":"publish","type":"product","link":"https:\/\/hutfactory.com\/?product=schiebermuetze-techne-aus-leinen","title":{"rendered":"Schieberm\u00fctze T\u00e9chne aus Leinen"},"content":{"rendered":"<h3 data-start=\"0\" data-end=\"73\"><strong data-start=\"4\" data-end=\"71\">Kunstvolle F\u00e4rbung &#038; nachhaltiger Stil<\/strong><\/h3>\n<p data-start=\"132\" data-end=\"516\">Diese au\u00dfergew\u00f6hnliche <strong data-start=\"155\" data-end=\"188\">Schieberm\u00fctze aus 100% Leinen<\/strong> besticht durch ihre organische Farbgebung, die durch eine spezielle F\u00e4rbetechnik mit <strong data-start=\"274\" data-end=\"308\">Holzkohle, Kaffee und Flechten<\/strong> entsteht. Jedes Modell ist ein Unikat mit einem kreativen, lebhaften Muster in warmen <strong data-start=\"395\" data-end=\"426\">Khaki-, Gr\u00fcn- und Rosat\u00f6nen<\/strong>. Die perfekte Wahl f\u00fcr Individualisten, die Wert auf Nachhaltigkeit und \u00c4sthetik legen.<\/p>\n<h3 data-start=\"913\" data-end=\"938\"><strong data-start=\"917\" data-end=\"936\">Perfekt f\u00fcr\u2026  <\/strong><\/h3>\n<p data-start=\"939\" data-end=\"1217\">  <strong data-start=\"942\" data-end=\"986\">Naturliebhaber &#038; Nachhaltigkeitsbewusste<\/strong> \u2013 Pflanzlich gef\u00e4rbt, ressourcenschonend hergestellt.<br data-start=\"1040\" data-end=\"1043\" \/>  <strong data-start=\"1046\" data-end=\"1071\">Individuelle Modefans<\/strong> \u2013 Jedes Exemplar ein Unikat mit kreativer Musterung.<\/p>\n<div class=\"hf-accordions\">\n<hr class=\"hf-accordion-separator\" \/>\n<details class=\"hf-accordion\">\n<summary><strong>\u25b6\ufe0f Gut zu wissen \u2013 mehr erfahren<\/strong><\/summary>\n<div class=\"hf-accordion-content\">\n<h3 data-start=\"1219\" data-end=\"1252\"><strong data-start=\"1223\" data-end=\"1250\">Eigenschaften &#038; Details<\/strong><\/h3>\n<ul data-start=\"1253\" data-end=\"1672\">\n<li data-start=\"1253\" data-end=\"1323\"><strong data-start=\"1255\" data-end=\"1268\">Material:<\/strong> 100% Leinen (LI) \u2013 nachhaltig, leicht &#038; atmungsaktiv<\/li>\n<li data-start=\"1324\" data-end=\"1391\"><strong data-start=\"1326\" data-end=\"1338\">F\u00e4rbung:<\/strong> Nat\u00fcrlich gef\u00e4rbt mit Holzkohle, Kaffee &#038; Flechten<\/li>\n<li data-start=\"1392\" data-end=\"1468\"><strong data-start=\"1394\" data-end=\"1405\">Farben:<\/strong> <strong data-start=\"1406\" data-end=\"1428\">Khaki, Gr\u00fcn &#038; Rosa<\/strong> in sanften, k\u00fcnstlerischen \u00dcberg\u00e4ngen<\/li>\n<li data-start=\"1469\" data-end=\"1546\"><strong data-start=\"1471\" data-end=\"1482\">Muster:<\/strong> Kreative, unregelm\u00e4\u00dfige Struktur f\u00fcr ein individuelles Design<\/li>\n<li data-start=\"1547\" data-end=\"1606\"><strong data-start=\"1549\" data-end=\"1560\">Gr\u00f6\u00dfen:<\/strong> 55-61 \u2013 f\u00fcr eine bequeme, optimale Passform<\/li>\n<li data-start=\"1607\" data-end=\"1672\"><strong data-start=\"1609\" data-end=\"1626\">Tragekomfort:<\/strong> Atmungsaktiv, leicht &#038; ideal f\u00fcr den Sommer<\/li>\n<\/ul>\n<h3 data-start=\"1674\" data-end=\"1705\"><strong data-start=\"1678\" data-end=\"1703\">Design &#038; Verarbeitung<\/strong><\/h3>\n<p data-start=\"1706\" data-end=\"2021\">Die Schieberm\u00fctze <strong data-start=\"1724\" data-end=\"1736\">\u201eT\u00e9chne\u201c<\/strong> vereint traditionelle Handwerkskunst mit innovativem Design. Die sanft geschwungene Krone und der leicht verl\u00e4ngerte Schild sorgen f\u00fcr einen modernen, urbanen Look. Die <strong data-start=\"1906\" data-end=\"1954\">von der Natur inspirierten Farben und Muster<\/strong> machen jede M\u00fctze zu einem besonderen, einzigartigen Accessoire.<\/p>\n<h3 data-start=\"2023\" data-end=\"2056\"><strong data-start=\"2027\" data-end=\"2054\">Handgefertigt in Europa<\/strong><\/h3>\n<p data-start=\"2057\" data-end=\"2328\">Diese M\u00fctze wurde von der <strong data-start=\"2083\" data-end=\"2125\">Schweizer Hutmanufaktur Risa entworfen<\/strong> und in einer europ\u00e4ischen Manufaktur in limitierter St\u00fcckzahl gefertigt. Die aufwendige <strong data-start=\"2214\" data-end=\"2276\">Naturf\u00e4rbung macht jede Schieberm\u00fctze zu einem Einzelst\u00fcck<\/strong> und setzt ein Zeichen f\u00fcr umweltfreundliche Mode.<\/p>\n<h3 data-start=\"2330\" data-end=\"2365\"><strong data-start=\"2334\" data-end=\"2363\">Nachhaltigkeit &#038; Qualit\u00e4t<\/strong><\/h3>\n<p data-start=\"2366\" data-end=\"2622\">  <strong data-start=\"2369\" data-end=\"2396\">100% nat\u00fcrliche F\u00e4rbung<\/strong> \u2013 Ohne synthetische Farbstoffe, umweltschonend verarbeitet.<br data-start=\"2456\" data-end=\"2459\" \/>  <strong data-start=\"2462\" data-end=\"2494\">Traditionelle Handwerkskunst<\/strong> \u2013 Jede M\u00fctze ist ein Unikat, sorgf\u00e4ltig gefertigt.<br data-start=\"2545\" data-end=\"2548\" \/>  <strong data-start=\"2551\" data-end=\"2574\">Langlebig &#038; zeitlos<\/strong> \u2013 Perfekt f\u00fcr viele Jahre individueller Mode.<\/p>\n<h3 data-start=\"2624\" data-end=\"2655\"><strong data-start=\"2628\" data-end=\"2653\">Herstellung &#038; Versand<\/strong><\/h3>\n<p data-start=\"2656\" data-end=\"2897\">  <strong data-start=\"2659\" data-end=\"2674\">Produktion:<\/strong> In kleiner Auflage in Europa gefertigt<br data-start=\"2713\" data-end=\"2716\" \/>  <strong data-start=\"2719\" data-end=\"2731\">Versand:<\/strong> Innerhalb weniger Tage ab Lager Schweiz<br data-start=\"2771\" data-end=\"2774\" \/>\u23f3 <strong data-start=\"2776\" data-end=\"2794\">Verf\u00fcgbarkeit:<\/strong> Abverkauf des Rohmaterials vorbehalten<br data-start=\"2833\" data-end=\"2836\" \/>  <strong data-start=\"2839\" data-end=\"2852\">Umtausch:<\/strong> Nur bei Material- oder Herstellungsfehlern<\/p>\n<\/div>\n<\/details>\n<details class=\"hf-accordion\">\n<summary><strong>\u25b6\ufe0f FAQ \u2013 H\u00e4ufige Fragen<\/strong><\/summary>\n<div class=\"hf-accordion-content\">\n<h3 data-start=\"2899\" data-end=\"2938\"><strong data-start=\"2903\" data-end=\"2936\">FAQ \u2013 H\u00e4ufig gestellte Fragen<\/strong><\/h3>\n<p data-start=\"2939\" data-end=\"3106\">  <strong data-start=\"2942\" data-end=\"2976\">Ist jede M\u00fctze gleich gef\u00e4rbt?<\/strong><br data-start=\"2976\" data-end=\"2979\" \/>Nein, durch die nat\u00fcrliche F\u00e4rbung mit <strong data-start=\"3018\" data-end=\"3052\">Holzkohle, Kaffee und Flechten<\/strong> entsteht bei jedem Modell ein einzigartiges Muster.<\/p>\n<p data-start=\"3108\" data-end=\"3226\">  <strong data-start=\"3111\" data-end=\"3143\">Wie f\u00fchlt sich die M\u00fctze an?<\/strong><br data-start=\"3143\" data-end=\"3146\" \/>Leinen ist besonders leicht und atmungsaktiv \u2013 perfekt f\u00fcr warme Temperaturen.<\/p>\n<p data-start=\"3228\" data-end=\"3368\">  <strong data-start=\"3231\" data-end=\"3266\">Ist die M\u00fctze umweltfreundlich?<\/strong><br data-start=\"3266\" data-end=\"3269\" \/>Ja, die nat\u00fcrliche F\u00e4rbung und die nachhaltige Herstellung machen sie zu einer \u00f6kologischen Wahl.<\/p>\n<p data-start=\"3370\" data-end=\"3496\">  <strong data-start=\"3373\" data-end=\"3404\">Kann ich die M\u00fctze waschen?<\/strong><br data-start=\"3404\" data-end=\"3407\" \/>Wir empfehlen <strong data-start=\"3421\" data-end=\"3442\">sanfte Handw\u00e4sche<\/strong>, um die nat\u00fcrliche F\u00e4rbung bestm\u00f6glich zu erhalten.<\/p>\n<p data-start=\"3498\" data-end=\"3687\">  <strong data-start=\"3501\" data-end=\"3555\">Passt die M\u00fctze zu Casual- oder eleganten Outfits?<\/strong><br data-start=\"3555\" data-end=\"3558\" \/>Ihr einzigartiges Design macht sie zum <strong data-start=\"3597\" data-end=\"3639\">perfekten Hingucker f\u00fcr kreative Looks<\/strong> \u2013 sowohl casual als auch stilvoll kombiniert.<\/p>\n<\/div>\n<\/details>\n<\/div>\n","protected":false},"excerpt":{"rendered":"<h3 data-start=\"4469\" data-end=\"4521\"><strong data-start=\"4473\" data-end=\"4519\">Ein Kunstwerk der Natur !<\/strong><\/h3>\n<p data-start=\"4522\" data-end=\"4753\" data-is-last-node=\"\" data-is-only-node=\"\">Die <strong data-start=\"4526\" data-end=\"4552\">Schieberm\u00fctze \u201eT\u00e9chne\u201c<\/strong> vereint traditionelle Handwerkskunst mit <strong data-start=\"4594\" data-end=\"4641\">nachhaltiger F\u00e4rbung &#038; einzigartigem Design<\/strong>. Lassen Sie sich von der nat\u00fcrlichen Farbstruktur inspirieren und sichern Sie sich Ihr limitiertes Unikat!  <\/p>\n","protected":false},"featured_media":20333,"template":"","meta":{"_acf_changed":false,"rs_blank_template":"","rs_page_bg_color":"","slide_template_v7":""},"product_brand":[250],"product_cat":[692,445],"product_tag":[],"class_list":{"0":"post-20332","1":"product","2":"type-product","3":"status-publish","4":"has-post-thumbnail","6":"product_brand-risa-hutwerkstatt-schweiz","7":"product_cat-schiebermuetzen-sommermuetzen","8":"product_cat-sommermuetzen","9":"product_shipping_class-mittlere-pakete","10":"pa_color-khaki","11":"pa_groesse-196","12":"pa_groesse-207","13":"pa_groesse-197","14":"pa_groesse-208","15":"pa_groesse-198","16":"pa_groesse-209","17":"pa_groesse-199","18":"yith_product_brand-risa-hutwerkstatt-schweiz","21":"instock","22":"taxable","23":"shipping-taxable","24":"purchasable","25":"product-type-variable","26":"wvs-archive-product-wrapper","27":"add-to-wishlist-after_add_to_cart"},"acf":[],"yoast_head":"<!-- This site is optimized with the Yoast SEO Premium plugin v27.3 (Yoast SEO v27.3) - https:\/\/yoast.com\/product\/yoast-seo-premium-wordpress\/ -->\n<title>Paperboy Leinenm\u00fctze schmal Bordeaux Jeans<\/title>\n<meta name=\"description\" content=\"Elegante Paperboy Leinenm\u00fctze mit Karomuster in Bordeaux &amp; Jeans. Schweizer Design, nachhaltige Risa Fertigung in Italien.\" \/>\n<meta name=\"robots\" content=\"index, follow, max-snippet:-1, max-image-preview:large, max-video-preview:-1\" \/>\n<link rel=\"canonical\" href=\"https:\/\/hutfactory.com\/?product=schiebermuetze-techne-aus-leinen\" \/>\n<meta property=\"og:locale\" content=\"de_DE\" \/>\n<meta property=\"og:type\" content=\"article\" \/>\n<meta property=\"og:title\" content=\"Schieberm\u00fctze T\u00e9chne aus Leinen\" \/>\n<meta property=\"og:description\" content=\"Elegante Paperboy Leinenm\u00fctze mit Karomuster in Bordeaux &amp; Jeans. Schweizer Design, nachhaltige Risa Fertigung in Italien.\" \/>\n<meta property=\"og:url\" content=\"https:\/\/hutfactory.com\/?product=schiebermuetze-techne-aus-leinen\" \/>\n<meta property=\"og:site_name\" content=\"Hut Factory\" \/>\n<meta property=\"article:modified_time\" content=\"2026-03-12T02:45:39+00:00\" \/>\n<meta property=\"og:image\" content=\"https:\/\/hutfactory.com\/wp-content\/uploads\/2026\/03\/65445.1-1.webp\" \/>\n\t<meta property=\"og:image:width\" content=\"750\" \/>\n\t<meta property=\"og:image:height\" content=\"750\" \/>\n\t<meta property=\"og:image:type\" content=\"image\/webp\" \/>\n<meta name=\"twitter:card\" content=\"summary_large_image\" \/>\n<meta name=\"twitter:label1\" content=\"Gesch\u00e4tzte Lesezeit\" \/>\n\t<meta name=\"twitter:data1\" content=\"2\u00a0Minuten\" \/>\n<script type=\"application\/ld+json\" class=\"yoast-schema-graph\">{\"@context\":\"https:\\\/\\\/schema.org\",\"@graph\":[{\"@type\":\"WebPage\",\"@id\":\"https:\\\/\\\/hutfactory.com\\\/?product=schiebermuetze-techne-aus-leinen\",\"url\":\"https:\\\/\\\/hutfactory.com\\\/?product=schiebermuetze-techne-aus-leinen\",\"name\":\"Paperboy Leinenm\u00fctze schmal Bordeaux Jeans\",\"isPartOf\":{\"@id\":\"https:\\\/\\\/hutfactory.com\\\/#website\"},\"primaryImageOfPage\":{\"@id\":\"https:\\\/\\\/hutfactory.com\\\/?product=schiebermuetze-techne-aus-leinen#primaryimage\"},\"image\":{\"@id\":\"https:\\\/\\\/hutfactory.com\\\/?product=schiebermuetze-techne-aus-leinen#primaryimage\"},\"thumbnailUrl\":\"https:\\\/\\\/hutfactory.com\\\/wp-content\\\/uploads\\\/2026\\\/03\\\/65445.1-1.webp\",\"datePublished\":\"2026-03-10T13:05:53+00:00\",\"dateModified\":\"2026-03-12T02:45:39+00:00\",\"description\":\"Elegante Paperboy Leinenm\u00fctze mit Karomuster in Bordeaux & Jeans. Schweizer Design, nachhaltige Risa Fertigung in Italien.\",\"breadcrumb\":{\"@id\":\"https:\\\/\\\/hutfactory.com\\\/?product=schiebermuetze-techne-aus-leinen#breadcrumb\"},\"inLanguage\":\"de\",\"potentialAction\":[{\"@type\":\"ReadAction\",\"target\":[\"https:\\\/\\\/hutfactory.com\\\/?product=schiebermuetze-techne-aus-leinen\"]}]},{\"@type\":\"ImageObject\",\"inLanguage\":\"de\",\"@id\":\"https:\\\/\\\/hutfactory.com\\\/?product=schiebermuetze-techne-aus-leinen#primaryimage\",\"url\":\"https:\\\/\\\/hutfactory.com\\\/wp-content\\\/uploads\\\/2026\\\/03\\\/65445.1-1.webp\",\"contentUrl\":\"https:\\\/\\\/hutfactory.com\\\/wp-content\\\/uploads\\\/2026\\\/03\\\/65445.1-1.webp\",\"width\":750,\"height\":750,\"caption\":\"Schieberm\u00fctze aus Leinen||\"},{\"@type\":\"BreadcrumbList\",\"@id\":\"https:\\\/\\\/hutfactory.com\\\/?product=schiebermuetze-techne-aus-leinen#breadcrumb\",\"itemListElement\":[{\"@type\":\"ListItem\",\"position\":1,\"name\":\"Start\",\"item\":\"https:\\\/\\\/hutfactory.com\\\/\"},{\"@type\":\"ListItem\",\"position\":2,\"name\":\"Shop\",\"item\":\"https:\\\/\\\/hutfactory.com\\\/?page_id=10\"},{\"@type\":\"ListItem\",\"position\":3,\"name\":\"Schieberm\u00fctze T\u00e9chne aus Leinen\"}]},{\"@type\":\"WebSite\",\"@id\":\"https:\\\/\\\/hutfactory.com\\\/#website\",\"url\":\"https:\\\/\\\/hutfactory.com\\\/\",\"name\":\"Hut Factory\",\"description\":\"H\u00fcte, Kappen &amp; M\u00fctzen in Top Swiss\\\/EU Qualit\u00e4t\",\"publisher\":{\"@id\":\"https:\\\/\\\/hutfactory.com\\\/#organization\"},\"alternateName\":\"Hut Shop\",\"potentialAction\":[{\"@type\":\"SearchAction\",\"target\":{\"@type\":\"EntryPoint\",\"urlTemplate\":\"https:\\\/\\\/hutfactory.com\\\/?s={search_term_string}\"},\"query-input\":{\"@type\":\"PropertyValueSpecification\",\"valueRequired\":true,\"valueName\":\"search_term_string\"}}],\"inLanguage\":\"de\"},{\"@type\":\"Organization\",\"@id\":\"https:\\\/\\\/hutfactory.com\\\/#organization\",\"name\":\"Hut Factory\",\"url\":\"https:\\\/\\\/hutfactory.com\\\/\",\"logo\":{\"@type\":\"ImageObject\",\"inLanguage\":\"de\",\"@id\":\"https:\\\/\\\/hutfactory.com\\\/#\\\/schema\\\/logo\\\/image\\\/\",\"url\":\"https:\\\/\\\/hutfactory.com\\\/wp-content\\\/uploads\\\/2026\\\/01\\\/Logo-hut-factory-1.webp\",\"contentUrl\":\"https:\\\/\\\/hutfactory.com\\\/wp-content\\\/uploads\\\/2026\\\/01\\\/Logo-hut-factory-1.webp\",\"width\":300,\"height\":262,\"caption\":\"Hut Factory\"},\"image\":{\"@id\":\"https:\\\/\\\/hutfactory.com\\\/#\\\/schema\\\/logo\\\/image\\\/\"}}]}<\/script>\n<!-- \/ Yoast SEO Premium plugin. -->","yoast_head_json":{"title":"Paperboy Leinenm\u00fctze schmal Bordeaux Jeans","description":"Elegante Paperboy Leinenm\u00fctze mit Karomuster in Bordeaux & Jeans. Schweizer Design, nachhaltige Risa Fertigung in Italien.","robots":{"index":"index","follow":"follow","max-snippet":"max-snippet:-1","max-image-preview":"max-image-preview:large","max-video-preview":"max-video-preview:-1"},"canonical":"https:\/\/hutfactory.com\/?product=schiebermuetze-techne-aus-leinen","og_locale":"de_DE","og_type":"article","og_title":"Schieberm\u00fctze T\u00e9chne aus Leinen","og_description":"Elegante Paperboy Leinenm\u00fctze mit Karomuster in Bordeaux & Jeans. Schweizer Design, nachhaltige Risa Fertigung in Italien.","og_url":"https:\/\/hutfactory.com\/?product=schiebermuetze-techne-aus-leinen","og_site_name":"Hut Factory","article_modified_time":"2026-03-12T02:45:39+00:00","og_image":[{"width":750,"height":750,"url":"https:\/\/hutfactory.com\/wp-content\/uploads\/2026\/03\/65445.1-1.webp","type":"image\/webp"}],"twitter_card":"summary_large_image","twitter_misc":{"Gesch\u00e4tzte Lesezeit":"2\u00a0Minuten"},"schema":{"@context":"https:\/\/schema.org","@graph":[{"@type":"WebPage","@id":"https:\/\/hutfactory.com\/?product=schiebermuetze-techne-aus-leinen","url":"https:\/\/hutfactory.com\/?product=schiebermuetze-techne-aus-leinen","name":"Paperboy Leinenm\u00fctze schmal Bordeaux Jeans","isPartOf":{"@id":"https:\/\/hutfactory.com\/#website"},"primaryImageOfPage":{"@id":"https:\/\/hutfactory.com\/?product=schiebermuetze-techne-aus-leinen#primaryimage"},"image":{"@id":"https:\/\/hutfactory.com\/?product=schiebermuetze-techne-aus-leinen#primaryimage"},"thumbnailUrl":"https:\/\/hutfactory.com\/wp-content\/uploads\/2026\/03\/65445.1-1.webp","datePublished":"2026-03-10T13:05:53+00:00","dateModified":"2026-03-12T02:45:39+00:00","description":"Elegante Paperboy Leinenm\u00fctze mit Karomuster in Bordeaux & Jeans. Schweizer Design, nachhaltige Risa Fertigung in Italien.","breadcrumb":{"@id":"https:\/\/hutfactory.com\/?product=schiebermuetze-techne-aus-leinen#breadcrumb"},"inLanguage":"de","potentialAction":[{"@type":"ReadAction","target":["https:\/\/hutfactory.com\/?product=schiebermuetze-techne-aus-leinen"]}]},{"@type":"ImageObject","inLanguage":"de","@id":"https:\/\/hutfactory.com\/?product=schiebermuetze-techne-aus-leinen#primaryimage","url":"https:\/\/hutfactory.com\/wp-content\/uploads\/2026\/03\/65445.1-1.webp","contentUrl":"https:\/\/hutfactory.com\/wp-content\/uploads\/2026\/03\/65445.1-1.webp","width":750,"height":750,"caption":"Schieberm\u00fctze aus Leinen||"},{"@type":"BreadcrumbList","@id":"https:\/\/hutfactory.com\/?product=schiebermuetze-techne-aus-leinen#breadcrumb","itemListElement":[{"@type":"ListItem","position":1,"name":"Start","item":"https:\/\/hutfactory.com\/"},{"@type":"ListItem","position":2,"name":"Shop","item":"https:\/\/hutfactory.com\/?page_id=10"},{"@type":"ListItem","position":3,"name":"Schieberm\u00fctze T\u00e9chne aus Leinen"}]},{"@type":"WebSite","@id":"https:\/\/hutfactory.com\/#website","url":"https:\/\/hutfactory.com\/","name":"Hut Factory","description":"H\u00fcte, Kappen &amp; M\u00fctzen in Top Swiss\/EU Qualit\u00e4t","publisher":{"@id":"https:\/\/hutfactory.com\/#organization"},"alternateName":"Hut Shop","potentialAction":[{"@type":"SearchAction","target":{"@type":"EntryPoint","urlTemplate":"https:\/\/hutfactory.com\/?s={search_term_string}"},"query-input":{"@type":"PropertyValueSpecification","valueRequired":true,"valueName":"search_term_string"}}],"inLanguage":"de"},{"@type":"Organization","@id":"https:\/\/hutfactory.com\/#organization","name":"Hut Factory","url":"https:\/\/hutfactory.com\/","logo":{"@type":"ImageObject","inLanguage":"de","@id":"https:\/\/hutfactory.com\/#\/schema\/logo\/image\/","url":"https:\/\/hutfactory.com\/wp-content\/uploads\/2026\/01\/Logo-hut-factory-1.webp","contentUrl":"https:\/\/hutfactory.com\/wp-content\/uploads\/2026\/01\/Logo-hut-factory-1.webp","width":300,"height":262,"caption":"Hut Factory"},"image":{"@id":"https:\/\/hutfactory.com\/#\/schema\/logo\/image\/"}}]}},"_links":{"self":[{"href":"https:\/\/hutfactory.com\/index.php?rest_route=\/wp\/v2\/product\/20332","targetHints":{"allow":["GET"]}}],"collection":[{"href":"https:\/\/hutfactory.com\/index.php?rest_route=\/wp\/v2\/product"}],"about":[{"href":"https:\/\/hutfactory.com\/index.php?rest_route=\/wp\/v2\/types\/product"}],"wp:featuredmedia":[{"embeddable":true,"href":"https:\/\/hutfactory.com\/index.php?rest_route=\/wp\/v2\/media\/20333"}],"wp:attachment":[{"href":"https:\/\/hutfactory.com\/index.php?rest_route=%2Fwp%2Fv2%2Fmedia&parent=20332"}],"wp:term":[{"taxonomy":"product_brand","embeddable":true,"href":"https:\/\/hutfactory.com\/index.php?rest_route=%2Fwp%2Fv2%2Fproduct_brand&post=20332"},{"taxonomy":"product_cat","embeddable":true,"href":"https:\/\/hutfactory.com\/index.php?rest_route=%2Fwp%2Fv2%2Fproduct_cat&post=20332"},{"taxonomy":"product_tag","embeddable":true,"href":"https:\/\/hutfactory.com\/index.php?rest_route=%2Fwp%2Fv2%2Fproduct_tag&post=20332"}],"curies":[{"name":"wp","href":"https:\/\/api.w.org\/{rel}","templated":true}]}}