{"id":20324,"date":"2026-03-10T13:05:53","date_gmt":"2026-03-10T13:05:53","guid":{"rendered":"https:\/\/hutfactory.com\/?product=schiebermuetze-pure-cotton-2"},"modified":"2026-03-12T02:45:31","modified_gmt":"2026-03-12T02:45:31","slug":"schiebermuetze-pure-cotton-2","status":"publish","type":"product","link":"https:\/\/hutfactory.com\/?product=schiebermuetze-pure-cotton-2","title":{"rendered":"Schieberm\u00fctze pure Cotton"},"content":{"rendered":"<h3 data-start=\"84\" data-end=\"128\"><strong data-start=\"89\" data-end=\"126\">Luftig, modern &#038; voller Charakter<\/strong><\/h3>\n<p data-start=\"520\" data-end=\"843\">Gefertigt aus <strong data-start=\"534\" data-end=\"557\">100% Baumwolle (CO)<\/strong>, ist diese Schieberm\u00fctze besonders leicht, atmungsaktiv und angenehm zu tragen. Das floral inspirierte Muster setzt modische Akzente und verleiht jedem Outfit eine sommerliche Frische. Mit ihrer modernen Silhouette bietet die M\u00fctze eine perfekte Passform und stilvollen Tragekomfort.<\/p>\n<h3 data-start=\"845\" data-end=\"870\"><strong data-start=\"849\" data-end=\"868\">Perfekt f\u00fcr\u2026  <\/strong><\/h3>\n<p data-start=\"871\" data-end=\"1146\">  <strong data-start=\"874\" data-end=\"913\">Sonnige Tage &#038; leichte Sommerabende<\/strong> \u2013 Baumwolle sorgt f\u00fcr ein luftiges Tragegef\u00fchl.<br data-start=\"961\" data-end=\"964\" \/>  <strong data-start=\"967\" data-end=\"999\">Individuelle Looks mit Flair<\/strong> \u2013 Das florale Muster verleiht ihr ein kreatives Design.<br data-start=\"1055\" data-end=\"1058\" \/>  <strong data-start=\"1061\" data-end=\"1092\">Modebewusste Damen &#038; Herren<\/strong> \u2013 Ein modisches Statement f\u00fcr Casual- &#038; City-Looks<\/p>\n<p>\u00a0<\/p>\n<div class=\"hf-accordions\">\n<hr class=\"hf-accordion-separator\" \/>\n<details class=\"hf-accordion\">\n<summary><strong>\u25b6\ufe0f Gut zu wissen \u2013 mehr erfahren<\/strong><\/summary>\n<div class=\"hf-accordion-content\">\n<h3 data-start=\"1148\" data-end=\"1181\"><strong data-start=\"1152\" data-end=\"1179\">Eigenschaften &#038; Details<\/strong><\/h3>\n<ul data-start=\"1182\" data-end=\"1499\">\n<li data-start=\"1182\" data-end=\"1253\"><strong data-start=\"1184\" data-end=\"1197\">Material:<\/strong> 100% Baumwolle (CO) \u2013 besonders leicht &#038; atmungsaktiv<\/li>\n<li data-start=\"1254\" data-end=\"1310\"><strong data-start=\"1256\" data-end=\"1266\">Farbe:<\/strong> <strong data-start=\"1267\" data-end=\"1280\">Jeansblau<\/strong> mit floralem Muster in Wei\u00df<\/li>\n<li data-start=\"1311\" data-end=\"1380\"><strong data-start=\"1313\" data-end=\"1324\">Muster:<\/strong> Pflanzen- &#038; Bl\u00fctenmotive f\u00fcr einen einzigartigen Look<\/li>\n<li data-start=\"1381\" data-end=\"1430\"><strong data-start=\"1383\" data-end=\"1394\">Gr\u00f6\u00dfen:<\/strong> 56-61 \u2013 f\u00fcr eine bequeme Passform<\/li>\n<li data-start=\"1431\" data-end=\"1499\"><strong data-start=\"1433\" data-end=\"1450\">Tragekomfort:<\/strong> Leicht, luftig &#038; angenehm f\u00fcr jede Gelegenheit<\/li>\n<\/ul>\n<h3 data-start=\"1501\" data-end=\"1532\"><strong data-start=\"1505\" data-end=\"1530\">Design &#038; Verarbeitung<\/strong><\/h3>\n<p data-start=\"1533\" data-end=\"1831\">Die florale Schieberm\u00fctze vereint klassische Elemente mit modernem Flair. Der geschwungene Schnitt mit leicht verl\u00e4ngertem Schild sorgt f\u00fcr eine schmeichelhafte Passform. Das detailreiche Muster auf <strong data-start=\"1732\" data-end=\"1761\">jeansblauem Baumwollstoff<\/strong> macht die M\u00fctze zu einem wahren Hingucker f\u00fcr trendbewusste Tr\u00e4ger.<\/p>\n<h3 data-start=\"1833\" data-end=\"1867\"><strong data-start=\"1837\" data-end=\"1865\">Handgefertigt in Italien<\/strong><\/h3>\n<p data-start=\"1868\" data-end=\"2080\">Diese M\u00fctze wurde von der <strong data-start=\"1894\" data-end=\"1936\">Schweizer Hutmanufaktur Risa entworfen<\/strong> und in einer italienischen Manufaktur in kleiner St\u00fcckzahl gefertigt. Die sorgf\u00e4ltige Handarbeit garantiert beste Qualit\u00e4t und Langlebigkeit.<\/p>\n<h3 data-start=\"2082\" data-end=\"2117\"><strong data-start=\"2086\" data-end=\"2115\">Nachhaltigkeit &#038; Qualit\u00e4t<\/strong><\/h3>\n<p data-start=\"2118\" data-end=\"2366\">  <strong data-start=\"2121\" data-end=\"2139\">100% Baumwolle<\/strong> \u2013 Umweltfreundlich, atmungsaktiv &#038; hautfreundlich.<br data-start=\"2190\" data-end=\"2193\" \/>  <strong data-start=\"2196\" data-end=\"2228\">Traditionelle Handwerkskunst<\/strong> \u2013 H\u00f6chste Qualit\u00e4t durch exzellente Verarbeitung.<br data-start=\"2278\" data-end=\"2281\" \/>  <strong data-start=\"2284\" data-end=\"2311\">Langlebig &#038; einzigartig<\/strong> \u2013 Perfekte Kombination aus Komfort &#038; modischem Stil.<\/p>\n<h3 data-start=\"2368\" data-end=\"2399\"><strong data-start=\"2372\" data-end=\"2397\">Herstellung &#038; Versand<\/strong><\/h3>\n<p data-start=\"2400\" data-end=\"2642\">  <strong data-start=\"2403\" data-end=\"2418\">Produktion:<\/strong> In kleiner Auflage in Italien gefertigt<br data-start=\"2458\" data-end=\"2461\" \/>  <strong data-start=\"2464\" data-end=\"2476\">Versand:<\/strong> Innerhalb weniger Tage ab Lager Schweiz<br data-start=\"2516\" data-end=\"2519\" \/>\u23f3 <strong data-start=\"2521\" data-end=\"2539\">Verf\u00fcgbarkeit:<\/strong> Abverkauf des Rohmaterials vorbehalten<br data-start=\"2578\" data-end=\"2581\" \/>  <strong data-start=\"2584\" data-end=\"2597\">Umtausch:<\/strong> Nur bei Material- oder Herstellungsfehlern<\/p>\n<\/div>\n<\/details>\n<details class=\"hf-accordion\">\n<summary><strong>\u25b6\ufe0f FAQ \u2013 H\u00e4ufige Fragen<\/strong><\/summary>\n<div class=\"hf-accordion-content\">\n<h3 data-start=\"2644\" data-end=\"2683\"><strong data-start=\"2648\" data-end=\"2681\">FAQ \u2013 H\u00e4ufig gestellte Fragen<\/strong><\/h3>\n<p data-start=\"2684\" data-end=\"2812\">  <strong data-start=\"2687\" data-end=\"2719\">Wie f\u00fchlt sich die M\u00fctze an?<\/strong><br data-start=\"2719\" data-end=\"2722\" \/>Dank der Baumwollqualit\u00e4t ist sie leicht, weich und atmungsaktiv \u2013 ideal f\u00fcr warme Tage.<\/p>\n<p data-start=\"2814\" data-end=\"2947\">  <strong data-start=\"2817\" data-end=\"2859\">Ist die M\u00fctze f\u00fcr den Sommer geeignet?<\/strong><br data-start=\"2859\" data-end=\"2862\" \/>Ja, sie bietet ein luftiges Tragegef\u00fchl und verhindert \u00fcberm\u00e4\u00dfige W\u00e4rmeentwicklung.<\/p>\n<p data-start=\"2949\" data-end=\"3076\">  <strong data-start=\"2952\" data-end=\"2983\">Kann ich die M\u00fctze waschen?<\/strong><br data-start=\"2983\" data-end=\"2986\" \/>Ja, eine <strong data-start=\"2995\" data-end=\"3016\">sanfte Handw\u00e4sche<\/strong> wird empfohlen, um das Muster &#038; die Qualit\u00e4t zu erhalten.<\/p>\n<p data-start=\"3078\" data-end=\"3230\">  <strong data-start=\"3081\" data-end=\"3122\">Passt die M\u00fctze zu eleganten Outfits?<\/strong><br data-start=\"3122\" data-end=\"3125\" \/>Definitiv! Ihr einzigartiges Design macht sie zu einem perfekten Hingucker f\u00fcr Casual- und City-Styles.<\/p>\n<p data-start=\"3232\" data-end=\"3342\">  <strong data-start=\"3235\" data-end=\"3269\">Kann ich die M\u00fctze umtauschen?<\/strong><br data-start=\"3269\" data-end=\"3272\" \/>Ein Umtausch ist nur bei Material- oder Herstellungsfehlern m\u00f6glich.<\/p>\n<\/div>\n<\/details>\n<\/div>\n","protected":false},"excerpt":{"rendered":"<h3 data-start=\"0\" data-end=\"82\"><strong data-start=\"4\" data-end=\"80\"> Stilvolle Leichtigkeit mit floralem Akzent<\/strong><\/h3>\n<p data-start=\"129\" data-end=\"475\">Diese <strong data-start=\"135\" data-end=\"183\">hochwertige Schieberm\u00fctze aus 100% Baumwolle<\/strong> ist die perfekte Erg\u00e4nzung f\u00fcr jeden stilbewussten Look. Ihr einzigartiges <strong data-start=\"259\" data-end=\"300\">florales Muster auf jeansblauem Grund<\/strong> verleiht ihr eine besondere Dynamik, die sie von klassischen Flat Caps abhebt. Ein Must-have f\u00fcr modebewusste Damen und Herren, die Nat\u00fcrlichkeit und Exklusivit\u00e4t sch\u00e4tzen.<\/p>\n","protected":false},"featured_media":20325,"template":"","meta":{"_acf_changed":false,"rs_blank_template":"","rs_page_bg_color":"","slide_template_v7":""},"product_brand":[250],"product_cat":[692,445],"product_tag":[],"class_list":{"0":"post-20324","1":"product","2":"type-product","3":"status-publish","4":"has-post-thumbnail","6":"product_brand-risa-hutwerkstatt-schweiz","7":"product_cat-schiebermuetzen-sommermuetzen","8":"product_cat-sommermuetzen","9":"product_shipping_class-mittlere-pakete","10":"pa_color-jeans","11":"pa_groesse-207","12":"pa_groesse-197","13":"pa_groesse-208","14":"pa_groesse-198","15":"pa_groesse-209","16":"pa_groesse-199","17":"yith_product_brand-risa-hutwerkstatt-schweiz","20":"instock","21":"taxable","22":"shipping-taxable","23":"purchasable","24":"product-type-variable","25":"wvs-archive-product-wrapper","26":"add-to-wishlist-after_add_to_cart"},"acf":[],"yoast_head":"<!-- This site is optimized with the Yoast SEO Premium plugin v27.3 (Yoast SEO v27.3) - https:\/\/yoast.com\/product\/yoast-seo-premium-wordpress\/ -->\n<title>Schieberm\u00fctze aus Baumwolle \u2013 Floral &amp; leicht f\u00fcr den Sommer<\/title>\n<meta name=\"description\" content=\"Hochwertige Schieberm\u00fctze aus 100% Baumwolle \u2013 mit floralem Muster auf Jeansblau. Perfekt f\u00fcr stilbewusste Sommer-Looks! Jetzt entdecken.\" \/>\n<meta name=\"robots\" content=\"index, follow, max-snippet:-1, max-image-preview:large, max-video-preview:-1\" \/>\n<link rel=\"canonical\" href=\"https:\/\/hutfactory.com\/?product=schiebermuetze-pure-cotton-2\" \/>\n<meta property=\"og:locale\" content=\"de_DE\" \/>\n<meta property=\"og:type\" content=\"article\" \/>\n<meta property=\"og:title\" content=\"Schieberm\u00fctze pure Cotton\" \/>\n<meta property=\"og:description\" content=\"Hochwertige Schieberm\u00fctze aus 100% Baumwolle \u2013 mit floralem Muster auf Jeansblau. Perfekt f\u00fcr stilbewusste Sommer-Looks! Jetzt entdecken.\" \/>\n<meta property=\"og:url\" content=\"https:\/\/hutfactory.com\/?product=schiebermuetze-pure-cotton-2\" \/>\n<meta property=\"og:site_name\" content=\"Hut Factory\" \/>\n<meta property=\"article:modified_time\" content=\"2026-03-12T02:45:31+00:00\" \/>\n<meta property=\"og:image\" content=\"https:\/\/hutfactory.com\/wp-content\/uploads\/2026\/03\/64215.1.webp\" \/>\n\t<meta property=\"og:image:width\" content=\"750\" \/>\n\t<meta property=\"og:image:height\" content=\"750\" \/>\n\t<meta property=\"og:image:type\" content=\"image\/webp\" \/>\n<meta name=\"twitter:card\" content=\"summary_large_image\" \/>\n<meta name=\"twitter:label1\" content=\"Gesch\u00e4tzte Lesezeit\" \/>\n\t<meta name=\"twitter:data1\" content=\"2\u00a0Minuten\" \/>\n<script type=\"application\/ld+json\" class=\"yoast-schema-graph\">{\"@context\":\"https:\\\/\\\/schema.org\",\"@graph\":[{\"@type\":\"WebPage\",\"@id\":\"https:\\\/\\\/hutfactory.com\\\/?product=schiebermuetze-pure-cotton-2\",\"url\":\"https:\\\/\\\/hutfactory.com\\\/?product=schiebermuetze-pure-cotton-2\",\"name\":\"Schieberm\u00fctze aus Baumwolle \u2013 Floral & leicht f\u00fcr den Sommer\",\"isPartOf\":{\"@id\":\"https:\\\/\\\/hutfactory.com\\\/#website\"},\"primaryImageOfPage\":{\"@id\":\"https:\\\/\\\/hutfactory.com\\\/?product=schiebermuetze-pure-cotton-2#primaryimage\"},\"image\":{\"@id\":\"https:\\\/\\\/hutfactory.com\\\/?product=schiebermuetze-pure-cotton-2#primaryimage\"},\"thumbnailUrl\":\"https:\\\/\\\/hutfactory.com\\\/wp-content\\\/uploads\\\/2026\\\/03\\\/64215.1.webp\",\"datePublished\":\"2026-03-10T13:05:53+00:00\",\"dateModified\":\"2026-03-12T02:45:31+00:00\",\"description\":\"Hochwertige Schieberm\u00fctze aus 100% Baumwolle \u2013 mit floralem Muster auf Jeansblau. Perfekt f\u00fcr stilbewusste Sommer-Looks! Jetzt entdecken.\",\"breadcrumb\":{\"@id\":\"https:\\\/\\\/hutfactory.com\\\/?product=schiebermuetze-pure-cotton-2#breadcrumb\"},\"inLanguage\":\"de\",\"potentialAction\":[{\"@type\":\"ReadAction\",\"target\":[\"https:\\\/\\\/hutfactory.com\\\/?product=schiebermuetze-pure-cotton-2\"]}]},{\"@type\":\"ImageObject\",\"inLanguage\":\"de\",\"@id\":\"https:\\\/\\\/hutfactory.com\\\/?product=schiebermuetze-pure-cotton-2#primaryimage\",\"url\":\"https:\\\/\\\/hutfactory.com\\\/wp-content\\\/uploads\\\/2026\\\/03\\\/64215.1.webp\",\"contentUrl\":\"https:\\\/\\\/hutfactory.com\\\/wp-content\\\/uploads\\\/2026\\\/03\\\/64215.1.webp\",\"width\":750,\"height\":750,\"caption\":\"Schieberm\u00fctze aus Cotton in blau\"},{\"@type\":\"BreadcrumbList\",\"@id\":\"https:\\\/\\\/hutfactory.com\\\/?product=schiebermuetze-pure-cotton-2#breadcrumb\",\"itemListElement\":[{\"@type\":\"ListItem\",\"position\":1,\"name\":\"Start\",\"item\":\"https:\\\/\\\/hutfactory.com\\\/\"},{\"@type\":\"ListItem\",\"position\":2,\"name\":\"Shop\",\"item\":\"https:\\\/\\\/hutfactory.com\\\/?page_id=10\"},{\"@type\":\"ListItem\",\"position\":3,\"name\":\"Schieberm\u00fctze pure Cotton\"}]},{\"@type\":\"WebSite\",\"@id\":\"https:\\\/\\\/hutfactory.com\\\/#website\",\"url\":\"https:\\\/\\\/hutfactory.com\\\/\",\"name\":\"Hut Factory\",\"description\":\"H\u00fcte, Kappen &amp; M\u00fctzen in Top Swiss\\\/EU Qualit\u00e4t\",\"publisher\":{\"@id\":\"https:\\\/\\\/hutfactory.com\\\/#organization\"},\"alternateName\":\"Hut Shop\",\"potentialAction\":[{\"@type\":\"SearchAction\",\"target\":{\"@type\":\"EntryPoint\",\"urlTemplate\":\"https:\\\/\\\/hutfactory.com\\\/?s={search_term_string}\"},\"query-input\":{\"@type\":\"PropertyValueSpecification\",\"valueRequired\":true,\"valueName\":\"search_term_string\"}}],\"inLanguage\":\"de\"},{\"@type\":\"Organization\",\"@id\":\"https:\\\/\\\/hutfactory.com\\\/#organization\",\"name\":\"Hut Factory\",\"url\":\"https:\\\/\\\/hutfactory.com\\\/\",\"logo\":{\"@type\":\"ImageObject\",\"inLanguage\":\"de\",\"@id\":\"https:\\\/\\\/hutfactory.com\\\/#\\\/schema\\\/logo\\\/image\\\/\",\"url\":\"https:\\\/\\\/hutfactory.com\\\/wp-content\\\/uploads\\\/2026\\\/01\\\/Logo-hut-factory-1.webp\",\"contentUrl\":\"https:\\\/\\\/hutfactory.com\\\/wp-content\\\/uploads\\\/2026\\\/01\\\/Logo-hut-factory-1.webp\",\"width\":300,\"height\":262,\"caption\":\"Hut Factory\"},\"image\":{\"@id\":\"https:\\\/\\\/hutfactory.com\\\/#\\\/schema\\\/logo\\\/image\\\/\"}}]}<\/script>\n<!-- \/ Yoast SEO Premium plugin. -->","yoast_head_json":{"title":"Schieberm\u00fctze aus Baumwolle \u2013 Floral & leicht f\u00fcr den Sommer","description":"Hochwertige Schieberm\u00fctze aus 100% Baumwolle \u2013 mit floralem Muster auf Jeansblau. Perfekt f\u00fcr stilbewusste Sommer-Looks! Jetzt entdecken.","robots":{"index":"index","follow":"follow","max-snippet":"max-snippet:-1","max-image-preview":"max-image-preview:large","max-video-preview":"max-video-preview:-1"},"canonical":"https:\/\/hutfactory.com\/?product=schiebermuetze-pure-cotton-2","og_locale":"de_DE","og_type":"article","og_title":"Schieberm\u00fctze pure Cotton","og_description":"Hochwertige Schieberm\u00fctze aus 100% Baumwolle \u2013 mit floralem Muster auf Jeansblau. Perfekt f\u00fcr stilbewusste Sommer-Looks! Jetzt entdecken.","og_url":"https:\/\/hutfactory.com\/?product=schiebermuetze-pure-cotton-2","og_site_name":"Hut Factory","article_modified_time":"2026-03-12T02:45:31+00:00","og_image":[{"width":750,"height":750,"url":"https:\/\/hutfactory.com\/wp-content\/uploads\/2026\/03\/64215.1.webp","type":"image\/webp"}],"twitter_card":"summary_large_image","twitter_misc":{"Gesch\u00e4tzte Lesezeit":"2\u00a0Minuten"},"schema":{"@context":"https:\/\/schema.org","@graph":[{"@type":"WebPage","@id":"https:\/\/hutfactory.com\/?product=schiebermuetze-pure-cotton-2","url":"https:\/\/hutfactory.com\/?product=schiebermuetze-pure-cotton-2","name":"Schieberm\u00fctze aus Baumwolle \u2013 Floral & leicht f\u00fcr den Sommer","isPartOf":{"@id":"https:\/\/hutfactory.com\/#website"},"primaryImageOfPage":{"@id":"https:\/\/hutfactory.com\/?product=schiebermuetze-pure-cotton-2#primaryimage"},"image":{"@id":"https:\/\/hutfactory.com\/?product=schiebermuetze-pure-cotton-2#primaryimage"},"thumbnailUrl":"https:\/\/hutfactory.com\/wp-content\/uploads\/2026\/03\/64215.1.webp","datePublished":"2026-03-10T13:05:53+00:00","dateModified":"2026-03-12T02:45:31+00:00","description":"Hochwertige Schieberm\u00fctze aus 100% Baumwolle \u2013 mit floralem Muster auf Jeansblau. Perfekt f\u00fcr stilbewusste Sommer-Looks! Jetzt entdecken.","breadcrumb":{"@id":"https:\/\/hutfactory.com\/?product=schiebermuetze-pure-cotton-2#breadcrumb"},"inLanguage":"de","potentialAction":[{"@type":"ReadAction","target":["https:\/\/hutfactory.com\/?product=schiebermuetze-pure-cotton-2"]}]},{"@type":"ImageObject","inLanguage":"de","@id":"https:\/\/hutfactory.com\/?product=schiebermuetze-pure-cotton-2#primaryimage","url":"https:\/\/hutfactory.com\/wp-content\/uploads\/2026\/03\/64215.1.webp","contentUrl":"https:\/\/hutfactory.com\/wp-content\/uploads\/2026\/03\/64215.1.webp","width":750,"height":750,"caption":"Schieberm\u00fctze aus Cotton in blau"},{"@type":"BreadcrumbList","@id":"https:\/\/hutfactory.com\/?product=schiebermuetze-pure-cotton-2#breadcrumb","itemListElement":[{"@type":"ListItem","position":1,"name":"Start","item":"https:\/\/hutfactory.com\/"},{"@type":"ListItem","position":2,"name":"Shop","item":"https:\/\/hutfactory.com\/?page_id=10"},{"@type":"ListItem","position":3,"name":"Schieberm\u00fctze pure Cotton"}]},{"@type":"WebSite","@id":"https:\/\/hutfactory.com\/#website","url":"https:\/\/hutfactory.com\/","name":"Hut Factory","description":"H\u00fcte, Kappen &amp; M\u00fctzen in Top Swiss\/EU Qualit\u00e4t","publisher":{"@id":"https:\/\/hutfactory.com\/#organization"},"alternateName":"Hut Shop","potentialAction":[{"@type":"SearchAction","target":{"@type":"EntryPoint","urlTemplate":"https:\/\/hutfactory.com\/?s={search_term_string}"},"query-input":{"@type":"PropertyValueSpecification","valueRequired":true,"valueName":"search_term_string"}}],"inLanguage":"de"},{"@type":"Organization","@id":"https:\/\/hutfactory.com\/#organization","name":"Hut Factory","url":"https:\/\/hutfactory.com\/","logo":{"@type":"ImageObject","inLanguage":"de","@id":"https:\/\/hutfactory.com\/#\/schema\/logo\/image\/","url":"https:\/\/hutfactory.com\/wp-content\/uploads\/2026\/01\/Logo-hut-factory-1.webp","contentUrl":"https:\/\/hutfactory.com\/wp-content\/uploads\/2026\/01\/Logo-hut-factory-1.webp","width":300,"height":262,"caption":"Hut Factory"},"image":{"@id":"https:\/\/hutfactory.com\/#\/schema\/logo\/image\/"}}]}},"_links":{"self":[{"href":"https:\/\/hutfactory.com\/index.php?rest_route=\/wp\/v2\/product\/20324","targetHints":{"allow":["GET"]}}],"collection":[{"href":"https:\/\/hutfactory.com\/index.php?rest_route=\/wp\/v2\/product"}],"about":[{"href":"https:\/\/hutfactory.com\/index.php?rest_route=\/wp\/v2\/types\/product"}],"wp:featuredmedia":[{"embeddable":true,"href":"https:\/\/hutfactory.com\/index.php?rest_route=\/wp\/v2\/media\/20325"}],"wp:attachment":[{"href":"https:\/\/hutfactory.com\/index.php?rest_route=%2Fwp%2Fv2%2Fmedia&parent=20324"}],"wp:term":[{"taxonomy":"product_brand","embeddable":true,"href":"https:\/\/hutfactory.com\/index.php?rest_route=%2Fwp%2Fv2%2Fproduct_brand&post=20324"},{"taxonomy":"product_cat","embeddable":true,"href":"https:\/\/hutfactory.com\/index.php?rest_route=%2Fwp%2Fv2%2Fproduct_cat&post=20324"},{"taxonomy":"product_tag","embeddable":true,"href":"https:\/\/hutfactory.com\/index.php?rest_route=%2Fwp%2Fv2%2Fproduct_tag&post=20324"}],"curies":[{"name":"wp","href":"https:\/\/api.w.org\/{rel}","templated":true}]}}