{"id":20291,"date":"2026-03-10T13:05:31","date_gmt":"2026-03-10T13:05:31","guid":{"rendered":"https:\/\/hutfactory.com\/?product=schiebermuetze-aus-leinen"},"modified":"2026-03-12T02:45:05","modified_gmt":"2026-03-12T02:45:05","slug":"schiebermuetze-aus-leinen","status":"publish","type":"product","link":"https:\/\/hutfactory.com\/?product=schiebermuetze-aus-leinen","title":{"rendered":"Schieberm\u00fctze aus Leinen"},"content":{"rendered":"<h3 data-start=\"534\" data-end=\"869\">Perfekt f\u00fcr den Sommer<\/h3>\n<p data-start=\"534\" data-end=\"869\">Gefertigt aus <strong data-start=\"548\" data-end=\"568\">100% Leinen (LI)<\/strong>, bietet diese Schieberm\u00fctze ein leichtes, luftiges Tragegef\u00fchl und ein nat\u00fcrliches, feines Muster, das dem Stoff eine stilvolle Struktur verleiht. Durch die klassische Passform und das minimalistische Design ist sie ein vielseitiges Accessoire, das sowohl M\u00e4nner als auch Frauen stilvoll begleitet.<\/p>\n<h3 data-start=\"871\" data-end=\"896\"><strong data-start=\"875\" data-end=\"894\">Perfekt f\u00fcr\u2026  <\/strong><\/h3>\n<p data-start=\"897\" data-end=\"1139\">\u2600\ufe0f <strong data-start=\"900\" data-end=\"920\">Hei\u00dfe Sommertage<\/strong> \u2013 Leinen sorgt f\u00fcr optimale Luftzirkulation.<br data-start=\"965\" data-end=\"968\" \/>  <strong data-start=\"971\" data-end=\"1002\">Modebewusste Damen &#038; Herren<\/strong> \u2013 Elegante Schieberm\u00fctze mit nat\u00fcrlicher Struktur.<br data-start=\"1053\" data-end=\"1056\" \/>  <strong data-start=\"1059\" data-end=\"1087\">Nachhaltigkeitsliebhaber<\/strong> \u2013 100% nat\u00fcrliche, umweltfreundliche Materialien.<\/p>\n<div class=\"hf-accordions\">\n<hr class=\"hf-accordion-separator\" \/>\n<details class=\"hf-accordion\">\n<summary><strong>\u25b6\ufe0f Gut zu wissen \u2013 mehr erfahren<\/strong><\/summary>\n<div class=\"hf-accordion-content\">\n<h3 data-start=\"1141\" data-end=\"1174\"><strong data-start=\"1145\" data-end=\"1172\">Eigenschaften &#038; Details<\/strong><\/h3>\n<ul data-start=\"1175\" data-end=\"1571\">\n<li data-start=\"1175\" data-end=\"1249\"><strong data-start=\"1177\" data-end=\"1190\">Material:<\/strong> 100% Leinen (LI) \u2013 atmungsaktiv, leicht &#038; hautfreundlich<\/li>\n<li data-start=\"1250\" data-end=\"1368\"><strong data-start=\"1252\" data-end=\"1263\">Farben:<\/strong>\n<ul data-start=\"1269\" data-end=\"1368\">\n<li data-start=\"1269\" data-end=\"1312\"><strong data-start=\"1271\" data-end=\"1286\">Dunkelbraun<\/strong> \u2013 Warm, erdig &#038; zeitlos<\/li>\n<li data-start=\"1316\" data-end=\"1368\"><strong data-start=\"1318\" data-end=\"1331\">Jeansblau<\/strong> \u2013 Frisch &#038; vielseitig kombinierbar<\/li>\n<\/ul>\n<\/li>\n<li data-start=\"1369\" data-end=\"1419\"><strong data-start=\"1371\" data-end=\"1382\">Muster:<\/strong> Feine Struktur f\u00fcr eine edle Optik<\/li>\n<li data-start=\"1420\" data-end=\"1499\"><strong data-start=\"1422\" data-end=\"1433\">Gr\u00f6\u00dfen:<\/strong> 55 (54-55), 57 (56-57), 59 (58-59) \u2013 f\u00fcr eine optimale Passform<\/li>\n<li data-start=\"1500\" data-end=\"1571\"><strong data-start=\"1502\" data-end=\"1519\">Tragekomfort:<\/strong> Besonders leicht &#038; perfekt f\u00fcr warme Temperaturen<\/li>\n<\/ul>\n<h3 data-start=\"1573\" data-end=\"1604\"><strong data-start=\"1577\" data-end=\"1602\">Design &#038; Verarbeitung<\/strong><\/h3>\n<p data-start=\"1605\" data-end=\"1884\">Die minimalistische Schieberm\u00fctze mit leicht geschwungener Krone und flachem Schild sorgt f\u00fcr eine klassische Silhouette. Die nat\u00fcrliche Leinenstruktur verleiht der M\u00fctze eine subtile Eleganz, w\u00e4hrend die atmungsaktiven Eigenschaften f\u00fcr ein angenehm k\u00fchles Tragegef\u00fchl sorgen.<\/p>\n<h3 data-start=\"1886\" data-end=\"1919\"><strong data-start=\"1890\" data-end=\"1917\">Handgefertigt in Europa<\/strong><\/h3>\n<p data-start=\"1920\" data-end=\"2166\">Diese M\u00fctze wurde von der <strong data-start=\"1946\" data-end=\"1988\">Schweizer Hutmanufaktur Risa entworfen<\/strong> und in einer europ\u00e4ischen Manufaktur in kleiner St\u00fcckzahl gefertigt. Durch die hochwertige Handwerkskunst entsteht ein langlebiges, stilvolles Accessoire f\u00fcr jede Gelegenheit.<\/p>\n<h3 data-start=\"2168\" data-end=\"2203\"><strong data-start=\"2172\" data-end=\"2201\">Nachhaltigkeit &#038; Qualit\u00e4t<\/strong><\/h3>\n<p data-start=\"2204\" data-end=\"2434\">  <strong data-start=\"2207\" data-end=\"2234\">100% nat\u00fcrliches Leinen<\/strong> \u2013 Umweltfreundlich &#038; hautfreundlich.<br data-start=\"2271\" data-end=\"2274\" \/>  <strong data-start=\"2277\" data-end=\"2305\">Traditionelle Handarbeit<\/strong> \u2013 Hochwertige Verarbeitung f\u00fcr beste Qualit\u00e4t.<br data-start=\"2352\" data-end=\"2355\" \/>  <strong data-start=\"2358\" data-end=\"2381\">Langlebig &#038; zeitlos<\/strong> \u2013 Perfekt f\u00fcr viele Jahre stilvollen Tragekomfort.<\/p>\n<h3 data-start=\"2436\" data-end=\"2467\"><strong data-start=\"2440\" data-end=\"2465\">Herstellung &#038; Versand<\/strong><\/h3>\n<p data-start=\"2468\" data-end=\"2709\">  <strong data-start=\"2471\" data-end=\"2486\">Produktion:<\/strong> In kleiner Auflage in Europa gefertigt<br data-start=\"2525\" data-end=\"2528\" \/>  <strong data-start=\"2531\" data-end=\"2543\">Versand:<\/strong> Innerhalb weniger Tage ab Lager Schweiz<br data-start=\"2583\" data-end=\"2586\" \/>\u23f3 <strong data-start=\"2588\" data-end=\"2606\">Verf\u00fcgbarkeit:<\/strong> Abverkauf des Rohmaterials vorbehalten<br data-start=\"2645\" data-end=\"2648\" \/>  <strong data-start=\"2651\" data-end=\"2664\">Umtausch:<\/strong> Nur bei Material- oder Herstellungsfehlern<\/p>\n<\/div>\n<\/details>\n<details class=\"hf-accordion\">\n<summary><strong>\u25b6\ufe0f FAQ \u2013 H\u00e4ufige Fragen<\/strong><\/summary>\n<div class=\"hf-accordion-content\">\n<h3 data-start=\"2711\" data-end=\"2750\"><strong data-start=\"2715\" data-end=\"2748\">FAQ \u2013 H\u00e4ufig gestellte Fragen<\/strong><\/h3>\n<p data-start=\"2751\" data-end=\"2859\">  <strong data-start=\"2754\" data-end=\"2786\">Wie f\u00fchlt sich die M\u00fctze an?<\/strong><br data-start=\"2786\" data-end=\"2789\" \/>Leinen ist besonders leicht und atmungsaktiv \u2013 ideal f\u00fcr warme Tage.<\/p>\n<p data-start=\"2861\" data-end=\"2980\">  <strong data-start=\"2864\" data-end=\"2906\">Ist die M\u00fctze f\u00fcr hei\u00dfe Tage geeignet?<\/strong><br data-start=\"2906\" data-end=\"2909\" \/>Ja, sie ist temperaturregulierend und sorgt f\u00fcr ein angenehmes Klima.<\/p>\n<p data-start=\"2982\" data-end=\"3112\">  <strong data-start=\"2985\" data-end=\"3016\">Kann ich die M\u00fctze waschen?<\/strong><br data-start=\"3016\" data-end=\"3019\" \/>Wir empfehlen eine sanfte Handw\u00e4sche oder chemische Reinigung, um die Qualit\u00e4t zu erhalten.<\/p>\n<p data-start=\"3114\" data-end=\"3250\">  <strong data-start=\"3117\" data-end=\"3158\">Passt die M\u00fctze zu eleganten Outfits?<\/strong><br data-start=\"3158\" data-end=\"3161\" \/>Definitiv! Ihr dezentes Design macht sie vielseitig kombinierbar \u2013 von Casual bis Chic.<\/p>\n<p data-start=\"3252\" data-end=\"3362\">  <strong data-start=\"3255\" data-end=\"3289\">Kann ich die M\u00fctze umtauschen?<\/strong><br data-start=\"3289\" data-end=\"3292\" \/>Ein Umtausch ist nur bei Material- oder Herstellungsfehlern m\u00f6glich.<\/p>\n<\/div>\n<\/details>\n<\/div>\n","protected":false},"excerpt":{"rendered":"<h3 data-start=\"61\" data-end=\"103\">Stilvolle Leichtigkeit f\u00fcr warme Tage<\/h3>\n<p data-start=\"104\" data-end=\"489\">Diese sommerliche Schieberm\u00fctze aus 100% Leinen vereint zeitlose Eleganz mit h\u00f6chstem Tragekomfort. Das fein strukturierte Material sorgt f\u00fcr eine nat\u00fcrliche, dezente Optik, w\u00e4hrend die atmungsaktive Eigenschaft von Leinen das Tragen an warmen Tagen besonders angenehm macht. Erh\u00e4ltlich in <strong data-start=\"394\" data-end=\"409\">dunkelbraun<\/strong> und <strong data-start=\"414\" data-end=\"427\">jeansblau<\/strong>, passt sie sowohl zu legeren als auch zu eleganten Outfits.<\/p>\n","protected":false},"featured_media":20292,"template":"","meta":{"_acf_changed":false,"rs_blank_template":"","rs_page_bg_color":"","slide_template_v7":""},"product_brand":[250],"product_cat":[692,445],"product_tag":[],"class_list":{"0":"post-20291","1":"product","2":"type-product","3":"status-publish","4":"has-post-thumbnail","6":"product_brand-risa-hutwerkstatt-schweiz","7":"product_cat-schiebermuetzen-sommermuetzen","8":"product_cat-sommermuetzen","9":"product_shipping_class-mittlere-pakete","10":"pa_color-dbraun","11":"pa_color-jeans","12":"pa_groesse-55-54-55","13":"pa_groesse-57-56-57","14":"pa_groesse-59-58-59","15":"yith_product_brand-risa-hutwerkstatt-schweiz","18":"instock","19":"taxable","20":"shipping-taxable","21":"purchasable","22":"product-type-variable","23":"wvs-archive-product-wrapper","24":"add-to-wishlist-after_add_to_cart"},"acf":[],"yoast_head":"<!-- This site is optimized with the Yoast SEO Premium plugin v27.3 (Yoast SEO v27.3) - https:\/\/yoast.com\/product\/yoast-seo-premium-wordpress\/ -->\n<title>Paperboy Leinenm\u00fctze schmal Bordeaux Jeans<\/title>\n<meta name=\"description\" content=\"Elegante Paperboy Leinenm\u00fctze mit Karomuster in Bordeaux &amp; Jeans. Schweizer Design, nachhaltige Risa Fertigung in Italien.\" \/>\n<meta name=\"robots\" content=\"index, follow, max-snippet:-1, max-image-preview:large, max-video-preview:-1\" \/>\n<link rel=\"canonical\" href=\"https:\/\/hutfactory.com\/?product=schiebermuetze-aus-leinen\" \/>\n<meta property=\"og:locale\" content=\"de_DE\" \/>\n<meta property=\"og:type\" content=\"article\" \/>\n<meta property=\"og:title\" content=\"Schieberm\u00fctze aus Leinen\" \/>\n<meta property=\"og:description\" content=\"Elegante Paperboy Leinenm\u00fctze mit Karomuster in Bordeaux &amp; Jeans. Schweizer Design, nachhaltige Risa Fertigung in Italien.\" \/>\n<meta property=\"og:url\" content=\"https:\/\/hutfactory.com\/?product=schiebermuetze-aus-leinen\" \/>\n<meta property=\"og:site_name\" content=\"Hut Factory\" \/>\n<meta property=\"article:modified_time\" content=\"2026-03-12T02:45:05+00:00\" \/>\n<meta property=\"og:image\" content=\"https:\/\/hutfactory.com\/wp-content\/uploads\/2026\/03\/69115.alle_.webp\" \/>\n\t<meta property=\"og:image:width\" content=\"750\" \/>\n\t<meta property=\"og:image:height\" content=\"750\" \/>\n\t<meta property=\"og:image:type\" content=\"image\/webp\" \/>\n<meta name=\"twitter:card\" content=\"summary_large_image\" \/>\n<meta name=\"twitter:label1\" content=\"Gesch\u00e4tzte Lesezeit\" \/>\n\t<meta name=\"twitter:data1\" content=\"2\u00a0Minuten\" \/>\n<script type=\"application\/ld+json\" class=\"yoast-schema-graph\">{\"@context\":\"https:\\\/\\\/schema.org\",\"@graph\":[{\"@type\":\"WebPage\",\"@id\":\"https:\\\/\\\/hutfactory.com\\\/?product=schiebermuetze-aus-leinen\",\"url\":\"https:\\\/\\\/hutfactory.com\\\/?product=schiebermuetze-aus-leinen\",\"name\":\"Paperboy Leinenm\u00fctze schmal Bordeaux Jeans\",\"isPartOf\":{\"@id\":\"https:\\\/\\\/hutfactory.com\\\/#website\"},\"primaryImageOfPage\":{\"@id\":\"https:\\\/\\\/hutfactory.com\\\/?product=schiebermuetze-aus-leinen#primaryimage\"},\"image\":{\"@id\":\"https:\\\/\\\/hutfactory.com\\\/?product=schiebermuetze-aus-leinen#primaryimage\"},\"thumbnailUrl\":\"https:\\\/\\\/hutfactory.com\\\/wp-content\\\/uploads\\\/2026\\\/03\\\/69115.alle_.webp\",\"datePublished\":\"2026-03-10T13:05:31+00:00\",\"dateModified\":\"2026-03-12T02:45:05+00:00\",\"description\":\"Elegante Paperboy Leinenm\u00fctze mit Karomuster in Bordeaux & Jeans. Schweizer Design, nachhaltige Risa Fertigung in Italien.\",\"breadcrumb\":{\"@id\":\"https:\\\/\\\/hutfactory.com\\\/?product=schiebermuetze-aus-leinen#breadcrumb\"},\"inLanguage\":\"de\",\"potentialAction\":[{\"@type\":\"ReadAction\",\"target\":[\"https:\\\/\\\/hutfactory.com\\\/?product=schiebermuetze-aus-leinen\"]}]},{\"@type\":\"ImageObject\",\"inLanguage\":\"de\",\"@id\":\"https:\\\/\\\/hutfactory.com\\\/?product=schiebermuetze-aus-leinen#primaryimage\",\"url\":\"https:\\\/\\\/hutfactory.com\\\/wp-content\\\/uploads\\\/2026\\\/03\\\/69115.alle_.webp\",\"contentUrl\":\"https:\\\/\\\/hutfactory.com\\\/wp-content\\\/uploads\\\/2026\\\/03\\\/69115.alle_.webp\",\"width\":750,\"height\":750,\"caption\":\"Schieberm\u00fctze||Schieberm\u00fctze in dunkelbraun|Schieberm\u00fctze Jeansblau\"},{\"@type\":\"BreadcrumbList\",\"@id\":\"https:\\\/\\\/hutfactory.com\\\/?product=schiebermuetze-aus-leinen#breadcrumb\",\"itemListElement\":[{\"@type\":\"ListItem\",\"position\":1,\"name\":\"Start\",\"item\":\"https:\\\/\\\/hutfactory.com\\\/\"},{\"@type\":\"ListItem\",\"position\":2,\"name\":\"Shop\",\"item\":\"https:\\\/\\\/hutfactory.com\\\/?page_id=10\"},{\"@type\":\"ListItem\",\"position\":3,\"name\":\"Schieberm\u00fctze aus Leinen\"}]},{\"@type\":\"WebSite\",\"@id\":\"https:\\\/\\\/hutfactory.com\\\/#website\",\"url\":\"https:\\\/\\\/hutfactory.com\\\/\",\"name\":\"Hut Factory\",\"description\":\"H\u00fcte, Kappen &amp; M\u00fctzen in Top Swiss\\\/EU Qualit\u00e4t\",\"publisher\":{\"@id\":\"https:\\\/\\\/hutfactory.com\\\/#organization\"},\"alternateName\":\"Hut Shop\",\"potentialAction\":[{\"@type\":\"SearchAction\",\"target\":{\"@type\":\"EntryPoint\",\"urlTemplate\":\"https:\\\/\\\/hutfactory.com\\\/?s={search_term_string}\"},\"query-input\":{\"@type\":\"PropertyValueSpecification\",\"valueRequired\":true,\"valueName\":\"search_term_string\"}}],\"inLanguage\":\"de\"},{\"@type\":\"Organization\",\"@id\":\"https:\\\/\\\/hutfactory.com\\\/#organization\",\"name\":\"Hut Factory\",\"url\":\"https:\\\/\\\/hutfactory.com\\\/\",\"logo\":{\"@type\":\"ImageObject\",\"inLanguage\":\"de\",\"@id\":\"https:\\\/\\\/hutfactory.com\\\/#\\\/schema\\\/logo\\\/image\\\/\",\"url\":\"https:\\\/\\\/hutfactory.com\\\/wp-content\\\/uploads\\\/2026\\\/01\\\/Logo-hut-factory-1.webp\",\"contentUrl\":\"https:\\\/\\\/hutfactory.com\\\/wp-content\\\/uploads\\\/2026\\\/01\\\/Logo-hut-factory-1.webp\",\"width\":300,\"height\":262,\"caption\":\"Hut Factory\"},\"image\":{\"@id\":\"https:\\\/\\\/hutfactory.com\\\/#\\\/schema\\\/logo\\\/image\\\/\"}}]}<\/script>\n<!-- \/ Yoast SEO Premium plugin. -->","yoast_head_json":{"title":"Paperboy Leinenm\u00fctze schmal Bordeaux Jeans","description":"Elegante Paperboy Leinenm\u00fctze mit Karomuster in Bordeaux & Jeans. Schweizer Design, nachhaltige Risa Fertigung in Italien.","robots":{"index":"index","follow":"follow","max-snippet":"max-snippet:-1","max-image-preview":"max-image-preview:large","max-video-preview":"max-video-preview:-1"},"canonical":"https:\/\/hutfactory.com\/?product=schiebermuetze-aus-leinen","og_locale":"de_DE","og_type":"article","og_title":"Schieberm\u00fctze aus Leinen","og_description":"Elegante Paperboy Leinenm\u00fctze mit Karomuster in Bordeaux & Jeans. Schweizer Design, nachhaltige Risa Fertigung in Italien.","og_url":"https:\/\/hutfactory.com\/?product=schiebermuetze-aus-leinen","og_site_name":"Hut Factory","article_modified_time":"2026-03-12T02:45:05+00:00","og_image":[{"width":750,"height":750,"url":"https:\/\/hutfactory.com\/wp-content\/uploads\/2026\/03\/69115.alle_.webp","type":"image\/webp"}],"twitter_card":"summary_large_image","twitter_misc":{"Gesch\u00e4tzte Lesezeit":"2\u00a0Minuten"},"schema":{"@context":"https:\/\/schema.org","@graph":[{"@type":"WebPage","@id":"https:\/\/hutfactory.com\/?product=schiebermuetze-aus-leinen","url":"https:\/\/hutfactory.com\/?product=schiebermuetze-aus-leinen","name":"Paperboy Leinenm\u00fctze schmal Bordeaux Jeans","isPartOf":{"@id":"https:\/\/hutfactory.com\/#website"},"primaryImageOfPage":{"@id":"https:\/\/hutfactory.com\/?product=schiebermuetze-aus-leinen#primaryimage"},"image":{"@id":"https:\/\/hutfactory.com\/?product=schiebermuetze-aus-leinen#primaryimage"},"thumbnailUrl":"https:\/\/hutfactory.com\/wp-content\/uploads\/2026\/03\/69115.alle_.webp","datePublished":"2026-03-10T13:05:31+00:00","dateModified":"2026-03-12T02:45:05+00:00","description":"Elegante Paperboy Leinenm\u00fctze mit Karomuster in Bordeaux & Jeans. Schweizer Design, nachhaltige Risa Fertigung in Italien.","breadcrumb":{"@id":"https:\/\/hutfactory.com\/?product=schiebermuetze-aus-leinen#breadcrumb"},"inLanguage":"de","potentialAction":[{"@type":"ReadAction","target":["https:\/\/hutfactory.com\/?product=schiebermuetze-aus-leinen"]}]},{"@type":"ImageObject","inLanguage":"de","@id":"https:\/\/hutfactory.com\/?product=schiebermuetze-aus-leinen#primaryimage","url":"https:\/\/hutfactory.com\/wp-content\/uploads\/2026\/03\/69115.alle_.webp","contentUrl":"https:\/\/hutfactory.com\/wp-content\/uploads\/2026\/03\/69115.alle_.webp","width":750,"height":750,"caption":"Schieberm\u00fctze||Schieberm\u00fctze in dunkelbraun|Schieberm\u00fctze Jeansblau"},{"@type":"BreadcrumbList","@id":"https:\/\/hutfactory.com\/?product=schiebermuetze-aus-leinen#breadcrumb","itemListElement":[{"@type":"ListItem","position":1,"name":"Start","item":"https:\/\/hutfactory.com\/"},{"@type":"ListItem","position":2,"name":"Shop","item":"https:\/\/hutfactory.com\/?page_id=10"},{"@type":"ListItem","position":3,"name":"Schieberm\u00fctze aus Leinen"}]},{"@type":"WebSite","@id":"https:\/\/hutfactory.com\/#website","url":"https:\/\/hutfactory.com\/","name":"Hut Factory","description":"H\u00fcte, Kappen &amp; M\u00fctzen in Top Swiss\/EU Qualit\u00e4t","publisher":{"@id":"https:\/\/hutfactory.com\/#organization"},"alternateName":"Hut Shop","potentialAction":[{"@type":"SearchAction","target":{"@type":"EntryPoint","urlTemplate":"https:\/\/hutfactory.com\/?s={search_term_string}"},"query-input":{"@type":"PropertyValueSpecification","valueRequired":true,"valueName":"search_term_string"}}],"inLanguage":"de"},{"@type":"Organization","@id":"https:\/\/hutfactory.com\/#organization","name":"Hut Factory","url":"https:\/\/hutfactory.com\/","logo":{"@type":"ImageObject","inLanguage":"de","@id":"https:\/\/hutfactory.com\/#\/schema\/logo\/image\/","url":"https:\/\/hutfactory.com\/wp-content\/uploads\/2026\/01\/Logo-hut-factory-1.webp","contentUrl":"https:\/\/hutfactory.com\/wp-content\/uploads\/2026\/01\/Logo-hut-factory-1.webp","width":300,"height":262,"caption":"Hut Factory"},"image":{"@id":"https:\/\/hutfactory.com\/#\/schema\/logo\/image\/"}}]}},"_links":{"self":[{"href":"https:\/\/hutfactory.com\/index.php?rest_route=\/wp\/v2\/product\/20291","targetHints":{"allow":["GET"]}}],"collection":[{"href":"https:\/\/hutfactory.com\/index.php?rest_route=\/wp\/v2\/product"}],"about":[{"href":"https:\/\/hutfactory.com\/index.php?rest_route=\/wp\/v2\/types\/product"}],"wp:featuredmedia":[{"embeddable":true,"href":"https:\/\/hutfactory.com\/index.php?rest_route=\/wp\/v2\/media\/20292"}],"wp:attachment":[{"href":"https:\/\/hutfactory.com\/index.php?rest_route=%2Fwp%2Fv2%2Fmedia&parent=20291"}],"wp:term":[{"taxonomy":"product_brand","embeddable":true,"href":"https:\/\/hutfactory.com\/index.php?rest_route=%2Fwp%2Fv2%2Fproduct_brand&post=20291"},{"taxonomy":"product_cat","embeddable":true,"href":"https:\/\/hutfactory.com\/index.php?rest_route=%2Fwp%2Fv2%2Fproduct_cat&post=20291"},{"taxonomy":"product_tag","embeddable":true,"href":"https:\/\/hutfactory.com\/index.php?rest_route=%2Fwp%2Fv2%2Fproduct_tag&post=20291"}],"curies":[{"name":"wp","href":"https:\/\/api.w.org\/{rel}","templated":true}]}}