{"id":20154,"date":"2026-03-10T13:03:39","date_gmt":"2026-03-10T13:03:39","guid":{"rendered":"https:\/\/hutfactory.com\/?product=schiebermuetze-sommerleichte-flat-cap"},"modified":"2026-03-12T03:09:21","modified_gmt":"2026-03-12T03:09:21","slug":"schiebermuetze-sommerleichte-flat-cap","status":"publish","type":"product","link":"https:\/\/hutfactory.com\/?product=schiebermuetze-sommerleichte-flat-cap","title":{"rendered":"Schieberm\u00fctze \u2013 Sommerleichte Flat Cap"},"content":{"rendered":"<h3 data-start=\"455\" data-end=\"511\"><strong data-start=\"459\" data-end=\"509\">Sommerlicher Chic mit hochwertigem Materialmix<\/strong><\/h3>\n<p data-start=\"512\" data-end=\"758\">Dank des luftigen <strong data-start=\"530\" data-end=\"555\">Leinen-Wolle-Gemischs<\/strong> ist diese M\u00fctze perfekt f\u00fcr die warme Jahreszeit. Die <strong data-start=\"610\" data-end=\"638\">klassische Flat Cap-Form<\/strong> bietet eine stilvolle Passform, die sich sowohl zu legeren Outfits als auch zu eleganter Garderobe kombinieren l\u00e4sst.<\/p>\n<h3 data-start=\"760\" data-end=\"785\"><strong data-start=\"764\" data-end=\"783\">Perfekt f\u00fcr\u2026  <\/strong><\/h3>\n<p data-start=\"786\" data-end=\"1029\">\u2600\ufe0f <strong data-start=\"789\" data-end=\"830\">Sonnige Tage &#038; stilvolle Spazierg\u00e4nge<\/strong> \u2013 Leicht &#038; luftig f\u00fcr den Sommer.<br data-start=\"864\" data-end=\"867\" \/>  <strong data-start=\"870\" data-end=\"907\">Vintage- &#038; moderne Stil-Liebhaber<\/strong> \u2013 Passt zu Casual- und Business-Looks.<br data-start=\"946\" data-end=\"949\" \/>  <strong data-start=\"952\" data-end=\"976\">Nachhaltige Modefans<\/strong> \u2013 Hochwertiger Materialmix mit nat\u00fcrlichen Fasern.<\/p>\n<div class=\"hf-accordions\">\n<hr class=\"hf-accordion-separator\" \/>\n<details class=\"hf-accordion\">\n<summary><strong>\u25b6\ufe0f Gut zu wissen \u2013 mehr erfahren<\/strong><\/summary>\n<div class=\"hf-accordion-content\">\n<h3 data-start=\"1031\" data-end=\"1064\"><strong data-start=\"1035\" data-end=\"1062\">Eigenschaften &#038; Details<\/strong><\/h3>\n<ul data-start=\"1065\" data-end=\"1370\">\n<li data-start=\"1065\" data-end=\"1144\"><strong data-start=\"1067\" data-end=\"1080\">Material:<\/strong> 43 % Leinen, 42 % Wolle, 15 % Polyester \u2013 leicht &#038; formstabil<\/li>\n<li data-start=\"1145\" data-end=\"1169\"><strong data-start=\"1147\" data-end=\"1157\">Farbe:<\/strong> Jeansblau<\/li>\n<li data-start=\"1170\" data-end=\"1230\"><strong data-start=\"1172\" data-end=\"1183\">Muster:<\/strong> Feines Punktmuster f\u00fcr eine dezente Struktur<\/li>\n<li data-start=\"1231\" data-end=\"1252\"><strong data-start=\"1233\" data-end=\"1244\">Gr\u00f6\u00dfen:<\/strong> 56-61<\/li>\n<li data-start=\"1253\" data-end=\"1317\"><strong data-start=\"1255\" data-end=\"1267\">Schnitt:<\/strong> Klassischer Flat Cap-Stil mit elegantem Schwung<\/li>\n<li data-start=\"1318\" data-end=\"1370\"><strong data-start=\"1320\" data-end=\"1331\">Extras:<\/strong> Knitterarm, pflegeleicht &#038; langlebig<\/li>\n<\/ul>\n<h3 data-start=\"1372\" data-end=\"1403\"><strong data-start=\"1376\" data-end=\"1401\">Design &#038; Verarbeitung<\/strong><\/h3>\n<p data-start=\"1404\" data-end=\"1664\">Das feine Punktmuster gibt der Schieberm\u00fctze eine moderne Note, w\u00e4hrend die klassische Flat Cap-Silhouette f\u00fcr eine zeitlose Eleganz sorgt. Dank des weichen Materials ist sie besonders angenehm zu tragen \u2013 perfekt f\u00fcr sommerliche Tage und stilbewusste Looks.<\/p>\n<h3 data-start=\"1666\" data-end=\"1699\"><strong data-start=\"1670\" data-end=\"1697\">Handgefertigt in Europa<\/strong><\/h3>\n<p data-start=\"1700\" data-end=\"1936\">Entworfen von der <strong data-start=\"1718\" data-end=\"1750\">Schweizer Hutmanufaktur Risa<\/strong>, wird dieses Modell in einer europ\u00e4ischen Traditionsmanufaktur in kleiner Auflage gefertigt. Jedes St\u00fcck ist ein handgefertigtes Unikat, das h\u00f6chsten Qualit\u00e4tsanspr\u00fcchen gerecht wird.<\/p>\n<h3 data-start=\"1938\" data-end=\"1973\"><strong data-start=\"1942\" data-end=\"1971\">Nachhaltigkeit &#038; Qualit\u00e4t<\/strong><\/h3>\n<ul data-start=\"1974\" data-end=\"2207\">\n<li data-start=\"1974\" data-end=\"2054\"><strong data-start=\"1976\" data-end=\"2003\">Nat\u00fcrliche Materialien:<\/strong> Leinen und Wolle f\u00fcr ein angenehmes Tragegef\u00fchl.<\/li>\n<li data-start=\"2055\" data-end=\"2131\"><strong data-start=\"2057\" data-end=\"2084\">Handarbeit &#038; Tradition:<\/strong> Sorgf\u00e4ltig in limitierter Auflage gefertigt.<\/li>\n<li data-start=\"2132\" data-end=\"2207\"><strong data-start=\"2134\" data-end=\"2152\">Langlebigkeit:<\/strong> Hochwertige Verarbeitung f\u00fcr eine lange Lebensdauer.<\/li>\n<\/ul>\n<h3 data-start=\"2209\" data-end=\"2240\"><strong data-start=\"2213\" data-end=\"2238\">Herstellung &#038; Versand<\/strong><\/h3>\n<ul data-start=\"2241\" data-end=\"2480\">\n<li data-start=\"2241\" data-end=\"2300\"><strong data-start=\"2243\" data-end=\"2257\">Fertigung:<\/strong> In kleiner Auflage in Europa hergestellt<\/li>\n<li data-start=\"2301\" data-end=\"2357\"><strong data-start=\"2303\" data-end=\"2315\">Versand:<\/strong> Innerhalb weniger Tage ab Lager Schweiz<\/li>\n<li data-start=\"2358\" data-end=\"2418\"><strong data-start=\"2360\" data-end=\"2373\">Umtausch:<\/strong> Nur bei Material- oder Herstellungsfehlern<\/li>\n<li data-start=\"2419\" data-end=\"2480\"><strong data-start=\"2421\" data-end=\"2439\">Verf\u00fcgbarkeit:<\/strong> Abverkauf des Rohmaterials vorbehalten<\/li>\n<\/ul>\n<\/div>\n<\/details>\n<details class=\"hf-accordion\">\n<summary><strong>\u25b6\ufe0f FAQ \u2013 H\u00e4ufige Fragen<\/strong><\/summary>\n<div class=\"hf-accordion-content\">\n<h3 data-start=\"2482\" data-end=\"2521\"><strong data-start=\"2486\" data-end=\"2519\">FAQ \u2013 H\u00e4ufig gestellte Fragen<\/strong><\/h3>\n<p data-start=\"2522\" data-end=\"2637\">\u2753 <strong data-start=\"2524\" data-end=\"2566\">Ist die M\u00fctze f\u00fcr den Sommer geeignet?<\/strong><br data-start=\"2566\" data-end=\"2569\" \/>\u2714\ufe0f Ja, dank des atmungsaktiven Materialmixes aus Leinen und Wolle.<\/p>\n<p data-start=\"2639\" data-end=\"2777\">\u2753 <strong data-start=\"2641\" data-end=\"2692\">Wie kombiniere ich die Schieberm\u00fctze am besten?<\/strong><br data-start=\"2692\" data-end=\"2695\" \/>\u2714\ufe0f Sie passt perfekt zu sommerlichen Hemden, Leinenjacken oder auch Jeans-Looks.<\/p>\n<p data-start=\"2779\" data-end=\"2870\">\u2753 <strong data-start=\"2781\" data-end=\"2811\">Wie reinige ich die M\u00fctze?<\/strong><br data-start=\"2811\" data-end=\"2814\" \/>\u2714\ufe0f Handw\u00e4sche oder chemische Reinigung wird empfohlen.<\/p>\n<p data-start=\"2872\" data-end=\"2984\">\u2753 <strong data-start=\"2874\" data-end=\"2903\">Bleibt die M\u00fctze in Form?<\/strong><br data-start=\"2903\" data-end=\"2906\" \/>\u2714\ufe0f Ja, die hochwertige Verarbeitung sorgt f\u00fcr langanhaltende Formstabilit\u00e4t.<\/p>\n<\/div>\n<\/details>\n<\/div>\n","protected":false},"excerpt":{"rendered":"<h3 data-start=\"68\" data-end=\"109\"><strong data-start=\"73\" data-end=\"107\">Leichte Eleganz f\u00fcr warme Tage<\/strong><\/h3>\n<p data-start=\"110\" data-end=\"453\">Die sommerleichte <strong data-start=\"114\" data-end=\"138\">Schieberm\u00fctze <\/strong>kombiniert zeitlosen Stil mit h\u00f6chstem Tragekomfort. Ihr feines Punktmuster in <strong data-start=\"218\" data-end=\"231\">Jeansblau<\/strong> verleiht ihr eine moderne, aber dennoch klassische Optik. Die Materialmischung aus <strong data-start=\"315\" data-end=\"367\">Leinen &#038; Wolle<\/strong>\u00a0sorgt f\u00fcr ein angenehmes Tragegef\u00fchl \u2013 leicht, atmungsaktiv und dennoch formstabil.<\/p>\n","protected":false},"featured_media":20155,"template":"","meta":{"_acf_changed":false,"rs_blank_template":"","rs_page_bg_color":"","slide_template_v7":""},"product_brand":[250],"product_cat":[445],"product_tag":[],"class_list":{"0":"post-20154","1":"product","2":"type-product","3":"status-publish","4":"has-post-thumbnail","6":"product_brand-risa-hutwerkstatt-schweiz","7":"product_cat-sommermuetzen","8":"product_shipping_class-mittlere-pakete","9":"pa_color-jeans","10":"pa_groesse-207","11":"pa_groesse-197","12":"pa_groesse-208","13":"pa_groesse-198","14":"pa_groesse-209","15":"pa_groesse-199","16":"yith_product_brand-risa-hutwerkstatt-schweiz","19":"instock","20":"taxable","21":"shipping-taxable","22":"purchasable","23":"product-type-variable","24":"wvs-archive-product-wrapper","25":"add-to-wishlist-after_add_to_cart"},"acf":[],"yoast_head":"<!-- This site is optimized with the Yoast SEO Premium plugin v27.3 (Yoast SEO v27.3) - https:\/\/yoast.com\/product\/yoast-seo-premium-wordpress\/ -->\n<title>Schieberm\u00fctze &quot;Ciel&quot; \u2013 Sommerliche Flat Cap aus Leinen &amp; Wolle<\/title>\n<meta name=\"description\" content=\"Leichte Flat Cap aus Leinen &amp; Wolle mit feinem Punktmuster \u2013 stilvoll &amp; perfekt f\u00fcr warme Tage. Jetzt online bei Hut Factory entdecken!\" \/>\n<meta name=\"robots\" content=\"index, follow, max-snippet:-1, max-image-preview:large, max-video-preview:-1\" \/>\n<link rel=\"canonical\" href=\"https:\/\/hutfactory.com\/?product=schiebermuetze-sommerleichte-flat-cap\" \/>\n<meta property=\"og:locale\" content=\"de_DE\" \/>\n<meta property=\"og:type\" content=\"article\" \/>\n<meta property=\"og:title\" content=\"Schieberm\u00fctze \u2013 Sommerleichte Flat Cap\" \/>\n<meta property=\"og:description\" content=\"Leichte Flat Cap aus Leinen &amp; Wolle mit feinem Punktmuster \u2013 stilvoll &amp; perfekt f\u00fcr warme Tage. Jetzt online bei Hut Factory entdecken!\" \/>\n<meta property=\"og:url\" content=\"https:\/\/hutfactory.com\/?product=schiebermuetze-sommerleichte-flat-cap\" \/>\n<meta property=\"og:site_name\" content=\"Hut Factory\" \/>\n<meta property=\"article:modified_time\" content=\"2026-03-12T03:09:21+00:00\" \/>\n<meta property=\"og:image\" content=\"https:\/\/hutfactory.com\/wp-content\/uploads\/2026\/03\/65495.1.webp\" \/>\n\t<meta property=\"og:image:width\" content=\"750\" \/>\n\t<meta property=\"og:image:height\" content=\"750\" \/>\n\t<meta property=\"og:image:type\" content=\"image\/webp\" \/>\n<meta name=\"twitter:card\" content=\"summary_large_image\" \/>\n<meta name=\"twitter:label1\" content=\"Gesch\u00e4tzte Lesezeit\" \/>\n\t<meta name=\"twitter:data1\" content=\"2\u00a0Minuten\" \/>\n<script type=\"application\/ld+json\" class=\"yoast-schema-graph\">{\"@context\":\"https:\\\/\\\/schema.org\",\"@graph\":[{\"@type\":\"WebPage\",\"@id\":\"https:\\\/\\\/hutfactory.com\\\/?product=schiebermuetze-sommerleichte-flat-cap\",\"url\":\"https:\\\/\\\/hutfactory.com\\\/?product=schiebermuetze-sommerleichte-flat-cap\",\"name\":\"Schieberm\u00fctze \\\"Ciel\\\" \u2013 Sommerliche Flat Cap aus Leinen & Wolle\",\"isPartOf\":{\"@id\":\"https:\\\/\\\/hutfactory.com\\\/#website\"},\"primaryImageOfPage\":{\"@id\":\"https:\\\/\\\/hutfactory.com\\\/?product=schiebermuetze-sommerleichte-flat-cap#primaryimage\"},\"image\":{\"@id\":\"https:\\\/\\\/hutfactory.com\\\/?product=schiebermuetze-sommerleichte-flat-cap#primaryimage\"},\"thumbnailUrl\":\"https:\\\/\\\/hutfactory.com\\\/wp-content\\\/uploads\\\/2026\\\/03\\\/65495.1.webp\",\"datePublished\":\"2026-03-10T13:03:39+00:00\",\"dateModified\":\"2026-03-12T03:09:21+00:00\",\"description\":\"Leichte Flat Cap aus Leinen & Wolle mit feinem Punktmuster \u2013 stilvoll & perfekt f\u00fcr warme Tage. Jetzt online bei Hut Factory entdecken!\",\"breadcrumb\":{\"@id\":\"https:\\\/\\\/hutfactory.com\\\/?product=schiebermuetze-sommerleichte-flat-cap#breadcrumb\"},\"inLanguage\":\"de\",\"potentialAction\":[{\"@type\":\"ReadAction\",\"target\":[\"https:\\\/\\\/hutfactory.com\\\/?product=schiebermuetze-sommerleichte-flat-cap\"]}]},{\"@type\":\"ImageObject\",\"inLanguage\":\"de\",\"@id\":\"https:\\\/\\\/hutfactory.com\\\/?product=schiebermuetze-sommerleichte-flat-cap#primaryimage\",\"url\":\"https:\\\/\\\/hutfactory.com\\\/wp-content\\\/uploads\\\/2026\\\/03\\\/65495.1.webp\",\"contentUrl\":\"https:\\\/\\\/hutfactory.com\\\/wp-content\\\/uploads\\\/2026\\\/03\\\/65495.1.webp\",\"width\":750,\"height\":750,\"caption\":\"Schieberm\u00fctze in Blau\"},{\"@type\":\"BreadcrumbList\",\"@id\":\"https:\\\/\\\/hutfactory.com\\\/?product=schiebermuetze-sommerleichte-flat-cap#breadcrumb\",\"itemListElement\":[{\"@type\":\"ListItem\",\"position\":1,\"name\":\"Start\",\"item\":\"https:\\\/\\\/hutfactory.com\\\/\"},{\"@type\":\"ListItem\",\"position\":2,\"name\":\"Shop\",\"item\":\"https:\\\/\\\/hutfactory.com\\\/?page_id=10\"},{\"@type\":\"ListItem\",\"position\":3,\"name\":\"Schieberm\u00fctze \u2013 Sommerleichte Flat Cap\"}]},{\"@type\":\"WebSite\",\"@id\":\"https:\\\/\\\/hutfactory.com\\\/#website\",\"url\":\"https:\\\/\\\/hutfactory.com\\\/\",\"name\":\"Hut Factory\",\"description\":\"H\u00fcte, Kappen &amp; M\u00fctzen in Top Swiss\\\/EU Qualit\u00e4t\",\"publisher\":{\"@id\":\"https:\\\/\\\/hutfactory.com\\\/#organization\"},\"alternateName\":\"Hut Shop\",\"potentialAction\":[{\"@type\":\"SearchAction\",\"target\":{\"@type\":\"EntryPoint\",\"urlTemplate\":\"https:\\\/\\\/hutfactory.com\\\/?s={search_term_string}\"},\"query-input\":{\"@type\":\"PropertyValueSpecification\",\"valueRequired\":true,\"valueName\":\"search_term_string\"}}],\"inLanguage\":\"de\"},{\"@type\":\"Organization\",\"@id\":\"https:\\\/\\\/hutfactory.com\\\/#organization\",\"name\":\"Hut Factory\",\"url\":\"https:\\\/\\\/hutfactory.com\\\/\",\"logo\":{\"@type\":\"ImageObject\",\"inLanguage\":\"de\",\"@id\":\"https:\\\/\\\/hutfactory.com\\\/#\\\/schema\\\/logo\\\/image\\\/\",\"url\":\"https:\\\/\\\/hutfactory.com\\\/wp-content\\\/uploads\\\/2026\\\/01\\\/Logo-hut-factory-1.webp\",\"contentUrl\":\"https:\\\/\\\/hutfactory.com\\\/wp-content\\\/uploads\\\/2026\\\/01\\\/Logo-hut-factory-1.webp\",\"width\":300,\"height\":262,\"caption\":\"Hut Factory\"},\"image\":{\"@id\":\"https:\\\/\\\/hutfactory.com\\\/#\\\/schema\\\/logo\\\/image\\\/\"}}]}<\/script>\n<!-- \/ Yoast SEO Premium plugin. -->","yoast_head_json":{"title":"Schieberm\u00fctze \"Ciel\" \u2013 Sommerliche Flat Cap aus Leinen & Wolle","description":"Leichte Flat Cap aus Leinen & Wolle mit feinem Punktmuster \u2013 stilvoll & perfekt f\u00fcr warme Tage. Jetzt online bei Hut Factory entdecken!","robots":{"index":"index","follow":"follow","max-snippet":"max-snippet:-1","max-image-preview":"max-image-preview:large","max-video-preview":"max-video-preview:-1"},"canonical":"https:\/\/hutfactory.com\/?product=schiebermuetze-sommerleichte-flat-cap","og_locale":"de_DE","og_type":"article","og_title":"Schieberm\u00fctze \u2013 Sommerleichte Flat Cap","og_description":"Leichte Flat Cap aus Leinen & Wolle mit feinem Punktmuster \u2013 stilvoll & perfekt f\u00fcr warme Tage. Jetzt online bei Hut Factory entdecken!","og_url":"https:\/\/hutfactory.com\/?product=schiebermuetze-sommerleichte-flat-cap","og_site_name":"Hut Factory","article_modified_time":"2026-03-12T03:09:21+00:00","og_image":[{"width":750,"height":750,"url":"https:\/\/hutfactory.com\/wp-content\/uploads\/2026\/03\/65495.1.webp","type":"image\/webp"}],"twitter_card":"summary_large_image","twitter_misc":{"Gesch\u00e4tzte Lesezeit":"2\u00a0Minuten"},"schema":{"@context":"https:\/\/schema.org","@graph":[{"@type":"WebPage","@id":"https:\/\/hutfactory.com\/?product=schiebermuetze-sommerleichte-flat-cap","url":"https:\/\/hutfactory.com\/?product=schiebermuetze-sommerleichte-flat-cap","name":"Schieberm\u00fctze \"Ciel\" \u2013 Sommerliche Flat Cap aus Leinen & Wolle","isPartOf":{"@id":"https:\/\/hutfactory.com\/#website"},"primaryImageOfPage":{"@id":"https:\/\/hutfactory.com\/?product=schiebermuetze-sommerleichte-flat-cap#primaryimage"},"image":{"@id":"https:\/\/hutfactory.com\/?product=schiebermuetze-sommerleichte-flat-cap#primaryimage"},"thumbnailUrl":"https:\/\/hutfactory.com\/wp-content\/uploads\/2026\/03\/65495.1.webp","datePublished":"2026-03-10T13:03:39+00:00","dateModified":"2026-03-12T03:09:21+00:00","description":"Leichte Flat Cap aus Leinen & Wolle mit feinem Punktmuster \u2013 stilvoll & perfekt f\u00fcr warme Tage. Jetzt online bei Hut Factory entdecken!","breadcrumb":{"@id":"https:\/\/hutfactory.com\/?product=schiebermuetze-sommerleichte-flat-cap#breadcrumb"},"inLanguage":"de","potentialAction":[{"@type":"ReadAction","target":["https:\/\/hutfactory.com\/?product=schiebermuetze-sommerleichte-flat-cap"]}]},{"@type":"ImageObject","inLanguage":"de","@id":"https:\/\/hutfactory.com\/?product=schiebermuetze-sommerleichte-flat-cap#primaryimage","url":"https:\/\/hutfactory.com\/wp-content\/uploads\/2026\/03\/65495.1.webp","contentUrl":"https:\/\/hutfactory.com\/wp-content\/uploads\/2026\/03\/65495.1.webp","width":750,"height":750,"caption":"Schieberm\u00fctze in Blau"},{"@type":"BreadcrumbList","@id":"https:\/\/hutfactory.com\/?product=schiebermuetze-sommerleichte-flat-cap#breadcrumb","itemListElement":[{"@type":"ListItem","position":1,"name":"Start","item":"https:\/\/hutfactory.com\/"},{"@type":"ListItem","position":2,"name":"Shop","item":"https:\/\/hutfactory.com\/?page_id=10"},{"@type":"ListItem","position":3,"name":"Schieberm\u00fctze \u2013 Sommerleichte Flat Cap"}]},{"@type":"WebSite","@id":"https:\/\/hutfactory.com\/#website","url":"https:\/\/hutfactory.com\/","name":"Hut Factory","description":"H\u00fcte, Kappen &amp; M\u00fctzen in Top Swiss\/EU Qualit\u00e4t","publisher":{"@id":"https:\/\/hutfactory.com\/#organization"},"alternateName":"Hut Shop","potentialAction":[{"@type":"SearchAction","target":{"@type":"EntryPoint","urlTemplate":"https:\/\/hutfactory.com\/?s={search_term_string}"},"query-input":{"@type":"PropertyValueSpecification","valueRequired":true,"valueName":"search_term_string"}}],"inLanguage":"de"},{"@type":"Organization","@id":"https:\/\/hutfactory.com\/#organization","name":"Hut Factory","url":"https:\/\/hutfactory.com\/","logo":{"@type":"ImageObject","inLanguage":"de","@id":"https:\/\/hutfactory.com\/#\/schema\/logo\/image\/","url":"https:\/\/hutfactory.com\/wp-content\/uploads\/2026\/01\/Logo-hut-factory-1.webp","contentUrl":"https:\/\/hutfactory.com\/wp-content\/uploads\/2026\/01\/Logo-hut-factory-1.webp","width":300,"height":262,"caption":"Hut Factory"},"image":{"@id":"https:\/\/hutfactory.com\/#\/schema\/logo\/image\/"}}]}},"_links":{"self":[{"href":"https:\/\/hutfactory.com\/index.php?rest_route=\/wp\/v2\/product\/20154","targetHints":{"allow":["GET"]}}],"collection":[{"href":"https:\/\/hutfactory.com\/index.php?rest_route=\/wp\/v2\/product"}],"about":[{"href":"https:\/\/hutfactory.com\/index.php?rest_route=\/wp\/v2\/types\/product"}],"wp:featuredmedia":[{"embeddable":true,"href":"https:\/\/hutfactory.com\/index.php?rest_route=\/wp\/v2\/media\/20155"}],"wp:attachment":[{"href":"https:\/\/hutfactory.com\/index.php?rest_route=%2Fwp%2Fv2%2Fmedia&parent=20154"}],"wp:term":[{"taxonomy":"product_brand","embeddable":true,"href":"https:\/\/hutfactory.com\/index.php?rest_route=%2Fwp%2Fv2%2Fproduct_brand&post=20154"},{"taxonomy":"product_cat","embeddable":true,"href":"https:\/\/hutfactory.com\/index.php?rest_route=%2Fwp%2Fv2%2Fproduct_cat&post=20154"},{"taxonomy":"product_tag","embeddable":true,"href":"https:\/\/hutfactory.com\/index.php?rest_route=%2Fwp%2Fv2%2Fproduct_tag&post=20154"}],"curies":[{"name":"wp","href":"https:\/\/api.w.org\/{rel}","templated":true}]}}