{"id":20146,"date":"2026-03-10T13:03:39","date_gmt":"2026-03-10T13:03:39","guid":{"rendered":"https:\/\/hutfactory.com\/?product=schiebermuetze-sommerliche-flat-cap"},"modified":"2026-03-12T03:09:30","modified_gmt":"2026-03-12T03:09:30","slug":"schiebermuetze-sommerliche-flat-cap","status":"publish","type":"product","link":"https:\/\/hutfactory.com\/?product=schiebermuetze-sommerliche-flat-cap","title":{"rendered":"Schieberm\u00fctze \u2013 Sommerliche Flat Cap"},"content":{"rendered":"<h3 data-start=\"457\" data-end=\"504\"><strong data-start=\"461\" data-end=\"502\">Stilvolle Leichtigkeit f\u00fcr den Alltag<\/strong><\/h3>\n<p data-start=\"505\" data-end=\"778\">Dank der klassischen Flat Cap-Form mit einer sanft geschwungenen Schirmkonstruktion bietet diese M\u00fctze sowohl Eleganz als auch Funktionalit\u00e4t. Die Farbnuance <strong data-start=\"663\" data-end=\"671\">Ciel<\/strong> \u2013 ein sanftes Himmelblau \u2013 verleiht ihr eine frische, sommerliche Note, die vielseitig kombinierbar ist.<\/p>\n<h3 data-start=\"780\" data-end=\"805\"><strong data-start=\"784\" data-end=\"803\">Perfekt f\u00fcr\u2026  <\/strong><\/h3>\n<p data-start=\"806\" data-end=\"1067\">\u2600\ufe0f <strong data-start=\"809\" data-end=\"844\">Leichte Fr\u00fchlings- &#038; Sommertage<\/strong> \u2013 Luftiges Material f\u00fcr ein angenehmes Klima.<br data-start=\"890\" data-end=\"893\" \/>  <strong data-start=\"896\" data-end=\"935\">Klassische &#038; moderne Stil-Liebhaber<\/strong> \u2013 Passt zu Vintage- und modernen Looks.<br data-start=\"975\" data-end=\"978\" \/>  <strong data-start=\"981\" data-end=\"1003\">Nat\u00fcrliche Eleganz<\/strong> \u2013 Gefertigt aus 100 % Wolle f\u00fcr h\u00f6chste Qualit\u00e4t und Komfort.<\/p>\n<div class=\"hf-accordions\">\n<hr class=\"hf-accordion-separator\" \/>\n<details class=\"hf-accordion\">\n<summary><strong>\u25b6\ufe0f Gut zu wissen \u2013 mehr erfahren<\/strong><\/summary>\n<div class=\"hf-accordion-content\">\n<h3 data-start=\"1069\" data-end=\"1102\"><strong data-start=\"1073\" data-end=\"1100\">Eigenschaften &#038; Details<\/strong><\/h3>\n<ul data-start=\"1103\" data-end=\"1404\">\n<li data-start=\"1103\" data-end=\"1161\"><strong data-start=\"1105\" data-end=\"1118\">Material:<\/strong> 100 % Wolle \u2013 weich, leicht &#038; formstabil<\/li>\n<li data-start=\"1162\" data-end=\"1194\"><strong data-start=\"1164\" data-end=\"1174\">Farbe:<\/strong> Ciel (Himmelblau)<\/li>\n<li data-start=\"1195\" data-end=\"1255\"><strong data-start=\"1197\" data-end=\"1208\">Muster:<\/strong> Feines Punktmuster f\u00fcr eine dezente Struktur<\/li>\n<li data-start=\"1256\" data-end=\"1277\"><strong data-start=\"1258\" data-end=\"1269\">Gr\u00f6\u00dfen:<\/strong> 56-61<\/li>\n<li data-start=\"1278\" data-end=\"1348\"><strong data-start=\"1280\" data-end=\"1292\">Schnitt:<\/strong> Klassischer Flat Cap-Stil mit leicht gebogenem Schirm<\/li>\n<li data-start=\"1349\" data-end=\"1404\"><strong data-start=\"1351\" data-end=\"1362\">Extras:<\/strong> Pflegeleicht, atmungsaktiv &#038; knitterarm<\/li>\n<\/ul>\n<h3 data-start=\"1406\" data-end=\"1437\"><strong data-start=\"1410\" data-end=\"1435\">Design &#038; Verarbeitung<\/strong><\/h3>\n<p data-start=\"1438\" data-end=\"1755\">Diese Schieberm\u00fctze \u00fcberzeugt mit einer hochwertigen Verarbeitung und feinen Details. Ihr minimalistisches Punktmuster verleiht ihr eine moderne Note, w\u00e4hrend der klassische Schnitt f\u00fcr eine zeitlose Eleganz sorgt. Sie ist leicht zu kombinieren \u2013 egal ob mit einem l\u00e4ssigen Sommeroutfit oder einer stilvollen Jacke.<\/p>\n<h3 data-start=\"1757\" data-end=\"1790\"><strong data-start=\"1761\" data-end=\"1788\">Handgefertigt in Europa<\/strong><\/h3>\n<p data-start=\"1791\" data-end=\"2043\">Die <strong data-start=\"1795\" data-end=\"1827\">Schweizer Hutmanufaktur Risa<\/strong> entwirft dieses Modell mit h\u00f6chster Pr\u00e4zision und l\u00e4sst es in einer exklusiven europ\u00e4ischen Manufaktur fertigen. Jede M\u00fctze wird mit Liebe zum Detail gefertigt und zeichnet sich durch eine exzellente Qualit\u00e4t aus.<\/p>\n<h3 data-start=\"2045\" data-end=\"2080\"><strong data-start=\"2049\" data-end=\"2078\">Nachhaltigkeit &#038; Qualit\u00e4t<\/strong><\/h3>\n<ul data-start=\"2081\" data-end=\"2311\">\n<li data-start=\"2081\" data-end=\"2156\"><strong data-start=\"2083\" data-end=\"2110\">Nat\u00fcrliche Materialien:<\/strong> Hochwertige Wolle \u2013 nachhaltig &#038; langlebig.<\/li>\n<li data-start=\"2157\" data-end=\"2233\"><strong data-start=\"2159\" data-end=\"2186\">Handarbeit &#038; Tradition:<\/strong> Sorgf\u00e4ltig gefertigt in limitierter Auflage.<\/li>\n<li data-start=\"2234\" data-end=\"2311\"><strong data-start=\"2236\" data-end=\"2254\">Langlebigkeit:<\/strong> Robuste Verarbeitung f\u00fcr langanhaltenden Tragekomfort.<\/li>\n<\/ul>\n<h3 data-start=\"2313\" data-end=\"2344\"><strong data-start=\"2317\" data-end=\"2342\">Herstellung &#038; Versand<\/strong><\/h3>\n<ul data-start=\"2345\" data-end=\"2584\">\n<li data-start=\"2345\" data-end=\"2404\"><strong data-start=\"2347\" data-end=\"2361\">Fertigung:<\/strong> In kleiner Auflage in Europa hergestellt<\/li>\n<li data-start=\"2405\" data-end=\"2461\"><strong data-start=\"2407\" data-end=\"2419\">Versand:<\/strong> Innerhalb weniger Tage ab Lager Schweiz<\/li>\n<li data-start=\"2462\" data-end=\"2522\"><strong data-start=\"2464\" data-end=\"2477\">Umtausch:<\/strong> Nur bei Material- oder Herstellungsfehlern<\/li>\n<li data-start=\"2523\" data-end=\"2584\"><strong data-start=\"2525\" data-end=\"2543\">Verf\u00fcgbarkeit:<\/strong> Abverkauf des Rohmaterials vorbehalten<\/li>\n<\/ul>\n<\/div>\n<\/details>\n<details class=\"hf-accordion\">\n<summary><strong>\u25b6\ufe0f FAQ \u2013 H\u00e4ufige Fragen<\/strong><\/summary>\n<div class=\"hf-accordion-content\">\n<h3 data-start=\"2586\" data-end=\"2625\"><strong data-start=\"2590\" data-end=\"2623\">FAQ \u2013 H\u00e4ufig gestellte Fragen<\/strong><\/h3>\n<p data-start=\"2626\" data-end=\"2754\">\u2753 <strong data-start=\"2628\" data-end=\"2670\">Ist die M\u00fctze f\u00fcr warme Tage geeignet?<\/strong><br data-start=\"2670\" data-end=\"2673\" \/>\u2714\ufe0f Ja, die Wolle ist temperaturausgleichend und sorgt f\u00fcr ein angenehmes Klima.<\/p>\n<p data-start=\"2756\" data-end=\"2879\">\u2753 <strong data-start=\"2758\" data-end=\"2801\">Wie kombiniere ich die M\u00fctze am besten?<\/strong><br data-start=\"2801\" data-end=\"2804\" \/>\u2714\ufe0f Perfekt zu hellen Sommerfarben, Denim oder klassischen Leinen-Outfits.<\/p>\n<p data-start=\"2881\" data-end=\"2980\">\u2753 <strong data-start=\"2883\" data-end=\"2921\">Wie reinige ich die Schieberm\u00fctze?<\/strong><br data-start=\"2921\" data-end=\"2924\" \/>\u2714\ufe0f Handw\u00e4sche oder chemische Reinigung wird empfohlen.<\/p>\n<p data-start=\"2982\" data-end=\"3090\">\u2753 <strong data-start=\"2984\" data-end=\"3016\">Bleibt die M\u00fctze formstabil?<\/strong><br data-start=\"3016\" data-end=\"3019\" \/>\u2714\ufe0f Ja, die hochwertige Verarbeitung sorgt f\u00fcr eine perfekte Passform.<\/p>\n<\/div>\n<\/details>\n<\/div>\n","protected":false},"excerpt":{"rendered":"<h3 data-start=\"66\" data-end=\"126\"><strong>Klassischer Flat Cap-Stil in modernem Punktmuster<\/strong><\/h3>\n<p data-start=\"127\" data-end=\"455\">Die <strong data-start=\"131\" data-end=\"155\">Schieberm\u00fctze &#8220;Ciel&#8221;<\/strong> kombiniert zeitlosen Stil mit au\u00dfergew\u00f6hnlichem Tragekomfort. Hergestellt aus <strong data-start=\"234\" data-end=\"249\">100 % Wolle<\/strong>, besticht sie durch ihr feines Punktmuster, das ihr eine dezente, aber raffinierte Struktur verleiht. Die luftige Webart sorgt f\u00fcr ein leichtes Tragegef\u00fchl \u2013 ideal f\u00fcr den \u00dcbergang oder sommerliche Tage.<\/p>\n","protected":false},"featured_media":20147,"template":"","meta":{"_acf_changed":false,"rs_blank_template":"","rs_page_bg_color":"","slide_template_v7":""},"product_brand":[250],"product_cat":[692,445],"product_tag":[],"class_list":{"0":"post-20146","1":"product","2":"type-product","3":"status-publish","4":"has-post-thumbnail","6":"product_brand-risa-hutwerkstatt-schweiz","7":"product_cat-schiebermuetzen-sommermuetzen","8":"product_cat-sommermuetzen","9":"product_shipping_class-mittlere-pakete","10":"pa_color-ciel","11":"pa_groesse-196","12":"pa_groesse-207","13":"pa_groesse-197","14":"pa_groesse-208","15":"pa_groesse-198","16":"pa_groesse-209","17":"pa_groesse-199","18":"yith_product_brand-risa-hutwerkstatt-schweiz","21":"instock","22":"taxable","23":"shipping-taxable","24":"purchasable","25":"product-type-variable","26":"wvs-archive-product-wrapper","27":"add-to-wishlist-after_add_to_cart"},"acf":[],"yoast_head":"<!-- This site is optimized with the Yoast SEO Premium plugin v27.3 (Yoast SEO v27.3) - https:\/\/yoast.com\/product\/yoast-seo-premium-wordpress\/ -->\n<title>Schieberm\u00fctze \u2013 Sommerliche Flat Cap aus 100 % Wolle<\/title>\n<meta name=\"description\" content=\"Leichte Flat Cap aus 100 % Wolle mit feinem Punktmuster \u2013 stilvoll, luftig &amp; perfekt f\u00fcr warme Tage. Jetzt online bei Hut Factory entdecken!\" \/>\n<meta name=\"robots\" content=\"index, follow, max-snippet:-1, max-image-preview:large, max-video-preview:-1\" \/>\n<link rel=\"canonical\" href=\"https:\/\/hutfactory.com\/?product=schiebermuetze-sommerliche-flat-cap\" \/>\n<meta property=\"og:locale\" content=\"de_DE\" \/>\n<meta property=\"og:type\" content=\"article\" \/>\n<meta property=\"og:title\" content=\"Schieberm\u00fctze \u2013 Sommerliche Flat Cap\" \/>\n<meta property=\"og:description\" content=\"Leichte Flat Cap aus 100 % Wolle mit feinem Punktmuster \u2013 stilvoll, luftig &amp; perfekt f\u00fcr warme Tage. Jetzt online bei Hut Factory entdecken!\" \/>\n<meta property=\"og:url\" content=\"https:\/\/hutfactory.com\/?product=schiebermuetze-sommerliche-flat-cap\" \/>\n<meta property=\"og:site_name\" content=\"Hut Factory\" \/>\n<meta property=\"article:modified_time\" content=\"2026-03-12T03:09:30+00:00\" \/>\n<meta property=\"og:image\" content=\"https:\/\/hutfactory.com\/wp-content\/uploads\/2026\/03\/65485.1.webp\" \/>\n\t<meta property=\"og:image:width\" content=\"750\" \/>\n\t<meta property=\"og:image:height\" content=\"750\" \/>\n\t<meta property=\"og:image:type\" content=\"image\/webp\" \/>\n<meta name=\"twitter:card\" content=\"summary_large_image\" \/>\n<meta name=\"twitter:label1\" content=\"Gesch\u00e4tzte Lesezeit\" \/>\n\t<meta name=\"twitter:data1\" content=\"2\u00a0Minuten\" \/>\n<script type=\"application\/ld+json\" class=\"yoast-schema-graph\">{\"@context\":\"https:\\\/\\\/schema.org\",\"@graph\":[{\"@type\":\"WebPage\",\"@id\":\"https:\\\/\\\/hutfactory.com\\\/?product=schiebermuetze-sommerliche-flat-cap\",\"url\":\"https:\\\/\\\/hutfactory.com\\\/?product=schiebermuetze-sommerliche-flat-cap\",\"name\":\"Schieberm\u00fctze \u2013 Sommerliche Flat Cap aus 100 % Wolle\",\"isPartOf\":{\"@id\":\"https:\\\/\\\/hutfactory.com\\\/#website\"},\"primaryImageOfPage\":{\"@id\":\"https:\\\/\\\/hutfactory.com\\\/?product=schiebermuetze-sommerliche-flat-cap#primaryimage\"},\"image\":{\"@id\":\"https:\\\/\\\/hutfactory.com\\\/?product=schiebermuetze-sommerliche-flat-cap#primaryimage\"},\"thumbnailUrl\":\"https:\\\/\\\/hutfactory.com\\\/wp-content\\\/uploads\\\/2026\\\/03\\\/65485.1.webp\",\"datePublished\":\"2026-03-10T13:03:39+00:00\",\"dateModified\":\"2026-03-12T03:09:30+00:00\",\"description\":\"Leichte Flat Cap aus 100 % Wolle mit feinem Punktmuster \u2013 stilvoll, luftig & perfekt f\u00fcr warme Tage. Jetzt online bei Hut Factory entdecken!\",\"breadcrumb\":{\"@id\":\"https:\\\/\\\/hutfactory.com\\\/?product=schiebermuetze-sommerliche-flat-cap#breadcrumb\"},\"inLanguage\":\"de\",\"potentialAction\":[{\"@type\":\"ReadAction\",\"target\":[\"https:\\\/\\\/hutfactory.com\\\/?product=schiebermuetze-sommerliche-flat-cap\"]}]},{\"@type\":\"ImageObject\",\"inLanguage\":\"de\",\"@id\":\"https:\\\/\\\/hutfactory.com\\\/?product=schiebermuetze-sommerliche-flat-cap#primaryimage\",\"url\":\"https:\\\/\\\/hutfactory.com\\\/wp-content\\\/uploads\\\/2026\\\/03\\\/65485.1.webp\",\"contentUrl\":\"https:\\\/\\\/hutfactory.com\\\/wp-content\\\/uploads\\\/2026\\\/03\\\/65485.1.webp\",\"width\":750,\"height\":750,\"caption\":\"Schieberm\u00fctze pure Cotton in Ciel\"},{\"@type\":\"BreadcrumbList\",\"@id\":\"https:\\\/\\\/hutfactory.com\\\/?product=schiebermuetze-sommerliche-flat-cap#breadcrumb\",\"itemListElement\":[{\"@type\":\"ListItem\",\"position\":1,\"name\":\"Start\",\"item\":\"https:\\\/\\\/hutfactory.com\\\/\"},{\"@type\":\"ListItem\",\"position\":2,\"name\":\"Shop\",\"item\":\"https:\\\/\\\/hutfactory.com\\\/?page_id=10\"},{\"@type\":\"ListItem\",\"position\":3,\"name\":\"Schieberm\u00fctze \u2013 Sommerliche Flat Cap\"}]},{\"@type\":\"WebSite\",\"@id\":\"https:\\\/\\\/hutfactory.com\\\/#website\",\"url\":\"https:\\\/\\\/hutfactory.com\\\/\",\"name\":\"Hut Factory\",\"description\":\"H\u00fcte, Kappen &amp; M\u00fctzen in Top Swiss\\\/EU Qualit\u00e4t\",\"publisher\":{\"@id\":\"https:\\\/\\\/hutfactory.com\\\/#organization\"},\"alternateName\":\"Hut Shop\",\"potentialAction\":[{\"@type\":\"SearchAction\",\"target\":{\"@type\":\"EntryPoint\",\"urlTemplate\":\"https:\\\/\\\/hutfactory.com\\\/?s={search_term_string}\"},\"query-input\":{\"@type\":\"PropertyValueSpecification\",\"valueRequired\":true,\"valueName\":\"search_term_string\"}}],\"inLanguage\":\"de\"},{\"@type\":\"Organization\",\"@id\":\"https:\\\/\\\/hutfactory.com\\\/#organization\",\"name\":\"Hut Factory\",\"url\":\"https:\\\/\\\/hutfactory.com\\\/\",\"logo\":{\"@type\":\"ImageObject\",\"inLanguage\":\"de\",\"@id\":\"https:\\\/\\\/hutfactory.com\\\/#\\\/schema\\\/logo\\\/image\\\/\",\"url\":\"https:\\\/\\\/hutfactory.com\\\/wp-content\\\/uploads\\\/2026\\\/01\\\/Logo-hut-factory-1.webp\",\"contentUrl\":\"https:\\\/\\\/hutfactory.com\\\/wp-content\\\/uploads\\\/2026\\\/01\\\/Logo-hut-factory-1.webp\",\"width\":300,\"height\":262,\"caption\":\"Hut Factory\"},\"image\":{\"@id\":\"https:\\\/\\\/hutfactory.com\\\/#\\\/schema\\\/logo\\\/image\\\/\"}}]}<\/script>\n<!-- \/ Yoast SEO Premium plugin. -->","yoast_head_json":{"title":"Schieberm\u00fctze \u2013 Sommerliche Flat Cap aus 100 % Wolle","description":"Leichte Flat Cap aus 100 % Wolle mit feinem Punktmuster \u2013 stilvoll, luftig & perfekt f\u00fcr warme Tage. Jetzt online bei Hut Factory entdecken!","robots":{"index":"index","follow":"follow","max-snippet":"max-snippet:-1","max-image-preview":"max-image-preview:large","max-video-preview":"max-video-preview:-1"},"canonical":"https:\/\/hutfactory.com\/?product=schiebermuetze-sommerliche-flat-cap","og_locale":"de_DE","og_type":"article","og_title":"Schieberm\u00fctze \u2013 Sommerliche Flat Cap","og_description":"Leichte Flat Cap aus 100 % Wolle mit feinem Punktmuster \u2013 stilvoll, luftig & perfekt f\u00fcr warme Tage. Jetzt online bei Hut Factory entdecken!","og_url":"https:\/\/hutfactory.com\/?product=schiebermuetze-sommerliche-flat-cap","og_site_name":"Hut Factory","article_modified_time":"2026-03-12T03:09:30+00:00","og_image":[{"width":750,"height":750,"url":"https:\/\/hutfactory.com\/wp-content\/uploads\/2026\/03\/65485.1.webp","type":"image\/webp"}],"twitter_card":"summary_large_image","twitter_misc":{"Gesch\u00e4tzte Lesezeit":"2\u00a0Minuten"},"schema":{"@context":"https:\/\/schema.org","@graph":[{"@type":"WebPage","@id":"https:\/\/hutfactory.com\/?product=schiebermuetze-sommerliche-flat-cap","url":"https:\/\/hutfactory.com\/?product=schiebermuetze-sommerliche-flat-cap","name":"Schieberm\u00fctze \u2013 Sommerliche Flat Cap aus 100 % Wolle","isPartOf":{"@id":"https:\/\/hutfactory.com\/#website"},"primaryImageOfPage":{"@id":"https:\/\/hutfactory.com\/?product=schiebermuetze-sommerliche-flat-cap#primaryimage"},"image":{"@id":"https:\/\/hutfactory.com\/?product=schiebermuetze-sommerliche-flat-cap#primaryimage"},"thumbnailUrl":"https:\/\/hutfactory.com\/wp-content\/uploads\/2026\/03\/65485.1.webp","datePublished":"2026-03-10T13:03:39+00:00","dateModified":"2026-03-12T03:09:30+00:00","description":"Leichte Flat Cap aus 100 % Wolle mit feinem Punktmuster \u2013 stilvoll, luftig & perfekt f\u00fcr warme Tage. Jetzt online bei Hut Factory entdecken!","breadcrumb":{"@id":"https:\/\/hutfactory.com\/?product=schiebermuetze-sommerliche-flat-cap#breadcrumb"},"inLanguage":"de","potentialAction":[{"@type":"ReadAction","target":["https:\/\/hutfactory.com\/?product=schiebermuetze-sommerliche-flat-cap"]}]},{"@type":"ImageObject","inLanguage":"de","@id":"https:\/\/hutfactory.com\/?product=schiebermuetze-sommerliche-flat-cap#primaryimage","url":"https:\/\/hutfactory.com\/wp-content\/uploads\/2026\/03\/65485.1.webp","contentUrl":"https:\/\/hutfactory.com\/wp-content\/uploads\/2026\/03\/65485.1.webp","width":750,"height":750,"caption":"Schieberm\u00fctze pure Cotton in Ciel"},{"@type":"BreadcrumbList","@id":"https:\/\/hutfactory.com\/?product=schiebermuetze-sommerliche-flat-cap#breadcrumb","itemListElement":[{"@type":"ListItem","position":1,"name":"Start","item":"https:\/\/hutfactory.com\/"},{"@type":"ListItem","position":2,"name":"Shop","item":"https:\/\/hutfactory.com\/?page_id=10"},{"@type":"ListItem","position":3,"name":"Schieberm\u00fctze \u2013 Sommerliche Flat Cap"}]},{"@type":"WebSite","@id":"https:\/\/hutfactory.com\/#website","url":"https:\/\/hutfactory.com\/","name":"Hut Factory","description":"H\u00fcte, Kappen &amp; M\u00fctzen in Top Swiss\/EU Qualit\u00e4t","publisher":{"@id":"https:\/\/hutfactory.com\/#organization"},"alternateName":"Hut Shop","potentialAction":[{"@type":"SearchAction","target":{"@type":"EntryPoint","urlTemplate":"https:\/\/hutfactory.com\/?s={search_term_string}"},"query-input":{"@type":"PropertyValueSpecification","valueRequired":true,"valueName":"search_term_string"}}],"inLanguage":"de"},{"@type":"Organization","@id":"https:\/\/hutfactory.com\/#organization","name":"Hut Factory","url":"https:\/\/hutfactory.com\/","logo":{"@type":"ImageObject","inLanguage":"de","@id":"https:\/\/hutfactory.com\/#\/schema\/logo\/image\/","url":"https:\/\/hutfactory.com\/wp-content\/uploads\/2026\/01\/Logo-hut-factory-1.webp","contentUrl":"https:\/\/hutfactory.com\/wp-content\/uploads\/2026\/01\/Logo-hut-factory-1.webp","width":300,"height":262,"caption":"Hut Factory"},"image":{"@id":"https:\/\/hutfactory.com\/#\/schema\/logo\/image\/"}}]}},"_links":{"self":[{"href":"https:\/\/hutfactory.com\/index.php?rest_route=\/wp\/v2\/product\/20146","targetHints":{"allow":["GET"]}}],"collection":[{"href":"https:\/\/hutfactory.com\/index.php?rest_route=\/wp\/v2\/product"}],"about":[{"href":"https:\/\/hutfactory.com\/index.php?rest_route=\/wp\/v2\/types\/product"}],"wp:featuredmedia":[{"embeddable":true,"href":"https:\/\/hutfactory.com\/index.php?rest_route=\/wp\/v2\/media\/20147"}],"wp:attachment":[{"href":"https:\/\/hutfactory.com\/index.php?rest_route=%2Fwp%2Fv2%2Fmedia&parent=20146"}],"wp:term":[{"taxonomy":"product_brand","embeddable":true,"href":"https:\/\/hutfactory.com\/index.php?rest_route=%2Fwp%2Fv2%2Fproduct_brand&post=20146"},{"taxonomy":"product_cat","embeddable":true,"href":"https:\/\/hutfactory.com\/index.php?rest_route=%2Fwp%2Fv2%2Fproduct_cat&post=20146"},{"taxonomy":"product_tag","embeddable":true,"href":"https:\/\/hutfactory.com\/index.php?rest_route=%2Fwp%2Fv2%2Fproduct_tag&post=20146"}],"curies":[{"name":"wp","href":"https:\/\/api.w.org\/{rel}","templated":true}]}}