{"id":19576,"date":"2026-03-10T12:56:37","date_gmt":"2026-03-10T12:56:37","guid":{"rendered":"https:\/\/hutfactory.com\/?product=schiebermuetze-aus-oeko-leinen"},"modified":"2026-03-12T03:13:15","modified_gmt":"2026-03-12T03:13:15","slug":"schiebermuetze-aus-oeko-leinen","status":"publish","type":"product","link":"https:\/\/hutfactory.com\/?product=schiebermuetze-aus-oeko-leinen","title":{"rendered":"Schieberm\u00fctze aus Oeko Leinen"},"content":{"rendered":"<h3>Der Inbegriff nachhaltiger Mode<\/h3>\n<p data-start=\"547\" data-end=\"1031\">Die Schieberm\u00fctze besteht aus einer hochwertigen Kombination von <strong data-start=\"612\" data-end=\"684\">50% Leinen (LI), 12% Tencel, 12% Baumwolle (CO) und 26% Viskose (VI)<\/strong>. Diese Fasern sorgen f\u00fcr eine leichte, atmungsaktive und angenehm weiche Haptik. Der steingraue Farbton mit feinen, eingewobenen Punkten macht die M\u00fctze zu einem stilvollen Begleiter f\u00fcr jeden Anlass \u2013 von leger bis elegant. Dank der klassischen Passform und der pr\u00e4zisen Verarbeitung sitzt sie optimal und verleiht jedem Outfit eine edle Note.<\/p>\n<h3 data-start=\"1033\" data-end=\"1058\"><strong data-start=\"1037\" data-end=\"1056\">Perfekt f\u00fcr\u2026 <\/strong><\/h3>\n<p data-start=\"1059\" data-end=\"1323\">\u2600\ufe0f <strong data-start=\"1062\" data-end=\"1090\">Sommer &amp; \u00dcbergangszeiten<\/strong> \u2013 Leicht &amp; atmungsaktiv f\u00fcr optimalen Tragekomfort.<br data-start=\"1142\" data-end=\"1145\" \/><strong data-start=\"1148\" data-end=\"1184\">Nachhaltigkeitsbewusste Modefans<\/strong> \u2013 Gefertigt aus umweltfreundlichen Materialien.<br data-start=\"1232\" data-end=\"1235\" \/><strong data-start=\"1238\" data-end=\"1270\">Stilbewusste M\u00e4nner &amp; Frauen<\/strong> \u2013 Dezente Eleganz f\u00fcr l\u00e4ssige oder gehobene Looks.<\/p>\n<div class=\"hf-accordions\">\n<hr class=\"hf-accordion-separator\" \/>\n<details class=\"hf-accordion\">\n<summary><strong>\u25b6\ufe0f Gut zu wissen \u2013 mehr erfahren<\/strong><\/summary>\n<div class=\"hf-accordion-content\">\n<h3 data-start=\"1325\" data-end=\"1358\"><strong data-start=\"1329\" data-end=\"1356\">Eigenschaften &amp; Details<\/strong><\/h3>\n<ul data-start=\"1359\" data-end=\"1721\">\n<li data-start=\"1359\" data-end=\"1475\"><strong data-start=\"1361\" data-end=\"1374\">Material:<\/strong> 50% Leinen (LI) \/ 12% Tencel \/ 12% Baumwolle (CO) \/ 26% Viskose (VI) \u2013 nachhaltig &amp; angenehm weich<\/li>\n<li data-start=\"1476\" data-end=\"1536\"><strong data-start=\"1478\" data-end=\"1488\">Farbe:<\/strong> Steingrau \u2013 elegant &amp; vielseitig kombinierbar<\/li>\n<li data-start=\"1537\" data-end=\"1604\"><strong data-start=\"1539\" data-end=\"1550\">Muster:<\/strong> Dezente Punkte \u2013 feine Struktur f\u00fcr eine edle Optik<\/li>\n<li data-start=\"1605\" data-end=\"1654\"><strong data-start=\"1607\" data-end=\"1618\">Gr\u00f6\u00dfen:<\/strong> 55-62 \u2013 f\u00fcr die perfekte Passform<\/li>\n<li data-start=\"1655\" data-end=\"1721\"><strong data-start=\"1657\" data-end=\"1674\">Tragekomfort:<\/strong> Leicht &amp; atmungsaktiv \u2013 ideal f\u00fcr den Sommer<\/li>\n<\/ul>\n<h3 data-start=\"1723\" data-end=\"1754\"><strong data-start=\"1727\" data-end=\"1752\">Design &amp; Verarbeitung<\/strong><\/h3>\n<p data-start=\"1755\" data-end=\"2100\">Die klassische Schieberm\u00fctzenform mit leicht geschwungener Krone und flachem Schild sorgt f\u00fcr eine elegante Silhouette. Die feine Textur des Stoffes mit dezenten, eingewobenen Punkten verleiht der M\u00fctze eine besondere Note. Die Kombination aus Naturfasern macht sie zudem angenehm weich und sorgt f\u00fcr eine ausgezeichnete Temperaturregulierung.<\/p>\n<h3 data-start=\"2102\" data-end=\"2136\"><strong data-start=\"2106\" data-end=\"2134\">Handgefertigt in Italien<\/strong><\/h3>\n<p data-start=\"2137\" data-end=\"2404\">Diese Schieberm\u00fctze wurde von der <strong data-start=\"2171\" data-end=\"2213\">Schweizer Hutmanufaktur Risa entworfen<\/strong> und in einer italienischen Manufaktur in kleiner Auflage gefertigt. Jedes St\u00fcck ist ein Meisterwerk traditioneller Handwerkskunst, das h\u00f6chste Qualit\u00e4t und nachhaltige Materialien vereint.<\/p>\n<h3 data-start=\"2406\" data-end=\"2441\"><strong data-start=\"2410\" data-end=\"2439\">Nachhaltigkeit &amp; Qualit\u00e4t<\/strong><\/h3>\n<p data-start=\"2442\" data-end=\"2733\"><strong data-start=\"2445\" data-end=\"2471\">Nat\u00fcrliche Materialien<\/strong> \u2013 Oeko-Leinen, Tencel &amp; Baumwolle sind umweltfreundlich &amp; biologisch abbaubar.<br data-start=\"2550\" data-end=\"2553\" \/><strong data-start=\"2556\" data-end=\"2584\">Traditionelle Handarbeit<\/strong> \u2013 Jede M\u00fctze wird mit gr\u00f6\u00dfter Sorgfalt gefertigt.<br data-start=\"2634\" data-end=\"2637\" \/>\u267b\ufe0f <strong data-start=\"2640\" data-end=\"2674\">Langlebigkeit &amp; Nachhaltigkeit<\/strong> \u2013 Hochwertige Verarbeitung f\u00fcr jahrelangen Tragekomfort.<\/p>\n<h3 data-start=\"2735\" data-end=\"2766\"><strong data-start=\"2739\" data-end=\"2764\">Herstellung &amp; Versand<\/strong><\/h3>\n<p data-start=\"2767\" data-end=\"3009\"><strong data-start=\"2770\" data-end=\"2785\">Produktion:<\/strong> In kleiner Auflage in Italien gefertigt<br data-start=\"2825\" data-end=\"2828\" \/><strong data-start=\"2831\" data-end=\"2843\">Versand:<\/strong> Innerhalb weniger Tage ab Lager Schweiz<br data-start=\"2883\" data-end=\"2886\" \/>\u23f3 <strong data-start=\"2888\" data-end=\"2906\">Verf\u00fcgbarkeit:<\/strong> Abverkauf des Rohmaterials vorbehalten<br data-start=\"2945\" data-end=\"2948\" \/><strong data-start=\"2951\" data-end=\"2964\">Umtausch:<\/strong> Nur bei Material- oder Herstellungsfehlern<\/p>\n<\/div>\n<\/details>\n<details class=\"hf-accordion\">\n<summary><strong>\u25b6\ufe0f FAQ \u2013 H\u00e4ufige Fragen<\/strong><\/summary>\n<div class=\"hf-accordion-content\">\n<h3 data-start=\"3011\" data-end=\"3050\"><strong data-start=\"3015\" data-end=\"3048\">FAQ \u2013 H\u00e4ufig gestellte Fragen<\/strong><\/h3>\n<p data-start=\"3051\" data-end=\"3188\"><strong data-start=\"3054\" data-end=\"3086\">Wie f\u00fchlt sich die M\u00fctze an?<\/strong><br data-start=\"3086\" data-end=\"3089\" \/>Dank der Mischung aus Leinen, Tencel und Viskose ist sie leicht, atmungsaktiv und angenehm weich.<\/p>\n<p data-start=\"3190\" data-end=\"3300\"><strong data-start=\"3193\" data-end=\"3235\">Ist die M\u00fctze f\u00fcr warme Tage geeignet?<\/strong><br data-start=\"3235\" data-end=\"3238\" \/>Ja, sie ist atmungsaktiv und sorgt f\u00fcr ein angenehmes Klima.<\/p>\n<p data-start=\"3302\" data-end=\"3429\"><strong data-start=\"3305\" data-end=\"3336\">Kann ich die M\u00fctze waschen?<\/strong><br data-start=\"3336\" data-end=\"3339\" \/>Wir empfehlen eine chemische Reinigung oder sanftes Ausb\u00fcrsten mit einer weichen B\u00fcrste.<\/p>\n<p data-start=\"3431\" data-end=\"3582\"><strong data-start=\"3434\" data-end=\"3475\">Passt die M\u00fctze zu eleganten Outfits?<\/strong><br data-start=\"3475\" data-end=\"3478\" \/>Definitiv! Ihre dezente Struktur und das schlichte Design machen sie zu einem vielseitigen Accessoire.<\/p>\n<p data-start=\"3584\" data-end=\"3694\"><strong data-start=\"3587\" data-end=\"3621\">Kann ich die M\u00fctze umtauschen?<\/strong><br data-start=\"3621\" data-end=\"3624\" \/>Ein Umtausch ist nur bei Material- oder Herstellungsfehlern m\u00f6glich.<\/p>\n<\/div>\n<\/details>\n<\/div>\n","protected":false},"excerpt":{"rendered":"<h3 data-start=\"0\" data-end=\"82\"><strong data-start=\"4\" data-end=\"80\">Nachhaltige Eleganz mit dezenten Details<\/strong><\/h3>\n<p data-start=\"132\" data-end=\"502\">Diese exklusive Schieberm\u00fctze vereint minimalistisches Design mit nachhaltigen Materialien. Hergestellt aus einer innovativen Mischung aus <strong data-start=\"271\" data-end=\"317\">Oeko-Leinen, Tencel, Baumwolle und Viskose<\/strong>, bietet sie eine perfekte Balance aus Komfort, Stil und Umweltbewusstsein. Die feinen, zarten Punkte auf dem steingrauen Stoff verleihen der M\u00fctze eine dezente, raffinierte Struktur.<\/p>\n","protected":false},"featured_media":19577,"template":"","meta":{"_acf_changed":false,"rs_blank_template":"","rs_page_bg_color":"","slide_template_v7":""},"product_brand":[250],"product_cat":[692,445],"product_tag":[],"class_list":{"0":"post-19576","1":"product","2":"type-product","3":"status-publish","4":"has-post-thumbnail","6":"product_brand-risa-hutwerkstatt-schweiz","7":"product_cat-schiebermuetzen-sommermuetzen","8":"product_cat-sommermuetzen","9":"product_shipping_class-mittlere-pakete","10":"pa_color-stein","11":"pa_groesse-196","12":"pa_groesse-207","13":"pa_groesse-197","14":"pa_groesse-208","15":"pa_groesse-198","16":"pa_groesse-209","17":"pa_groesse-199","18":"pa_groesse-210","19":"yith_product_brand-risa-hutwerkstatt-schweiz","22":"instock","23":"taxable","24":"shipping-taxable","25":"purchasable","26":"product-type-variable","27":"wvs-archive-product-wrapper","28":"add-to-wishlist-after_add_to_cart"},"acf":[],"yoast_head":"<!-- This site is optimized with the Yoast SEO Premium plugin v27.3 (Yoast SEO v27.3) - https:\/\/yoast.com\/product\/yoast-seo-premium-wordpress\/ -->\n<title>Schieberm\u00fctze aus Oeko-Leinen \u2013 Nachhaltige Eleganz<\/title>\n<meta name=\"description\" content=\"Leichte Schieberm\u00fctze aus Oeko-Leinen mit dezenten Punkten \u2013 stilvoll, atmungsaktiv &amp; nachhaltig. Jetzt online bei Hut Factory bestellen!\" \/>\n<meta name=\"robots\" content=\"index, follow, max-snippet:-1, max-image-preview:large, max-video-preview:-1\" \/>\n<link rel=\"canonical\" href=\"https:\/\/hutfactory.com\/?product=schiebermuetze-aus-oeko-leinen\" \/>\n<meta property=\"og:locale\" content=\"de_DE\" \/>\n<meta property=\"og:type\" content=\"article\" \/>\n<meta property=\"og:title\" content=\"Schieberm\u00fctze aus Oeko Leinen\" \/>\n<meta property=\"og:description\" content=\"Leichte Schieberm\u00fctze aus Oeko-Leinen mit dezenten Punkten \u2013 stilvoll, atmungsaktiv &amp; nachhaltig. Jetzt online bei Hut Factory bestellen!\" \/>\n<meta property=\"og:url\" content=\"https:\/\/hutfactory.com\/?product=schiebermuetze-aus-oeko-leinen\" \/>\n<meta property=\"og:site_name\" content=\"Hut Factory\" \/>\n<meta property=\"article:modified_time\" content=\"2026-03-12T03:13:15+00:00\" \/>\n<meta property=\"og:image\" content=\"https:\/\/hutfactory.com\/wp-content\/uploads\/2026\/03\/64274.1-1-scaled-e1713942293521.webp\" \/>\n\t<meta property=\"og:image:width\" content=\"750\" \/>\n\t<meta property=\"og:image:height\" content=\"750\" \/>\n\t<meta property=\"og:image:type\" content=\"image\/webp\" \/>\n<meta name=\"twitter:card\" content=\"summary_large_image\" \/>\n<meta name=\"twitter:label1\" content=\"Gesch\u00e4tzte Lesezeit\" \/>\n\t<meta name=\"twitter:data1\" content=\"3\u00a0Minuten\" \/>\n<script type=\"application\/ld+json\" class=\"yoast-schema-graph\">{\"@context\":\"https:\\\/\\\/schema.org\",\"@graph\":[{\"@type\":\"WebPage\",\"@id\":\"https:\\\/\\\/hutfactory.com\\\/?product=schiebermuetze-aus-oeko-leinen\",\"url\":\"https:\\\/\\\/hutfactory.com\\\/?product=schiebermuetze-aus-oeko-leinen\",\"name\":\"Schieberm\u00fctze aus Oeko-Leinen \u2013 Nachhaltige Eleganz\",\"isPartOf\":{\"@id\":\"https:\\\/\\\/hutfactory.com\\\/#website\"},\"primaryImageOfPage\":{\"@id\":\"https:\\\/\\\/hutfactory.com\\\/?product=schiebermuetze-aus-oeko-leinen#primaryimage\"},\"image\":{\"@id\":\"https:\\\/\\\/hutfactory.com\\\/?product=schiebermuetze-aus-oeko-leinen#primaryimage\"},\"thumbnailUrl\":\"https:\\\/\\\/hutfactory.com\\\/wp-content\\\/uploads\\\/2026\\\/03\\\/64274.1-1-scaled-e1713942293521.webp\",\"datePublished\":\"2026-03-10T12:56:37+00:00\",\"dateModified\":\"2026-03-12T03:13:15+00:00\",\"description\":\"Leichte Schieberm\u00fctze aus Oeko-Leinen mit dezenten Punkten \u2013 stilvoll, atmungsaktiv & nachhaltig. Jetzt online bei Hut Factory bestellen!\",\"breadcrumb\":{\"@id\":\"https:\\\/\\\/hutfactory.com\\\/?product=schiebermuetze-aus-oeko-leinen#breadcrumb\"},\"inLanguage\":\"de\",\"potentialAction\":[{\"@type\":\"ReadAction\",\"target\":[\"https:\\\/\\\/hutfactory.com\\\/?product=schiebermuetze-aus-oeko-leinen\"]}]},{\"@type\":\"ImageObject\",\"inLanguage\":\"de\",\"@id\":\"https:\\\/\\\/hutfactory.com\\\/?product=schiebermuetze-aus-oeko-leinen#primaryimage\",\"url\":\"https:\\\/\\\/hutfactory.com\\\/wp-content\\\/uploads\\\/2026\\\/03\\\/64274.1-1-scaled-e1713942293521.webp\",\"contentUrl\":\"https:\\\/\\\/hutfactory.com\\\/wp-content\\\/uploads\\\/2026\\\/03\\\/64274.1-1-scaled-e1713942293521.webp\",\"width\":750,\"height\":750,\"caption\":\"Schieberm\u00fctze Oeko Leinen|\"},{\"@type\":\"BreadcrumbList\",\"@id\":\"https:\\\/\\\/hutfactory.com\\\/?product=schiebermuetze-aus-oeko-leinen#breadcrumb\",\"itemListElement\":[{\"@type\":\"ListItem\",\"position\":1,\"name\":\"Start\",\"item\":\"https:\\\/\\\/hutfactory.com\\\/\"},{\"@type\":\"ListItem\",\"position\":2,\"name\":\"Shop\",\"item\":\"https:\\\/\\\/hutfactory.com\\\/?page_id=10\"},{\"@type\":\"ListItem\",\"position\":3,\"name\":\"Schieberm\u00fctze aus Oeko Leinen\"}]},{\"@type\":\"WebSite\",\"@id\":\"https:\\\/\\\/hutfactory.com\\\/#website\",\"url\":\"https:\\\/\\\/hutfactory.com\\\/\",\"name\":\"Hut Factory\",\"description\":\"H\u00fcte, Kappen &amp; M\u00fctzen in Top Swiss\\\/EU Qualit\u00e4t\",\"publisher\":{\"@id\":\"https:\\\/\\\/hutfactory.com\\\/#organization\"},\"alternateName\":\"Hut Shop\",\"potentialAction\":[{\"@type\":\"SearchAction\",\"target\":{\"@type\":\"EntryPoint\",\"urlTemplate\":\"https:\\\/\\\/hutfactory.com\\\/?s={search_term_string}\"},\"query-input\":{\"@type\":\"PropertyValueSpecification\",\"valueRequired\":true,\"valueName\":\"search_term_string\"}}],\"inLanguage\":\"de\"},{\"@type\":\"Organization\",\"@id\":\"https:\\\/\\\/hutfactory.com\\\/#organization\",\"name\":\"Hut Factory\",\"url\":\"https:\\\/\\\/hutfactory.com\\\/\",\"logo\":{\"@type\":\"ImageObject\",\"inLanguage\":\"de\",\"@id\":\"https:\\\/\\\/hutfactory.com\\\/#\\\/schema\\\/logo\\\/image\\\/\",\"url\":\"https:\\\/\\\/hutfactory.com\\\/wp-content\\\/uploads\\\/2026\\\/01\\\/Logo-hut-factory-1.webp\",\"contentUrl\":\"https:\\\/\\\/hutfactory.com\\\/wp-content\\\/uploads\\\/2026\\\/01\\\/Logo-hut-factory-1.webp\",\"width\":300,\"height\":262,\"caption\":\"Hut Factory\"},\"image\":{\"@id\":\"https:\\\/\\\/hutfactory.com\\\/#\\\/schema\\\/logo\\\/image\\\/\"}}]}<\/script>\n<!-- \/ Yoast SEO Premium plugin. -->","yoast_head_json":{"title":"Schieberm\u00fctze aus Oeko-Leinen \u2013 Nachhaltige Eleganz","description":"Leichte Schieberm\u00fctze aus Oeko-Leinen mit dezenten Punkten \u2013 stilvoll, atmungsaktiv & nachhaltig. Jetzt online bei Hut Factory bestellen!","robots":{"index":"index","follow":"follow","max-snippet":"max-snippet:-1","max-image-preview":"max-image-preview:large","max-video-preview":"max-video-preview:-1"},"canonical":"https:\/\/hutfactory.com\/?product=schiebermuetze-aus-oeko-leinen","og_locale":"de_DE","og_type":"article","og_title":"Schieberm\u00fctze aus Oeko Leinen","og_description":"Leichte Schieberm\u00fctze aus Oeko-Leinen mit dezenten Punkten \u2013 stilvoll, atmungsaktiv & nachhaltig. Jetzt online bei Hut Factory bestellen!","og_url":"https:\/\/hutfactory.com\/?product=schiebermuetze-aus-oeko-leinen","og_site_name":"Hut Factory","article_modified_time":"2026-03-12T03:13:15+00:00","og_image":[{"width":750,"height":750,"url":"https:\/\/hutfactory.com\/wp-content\/uploads\/2026\/03\/64274.1-1-scaled-e1713942293521.webp","type":"image\/webp"}],"twitter_card":"summary_large_image","twitter_misc":{"Gesch\u00e4tzte Lesezeit":"3\u00a0Minuten"},"schema":{"@context":"https:\/\/schema.org","@graph":[{"@type":"WebPage","@id":"https:\/\/hutfactory.com\/?product=schiebermuetze-aus-oeko-leinen","url":"https:\/\/hutfactory.com\/?product=schiebermuetze-aus-oeko-leinen","name":"Schieberm\u00fctze aus Oeko-Leinen \u2013 Nachhaltige Eleganz","isPartOf":{"@id":"https:\/\/hutfactory.com\/#website"},"primaryImageOfPage":{"@id":"https:\/\/hutfactory.com\/?product=schiebermuetze-aus-oeko-leinen#primaryimage"},"image":{"@id":"https:\/\/hutfactory.com\/?product=schiebermuetze-aus-oeko-leinen#primaryimage"},"thumbnailUrl":"https:\/\/hutfactory.com\/wp-content\/uploads\/2026\/03\/64274.1-1-scaled-e1713942293521.webp","datePublished":"2026-03-10T12:56:37+00:00","dateModified":"2026-03-12T03:13:15+00:00","description":"Leichte Schieberm\u00fctze aus Oeko-Leinen mit dezenten Punkten \u2013 stilvoll, atmungsaktiv & nachhaltig. Jetzt online bei Hut Factory bestellen!","breadcrumb":{"@id":"https:\/\/hutfactory.com\/?product=schiebermuetze-aus-oeko-leinen#breadcrumb"},"inLanguage":"de","potentialAction":[{"@type":"ReadAction","target":["https:\/\/hutfactory.com\/?product=schiebermuetze-aus-oeko-leinen"]}]},{"@type":"ImageObject","inLanguage":"de","@id":"https:\/\/hutfactory.com\/?product=schiebermuetze-aus-oeko-leinen#primaryimage","url":"https:\/\/hutfactory.com\/wp-content\/uploads\/2026\/03\/64274.1-1-scaled-e1713942293521.webp","contentUrl":"https:\/\/hutfactory.com\/wp-content\/uploads\/2026\/03\/64274.1-1-scaled-e1713942293521.webp","width":750,"height":750,"caption":"Schieberm\u00fctze Oeko Leinen|"},{"@type":"BreadcrumbList","@id":"https:\/\/hutfactory.com\/?product=schiebermuetze-aus-oeko-leinen#breadcrumb","itemListElement":[{"@type":"ListItem","position":1,"name":"Start","item":"https:\/\/hutfactory.com\/"},{"@type":"ListItem","position":2,"name":"Shop","item":"https:\/\/hutfactory.com\/?page_id=10"},{"@type":"ListItem","position":3,"name":"Schieberm\u00fctze aus Oeko Leinen"}]},{"@type":"WebSite","@id":"https:\/\/hutfactory.com\/#website","url":"https:\/\/hutfactory.com\/","name":"Hut Factory","description":"H\u00fcte, Kappen &amp; M\u00fctzen in Top Swiss\/EU Qualit\u00e4t","publisher":{"@id":"https:\/\/hutfactory.com\/#organization"},"alternateName":"Hut Shop","potentialAction":[{"@type":"SearchAction","target":{"@type":"EntryPoint","urlTemplate":"https:\/\/hutfactory.com\/?s={search_term_string}"},"query-input":{"@type":"PropertyValueSpecification","valueRequired":true,"valueName":"search_term_string"}}],"inLanguage":"de"},{"@type":"Organization","@id":"https:\/\/hutfactory.com\/#organization","name":"Hut Factory","url":"https:\/\/hutfactory.com\/","logo":{"@type":"ImageObject","inLanguage":"de","@id":"https:\/\/hutfactory.com\/#\/schema\/logo\/image\/","url":"https:\/\/hutfactory.com\/wp-content\/uploads\/2026\/01\/Logo-hut-factory-1.webp","contentUrl":"https:\/\/hutfactory.com\/wp-content\/uploads\/2026\/01\/Logo-hut-factory-1.webp","width":300,"height":262,"caption":"Hut Factory"},"image":{"@id":"https:\/\/hutfactory.com\/#\/schema\/logo\/image\/"}}]}},"_links":{"self":[{"href":"https:\/\/hutfactory.com\/index.php?rest_route=\/wp\/v2\/product\/19576","targetHints":{"allow":["GET"]}}],"collection":[{"href":"https:\/\/hutfactory.com\/index.php?rest_route=\/wp\/v2\/product"}],"about":[{"href":"https:\/\/hutfactory.com\/index.php?rest_route=\/wp\/v2\/types\/product"}],"wp:featuredmedia":[{"embeddable":true,"href":"https:\/\/hutfactory.com\/index.php?rest_route=\/wp\/v2\/media\/19577"}],"wp:attachment":[{"href":"https:\/\/hutfactory.com\/index.php?rest_route=%2Fwp%2Fv2%2Fmedia&parent=19576"}],"wp:term":[{"taxonomy":"product_brand","embeddable":true,"href":"https:\/\/hutfactory.com\/index.php?rest_route=%2Fwp%2Fv2%2Fproduct_brand&post=19576"},{"taxonomy":"product_cat","embeddable":true,"href":"https:\/\/hutfactory.com\/index.php?rest_route=%2Fwp%2Fv2%2Fproduct_cat&post=19576"},{"taxonomy":"product_tag","embeddable":true,"href":"https:\/\/hutfactory.com\/index.php?rest_route=%2Fwp%2Fv2%2Fproduct_tag&post=19576"}],"curies":[{"name":"wp","href":"https:\/\/api.w.org\/{rel}","templated":true}]}}