{"id":19542,"date":"2026-03-10T12:55:44","date_gmt":"2026-03-10T12:55:44","guid":{"rendered":"https:\/\/hutfactory.com\/?product=paperboy-shelby-wolle-leinen"},"modified":"2026-03-12T04:20:42","modified_gmt":"2026-03-12T04:20:42","slug":"paperboy-shelby-wolle-leinen","status":"publish","type":"product","link":"https:\/\/hutfactory.com\/?product=paperboy-shelby-wolle-leinen","title":{"rendered":"Paperboy &#8220;Shelby&#8221; Wolle\/Leinen"},"content":{"rendered":"<h3 data-start=\"97\" data-end=\"150\"><strong data-start=\"102\" data-end=\"148\">Maskuline Eleganz mit sommerlichem Komfort<\/strong><\/h3>\n<p data-start=\"151\" data-end=\"559\">Die Paperboy Sommerm\u00fctze \u201eShelby\u201c Wolle &#038; Leinen vereint traditionellen Charme mit modernen Materialien und h\u00f6chstem Tragekomfort. Inspiriert vom zeitlosen Look der Newsboy-M\u00fctzen, \u00fcberzeugt dieses Modell mit einer leichten, atmungsaktiven Stoffmischung aus feiner Wolle und Leinen. Der dezente Anthrazit-Ton und das strukturierte Muster machen sie zu einem vielseitigen Accessoire f\u00fcr stilbewusste M\u00e4nner.<\/p>\n<h3 data-start=\"561\" data-end=\"586\"><strong data-start=\"565\" data-end=\"584\">Perfekt f\u00fcr\u2026  <\/strong><\/h3>\n<p data-start=\"587\" data-end=\"852\">\u2600\ufe0f <strong data-start=\"590\" data-end=\"613\">Sommerliche Eleganz<\/strong> \u2013 Leichte, luftige Materialien sorgen f\u00fcr hohen Tragekomfort.<br data-start=\"675\" data-end=\"678\" \/>  <strong data-start=\"681\" data-end=\"715\">Vintage- und Mode-Enthusiasten<\/strong> \u2013 Ideal f\u00fcr Fans des klassischen Gentleman-Styles.<br data-start=\"766\" data-end=\"769\" \/>  <strong data-start=\"772\" data-end=\"796\">Nachhaltige Qualit\u00e4t<\/strong> \u2013 Gefertigt aus nat\u00fcrlichen, langlebigen Materialien.<\/p>\n<div class=\"hf-accordions\">\n<hr class=\"hf-accordion-separator\" \/>\n<details class=\"hf-accordion\">\n<summary><strong>\u25b6\ufe0f Gut zu wissen \u2013 mehr erfahren<\/strong><\/summary>\n<div class=\"hf-accordion-content\">\n<h3 data-start=\"859\" data-end=\"892\"><strong data-start=\"863\" data-end=\"890\">Eigenschaften &#038; Details<\/strong><\/h3>\n<ul data-start=\"893\" data-end=\"1221\">\n<li data-start=\"893\" data-end=\"989\"><strong data-start=\"895\" data-end=\"908\">Material:<\/strong> 65 % Wolle (WV) \/ 15 % Leinen (LI) \u2013 klimaregulierend, leicht und atmungsaktiv<\/li>\n<li data-start=\"990\" data-end=\"1047\"><strong data-start=\"992\" data-end=\"1003\">Farben:<\/strong> Anthrazit \u2013 edel, vielseitig kombinierbar<\/li>\n<li data-start=\"1048\" data-end=\"1069\"><strong data-start=\"1050\" data-end=\"1061\">Gr\u00f6\u00dfen:<\/strong> 56-61<\/li>\n<li data-start=\"1070\" data-end=\"1134\"><strong data-start=\"1072\" data-end=\"1083\">Muster:<\/strong> Dezentes Strukturmuster mit feiner Linienf\u00fchrung<\/li>\n<li data-start=\"1135\" data-end=\"1221\"><strong data-start=\"1137\" data-end=\"1150\">Passform:<\/strong> Klassische Newsboy-Form mit gro\u00dfz\u00fcgiger Krone f\u00fcr authentischen Look<\/li>\n<\/ul>\n<hr data-start=\"1223\" data-end=\"1226\" \/>\n<h3 data-start=\"1228\" data-end=\"1259\"><strong data-start=\"1232\" data-end=\"1257\">Design &#038; Verarbeitung<\/strong><\/h3>\n<p data-start=\"1260\" data-end=\"1638\">Die \u201eShelby\u201c Wolle &#038; Leinen besticht durch ihre raffinierte Struktur, die dem Material eine moderne Tiefe verleiht. Die harmonische Kombination aus Wolle und Leinen sorgt f\u00fcr eine nat\u00fcrliche Luftzirkulation und verhindert \u00dcberhitzung an warmen Tagen. Der kurze, geschwungene Schirm bietet Schutz vor der Sonne, w\u00e4hrend die formstabile Krone f\u00fcr eine elegante Silhouette sorgt.<\/p>\n<hr data-start=\"1640\" data-end=\"1643\" \/>\n<h3 data-start=\"1645\" data-end=\"1678\"><strong data-start=\"1649\" data-end=\"1676\">Handgefertigt in Europa<\/strong><\/h3>\n<p data-start=\"1679\" data-end=\"1903\">Dieses Modell wurde von der Schweizer Hutmanufaktur Risa entworfen und wird mit h\u00f6chster Pr\u00e4zision in kleiner Auflage in Europa gefertigt. Die limitierten St\u00fcckzahlen garantieren Exklusivit\u00e4t und au\u00dfergew\u00f6hnliche Qualit\u00e4t.<\/p>\n<hr data-start=\"1905\" data-end=\"1908\" \/>\n<h3 data-start=\"1910\" data-end=\"1945\"><strong data-start=\"1914\" data-end=\"1943\">Nachhaltigkeit &#038; Qualit\u00e4t<\/strong><\/h3>\n<p data-start=\"1946\" data-end=\"2189\">  <strong data-start=\"1949\" data-end=\"1975\">Nat\u00fcrliche Materialien<\/strong> \u2013 Wolle und Leinen sorgen f\u00fcr angenehmen Tragekomfort.<br data-start=\"2030\" data-end=\"2033\" \/>  <strong data-start=\"2036\" data-end=\"2066\">Handwerkskunst &#038; Pr\u00e4zision<\/strong> \u2013 Jedes Modell wird mit Sorgfalt gefertigt.<br data-start=\"2110\" data-end=\"2113\" \/>  <strong data-start=\"2116\" data-end=\"2142\">Langlebig &#038; vielseitig<\/strong> \u2013 Ein stilvolles Accessoire f\u00fcr viele Jahre.<\/p>\n<hr data-start=\"2191\" data-end=\"2194\" \/>\n<h3 data-start=\"2196\" data-end=\"2227\"><strong data-start=\"2200\" data-end=\"2225\">Herstellung &#038; Versand<\/strong><\/h3>\n<p data-start=\"2228\" data-end=\"2480\">  <strong data-start=\"2231\" data-end=\"2254\">Fertigung in Europa<\/strong> nach den Entw\u00fcrfen der Risa Hutmanufaktur<br data-start=\"2296\" data-end=\"2299\" \/>\u23f3 <strong data-start=\"2301\" data-end=\"2313\">Versand:<\/strong> Innerhalb weniger Tage ab Lager Schweiz<br data-start=\"2353\" data-end=\"2356\" \/>  <strong data-start=\"2359\" data-end=\"2377\">Verf\u00fcgbarkeit:<\/strong> Abverkauf des Rohmaterials vorbehalten<br data-start=\"2416\" data-end=\"2419\" \/>  <strong data-start=\"2422\" data-end=\"2435\">Umtausch:<\/strong> Nur bei Material- oder Herstellungsfehlern<\/p>\n<\/div>\n<\/details>\n<details class=\"hf-accordion\">\n<summary><strong>\u25b6\ufe0f FAQ \u2013 H\u00e4ufige Fragen<\/strong><\/summary>\n<div class=\"hf-accordion-content\">\n<h3 data-start=\"2487\" data-end=\"2526\"><strong data-start=\"2491\" data-end=\"2524\">FAQ \u2013 H\u00e4ufig gestellte Fragen<\/strong><\/h3>\n<p data-start=\"2527\" data-end=\"2718\"><strong data-start=\"2527\" data-end=\"2611\">1. Ist die Paperboy Sommerm\u00fctze \u201eShelby\u201c Wolle &#038; Leinen f\u00fcr warme Tage geeignet?<\/strong><br data-start=\"2611\" data-end=\"2614\" \/>Ja! Die Materialmischung aus Wolle und Leinen reguliert die Temperatur und sorgt f\u00fcr Atmungsaktivit\u00e4t.<\/p>\n<p data-start=\"2720\" data-end=\"2891\"><strong data-start=\"2720\" data-end=\"2760\">2. Wie pflege ich die M\u00fctze richtig?<\/strong><br data-start=\"2760\" data-end=\"2763\" \/>Wir empfehlen, sie trocken zu lagern und vorsichtig mit einem feuchten Tuch zu reinigen. Maschinenw\u00e4sche wird nicht empfohlen.<\/p>\n<p data-start=\"2893\" data-end=\"2992\"><strong data-start=\"2893\" data-end=\"2921\">3. Ist die M\u00fctze unisex?<\/strong><br data-start=\"2921\" data-end=\"2924\" \/>Ja, sie kann von M\u00e4nnern und Frauen gleicherma\u00dfen getragen werden.<\/p>\n<p data-start=\"2994\" data-end=\"3136\"><strong data-start=\"2994\" data-end=\"3025\">4. Wie f\u00e4llt die Gr\u00f6\u00dfe aus?<\/strong><br data-start=\"3025\" data-end=\"3028\" \/>Die M\u00fctze ist in den Gr\u00f6\u00dfen 56-61 erh\u00e4ltlich und bietet dank ihrer gro\u00dfz\u00fcgigen Form eine bequeme Passform.<\/p>\n<p data-start=\"3138\" data-end=\"3249\"><strong data-start=\"3138\" data-end=\"3176\">5. Kann ich die M\u00fctze zur\u00fcckgeben?<\/strong><br data-start=\"3176\" data-end=\"3179\" \/>Ein Umtausch ist nur bei Material- oder Herstellungsfehlern m\u00f6glich.<\/p>\n<\/div>\n<\/details>\n<\/div>\n","protected":false},"excerpt":{"rendered":"<h3 data-start=\"3999\" data-end=\"4053\"><strong data-start=\"4003\" data-end=\"4049\">Ein Must-have f\u00fcr Liebhaber zeitloser Mode<\/strong> \u2728<\/h3>\n<p data-start=\"4054\" data-end=\"4323\" data-is-last-node=\"\" data-is-only-node=\"\">Die Paperboy Sommerm\u00fctze &#8220;Shelby&#8221; Wolle &#038; Leinen ist eine stilvolle Erg\u00e4nzung f\u00fcr jede Garderobe. Ob l\u00e4ssig zur Jeans oder elegant zum Leinenanzug \u2013 dieses Modell verleiht jedem Look eine besondere Note. Jetzt sichern und ein St\u00fcck authentische Handwerkskunst genie\u00dfen!<\/p>\n","protected":false},"featured_media":19543,"template":"","meta":{"_acf_changed":false,"rs_blank_template":"","rs_page_bg_color":"","slide_template_v7":""},"product_brand":[250],"product_cat":[689,445],"product_tag":[],"class_list":{"0":"post-19542","1":"product","2":"type-product","3":"status-publish","4":"has-post-thumbnail","6":"product_brand-risa-hutwerkstatt-schweiz","7":"product_cat-paperboy-sommermuetzen","8":"product_cat-sommermuetzen","9":"product_shipping_class-mittlere-pakete","10":"pa_color-anthrazit","11":"pa_groesse-207","12":"pa_groesse-197","13":"pa_groesse-208","14":"pa_groesse-198","15":"pa_groesse-209","16":"pa_groesse-199","17":"yith_product_brand-risa-hutwerkstatt-schweiz","20":"instock","21":"taxable","22":"shipping-taxable","23":"purchasable","24":"product-type-variable","25":"wvs-archive-product-wrapper","26":"add-to-wishlist-after_add_to_cart"},"acf":[],"yoast_head":"<!-- This site is optimized with the Yoast SEO Premium plugin v27.3 (Yoast SEO v27.3) - https:\/\/yoast.com\/product\/yoast-seo-premium-wordpress\/ -->\n<title>Paperboy Sommerm\u00fctze &quot;Shelby&quot; Wolle &amp; Leinen<\/title>\n<meta name=\"description\" content=\"Stilvolle Paperboy Sommerm\u00fctze aus Wolle &amp; Leinen. Perfekt f\u00fcr warme Tage \u2013 jetzt online bei Hut Factory entdecken!\" \/>\n<meta name=\"robots\" content=\"index, follow, max-snippet:-1, max-image-preview:large, max-video-preview:-1\" \/>\n<link rel=\"canonical\" href=\"https:\/\/hutfactory.com\/?product=paperboy-shelby-wolle-leinen\" \/>\n<meta property=\"og:locale\" content=\"de_DE\" \/>\n<meta property=\"og:type\" content=\"article\" \/>\n<meta property=\"og:title\" content=\"Paperboy &quot;Shelby&quot; Wolle\/Leinen\" \/>\n<meta property=\"og:description\" content=\"Stilvolle Paperboy Sommerm\u00fctze aus Wolle &amp; Leinen. Perfekt f\u00fcr warme Tage \u2013 jetzt online bei Hut Factory entdecken!\" \/>\n<meta property=\"og:url\" content=\"https:\/\/hutfactory.com\/?product=paperboy-shelby-wolle-leinen\" \/>\n<meta property=\"og:site_name\" content=\"Hut Factory\" \/>\n<meta property=\"article:modified_time\" content=\"2026-03-12T04:20:42+00:00\" \/>\n<meta property=\"og:image\" content=\"https:\/\/hutfactory.com\/wp-content\/uploads\/2026\/03\/65424.1-1-scaled-e1713941550158.webp\" \/>\n\t<meta property=\"og:image:width\" content=\"750\" \/>\n\t<meta property=\"og:image:height\" content=\"750\" \/>\n\t<meta property=\"og:image:type\" content=\"image\/webp\" \/>\n<meta name=\"twitter:card\" content=\"summary_large_image\" \/>\n<meta name=\"twitter:label1\" content=\"Gesch\u00e4tzte Lesezeit\" \/>\n\t<meta name=\"twitter:data1\" content=\"2\u00a0Minuten\" \/>\n<script type=\"application\/ld+json\" class=\"yoast-schema-graph\">{\"@context\":\"https:\\\/\\\/schema.org\",\"@graph\":[{\"@type\":\"WebPage\",\"@id\":\"https:\\\/\\\/hutfactory.com\\\/?product=paperboy-shelby-wolle-leinen\",\"url\":\"https:\\\/\\\/hutfactory.com\\\/?product=paperboy-shelby-wolle-leinen\",\"name\":\"Paperboy Sommerm\u00fctze \\\"Shelby\\\" Wolle & Leinen\",\"isPartOf\":{\"@id\":\"https:\\\/\\\/hutfactory.com\\\/#website\"},\"primaryImageOfPage\":{\"@id\":\"https:\\\/\\\/hutfactory.com\\\/?product=paperboy-shelby-wolle-leinen#primaryimage\"},\"image\":{\"@id\":\"https:\\\/\\\/hutfactory.com\\\/?product=paperboy-shelby-wolle-leinen#primaryimage\"},\"thumbnailUrl\":\"https:\\\/\\\/hutfactory.com\\\/wp-content\\\/uploads\\\/2026\\\/03\\\/65424.1-1-scaled-e1713941550158.webp\",\"datePublished\":\"2026-03-10T12:55:44+00:00\",\"dateModified\":\"2026-03-12T04:20:42+00:00\",\"description\":\"Stilvolle Paperboy Sommerm\u00fctze aus Wolle & Leinen. Perfekt f\u00fcr warme Tage \u2013 jetzt online bei Hut Factory entdecken!\",\"breadcrumb\":{\"@id\":\"https:\\\/\\\/hutfactory.com\\\/?product=paperboy-shelby-wolle-leinen#breadcrumb\"},\"inLanguage\":\"de\",\"potentialAction\":[{\"@type\":\"ReadAction\",\"target\":[\"https:\\\/\\\/hutfactory.com\\\/?product=paperboy-shelby-wolle-leinen\"]}]},{\"@type\":\"ImageObject\",\"inLanguage\":\"de\",\"@id\":\"https:\\\/\\\/hutfactory.com\\\/?product=paperboy-shelby-wolle-leinen#primaryimage\",\"url\":\"https:\\\/\\\/hutfactory.com\\\/wp-content\\\/uploads\\\/2026\\\/03\\\/65424.1-1-scaled-e1713941550158.webp\",\"contentUrl\":\"https:\\\/\\\/hutfactory.com\\\/wp-content\\\/uploads\\\/2026\\\/03\\\/65424.1-1-scaled-e1713941550158.webp\",\"width\":750,\"height\":750,\"caption\":\"Paperboy Sommerm\u00fctze Wolle & Leinen Anthrazit\"},{\"@type\":\"BreadcrumbList\",\"@id\":\"https:\\\/\\\/hutfactory.com\\\/?product=paperboy-shelby-wolle-leinen#breadcrumb\",\"itemListElement\":[{\"@type\":\"ListItem\",\"position\":1,\"name\":\"Start\",\"item\":\"https:\\\/\\\/hutfactory.com\\\/\"},{\"@type\":\"ListItem\",\"position\":2,\"name\":\"Shop\",\"item\":\"https:\\\/\\\/hutfactory.com\\\/?page_id=10\"},{\"@type\":\"ListItem\",\"position\":3,\"name\":\"Paperboy &#8220;Shelby&#8221; Wolle\\\/Leinen\"}]},{\"@type\":\"WebSite\",\"@id\":\"https:\\\/\\\/hutfactory.com\\\/#website\",\"url\":\"https:\\\/\\\/hutfactory.com\\\/\",\"name\":\"Hut Factory\",\"description\":\"H\u00fcte, Kappen &amp; M\u00fctzen in Top Swiss\\\/EU Qualit\u00e4t\",\"publisher\":{\"@id\":\"https:\\\/\\\/hutfactory.com\\\/#organization\"},\"alternateName\":\"Hut Shop\",\"potentialAction\":[{\"@type\":\"SearchAction\",\"target\":{\"@type\":\"EntryPoint\",\"urlTemplate\":\"https:\\\/\\\/hutfactory.com\\\/?s={search_term_string}\"},\"query-input\":{\"@type\":\"PropertyValueSpecification\",\"valueRequired\":true,\"valueName\":\"search_term_string\"}}],\"inLanguage\":\"de\"},{\"@type\":\"Organization\",\"@id\":\"https:\\\/\\\/hutfactory.com\\\/#organization\",\"name\":\"Hut Factory\",\"url\":\"https:\\\/\\\/hutfactory.com\\\/\",\"logo\":{\"@type\":\"ImageObject\",\"inLanguage\":\"de\",\"@id\":\"https:\\\/\\\/hutfactory.com\\\/#\\\/schema\\\/logo\\\/image\\\/\",\"url\":\"https:\\\/\\\/hutfactory.com\\\/wp-content\\\/uploads\\\/2026\\\/01\\\/Logo-hut-factory-1.webp\",\"contentUrl\":\"https:\\\/\\\/hutfactory.com\\\/wp-content\\\/uploads\\\/2026\\\/01\\\/Logo-hut-factory-1.webp\",\"width\":300,\"height\":262,\"caption\":\"Hut Factory\"},\"image\":{\"@id\":\"https:\\\/\\\/hutfactory.com\\\/#\\\/schema\\\/logo\\\/image\\\/\"}}]}<\/script>\n<!-- \/ Yoast SEO Premium plugin. -->","yoast_head_json":{"title":"Paperboy Sommerm\u00fctze \"Shelby\" Wolle & Leinen","description":"Stilvolle Paperboy Sommerm\u00fctze aus Wolle & Leinen. Perfekt f\u00fcr warme Tage \u2013 jetzt online bei Hut Factory entdecken!","robots":{"index":"index","follow":"follow","max-snippet":"max-snippet:-1","max-image-preview":"max-image-preview:large","max-video-preview":"max-video-preview:-1"},"canonical":"https:\/\/hutfactory.com\/?product=paperboy-shelby-wolle-leinen","og_locale":"de_DE","og_type":"article","og_title":"Paperboy \"Shelby\" Wolle\/Leinen","og_description":"Stilvolle Paperboy Sommerm\u00fctze aus Wolle & Leinen. Perfekt f\u00fcr warme Tage \u2013 jetzt online bei Hut Factory entdecken!","og_url":"https:\/\/hutfactory.com\/?product=paperboy-shelby-wolle-leinen","og_site_name":"Hut Factory","article_modified_time":"2026-03-12T04:20:42+00:00","og_image":[{"width":750,"height":750,"url":"https:\/\/hutfactory.com\/wp-content\/uploads\/2026\/03\/65424.1-1-scaled-e1713941550158.webp","type":"image\/webp"}],"twitter_card":"summary_large_image","twitter_misc":{"Gesch\u00e4tzte Lesezeit":"2\u00a0Minuten"},"schema":{"@context":"https:\/\/schema.org","@graph":[{"@type":"WebPage","@id":"https:\/\/hutfactory.com\/?product=paperboy-shelby-wolle-leinen","url":"https:\/\/hutfactory.com\/?product=paperboy-shelby-wolle-leinen","name":"Paperboy Sommerm\u00fctze \"Shelby\" Wolle & Leinen","isPartOf":{"@id":"https:\/\/hutfactory.com\/#website"},"primaryImageOfPage":{"@id":"https:\/\/hutfactory.com\/?product=paperboy-shelby-wolle-leinen#primaryimage"},"image":{"@id":"https:\/\/hutfactory.com\/?product=paperboy-shelby-wolle-leinen#primaryimage"},"thumbnailUrl":"https:\/\/hutfactory.com\/wp-content\/uploads\/2026\/03\/65424.1-1-scaled-e1713941550158.webp","datePublished":"2026-03-10T12:55:44+00:00","dateModified":"2026-03-12T04:20:42+00:00","description":"Stilvolle Paperboy Sommerm\u00fctze aus Wolle & Leinen. Perfekt f\u00fcr warme Tage \u2013 jetzt online bei Hut Factory entdecken!","breadcrumb":{"@id":"https:\/\/hutfactory.com\/?product=paperboy-shelby-wolle-leinen#breadcrumb"},"inLanguage":"de","potentialAction":[{"@type":"ReadAction","target":["https:\/\/hutfactory.com\/?product=paperboy-shelby-wolle-leinen"]}]},{"@type":"ImageObject","inLanguage":"de","@id":"https:\/\/hutfactory.com\/?product=paperboy-shelby-wolle-leinen#primaryimage","url":"https:\/\/hutfactory.com\/wp-content\/uploads\/2026\/03\/65424.1-1-scaled-e1713941550158.webp","contentUrl":"https:\/\/hutfactory.com\/wp-content\/uploads\/2026\/03\/65424.1-1-scaled-e1713941550158.webp","width":750,"height":750,"caption":"Paperboy Sommerm\u00fctze Wolle & Leinen Anthrazit"},{"@type":"BreadcrumbList","@id":"https:\/\/hutfactory.com\/?product=paperboy-shelby-wolle-leinen#breadcrumb","itemListElement":[{"@type":"ListItem","position":1,"name":"Start","item":"https:\/\/hutfactory.com\/"},{"@type":"ListItem","position":2,"name":"Shop","item":"https:\/\/hutfactory.com\/?page_id=10"},{"@type":"ListItem","position":3,"name":"Paperboy &#8220;Shelby&#8221; Wolle\/Leinen"}]},{"@type":"WebSite","@id":"https:\/\/hutfactory.com\/#website","url":"https:\/\/hutfactory.com\/","name":"Hut Factory","description":"H\u00fcte, Kappen &amp; M\u00fctzen in Top Swiss\/EU Qualit\u00e4t","publisher":{"@id":"https:\/\/hutfactory.com\/#organization"},"alternateName":"Hut Shop","potentialAction":[{"@type":"SearchAction","target":{"@type":"EntryPoint","urlTemplate":"https:\/\/hutfactory.com\/?s={search_term_string}"},"query-input":{"@type":"PropertyValueSpecification","valueRequired":true,"valueName":"search_term_string"}}],"inLanguage":"de"},{"@type":"Organization","@id":"https:\/\/hutfactory.com\/#organization","name":"Hut Factory","url":"https:\/\/hutfactory.com\/","logo":{"@type":"ImageObject","inLanguage":"de","@id":"https:\/\/hutfactory.com\/#\/schema\/logo\/image\/","url":"https:\/\/hutfactory.com\/wp-content\/uploads\/2026\/01\/Logo-hut-factory-1.webp","contentUrl":"https:\/\/hutfactory.com\/wp-content\/uploads\/2026\/01\/Logo-hut-factory-1.webp","width":300,"height":262,"caption":"Hut Factory"},"image":{"@id":"https:\/\/hutfactory.com\/#\/schema\/logo\/image\/"}}]}},"_links":{"self":[{"href":"https:\/\/hutfactory.com\/index.php?rest_route=\/wp\/v2\/product\/19542","targetHints":{"allow":["GET"]}}],"collection":[{"href":"https:\/\/hutfactory.com\/index.php?rest_route=\/wp\/v2\/product"}],"about":[{"href":"https:\/\/hutfactory.com\/index.php?rest_route=\/wp\/v2\/types\/product"}],"wp:featuredmedia":[{"embeddable":true,"href":"https:\/\/hutfactory.com\/index.php?rest_route=\/wp\/v2\/media\/19543"}],"wp:attachment":[{"href":"https:\/\/hutfactory.com\/index.php?rest_route=%2Fwp%2Fv2%2Fmedia&parent=19542"}],"wp:term":[{"taxonomy":"product_brand","embeddable":true,"href":"https:\/\/hutfactory.com\/index.php?rest_route=%2Fwp%2Fv2%2Fproduct_brand&post=19542"},{"taxonomy":"product_cat","embeddable":true,"href":"https:\/\/hutfactory.com\/index.php?rest_route=%2Fwp%2Fv2%2Fproduct_cat&post=19542"},{"taxonomy":"product_tag","embeddable":true,"href":"https:\/\/hutfactory.com\/index.php?rest_route=%2Fwp%2Fv2%2Fproduct_tag&post=19542"}],"curies":[{"name":"wp","href":"https:\/\/api.w.org\/{rel}","templated":true}]}}