{"id":19537,"date":"2026-03-10T12:55:44","date_gmt":"2026-03-10T12:55:44","guid":{"rendered":"https:\/\/hutfactory.com\/?product=sommermuetze-paperboy-seide-leinenmix"},"modified":"2026-03-12T03:31:07","modified_gmt":"2026-03-12T03:31:07","slug":"sommermuetze-paperboy-seide-leinenmix","status":"publish","type":"product","link":"https:\/\/hutfactory.com\/?product=sommermuetze-paperboy-seide-leinenmix","title":{"rendered":"Sommerm\u00fctze Paperboy Seide-\/Leinenmix"},"content":{"rendered":"<h3 data-start=\"0\" data-end=\"94\"><strong data-start=\"4\" data-end=\"92\">Luxuri\u00f6se Leichtigkeit f\u00fcr stilvolle Auftritte<\/strong><\/h3>\n<p data-start=\"155\" data-end=\"595\">Die Paperboy Sommerm\u00fctze aus Seide &#038; Leinen vereint klassisches Design mit edlen Materialien f\u00fcr ein unvergleichlich angenehmes Tragegef\u00fchl. Inspiriert vom ikonischen Look der Newsboy-M\u00fctzen, besticht dieses Modell durch seine feine Musterung und die raffinierte Mischung aus edler Seide, atmungsaktivem Leinen und hochwertiger Wolle. Die dezente \u00c9CRU-Farbe sorgt f\u00fcr eine stilvolle, zeitlose \u00c4sthetik, die sich m\u00fchelos kombinieren l\u00e4sst.<\/p>\n<h3 data-start=\"597\" data-end=\"622\"><strong data-start=\"601\" data-end=\"620\">Perfekt f\u00fcr\u2026  <\/strong><\/h3>\n<p data-start=\"623\" data-end=\"967\">\u2600\ufe0f <strong data-start=\"626\" data-end=\"649\">Sommerliche Eleganz<\/strong> \u2013 Luftige Materialien bieten optimalen Tragekomfort bei warmen Temperaturen.<br data-start=\"726\" data-end=\"729\" \/>  <strong data-start=\"732\" data-end=\"775\">Fans klassischer Mode &#038; Gentlemen-Looks<\/strong> \u2013 Inspiriert von den zeitlosen Schieberm\u00fctzen vergangener Jahrzehnte.<br data-start=\"845\" data-end=\"848\" \/>  <strong data-start=\"851\" data-end=\"881\">Nachhaltige Luxusliebhaber<\/strong> \u2013 Handgefertigt mit hochwertigen Naturmaterialien f\u00fcr ein exklusives Trageerlebnis.<\/p>\n<div class=\"hf-accordions\">\n<hr class=\"hf-accordion-separator\" \/>\n<details class=\"hf-accordion\">\n<summary><strong>\u25b6\ufe0f Gut zu wissen \u2013 mehr erfahren<\/strong><\/summary>\n<div class=\"hf-accordion-content\">\n<h3 data-start=\"974\" data-end=\"1007\"><strong data-start=\"978\" data-end=\"1005\">Eigenschaften &#038; Details<\/strong><\/h3>\n<ul data-start=\"1008\" data-end=\"1403\">\n<li data-start=\"1008\" data-end=\"1129\"><strong data-start=\"1010\" data-end=\"1023\">Material:<\/strong> 55 % Wolle (WVV) \/ 21 % Seide (SILK) \/ 14 % Leinen (LI) \u2013 edel, atmungsaktiv und temperaturausgleichend<\/li>\n<li data-start=\"1130\" data-end=\"1210\"><strong data-start=\"1132\" data-end=\"1143\">Farben:<\/strong> \u00c9CRU \u2013 ein dezenter, edler Farbton f\u00fcr vielseitige Kombinationen<\/li>\n<li data-start=\"1211\" data-end=\"1232\"><strong data-start=\"1213\" data-end=\"1224\">Gr\u00f6\u00dfen:<\/strong> 56-61<\/li>\n<li data-start=\"1233\" data-end=\"1306\"><strong data-start=\"1235\" data-end=\"1246\">Muster:<\/strong> Feine, dezente Struktur mit einer eleganten Linienf\u00fchrung<\/li>\n<li data-start=\"1307\" data-end=\"1403\"><strong data-start=\"1309\" data-end=\"1322\">Passform:<\/strong> Klassische Newsboy-Silhouette mit gro\u00dfz\u00fcgiger Krone f\u00fcr maximalen Tragekomfort<\/li>\n<\/ul>\n<hr data-start=\"1405\" data-end=\"1408\" \/>\n<h3 data-start=\"1410\" data-end=\"1441\"><strong data-start=\"1414\" data-end=\"1439\">Design &#038; Verarbeitung<\/strong><\/h3>\n<p data-start=\"1442\" data-end=\"1883\">Dieses Modell vereint luxuri\u00f6se Materialien mit traditioneller Handwerkskunst. Die feine Mischung aus Seide, Leinen und Wolle sorgt f\u00fcr eine angenehme Haptik und eine erstklassige Luftzirkulation. Das sanfte \u00c9CRU mit der feinen Karostruktur verleiht der M\u00fctze einen eleganten und modernen Charakter. Der leicht geschwungene Schirm sch\u00fctzt vor direkter Sonneneinstrahlung, w\u00e4hrend die leichte Struktur ein angenehmes Tragegef\u00fchl garantiert.<\/p>\n<hr data-start=\"1885\" data-end=\"1888\" \/>\n<h3 data-start=\"1890\" data-end=\"1923\"><strong data-start=\"1894\" data-end=\"1921\">Handgefertigt in Europa<\/strong><\/h3>\n<p data-start=\"1924\" data-end=\"2132\">Die Schweizer Hutmanufaktur Risa entwirft diese exklusive Sommerm\u00fctze mit h\u00f6chster Sorgfalt. Die Fertigung erfolgt in limitierter Auflage in Europa, wo jede M\u00fctze mit viel Liebe zum Detail hergestellt wird.<\/p>\n<hr data-start=\"2134\" data-end=\"2137\" \/>\n<h3 data-start=\"2139\" data-end=\"2174\"><strong data-start=\"2143\" data-end=\"2172\">Nachhaltigkeit &#038; Qualit\u00e4t<\/strong><\/h3>\n<p data-start=\"2175\" data-end=\"2465\">  <strong data-start=\"2178\" data-end=\"2203\">Edle Naturmaterialien<\/strong> \u2013 Seide, Leinen und Wolle sorgen f\u00fcr ein luxuri\u00f6ses, atmungsaktives Tragegef\u00fchl.<br data-start=\"2284\" data-end=\"2287\" \/>  <strong data-start=\"2290\" data-end=\"2328\">Handwerkskunst auf h\u00f6chstem Niveau<\/strong> \u2013 Jedes Detail wird mit Pr\u00e4zision gefertigt.<br data-start=\"2373\" data-end=\"2376\" \/>  <strong data-start=\"2379\" data-end=\"2403\">Langlebigkeit &#038; Stil<\/strong> \u2013 Ein Investment in nachhaltige, hochwertige Kopfbedeckung.<\/p>\n<hr data-start=\"2467\" data-end=\"2470\" \/>\n<h3 data-start=\"2472\" data-end=\"2503\"><strong data-start=\"2476\" data-end=\"2501\">Herstellung &#038; Versand<\/strong><\/h3>\n<p data-start=\"2504\" data-end=\"2756\">  <strong data-start=\"2507\" data-end=\"2530\">Fertigung in Europa<\/strong> nach den Entw\u00fcrfen der Risa Hutmanufaktur<br data-start=\"2572\" data-end=\"2575\" \/>\u23f3 <strong data-start=\"2577\" data-end=\"2589\">Versand:<\/strong> Innerhalb weniger Tage ab Lager Schweiz<br data-start=\"2629\" data-end=\"2632\" \/>  <strong data-start=\"2635\" data-end=\"2653\">Verf\u00fcgbarkeit:<\/strong> Abverkauf des Rohmaterials vorbehalten<br data-start=\"2692\" data-end=\"2695\" \/>  <strong data-start=\"2698\" data-end=\"2711\">Umtausch:<\/strong> Nur bei Material- oder Herstellungsfehlern<\/p>\n<\/div>\n<\/details>\n<details class=\"hf-accordion\">\n<summary><strong>\u25b6\ufe0f FAQ \u2013 H\u00e4ufige Fragen<\/strong><\/summary>\n<div class=\"hf-accordion-content\">\n<h3 data-start=\"2763\" data-end=\"2802\"><strong data-start=\"2767\" data-end=\"2800\">FAQ \u2013 H\u00e4ufig gestellte Fragen<\/strong><\/h3>\n<p data-start=\"2803\" data-end=\"2959\"><strong data-start=\"2803\" data-end=\"2878\">1. Ist die Paperboy Sommerm\u00fctze Seide &#038; Leinen f\u00fcr hei\u00dfe Tage geeignet?<\/strong><br data-start=\"2878\" data-end=\"2881\" \/>Ja! Dank der leichten Naturmaterialien ist sie ideal f\u00fcr warme Temperaturen.<\/p>\n<p data-start=\"2961\" data-end=\"3118\"><strong data-start=\"2961\" data-end=\"3001\">2. Wie pflege ich die M\u00fctze richtig?<\/strong><br data-start=\"3001\" data-end=\"3004\" \/>Am besten trocken lagern und vorsichtig mit einem feuchten Tuch reinigen \u2013 Maschinenw\u00e4sche wird nicht empfohlen.<\/p>\n<p data-start=\"3120\" data-end=\"3219\"><strong data-start=\"3120\" data-end=\"3148\">3. Ist die M\u00fctze unisex?<\/strong><br data-start=\"3148\" data-end=\"3151\" \/>Ja, sie kann sowohl von Herren als auch von Damen getragen werden.<\/p>\n<p data-start=\"3221\" data-end=\"3364\"><strong data-start=\"3221\" data-end=\"3252\">4. Wie f\u00e4llt die Gr\u00f6\u00dfe aus?<\/strong><br data-start=\"3252\" data-end=\"3255\" \/>Die M\u00fctze ist in den Gr\u00f6\u00dfen 56-61 erh\u00e4ltlich und bietet dank ihrer gro\u00dfz\u00fcgigen Passform hohen Tragekomfort.<\/p>\n<p data-start=\"3366\" data-end=\"3477\"><strong data-start=\"3366\" data-end=\"3404\">5. Kann ich die M\u00fctze zur\u00fcckgeben?<\/strong><br data-start=\"3404\" data-end=\"3407\" \/>Ein Umtausch ist nur bei Material- oder Herstellungsfehlern m\u00f6glich.<\/p>\n<\/div>\n<\/details>\n<\/div>\n","protected":false},"excerpt":{"rendered":"<h3 data-start=\"4230\" data-end=\"4284\"><strong data-start=\"4234\" data-end=\"4280\">Ein Accessoire f\u00fcr stilvolle Sommermomente<\/strong> \u2728<\/h3>\n<p data-start=\"4285\" data-end=\"4613\" data-is-last-node=\"\" data-is-only-node=\"\">Die Paperboy Sommerm\u00fctze Seide &#038; Leinen ist mehr als nur eine Kopfbedeckung \u2013 sie ist ein Symbol f\u00fcr zeitlosen Stil und hochwertige Handwerkskunst. Ob zum legeren Freizeitlook oder zur eleganten Sommergarderobe \u2013 dieses Modell verleiht jedem Outfit einen Hauch von Raffinesse. Jetzt sichern und luxuri\u00f6sen Tragekomfort genie\u00dfen!<\/p>\n","protected":false},"featured_media":19538,"template":"","meta":{"_acf_changed":false,"rs_blank_template":"","rs_page_bg_color":"","slide_template_v7":""},"product_brand":[250],"product_cat":[692,689,445],"product_tag":[],"class_list":{"0":"post-19537","1":"product","2":"type-product","3":"status-publish","4":"has-post-thumbnail","6":"product_brand-risa-hutwerkstatt-schweiz","7":"product_cat-schiebermuetzen-sommermuetzen","8":"product_cat-paperboy-sommermuetzen","9":"product_cat-sommermuetzen","10":"product_shipping_class-mittlere-pakete","11":"pa_color-ecru","12":"pa_groesse-196","13":"pa_groesse-207","14":"pa_groesse-197","15":"pa_groesse-208","16":"pa_groesse-198","17":"pa_groesse-209","18":"pa_groesse-199","19":"pa_groesse-210","20":"pa_groesse-213","21":"yith_product_brand-risa-hutwerkstatt-schweiz","24":"instock","25":"taxable","26":"shipping-taxable","27":"purchasable","28":"product-type-variable","29":"wvs-archive-product-wrapper","30":"add-to-wishlist-after_add_to_cart"},"acf":[],"yoast_head":"<!-- This site is optimized with the Yoast SEO Premium plugin v27.3 (Yoast SEO v27.3) - https:\/\/yoast.com\/product\/yoast-seo-premium-wordpress\/ -->\n<title>Entdecken Sie diese Paperboy-Sommm\u00fctze - Seide\/Leinen Mix<\/title>\n<meta name=\"description\" content=\"Erleben Sie den unvergleichlichen Tragekomfort &amp; die zeitlose Eleganz unserer Paperboy Sommerm\u00fctze. Ihren Sommerstil auf das n\u00e4chste Level heben!\" \/>\n<meta name=\"robots\" content=\"index, follow, max-snippet:-1, max-image-preview:large, max-video-preview:-1\" \/>\n<link rel=\"canonical\" href=\"https:\/\/hutfactory.com\/?product=sommermuetze-paperboy-seide-leinenmix\" \/>\n<meta property=\"og:locale\" content=\"de_DE\" \/>\n<meta property=\"og:type\" content=\"article\" \/>\n<meta property=\"og:title\" content=\"Sommerm\u00fctze Paperboy Seide-\/Leinenmix\" \/>\n<meta property=\"og:description\" content=\"Erleben Sie den unvergleichlichen Tragekomfort &amp; die zeitlose Eleganz unserer Paperboy Sommerm\u00fctze. Ihren Sommerstil auf das n\u00e4chste Level heben!\" \/>\n<meta property=\"og:url\" content=\"https:\/\/hutfactory.com\/?product=sommermuetze-paperboy-seide-leinenmix\" \/>\n<meta property=\"og:site_name\" content=\"Hut Factory\" \/>\n<meta property=\"article:modified_time\" content=\"2026-03-12T03:31:07+00:00\" \/>\n<meta property=\"og:image\" content=\"https:\/\/hutfactory.com\/wp-content\/uploads\/2026\/03\/64234.1-1-scaled-e1713893126825.webp\" \/>\n\t<meta property=\"og:image:width\" content=\"750\" \/>\n\t<meta property=\"og:image:height\" content=\"750\" \/>\n\t<meta property=\"og:image:type\" content=\"image\/webp\" \/>\n<meta name=\"twitter:card\" content=\"summary_large_image\" \/>\n<meta name=\"twitter:label1\" content=\"Gesch\u00e4tzte Lesezeit\" \/>\n\t<meta name=\"twitter:data1\" content=\"2\u00a0Minuten\" \/>\n<script type=\"application\/ld+json\" class=\"yoast-schema-graph\">{\"@context\":\"https:\\\/\\\/schema.org\",\"@graph\":[{\"@type\":\"WebPage\",\"@id\":\"https:\\\/\\\/hutfactory.com\\\/?product=sommermuetze-paperboy-seide-leinenmix\",\"url\":\"https:\\\/\\\/hutfactory.com\\\/?product=sommermuetze-paperboy-seide-leinenmix\",\"name\":\"Entdecken Sie diese Paperboy-Sommm\u00fctze - Seide\\\/Leinen Mix\",\"isPartOf\":{\"@id\":\"https:\\\/\\\/hutfactory.com\\\/#website\"},\"primaryImageOfPage\":{\"@id\":\"https:\\\/\\\/hutfactory.com\\\/?product=sommermuetze-paperboy-seide-leinenmix#primaryimage\"},\"image\":{\"@id\":\"https:\\\/\\\/hutfactory.com\\\/?product=sommermuetze-paperboy-seide-leinenmix#primaryimage\"},\"thumbnailUrl\":\"https:\\\/\\\/hutfactory.com\\\/wp-content\\\/uploads\\\/2026\\\/03\\\/64234.1-1-scaled-e1713893126825.webp\",\"datePublished\":\"2026-03-10T12:55:44+00:00\",\"dateModified\":\"2026-03-12T03:31:07+00:00\",\"description\":\"Erleben Sie den unvergleichlichen Tragekomfort & die zeitlose Eleganz unserer Paperboy Sommerm\u00fctze. Ihren Sommerstil auf das n\u00e4chste Level heben!\",\"breadcrumb\":{\"@id\":\"https:\\\/\\\/hutfactory.com\\\/?product=sommermuetze-paperboy-seide-leinenmix#breadcrumb\"},\"inLanguage\":\"de\",\"potentialAction\":[{\"@type\":\"ReadAction\",\"target\":[\"https:\\\/\\\/hutfactory.com\\\/?product=sommermuetze-paperboy-seide-leinenmix\"]}]},{\"@type\":\"ImageObject\",\"inLanguage\":\"de\",\"@id\":\"https:\\\/\\\/hutfactory.com\\\/?product=sommermuetze-paperboy-seide-leinenmix#primaryimage\",\"url\":\"https:\\\/\\\/hutfactory.com\\\/wp-content\\\/uploads\\\/2026\\\/03\\\/64234.1-1-scaled-e1713893126825.webp\",\"contentUrl\":\"https:\\\/\\\/hutfactory.com\\\/wp-content\\\/uploads\\\/2026\\\/03\\\/64234.1-1-scaled-e1713893126825.webp\",\"width\":750,\"height\":750,\"caption\":\"Paperboy Sommerm\u00fctze Seide & Leinen in Hellbeige\"},{\"@type\":\"BreadcrumbList\",\"@id\":\"https:\\\/\\\/hutfactory.com\\\/?product=sommermuetze-paperboy-seide-leinenmix#breadcrumb\",\"itemListElement\":[{\"@type\":\"ListItem\",\"position\":1,\"name\":\"Start\",\"item\":\"https:\\\/\\\/hutfactory.com\\\/\"},{\"@type\":\"ListItem\",\"position\":2,\"name\":\"Shop\",\"item\":\"https:\\\/\\\/hutfactory.com\\\/?page_id=10\"},{\"@type\":\"ListItem\",\"position\":3,\"name\":\"Sommerm\u00fctze Paperboy Seide-\\\/Leinenmix\"}]},{\"@type\":\"WebSite\",\"@id\":\"https:\\\/\\\/hutfactory.com\\\/#website\",\"url\":\"https:\\\/\\\/hutfactory.com\\\/\",\"name\":\"Hut Factory\",\"description\":\"H\u00fcte, Kappen &amp; M\u00fctzen in Top Swiss\\\/EU Qualit\u00e4t\",\"publisher\":{\"@id\":\"https:\\\/\\\/hutfactory.com\\\/#organization\"},\"alternateName\":\"Hut Shop\",\"potentialAction\":[{\"@type\":\"SearchAction\",\"target\":{\"@type\":\"EntryPoint\",\"urlTemplate\":\"https:\\\/\\\/hutfactory.com\\\/?s={search_term_string}\"},\"query-input\":{\"@type\":\"PropertyValueSpecification\",\"valueRequired\":true,\"valueName\":\"search_term_string\"}}],\"inLanguage\":\"de\"},{\"@type\":\"Organization\",\"@id\":\"https:\\\/\\\/hutfactory.com\\\/#organization\",\"name\":\"Hut Factory\",\"url\":\"https:\\\/\\\/hutfactory.com\\\/\",\"logo\":{\"@type\":\"ImageObject\",\"inLanguage\":\"de\",\"@id\":\"https:\\\/\\\/hutfactory.com\\\/#\\\/schema\\\/logo\\\/image\\\/\",\"url\":\"https:\\\/\\\/hutfactory.com\\\/wp-content\\\/uploads\\\/2026\\\/01\\\/Logo-hut-factory-1.webp\",\"contentUrl\":\"https:\\\/\\\/hutfactory.com\\\/wp-content\\\/uploads\\\/2026\\\/01\\\/Logo-hut-factory-1.webp\",\"width\":300,\"height\":262,\"caption\":\"Hut Factory\"},\"image\":{\"@id\":\"https:\\\/\\\/hutfactory.com\\\/#\\\/schema\\\/logo\\\/image\\\/\"}}]}<\/script>\n<!-- \/ Yoast SEO Premium plugin. -->","yoast_head_json":{"title":"Entdecken Sie diese Paperboy-Sommm\u00fctze - Seide\/Leinen Mix","description":"Erleben Sie den unvergleichlichen Tragekomfort & die zeitlose Eleganz unserer Paperboy Sommerm\u00fctze. Ihren Sommerstil auf das n\u00e4chste Level heben!","robots":{"index":"index","follow":"follow","max-snippet":"max-snippet:-1","max-image-preview":"max-image-preview:large","max-video-preview":"max-video-preview:-1"},"canonical":"https:\/\/hutfactory.com\/?product=sommermuetze-paperboy-seide-leinenmix","og_locale":"de_DE","og_type":"article","og_title":"Sommerm\u00fctze Paperboy Seide-\/Leinenmix","og_description":"Erleben Sie den unvergleichlichen Tragekomfort & die zeitlose Eleganz unserer Paperboy Sommerm\u00fctze. Ihren Sommerstil auf das n\u00e4chste Level heben!","og_url":"https:\/\/hutfactory.com\/?product=sommermuetze-paperboy-seide-leinenmix","og_site_name":"Hut Factory","article_modified_time":"2026-03-12T03:31:07+00:00","og_image":[{"width":750,"height":750,"url":"https:\/\/hutfactory.com\/wp-content\/uploads\/2026\/03\/64234.1-1-scaled-e1713893126825.webp","type":"image\/webp"}],"twitter_card":"summary_large_image","twitter_misc":{"Gesch\u00e4tzte Lesezeit":"2\u00a0Minuten"},"schema":{"@context":"https:\/\/schema.org","@graph":[{"@type":"WebPage","@id":"https:\/\/hutfactory.com\/?product=sommermuetze-paperboy-seide-leinenmix","url":"https:\/\/hutfactory.com\/?product=sommermuetze-paperboy-seide-leinenmix","name":"Entdecken Sie diese Paperboy-Sommm\u00fctze - Seide\/Leinen Mix","isPartOf":{"@id":"https:\/\/hutfactory.com\/#website"},"primaryImageOfPage":{"@id":"https:\/\/hutfactory.com\/?product=sommermuetze-paperboy-seide-leinenmix#primaryimage"},"image":{"@id":"https:\/\/hutfactory.com\/?product=sommermuetze-paperboy-seide-leinenmix#primaryimage"},"thumbnailUrl":"https:\/\/hutfactory.com\/wp-content\/uploads\/2026\/03\/64234.1-1-scaled-e1713893126825.webp","datePublished":"2026-03-10T12:55:44+00:00","dateModified":"2026-03-12T03:31:07+00:00","description":"Erleben Sie den unvergleichlichen Tragekomfort & die zeitlose Eleganz unserer Paperboy Sommerm\u00fctze. Ihren Sommerstil auf das n\u00e4chste Level heben!","breadcrumb":{"@id":"https:\/\/hutfactory.com\/?product=sommermuetze-paperboy-seide-leinenmix#breadcrumb"},"inLanguage":"de","potentialAction":[{"@type":"ReadAction","target":["https:\/\/hutfactory.com\/?product=sommermuetze-paperboy-seide-leinenmix"]}]},{"@type":"ImageObject","inLanguage":"de","@id":"https:\/\/hutfactory.com\/?product=sommermuetze-paperboy-seide-leinenmix#primaryimage","url":"https:\/\/hutfactory.com\/wp-content\/uploads\/2026\/03\/64234.1-1-scaled-e1713893126825.webp","contentUrl":"https:\/\/hutfactory.com\/wp-content\/uploads\/2026\/03\/64234.1-1-scaled-e1713893126825.webp","width":750,"height":750,"caption":"Paperboy Sommerm\u00fctze Seide & Leinen in Hellbeige"},{"@type":"BreadcrumbList","@id":"https:\/\/hutfactory.com\/?product=sommermuetze-paperboy-seide-leinenmix#breadcrumb","itemListElement":[{"@type":"ListItem","position":1,"name":"Start","item":"https:\/\/hutfactory.com\/"},{"@type":"ListItem","position":2,"name":"Shop","item":"https:\/\/hutfactory.com\/?page_id=10"},{"@type":"ListItem","position":3,"name":"Sommerm\u00fctze Paperboy Seide-\/Leinenmix"}]},{"@type":"WebSite","@id":"https:\/\/hutfactory.com\/#website","url":"https:\/\/hutfactory.com\/","name":"Hut Factory","description":"H\u00fcte, Kappen &amp; M\u00fctzen in Top Swiss\/EU Qualit\u00e4t","publisher":{"@id":"https:\/\/hutfactory.com\/#organization"},"alternateName":"Hut Shop","potentialAction":[{"@type":"SearchAction","target":{"@type":"EntryPoint","urlTemplate":"https:\/\/hutfactory.com\/?s={search_term_string}"},"query-input":{"@type":"PropertyValueSpecification","valueRequired":true,"valueName":"search_term_string"}}],"inLanguage":"de"},{"@type":"Organization","@id":"https:\/\/hutfactory.com\/#organization","name":"Hut Factory","url":"https:\/\/hutfactory.com\/","logo":{"@type":"ImageObject","inLanguage":"de","@id":"https:\/\/hutfactory.com\/#\/schema\/logo\/image\/","url":"https:\/\/hutfactory.com\/wp-content\/uploads\/2026\/01\/Logo-hut-factory-1.webp","contentUrl":"https:\/\/hutfactory.com\/wp-content\/uploads\/2026\/01\/Logo-hut-factory-1.webp","width":300,"height":262,"caption":"Hut Factory"},"image":{"@id":"https:\/\/hutfactory.com\/#\/schema\/logo\/image\/"}}]}},"_links":{"self":[{"href":"https:\/\/hutfactory.com\/index.php?rest_route=\/wp\/v2\/product\/19537","targetHints":{"allow":["GET"]}}],"collection":[{"href":"https:\/\/hutfactory.com\/index.php?rest_route=\/wp\/v2\/product"}],"about":[{"href":"https:\/\/hutfactory.com\/index.php?rest_route=\/wp\/v2\/types\/product"}],"wp:featuredmedia":[{"embeddable":true,"href":"https:\/\/hutfactory.com\/index.php?rest_route=\/wp\/v2\/media\/19538"}],"wp:attachment":[{"href":"https:\/\/hutfactory.com\/index.php?rest_route=%2Fwp%2Fv2%2Fmedia&parent=19537"}],"wp:term":[{"taxonomy":"product_brand","embeddable":true,"href":"https:\/\/hutfactory.com\/index.php?rest_route=%2Fwp%2Fv2%2Fproduct_brand&post=19537"},{"taxonomy":"product_cat","embeddable":true,"href":"https:\/\/hutfactory.com\/index.php?rest_route=%2Fwp%2Fv2%2Fproduct_cat&post=19537"},{"taxonomy":"product_tag","embeddable":true,"href":"https:\/\/hutfactory.com\/index.php?rest_route=%2Fwp%2Fv2%2Fproduct_tag&post=19537"}],"curies":[{"name":"wp","href":"https:\/\/api.w.org\/{rel}","templated":true}]}}