{"id":19520,"date":"2026-03-10T12:55:44","date_gmt":"2026-03-10T12:55:44","guid":{"rendered":"https:\/\/hutfactory.com\/?product=schiebermuetze-fischgrat-aus-feinem-leinen"},"modified":"2026-03-12T04:08:50","modified_gmt":"2026-03-12T04:08:50","slug":"schiebermuetze-fischgrat-aus-feinem-leinen","status":"publish","type":"product","link":"https:\/\/hutfactory.com\/?product=schiebermuetze-fischgrat-aus-feinem-leinen","title":{"rendered":"Schieberm\u00fctze Fischgrat aus feinem Leinen"},"content":{"rendered":"<h3 data-start=\"549\" data-end=\"591\"><strong data-start=\"553\" data-end=\"589\">Leicht, luftig &#038; unverwechselbar<\/strong><\/h3>\n<p data-start=\"592\" data-end=\"1007\">Die flache, elegante Form dieser Schieberm\u00fctze sorgt f\u00fcr einen klassischen Look mit modernem Twist. Ihr atmungsaktives Material bietet optimalen Tragekomfort \u2013 ideal f\u00fcr warme Sommertage. Die robuste, aber dennoch leichte Leinenstruktur macht die M\u00fctze knitterarm und pflegeleicht. Dank des anpassungsf\u00e4higen Designs ist sie sowohl f\u00fcr legere Freizeit-Outfits als auch f\u00fcr elegante Kombinationen perfekt geeignet.<\/p>\n<h3 data-start=\"1009\" data-end=\"1034\"><strong data-start=\"1013\" data-end=\"1032\">Perfekt f\u00fcr\u2026  <\/strong><\/h3>\n<p data-start=\"1035\" data-end=\"1321\">  <strong data-start=\"1038\" data-end=\"1070\">Stilbewusste M\u00e4nner &#038; Frauen<\/strong> \u2013 Eine zeitlose Kopfbedeckung f\u00fcr anspruchsvolle Looks.<br data-start=\"1126\" data-end=\"1129\" \/>\u2600\ufe0f <strong data-start=\"1132\" data-end=\"1155\">Sommerliche Anl\u00e4sse<\/strong> \u2013 Dank des luftigen Leinens die ideale Wahl f\u00fcr warme Tage.<br data-start=\"1215\" data-end=\"1218\" \/>  <strong data-start=\"1221\" data-end=\"1245\">Nachhaltige Modefans<\/strong> \u2013 Aus nat\u00fcrlichen Materialien gefertigt und umweltfreundlich verarbeitet.<\/p>\n<div class=\"hf-accordions\">\n<hr class=\"hf-accordion-separator\" \/>\n<details class=\"hf-accordion\">\n<summary><strong>\u25b6\ufe0f Gut zu wissen \u2013 mehr erfahren<\/strong><\/summary>\n<div class=\"hf-accordion-content\">\n<h3 data-start=\"1323\" data-end=\"1356\"><strong data-start=\"1327\" data-end=\"1354\">Eigenschaften &#038; Details<\/strong><\/h3>\n<ul data-start=\"1357\" data-end=\"1670\">\n<li data-start=\"1357\" data-end=\"1434\"><strong data-start=\"1359\" data-end=\"1372\">Material:<\/strong> 100 % Leinen Magee \u2013 leicht, atmungsaktiv &#038; strapazierf\u00e4hig<\/li>\n<li data-start=\"1435\" data-end=\"1471\"><strong data-start=\"1437\" data-end=\"1448\">Farben:<\/strong> Jeansblau, Steingrau<\/li>\n<li data-start=\"1472\" data-end=\"1515\"><strong data-start=\"1474\" data-end=\"1485\">Muster:<\/strong> Klassisches Fischgratmuster<\/li>\n<li data-start=\"1516\" data-end=\"1537\"><strong data-start=\"1518\" data-end=\"1529\">Gr\u00f6\u00dfen:<\/strong> 56-63<\/li>\n<li data-start=\"1538\" data-end=\"1617\"><strong data-start=\"1540\" data-end=\"1552\">Schnitt:<\/strong> Klassische Schieberm\u00fctze mit schmalem, leicht gebogenem Schirm<\/li>\n<li data-start=\"1618\" data-end=\"1670\"><strong data-start=\"1620\" data-end=\"1631\">Extras:<\/strong> Pflegeleicht, knitterarm &#038; langlebig<\/li>\n<\/ul>\n<h3 data-start=\"1672\" data-end=\"1703\"><strong data-start=\"1676\" data-end=\"1701\">Design &#038; Verarbeitung<\/strong><\/h3>\n<p data-start=\"1704\" data-end=\"2024\">Die feine Fischgratstruktur sorgt f\u00fcr eine stilvolle und zeitlose Optik. Die formstabile Verarbeitung garantiert h\u00f6chsten Tragekomfort, w\u00e4hrend die klaren Linien die M\u00fctze zu einem vielseitigen Accessoire machen. Ob klassisch-elegant oder urban-casual \u2013 diese Schieberm\u00fctze verleiht jedem Outfit eine raffinierte Note.<\/p>\n<h3 data-start=\"2026\" data-end=\"2059\"><strong data-start=\"2030\" data-end=\"2057\">Handgefertigt in Europa<\/strong><\/h3>\n<p data-start=\"2060\" data-end=\"2298\">Dieses exklusive Modell wird von der <strong data-start=\"2097\" data-end=\"2129\">Schweizer Hutmanufaktur Risa<\/strong> designt und in einer traditionsreichen europ\u00e4ischen Manufaktur gefertigt. Jedes St\u00fcck ist das Ergebnis erstklassiger Handwerkskunst und detailverliebter Verarbeitung.<\/p>\n<h3 data-start=\"2300\" data-end=\"2335\"><strong data-start=\"2304\" data-end=\"2333\">Nachhaltigkeit &#038; Qualit\u00e4t<\/strong><\/h3>\n<ul data-start=\"2336\" data-end=\"2616\">\n<li data-start=\"2336\" data-end=\"2429\"><strong data-start=\"2338\" data-end=\"2365\">Nat\u00fcrliche Materialien:<\/strong> Hochwertiges Leinen \u2013 biologisch abbaubar &#038; umweltfreundlich.<\/li>\n<li data-start=\"2430\" data-end=\"2533\"><strong data-start=\"2432\" data-end=\"2459\">Handarbeit &#038; Pr\u00e4zision:<\/strong> Jede M\u00fctze wird mit h\u00f6chster Sorgfalt in limitierter Auflage gefertigt.<\/li>\n<li data-start=\"2534\" data-end=\"2616\"><strong data-start=\"2536\" data-end=\"2554\">Langlebigkeit:<\/strong> Robuste, aber leichte Struktur f\u00fcr langanhaltende Qualit\u00e4t.<\/li>\n<\/ul>\n<h3 data-start=\"2618\" data-end=\"2649\"><strong data-start=\"2622\" data-end=\"2647\">Herstellung &#038; Versand<\/strong><\/h3>\n<ul data-start=\"2650\" data-end=\"2917\">\n<li data-start=\"2650\" data-end=\"2709\"><strong data-start=\"2652\" data-end=\"2666\">Fertigung:<\/strong> In kleiner Auflage in Europa hergestellt<\/li>\n<li data-start=\"2710\" data-end=\"2766\"><strong data-start=\"2712\" data-end=\"2724\">Versand:<\/strong> Innerhalb weniger Tage ab Lager Schweiz<\/li>\n<li data-start=\"2767\" data-end=\"2827\"><strong data-start=\"2769\" data-end=\"2782\">Umtausch:<\/strong> Nur bei Material- oder Herstellungsfehlern<\/li>\n<li data-start=\"2828\" data-end=\"2917\"><strong data-start=\"2830\" data-end=\"2848\">Verf\u00fcgbarkeit:<\/strong> Solange der Vorrat reicht (Abverkauf des Rohmaterials vorbehalten)<\/li>\n<\/ul>\n<\/div>\n<\/details>\n<details class=\"hf-accordion\">\n<summary><strong>\u25b6\ufe0f FAQ \u2013 H\u00e4ufige Fragen<\/strong><\/summary>\n<div class=\"hf-accordion-content\">\n<h3 data-start=\"2919\" data-end=\"2958\"><strong data-start=\"2923\" data-end=\"2956\">FAQ \u2013 H\u00e4ufig gestellte Fragen<\/strong><\/h3>\n<p data-start=\"2959\" data-end=\"3091\">\u2753 <strong data-start=\"2961\" data-end=\"3017\">Ist die Schieberm\u00fctze f\u00fcr hei\u00dfe Sommertage geeignet?<\/strong><br data-start=\"3017\" data-end=\"3020\" \/>\u2714\ufe0f Ja, das atmungsaktive Leinen sorgt f\u00fcr ein angenehmes Tragegef\u00fchl.<\/p>\n<p data-start=\"3093\" data-end=\"3212\">\u2753 <strong data-start=\"3095\" data-end=\"3138\">Wie kombiniere ich die M\u00fctze am besten?<\/strong><br data-start=\"3138\" data-end=\"3141\" \/>\u2714\ufe0f Sie passt sowohl zu Casual-Styles als auch zu eleganteren Outfits.<\/p>\n<p data-start=\"3214\" data-end=\"3312\">\u2753 <strong data-start=\"3216\" data-end=\"3253\">Wie pflege ich die Schieberm\u00fctze?<\/strong><br data-start=\"3253\" data-end=\"3256\" \/>\u2714\ufe0f Handw\u00e4sche oder chemische Reinigung wird empfohlen.<\/p>\n<p data-start=\"3314\" data-end=\"3421\">\u2753 <strong data-start=\"3316\" data-end=\"3347\">Beh\u00e4lt die M\u00fctze ihre Form?<\/strong><br data-start=\"3347\" data-end=\"3350\" \/>\u2714\ufe0f Ja, die hochwertige Verarbeitung sorgt f\u00fcr eine perfekte Passform.<\/p>\n<\/div>\n<\/details>\n<\/div>\n","protected":false},"excerpt":{"rendered":"<h4 data-start=\"74\" data-end=\"129\"><strong data-start=\"79\" data-end=\"127\">Stilvoll, zeitlos und perfekt f\u00fcr warme Tage<\/strong><\/h4>\n<p data-start=\"130\" data-end=\"547\">Die <strong data-start=\"134\" data-end=\"161\">Schieberm\u00fctze Fischgrat<\/strong> verbindet klassischen Charme mit moderner Leichtigkeit. Hergestellt aus feinstem <strong data-start=\"243\" data-end=\"265\">100 % Leinen Magee<\/strong>, ist sie die perfekte Kopfbedeckung f\u00fcr stilbewusste Tr\u00e4ger, die auf nat\u00fcrliche Materialien und hochwertige Handwerkskunst setzen. Das charakteristische Fischgratmuster verleiht der M\u00fctze eine edle Struktur und macht sie zum vielseitigen Begleiter f\u00fcr unterschiedlichste Anl\u00e4sse.<\/p>\n","protected":false},"featured_media":19521,"template":"","meta":{"_acf_changed":false,"rs_blank_template":"","rs_page_bg_color":"","slide_template_v7":""},"product_brand":[250],"product_cat":[692,445],"product_tag":[],"class_list":{"0":"post-19520","1":"product","2":"type-product","3":"status-publish","4":"has-post-thumbnail","6":"product_brand-risa-hutwerkstatt-schweiz","7":"product_cat-schiebermuetzen-sommermuetzen","8":"product_cat-sommermuetzen","9":"product_shipping_class-mittlere-pakete","10":"pa_color-jeans","11":"pa_color-stein","12":"pa_groesse-196","13":"pa_groesse-207","14":"pa_groesse-197","15":"pa_groesse-208","16":"pa_groesse-198","17":"pa_groesse-209","18":"pa_groesse-199","19":"pa_groesse-210","20":"pa_groesse-213","21":"yith_product_brand-risa-hutwerkstatt-schweiz","24":"instock","25":"taxable","26":"shipping-taxable","27":"purchasable","28":"product-type-variable","29":"wvs-archive-product-wrapper","30":"add-to-wishlist-after_add_to_cart"},"acf":[],"yoast_head":"<!-- This site is optimized with the Yoast SEO Premium plugin v27.3 (Yoast SEO v27.3) - https:\/\/yoast.com\/product\/yoast-seo-premium-wordpress\/ -->\n<title>Entdecken Sie die Schieberm\u00fctze &quot;Fischgrat&quot; - Zeitlos Chic<\/title>\n<meta name=\"description\" content=\"Erleben Sie den Charme unserer handgefertigten Schieberm\u00fctze aus hochwertigem Leinen. Jetzt entdecken und Ihrem Sommeroutfit das gewisse Extra verleihen!\" \/>\n<meta name=\"robots\" content=\"index, follow, max-snippet:-1, max-image-preview:large, max-video-preview:-1\" \/>\n<link rel=\"canonical\" href=\"https:\/\/hutfactory.com\/?product=schiebermuetze-fischgrat-aus-feinem-leinen\" \/>\n<meta property=\"og:locale\" content=\"de_DE\" \/>\n<meta property=\"og:type\" content=\"article\" \/>\n<meta property=\"og:title\" content=\"Schieberm\u00fctze Fischgrat aus feinem Leinen\" \/>\n<meta property=\"og:description\" content=\"Erleben Sie den Charme unserer handgefertigten Schieberm\u00fctze aus hochwertigem Leinen. Jetzt entdecken und Ihrem Sommeroutfit das gewisse Extra verleihen!\" \/>\n<meta property=\"og:url\" content=\"https:\/\/hutfactory.com\/?product=schiebermuetze-fischgrat-aus-feinem-leinen\" \/>\n<meta property=\"og:site_name\" content=\"Hut Factory\" \/>\n<meta property=\"article:modified_time\" content=\"2026-03-12T04:08:50+00:00\" \/>\n<meta property=\"og:image\" content=\"https:\/\/hutfactory.com\/wp-content\/uploads\/2026\/03\/65412.alle_-1.webp\" \/>\n\t<meta property=\"og:image:width\" content=\"750\" \/>\n\t<meta property=\"og:image:height\" content=\"750\" \/>\n\t<meta property=\"og:image:type\" content=\"image\/webp\" \/>\n<meta name=\"twitter:card\" content=\"summary_large_image\" \/>\n<meta name=\"twitter:label1\" content=\"Gesch\u00e4tzte Lesezeit\" \/>\n\t<meta name=\"twitter:data1\" content=\"2\u00a0Minuten\" \/>\n<script type=\"application\/ld+json\" class=\"yoast-schema-graph\">{\"@context\":\"https:\\\/\\\/schema.org\",\"@graph\":[{\"@type\":\"WebPage\",\"@id\":\"https:\\\/\\\/hutfactory.com\\\/?product=schiebermuetze-fischgrat-aus-feinem-leinen\",\"url\":\"https:\\\/\\\/hutfactory.com\\\/?product=schiebermuetze-fischgrat-aus-feinem-leinen\",\"name\":\"Entdecken Sie die Schieberm\u00fctze \\\"Fischgrat\\\" - Zeitlos Chic\",\"isPartOf\":{\"@id\":\"https:\\\/\\\/hutfactory.com\\\/#website\"},\"primaryImageOfPage\":{\"@id\":\"https:\\\/\\\/hutfactory.com\\\/?product=schiebermuetze-fischgrat-aus-feinem-leinen#primaryimage\"},\"image\":{\"@id\":\"https:\\\/\\\/hutfactory.com\\\/?product=schiebermuetze-fischgrat-aus-feinem-leinen#primaryimage\"},\"thumbnailUrl\":\"https:\\\/\\\/hutfactory.com\\\/wp-content\\\/uploads\\\/2026\\\/03\\\/65412.alle_-1.webp\",\"datePublished\":\"2026-03-10T12:55:44+00:00\",\"dateModified\":\"2026-03-12T04:08:50+00:00\",\"description\":\"Erleben Sie den Charme unserer handgefertigten Schieberm\u00fctze aus hochwertigem Leinen. Jetzt entdecken und Ihrem Sommeroutfit das gewisse Extra verleihen!\",\"breadcrumb\":{\"@id\":\"https:\\\/\\\/hutfactory.com\\\/?product=schiebermuetze-fischgrat-aus-feinem-leinen#breadcrumb\"},\"inLanguage\":\"de\",\"potentialAction\":[{\"@type\":\"ReadAction\",\"target\":[\"https:\\\/\\\/hutfactory.com\\\/?product=schiebermuetze-fischgrat-aus-feinem-leinen\"]}]},{\"@type\":\"ImageObject\",\"inLanguage\":\"de\",\"@id\":\"https:\\\/\\\/hutfactory.com\\\/?product=schiebermuetze-fischgrat-aus-feinem-leinen#primaryimage\",\"url\":\"https:\\\/\\\/hutfactory.com\\\/wp-content\\\/uploads\\\/2026\\\/03\\\/65412.alle_-1.webp\",\"contentUrl\":\"https:\\\/\\\/hutfactory.com\\\/wp-content\\\/uploads\\\/2026\\\/03\\\/65412.alle_-1.webp\",\"width\":750,\"height\":750,\"caption\":\"Schieberm\u00fctze Fischgrat|Schieberm\u00fctze Fischgrat in Jeansblau|Schieberm\u00fctze Fischgratmuster in Steingrau\"},{\"@type\":\"BreadcrumbList\",\"@id\":\"https:\\\/\\\/hutfactory.com\\\/?product=schiebermuetze-fischgrat-aus-feinem-leinen#breadcrumb\",\"itemListElement\":[{\"@type\":\"ListItem\",\"position\":1,\"name\":\"Start\",\"item\":\"https:\\\/\\\/hutfactory.com\\\/\"},{\"@type\":\"ListItem\",\"position\":2,\"name\":\"Shop\",\"item\":\"https:\\\/\\\/hutfactory.com\\\/?page_id=10\"},{\"@type\":\"ListItem\",\"position\":3,\"name\":\"Schieberm\u00fctze Fischgrat aus feinem Leinen\"}]},{\"@type\":\"WebSite\",\"@id\":\"https:\\\/\\\/hutfactory.com\\\/#website\",\"url\":\"https:\\\/\\\/hutfactory.com\\\/\",\"name\":\"Hut Factory\",\"description\":\"H\u00fcte, Kappen &amp; M\u00fctzen in Top Swiss\\\/EU Qualit\u00e4t\",\"publisher\":{\"@id\":\"https:\\\/\\\/hutfactory.com\\\/#organization\"},\"alternateName\":\"Hut Shop\",\"potentialAction\":[{\"@type\":\"SearchAction\",\"target\":{\"@type\":\"EntryPoint\",\"urlTemplate\":\"https:\\\/\\\/hutfactory.com\\\/?s={search_term_string}\"},\"query-input\":{\"@type\":\"PropertyValueSpecification\",\"valueRequired\":true,\"valueName\":\"search_term_string\"}}],\"inLanguage\":\"de\"},{\"@type\":\"Organization\",\"@id\":\"https:\\\/\\\/hutfactory.com\\\/#organization\",\"name\":\"Hut Factory\",\"url\":\"https:\\\/\\\/hutfactory.com\\\/\",\"logo\":{\"@type\":\"ImageObject\",\"inLanguage\":\"de\",\"@id\":\"https:\\\/\\\/hutfactory.com\\\/#\\\/schema\\\/logo\\\/image\\\/\",\"url\":\"https:\\\/\\\/hutfactory.com\\\/wp-content\\\/uploads\\\/2026\\\/01\\\/Logo-hut-factory-1.webp\",\"contentUrl\":\"https:\\\/\\\/hutfactory.com\\\/wp-content\\\/uploads\\\/2026\\\/01\\\/Logo-hut-factory-1.webp\",\"width\":300,\"height\":262,\"caption\":\"Hut Factory\"},\"image\":{\"@id\":\"https:\\\/\\\/hutfactory.com\\\/#\\\/schema\\\/logo\\\/image\\\/\"}}]}<\/script>\n<!-- \/ Yoast SEO Premium plugin. -->","yoast_head_json":{"title":"Entdecken Sie die Schieberm\u00fctze \"Fischgrat\" - Zeitlos Chic","description":"Erleben Sie den Charme unserer handgefertigten Schieberm\u00fctze aus hochwertigem Leinen. Jetzt entdecken und Ihrem Sommeroutfit das gewisse Extra verleihen!","robots":{"index":"index","follow":"follow","max-snippet":"max-snippet:-1","max-image-preview":"max-image-preview:large","max-video-preview":"max-video-preview:-1"},"canonical":"https:\/\/hutfactory.com\/?product=schiebermuetze-fischgrat-aus-feinem-leinen","og_locale":"de_DE","og_type":"article","og_title":"Schieberm\u00fctze Fischgrat aus feinem Leinen","og_description":"Erleben Sie den Charme unserer handgefertigten Schieberm\u00fctze aus hochwertigem Leinen. Jetzt entdecken und Ihrem Sommeroutfit das gewisse Extra verleihen!","og_url":"https:\/\/hutfactory.com\/?product=schiebermuetze-fischgrat-aus-feinem-leinen","og_site_name":"Hut Factory","article_modified_time":"2026-03-12T04:08:50+00:00","og_image":[{"width":750,"height":750,"url":"https:\/\/hutfactory.com\/wp-content\/uploads\/2026\/03\/65412.alle_-1.webp","type":"image\/webp"}],"twitter_card":"summary_large_image","twitter_misc":{"Gesch\u00e4tzte Lesezeit":"2\u00a0Minuten"},"schema":{"@context":"https:\/\/schema.org","@graph":[{"@type":"WebPage","@id":"https:\/\/hutfactory.com\/?product=schiebermuetze-fischgrat-aus-feinem-leinen","url":"https:\/\/hutfactory.com\/?product=schiebermuetze-fischgrat-aus-feinem-leinen","name":"Entdecken Sie die Schieberm\u00fctze \"Fischgrat\" - Zeitlos Chic","isPartOf":{"@id":"https:\/\/hutfactory.com\/#website"},"primaryImageOfPage":{"@id":"https:\/\/hutfactory.com\/?product=schiebermuetze-fischgrat-aus-feinem-leinen#primaryimage"},"image":{"@id":"https:\/\/hutfactory.com\/?product=schiebermuetze-fischgrat-aus-feinem-leinen#primaryimage"},"thumbnailUrl":"https:\/\/hutfactory.com\/wp-content\/uploads\/2026\/03\/65412.alle_-1.webp","datePublished":"2026-03-10T12:55:44+00:00","dateModified":"2026-03-12T04:08:50+00:00","description":"Erleben Sie den Charme unserer handgefertigten Schieberm\u00fctze aus hochwertigem Leinen. Jetzt entdecken und Ihrem Sommeroutfit das gewisse Extra verleihen!","breadcrumb":{"@id":"https:\/\/hutfactory.com\/?product=schiebermuetze-fischgrat-aus-feinem-leinen#breadcrumb"},"inLanguage":"de","potentialAction":[{"@type":"ReadAction","target":["https:\/\/hutfactory.com\/?product=schiebermuetze-fischgrat-aus-feinem-leinen"]}]},{"@type":"ImageObject","inLanguage":"de","@id":"https:\/\/hutfactory.com\/?product=schiebermuetze-fischgrat-aus-feinem-leinen#primaryimage","url":"https:\/\/hutfactory.com\/wp-content\/uploads\/2026\/03\/65412.alle_-1.webp","contentUrl":"https:\/\/hutfactory.com\/wp-content\/uploads\/2026\/03\/65412.alle_-1.webp","width":750,"height":750,"caption":"Schieberm\u00fctze Fischgrat|Schieberm\u00fctze Fischgrat in Jeansblau|Schieberm\u00fctze Fischgratmuster in Steingrau"},{"@type":"BreadcrumbList","@id":"https:\/\/hutfactory.com\/?product=schiebermuetze-fischgrat-aus-feinem-leinen#breadcrumb","itemListElement":[{"@type":"ListItem","position":1,"name":"Start","item":"https:\/\/hutfactory.com\/"},{"@type":"ListItem","position":2,"name":"Shop","item":"https:\/\/hutfactory.com\/?page_id=10"},{"@type":"ListItem","position":3,"name":"Schieberm\u00fctze Fischgrat aus feinem Leinen"}]},{"@type":"WebSite","@id":"https:\/\/hutfactory.com\/#website","url":"https:\/\/hutfactory.com\/","name":"Hut Factory","description":"H\u00fcte, Kappen &amp; M\u00fctzen in Top Swiss\/EU Qualit\u00e4t","publisher":{"@id":"https:\/\/hutfactory.com\/#organization"},"alternateName":"Hut Shop","potentialAction":[{"@type":"SearchAction","target":{"@type":"EntryPoint","urlTemplate":"https:\/\/hutfactory.com\/?s={search_term_string}"},"query-input":{"@type":"PropertyValueSpecification","valueRequired":true,"valueName":"search_term_string"}}],"inLanguage":"de"},{"@type":"Organization","@id":"https:\/\/hutfactory.com\/#organization","name":"Hut Factory","url":"https:\/\/hutfactory.com\/","logo":{"@type":"ImageObject","inLanguage":"de","@id":"https:\/\/hutfactory.com\/#\/schema\/logo\/image\/","url":"https:\/\/hutfactory.com\/wp-content\/uploads\/2026\/01\/Logo-hut-factory-1.webp","contentUrl":"https:\/\/hutfactory.com\/wp-content\/uploads\/2026\/01\/Logo-hut-factory-1.webp","width":300,"height":262,"caption":"Hut Factory"},"image":{"@id":"https:\/\/hutfactory.com\/#\/schema\/logo\/image\/"}}]}},"_links":{"self":[{"href":"https:\/\/hutfactory.com\/index.php?rest_route=\/wp\/v2\/product\/19520","targetHints":{"allow":["GET"]}}],"collection":[{"href":"https:\/\/hutfactory.com\/index.php?rest_route=\/wp\/v2\/product"}],"about":[{"href":"https:\/\/hutfactory.com\/index.php?rest_route=\/wp\/v2\/types\/product"}],"wp:featuredmedia":[{"embeddable":true,"href":"https:\/\/hutfactory.com\/index.php?rest_route=\/wp\/v2\/media\/19521"}],"wp:attachment":[{"href":"https:\/\/hutfactory.com\/index.php?rest_route=%2Fwp%2Fv2%2Fmedia&parent=19520"}],"wp:term":[{"taxonomy":"product_brand","embeddable":true,"href":"https:\/\/hutfactory.com\/index.php?rest_route=%2Fwp%2Fv2%2Fproduct_brand&post=19520"},{"taxonomy":"product_cat","embeddable":true,"href":"https:\/\/hutfactory.com\/index.php?rest_route=%2Fwp%2Fv2%2Fproduct_cat&post=19520"},{"taxonomy":"product_tag","embeddable":true,"href":"https:\/\/hutfactory.com\/index.php?rest_route=%2Fwp%2Fv2%2Fproduct_tag&post=19520"}],"curies":[{"name":"wp","href":"https:\/\/api.w.org\/{rel}","templated":true}]}}