{"id":19511,"date":"2026-03-10T12:55:44","date_gmt":"2026-03-10T12:55:44","guid":{"rendered":"https:\/\/hutfactory.com\/?product=paperboy-shelby-sommermuetze-fischgrat-leinen"},"modified":"2026-03-12T03:47:24","modified_gmt":"2026-03-12T03:47:24","slug":"paperboy-shelby-sommermuetze-fischgrat-leinen","status":"publish","type":"product","link":"https:\/\/hutfactory.com\/?product=paperboy-shelby-sommermuetze-fischgrat-leinen","title":{"rendered":"Paperboy  Shelby Sommerm\u00fctze Fischgrat Leinen"},"content":{"rendered":"<h3 data-start=\"571\" data-end=\"622\"><strong data-start=\"575\" data-end=\"620\">Sommerlicher Look mit raffiniertem Muster<\/strong><\/h3>\n<p data-start=\"623\" data-end=\"969\">Die weiche, luftige Leinenstruktur sorgt f\u00fcr maximalen Tragekomfort \u2013 auch an hei\u00dfen Tagen. Die gro\u00dfz\u00fcgige, achtteilige Form und der dezente Schirm verleihen der M\u00fctze einen authentischen Retro-Charakter, w\u00e4hrend die hochwertige Verarbeitung f\u00fcr eine perfekte Passform sorgt. Dank der edlen Farbt\u00f6ne f\u00fcgt sie sich m\u00fchelos in jede Garderobe ein.<\/p>\n<h3 data-start=\"971\" data-end=\"996\"><strong data-start=\"975\" data-end=\"994\">Perfekt f\u00fcr\u2026  <\/strong><\/h3>\n<p data-start=\"997\" data-end=\"1334\">\u2600\ufe0f <strong data-start=\"1000\" data-end=\"1023\">Sommertage &#038; Reisen<\/strong> \u2013 Leicht, atmungsaktiv und bequem \u2013 die ideale Kopfbedeckung f\u00fcr warme Temperaturen.<br data-start=\"1108\" data-end=\"1111\" \/>  <strong data-start=\"1114\" data-end=\"1145\">Retro- &#038; Heritage-Liebhaber<\/strong> \u2013 Perfekt f\u00fcr Liebhaber klassischer Newsboy-Caps, kombiniert mit modernem Komfort.<br data-start=\"1228\" data-end=\"1231\" \/>  <strong data-start=\"1234\" data-end=\"1258\">Nachhaltige Modefans<\/strong> \u2013 Aus 100 % nat\u00fcrlichem Leinen gefertigt, umweltfreundlich und langlebig.<\/p>\n<div class=\"hf-accordions\">\n<hr class=\"hf-accordion-separator\" \/>\n<details class=\"hf-accordion\">\n<summary><strong>\u25b6\ufe0f Gut zu wissen \u2013 mehr erfahren<\/strong><\/summary>\n<div class=\"hf-accordion-content\">\n<h3 data-start=\"1336\" data-end=\"1369\"><strong data-start=\"1340\" data-end=\"1367\">Eigenschaften &#038; Details<\/strong><\/h3>\n<ul data-start=\"1370\" data-end=\"1714\">\n<li data-start=\"1370\" data-end=\"1446\"><strong data-start=\"1372\" data-end=\"1385\">Material:<\/strong> 100 % Leinen Magee \u2013 atmungsaktiv, leicht &#038; hautfreundlich<\/li>\n<li data-start=\"1447\" data-end=\"1493\"><strong data-start=\"1449\" data-end=\"1460\">Farben:<\/strong> Mittelbeige, Olive, Marineblau<\/li>\n<li data-start=\"1494\" data-end=\"1556\"><strong data-start=\"1496\" data-end=\"1507\">Muster:<\/strong> Feines Fischgratmuster f\u00fcr eine elegante Optik<\/li>\n<li data-start=\"1557\" data-end=\"1578\"><strong data-start=\"1559\" data-end=\"1570\">Gr\u00f6\u00dfen:<\/strong> 56-63<\/li>\n<li data-start=\"1579\" data-end=\"1652\"><strong data-start=\"1581\" data-end=\"1593\">Schnitt:<\/strong> Klassische, gro\u00dfz\u00fcgige 8-teilige Newsboy-Form mit Schirm<\/li>\n<li data-start=\"1653\" data-end=\"1714\"><strong data-start=\"1655\" data-end=\"1666\">Extras:<\/strong> Leicht knautschbar, formstabil &#038; pflegeleicht<\/li>\n<\/ul>\n<h3 data-start=\"1716\" data-end=\"1747\"><strong data-start=\"1720\" data-end=\"1745\">Design &#038; Verarbeitung<\/strong><\/h3>\n<p data-start=\"1748\" data-end=\"2059\">Diese Schieberm\u00fctze besticht durch ihr klassisches Fischgrat-Design, das ihr eine feine, edle Textur verleiht. Die harmonischen Farbvarianten erm\u00f6glichen vielseitige Kombinationen \u2013 egal ob casual oder elegant. Der leicht gebogene Schirm sch\u00fctzt vor Sonnenstrahlen und gibt der M\u00fctze eine markante Silhouette.<\/p>\n<h3 data-start=\"2061\" data-end=\"2094\"><strong data-start=\"2065\" data-end=\"2092\">Handgefertigt in Europa<\/strong><\/h3>\n<p data-start=\"2095\" data-end=\"2362\">Die <strong data-start=\"2099\" data-end=\"2131\">Schweizer Hutmanufaktur Risa<\/strong> entwirft dieses Modell mit h\u00f6chster Pr\u00e4zision und l\u00e4sst es in einer exklusiven europ\u00e4ischen Manufaktur fertigen. Das Ergebnis ist eine handwerklich perfekte M\u00fctze, die sich durch Detailverliebtheit und Langlebigkeit auszeichnet.<\/p>\n<h3 data-start=\"2364\" data-end=\"2399\"><strong data-start=\"2368\" data-end=\"2397\">Nachhaltigkeit &#038; Qualit\u00e4t<\/strong><\/h3>\n<ul data-start=\"2400\" data-end=\"2669\">\n<li data-start=\"2400\" data-end=\"2493\"><strong data-start=\"2402\" data-end=\"2429\">Nat\u00fcrliche Materialien:<\/strong> Hochwertiges Leinen Magee \u2013 biologisch abbaubar &#038; nachhaltig.<\/li>\n<li data-start=\"2494\" data-end=\"2591\"><strong data-start=\"2496\" data-end=\"2523\">Handarbeit &#038; Tradition:<\/strong> Jede M\u00fctze wird sorgf\u00e4ltig und in limitierter Auflage produziert.<\/li>\n<li data-start=\"2592\" data-end=\"2669\"><strong data-start=\"2594\" data-end=\"2612\">Langlebigkeit:<\/strong> Robuste Verarbeitung f\u00fcr langanhaltenden Tragekomfort.<\/li>\n<\/ul>\n<h3 data-start=\"2671\" data-end=\"2702\"><strong data-start=\"2675\" data-end=\"2700\">Herstellung &#038; Versand<\/strong><\/h3>\n<ul data-start=\"2703\" data-end=\"2942\">\n<li data-start=\"2703\" data-end=\"2762\"><strong data-start=\"2705\" data-end=\"2719\">Fertigung:<\/strong> In kleiner Auflage in Europa hergestellt<\/li>\n<li data-start=\"2763\" data-end=\"2819\"><strong data-start=\"2765\" data-end=\"2777\">Versand:<\/strong> Innerhalb weniger Tage ab Lager Schweiz<\/li>\n<li data-start=\"2820\" data-end=\"2880\"><strong data-start=\"2822\" data-end=\"2835\">Umtausch:<\/strong> Nur bei Material- oder Herstellungsfehlern<\/li>\n<li data-start=\"2881\" data-end=\"2942\"><strong data-start=\"2883\" data-end=\"2901\">Verf\u00fcgbarkeit:<\/strong> Abverkauf des Rohmaterials vorbehalten<\/li>\n<\/ul>\n<\/div>\n<\/details>\n<details class=\"hf-accordion\">\n<summary><strong>\u25b6\ufe0f FAQ \u2013 H\u00e4ufige Fragen<\/strong><\/summary>\n<div class=\"hf-accordion-content\">\n<h3 data-start=\"2944\" data-end=\"2983\"><strong data-start=\"2948\" data-end=\"2981\">FAQ \u2013 H\u00e4ufig gestellte Fragen<\/strong><\/h3>\n<p data-start=\"2984\" data-end=\"3111\">\u2753 <strong data-start=\"2986\" data-end=\"3034\">Ist die M\u00fctze f\u00fcr hei\u00dfe Sommertage geeignet?<\/strong><br data-start=\"3034\" data-end=\"3037\" \/>\u2714\ufe0f Ja, das atmungsaktive Leinen sorgt f\u00fcr eine optimale Luftzirkulation.<\/p>\n<p data-start=\"3113\" data-end=\"3237\">\u2753 <strong data-start=\"3115\" data-end=\"3158\">Wie kombiniere ich die M\u00fctze am besten?<\/strong><br data-start=\"3158\" data-end=\"3161\" \/>\u2714\ufe0f Sie passt perfekt zu l\u00e4ssigen Sommerlooks oder eleganten Retro-Outfits.<\/p>\n<p data-start=\"3239\" data-end=\"3330\">\u2753 <strong data-start=\"3241\" data-end=\"3271\">Wie reinige ich die M\u00fctze?<\/strong><br data-start=\"3271\" data-end=\"3274\" \/>\u2714\ufe0f Handw\u00e4sche oder chemische Reinigung wird empfohlen.<\/p>\n<p data-start=\"3332\" data-end=\"3440\">\u2753 <strong data-start=\"3334\" data-end=\"3366\">Bleibt die M\u00fctze formstabil?<\/strong><br data-start=\"3366\" data-end=\"3369\" \/>\u2714\ufe0f Ja, die hochwertige Verarbeitung sorgt f\u00fcr eine perfekte Passform.<\/p>\n<\/div>\n<\/details>\n<\/div>\n","protected":false},"excerpt":{"rendered":"<h3 data-start=\"89\" data-end=\"163\"><strong data-start=\"94\" data-end=\"161\">Klassische Newsboy-Silhouette trifft auf luftig-leichtes Leinen<\/strong><\/h3>\n<p data-start=\"164\" data-end=\"569\">Die <strong data-start=\"168\" data-end=\"209\">Paperboy Sommerm\u00fctze Fischgrat Leinen<\/strong> ist die perfekte Mischung aus Vintage-Chic und modernem Komfort. Inspiriert von den klassischen Newsboy-Caps der 1920er Jahre, bietet sie durch ihr feines Fischgratmuster eine elegante Struktur. Hergestellt aus <strong data-start=\"421\" data-end=\"456\">100 % hochwertigem Leinen Magee<\/strong>, ist diese M\u00fctze die ideale Wahl f\u00fcr stilbewusste K\u00f6pfe, die Wert auf Atmungsaktivit\u00e4t und Leichtigkeit legen.<\/p>\n","protected":false},"featured_media":19512,"template":"","meta":{"_acf_changed":false,"rs_blank_template":"","rs_page_bg_color":"","slide_template_v7":""},"product_brand":[250],"product_cat":[689,445],"product_tag":[],"class_list":{"0":"post-19511","1":"product","2":"type-product","3":"status-publish","4":"has-post-thumbnail","6":"product_brand-risa-hutwerkstatt-schweiz","7":"product_cat-paperboy-sommermuetzen","8":"product_cat-sommermuetzen","9":"product_shipping_class-mittlere-pakete","10":"pa_color-mbeige","11":"pa_color-marine","12":"pa_color-olive","13":"pa_groesse-196","14":"pa_groesse-207","15":"pa_groesse-197","16":"pa_groesse-208","17":"pa_groesse-198","18":"pa_groesse-209","19":"pa_groesse-199","20":"pa_groesse-210","21":"pa_groesse-213","22":"yith_product_brand-risa-hutwerkstatt-schweiz","25":"instock","26":"taxable","27":"shipping-taxable","28":"purchasable","29":"product-type-variable","30":"wvs-archive-product-wrapper","31":"add-to-wishlist-after_add_to_cart"},"acf":[],"yoast_head":"<!-- This site is optimized with the Yoast SEO Premium plugin v27.3 (Yoast SEO v27.3) - https:\/\/yoast.com\/product\/yoast-seo-premium-wordpress\/ -->\n<title>Paperboy Sommerm\u00fctze Fischgrat \u2013 Leichte Leinen-Newsboy Cap<\/title>\n<meta name=\"description\" content=\"Luftige Newsboy Cap aus 100 % Leinen mit edlem Fischgratmuster \u2013 stilvoll, leicht &amp; perfekt f\u00fcr warme Tage. Jetzt entdecken!\" \/>\n<meta name=\"robots\" content=\"index, follow, max-snippet:-1, max-image-preview:large, max-video-preview:-1\" \/>\n<link rel=\"canonical\" href=\"https:\/\/hutfactory.com\/?product=paperboy-shelby-sommermuetze-fischgrat-leinen\" \/>\n<meta property=\"og:locale\" content=\"de_DE\" \/>\n<meta property=\"og:type\" content=\"article\" \/>\n<meta property=\"og:title\" content=\"Paperboy Shelby Sommerm\u00fctze Fischgrat Leinen\" \/>\n<meta property=\"og:description\" content=\"Luftige Newsboy Cap aus 100 % Leinen mit edlem Fischgratmuster \u2013 stilvoll, leicht &amp; perfekt f\u00fcr warme Tage. Jetzt entdecken!\" \/>\n<meta property=\"og:url\" content=\"https:\/\/hutfactory.com\/?product=paperboy-shelby-sommermuetze-fischgrat-leinen\" \/>\n<meta property=\"og:site_name\" content=\"Hut Factory\" \/>\n<meta property=\"article:modified_time\" content=\"2026-03-12T03:47:24+00:00\" \/>\n<meta property=\"og:image\" content=\"https:\/\/hutfactory.com\/wp-content\/uploads\/2026\/03\/65544.alle_-1.webp\" \/>\n\t<meta property=\"og:image:width\" content=\"750\" \/>\n\t<meta property=\"og:image:height\" content=\"750\" \/>\n\t<meta property=\"og:image:type\" content=\"image\/webp\" \/>\n<meta name=\"twitter:card\" content=\"summary_large_image\" \/>\n<meta name=\"twitter:label1\" content=\"Gesch\u00e4tzte Lesezeit\" \/>\n\t<meta name=\"twitter:data1\" content=\"2\u00a0Minuten\" \/>\n<script type=\"application\/ld+json\" class=\"yoast-schema-graph\">{\"@context\":\"https:\\\/\\\/schema.org\",\"@graph\":[{\"@type\":\"WebPage\",\"@id\":\"https:\\\/\\\/hutfactory.com\\\/?product=paperboy-shelby-sommermuetze-fischgrat-leinen\",\"url\":\"https:\\\/\\\/hutfactory.com\\\/?product=paperboy-shelby-sommermuetze-fischgrat-leinen\",\"name\":\"Paperboy Sommerm\u00fctze Fischgrat \u2013 Leichte Leinen-Newsboy Cap\",\"isPartOf\":{\"@id\":\"https:\\\/\\\/hutfactory.com\\\/#website\"},\"primaryImageOfPage\":{\"@id\":\"https:\\\/\\\/hutfactory.com\\\/?product=paperboy-shelby-sommermuetze-fischgrat-leinen#primaryimage\"},\"image\":{\"@id\":\"https:\\\/\\\/hutfactory.com\\\/?product=paperboy-shelby-sommermuetze-fischgrat-leinen#primaryimage\"},\"thumbnailUrl\":\"https:\\\/\\\/hutfactory.com\\\/wp-content\\\/uploads\\\/2026\\\/03\\\/65544.alle_-1.webp\",\"datePublished\":\"2026-03-10T12:55:44+00:00\",\"dateModified\":\"2026-03-12T03:47:24+00:00\",\"description\":\"Luftige Newsboy Cap aus 100 % Leinen mit edlem Fischgratmuster \u2013 stilvoll, leicht & perfekt f\u00fcr warme Tage. Jetzt entdecken!\",\"breadcrumb\":{\"@id\":\"https:\\\/\\\/hutfactory.com\\\/?product=paperboy-shelby-sommermuetze-fischgrat-leinen#breadcrumb\"},\"inLanguage\":\"de\",\"potentialAction\":[{\"@type\":\"ReadAction\",\"target\":[\"https:\\\/\\\/hutfactory.com\\\/?product=paperboy-shelby-sommermuetze-fischgrat-leinen\"]}]},{\"@type\":\"ImageObject\",\"inLanguage\":\"de\",\"@id\":\"https:\\\/\\\/hutfactory.com\\\/?product=paperboy-shelby-sommermuetze-fischgrat-leinen#primaryimage\",\"url\":\"https:\\\/\\\/hutfactory.com\\\/wp-content\\\/uploads\\\/2026\\\/03\\\/65544.alle_-1.webp\",\"contentUrl\":\"https:\\\/\\\/hutfactory.com\\\/wp-content\\\/uploads\\\/2026\\\/03\\\/65544.alle_-1.webp\",\"width\":750,\"height\":750,\"caption\":\"Paperboy Sommerm\u00fctze Fischgrat Leinen|Paperboy Sommerm\u00fctze Fischgrat Leinen in Marine|Paperboy Sommerm\u00fctze Fischgrat Leinen in Olive|Paperboy Sommerm\u00fctze Fischgrat Leinen in Mittelbeige\"},{\"@type\":\"BreadcrumbList\",\"@id\":\"https:\\\/\\\/hutfactory.com\\\/?product=paperboy-shelby-sommermuetze-fischgrat-leinen#breadcrumb\",\"itemListElement\":[{\"@type\":\"ListItem\",\"position\":1,\"name\":\"Start\",\"item\":\"https:\\\/\\\/hutfactory.com\\\/\"},{\"@type\":\"ListItem\",\"position\":2,\"name\":\"Shop\",\"item\":\"https:\\\/\\\/hutfactory.com\\\/?page_id=10\"},{\"@type\":\"ListItem\",\"position\":3,\"name\":\"Paperboy Shelby Sommerm\u00fctze Fischgrat Leinen\"}]},{\"@type\":\"WebSite\",\"@id\":\"https:\\\/\\\/hutfactory.com\\\/#website\",\"url\":\"https:\\\/\\\/hutfactory.com\\\/\",\"name\":\"Hut Factory\",\"description\":\"H\u00fcte, Kappen &amp; M\u00fctzen in Top Swiss\\\/EU Qualit\u00e4t\",\"publisher\":{\"@id\":\"https:\\\/\\\/hutfactory.com\\\/#organization\"},\"alternateName\":\"Hut Shop\",\"potentialAction\":[{\"@type\":\"SearchAction\",\"target\":{\"@type\":\"EntryPoint\",\"urlTemplate\":\"https:\\\/\\\/hutfactory.com\\\/?s={search_term_string}\"},\"query-input\":{\"@type\":\"PropertyValueSpecification\",\"valueRequired\":true,\"valueName\":\"search_term_string\"}}],\"inLanguage\":\"de\"},{\"@type\":\"Organization\",\"@id\":\"https:\\\/\\\/hutfactory.com\\\/#organization\",\"name\":\"Hut Factory\",\"url\":\"https:\\\/\\\/hutfactory.com\\\/\",\"logo\":{\"@type\":\"ImageObject\",\"inLanguage\":\"de\",\"@id\":\"https:\\\/\\\/hutfactory.com\\\/#\\\/schema\\\/logo\\\/image\\\/\",\"url\":\"https:\\\/\\\/hutfactory.com\\\/wp-content\\\/uploads\\\/2026\\\/01\\\/Logo-hut-factory-1.webp\",\"contentUrl\":\"https:\\\/\\\/hutfactory.com\\\/wp-content\\\/uploads\\\/2026\\\/01\\\/Logo-hut-factory-1.webp\",\"width\":300,\"height\":262,\"caption\":\"Hut Factory\"},\"image\":{\"@id\":\"https:\\\/\\\/hutfactory.com\\\/#\\\/schema\\\/logo\\\/image\\\/\"}}]}<\/script>\n<!-- \/ Yoast SEO Premium plugin. -->","yoast_head_json":{"title":"Paperboy Sommerm\u00fctze Fischgrat \u2013 Leichte Leinen-Newsboy Cap","description":"Luftige Newsboy Cap aus 100 % Leinen mit edlem Fischgratmuster \u2013 stilvoll, leicht & perfekt f\u00fcr warme Tage. Jetzt entdecken!","robots":{"index":"index","follow":"follow","max-snippet":"max-snippet:-1","max-image-preview":"max-image-preview:large","max-video-preview":"max-video-preview:-1"},"canonical":"https:\/\/hutfactory.com\/?product=paperboy-shelby-sommermuetze-fischgrat-leinen","og_locale":"de_DE","og_type":"article","og_title":"Paperboy Shelby Sommerm\u00fctze Fischgrat Leinen","og_description":"Luftige Newsboy Cap aus 100 % Leinen mit edlem Fischgratmuster \u2013 stilvoll, leicht & perfekt f\u00fcr warme Tage. Jetzt entdecken!","og_url":"https:\/\/hutfactory.com\/?product=paperboy-shelby-sommermuetze-fischgrat-leinen","og_site_name":"Hut Factory","article_modified_time":"2026-03-12T03:47:24+00:00","og_image":[{"width":750,"height":750,"url":"https:\/\/hutfactory.com\/wp-content\/uploads\/2026\/03\/65544.alle_-1.webp","type":"image\/webp"}],"twitter_card":"summary_large_image","twitter_misc":{"Gesch\u00e4tzte Lesezeit":"2\u00a0Minuten"},"schema":{"@context":"https:\/\/schema.org","@graph":[{"@type":"WebPage","@id":"https:\/\/hutfactory.com\/?product=paperboy-shelby-sommermuetze-fischgrat-leinen","url":"https:\/\/hutfactory.com\/?product=paperboy-shelby-sommermuetze-fischgrat-leinen","name":"Paperboy Sommerm\u00fctze Fischgrat \u2013 Leichte Leinen-Newsboy Cap","isPartOf":{"@id":"https:\/\/hutfactory.com\/#website"},"primaryImageOfPage":{"@id":"https:\/\/hutfactory.com\/?product=paperboy-shelby-sommermuetze-fischgrat-leinen#primaryimage"},"image":{"@id":"https:\/\/hutfactory.com\/?product=paperboy-shelby-sommermuetze-fischgrat-leinen#primaryimage"},"thumbnailUrl":"https:\/\/hutfactory.com\/wp-content\/uploads\/2026\/03\/65544.alle_-1.webp","datePublished":"2026-03-10T12:55:44+00:00","dateModified":"2026-03-12T03:47:24+00:00","description":"Luftige Newsboy Cap aus 100 % Leinen mit edlem Fischgratmuster \u2013 stilvoll, leicht & perfekt f\u00fcr warme Tage. Jetzt entdecken!","breadcrumb":{"@id":"https:\/\/hutfactory.com\/?product=paperboy-shelby-sommermuetze-fischgrat-leinen#breadcrumb"},"inLanguage":"de","potentialAction":[{"@type":"ReadAction","target":["https:\/\/hutfactory.com\/?product=paperboy-shelby-sommermuetze-fischgrat-leinen"]}]},{"@type":"ImageObject","inLanguage":"de","@id":"https:\/\/hutfactory.com\/?product=paperboy-shelby-sommermuetze-fischgrat-leinen#primaryimage","url":"https:\/\/hutfactory.com\/wp-content\/uploads\/2026\/03\/65544.alle_-1.webp","contentUrl":"https:\/\/hutfactory.com\/wp-content\/uploads\/2026\/03\/65544.alle_-1.webp","width":750,"height":750,"caption":"Paperboy Sommerm\u00fctze Fischgrat Leinen|Paperboy Sommerm\u00fctze Fischgrat Leinen in Marine|Paperboy Sommerm\u00fctze Fischgrat Leinen in Olive|Paperboy Sommerm\u00fctze Fischgrat Leinen in Mittelbeige"},{"@type":"BreadcrumbList","@id":"https:\/\/hutfactory.com\/?product=paperboy-shelby-sommermuetze-fischgrat-leinen#breadcrumb","itemListElement":[{"@type":"ListItem","position":1,"name":"Start","item":"https:\/\/hutfactory.com\/"},{"@type":"ListItem","position":2,"name":"Shop","item":"https:\/\/hutfactory.com\/?page_id=10"},{"@type":"ListItem","position":3,"name":"Paperboy Shelby Sommerm\u00fctze Fischgrat Leinen"}]},{"@type":"WebSite","@id":"https:\/\/hutfactory.com\/#website","url":"https:\/\/hutfactory.com\/","name":"Hut Factory","description":"H\u00fcte, Kappen &amp; M\u00fctzen in Top Swiss\/EU Qualit\u00e4t","publisher":{"@id":"https:\/\/hutfactory.com\/#organization"},"alternateName":"Hut Shop","potentialAction":[{"@type":"SearchAction","target":{"@type":"EntryPoint","urlTemplate":"https:\/\/hutfactory.com\/?s={search_term_string}"},"query-input":{"@type":"PropertyValueSpecification","valueRequired":true,"valueName":"search_term_string"}}],"inLanguage":"de"},{"@type":"Organization","@id":"https:\/\/hutfactory.com\/#organization","name":"Hut Factory","url":"https:\/\/hutfactory.com\/","logo":{"@type":"ImageObject","inLanguage":"de","@id":"https:\/\/hutfactory.com\/#\/schema\/logo\/image\/","url":"https:\/\/hutfactory.com\/wp-content\/uploads\/2026\/01\/Logo-hut-factory-1.webp","contentUrl":"https:\/\/hutfactory.com\/wp-content\/uploads\/2026\/01\/Logo-hut-factory-1.webp","width":300,"height":262,"caption":"Hut Factory"},"image":{"@id":"https:\/\/hutfactory.com\/#\/schema\/logo\/image\/"}}]}},"_links":{"self":[{"href":"https:\/\/hutfactory.com\/index.php?rest_route=\/wp\/v2\/product\/19511","targetHints":{"allow":["GET"]}}],"collection":[{"href":"https:\/\/hutfactory.com\/index.php?rest_route=\/wp\/v2\/product"}],"about":[{"href":"https:\/\/hutfactory.com\/index.php?rest_route=\/wp\/v2\/types\/product"}],"wp:featuredmedia":[{"embeddable":true,"href":"https:\/\/hutfactory.com\/index.php?rest_route=\/wp\/v2\/media\/19512"}],"wp:attachment":[{"href":"https:\/\/hutfactory.com\/index.php?rest_route=%2Fwp%2Fv2%2Fmedia&parent=19511"}],"wp:term":[{"taxonomy":"product_brand","embeddable":true,"href":"https:\/\/hutfactory.com\/index.php?rest_route=%2Fwp%2Fv2%2Fproduct_brand&post=19511"},{"taxonomy":"product_cat","embeddable":true,"href":"https:\/\/hutfactory.com\/index.php?rest_route=%2Fwp%2Fv2%2Fproduct_cat&post=19511"},{"taxonomy":"product_tag","embeddable":true,"href":"https:\/\/hutfactory.com\/index.php?rest_route=%2Fwp%2Fv2%2Fproduct_tag&post=19511"}],"curies":[{"name":"wp","href":"https:\/\/api.w.org\/{rel}","templated":true}]}}