{"id":19467,"date":"2026-03-10T12:54:51","date_gmt":"2026-03-10T12:54:51","guid":{"rendered":"https:\/\/hutfactory.com\/?product=schiebermuetze-karo-in-rot-natur"},"modified":"2026-03-12T04:17:19","modified_gmt":"2026-03-12T04:17:19","slug":"schiebermuetze-karo-in-rot-natur","status":"publish","type":"product","link":"https:\/\/hutfactory.com\/?product=schiebermuetze-karo-in-rot-natur","title":{"rendered":"Schieberm\u00fctze Karo in Rot\/Natur"},"content":{"rendered":"<h3 data-start=\"0\" data-end=\"72\"><strong>Ein Hauch britischer Nonchalance<\/strong><\/h3>\n<p data-start=\"74\" data-end=\"379\">Die <em data-start=\"78\" data-end=\"98\">Schieberm\u00fctze Karo<\/em> ist ein charakterstarkes Statement f\u00fcr alle, die klassische Muster lieben und ihnen gleichzeitig eine frische Note verleihen m\u00f6chten. Ihr fein gewebtes Karomuster in warmen Rot-, Blau-, Gr\u00fcn- und Naturt\u00f6nen bringt Leben in jedes Outfit \u2013 ohne sich in den Vordergrund zu dr\u00e4ngen.<\/p>\n<p data-start=\"381\" data-end=\"687\">Die k\u00f6rpernah geschnittene Form sorgt f\u00fcr eine elegante Passform, w\u00e4hrend das Materialgemisch aus Schurwoll-Viskose, Baumwolle und Polyester f\u00fcr eine ausgewogene Kombination aus Komfort, Formstabilit\u00e4t und Atmungsaktivit\u00e4t steht. Ob auf dem Land oder in der Stadt \u2013 diese M\u00fctze bringt Stil und Haltung mit.<\/p>\n<p data-start=\"689\" data-end=\"707\"><strong data-start=\"689\" data-end=\"707\">Perfekt f\u00fcr\u2026 <\/strong><\/p>\n<p data-start=\"709\" data-end=\"855\"><strong data-start=\"709\" data-end=\"736\">\u2600\ufe0f Sommerliche Anl\u00e4sse:<\/strong> Ideal f\u00fcr Fr\u00fchlings- und Sommertage mit k\u00fchler Brise \u2013 am See, auf der Terrasse oder beim Spaziergang durch Altst\u00e4dte.<\/p>\n<p data-start=\"857\" data-end=\"1013\"><strong data-start=\"857\" data-end=\"888\">  Stilvolle Freizeitlooks:<\/strong> Kombinieren Sie diese M\u00fctze zu Jeans, Leinenhemd oder Sakko \u2013 das Karomuster verleiht jedem Outfit eine modische Raffinesse.<\/p>\n<p data-start=\"1015\" data-end=\"1169\"><strong data-start=\"1015\" data-end=\"1045\">  Natur- und Modebewusst:<\/strong> Die Materialkombination setzt auf nat\u00fcrliche Fasern, europ\u00e4ische Handarbeit und verantwortungsvollen Umgang mit Ressourcen.<\/p>\n<div class=\"hf-accordions\">\n<hr class=\"hf-accordion-separator\" \/>\n<details class=\"hf-accordion\">\n<summary><strong>\u25b6\ufe0f Gut zu wissen \u2013 mehr erfahren<\/strong><\/summary>\n<div class=\"hf-accordion-content\">\n<h3 class=\"\" data-start=\"1403\" data-end=\"1431\">Produktbild Beschreibung<\/h3>\n<ul data-start=\"1433\" data-end=\"1869\">\n<li class=\"\" data-start=\"1433\" data-end=\"1516\">\n<p class=\"\" data-start=\"1435\" data-end=\"1516\"><strong data-start=\"1435\" data-end=\"1454\">Alternativtext:<\/strong> Schieberm\u00fctze im rot-naturfarbenen Karomuster aus Naturfasern<\/p>\n<\/li>\n<li class=\"\" data-start=\"1517\" data-end=\"1589\">\n<p class=\"\" data-start=\"1519\" data-end=\"1589\"><strong data-start=\"1519\" data-end=\"1529\">Titel:<\/strong> Schieberm\u00fctze Karo \u2013 in Rot-Natur, handgefertigt in Italien<\/p>\n<\/li>\n<li class=\"\" data-start=\"1590\" data-end=\"1703\">\n<p class=\"\" data-start=\"1592\" data-end=\"1703\"><strong data-start=\"1592\" data-end=\"1609\">Beschriftung:<\/strong> Karierte Schieberm\u00fctze aus Wolle, Baumwolle &#038; Polyester \u2013 gefertigt f\u00fcr die Risa Hutwerkstatt<\/p>\n<\/li>\n<li class=\"\" data-start=\"1704\" data-end=\"1869\">\n<p class=\"\" data-start=\"1706\" data-end=\"1869\"><strong data-start=\"1706\" data-end=\"1723\">Beschreibung:<\/strong> Feine Schieberm\u00fctze im klassischen Karomuster mit roter Garnitur, gefertigt in Italien nach Schweizer Design. Perfekt f\u00fcr stilvolle Sommer-Looks.<\/p>\n<\/li>\n<\/ul>\n<h3 class=\"\" data-start=\"1871\" data-end=\"1889\">Produkt-Tags<\/h3>\n<p class=\"\" data-start=\"1890\" data-end=\"2016\">Schieberm\u00fctze, Karomuster, kariert, Flatcap, Sommerm\u00fctze, Naturfarben, Rot, Herrenm\u00fctze, Damenm\u00fctze, Italienische Manufaktur<\/p>\n<h3 class=\"\" data-start=\"2018\" data-end=\"2045\">Eigenschaften &#038; Details<\/h3>\n<ul data-start=\"2047\" data-end=\"2440\">\n<li class=\"\" data-start=\"2047\" data-end=\"2162\">\n<p class=\"\" data-start=\"2049\" data-end=\"2162\"><strong data-start=\"2049\" data-end=\"2062\">Material:<\/strong> 51% Wolle-Viskose-Verbund (WVV) \/ 30% Baumwolle \/ 19% Polyester \u2013 bequem, robust und atmungsaktiv<\/p>\n<\/li>\n<li class=\"\" data-start=\"2163\" data-end=\"2261\">\n<p class=\"\" data-start=\"2165\" data-end=\"2261\"><strong data-start=\"2165\" data-end=\"2182\">Farboptionen:<\/strong> Naturgrundton mit Karomuster in Rot, Blau und Gr\u00fcn \u2013 vielseitig kombinierbar<\/p>\n<\/li>\n<li class=\"\" data-start=\"2262\" data-end=\"2326\">\n<p class=\"\" data-start=\"2264\" data-end=\"2326\"><strong data-start=\"2264\" data-end=\"2277\">Garnitur:<\/strong> Karo Rot \u2013 klassisch und zugleich trendbewusst<\/p>\n<\/li>\n<li class=\"\" data-start=\"2327\" data-end=\"2348\">\n<p class=\"\" data-start=\"2329\" data-end=\"2348\"><strong data-start=\"2329\" data-end=\"2340\">Gr\u00f6\u00dfen:<\/strong> 56\u201361<\/p>\n<\/li>\n<li class=\"\" data-start=\"2349\" data-end=\"2440\">\n<p class=\"\" data-start=\"2351\" data-end=\"2440\"><strong data-start=\"2351\" data-end=\"2367\">Schwei\u00dfband:<\/strong> Weiches, eingen\u00e4htes Textilinnenband \u2013 sorgt f\u00fcr einen angenehmen Sitz<\/p>\n<\/li>\n<\/ul>\n<h3 class=\"\" data-start=\"2442\" data-end=\"2467\">Design &#038; Verarbeitung<\/h3>\n<p class=\"\" data-start=\"2469\" data-end=\"2761\">Die klassische Flatcap-Form liegt eng an und folgt elegant der Kopfform. Das kleinteilige Karomuster wirkt aus der Ferne harmonisch und offenbart aus der N\u00e4he eine raffinierte Struktur. Die Verarbeitung ist pr\u00e4zise und von traditionellem Handwerk gepr\u00e4gt \u2013 mit Liebe zum Detail in jeder Naht.<\/p>\n<h3 class=\"\" data-start=\"2763\" data-end=\"2791\">Handgefertigt in Italien<\/h3>\n<p class=\"\" data-start=\"2793\" data-end=\"2995\">Basierend auf einem Original-Prototyp der Risa Hutwerkstatt wird diese M\u00fctze in einem spezialisierten Familienbetrieb in Italien vor der Saison gefertigt \u2013 ein echtes St\u00fcck europ\u00e4ischer Handwerkskultur.<\/p>\n<h3 class=\"\" data-start=\"2997\" data-end=\"3026\">Nachhaltigkeit &#038; Qualit\u00e4t<\/h3>\n<ul data-start=\"3028\" data-end=\"3273\">\n<li class=\"\" data-start=\"3028\" data-end=\"3111\">\n<p class=\"\" data-start=\"3030\" data-end=\"3111\"><strong data-start=\"3030\" data-end=\"3053\">Nachhaltige Stoffe:<\/strong> Kombination aus Naturfasern und langlebigem Materialmix<\/p>\n<\/li>\n<li class=\"\" data-start=\"3112\" data-end=\"3195\">\n<p class=\"\" data-start=\"3114\" data-end=\"3195\"><strong data-start=\"3114\" data-end=\"3129\">Handarbeit:<\/strong> Kleine Serien, keine Massenproduktion \u2013 jedes Modell ein Unikat<\/p>\n<\/li>\n<li class=\"\" data-start=\"3196\" data-end=\"3273\">\n<p class=\"\" data-start=\"3198\" data-end=\"3273\"><strong data-start=\"3198\" data-end=\"3212\">Langlebig:<\/strong> Pflegeleicht und formbest\u00e4ndig \u2013 gemacht f\u00fcr viele Saisons<\/p>\n<\/li>\n<\/ul>\n<h3 class=\"\" data-start=\"3275\" data-end=\"3300\">Herstellung &#038; Versand<\/h3>\n<ul data-start=\"3302\" data-end=\"3602\">\n<li class=\"\" data-start=\"3302\" data-end=\"3383\">\n<p class=\"\" data-start=\"3304\" data-end=\"3383\"><strong data-start=\"3304\" data-end=\"3318\">Fertigung:<\/strong> In kleiner Serie nach Schweizer Prototyp, gefertigt in Italien<\/p>\n<\/li>\n<li class=\"\" data-start=\"3384\" data-end=\"3461\">\n<p class=\"\" data-start=\"3386\" data-end=\"3461\"><strong data-start=\"3386\" data-end=\"3398\">Versand:<\/strong> Innerhalb weniger Tage nach Zahlungseingang ab Lager Schweiz<\/p>\n<\/li>\n<li class=\"\" data-start=\"3462\" data-end=\"3531\">\n<p class=\"\" data-start=\"3464\" data-end=\"3531\"><strong data-start=\"3464\" data-end=\"3477\">Garantie:<\/strong> Umtausch nur bei Material- oder Herstellungsfehlern<\/p>\n<\/li>\n<li class=\"\" data-start=\"3532\" data-end=\"3602\">\n<p class=\"\" data-start=\"3534\" data-end=\"3602\"><strong data-start=\"3534\" data-end=\"3552\">Verf\u00fcgbarkeit:<\/strong> Nur solange der Vorrat an Rohmaterialien reicht<\/p>\n<\/li>\n<\/ul>\n<\/div>\n<\/details>\n<details class=\"hf-accordion\">\n<summary><strong>\u25b6\ufe0f FAQ \u2013 H\u00e4ufige Fragen<\/strong><\/summary>\n<div class=\"hf-accordion-content\">\n<h3 class=\"\" data-start=\"3604\" data-end=\"3637\">FAQ \u2013 H\u00e4ufig gestellte Fragen<\/h3>\n<p class=\"\" data-start=\"3639\" data-end=\"3766\"><strong data-start=\"3639\" data-end=\"3677\">Ist das Karomuster sehr auff\u00e4llig?<\/strong><br data-start=\"3677\" data-end=\"3680\" \/>Nein \u2013 trotz der Farbigkeit wirkt es harmonisch und l\u00e4sst sich vielseitig kombinieren.<\/p>\n<p class=\"\" data-start=\"3768\" data-end=\"3923\"><strong data-start=\"3768\" data-end=\"3819\">F\u00fcr welche Temperaturen ist die M\u00fctze geeignet?<\/strong><br data-start=\"3819\" data-end=\"3822\" \/>Ideal f\u00fcr \u00dcbergangszeiten und nicht zu hei\u00dfe Sommertage \u2013 das Material ist leicht, aber strukturiert.<\/p>\n<p class=\"\" data-start=\"3925\" data-end=\"4045\"><strong data-start=\"3925\" data-end=\"3953\">Ist die Passform bequem?<\/strong><br data-start=\"3953\" data-end=\"3956\" \/>Ja \u2013 die k\u00f6rpernahe Form wird durch das Textilinnenband erg\u00e4nzt und bietet hohen Komfort.<\/p>\n<p class=\"\" data-start=\"4047\" data-end=\"4181\"><strong data-start=\"4047\" data-end=\"4103\">Kann die M\u00fctze von Damen und Herren getragen werden?<\/strong><br data-start=\"4103\" data-end=\"4106\" \/>Absolut \u2013 das Modell ist unisex designt und passt zu vielen Gesichtsformen.<\/p>\n<p class=\"\" data-start=\"4183\" data-end=\"4320\"><strong data-start=\"4183\" data-end=\"4220\">Gibt es eine R\u00fcckgabem\u00f6glichkeit?<\/strong><br data-start=\"4220\" data-end=\"4223\" \/>Nur bei M\u00e4ngeln \u2013 da es sich um eine Sonderanfertigung handelt, ist eine R\u00fcckgabe ausgeschlossen.<\/p>\n<\/div>\n<\/details>\n<\/div>\n","protected":false},"excerpt":{"rendered":"<h3 data-start=\"1221\" data-end=\"1264\"><strong>Textilkunst trifft auf moderne Eleganz<\/strong><\/h3>\n<p class=\"\" data-start=\"1266\" data-end=\"1401\">Diese M\u00fctze verbindet nostalgischen Charme mit modischem Esprit \u2013 ein Begleiter f\u00fcr stilvolle Individualisten, die auf Qualit\u00e4t setzen.<\/p>\n","protected":false},"featured_media":19468,"template":"","meta":{"_acf_changed":false,"rs_blank_template":"","rs_page_bg_color":"","slide_template_v7":""},"product_brand":[250],"product_cat":[692,445],"product_tag":[],"class_list":{"0":"post-19467","1":"product","2":"type-product","3":"status-publish","4":"has-post-thumbnail","6":"product_brand-risa-hutwerkstatt-schweiz","7":"product_cat-schiebermuetzen-sommermuetzen","8":"product_cat-sommermuetzen","9":"product_shipping_class-mittlere-pakete","10":"pa_color-rot","11":"pa_groesse-196","12":"pa_groesse-207","13":"pa_groesse-197","14":"pa_groesse-208","15":"pa_groesse-198","16":"pa_groesse-209","17":"pa_groesse-199","18":"pa_groesse-210","19":"yith_product_brand-risa-hutwerkstatt-schweiz","22":"instock","23":"taxable","24":"shipping-taxable","25":"purchasable","26":"product-type-variable","27":"wvs-archive-product-wrapper","28":"add-to-wishlist-after_add_to_cart"},"acf":[],"yoast_head":"<!-- This site is optimized with the Yoast SEO Premium plugin v27.3 (Yoast SEO v27.3) - https:\/\/yoast.com\/product\/yoast-seo-premium-wordpress\/ -->\n<title>Schieberm\u00fctze Karo \u2013 klassisch kariert in Rot-Natur<\/title>\n<meta name=\"description\" content=\"Schieberm\u00fctze im klassischen Karomuster in Rot-Natur. Handgefertigt in Italien \u2013 leicht, stilvoll &amp; ideal f\u00fcr urbane Sommerlooks.\" \/>\n<meta name=\"robots\" content=\"index, follow, max-snippet:-1, max-image-preview:large, max-video-preview:-1\" \/>\n<link rel=\"canonical\" href=\"https:\/\/hutfactory.com\/?product=schiebermuetze-karo-in-rot-natur\" \/>\n<meta property=\"og:locale\" content=\"de_DE\" \/>\n<meta property=\"og:type\" content=\"article\" \/>\n<meta property=\"og:title\" content=\"Schieberm\u00fctze Karo in Rot\/Natur\" \/>\n<meta property=\"og:description\" content=\"Schieberm\u00fctze im klassischen Karomuster in Rot-Natur. Handgefertigt in Italien \u2013 leicht, stilvoll &amp; ideal f\u00fcr urbane Sommerlooks.\" \/>\n<meta property=\"og:url\" content=\"https:\/\/hutfactory.com\/?product=schiebermuetze-karo-in-rot-natur\" \/>\n<meta property=\"og:site_name\" content=\"Hut Factory\" \/>\n<meta property=\"article:modified_time\" content=\"2026-03-12T04:17:19+00:00\" \/>\n<meta property=\"og:image\" content=\"https:\/\/hutfactory.com\/wp-content\/uploads\/2026\/03\/65443-scaled-e1668518388158-1.webp\" \/>\n\t<meta property=\"og:image:width\" content=\"750\" \/>\n\t<meta property=\"og:image:height\" content=\"750\" \/>\n\t<meta property=\"og:image:type\" content=\"image\/webp\" \/>\n<meta name=\"twitter:card\" content=\"summary_large_image\" \/>\n<meta name=\"twitter:label1\" content=\"Gesch\u00e4tzte Lesezeit\" \/>\n\t<meta name=\"twitter:data1\" content=\"3\u00a0Minuten\" \/>\n<script type=\"application\/ld+json\" class=\"yoast-schema-graph\">{\"@context\":\"https:\\\/\\\/schema.org\",\"@graph\":[{\"@type\":\"WebPage\",\"@id\":\"https:\\\/\\\/hutfactory.com\\\/?product=schiebermuetze-karo-in-rot-natur\",\"url\":\"https:\\\/\\\/hutfactory.com\\\/?product=schiebermuetze-karo-in-rot-natur\",\"name\":\"Schieberm\u00fctze Karo \u2013 klassisch kariert in Rot-Natur\",\"isPartOf\":{\"@id\":\"https:\\\/\\\/hutfactory.com\\\/#website\"},\"primaryImageOfPage\":{\"@id\":\"https:\\\/\\\/hutfactory.com\\\/?product=schiebermuetze-karo-in-rot-natur#primaryimage\"},\"image\":{\"@id\":\"https:\\\/\\\/hutfactory.com\\\/?product=schiebermuetze-karo-in-rot-natur#primaryimage\"},\"thumbnailUrl\":\"https:\\\/\\\/hutfactory.com\\\/wp-content\\\/uploads\\\/2026\\\/03\\\/65443-scaled-e1668518388158-1.webp\",\"datePublished\":\"2026-03-10T12:54:51+00:00\",\"dateModified\":\"2026-03-12T04:17:19+00:00\",\"description\":\"Schieberm\u00fctze im klassischen Karomuster in Rot-Natur. Handgefertigt in Italien \u2013 leicht, stilvoll & ideal f\u00fcr urbane Sommerlooks.\",\"breadcrumb\":{\"@id\":\"https:\\\/\\\/hutfactory.com\\\/?product=schiebermuetze-karo-in-rot-natur#breadcrumb\"},\"inLanguage\":\"de\",\"potentialAction\":[{\"@type\":\"ReadAction\",\"target\":[\"https:\\\/\\\/hutfactory.com\\\/?product=schiebermuetze-karo-in-rot-natur\"]}]},{\"@type\":\"ImageObject\",\"inLanguage\":\"de\",\"@id\":\"https:\\\/\\\/hutfactory.com\\\/?product=schiebermuetze-karo-in-rot-natur#primaryimage\",\"url\":\"https:\\\/\\\/hutfactory.com\\\/wp-content\\\/uploads\\\/2026\\\/03\\\/65443-scaled-e1668518388158-1.webp\",\"contentUrl\":\"https:\\\/\\\/hutfactory.com\\\/wp-content\\\/uploads\\\/2026\\\/03\\\/65443-scaled-e1668518388158-1.webp\",\"width\":750,\"height\":750,\"caption\":\"gefertigt in Italien nach Schweizer Design. Perfekt f\u00fcr stilvolle Sommer-Looks.|\"},{\"@type\":\"BreadcrumbList\",\"@id\":\"https:\\\/\\\/hutfactory.com\\\/?product=schiebermuetze-karo-in-rot-natur#breadcrumb\",\"itemListElement\":[{\"@type\":\"ListItem\",\"position\":1,\"name\":\"Start\",\"item\":\"https:\\\/\\\/hutfactory.com\\\/\"},{\"@type\":\"ListItem\",\"position\":2,\"name\":\"Shop\",\"item\":\"https:\\\/\\\/hutfactory.com\\\/?page_id=10\"},{\"@type\":\"ListItem\",\"position\":3,\"name\":\"Schieberm\u00fctze Karo in Rot\\\/Natur\"}]},{\"@type\":\"WebSite\",\"@id\":\"https:\\\/\\\/hutfactory.com\\\/#website\",\"url\":\"https:\\\/\\\/hutfactory.com\\\/\",\"name\":\"Hut Factory\",\"description\":\"H\u00fcte, Kappen &amp; M\u00fctzen in Top Swiss\\\/EU Qualit\u00e4t\",\"publisher\":{\"@id\":\"https:\\\/\\\/hutfactory.com\\\/#organization\"},\"alternateName\":\"Hut Shop\",\"potentialAction\":[{\"@type\":\"SearchAction\",\"target\":{\"@type\":\"EntryPoint\",\"urlTemplate\":\"https:\\\/\\\/hutfactory.com\\\/?s={search_term_string}\"},\"query-input\":{\"@type\":\"PropertyValueSpecification\",\"valueRequired\":true,\"valueName\":\"search_term_string\"}}],\"inLanguage\":\"de\"},{\"@type\":\"Organization\",\"@id\":\"https:\\\/\\\/hutfactory.com\\\/#organization\",\"name\":\"Hut Factory\",\"url\":\"https:\\\/\\\/hutfactory.com\\\/\",\"logo\":{\"@type\":\"ImageObject\",\"inLanguage\":\"de\",\"@id\":\"https:\\\/\\\/hutfactory.com\\\/#\\\/schema\\\/logo\\\/image\\\/\",\"url\":\"https:\\\/\\\/hutfactory.com\\\/wp-content\\\/uploads\\\/2026\\\/01\\\/Logo-hut-factory-1.webp\",\"contentUrl\":\"https:\\\/\\\/hutfactory.com\\\/wp-content\\\/uploads\\\/2026\\\/01\\\/Logo-hut-factory-1.webp\",\"width\":300,\"height\":262,\"caption\":\"Hut Factory\"},\"image\":{\"@id\":\"https:\\\/\\\/hutfactory.com\\\/#\\\/schema\\\/logo\\\/image\\\/\"}}]}<\/script>\n<!-- \/ Yoast SEO Premium plugin. -->","yoast_head_json":{"title":"Schieberm\u00fctze Karo \u2013 klassisch kariert in Rot-Natur","description":"Schieberm\u00fctze im klassischen Karomuster in Rot-Natur. Handgefertigt in Italien \u2013 leicht, stilvoll & ideal f\u00fcr urbane Sommerlooks.","robots":{"index":"index","follow":"follow","max-snippet":"max-snippet:-1","max-image-preview":"max-image-preview:large","max-video-preview":"max-video-preview:-1"},"canonical":"https:\/\/hutfactory.com\/?product=schiebermuetze-karo-in-rot-natur","og_locale":"de_DE","og_type":"article","og_title":"Schieberm\u00fctze Karo in Rot\/Natur","og_description":"Schieberm\u00fctze im klassischen Karomuster in Rot-Natur. Handgefertigt in Italien \u2013 leicht, stilvoll & ideal f\u00fcr urbane Sommerlooks.","og_url":"https:\/\/hutfactory.com\/?product=schiebermuetze-karo-in-rot-natur","og_site_name":"Hut Factory","article_modified_time":"2026-03-12T04:17:19+00:00","og_image":[{"width":750,"height":750,"url":"https:\/\/hutfactory.com\/wp-content\/uploads\/2026\/03\/65443-scaled-e1668518388158-1.webp","type":"image\/webp"}],"twitter_card":"summary_large_image","twitter_misc":{"Gesch\u00e4tzte Lesezeit":"3\u00a0Minuten"},"schema":{"@context":"https:\/\/schema.org","@graph":[{"@type":"WebPage","@id":"https:\/\/hutfactory.com\/?product=schiebermuetze-karo-in-rot-natur","url":"https:\/\/hutfactory.com\/?product=schiebermuetze-karo-in-rot-natur","name":"Schieberm\u00fctze Karo \u2013 klassisch kariert in Rot-Natur","isPartOf":{"@id":"https:\/\/hutfactory.com\/#website"},"primaryImageOfPage":{"@id":"https:\/\/hutfactory.com\/?product=schiebermuetze-karo-in-rot-natur#primaryimage"},"image":{"@id":"https:\/\/hutfactory.com\/?product=schiebermuetze-karo-in-rot-natur#primaryimage"},"thumbnailUrl":"https:\/\/hutfactory.com\/wp-content\/uploads\/2026\/03\/65443-scaled-e1668518388158-1.webp","datePublished":"2026-03-10T12:54:51+00:00","dateModified":"2026-03-12T04:17:19+00:00","description":"Schieberm\u00fctze im klassischen Karomuster in Rot-Natur. Handgefertigt in Italien \u2013 leicht, stilvoll & ideal f\u00fcr urbane Sommerlooks.","breadcrumb":{"@id":"https:\/\/hutfactory.com\/?product=schiebermuetze-karo-in-rot-natur#breadcrumb"},"inLanguage":"de","potentialAction":[{"@type":"ReadAction","target":["https:\/\/hutfactory.com\/?product=schiebermuetze-karo-in-rot-natur"]}]},{"@type":"ImageObject","inLanguage":"de","@id":"https:\/\/hutfactory.com\/?product=schiebermuetze-karo-in-rot-natur#primaryimage","url":"https:\/\/hutfactory.com\/wp-content\/uploads\/2026\/03\/65443-scaled-e1668518388158-1.webp","contentUrl":"https:\/\/hutfactory.com\/wp-content\/uploads\/2026\/03\/65443-scaled-e1668518388158-1.webp","width":750,"height":750,"caption":"gefertigt in Italien nach Schweizer Design. Perfekt f\u00fcr stilvolle Sommer-Looks.|"},{"@type":"BreadcrumbList","@id":"https:\/\/hutfactory.com\/?product=schiebermuetze-karo-in-rot-natur#breadcrumb","itemListElement":[{"@type":"ListItem","position":1,"name":"Start","item":"https:\/\/hutfactory.com\/"},{"@type":"ListItem","position":2,"name":"Shop","item":"https:\/\/hutfactory.com\/?page_id=10"},{"@type":"ListItem","position":3,"name":"Schieberm\u00fctze Karo in Rot\/Natur"}]},{"@type":"WebSite","@id":"https:\/\/hutfactory.com\/#website","url":"https:\/\/hutfactory.com\/","name":"Hut Factory","description":"H\u00fcte, Kappen &amp; M\u00fctzen in Top Swiss\/EU Qualit\u00e4t","publisher":{"@id":"https:\/\/hutfactory.com\/#organization"},"alternateName":"Hut Shop","potentialAction":[{"@type":"SearchAction","target":{"@type":"EntryPoint","urlTemplate":"https:\/\/hutfactory.com\/?s={search_term_string}"},"query-input":{"@type":"PropertyValueSpecification","valueRequired":true,"valueName":"search_term_string"}}],"inLanguage":"de"},{"@type":"Organization","@id":"https:\/\/hutfactory.com\/#organization","name":"Hut Factory","url":"https:\/\/hutfactory.com\/","logo":{"@type":"ImageObject","inLanguage":"de","@id":"https:\/\/hutfactory.com\/#\/schema\/logo\/image\/","url":"https:\/\/hutfactory.com\/wp-content\/uploads\/2026\/01\/Logo-hut-factory-1.webp","contentUrl":"https:\/\/hutfactory.com\/wp-content\/uploads\/2026\/01\/Logo-hut-factory-1.webp","width":300,"height":262,"caption":"Hut Factory"},"image":{"@id":"https:\/\/hutfactory.com\/#\/schema\/logo\/image\/"}}]}},"_links":{"self":[{"href":"https:\/\/hutfactory.com\/index.php?rest_route=\/wp\/v2\/product\/19467","targetHints":{"allow":["GET"]}}],"collection":[{"href":"https:\/\/hutfactory.com\/index.php?rest_route=\/wp\/v2\/product"}],"about":[{"href":"https:\/\/hutfactory.com\/index.php?rest_route=\/wp\/v2\/types\/product"}],"wp:featuredmedia":[{"embeddable":true,"href":"https:\/\/hutfactory.com\/index.php?rest_route=\/wp\/v2\/media\/19468"}],"wp:attachment":[{"href":"https:\/\/hutfactory.com\/index.php?rest_route=%2Fwp%2Fv2%2Fmedia&parent=19467"}],"wp:term":[{"taxonomy":"product_brand","embeddable":true,"href":"https:\/\/hutfactory.com\/index.php?rest_route=%2Fwp%2Fv2%2Fproduct_brand&post=19467"},{"taxonomy":"product_cat","embeddable":true,"href":"https:\/\/hutfactory.com\/index.php?rest_route=%2Fwp%2Fv2%2Fproduct_cat&post=19467"},{"taxonomy":"product_tag","embeddable":true,"href":"https:\/\/hutfactory.com\/index.php?rest_route=%2Fwp%2Fv2%2Fproduct_tag&post=19467"}],"curies":[{"name":"wp","href":"https:\/\/api.w.org\/{rel}","templated":true}]}}