{"id":19455,"date":"2026-03-10T12:54:51","date_gmt":"2026-03-10T12:54:51","guid":{"rendered":"https:\/\/hutfactory.com\/?product=sonnenschild-mit-badenixen"},"modified":"2026-03-12T04:09:00","modified_gmt":"2026-03-12T04:09:00","slug":"sonnenschild-mit-badenixen","status":"publish","type":"product","link":"https:\/\/hutfactory.com\/?product=sonnenschild-mit-badenixen","title":{"rendered":"Sonnenschild mit Badenixen"},"content":{"rendered":"<h3 class=\"\" data-start=\"0\" data-end=\"61\"><strong>Sonnenkuss mit Stil: Das Sonnenschild mit Badenixen-Print<\/strong><\/h3>\n<p class=\"\" data-start=\"63\" data-end=\"531\">Ein Hauch Nostalgie trifft auf frechen Sommer-Charme \u2013 das <strong data-start=\"122\" data-end=\"152\">Sonnenschild mit Badenixen<\/strong> ist ein echtes It-Piece f\u00fcr stilbewusste Sonnenliebhaber:innen. Mit seinem fantasievollen, himmelblauen Print voller illustrativer Badenixen verleiht dieses Modell jedem Sommerlook eine spielerische Note. Die weiche Baumwolle schmiegt sich angenehm an die Stirn, w\u00e4hrend die elegant geschwungene Krempe das Gesicht zuverl\u00e4ssig vor der Sonne sch\u00fctzt \u2013 modisch, leicht und luftig.<\/p>\n<p class=\"\" data-start=\"533\" data-end=\"896\"><strong data-start=\"533\" data-end=\"551\">Perfekt f\u00fcr\u2026 <\/strong><br data-start=\"551\" data-end=\"554\" \/><strong data-start=\"554\" data-end=\"581\">\u2600\ufe0f Sommerliche Anl\u00e4sse:<\/strong> Ob beim Sonnenbad, auf dem Markt oder im Eiscaf\u00e9 \u2013 dieses Schild ist ein garantierter Blickfang.<br data-start=\"678\" data-end=\"681\" \/><strong data-start=\"681\" data-end=\"706\">  Freizeit &#038; Urlaub:<\/strong> Leicht verstaubar, ideal f\u00fcr unterwegs \u2013 und das mit einem Hauch Vintage-Charme.<br data-start=\"787\" data-end=\"790\" \/><strong data-start=\"790\" data-end=\"820\">  Natur- und Modebewusst:<\/strong> Aus 100% Baumwolle gefertigt \u2013 nachhaltig, langlebig und mit Liebe gemacht.<\/p>\n<div class=\"hf-accordions\">\n<hr class=\"hf-accordion-separator\" \/>\n<details class=\"hf-accordion\">\n<summary><strong>\u25b6\ufe0f Gut zu wissen \u2013 mehr erfahren<\/strong><\/summary>\n<div class=\"hf-accordion-content\">\n<h3 class=\"\" data-start=\"1793\" data-end=\"1822\">Eigenschaften &#038; Details<\/h3>\n<p class=\"\" data-start=\"1823\" data-end=\"2189\"><strong data-start=\"1823\" data-end=\"1836\">Material:<\/strong> 100 % Baumwolle \u2013 atmungsaktiv, weich und hautfreundlich<br data-start=\"1893\" data-end=\"1896\" \/><strong data-start=\"1896\" data-end=\"1907\">Farben:<\/strong> Ciel mit verspieltem Print in Rot, Beige und Schwarz<br data-start=\"1960\" data-end=\"1963\" \/><strong data-start=\"1963\" data-end=\"1974\">Gr\u00f6\u00dfen:<\/strong> 56 (55\u201356), 58 (57\u201358), 60 (59\u201360)<br data-start=\"2009\" data-end=\"2012\" \/><strong data-start=\"2012\" data-end=\"2025\">Garnitur:<\/strong> Schlaufen am Hinterkopf zur individuellen Gr\u00f6\u00dfenanpassung mit Schleifenbindung<br data-start=\"2104\" data-end=\"2107\" \/><strong data-start=\"2107\" data-end=\"2124\">Schweissband:<\/strong> Hochwertiges, eingen\u00e4htes Textilband f\u00fcr angenehmen Tragekomfort<\/p>\n<h3 class=\"\" data-start=\"2191\" data-end=\"2218\">Design &#038; Verarbeitung<\/h3>\n<p class=\"\" data-start=\"2219\" data-end=\"2473\">Das Design verbindet Funktion mit Modebewusstsein: Die breite, stabile Schildform bietet effektiven Sonnenschutz, w\u00e4hrend die Bindeschlaufe nicht nur praktisch ist, sondern auch als dekoratives Detail fungiert. Ein leichtes Accessoire mit gro\u00dfer Wirkung.<\/p>\n<h3 class=\"\" data-start=\"2475\" data-end=\"2528\">Handgefertigt in Italien im Auftrag der Schweiz<\/h3>\n<p class=\"\" data-start=\"2529\" data-end=\"2732\">Basierend auf einem Entwurf der Risa Hutwerkstatt wird dieses Modell mit viel Sorgfalt und in kleiner Serie bei einem italienischen Familienbetrieb gefertigt \u2013 europ\u00e4ische Handwerkskunst, die begeistert.<\/p>\n<h3 class=\"\" data-start=\"2734\" data-end=\"2765\">Nachhaltigkeit &#038; Qualit\u00e4t<\/h3>\n<p class=\"\" data-start=\"2766\" data-end=\"3007\"><strong data-start=\"2766\" data-end=\"2786\">Reine Baumwolle:<\/strong> Nat\u00fcrlich, umweltschonend und hautsympathisch<br data-start=\"2832\" data-end=\"2835\" \/><strong data-start=\"2835\" data-end=\"2857\">Handwerk &#038; Detail:<\/strong> Mit Liebe in kleinen St\u00fcckzahlen gefertigt<br data-start=\"2900\" data-end=\"2903\" \/><strong data-start=\"2903\" data-end=\"2925\">Zeitlose Qualit\u00e4t:<\/strong> Robuste Materialien und sorgf\u00e4ltige Verarbeitung sorgen f\u00fcr langanhaltende Freude<\/p>\n<h3 class=\"\" data-start=\"3009\" data-end=\"3036\">Herstellung &#038; Versand<\/h3>\n<p class=\"\" data-start=\"3037\" data-end=\"3369\"><strong data-start=\"3037\" data-end=\"3051\">Fertigung:<\/strong> Vor der Saison in kleiner Serie nach Prototyp der Schweizer Hutwerkstatt<br data-start=\"3124\" data-end=\"3127\" \/><strong data-start=\"3127\" data-end=\"3139\">Versand:<\/strong> Innerhalb weniger Tage nach Zahlungseingang aus der Schweiz<br data-start=\"3199\" data-end=\"3202\" \/><strong data-start=\"3202\" data-end=\"3215\">Umtausch:<\/strong> Nur bei Material- oder Herstellungsfehlern<br data-start=\"3258\" data-end=\"3261\" \/><strong data-start=\"3261\" data-end=\"3279\">Verf\u00fcgbarkeit:<\/strong> Nur solange der Vorrat reicht \u2013 limitierte Auflage aufgrund begrenzter Stoffverf\u00fcgbarkeit<\/p>\n<\/div>\n<\/details>\n<details class=\"hf-accordion\">\n<summary><strong>\u25b6\ufe0f FAQ \u2013 H\u00e4ufige Fragen<\/strong><\/summary>\n<div class=\"hf-accordion-content\">\n<h3 class=\"\" data-start=\"3371\" data-end=\"3404\">FAQ (H\u00e4ufig gestellte Fragen)<\/h3>\n<p class=\"\" data-start=\"3406\" data-end=\"3536\"><strong data-start=\"3406\" data-end=\"3444\">Ist das Schild gr\u00f6ssenverstellbar?<\/strong><br data-start=\"3444\" data-end=\"3447\" \/>Ja, dank der eleganten Bindeschlaufen am Hinterkopf kann es individuell angepasst werden.<\/p>\n<p class=\"\" data-start=\"3538\" data-end=\"3670\"><strong data-start=\"3538\" data-end=\"3582\">Kann ich das Modell unterwegs verstauen?<\/strong><br data-start=\"3582\" data-end=\"3585\" \/>Ja, es l\u00e4sst sich leicht zusammenrollen und im Gep\u00e4ck verstauen \u2013 perfekt f\u00fcr Reisen.<\/p>\n<p class=\"\" data-start=\"3672\" data-end=\"3809\"><strong data-start=\"3672\" data-end=\"3698\">Ist das Modell unisex?<\/strong><br data-start=\"3698\" data-end=\"3701\" \/>Definitiv! Wer Freude an originellen Accessoires hat, wird dieses Schild lieben \u2013 unabh\u00e4ngig vom Geschlecht.<\/p>\n<p class=\"\" data-start=\"3811\" data-end=\"3932\"><strong data-start=\"3811\" data-end=\"3842\">Wie pflege ich das Produkt?<\/strong><br data-start=\"3842\" data-end=\"3845\" \/>Am besten per Hand oder bei niedriger Temperatur waschen. Nicht bleichen oder trocknen.<\/p>\n<p class=\"\" data-start=\"3934\" data-end=\"4077\"><strong data-start=\"3934\" data-end=\"3983\">Sch\u00fctzt das Schild zuverl\u00e4ssig vor der Sonne?<\/strong><br data-start=\"3983\" data-end=\"3986\" \/>Ja, der breite, leicht gebogene Schild spendet Schatten f\u00fcr Stirn, Augenpartie und Gesicht.<\/p>\n<\/div>\n<\/details>\n<\/div>\n","protected":false},"excerpt":{"rendered":"<h3 class=\"\" data-start=\"962\" data-end=\"1034\"><strong>Verspielter Print, praktische Eleganz \u2013 ein Must-have f\u00fcr den Sommer<\/strong><\/h3>\n<p class=\"\" data-start=\"1036\" data-end=\"1203\">Mit seinem charmanten Design und der durchdachten Verarbeitung wird dieses Sonnenschild zum stilvollen Schutz vor der Sonne \u2013 ganz ohne Kompromisse in Sachen \u00c4sthetik.<\/p>\n","protected":false},"featured_media":19456,"template":"","meta":{"_acf_changed":false,"rs_blank_template":"","rs_page_bg_color":"","slide_template_v7":""},"product_brand":[250],"product_cat":[445,693],"product_tag":[],"class_list":{"0":"post-19455","1":"product","2":"type-product","3":"status-publish","4":"has-post-thumbnail","6":"product_brand-risa-hutwerkstatt-schweiz","7":"product_cat-sommermuetzen","8":"product_cat-visoren-sommermuetzen","9":"product_shipping_class-mittlere-pakete","10":"pa_color-ciel","11":"pa_groesse-56-55-56","12":"pa_groesse-58-57-58","13":"pa_groesse-60-59-60","14":"yith_product_brand-risa-hutwerkstatt-schweiz","17":"instock","18":"taxable","19":"shipping-taxable","20":"purchasable","21":"product-type-variable","22":"wvs-archive-product-wrapper","23":"add-to-wishlist-after_add_to_cart"},"acf":[],"yoast_head":"<!-- This site is optimized with the Yoast SEO Premium plugin v27.3 (Yoast SEO v27.3) - https:\/\/yoast.com\/product\/yoast-seo-premium-wordpress\/ -->\n<title>Sonnenschild Badenixen \u2013 Sommer-Visor mit Print &amp; Schleife<\/title>\n<meta name=\"description\" content=\"Freches Sonnenschild mit charmantem Print in Himmelblau. Handgefertigt aus Baumwolle mit verstellbarer Schleife \u2013 leicht, luftig &amp; sommerlich elegant.\" \/>\n<meta name=\"robots\" content=\"index, follow, max-snippet:-1, max-image-preview:large, max-video-preview:-1\" \/>\n<link rel=\"canonical\" href=\"https:\/\/hutfactory.com\/?product=sonnenschild-mit-badenixen\" \/>\n<meta property=\"og:locale\" content=\"de_DE\" \/>\n<meta property=\"og:type\" content=\"article\" \/>\n<meta property=\"og:title\" content=\"Sonnenschild mit Badenixen\" \/>\n<meta property=\"og:description\" content=\"Freches Sonnenschild mit charmantem Print in Himmelblau. Handgefertigt aus Baumwolle mit verstellbarer Schleife \u2013 leicht, luftig &amp; sommerlich elegant.\" \/>\n<meta property=\"og:url\" content=\"https:\/\/hutfactory.com\/?product=sonnenschild-mit-badenixen\" \/>\n<meta property=\"og:site_name\" content=\"Hut Factory\" \/>\n<meta property=\"article:modified_time\" content=\"2026-03-12T04:09:00+00:00\" \/>\n<meta property=\"og:image\" content=\"https:\/\/hutfactory.com\/wp-content\/uploads\/2026\/03\/42943-scaled-e1668518561625.webp\" \/>\n\t<meta property=\"og:image:width\" content=\"750\" \/>\n\t<meta property=\"og:image:height\" content=\"750\" \/>\n\t<meta property=\"og:image:type\" content=\"image\/webp\" \/>\n<meta name=\"twitter:card\" content=\"summary_large_image\" \/>\n<meta name=\"twitter:label1\" content=\"Gesch\u00e4tzte Lesezeit\" \/>\n\t<meta name=\"twitter:data1\" content=\"2\u00a0Minuten\" \/>\n<script type=\"application\/ld+json\" class=\"yoast-schema-graph\">{\"@context\":\"https:\\\/\\\/schema.org\",\"@graph\":[{\"@type\":\"WebPage\",\"@id\":\"https:\\\/\\\/hutfactory.com\\\/?product=sonnenschild-mit-badenixen\",\"url\":\"https:\\\/\\\/hutfactory.com\\\/?product=sonnenschild-mit-badenixen\",\"name\":\"Sonnenschild Badenixen \u2013 Sommer-Visor mit Print & Schleife\",\"isPartOf\":{\"@id\":\"https:\\\/\\\/hutfactory.com\\\/#website\"},\"primaryImageOfPage\":{\"@id\":\"https:\\\/\\\/hutfactory.com\\\/?product=sonnenschild-mit-badenixen#primaryimage\"},\"image\":{\"@id\":\"https:\\\/\\\/hutfactory.com\\\/?product=sonnenschild-mit-badenixen#primaryimage\"},\"thumbnailUrl\":\"https:\\\/\\\/hutfactory.com\\\/wp-content\\\/uploads\\\/2026\\\/03\\\/42943-scaled-e1668518561625.webp\",\"datePublished\":\"2026-03-10T12:54:51+00:00\",\"dateModified\":\"2026-03-12T04:09:00+00:00\",\"description\":\"Freches Sonnenschild mit charmantem Print in Himmelblau. Handgefertigt aus Baumwolle mit verstellbarer Schleife \u2013 leicht, luftig & sommerlich elegant.\",\"breadcrumb\":{\"@id\":\"https:\\\/\\\/hutfactory.com\\\/?product=sonnenschild-mit-badenixen#breadcrumb\"},\"inLanguage\":\"de\",\"potentialAction\":[{\"@type\":\"ReadAction\",\"target\":[\"https:\\\/\\\/hutfactory.com\\\/?product=sonnenschild-mit-badenixen\"]}]},{\"@type\":\"ImageObject\",\"inLanguage\":\"de\",\"@id\":\"https:\\\/\\\/hutfactory.com\\\/?product=sonnenschild-mit-badenixen#primaryimage\",\"url\":\"https:\\\/\\\/hutfactory.com\\\/wp-content\\\/uploads\\\/2026\\\/03\\\/42943-scaled-e1668518561625.webp\",\"contentUrl\":\"https:\\\/\\\/hutfactory.com\\\/wp-content\\\/uploads\\\/2026\\\/03\\\/42943-scaled-e1668518561625.webp\",\"width\":750,\"height\":750,\"caption\":\"Handgefertigtes Sonnenschild mit fantasievollem Print und verstellbarer Schleife \u2013 gefertigt in Italien im Auftrag der Schweizer Hutwerkstatt Risa.|\"},{\"@type\":\"BreadcrumbList\",\"@id\":\"https:\\\/\\\/hutfactory.com\\\/?product=sonnenschild-mit-badenixen#breadcrumb\",\"itemListElement\":[{\"@type\":\"ListItem\",\"position\":1,\"name\":\"Start\",\"item\":\"https:\\\/\\\/hutfactory.com\\\/\"},{\"@type\":\"ListItem\",\"position\":2,\"name\":\"Shop\",\"item\":\"https:\\\/\\\/hutfactory.com\\\/?page_id=10\"},{\"@type\":\"ListItem\",\"position\":3,\"name\":\"Sonnenschild mit Badenixen\"}]},{\"@type\":\"WebSite\",\"@id\":\"https:\\\/\\\/hutfactory.com\\\/#website\",\"url\":\"https:\\\/\\\/hutfactory.com\\\/\",\"name\":\"Hut Factory\",\"description\":\"H\u00fcte, Kappen &amp; M\u00fctzen in Top Swiss\\\/EU Qualit\u00e4t\",\"publisher\":{\"@id\":\"https:\\\/\\\/hutfactory.com\\\/#organization\"},\"alternateName\":\"Hut Shop\",\"potentialAction\":[{\"@type\":\"SearchAction\",\"target\":{\"@type\":\"EntryPoint\",\"urlTemplate\":\"https:\\\/\\\/hutfactory.com\\\/?s={search_term_string}\"},\"query-input\":{\"@type\":\"PropertyValueSpecification\",\"valueRequired\":true,\"valueName\":\"search_term_string\"}}],\"inLanguage\":\"de\"},{\"@type\":\"Organization\",\"@id\":\"https:\\\/\\\/hutfactory.com\\\/#organization\",\"name\":\"Hut Factory\",\"url\":\"https:\\\/\\\/hutfactory.com\\\/\",\"logo\":{\"@type\":\"ImageObject\",\"inLanguage\":\"de\",\"@id\":\"https:\\\/\\\/hutfactory.com\\\/#\\\/schema\\\/logo\\\/image\\\/\",\"url\":\"https:\\\/\\\/hutfactory.com\\\/wp-content\\\/uploads\\\/2026\\\/01\\\/Logo-hut-factory-1.webp\",\"contentUrl\":\"https:\\\/\\\/hutfactory.com\\\/wp-content\\\/uploads\\\/2026\\\/01\\\/Logo-hut-factory-1.webp\",\"width\":300,\"height\":262,\"caption\":\"Hut Factory\"},\"image\":{\"@id\":\"https:\\\/\\\/hutfactory.com\\\/#\\\/schema\\\/logo\\\/image\\\/\"}}]}<\/script>\n<!-- \/ Yoast SEO Premium plugin. -->","yoast_head_json":{"title":"Sonnenschild Badenixen \u2013 Sommer-Visor mit Print & Schleife","description":"Freches Sonnenschild mit charmantem Print in Himmelblau. Handgefertigt aus Baumwolle mit verstellbarer Schleife \u2013 leicht, luftig & sommerlich elegant.","robots":{"index":"index","follow":"follow","max-snippet":"max-snippet:-1","max-image-preview":"max-image-preview:large","max-video-preview":"max-video-preview:-1"},"canonical":"https:\/\/hutfactory.com\/?product=sonnenschild-mit-badenixen","og_locale":"de_DE","og_type":"article","og_title":"Sonnenschild mit Badenixen","og_description":"Freches Sonnenschild mit charmantem Print in Himmelblau. Handgefertigt aus Baumwolle mit verstellbarer Schleife \u2013 leicht, luftig & sommerlich elegant.","og_url":"https:\/\/hutfactory.com\/?product=sonnenschild-mit-badenixen","og_site_name":"Hut Factory","article_modified_time":"2026-03-12T04:09:00+00:00","og_image":[{"width":750,"height":750,"url":"https:\/\/hutfactory.com\/wp-content\/uploads\/2026\/03\/42943-scaled-e1668518561625.webp","type":"image\/webp"}],"twitter_card":"summary_large_image","twitter_misc":{"Gesch\u00e4tzte Lesezeit":"2\u00a0Minuten"},"schema":{"@context":"https:\/\/schema.org","@graph":[{"@type":"WebPage","@id":"https:\/\/hutfactory.com\/?product=sonnenschild-mit-badenixen","url":"https:\/\/hutfactory.com\/?product=sonnenschild-mit-badenixen","name":"Sonnenschild Badenixen \u2013 Sommer-Visor mit Print & Schleife","isPartOf":{"@id":"https:\/\/hutfactory.com\/#website"},"primaryImageOfPage":{"@id":"https:\/\/hutfactory.com\/?product=sonnenschild-mit-badenixen#primaryimage"},"image":{"@id":"https:\/\/hutfactory.com\/?product=sonnenschild-mit-badenixen#primaryimage"},"thumbnailUrl":"https:\/\/hutfactory.com\/wp-content\/uploads\/2026\/03\/42943-scaled-e1668518561625.webp","datePublished":"2026-03-10T12:54:51+00:00","dateModified":"2026-03-12T04:09:00+00:00","description":"Freches Sonnenschild mit charmantem Print in Himmelblau. Handgefertigt aus Baumwolle mit verstellbarer Schleife \u2013 leicht, luftig & sommerlich elegant.","breadcrumb":{"@id":"https:\/\/hutfactory.com\/?product=sonnenschild-mit-badenixen#breadcrumb"},"inLanguage":"de","potentialAction":[{"@type":"ReadAction","target":["https:\/\/hutfactory.com\/?product=sonnenschild-mit-badenixen"]}]},{"@type":"ImageObject","inLanguage":"de","@id":"https:\/\/hutfactory.com\/?product=sonnenschild-mit-badenixen#primaryimage","url":"https:\/\/hutfactory.com\/wp-content\/uploads\/2026\/03\/42943-scaled-e1668518561625.webp","contentUrl":"https:\/\/hutfactory.com\/wp-content\/uploads\/2026\/03\/42943-scaled-e1668518561625.webp","width":750,"height":750,"caption":"Handgefertigtes Sonnenschild mit fantasievollem Print und verstellbarer Schleife \u2013 gefertigt in Italien im Auftrag der Schweizer Hutwerkstatt Risa.|"},{"@type":"BreadcrumbList","@id":"https:\/\/hutfactory.com\/?product=sonnenschild-mit-badenixen#breadcrumb","itemListElement":[{"@type":"ListItem","position":1,"name":"Start","item":"https:\/\/hutfactory.com\/"},{"@type":"ListItem","position":2,"name":"Shop","item":"https:\/\/hutfactory.com\/?page_id=10"},{"@type":"ListItem","position":3,"name":"Sonnenschild mit Badenixen"}]},{"@type":"WebSite","@id":"https:\/\/hutfactory.com\/#website","url":"https:\/\/hutfactory.com\/","name":"Hut Factory","description":"H\u00fcte, Kappen &amp; M\u00fctzen in Top Swiss\/EU Qualit\u00e4t","publisher":{"@id":"https:\/\/hutfactory.com\/#organization"},"alternateName":"Hut Shop","potentialAction":[{"@type":"SearchAction","target":{"@type":"EntryPoint","urlTemplate":"https:\/\/hutfactory.com\/?s={search_term_string}"},"query-input":{"@type":"PropertyValueSpecification","valueRequired":true,"valueName":"search_term_string"}}],"inLanguage":"de"},{"@type":"Organization","@id":"https:\/\/hutfactory.com\/#organization","name":"Hut Factory","url":"https:\/\/hutfactory.com\/","logo":{"@type":"ImageObject","inLanguage":"de","@id":"https:\/\/hutfactory.com\/#\/schema\/logo\/image\/","url":"https:\/\/hutfactory.com\/wp-content\/uploads\/2026\/01\/Logo-hut-factory-1.webp","contentUrl":"https:\/\/hutfactory.com\/wp-content\/uploads\/2026\/01\/Logo-hut-factory-1.webp","width":300,"height":262,"caption":"Hut Factory"},"image":{"@id":"https:\/\/hutfactory.com\/#\/schema\/logo\/image\/"}}]}},"_links":{"self":[{"href":"https:\/\/hutfactory.com\/index.php?rest_route=\/wp\/v2\/product\/19455","targetHints":{"allow":["GET"]}}],"collection":[{"href":"https:\/\/hutfactory.com\/index.php?rest_route=\/wp\/v2\/product"}],"about":[{"href":"https:\/\/hutfactory.com\/index.php?rest_route=\/wp\/v2\/types\/product"}],"wp:featuredmedia":[{"embeddable":true,"href":"https:\/\/hutfactory.com\/index.php?rest_route=\/wp\/v2\/media\/19456"}],"wp:attachment":[{"href":"https:\/\/hutfactory.com\/index.php?rest_route=%2Fwp%2Fv2%2Fmedia&parent=19455"}],"wp:term":[{"taxonomy":"product_brand","embeddable":true,"href":"https:\/\/hutfactory.com\/index.php?rest_route=%2Fwp%2Fv2%2Fproduct_brand&post=19455"},{"taxonomy":"product_cat","embeddable":true,"href":"https:\/\/hutfactory.com\/index.php?rest_route=%2Fwp%2Fv2%2Fproduct_cat&post=19455"},{"taxonomy":"product_tag","embeddable":true,"href":"https:\/\/hutfactory.com\/index.php?rest_route=%2Fwp%2Fv2%2Fproduct_tag&post=19455"}],"curies":[{"name":"wp","href":"https:\/\/api.w.org\/{rel}","templated":true}]}}