{"id":19432,"date":"2026-03-10T12:54:51","date_gmt":"2026-03-10T12:54:51","guid":{"rendered":"https:\/\/hutfactory.com\/?product=schildmuetze-marine-feelings"},"modified":"2026-03-10T12:59:57","modified_gmt":"2026-03-10T12:59:57","slug":"schildmuetze-marine-feelings","status":"publish","type":"product","link":"https:\/\/hutfactory.com\/?product=schildmuetze-marine-feelings","title":{"rendered":"Schildm\u00fctze Marine Feelings"},"content":{"rendered":"<h3 class=\"\" data-start=\"0\" data-end=\"76\"><strong>Maritimer Klassiker mit sommerlichem Twist \u2013 <em data-start=\"49\" data-end=\"76\">Camaret &#8220;Marine Feelings&#8221;<\/em><\/strong><\/h3>\n<p class=\"\" data-start=\"78\" data-end=\"527\">Mit der <em data-start=\"86\" data-end=\"113\">Camaret &#8220;Marine Feelings&#8221;<\/em> erleben klassische Schifferm\u00fctzen einen sommerlichen Relaunch \u2013 authentisch, luftig und stilvoll zugleich. Diese handgefertigte M\u00fctze vereint robusten Stoff in maritimer Struktur mit einem nat\u00fcrlichen Strohschild und bringt damit einen Hauch von K\u00fcstenflair in die City. Die beige Kordelgarnitur mit dekorativem Knopf verleiht dem Modell eine charmant nostalgische Note und unterstreicht den nautischen Charakter.<\/p>\n<p class=\"\" data-start=\"529\" data-end=\"855\">Das Material aus 90% strukturiertem Stoff (AC-SE) und 10% Weizenstroh sorgt f\u00fcr angenehme Leichtigkeit und Formstabilit\u00e4t. Das breite, sonnenabweisende Schild aus geflochtenem Stroh mit einem Durchmesser von 21.5 cm bietet optimalen Schutz \u2013 perfekt f\u00fcr windige Hafenpromenaden, sonnige Caf\u00e9terrassen oder urbane Spazierg\u00e4nge.<\/p>\n<p class=\"\" data-start=\"857\" data-end=\"875\"><strong data-start=\"857\" data-end=\"875\">Perfekt f\u00fcr\u2026 <\/strong><\/p>\n<p class=\"\" data-start=\"877\" data-end=\"1019\"><strong data-start=\"877\" data-end=\"904\">\u2600\ufe0f Sommerliche Anl\u00e4sse:<\/strong> Vom K\u00fcstenspaziergang bis zur Sommerparty im Innenhof \u2013 diese M\u00fctze ist ein stilvoller Sonnenschutz mit Charakter.<\/p>\n<p class=\"\" data-start=\"1021\" data-end=\"1171\"><strong data-start=\"1021\" data-end=\"1055\">  Maritim inspirierte Events:<\/strong> Ideal f\u00fcr Hafenfeste, Segeltage, Yachtclubs oder einfach, um den eigenen Look mit einem Hauch Seebrise zu veredeln.<\/p>\n<p class=\"\" data-start=\"1173\" data-end=\"1338\"><strong data-start=\"1173\" data-end=\"1203\">  Natur- und Modebewusst:<\/strong> Wer Wert auf authentische Materialien, handwerkliche Fertigung und langlebige Qualit\u00e4t legt, wird an diesem Modell seine Freude haben.<\/p>\n<div class=\"hf-accordions\">\n<hr class=\"hf-accordion-separator\" \/>\n<details class=\"hf-accordion\">\n<summary><strong>\u25b6\ufe0f Gut zu wissen \u2013 mehr erfahren<\/strong><\/summary>\n<div class=\"hf-accordion-content\">\n<h3 class=\"\" data-start=\"2314\" data-end=\"2341\">Eigenschaften &#038; Details<\/h3>\n<ul data-start=\"2343\" data-end=\"2882\">\n<li class=\"\" data-start=\"2343\" data-end=\"2460\">\n<p class=\"\" data-start=\"2345\" data-end=\"2460\"><strong data-start=\"2345\" data-end=\"2358\">Material:<\/strong> 90% Stoff (AC-SE) \/ 10% Weizenstroh \u2013 strukturierter Stoff kombiniert mit sommerlicher Leichtigkeit<\/p>\n<\/li>\n<li class=\"\" data-start=\"2461\" data-end=\"2551\">\n<p class=\"\" data-start=\"2463\" data-end=\"2551\"><strong data-start=\"2463\" data-end=\"2474\">Schild:<\/strong> Gro\u00dfer Strohteller mit 21.5 cm Durchmesser \u2013 luftig, stilvoll &#038; funktional<\/p>\n<\/li>\n<li class=\"\" data-start=\"2552\" data-end=\"2609\">\n<p class=\"\" data-start=\"2554\" data-end=\"2609\"><strong data-start=\"2554\" data-end=\"2571\">Farboptionen:<\/strong> Marineblau (Korpus), Natur (Schild)<\/p>\n<\/li>\n<li class=\"\" data-start=\"2610\" data-end=\"2716\">\n<p class=\"\" data-start=\"2612\" data-end=\"2716\"><strong data-start=\"2612\" data-end=\"2625\">Garnitur:<\/strong> Beigefarbene Kordel seitlich fixiert mit Zierknopf \u2013 dezenter Blickfang mit Retro-Charme<\/p>\n<\/li>\n<li class=\"\" data-start=\"2717\" data-end=\"2815\">\n<p class=\"\" data-start=\"2719\" data-end=\"2815\"><strong data-start=\"2719\" data-end=\"2735\">Schwei\u00dfband:<\/strong> Sauber eingen\u00e4htes Textilinnenband f\u00fcr angenehmes Tragen auch an hei\u00dfen Tagen<\/p>\n<\/li>\n<li class=\"\" data-start=\"2816\" data-end=\"2882\">\n<p class=\"\" data-start=\"2818\" data-end=\"2882\"><strong data-start=\"2818\" data-end=\"2829\">Gr\u00f6\u00dfen:<\/strong> 54\u201362 \u2013 optimaler Sitz f\u00fcr verschiedene Kopfformen<\/p>\n<\/li>\n<\/ul>\n<h3 class=\"\" data-start=\"2884\" data-end=\"2909\">Design &#038; Verarbeitung<\/h3>\n<p class=\"\" data-start=\"2911\" data-end=\"3294\">Die M\u00fctze besticht durch ihre traditionelle Schifferform mit modernem Update: Der strukturierte Oberstoff in tiefem Marineblau wird elegant durch die naturfarbene Krempe aus Stroh gebrochen. Die seitlich platzierte Kordel mit Knopf erinnert an nautische Uniformelemente, bleibt aber feminin und alltagstauglich. Jede M\u00fctze wird in sorgf\u00e4ltiger Handarbeit in kleinen Serien gefertigt.<\/p>\n<h3 class=\"\" data-start=\"3296\" data-end=\"3328\">Handgefertigt in der Schweiz<\/h3>\n<p class=\"\" data-start=\"3330\" data-end=\"3652\"><em data-start=\"3330\" data-end=\"3357\">Camaret &#8220;Marine Feelings&#8221;<\/em> wird exklusiv f\u00fcr die Schweizer Hutmanufaktur Risa in einem spezialisierten Atelier im Herzen Europas hergestellt. Die Verbindung von Schweizer Designanspruch mit europ\u00e4ischer Handwerkskunst macht diese M\u00fctze zu einem hochwertigen Unikat \u2013 gefertigt mit Respekt f\u00fcr Material, Mensch und Umwelt.<\/p>\n<h3 class=\"\" data-start=\"3654\" data-end=\"3683\">Nachhaltigkeit &#038; Qualit\u00e4t<\/h3>\n<ul data-start=\"3685\" data-end=\"3954\">\n<li class=\"\" data-start=\"3685\" data-end=\"3773\">\n<p class=\"\" data-start=\"3687\" data-end=\"3773\"><strong data-start=\"3687\" data-end=\"3714\">Nat\u00fcrliche Materialien:<\/strong> Weizenstroh &#038; hochwertige Stoffe aus nachhaltiger Quelle<\/p>\n<\/li>\n<li class=\"\" data-start=\"3774\" data-end=\"3869\">\n<p class=\"\" data-start=\"3776\" data-end=\"3869\"><strong data-start=\"3776\" data-end=\"3805\">Traditionelle Handarbeit:<\/strong> In kleinen St\u00fcckzahlen gefertigt, jedes St\u00fcck ein Einzelst\u00fcck<\/p>\n<\/li>\n<li class=\"\" data-start=\"3870\" data-end=\"3954\">\n<p class=\"\" data-start=\"3872\" data-end=\"3954\"><strong data-start=\"3872\" data-end=\"3901\">Langlebig &#038; pflegeleicht:<\/strong> Robust verarbeitet, f\u00fcr viele Sommer einsatzbereit<\/p>\n<\/li>\n<\/ul>\n<h3 class=\"\" data-start=\"3956\" data-end=\"3981\">Herstellung &#038; Versand<\/h3>\n<ul data-start=\"3983\" data-end=\"4335\">\n<li class=\"\" data-start=\"3983\" data-end=\"4060\">\n<p class=\"\" data-start=\"3985\" data-end=\"4060\"><strong data-start=\"3985\" data-end=\"4014\">Fertigung auf Bestellung:<\/strong> Individuelle Ma\u00dfanfertigung nach Bestellung<\/p>\n<\/li>\n<li class=\"\" data-start=\"4061\" data-end=\"4125\">\n<p class=\"\" data-start=\"4063\" data-end=\"4125\"><strong data-start=\"4063\" data-end=\"4084\">Herstellungszeit:<\/strong> 10\u201315 Arbeitstage nach Zahlungseingang<\/p>\n<\/li>\n<li class=\"\" data-start=\"4126\" data-end=\"4201\">\n<p class=\"\" data-start=\"4128\" data-end=\"4201\"><strong data-start=\"4128\" data-end=\"4140\">Versand:<\/strong> Nach Fertigstellung innerhalb weniger Tage aus der Schweiz<\/p>\n<\/li>\n<li class=\"\" data-start=\"4202\" data-end=\"4271\">\n<p class=\"\" data-start=\"4204\" data-end=\"4271\"><strong data-start=\"4204\" data-end=\"4217\">Garantie:<\/strong> Umtausch nur bei Material- oder Herstellungsfehlern<\/p>\n<\/li>\n<li class=\"\" data-start=\"4272\" data-end=\"4335\">\n<p class=\"\" data-start=\"4274\" data-end=\"4335\"><strong data-start=\"4274\" data-end=\"4292\">Verf\u00fcgbarkeit:<\/strong> Nur solange Vorrat an Rohmaterial reicht<\/p>\n<\/li>\n<\/ul>\n<\/div>\n<\/details>\n<details class=\"hf-accordion\">\n<summary><strong>\u25b6\ufe0f FAQ \u2013 H\u00e4ufige Fragen<\/strong><\/summary>\n<div class=\"hf-accordion-content\">\n<h3 class=\"\" data-start=\"4337\" data-end=\"4370\">FAQ \u2013 H\u00e4ufig gestellte Fragen<\/h3>\n<p class=\"\" data-start=\"4372\" data-end=\"4501\"><strong data-start=\"4372\" data-end=\"4420\">Ist die M\u00fctze f\u00fcr hei\u00dfe Sommertage geeignet?<\/strong><br data-start=\"4420\" data-end=\"4423\" \/>Ja \u2013 der Strohschild sch\u00fctzt vor direkter Sonne und sorgt f\u00fcr Luftzirkulation.<\/p>\n<p class=\"\" data-start=\"4503\" data-end=\"4639\"><strong data-start=\"4503\" data-end=\"4533\">Ist das Modell wetterfest?<\/strong><br data-start=\"4533\" data-end=\"4536\" \/>Die M\u00fctze ist f\u00fcr trockenes Wetter konzipiert. Stroh und Stoff sind empfindlich gegen\u00fcber Feuchtigkeit.<\/p>\n<p class=\"\" data-start=\"4641\" data-end=\"4814\"><strong data-start=\"4641\" data-end=\"4687\">Kann ich die M\u00fctze personalisieren lassen?<\/strong><br data-start=\"4687\" data-end=\"4690\" \/>Dieses Modell ist in festgelegten Farb- und Gr\u00f6\u00dfenoptionen erh\u00e4ltlich. Eine weitere Individualisierung ist nicht vorgesehen.<\/p>\n<p class=\"\" data-start=\"4816\" data-end=\"4953\"><strong data-start=\"4816\" data-end=\"4854\">Wie bewahre ich sie am besten auf?<\/strong><br data-start=\"4854\" data-end=\"4857\" \/>Flachliegend aufbewahren und trocken sowie lichtgesch\u00fctzt lagern, um Form und Farbe zu erhalten.<\/p>\n<p class=\"\" data-start=\"4955\" data-end=\"5109\"><strong data-start=\"4955\" data-end=\"4985\">Ist eine R\u00fcckgabe m\u00f6glich?<\/strong><br data-start=\"4985\" data-end=\"4988\" \/>Da es sich um eine ma\u00dfgefertigte Sonderanfertigung handelt, ist eine R\u00fcckgabe ausgeschlossen \u2013 Umtausch nur bei Defekten.<\/p>\n<\/div>\n<\/details>\n<\/div>\n","protected":false},"excerpt":{"rendered":"<h3 class=\"\" data-start=\"5692\" data-end=\"5752\"><strong>Maritime Mode mit Geschichte<\/strong><\/h3>\n<p class=\"\" data-start=\"5754\" data-end=\"6051\">Ob am Hafen oder mitten in der Stadt \u2013 die <em data-start=\"5797\" data-end=\"5824\">Camaret &#8220;Marine Feelings&#8221;<\/em> bringt das Flair der franz\u00f6sischen K\u00fcste in jede Garderobe. Mit ihrer Kombination aus nautischem Design, nat\u00fcrlichen Materialien und handwerklicher Pr\u00e4zision ist sie ein stilvolles Statement f\u00fcr alle, die das Besondere lieben.<\/p>\n","protected":false},"featured_media":19433,"template":"","meta":{"_acf_changed":false,"rs_blank_template":"","rs_page_bg_color":"","slide_template_v7":""},"product_brand":[250],"product_cat":[686,445],"product_tag":[],"class_list":{"0":"post-19432","1":"product","2":"type-product","3":"status-publish","4":"has-post-thumbnail","6":"product_brand-risa-hutwerkstatt-schweiz","7":"product_cat-camaret-sommermuetze","8":"product_cat-sommermuetzen","9":"product_shipping_class-mittlere-pakete","10":"pa_color-marine","11":"pa_groesse-302","12":"pa_groesse-206","13":"pa_groesse-196","14":"pa_groesse-207","15":"pa_groesse-197","16":"pa_groesse-208","17":"pa_groesse-198","18":"pa_groesse-209","19":"pa_groesse-199","20":"pa_groesse-210","21":"pa_groesse-213","22":"pa_groesse-401","23":"yith_product_brand-risa-hutwerkstatt-schweiz","26":"instock","27":"taxable","28":"shipping-taxable","29":"purchasable","30":"product-type-variable","31":"wvs-archive-product-wrapper","32":"add-to-wishlist-after_add_to_cart"},"acf":[],"yoast_head":"<!-- This site is optimized with the Yoast SEO Premium plugin v27.3 (Yoast SEO v27.3) - https:\/\/yoast.com\/product\/yoast-seo-premium-wordpress\/ -->\n<title>Camaret Marine Feelings \u2013 Sommerm\u00fctze mit Strohschild &amp; Kordel<\/title>\n<meta name=\"description\" content=\"Maritime Sommerm\u00fctze mit Strohschild &amp; Stoff in Marineoptik. Handgefertigt in Europa f\u00fcr die Schweizer Hutmanufaktur Risa \u2013 stilvoll &amp; funktional.\" \/>\n<meta name=\"robots\" content=\"index, follow, max-snippet:-1, max-image-preview:large, max-video-preview:-1\" \/>\n<link rel=\"canonical\" href=\"https:\/\/hutfactory.com\/?product=schildmuetze-marine-feelings\" \/>\n<meta property=\"og:locale\" content=\"de_DE\" \/>\n<meta property=\"og:type\" content=\"article\" \/>\n<meta property=\"og:title\" content=\"Schildm\u00fctze Marine Feelings\" \/>\n<meta property=\"og:description\" content=\"Maritime Sommerm\u00fctze mit Strohschild &amp; Stoff in Marineoptik. Handgefertigt in Europa f\u00fcr die Schweizer Hutmanufaktur Risa \u2013 stilvoll &amp; funktional.\" \/>\n<meta property=\"og:url\" content=\"https:\/\/hutfactory.com\/?product=schildmuetze-marine-feelings\" \/>\n<meta property=\"og:site_name\" content=\"Hut Factory\" \/>\n<meta property=\"article:modified_time\" content=\"2026-03-10T12:59:57+00:00\" \/>\n<meta property=\"og:image\" content=\"https:\/\/hutfactory.com\/wp-content\/uploads\/2026\/03\/10401902-scaled-e1668518958286-1.webp\" \/>\n\t<meta property=\"og:image:width\" content=\"750\" \/>\n\t<meta property=\"og:image:height\" content=\"750\" \/>\n\t<meta property=\"og:image:type\" content=\"image\/webp\" \/>\n<meta name=\"twitter:card\" content=\"summary_large_image\" \/>\n<meta name=\"twitter:label1\" content=\"Gesch\u00e4tzte Lesezeit\" \/>\n\t<meta name=\"twitter:data1\" content=\"3\u00a0Minuten\" \/>\n<script type=\"application\/ld+json\" class=\"yoast-schema-graph\">{\"@context\":\"https:\\\/\\\/schema.org\",\"@graph\":[{\"@type\":\"WebPage\",\"@id\":\"https:\\\/\\\/hutfactory.com\\\/?product=schildmuetze-marine-feelings\",\"url\":\"https:\\\/\\\/hutfactory.com\\\/?product=schildmuetze-marine-feelings\",\"name\":\"Camaret Marine Feelings \u2013 Sommerm\u00fctze mit Strohschild & Kordel\",\"isPartOf\":{\"@id\":\"https:\\\/\\\/hutfactory.com\\\/#website\"},\"primaryImageOfPage\":{\"@id\":\"https:\\\/\\\/hutfactory.com\\\/?product=schildmuetze-marine-feelings#primaryimage\"},\"image\":{\"@id\":\"https:\\\/\\\/hutfactory.com\\\/?product=schildmuetze-marine-feelings#primaryimage\"},\"thumbnailUrl\":\"https:\\\/\\\/hutfactory.com\\\/wp-content\\\/uploads\\\/2026\\\/03\\\/10401902-scaled-e1668518958286-1.webp\",\"datePublished\":\"2026-03-10T12:54:51+00:00\",\"dateModified\":\"2026-03-10T12:59:57+00:00\",\"description\":\"Maritime Sommerm\u00fctze mit Strohschild & Stoff in Marineoptik. Handgefertigt in Europa f\u00fcr die Schweizer Hutmanufaktur Risa \u2013 stilvoll & funktional.\",\"breadcrumb\":{\"@id\":\"https:\\\/\\\/hutfactory.com\\\/?product=schildmuetze-marine-feelings#breadcrumb\"},\"inLanguage\":\"de\",\"potentialAction\":[{\"@type\":\"ReadAction\",\"target\":[\"https:\\\/\\\/hutfactory.com\\\/?product=schildmuetze-marine-feelings\"]}]},{\"@type\":\"ImageObject\",\"inLanguage\":\"de\",\"@id\":\"https:\\\/\\\/hutfactory.com\\\/?product=schildmuetze-marine-feelings#primaryimage\",\"url\":\"https:\\\/\\\/hutfactory.com\\\/wp-content\\\/uploads\\\/2026\\\/03\\\/10401902-scaled-e1668518958286-1.webp\",\"contentUrl\":\"https:\\\/\\\/hutfactory.com\\\/wp-content\\\/uploads\\\/2026\\\/03\\\/10401902-scaled-e1668518958286-1.webp\",\"width\":750,\"height\":750,\"caption\":\"Strohschild mit 21.5 cm Durchmesser und beigefarbener Kordel \u2013 handgefertigt in Europa.||\"},{\"@type\":\"BreadcrumbList\",\"@id\":\"https:\\\/\\\/hutfactory.com\\\/?product=schildmuetze-marine-feelings#breadcrumb\",\"itemListElement\":[{\"@type\":\"ListItem\",\"position\":1,\"name\":\"Start\",\"item\":\"https:\\\/\\\/hutfactory.com\\\/\"},{\"@type\":\"ListItem\",\"position\":2,\"name\":\"Shop\",\"item\":\"https:\\\/\\\/hutfactory.com\\\/?page_id=10\"},{\"@type\":\"ListItem\",\"position\":3,\"name\":\"Schildm\u00fctze Marine Feelings\"}]},{\"@type\":\"WebSite\",\"@id\":\"https:\\\/\\\/hutfactory.com\\\/#website\",\"url\":\"https:\\\/\\\/hutfactory.com\\\/\",\"name\":\"Hut Factory\",\"description\":\"H\u00fcte, Kappen &amp; M\u00fctzen in Top Swiss\\\/EU Qualit\u00e4t\",\"publisher\":{\"@id\":\"https:\\\/\\\/hutfactory.com\\\/#organization\"},\"alternateName\":\"Hut Shop\",\"potentialAction\":[{\"@type\":\"SearchAction\",\"target\":{\"@type\":\"EntryPoint\",\"urlTemplate\":\"https:\\\/\\\/hutfactory.com\\\/?s={search_term_string}\"},\"query-input\":{\"@type\":\"PropertyValueSpecification\",\"valueRequired\":true,\"valueName\":\"search_term_string\"}}],\"inLanguage\":\"de\"},{\"@type\":\"Organization\",\"@id\":\"https:\\\/\\\/hutfactory.com\\\/#organization\",\"name\":\"Hut Factory\",\"url\":\"https:\\\/\\\/hutfactory.com\\\/\",\"logo\":{\"@type\":\"ImageObject\",\"inLanguage\":\"de\",\"@id\":\"https:\\\/\\\/hutfactory.com\\\/#\\\/schema\\\/logo\\\/image\\\/\",\"url\":\"https:\\\/\\\/hutfactory.com\\\/wp-content\\\/uploads\\\/2026\\\/01\\\/Logo-hut-factory-1.webp\",\"contentUrl\":\"https:\\\/\\\/hutfactory.com\\\/wp-content\\\/uploads\\\/2026\\\/01\\\/Logo-hut-factory-1.webp\",\"width\":300,\"height\":262,\"caption\":\"Hut Factory\"},\"image\":{\"@id\":\"https:\\\/\\\/hutfactory.com\\\/#\\\/schema\\\/logo\\\/image\\\/\"}}]}<\/script>\n<!-- \/ Yoast SEO Premium plugin. -->","yoast_head_json":{"title":"Camaret Marine Feelings \u2013 Sommerm\u00fctze mit Strohschild & Kordel","description":"Maritime Sommerm\u00fctze mit Strohschild & Stoff in Marineoptik. Handgefertigt in Europa f\u00fcr die Schweizer Hutmanufaktur Risa \u2013 stilvoll & funktional.","robots":{"index":"index","follow":"follow","max-snippet":"max-snippet:-1","max-image-preview":"max-image-preview:large","max-video-preview":"max-video-preview:-1"},"canonical":"https:\/\/hutfactory.com\/?product=schildmuetze-marine-feelings","og_locale":"de_DE","og_type":"article","og_title":"Schildm\u00fctze Marine Feelings","og_description":"Maritime Sommerm\u00fctze mit Strohschild & Stoff in Marineoptik. Handgefertigt in Europa f\u00fcr die Schweizer Hutmanufaktur Risa \u2013 stilvoll & funktional.","og_url":"https:\/\/hutfactory.com\/?product=schildmuetze-marine-feelings","og_site_name":"Hut Factory","article_modified_time":"2026-03-10T12:59:57+00:00","og_image":[{"width":750,"height":750,"url":"https:\/\/hutfactory.com\/wp-content\/uploads\/2026\/03\/10401902-scaled-e1668518958286-1.webp","type":"image\/webp"}],"twitter_card":"summary_large_image","twitter_misc":{"Gesch\u00e4tzte Lesezeit":"3\u00a0Minuten"},"schema":{"@context":"https:\/\/schema.org","@graph":[{"@type":"WebPage","@id":"https:\/\/hutfactory.com\/?product=schildmuetze-marine-feelings","url":"https:\/\/hutfactory.com\/?product=schildmuetze-marine-feelings","name":"Camaret Marine Feelings \u2013 Sommerm\u00fctze mit Strohschild & Kordel","isPartOf":{"@id":"https:\/\/hutfactory.com\/#website"},"primaryImageOfPage":{"@id":"https:\/\/hutfactory.com\/?product=schildmuetze-marine-feelings#primaryimage"},"image":{"@id":"https:\/\/hutfactory.com\/?product=schildmuetze-marine-feelings#primaryimage"},"thumbnailUrl":"https:\/\/hutfactory.com\/wp-content\/uploads\/2026\/03\/10401902-scaled-e1668518958286-1.webp","datePublished":"2026-03-10T12:54:51+00:00","dateModified":"2026-03-10T12:59:57+00:00","description":"Maritime Sommerm\u00fctze mit Strohschild & Stoff in Marineoptik. Handgefertigt in Europa f\u00fcr die Schweizer Hutmanufaktur Risa \u2013 stilvoll & funktional.","breadcrumb":{"@id":"https:\/\/hutfactory.com\/?product=schildmuetze-marine-feelings#breadcrumb"},"inLanguage":"de","potentialAction":[{"@type":"ReadAction","target":["https:\/\/hutfactory.com\/?product=schildmuetze-marine-feelings"]}]},{"@type":"ImageObject","inLanguage":"de","@id":"https:\/\/hutfactory.com\/?product=schildmuetze-marine-feelings#primaryimage","url":"https:\/\/hutfactory.com\/wp-content\/uploads\/2026\/03\/10401902-scaled-e1668518958286-1.webp","contentUrl":"https:\/\/hutfactory.com\/wp-content\/uploads\/2026\/03\/10401902-scaled-e1668518958286-1.webp","width":750,"height":750,"caption":"Strohschild mit 21.5 cm Durchmesser und beigefarbener Kordel \u2013 handgefertigt in Europa.||"},{"@type":"BreadcrumbList","@id":"https:\/\/hutfactory.com\/?product=schildmuetze-marine-feelings#breadcrumb","itemListElement":[{"@type":"ListItem","position":1,"name":"Start","item":"https:\/\/hutfactory.com\/"},{"@type":"ListItem","position":2,"name":"Shop","item":"https:\/\/hutfactory.com\/?page_id=10"},{"@type":"ListItem","position":3,"name":"Schildm\u00fctze Marine Feelings"}]},{"@type":"WebSite","@id":"https:\/\/hutfactory.com\/#website","url":"https:\/\/hutfactory.com\/","name":"Hut Factory","description":"H\u00fcte, Kappen &amp; M\u00fctzen in Top Swiss\/EU Qualit\u00e4t","publisher":{"@id":"https:\/\/hutfactory.com\/#organization"},"alternateName":"Hut Shop","potentialAction":[{"@type":"SearchAction","target":{"@type":"EntryPoint","urlTemplate":"https:\/\/hutfactory.com\/?s={search_term_string}"},"query-input":{"@type":"PropertyValueSpecification","valueRequired":true,"valueName":"search_term_string"}}],"inLanguage":"de"},{"@type":"Organization","@id":"https:\/\/hutfactory.com\/#organization","name":"Hut Factory","url":"https:\/\/hutfactory.com\/","logo":{"@type":"ImageObject","inLanguage":"de","@id":"https:\/\/hutfactory.com\/#\/schema\/logo\/image\/","url":"https:\/\/hutfactory.com\/wp-content\/uploads\/2026\/01\/Logo-hut-factory-1.webp","contentUrl":"https:\/\/hutfactory.com\/wp-content\/uploads\/2026\/01\/Logo-hut-factory-1.webp","width":300,"height":262,"caption":"Hut Factory"},"image":{"@id":"https:\/\/hutfactory.com\/#\/schema\/logo\/image\/"}}]}},"_links":{"self":[{"href":"https:\/\/hutfactory.com\/index.php?rest_route=\/wp\/v2\/product\/19432","targetHints":{"allow":["GET"]}}],"collection":[{"href":"https:\/\/hutfactory.com\/index.php?rest_route=\/wp\/v2\/product"}],"about":[{"href":"https:\/\/hutfactory.com\/index.php?rest_route=\/wp\/v2\/types\/product"}],"wp:featuredmedia":[{"embeddable":true,"href":"https:\/\/hutfactory.com\/index.php?rest_route=\/wp\/v2\/media\/19433"}],"wp:attachment":[{"href":"https:\/\/hutfactory.com\/index.php?rest_route=%2Fwp%2Fv2%2Fmedia&parent=19432"}],"wp:term":[{"taxonomy":"product_brand","embeddable":true,"href":"https:\/\/hutfactory.com\/index.php?rest_route=%2Fwp%2Fv2%2Fproduct_brand&post=19432"},{"taxonomy":"product_cat","embeddable":true,"href":"https:\/\/hutfactory.com\/index.php?rest_route=%2Fwp%2Fv2%2Fproduct_cat&post=19432"},{"taxonomy":"product_tag","embeddable":true,"href":"https:\/\/hutfactory.com\/index.php?rest_route=%2Fwp%2Fv2%2Fproduct_tag&post=19432"}],"curies":[{"name":"wp","href":"https:\/\/api.w.org\/{rel}","templated":true}]}}