{"id":19100,"date":"2026-03-10T10:40:56","date_gmt":"2026-03-10T10:40:56","guid":{"rendered":"https:\/\/hutfactory.com\/?product=wanderhut-fuer-jedes-outdoor-abenteuer"},"modified":"2026-03-12T05:11:16","modified_gmt":"2026-03-12T05:11:16","slug":"wanderhut-fuer-jedes-outdoor-abenteuer","status":"publish","type":"product","link":"https:\/\/hutfactory.com\/?product=wanderhut-fuer-jedes-outdoor-abenteuer","title":{"rendered":"Wanderhut f\u00fcr jedes Outdoor Abenteuer"},"content":{"rendered":"<h3 class=\"\" data-start=\"500\" data-end=\"545\"><strong>Vielseitiger Begleiter f\u00fcr Naturfreunde<\/strong><\/h3>\n<p class=\"\" data-start=\"547\" data-end=\"878\">Mit seiner weichen Krempe und der schlichten Silhouette bietet dieser Wanderhut optimalen Sonnenschutz, ohne aufzutragen. Der strapazierf\u00e4hige Baumwollstoff in Olive wirkt unaufdringlich und funktional, w\u00e4hrend die kleine Ziptasche am Kopf eine clevere L\u00f6sung f\u00fcr unterwegs ist. Ein Must-Have f\u00fcr Wanderer, J\u00e4ger und Naturmenschen.<\/p>\n<p class=\"\" data-start=\"880\" data-end=\"1421\"><strong data-start=\"880\" data-end=\"901\">Perfekt f\u00fcr\u0085.. ??<\/strong><br data-start=\"901\" data-end=\"904\" \/><strong data-start=\"904\" data-end=\"931\">?? Sommerliche Anl\u00e4sse:<\/strong> Ob bei der Bergwanderung, beim Kr\u00e4utersammeln oder auf dem Fahrrad \u0096 dieser Hut sch\u00fctzt nicht nur vor Sonne, sondern ist auch angenehm leicht zu tragen.<br data-start=\"1084\" data-end=\"1087\" \/><strong data-start=\"1087\" data-end=\"1123\">?? Funktionale Outdoor-Eins\u00e4tze:<\/strong> Sein unkompliziertes Design und das widerstandsf\u00e4hige Material machen ihn zum idealen Hut f\u00fcr Forstarbeiter, Wanderfreunde und Outdoor-Enthusiasten.<br data-start=\"1272\" data-end=\"1275\" \/><strong data-start=\"1275\" data-end=\"1307\">?? Natur- und praxisbewusst:<\/strong> F\u00fcr alle, die Schlichtheit sch\u00e4tzen und Wert auf nat\u00fcrliche Materialien, Funktionalit\u00e4t und Nachhaltigkeit legen.<\/p>\n<div class=\"hf-accordions\">\n<hr class=\"hf-accordion-separator\" \/>\n<details class=\"hf-accordion\">\n<summary><strong>\u25b6\ufe0f Gut zu wissen \u2013 mehr erfahren<\/strong><\/summary>\n<div class=\"hf-accordion-content\">\n<h3 class=\"\" data-start=\"1423\" data-end=\"1452\">Eigenschaften &#038; Details<\/h3>\n<p class=\"\" data-start=\"1453\" data-end=\"1709\"><strong data-start=\"1453\" data-end=\"1466\">Material:<\/strong> 100% Baumwolle \u0096 hautfreundlich, atmungsaktiv, robust<br data-start=\"1520\" data-end=\"1523\" \/><strong data-start=\"1523\" data-end=\"1533\">Farbe:<\/strong> Olive \u0096 klassischer, naturverbundener Gr\u00fcnton<br data-start=\"1579\" data-end=\"1582\" \/><strong data-start=\"1582\" data-end=\"1595\">Garnitur:<\/strong> Praktische Rei\u00dfverschlusstasche am Hutkopf f\u00fcr kleine Utensilien<br data-start=\"1660\" data-end=\"1663\" \/><strong data-start=\"1663\" data-end=\"1674\">Gr\u00f6\u00dfen:<\/strong> 55 (54\u009655), 57 (56\u009657), 59 (58\u009659)<\/p>\n<h3 class=\"\" data-start=\"1711\" data-end=\"1738\">Design &#038; Verarbeitung<\/h3>\n<p class=\"\" data-start=\"1739\" data-end=\"2092\">Schlicht, durchdacht, einsatzbereit \u0096 das Design dieses Wanderhuts \u00fcberzeugt mit seiner geradlinigen Funktionalit\u00e4t. Die aufgesetzte Rei\u00dfverschlusstasche integriert sich unauff\u00e4llig in das reduzierte Erscheinungsbild. Dank weichem Baumwollmaterial passt sich der Hut angenehm an die Kopfform an und ist auch bei l\u00e4ngeren Eins\u00e4tzen komfortabel zu tragen.<\/p>\n<h3 class=\"\" data-start=\"2094\" data-end=\"2123\">Handgefertigt in Europa<\/h3>\n<p class=\"\" data-start=\"2124\" data-end=\"2360\">Dieser Wanderhut wird im Auftrag der Schweizer Hutmanufaktur Risa in einem spezialisierten Familienbetrieb in Italien gefertigt. Die lokale Produktion garantiert kurze Lieferwege, h\u00f6chste Qualit\u00e4tsstandards und faire Arbeitsbedingungen.<\/p>\n<h3 class=\"\" data-start=\"2362\" data-end=\"2393\">Nachhaltigkeit &#038; Qualit\u00e4t<\/h3>\n<p class=\"\" data-start=\"2394\" data-end=\"2659\"><strong data-start=\"2394\" data-end=\"2421\">Nat\u00fcrliche Materialien:<\/strong> Baumwolle ist langlebig, hautfreundlich und biologisch abbaubar<br data-start=\"2485\" data-end=\"2488\" \/><strong data-start=\"2488\" data-end=\"2515\">Handarbeit &#038; Tradition:<\/strong> Sorgf\u00e4ltige Verarbeitung mit Fokus auf Langlebigkeit<br data-start=\"2568\" data-end=\"2571\" \/><strong data-start=\"2571\" data-end=\"2595\">Robust &#038; vielseitig:<\/strong> Ideal f\u00fcr aktive Tr\u00e4ger:innen und den t\u00e4glichen Outdoor-Einsatz<\/p>\n<h3 class=\"\" data-start=\"2661\" data-end=\"2688\">Herstellung &#038; Versand<\/h3>\n<p class=\"\" data-start=\"2689\" data-end=\"2993\"><strong data-start=\"2689\" data-end=\"2703\">Fertigung:<\/strong> In kleiner St\u00fcckzahl, individuell in Italien gefertigt<br data-start=\"2758\" data-end=\"2761\" \/><strong data-start=\"2761\" data-end=\"2782\">Herstellungszeit:<\/strong> Lagerware \u0096 Versand innerhalb weniger Tage ab Schweiz<br data-start=\"2836\" data-end=\"2839\" \/><strong data-start=\"2839\" data-end=\"2851\">Versand:<\/strong> Schnell und zuverl\u00e4ssig aus der Schweiz<br data-start=\"2891\" data-end=\"2894\" \/><strong data-start=\"2894\" data-end=\"2906\">Hinweis:<\/strong> Umtausch nur bei Material- oder Herstellungsfehlern. Keine generelle R\u00fcckgabe m\u00f6glich.<\/p>\n<\/div>\n<\/details>\n<details class=\"hf-accordion\">\n<summary><strong>\u25b6\ufe0f FAQ \u2013 H\u00e4ufige Fragen<\/strong><\/summary>\n<div class=\"hf-accordion-content\">\n<h3 class=\"\" data-start=\"2995\" data-end=\"3030\">FAQ (H\u00e4ufig gestellte Fragen)<\/h3>\n<p class=\"\" data-start=\"3031\" data-end=\"3522\"><strong data-start=\"3031\" data-end=\"3056\">Ist der Hut waschbar?<\/strong> Ja, per Handw\u00e4sche mit mildem Waschmittel \u0096 Pflegehinweise beachten.<br data-start=\"3125\" data-end=\"3128\" \/><strong data-start=\"3128\" data-end=\"3160\">Ist der Hut wetterbest\u00e4ndig?<\/strong> Baumwolle ist leicht wasserabweisend, jedoch nicht wasserdicht \u0096 ideal bei trockenem Wetter.<br data-start=\"3253\" data-end=\"3256\" \/><strong data-start=\"3256\" data-end=\"3298\">Wie bewahre ich den Hut am besten auf?<\/strong> Trocken und luftig lagern, nicht quetschen oder falten.<br data-start=\"3354\" data-end=\"3357\" \/><strong data-start=\"3357\" data-end=\"3393\">Passt der Hut in einen Rucksack?<\/strong> Ja, er l\u00e4sst sich platzsparend zusammenrollen.<br data-start=\"3440\" data-end=\"3443\" \/><strong data-start=\"3443\" data-end=\"3469\">Gibt es andere Farben?<\/strong> Aktuell ist das Modell exklusiv in Olive erh\u00e4ltlich.<\/p>\n<\/div>\n<\/details>\n<\/div>\n","protected":false},"excerpt":{"rendered":"<h3 class=\"\" data-start=\"0\" data-end=\"81\"><strong>Funktionalit\u00e4t trifft klassische Outdoor-\u00c4sthetik<\/strong><\/h3>\n<p class=\"\" data-start=\"83\" data-end=\"498\">Ein zuverl\u00e4ssiger Begleiter f\u00fcr Wanderwege, Jagdausfl\u00fcge oder Gartenarbeiten: Der \u0084Wanderhut Cotton\u0093 vereint praktischen Nutzen mit einem robusten Look. In klassischem Olive gehalten, ist dieser Bucket-Hut aus reiner Baumwolle atmungsaktiv, hautfreundlich und vielseitig kombinierbar. Die dezente Rei\u00dfverschlusstasche am Hutkopf bietet Platz f\u00fcr das N\u00f6tigste \u0096 perfekt f\u00fcr Bargeld, Schl\u00fcssel oder kleine Essentials.<\/p>\n","protected":false},"featured_media":19101,"template":"","meta":{"_acf_changed":false,"rs_blank_template":"","rs_page_bg_color":"","slide_template_v7":""},"product_brand":[250],"product_cat":[399,390,275,279],"product_tag":[],"class_list":{"0":"post-19100","1":"product","2":"type-product","3":"status-publish","4":"has-post-thumbnail","6":"product_brand-risa-hutwerkstatt-schweiz","7":"product_cat-bucket-sommerhuete","8":"product_cat-fischer-sommerhuete","9":"product_cat-sommerhuete","10":"product_cat-wanderer-jaeger-foersterhuete","11":"product_shipping_class-mittlere-pakete","12":"pa_color-olive","13":"pa_groesse-55-54-55","14":"pa_groesse-57-56-57","15":"pa_groesse-59-58-59","16":"yith_product_brand-risa-hutwerkstatt-schweiz","19":"instock","20":"taxable","21":"shipping-taxable","22":"purchasable","23":"product-type-variable","24":"wvs-archive-product-wrapper","25":"add-to-wishlist-after_add_to_cart"},"acf":[],"yoast_head":"<!-- This site is optimized with the Yoast SEO Premium plugin v27.3 (Yoast SEO v27.3) - https:\/\/yoast.com\/product\/yoast-seo-premium-wordpress\/ -->\n<title>Wanderhut aus Baumwolle \u0096 Outdoorhut mit Rei\u00dfverschlusstasche<\/title>\n<meta name=\"description\" content=\"Funktionaler Wanderhut aus Baumwolle in Olive. Mit Rei\u00dfverschlusstasche. Versand aus der Schweiz. Jetzt f\u00fcr jedes Outdoor Abenteuer ger\u00fcstet sein.\" \/>\n<meta name=\"robots\" content=\"index, follow, max-snippet:-1, max-image-preview:large, max-video-preview:-1\" \/>\n<link rel=\"canonical\" href=\"https:\/\/hutfactory.com\/?product=wanderhut-fuer-jedes-outdoor-abenteuer\" \/>\n<meta property=\"og:locale\" content=\"de_DE\" \/>\n<meta property=\"og:type\" content=\"article\" \/>\n<meta property=\"og:title\" content=\"Wanderhut f\u00fcr jedes Outdoor Abenteuer\" \/>\n<meta property=\"og:description\" content=\"Funktionaler Wanderhut aus Baumwolle in Olive. Mit Rei\u00dfverschlusstasche. Versand aus der Schweiz. Jetzt f\u00fcr jedes Outdoor Abenteuer ger\u00fcstet sein.\" \/>\n<meta property=\"og:url\" content=\"https:\/\/hutfactory.com\/?product=wanderhut-fuer-jedes-outdoor-abenteuer\" \/>\n<meta property=\"og:site_name\" content=\"Hut Factory\" \/>\n<meta property=\"article:modified_time\" content=\"2026-03-12T05:11:16+00:00\" \/>\n<meta property=\"og:image\" content=\"https:\/\/hutfactory.com\/wp-content\/uploads\/2026\/03\/06999.2.webp\" \/>\n\t<meta property=\"og:image:width\" content=\"750\" \/>\n\t<meta property=\"og:image:height\" content=\"750\" \/>\n\t<meta property=\"og:image:type\" content=\"image\/webp\" \/>\n<meta name=\"twitter:card\" content=\"summary_large_image\" \/>\n<meta name=\"twitter:label1\" content=\"Gesch\u00e4tzte Lesezeit\" \/>\n\t<meta name=\"twitter:data1\" content=\"2\u00a0Minuten\" \/>\n<script type=\"application\/ld+json\" class=\"yoast-schema-graph\">{\"@context\":\"https:\\\/\\\/schema.org\",\"@graph\":[{\"@type\":\"WebPage\",\"@id\":\"https:\\\/\\\/hutfactory.com\\\/?product=wanderhut-fuer-jedes-outdoor-abenteuer\",\"url\":\"https:\\\/\\\/hutfactory.com\\\/?product=wanderhut-fuer-jedes-outdoor-abenteuer\",\"name\":\"Wanderhut aus Baumwolle \u0096 Outdoorhut mit Rei\u00dfverschlusstasche\",\"isPartOf\":{\"@id\":\"https:\\\/\\\/hutfactory.com\\\/#website\"},\"primaryImageOfPage\":{\"@id\":\"https:\\\/\\\/hutfactory.com\\\/?product=wanderhut-fuer-jedes-outdoor-abenteuer#primaryimage\"},\"image\":{\"@id\":\"https:\\\/\\\/hutfactory.com\\\/?product=wanderhut-fuer-jedes-outdoor-abenteuer#primaryimage\"},\"thumbnailUrl\":\"https:\\\/\\\/hutfactory.com\\\/wp-content\\\/uploads\\\/2026\\\/03\\\/06999.2.webp\",\"datePublished\":\"2026-03-10T10:40:56+00:00\",\"dateModified\":\"2026-03-12T05:11:16+00:00\",\"description\":\"Funktionaler Wanderhut aus Baumwolle in Olive. Mit Rei\u00dfverschlusstasche. Versand aus der Schweiz. Jetzt f\u00fcr jedes Outdoor Abenteuer ger\u00fcstet sein.\",\"breadcrumb\":{\"@id\":\"https:\\\/\\\/hutfactory.com\\\/?product=wanderhut-fuer-jedes-outdoor-abenteuer#breadcrumb\"},\"inLanguage\":\"de\",\"potentialAction\":[{\"@type\":\"ReadAction\",\"target\":[\"https:\\\/\\\/hutfactory.com\\\/?product=wanderhut-fuer-jedes-outdoor-abenteuer\"]}]},{\"@type\":\"ImageObject\",\"inLanguage\":\"de\",\"@id\":\"https:\\\/\\\/hutfactory.com\\\/?product=wanderhut-fuer-jedes-outdoor-abenteuer#primaryimage\",\"url\":\"https:\\\/\\\/hutfactory.com\\\/wp-content\\\/uploads\\\/2026\\\/03\\\/06999.2.webp\",\"contentUrl\":\"https:\\\/\\\/hutfactory.com\\\/wp-content\\\/uploads\\\/2026\\\/03\\\/06999.2.webp\",\"width\":750,\"height\":750,\"caption\":\"ideal f\u00fcr Outdoor-Aktivit\u00e4ten|Olivgr\u00fcner Wanderhut aus 100% Baumwolle mit praktischer Rei\u00dfverschlusstasche\"},{\"@type\":\"BreadcrumbList\",\"@id\":\"https:\\\/\\\/hutfactory.com\\\/?product=wanderhut-fuer-jedes-outdoor-abenteuer#breadcrumb\",\"itemListElement\":[{\"@type\":\"ListItem\",\"position\":1,\"name\":\"Start\",\"item\":\"https:\\\/\\\/hutfactory.com\\\/\"},{\"@type\":\"ListItem\",\"position\":2,\"name\":\"Shop\",\"item\":\"https:\\\/\\\/hutfactory.com\\\/?page_id=10\"},{\"@type\":\"ListItem\",\"position\":3,\"name\":\"Wanderhut f\u00fcr jedes Outdoor Abenteuer\"}]},{\"@type\":\"WebSite\",\"@id\":\"https:\\\/\\\/hutfactory.com\\\/#website\",\"url\":\"https:\\\/\\\/hutfactory.com\\\/\",\"name\":\"Hut Factory\",\"description\":\"H\u00fcte, Kappen &amp; M\u00fctzen in Top Swiss\\\/EU Qualit\u00e4t\",\"publisher\":{\"@id\":\"https:\\\/\\\/hutfactory.com\\\/#organization\"},\"alternateName\":\"Hut Shop\",\"potentialAction\":[{\"@type\":\"SearchAction\",\"target\":{\"@type\":\"EntryPoint\",\"urlTemplate\":\"https:\\\/\\\/hutfactory.com\\\/?s={search_term_string}\"},\"query-input\":{\"@type\":\"PropertyValueSpecification\",\"valueRequired\":true,\"valueName\":\"search_term_string\"}}],\"inLanguage\":\"de\"},{\"@type\":\"Organization\",\"@id\":\"https:\\\/\\\/hutfactory.com\\\/#organization\",\"name\":\"Hut Factory\",\"url\":\"https:\\\/\\\/hutfactory.com\\\/\",\"logo\":{\"@type\":\"ImageObject\",\"inLanguage\":\"de\",\"@id\":\"https:\\\/\\\/hutfactory.com\\\/#\\\/schema\\\/logo\\\/image\\\/\",\"url\":\"https:\\\/\\\/hutfactory.com\\\/wp-content\\\/uploads\\\/2026\\\/01\\\/Logo-hut-factory-1.webp\",\"contentUrl\":\"https:\\\/\\\/hutfactory.com\\\/wp-content\\\/uploads\\\/2026\\\/01\\\/Logo-hut-factory-1.webp\",\"width\":300,\"height\":262,\"caption\":\"Hut Factory\"},\"image\":{\"@id\":\"https:\\\/\\\/hutfactory.com\\\/#\\\/schema\\\/logo\\\/image\\\/\"}}]}<\/script>\n<!-- \/ Yoast SEO Premium plugin. -->","yoast_head_json":{"title":"Wanderhut aus Baumwolle \u0096 Outdoorhut mit Rei\u00dfverschlusstasche","description":"Funktionaler Wanderhut aus Baumwolle in Olive. Mit Rei\u00dfverschlusstasche. Versand aus der Schweiz. Jetzt f\u00fcr jedes Outdoor Abenteuer ger\u00fcstet sein.","robots":{"index":"index","follow":"follow","max-snippet":"max-snippet:-1","max-image-preview":"max-image-preview:large","max-video-preview":"max-video-preview:-1"},"canonical":"https:\/\/hutfactory.com\/?product=wanderhut-fuer-jedes-outdoor-abenteuer","og_locale":"de_DE","og_type":"article","og_title":"Wanderhut f\u00fcr jedes Outdoor Abenteuer","og_description":"Funktionaler Wanderhut aus Baumwolle in Olive. Mit Rei\u00dfverschlusstasche. Versand aus der Schweiz. Jetzt f\u00fcr jedes Outdoor Abenteuer ger\u00fcstet sein.","og_url":"https:\/\/hutfactory.com\/?product=wanderhut-fuer-jedes-outdoor-abenteuer","og_site_name":"Hut Factory","article_modified_time":"2026-03-12T05:11:16+00:00","og_image":[{"width":750,"height":750,"url":"https:\/\/hutfactory.com\/wp-content\/uploads\/2026\/03\/06999.2.webp","type":"image\/webp"}],"twitter_card":"summary_large_image","twitter_misc":{"Gesch\u00e4tzte Lesezeit":"2\u00a0Minuten"},"schema":{"@context":"https:\/\/schema.org","@graph":[{"@type":"WebPage","@id":"https:\/\/hutfactory.com\/?product=wanderhut-fuer-jedes-outdoor-abenteuer","url":"https:\/\/hutfactory.com\/?product=wanderhut-fuer-jedes-outdoor-abenteuer","name":"Wanderhut aus Baumwolle \u0096 Outdoorhut mit Rei\u00dfverschlusstasche","isPartOf":{"@id":"https:\/\/hutfactory.com\/#website"},"primaryImageOfPage":{"@id":"https:\/\/hutfactory.com\/?product=wanderhut-fuer-jedes-outdoor-abenteuer#primaryimage"},"image":{"@id":"https:\/\/hutfactory.com\/?product=wanderhut-fuer-jedes-outdoor-abenteuer#primaryimage"},"thumbnailUrl":"https:\/\/hutfactory.com\/wp-content\/uploads\/2026\/03\/06999.2.webp","datePublished":"2026-03-10T10:40:56+00:00","dateModified":"2026-03-12T05:11:16+00:00","description":"Funktionaler Wanderhut aus Baumwolle in Olive. Mit Rei\u00dfverschlusstasche. Versand aus der Schweiz. Jetzt f\u00fcr jedes Outdoor Abenteuer ger\u00fcstet sein.","breadcrumb":{"@id":"https:\/\/hutfactory.com\/?product=wanderhut-fuer-jedes-outdoor-abenteuer#breadcrumb"},"inLanguage":"de","potentialAction":[{"@type":"ReadAction","target":["https:\/\/hutfactory.com\/?product=wanderhut-fuer-jedes-outdoor-abenteuer"]}]},{"@type":"ImageObject","inLanguage":"de","@id":"https:\/\/hutfactory.com\/?product=wanderhut-fuer-jedes-outdoor-abenteuer#primaryimage","url":"https:\/\/hutfactory.com\/wp-content\/uploads\/2026\/03\/06999.2.webp","contentUrl":"https:\/\/hutfactory.com\/wp-content\/uploads\/2026\/03\/06999.2.webp","width":750,"height":750,"caption":"ideal f\u00fcr Outdoor-Aktivit\u00e4ten|Olivgr\u00fcner Wanderhut aus 100% Baumwolle mit praktischer Rei\u00dfverschlusstasche"},{"@type":"BreadcrumbList","@id":"https:\/\/hutfactory.com\/?product=wanderhut-fuer-jedes-outdoor-abenteuer#breadcrumb","itemListElement":[{"@type":"ListItem","position":1,"name":"Start","item":"https:\/\/hutfactory.com\/"},{"@type":"ListItem","position":2,"name":"Shop","item":"https:\/\/hutfactory.com\/?page_id=10"},{"@type":"ListItem","position":3,"name":"Wanderhut f\u00fcr jedes Outdoor Abenteuer"}]},{"@type":"WebSite","@id":"https:\/\/hutfactory.com\/#website","url":"https:\/\/hutfactory.com\/","name":"Hut Factory","description":"H\u00fcte, Kappen &amp; M\u00fctzen in Top Swiss\/EU Qualit\u00e4t","publisher":{"@id":"https:\/\/hutfactory.com\/#organization"},"alternateName":"Hut Shop","potentialAction":[{"@type":"SearchAction","target":{"@type":"EntryPoint","urlTemplate":"https:\/\/hutfactory.com\/?s={search_term_string}"},"query-input":{"@type":"PropertyValueSpecification","valueRequired":true,"valueName":"search_term_string"}}],"inLanguage":"de"},{"@type":"Organization","@id":"https:\/\/hutfactory.com\/#organization","name":"Hut Factory","url":"https:\/\/hutfactory.com\/","logo":{"@type":"ImageObject","inLanguage":"de","@id":"https:\/\/hutfactory.com\/#\/schema\/logo\/image\/","url":"https:\/\/hutfactory.com\/wp-content\/uploads\/2026\/01\/Logo-hut-factory-1.webp","contentUrl":"https:\/\/hutfactory.com\/wp-content\/uploads\/2026\/01\/Logo-hut-factory-1.webp","width":300,"height":262,"caption":"Hut Factory"},"image":{"@id":"https:\/\/hutfactory.com\/#\/schema\/logo\/image\/"}}]}},"_links":{"self":[{"href":"https:\/\/hutfactory.com\/index.php?rest_route=\/wp\/v2\/product\/19100","targetHints":{"allow":["GET"]}}],"collection":[{"href":"https:\/\/hutfactory.com\/index.php?rest_route=\/wp\/v2\/product"}],"about":[{"href":"https:\/\/hutfactory.com\/index.php?rest_route=\/wp\/v2\/types\/product"}],"wp:featuredmedia":[{"embeddable":true,"href":"https:\/\/hutfactory.com\/index.php?rest_route=\/wp\/v2\/media\/19101"}],"wp:attachment":[{"href":"https:\/\/hutfactory.com\/index.php?rest_route=%2Fwp%2Fv2%2Fmedia&parent=19100"}],"wp:term":[{"taxonomy":"product_brand","embeddable":true,"href":"https:\/\/hutfactory.com\/index.php?rest_route=%2Fwp%2Fv2%2Fproduct_brand&post=19100"},{"taxonomy":"product_cat","embeddable":true,"href":"https:\/\/hutfactory.com\/index.php?rest_route=%2Fwp%2Fv2%2Fproduct_cat&post=19100"},{"taxonomy":"product_tag","embeddable":true,"href":"https:\/\/hutfactory.com\/index.php?rest_route=%2Fwp%2Fv2%2Fproduct_tag&post=19100"}],"curies":[{"name":"wp","href":"https:\/\/api.w.org\/{rel}","templated":true}]}}