{"id":19046,"date":"2026-03-10T10:39:52","date_gmt":"2026-03-10T10:39:52","guid":{"rendered":"https:\/\/hutfactory.com\/?product=strohhut-trilby-mit-edelweissband"},"modified":"2026-03-12T05:25:12","modified_gmt":"2026-03-12T05:25:12","slug":"strohhut-trilby-mit-edelweissband","status":"publish","type":"product","link":"https:\/\/hutfactory.com\/?product=strohhut-trilby-mit-edelweissband","title":{"rendered":"Strohhut Trilby mit Edelweissband"},"content":{"rendered":"<h3 data-start=\"468\" data-end=\"519\"><strong>Alpiner Charme mit luftigem Twist<\/strong><\/h3>\n<p data-start=\"520\" data-end=\"913\">Die markant nach hinten gekippte Krempe, die charakteristisch flache Trilby-Krone und die luftig durchbrochene Flechtung machen diesen Sommerhut zum echten Lieblingsst\u00fcck. Das Edelweissband, inspiriert von der Schweizer Bergwelt, verleiht jedem Modell eine pers\u00f6nliche Note. Ob zur Lederhose oder zum Sommerkleid \u0096 dieser Hut ist ein authentischer Blickfang f\u00fcr alle, die das Besondere suchen.<\/p>\n<p data-start=\"915\" data-end=\"938\"><strong data-start=\"915\" data-end=\"936\">Perfekt f\u00fcr<\/strong><\/p>\n<ul>\n<li data-start=\"940\" data-end=\"1152\"><strong data-start=\"940\" data-end=\"967\">Sommerliche Anl\u00e4sse: <\/strong>Ob bei der Wanderpause auf der Sonnenterrasse, am See oder bei der Gartenparty \u0096 die luftige Flechtung sorgt f\u00fcr optimale Bel\u00fcftung und angenehmen Tragekomfort, auch an hei\u00dfen Tagen.<\/li>\n<li data-start=\"1154\" data-end=\"1347\"><strong data-start=\"1154\" data-end=\"1182\">Traditionelle Events: <\/strong>Ideal f\u00fcr Volksfeste, Alph\u00fctten-Abende oder musikalische Sommerveranstaltungen \u0096 das Edelweissband betont den traditionellen Charakter, ohne altmodisch zu wirken.<\/li>\n<li data-start=\"1349\" data-end=\"1546\"><strong data-start=\"1349\" data-end=\"1379\">Natur- und Modebewusst: <\/strong>Gefertigt aus nat\u00fcrlichem Bowens-Stroh und mit Liebe zum Detail verarbeitet \u0096 f\u00fcr alle, die regionale Handwerkskunst und nachhaltige Materialien zu sch\u00e4tzen wissen.<\/li>\n<\/ul>\n<div class=\"hf-accordions\">\n<hr class=\"hf-accordion-separator\" \/>\n<details class=\"hf-accordion\">\n<summary><strong>\u25b6\ufe0f Gut zu wissen \u2013 mehr erfahren<\/strong><\/summary>\n<div class=\"hf-accordion-content\">\n<h3 data-start=\"1548\" data-end=\"1582\"><strong data-start=\"1552\" data-end=\"1580\">Eigenschaften &amp; Details:<\/strong><\/h3>\n<p data-start=\"1583\" data-end=\"2006\"><strong data-start=\"1583\" data-end=\"1596\">Material:<\/strong> 100% Stroh (Bowens) \u0096 leicht, atmungsaktiv und naturbelassen<br data-start=\"1657\" data-end=\"1660\" \/><strong data-start=\"1660\" data-end=\"1671\">Farben:<\/strong> Natur mit Edelweissband in Cielblau oder Anthrazit \u0096 charmant, traditionell und vielseitig kombinierbar<br data-start=\"1775\" data-end=\"1778\" \/><strong data-start=\"1778\" data-end=\"1791\">Garnitur:<\/strong> Aufwendig gewebtes Edelweiss-Hutband mit floralen Akzenten<br data-start=\"1850\" data-end=\"1853\" \/><strong data-start=\"1853\" data-end=\"1864\">Gr\u00f6\u00dfen:<\/strong> 55 (54\u009655), 57 (56\u009657), 59 (58\u009659), 61 (60\u009661), 63 (62\u009663)<br data-start=\"1923\" data-end=\"1926\" \/><strong data-start=\"1926\" data-end=\"1937\">Krempe:<\/strong> Dezente Trilby-Krempe f\u00fcr modischen Schwung und sch\u00fctzenden Schatten<\/p>\n<h3 data-start=\"2008\" data-end=\"2040\"><strong data-start=\"2012\" data-end=\"2038\">Design &amp; Verarbeitung:<\/strong><\/h3>\n<p data-start=\"2041\" data-end=\"2324\">Die offene Flechtung im oberen Bereich der Hutkrone sorgt nicht nur f\u00fcr ein luftiges Tragegef\u00fchl, sondern verleiht dem Modell seinen typischen Sommer-Look. Die klassische Trilby-Silhouette mit schmalem Rand rundet das Design stilvoll ab \u0096 ein leichtes Accessoire mit starker Wirkung.<\/p>\n<h3 data-start=\"2326\" data-end=\"2375\"><strong data-start=\"2330\" data-end=\"2373\">Handgefertigt in der Schweiz &amp; Italien:<\/strong><\/h3>\n<p data-start=\"2376\" data-end=\"2665\">Mit jahrzehntelanger Erfahrung entwirft die Risa Hutmanufaktur in der Schweiz alle Modelle mit h\u00f6chsten Anspr\u00fcchen an Qualit\u00e4t und Design. Die Herstellung erfolgt in sorgf\u00e4ltiger Handarbeit in kleinen Familienbetrieben in Europa \u0096 ein Garant f\u00fcr einzigartige St\u00fccke, fernab von Massenware.<\/p>\n<h3 data-start=\"2667\" data-end=\"2703\"><strong data-start=\"2671\" data-end=\"2701\">Nachhaltigkeit &amp; Qualit\u00e4t:<\/strong><\/h3>\n<p data-start=\"2704\" data-end=\"2999\"><strong data-start=\"2704\" data-end=\"2731\">Nat\u00fcrliche Materialien:<\/strong> Bowens-Stroh \u0096 biologisch abbaubar, langlebig, regional verarbeitet<br data-start=\"2799\" data-end=\"2802\" \/><strong data-start=\"2802\" data-end=\"2829\">Tradition &amp; Handarbeit:<\/strong> Jeder Hut ist ein handgefertigtes Unikat<br data-start=\"2870\" data-end=\"2873\" \/><strong data-start=\"2873\" data-end=\"2896\">Langlebig &amp; robust:<\/strong> Trotz Leichtigkeit bestens f\u00fcr den Alltag geeignet \u0096 bei richtiger Pflege ein treuer Sommerbegleiter<\/p>\n<h3 data-start=\"3001\" data-end=\"3033\"><strong data-start=\"3005\" data-end=\"3031\">Herstellung &amp; Versand:<\/strong><\/h3>\n<p data-start=\"3034\" data-end=\"3274\"><strong data-start=\"3034\" data-end=\"3048\">Fertigung:<\/strong> in kleiner St\u00fcckzahl in der Schweiz &amp; Italien<br data-start=\"3094\" data-end=\"3097\" \/><strong data-start=\"3097\" data-end=\"3109\">Versand:<\/strong> innerhalb weniger Tage ab Lager Schweiz<br data-start=\"3149\" data-end=\"3152\" \/><strong data-start=\"3152\" data-end=\"3165\">Garantie:<\/strong> Umtausch nur bei Material- oder Herstellungsfehlern<br data-start=\"3217\" data-end=\"3220\" \/><strong data-start=\"3220\" data-end=\"3238\">Verf\u00fcgbarkeit:<\/strong> Limitiert \u0096 solange Vorrat reicht<\/p>\n<\/div>\n<\/details>\n<details class=\"hf-accordion\">\n<summary><strong>\u25b6\ufe0f FAQ \u2013 H\u00e4ufige Fragen<\/strong><\/summary>\n<div class=\"hf-accordion-content\">\n<h3 data-start=\"3276\" data-end=\"3307\"><strong data-start=\"3280\" data-end=\"3305\">AQ \u0096 H\u00e4ufige Fragen:<\/strong><\/h3>\n<p data-start=\"3309\" data-end=\"3434\"><strong data-start=\"3309\" data-end=\"3367\">Ist der Hut auch bei starker Hitze angenehm zu tragen?<\/strong><br data-start=\"3367\" data-end=\"3370\" \/>Ja, die offene Flechtstruktur sorgt f\u00fcr beste Luftzirkulation.<\/p>\n<p data-start=\"3436\" data-end=\"3545\"><strong data-start=\"3436\" data-end=\"3478\">Passt dieser Hut auch zu Trachtenmode?<\/strong><br data-start=\"3478\" data-end=\"3481\" \/>Absolut! Das Edelweissband wurde bewusst traditionell designt.<\/p>\n<p data-start=\"3547\" data-end=\"3682\"><strong data-start=\"3547\" data-end=\"3596\">Kann ich den Hut individuell anpassen lassen?<\/strong><br data-start=\"3596\" data-end=\"3599\" \/>Der Hut ist in f\u00fcnf Gr\u00f6\u00dfen erh\u00e4ltlich, Sonderanfertigungen sind nicht vorgesehen.<\/p>\n<p data-start=\"3684\" data-end=\"3778\"><strong data-start=\"3684\" data-end=\"3714\">Ist das Band fest vern\u00e4ht?<\/strong><br data-start=\"3714\" data-end=\"3717\" \/>Ja, die Garnitur ist fest verarbeitet und verrutscht nicht.<\/p>\n<p data-start=\"3780\" data-end=\"3894\"><strong data-start=\"3780\" data-end=\"3822\">Wie bewahre ich den Hut am besten auf?<\/strong><br data-start=\"3822\" data-end=\"3825\" \/>Trocken lagern, vor Druck sch\u00fctzen \u0096 mehr dazu im Pflegelink unten.<\/p>\n<\/div>\n<\/details>\n<\/div>\n","protected":false},"excerpt":{"rendered":"<h3 class=\"\" data-start=\"79\" data-end=\"122\"><strong data-start=\"83\" data-end=\"120\">Alpiner Charme mit luftigem Twist<\/strong><\/h3>\n<p class=\"\" data-start=\"123\" data-end=\"466\">Ein Must-have f\u00fcr Liebhaber traditioneller Sommeraccessoires mit moderner Note: Der Trilby aus naturfarbenem Bowens-Stroh vereint luftige Flechtstruktur mit einem charmanten Edelweiss-Hutband \u0096 wahlweise in Cielblau oder klassischem Anthrazit. Eine Hommage an alpine Lebensfreude und Handwerkskunst, die Gesicht und Stil gleicherma\u00dfen sch\u00fctzt.<\/p>\n<p data-start=\"123\" data-end=\"466\">PS: Dieser Hut ist ein Basic-Artikel und bleibt im Sortiment bestehen. Ab Lager verf\u00fcgbar, Zwischenverkauf vorbehalten, jedoch eine Vorbestellung f\u00fcr eine Nachlieferung immer m\u00f6glich. F\u00fcr weitere Info senden Sie uns ein Mail unter: info@hut-factroy.com.<\/p>\n","protected":false},"featured_media":19047,"template":"","meta":{"_acf_changed":false,"rs_blank_template":"","rs_page_bg_color":"","slide_template_v7":""},"product_brand":[250],"product_cat":[277,275,600],"product_tag":[],"class_list":{"0":"post-19046","1":"product","2":"type-product","3":"status-publish","4":"has-post-thumbnail","6":"product_brand-risa-hutwerkstatt-schweiz","7":"product_cat-reise-sommerhuete","8":"product_cat-sommerhuete","9":"product_cat-trilby-sommerhuete","10":"product_shipping_class-mittlere-pakete","11":"pa_color-anthrazit","12":"pa_color-ciel","13":"pa_groesse-55-54-55","14":"pa_groesse-57-56-57","15":"pa_groesse-59-58-59","16":"pa_groesse-61-60-61","17":"pa_groesse-63-62-63","18":"yith_product_brand-risa-hutwerkstatt-schweiz","21":"instock","22":"taxable","23":"shipping-taxable","24":"purchasable","25":"product-type-variable","26":"wvs-archive-product-wrapper","27":"add-to-wishlist-after_add_to_cart"},"acf":[],"yoast_head":"<!-- This site is optimized with the Yoast SEO Premium plugin v27.3 (Yoast SEO v27.3) - https:\/\/yoast.com\/product\/yoast-seo-premium-wordpress\/ -->\n<title>Trilby Strohhut mit Edelweissband \u0096 luftig &amp; traditionell<\/title>\n<meta name=\"description\" content=\"Luftiger Trilby Strohhut mit Edelweissband \u0096 handgefertigt, traditionell &amp; charmant. Ideal f\u00fcr Sommer &amp; Feste.\" \/>\n<meta name=\"robots\" content=\"index, follow, max-snippet:-1, max-image-preview:large, max-video-preview:-1\" \/>\n<link rel=\"canonical\" href=\"https:\/\/hutfactory.com\/?product=strohhut-trilby-mit-edelweissband\" \/>\n<meta property=\"og:locale\" content=\"de_DE\" \/>\n<meta property=\"og:type\" content=\"article\" \/>\n<meta property=\"og:title\" content=\"Strohhut Trilby mit Edelweissband\" \/>\n<meta property=\"og:description\" content=\"Luftiger Trilby Strohhut mit Edelweissband \u0096 handgefertigt, traditionell &amp; charmant. Ideal f\u00fcr Sommer &amp; Feste.\" \/>\n<meta property=\"og:url\" content=\"https:\/\/hutfactory.com\/?product=strohhut-trilby-mit-edelweissband\" \/>\n<meta property=\"og:site_name\" content=\"Hut Factory\" \/>\n<meta property=\"article:modified_time\" content=\"2026-03-12T05:25:12+00:00\" \/>\n<meta property=\"og:image\" content=\"https:\/\/hutfactory.com\/wp-content\/uploads\/2026\/03\/51753.webp\" \/>\n\t<meta property=\"og:image:width\" content=\"750\" \/>\n\t<meta property=\"og:image:height\" content=\"750\" \/>\n\t<meta property=\"og:image:type\" content=\"image\/webp\" \/>\n<meta name=\"twitter:card\" content=\"summary_large_image\" \/>\n<meta name=\"twitter:label1\" content=\"Gesch\u00e4tzte Lesezeit\" \/>\n\t<meta name=\"twitter:data1\" content=\"3\u00a0Minuten\" \/>\n<script type=\"application\/ld+json\" class=\"yoast-schema-graph\">{\"@context\":\"https:\\\/\\\/schema.org\",\"@graph\":[{\"@type\":\"WebPage\",\"@id\":\"https:\\\/\\\/hutfactory.com\\\/?product=strohhut-trilby-mit-edelweissband\",\"url\":\"https:\\\/\\\/hutfactory.com\\\/?product=strohhut-trilby-mit-edelweissband\",\"name\":\"Trilby Strohhut mit Edelweissband \u0096 luftig & traditionell\",\"isPartOf\":{\"@id\":\"https:\\\/\\\/hutfactory.com\\\/#website\"},\"primaryImageOfPage\":{\"@id\":\"https:\\\/\\\/hutfactory.com\\\/?product=strohhut-trilby-mit-edelweissband#primaryimage\"},\"image\":{\"@id\":\"https:\\\/\\\/hutfactory.com\\\/?product=strohhut-trilby-mit-edelweissband#primaryimage\"},\"thumbnailUrl\":\"https:\\\/\\\/hutfactory.com\\\/wp-content\\\/uploads\\\/2026\\\/03\\\/51753.webp\",\"datePublished\":\"2026-03-10T10:39:52+00:00\",\"dateModified\":\"2026-03-12T05:25:12+00:00\",\"description\":\"Luftiger Trilby Strohhut mit Edelweissband \u0096 handgefertigt, traditionell & charmant. Ideal f\u00fcr Sommer & Feste.\",\"breadcrumb\":{\"@id\":\"https:\\\/\\\/hutfactory.com\\\/?product=strohhut-trilby-mit-edelweissband#breadcrumb\"},\"inLanguage\":\"de\",\"potentialAction\":[{\"@type\":\"ReadAction\",\"target\":[\"https:\\\/\\\/hutfactory.com\\\/?product=strohhut-trilby-mit-edelweissband\"]}]},{\"@type\":\"ImageObject\",\"inLanguage\":\"de\",\"@id\":\"https:\\\/\\\/hutfactory.com\\\/?product=strohhut-trilby-mit-edelweissband#primaryimage\",\"url\":\"https:\\\/\\\/hutfactory.com\\\/wp-content\\\/uploads\\\/2026\\\/03\\\/51753.webp\",\"contentUrl\":\"https:\\\/\\\/hutfactory.com\\\/wp-content\\\/uploads\\\/2026\\\/03\\\/51753.webp\",\"width\":750,\"height\":750,\"caption\":\"designt von der Schweizer Hutmanufaktur Risa.|Luftiger Strohhut mit ge\u00f6ffneter Krone und traditioneller Edelweissgarnitur \u0096 gefertigt aus naturbelassenem Bowens-Stroh\"},{\"@type\":\"BreadcrumbList\",\"@id\":\"https:\\\/\\\/hutfactory.com\\\/?product=strohhut-trilby-mit-edelweissband#breadcrumb\",\"itemListElement\":[{\"@type\":\"ListItem\",\"position\":1,\"name\":\"Start\",\"item\":\"https:\\\/\\\/hutfactory.com\\\/\"},{\"@type\":\"ListItem\",\"position\":2,\"name\":\"Shop\",\"item\":\"https:\\\/\\\/hutfactory.com\\\/?page_id=10\"},{\"@type\":\"ListItem\",\"position\":3,\"name\":\"Strohhut Trilby mit Edelweissband\"}]},{\"@type\":\"WebSite\",\"@id\":\"https:\\\/\\\/hutfactory.com\\\/#website\",\"url\":\"https:\\\/\\\/hutfactory.com\\\/\",\"name\":\"Hut Factory\",\"description\":\"H\u00fcte, Kappen &amp; M\u00fctzen in Top Swiss\\\/EU Qualit\u00e4t\",\"publisher\":{\"@id\":\"https:\\\/\\\/hutfactory.com\\\/#organization\"},\"alternateName\":\"Hut Shop\",\"potentialAction\":[{\"@type\":\"SearchAction\",\"target\":{\"@type\":\"EntryPoint\",\"urlTemplate\":\"https:\\\/\\\/hutfactory.com\\\/?s={search_term_string}\"},\"query-input\":{\"@type\":\"PropertyValueSpecification\",\"valueRequired\":true,\"valueName\":\"search_term_string\"}}],\"inLanguage\":\"de\"},{\"@type\":\"Organization\",\"@id\":\"https:\\\/\\\/hutfactory.com\\\/#organization\",\"name\":\"Hut Factory\",\"url\":\"https:\\\/\\\/hutfactory.com\\\/\",\"logo\":{\"@type\":\"ImageObject\",\"inLanguage\":\"de\",\"@id\":\"https:\\\/\\\/hutfactory.com\\\/#\\\/schema\\\/logo\\\/image\\\/\",\"url\":\"https:\\\/\\\/hutfactory.com\\\/wp-content\\\/uploads\\\/2026\\\/01\\\/Logo-hut-factory-1.webp\",\"contentUrl\":\"https:\\\/\\\/hutfactory.com\\\/wp-content\\\/uploads\\\/2026\\\/01\\\/Logo-hut-factory-1.webp\",\"width\":300,\"height\":262,\"caption\":\"Hut Factory\"},\"image\":{\"@id\":\"https:\\\/\\\/hutfactory.com\\\/#\\\/schema\\\/logo\\\/image\\\/\"}}]}<\/script>\n<!-- \/ Yoast SEO Premium plugin. -->","yoast_head_json":{"title":"Trilby Strohhut mit Edelweissband \u0096 luftig & traditionell","description":"Luftiger Trilby Strohhut mit Edelweissband \u0096 handgefertigt, traditionell & charmant. Ideal f\u00fcr Sommer & Feste.","robots":{"index":"index","follow":"follow","max-snippet":"max-snippet:-1","max-image-preview":"max-image-preview:large","max-video-preview":"max-video-preview:-1"},"canonical":"https:\/\/hutfactory.com\/?product=strohhut-trilby-mit-edelweissband","og_locale":"de_DE","og_type":"article","og_title":"Strohhut Trilby mit Edelweissband","og_description":"Luftiger Trilby Strohhut mit Edelweissband \u0096 handgefertigt, traditionell & charmant. Ideal f\u00fcr Sommer & Feste.","og_url":"https:\/\/hutfactory.com\/?product=strohhut-trilby-mit-edelweissband","og_site_name":"Hut Factory","article_modified_time":"2026-03-12T05:25:12+00:00","og_image":[{"width":750,"height":750,"url":"https:\/\/hutfactory.com\/wp-content\/uploads\/2026\/03\/51753.webp","type":"image\/webp"}],"twitter_card":"summary_large_image","twitter_misc":{"Gesch\u00e4tzte Lesezeit":"3\u00a0Minuten"},"schema":{"@context":"https:\/\/schema.org","@graph":[{"@type":"WebPage","@id":"https:\/\/hutfactory.com\/?product=strohhut-trilby-mit-edelweissband","url":"https:\/\/hutfactory.com\/?product=strohhut-trilby-mit-edelweissband","name":"Trilby Strohhut mit Edelweissband \u0096 luftig & traditionell","isPartOf":{"@id":"https:\/\/hutfactory.com\/#website"},"primaryImageOfPage":{"@id":"https:\/\/hutfactory.com\/?product=strohhut-trilby-mit-edelweissband#primaryimage"},"image":{"@id":"https:\/\/hutfactory.com\/?product=strohhut-trilby-mit-edelweissband#primaryimage"},"thumbnailUrl":"https:\/\/hutfactory.com\/wp-content\/uploads\/2026\/03\/51753.webp","datePublished":"2026-03-10T10:39:52+00:00","dateModified":"2026-03-12T05:25:12+00:00","description":"Luftiger Trilby Strohhut mit Edelweissband \u0096 handgefertigt, traditionell & charmant. Ideal f\u00fcr Sommer & Feste.","breadcrumb":{"@id":"https:\/\/hutfactory.com\/?product=strohhut-trilby-mit-edelweissband#breadcrumb"},"inLanguage":"de","potentialAction":[{"@type":"ReadAction","target":["https:\/\/hutfactory.com\/?product=strohhut-trilby-mit-edelweissband"]}]},{"@type":"ImageObject","inLanguage":"de","@id":"https:\/\/hutfactory.com\/?product=strohhut-trilby-mit-edelweissband#primaryimage","url":"https:\/\/hutfactory.com\/wp-content\/uploads\/2026\/03\/51753.webp","contentUrl":"https:\/\/hutfactory.com\/wp-content\/uploads\/2026\/03\/51753.webp","width":750,"height":750,"caption":"designt von der Schweizer Hutmanufaktur Risa.|Luftiger Strohhut mit ge\u00f6ffneter Krone und traditioneller Edelweissgarnitur \u0096 gefertigt aus naturbelassenem Bowens-Stroh"},{"@type":"BreadcrumbList","@id":"https:\/\/hutfactory.com\/?product=strohhut-trilby-mit-edelweissband#breadcrumb","itemListElement":[{"@type":"ListItem","position":1,"name":"Start","item":"https:\/\/hutfactory.com\/"},{"@type":"ListItem","position":2,"name":"Shop","item":"https:\/\/hutfactory.com\/?page_id=10"},{"@type":"ListItem","position":3,"name":"Strohhut Trilby mit Edelweissband"}]},{"@type":"WebSite","@id":"https:\/\/hutfactory.com\/#website","url":"https:\/\/hutfactory.com\/","name":"Hut Factory","description":"H\u00fcte, Kappen &amp; M\u00fctzen in Top Swiss\/EU Qualit\u00e4t","publisher":{"@id":"https:\/\/hutfactory.com\/#organization"},"alternateName":"Hut Shop","potentialAction":[{"@type":"SearchAction","target":{"@type":"EntryPoint","urlTemplate":"https:\/\/hutfactory.com\/?s={search_term_string}"},"query-input":{"@type":"PropertyValueSpecification","valueRequired":true,"valueName":"search_term_string"}}],"inLanguage":"de"},{"@type":"Organization","@id":"https:\/\/hutfactory.com\/#organization","name":"Hut Factory","url":"https:\/\/hutfactory.com\/","logo":{"@type":"ImageObject","inLanguage":"de","@id":"https:\/\/hutfactory.com\/#\/schema\/logo\/image\/","url":"https:\/\/hutfactory.com\/wp-content\/uploads\/2026\/01\/Logo-hut-factory-1.webp","contentUrl":"https:\/\/hutfactory.com\/wp-content\/uploads\/2026\/01\/Logo-hut-factory-1.webp","width":300,"height":262,"caption":"Hut Factory"},"image":{"@id":"https:\/\/hutfactory.com\/#\/schema\/logo\/image\/"}}]}},"_links":{"self":[{"href":"https:\/\/hutfactory.com\/index.php?rest_route=\/wp\/v2\/product\/19046","targetHints":{"allow":["GET"]}}],"collection":[{"href":"https:\/\/hutfactory.com\/index.php?rest_route=\/wp\/v2\/product"}],"about":[{"href":"https:\/\/hutfactory.com\/index.php?rest_route=\/wp\/v2\/types\/product"}],"wp:featuredmedia":[{"embeddable":true,"href":"https:\/\/hutfactory.com\/index.php?rest_route=\/wp\/v2\/media\/19047"}],"wp:attachment":[{"href":"https:\/\/hutfactory.com\/index.php?rest_route=%2Fwp%2Fv2%2Fmedia&parent=19046"}],"wp:term":[{"taxonomy":"product_brand","embeddable":true,"href":"https:\/\/hutfactory.com\/index.php?rest_route=%2Fwp%2Fv2%2Fproduct_brand&post=19046"},{"taxonomy":"product_cat","embeddable":true,"href":"https:\/\/hutfactory.com\/index.php?rest_route=%2Fwp%2Fv2%2Fproduct_cat&post=19046"},{"taxonomy":"product_tag","embeddable":true,"href":"https:\/\/hutfactory.com\/index.php?rest_route=%2Fwp%2Fv2%2Fproduct_tag&post=19046"}],"curies":[{"name":"wp","href":"https:\/\/api.w.org\/{rel}","templated":true}]}}