{"id":19033,"date":"2026-03-10T10:39:52","date_gmt":"2026-03-10T10:39:52","guid":{"rendered":"https:\/\/hutfactory.com\/?product=sommerhut-fedora-traveler-mit-breiter-garnitur"},"modified":"2026-03-12T05:11:08","modified_gmt":"2026-03-12T05:11:08","slug":"sommerhut-fedora-traveler-mit-breiter-garnitur","status":"publish","type":"product","link":"https:\/\/hutfactory.com\/?product=sommerhut-fedora-traveler-mit-breiter-garnitur","title":{"rendered":"Sommerhut Fedora Traveler mit breiter Garnitur"},"content":{"rendered":"<h3 class=\"\" data-start=\"336\" data-end=\"375\"><strong data-start=\"340\" data-end=\"375\">Ein Klassiker neu interpretiert<\/strong><\/h3>\n<p class=\"\" data-start=\"376\" data-end=\"788\">Mit seiner markanten Fedora-Krone und der sanft geschwungenen Krempe bringt dieser Hut subtile Raffinesse in jedes Sommer-Outfit. Das aufwendig verarbeitete Viskosegeflecht sorgt f\u00fcr eine angenehme Bel\u00fcftung \u0096 perfekt f\u00fcr hei\u00dfe Tage. Farblich \u00fcberzeugt das Modell in drei harmonischen T\u00f6nen, erg\u00e4nzt durch ein breites Rebsband mit eleganter Masche. Ein Modell, das urbanen Chic mit mediterranem Flair kombiniert.<\/p>\n<p class=\"\" data-start=\"790\" data-end=\"809\"><strong data-start=\"790\" data-end=\"809\">Perfekt f\u00fcr\u0085 ??<\/strong><\/p>\n<p class=\"\" data-start=\"811\" data-end=\"969\"><strong data-start=\"811\" data-end=\"838\">?? Sommerliche Anl\u00e4sse:<\/strong><br data-start=\"838\" data-end=\"841\" \/>Ob beim Stadtbummel, am See oder auf der Terrasse eines Gartenlokals \u0096 dieser Hut ist ein Must-have f\u00fcr stilvolle Sonnenstunden.<\/p>\n<p class=\"\" data-start=\"971\" data-end=\"1150\"><strong data-start=\"971\" data-end=\"994\">?? Elegante Events:<\/strong><br data-start=\"994\" data-end=\"997\" \/>Die klare Linienf\u00fchrung und das schlichte Rebsband machen ihn zu einem stilvollen Begleiter f\u00fcr Gartenpartys, Ausstellungen oder sommerliche Vernissagen.<\/p>\n<p class=\"\" data-start=\"1152\" data-end=\"1312\"><strong data-start=\"1152\" data-end=\"1182\">?? Natur- und Modebewusst:<\/strong><br data-start=\"1182\" data-end=\"1185\" \/>Aus 100% Viskose gefertigt \u0096 ein Material, das nicht nur angenehm leicht ist, sondern auch durch seine feine Struktur besticht.<\/p>\n<div class=\"hf-accordions\">\n<hr class=\"hf-accordion-separator\" \/>\n<details class=\"hf-accordion\">\n<summary><strong>\u25b6\ufe0f Gut zu wissen \u2013 mehr erfahren<\/strong><\/summary>\n<div class=\"hf-accordion-content\">\n<h3 class=\"\" data-start=\"1314\" data-end=\"1345\"><strong data-start=\"1318\" data-end=\"1345\">Eigenschaften &#038; Details<\/strong><\/h3>\n<ul data-start=\"1346\" data-end=\"1687\">\n<li class=\"\" data-start=\"1346\" data-end=\"1420\">\n<p class=\"\" data-start=\"1348\" data-end=\"1420\"><strong data-start=\"1348\" data-end=\"1361\">Material:<\/strong> 100% Viskose \u0096 glatt, atmungsaktiv und leicht formstabil<\/p>\n<\/li>\n<li class=\"\" data-start=\"1421\" data-end=\"1569\">\n<p class=\"\" data-start=\"1423\" data-end=\"1569\"><strong data-start=\"1423\" data-end=\"1434\">Farben:<\/strong><br data-start=\"1434\" data-end=\"1437\" \/>?1. Schwarz\/Nero mit schwarzem Rebsband<br data-start=\"1476\" data-end=\"1479\" \/>?2. Mittelbeige\/Camel mit beigefarbenem Rebsband<br data-start=\"1527\" data-end=\"1530\" \/>?3. Ciel\/Blau mit hellblauem Rebsband<\/p>\n<\/li>\n<li class=\"\" data-start=\"1570\" data-end=\"1638\">\n<p class=\"\" data-start=\"1572\" data-end=\"1638\"><strong data-start=\"1572\" data-end=\"1585\">Garnitur:<\/strong> Breites Rebsband mit Masche \u0096 schlicht und elegant<\/p>\n<\/li>\n<li class=\"\" data-start=\"1639\" data-end=\"1687\">\n<p class=\"\" data-start=\"1641\" data-end=\"1687\"><strong data-start=\"1641\" data-end=\"1652\">Gr\u00f6\u00dfen:<\/strong> 55 (54\u009655), 57 (56\u009657), 59 (58\u009659)<\/p>\n<\/li>\n<\/ul>\n<h3 class=\"\" data-start=\"1689\" data-end=\"1718\"><strong data-start=\"1693\" data-end=\"1718\">Design &#038; Verarbeitung<\/strong><\/h3>\n<p class=\"\" data-start=\"1719\" data-end=\"2037\">Der Fedora Traveler \u00fcberzeugt mit einer feinen Flechtung, die sowohl dekorativ als auch funktional ist. Die Krone ist leicht eingedr\u00fcckt f\u00fcr einen klassischen Fedora-Look, w\u00e4hrend die Krempe einen dezenten Sonnenschutz bietet. Das stilvolle Rebsband rundet das Gesamtbild ab und verleiht dem Hut eine hochwertige Note.<\/p>\n<h3 class=\"\" data-start=\"2039\" data-end=\"2071\"><strong data-start=\"2043\" data-end=\"2071\">Handgefertigt in Italien<\/strong><\/h3>\n<p class=\"\" data-start=\"2072\" data-end=\"2318\">Jedes Exemplar entsteht in einem traditionsreichen Atelier in Italien \u0096 auf Bestellung der renommierten Schweizer Hutmanufaktur Risa. Dieses Modell steht f\u00fcr pr\u00e4zise Handwerkskunst, die Liebe zum Detail und authentisches Hutmacher-Erbe in Europa.<\/p>\n<h3 class=\"\" data-start=\"2320\" data-end=\"2353\"><strong data-start=\"2324\" data-end=\"2353\">Nachhaltigkeit &#038; Qualit\u00e4t<\/strong><\/h3>\n<ul data-start=\"2354\" data-end=\"2645\">\n<li class=\"\" data-start=\"2354\" data-end=\"2489\">\n<p class=\"\" data-start=\"2356\" data-end=\"2489\"><strong data-start=\"2356\" data-end=\"2383\">Nat\u00fcrliche Materialien:<\/strong> Viskose als vegane Alternative zu Seide \u0096 angenehm zu tragen, biologisch abbaubar und ressourcenschonend.<\/p>\n<\/li>\n<li class=\"\" data-start=\"2490\" data-end=\"2580\">\n<p class=\"\" data-start=\"2492\" data-end=\"2580\"><strong data-start=\"2492\" data-end=\"2519\">Handarbeit &#038; Tradition:<\/strong> Jeder Hut ist ein Unikat, gefertigt in begrenzter St\u00fcckzahl.<\/p>\n<\/li>\n<li class=\"\" data-start=\"2581\" data-end=\"2645\">\n<p class=\"\" data-start=\"2583\" data-end=\"2645\"><strong data-start=\"2583\" data-end=\"2601\">Langlebigkeit:<\/strong> Stabil in der Form, pflegeleicht im Alltag.<\/p>\n<\/li>\n<\/ul>\n<h3 class=\"\" data-start=\"2647\" data-end=\"2676\"><strong data-start=\"2651\" data-end=\"2676\">Herstellung &#038; Versand<\/strong><\/h3>\n<ul data-start=\"2677\" data-end=\"2970\">\n<li class=\"\" data-start=\"2677\" data-end=\"2745\">\n<p class=\"\" data-start=\"2679\" data-end=\"2745\"><strong data-start=\"2679\" data-end=\"2693\">Fertigung:<\/strong> In kleiner Auflage exklusiv in Italien gefertigt.<\/p>\n<\/li>\n<li class=\"\" data-start=\"2746\" data-end=\"2803\">\n<p class=\"\" data-start=\"2748\" data-end=\"2803\"><strong data-start=\"2748\" data-end=\"2760\">Versand:<\/strong> Innerhalb weniger Tage ab Lager Schweiz.<\/p>\n<\/li>\n<li class=\"\" data-start=\"2804\" data-end=\"2905\">\n<p class=\"\" data-start=\"2806\" data-end=\"2905\"><strong data-start=\"2806\" data-end=\"2819\">Garantie:<\/strong> Umtausch nur bei Material- oder Herstellungsfehlern. Kein generelles R\u00fcckgaberecht.<\/p>\n<\/li>\n<li class=\"\" data-start=\"2906\" data-end=\"2970\">\n<p class=\"\" data-start=\"2908\" data-end=\"2970\"><strong data-start=\"2908\" data-end=\"2926\">Verf\u00fcgbarkeit:<\/strong> Abverkauf vorbehalten \u0096 limitierte Edition!<\/p>\n<\/li>\n<\/ul>\n<\/div>\n<\/details>\n<details class=\"hf-accordion\">\n<summary><strong>\u25b6\ufe0f FAQ \u2013 H\u00e4ufige Fragen<\/strong><\/summary>\n<div class=\"hf-accordion-content\">\n<h3 class=\"\" data-start=\"2972\" data-end=\"3009\"><strong data-start=\"2976\" data-end=\"3009\">FAQ \u0096 H\u00e4ufig gestellte Fragen<\/strong><\/h3>\n<p class=\"\" data-start=\"3011\" data-end=\"3142\"><strong data-start=\"3011\" data-end=\"3070\">Ist der Hut luftdurchl\u00e4ssig genug f\u00fcr hei\u00dfe Sommertage?<\/strong><br data-start=\"3070\" data-end=\"3073\" \/>Ja, das feine Viskosegeflecht sorgt f\u00fcr eine hervorragende Bel\u00fcftung.<\/p>\n<p class=\"\" data-start=\"3144\" data-end=\"3295\"><strong data-start=\"3144\" data-end=\"3183\">L\u00e4sst sich der Hut gut kombinieren?<\/strong><br data-start=\"3183\" data-end=\"3186\" \/>Durch seine klare Form und neutralen Farben passt er zu legeren Sommerlooks wie auch zu eleganter Resortmode.<\/p>\n<p class=\"\" data-start=\"3297\" data-end=\"3433\"><strong data-start=\"3297\" data-end=\"3337\">Ist die Krempe stabil oder flexibel?<\/strong><br data-start=\"3337\" data-end=\"3340\" \/>Die Krempe ist leicht flexibel, bleibt aber formstabil \u0096 ideal f\u00fcr stilvolle Schattenwirkung.<\/p>\n<p class=\"\" data-start=\"3435\" data-end=\"3559\"><strong data-start=\"3435\" data-end=\"3476\">Kann ich den Hut knicken oder rollen?<\/strong><br data-start=\"3476\" data-end=\"3479\" \/>Nein, dieser Fedora ist nicht als Rollhut konzipiert \u0096 bitte immer flach lagern.<\/p>\n<p class=\"\" data-start=\"3561\" data-end=\"3677\"><strong data-start=\"3561\" data-end=\"3597\">Wie bewahre ich ihn richtig auf?<\/strong><br data-start=\"3597\" data-end=\"3600\" \/>Trocken lagern, am besten auf einem Huthalter oder in der Originalverpackung.<\/p>\n<\/div>\n<\/details>\n<\/div>\n","protected":false},"excerpt":{"rendered":"<h3 data-start=\"70\" data-end=\"106\"><strong data-start=\"75\" data-end=\"106\">Eleganz trifft Leichtigkeit<\/strong><\/h3>\n<p class=\"\" data-start=\"107\" data-end=\"334\">Ein modisches Statement mit sommerlichem Komfort \u0096 der Sommerhut <em data-start=\"172\" data-end=\"197\">Fedora Traveler Viscose<\/em> mit breitem Hutband verbindet zeitlosen Stil mit luftigem Material. Ideal f\u00fcr alle, die Wert auf Design, Tragekomfort und italienische Handwerkskunst legen.<\/p>\n","protected":false},"featured_media":19034,"template":"","meta":{"_acf_changed":false,"rs_blank_template":"","rs_page_bg_color":"","slide_template_v7":""},"product_brand":[250],"product_cat":[275,612],"product_tag":[],"class_list":{"0":"post-19033","1":"product","2":"type-product","3":"status-publish","4":"has-post-thumbnail","6":"product_brand-risa-hutwerkstatt-schweiz","7":"product_cat-sommerhuete","8":"product_cat-traveler-sommerhuete","9":"product_shipping_class-mittlere-pakete","10":"pa_color-ciel","11":"pa_color-mbeige","12":"pa_color-schwarz","13":"pa_groesse-55-54-55","14":"pa_groesse-57-56-57","15":"pa_groesse-59-58-59","16":"yith_product_brand-risa-hutwerkstatt-schweiz","19":"instock","20":"taxable","21":"shipping-taxable","22":"purchasable","23":"product-type-variable","24":"wvs-archive-product-wrapper","25":"add-to-wishlist-after_add_to_cart"},"acf":[],"yoast_head":"<!-- This site is optimized with the Yoast SEO Premium plugin v27.3 (Yoast SEO v27.3) - https:\/\/yoast.com\/product\/yoast-seo-premium-wordpress\/ -->\n<title>Sommerhut Fedora Traveler \u0096 leicht, elegant &amp; atmungsaktiv<\/title>\n<meta name=\"description\" content=\"Luftiger Sommerhut aus 100% Viskose \u0096 mit breitem Rebsband, elegant &amp; leicht. Jetzt entdecken \u0096 limitierte Auflage!\" \/>\n<meta name=\"robots\" content=\"index, follow, max-snippet:-1, max-image-preview:large, max-video-preview:-1\" \/>\n<link rel=\"canonical\" href=\"https:\/\/hutfactory.com\/?product=sommerhut-fedora-traveler-mit-breiter-garnitur\" \/>\n<meta property=\"og:locale\" content=\"de_DE\" \/>\n<meta property=\"og:type\" content=\"article\" \/>\n<meta property=\"og:title\" content=\"Sommerhut Fedora Traveler mit breiter Garnitur\" \/>\n<meta property=\"og:description\" content=\"Luftiger Sommerhut aus 100% Viskose \u0096 mit breitem Rebsband, elegant &amp; leicht. Jetzt entdecken \u0096 limitierte Auflage!\" \/>\n<meta property=\"og:url\" content=\"https:\/\/hutfactory.com\/?product=sommerhut-fedora-traveler-mit-breiter-garnitur\" \/>\n<meta property=\"og:site_name\" content=\"Hut Factory\" \/>\n<meta property=\"article:modified_time\" content=\"2026-03-12T05:11:08+00:00\" \/>\n<meta property=\"og:image\" content=\"https:\/\/hutfactory.com\/wp-content\/uploads\/2026\/03\/57235.webp\" \/>\n\t<meta property=\"og:image:width\" content=\"750\" \/>\n\t<meta property=\"og:image:height\" content=\"750\" \/>\n\t<meta property=\"og:image:type\" content=\"image\/webp\" \/>\n<meta name=\"twitter:card\" content=\"summary_large_image\" \/>\n<meta name=\"twitter:label1\" content=\"Gesch\u00e4tzte Lesezeit\" \/>\n\t<meta name=\"twitter:data1\" content=\"2\u00a0Minuten\" \/>\n<script type=\"application\/ld+json\" class=\"yoast-schema-graph\">{\"@context\":\"https:\\\/\\\/schema.org\",\"@graph\":[{\"@type\":\"WebPage\",\"@id\":\"https:\\\/\\\/hutfactory.com\\\/?product=sommerhut-fedora-traveler-mit-breiter-garnitur\",\"url\":\"https:\\\/\\\/hutfactory.com\\\/?product=sommerhut-fedora-traveler-mit-breiter-garnitur\",\"name\":\"Sommerhut Fedora Traveler \u0096 leicht, elegant & atmungsaktiv\",\"isPartOf\":{\"@id\":\"https:\\\/\\\/hutfactory.com\\\/#website\"},\"primaryImageOfPage\":{\"@id\":\"https:\\\/\\\/hutfactory.com\\\/?product=sommerhut-fedora-traveler-mit-breiter-garnitur#primaryimage\"},\"image\":{\"@id\":\"https:\\\/\\\/hutfactory.com\\\/?product=sommerhut-fedora-traveler-mit-breiter-garnitur#primaryimage\"},\"thumbnailUrl\":\"https:\\\/\\\/hutfactory.com\\\/wp-content\\\/uploads\\\/2026\\\/03\\\/57235.webp\",\"datePublished\":\"2026-03-10T10:39:52+00:00\",\"dateModified\":\"2026-03-12T05:11:08+00:00\",\"description\":\"Luftiger Sommerhut aus 100% Viskose \u0096 mit breitem Rebsband, elegant & leicht. Jetzt entdecken \u0096 limitierte Auflage!\",\"breadcrumb\":{\"@id\":\"https:\\\/\\\/hutfactory.com\\\/?product=sommerhut-fedora-traveler-mit-breiter-garnitur#breadcrumb\"},\"inLanguage\":\"de\",\"potentialAction\":[{\"@type\":\"ReadAction\",\"target\":[\"https:\\\/\\\/hutfactory.com\\\/?product=sommerhut-fedora-traveler-mit-breiter-garnitur\"]}]},{\"@type\":\"ImageObject\",\"inLanguage\":\"de\",\"@id\":\"https:\\\/\\\/hutfactory.com\\\/?product=sommerhut-fedora-traveler-mit-breiter-garnitur#primaryimage\",\"url\":\"https:\\\/\\\/hutfactory.com\\\/wp-content\\\/uploads\\\/2026\\\/03\\\/57235.webp\",\"contentUrl\":\"https:\\\/\\\/hutfactory.com\\\/wp-content\\\/uploads\\\/2026\\\/03\\\/57235.webp\",\"width\":750,\"height\":750,\"caption\":\"Beige\"},{\"@type\":\"BreadcrumbList\",\"@id\":\"https:\\\/\\\/hutfactory.com\\\/?product=sommerhut-fedora-traveler-mit-breiter-garnitur#breadcrumb\",\"itemListElement\":[{\"@type\":\"ListItem\",\"position\":1,\"name\":\"Start\",\"item\":\"https:\\\/\\\/hutfactory.com\\\/\"},{\"@type\":\"ListItem\",\"position\":2,\"name\":\"Shop\",\"item\":\"https:\\\/\\\/hutfactory.com\\\/?page_id=10\"},{\"@type\":\"ListItem\",\"position\":3,\"name\":\"Sommerhut Fedora Traveler mit breiter Garnitur\"}]},{\"@type\":\"WebSite\",\"@id\":\"https:\\\/\\\/hutfactory.com\\\/#website\",\"url\":\"https:\\\/\\\/hutfactory.com\\\/\",\"name\":\"Hut Factory\",\"description\":\"H\u00fcte, Kappen &amp; M\u00fctzen in Top Swiss\\\/EU Qualit\u00e4t\",\"publisher\":{\"@id\":\"https:\\\/\\\/hutfactory.com\\\/#organization\"},\"alternateName\":\"Hut Shop\",\"potentialAction\":[{\"@type\":\"SearchAction\",\"target\":{\"@type\":\"EntryPoint\",\"urlTemplate\":\"https:\\\/\\\/hutfactory.com\\\/?s={search_term_string}\"},\"query-input\":{\"@type\":\"PropertyValueSpecification\",\"valueRequired\":true,\"valueName\":\"search_term_string\"}}],\"inLanguage\":\"de\"},{\"@type\":\"Organization\",\"@id\":\"https:\\\/\\\/hutfactory.com\\\/#organization\",\"name\":\"Hut Factory\",\"url\":\"https:\\\/\\\/hutfactory.com\\\/\",\"logo\":{\"@type\":\"ImageObject\",\"inLanguage\":\"de\",\"@id\":\"https:\\\/\\\/hutfactory.com\\\/#\\\/schema\\\/logo\\\/image\\\/\",\"url\":\"https:\\\/\\\/hutfactory.com\\\/wp-content\\\/uploads\\\/2026\\\/01\\\/Logo-hut-factory-1.webp\",\"contentUrl\":\"https:\\\/\\\/hutfactory.com\\\/wp-content\\\/uploads\\\/2026\\\/01\\\/Logo-hut-factory-1.webp\",\"width\":300,\"height\":262,\"caption\":\"Hut Factory\"},\"image\":{\"@id\":\"https:\\\/\\\/hutfactory.com\\\/#\\\/schema\\\/logo\\\/image\\\/\"}}]}<\/script>\n<!-- \/ Yoast SEO Premium plugin. -->","yoast_head_json":{"title":"Sommerhut Fedora Traveler \u0096 leicht, elegant & atmungsaktiv","description":"Luftiger Sommerhut aus 100% Viskose \u0096 mit breitem Rebsband, elegant & leicht. Jetzt entdecken \u0096 limitierte Auflage!","robots":{"index":"index","follow":"follow","max-snippet":"max-snippet:-1","max-image-preview":"max-image-preview:large","max-video-preview":"max-video-preview:-1"},"canonical":"https:\/\/hutfactory.com\/?product=sommerhut-fedora-traveler-mit-breiter-garnitur","og_locale":"de_DE","og_type":"article","og_title":"Sommerhut Fedora Traveler mit breiter Garnitur","og_description":"Luftiger Sommerhut aus 100% Viskose \u0096 mit breitem Rebsband, elegant & leicht. Jetzt entdecken \u0096 limitierte Auflage!","og_url":"https:\/\/hutfactory.com\/?product=sommerhut-fedora-traveler-mit-breiter-garnitur","og_site_name":"Hut Factory","article_modified_time":"2026-03-12T05:11:08+00:00","og_image":[{"width":750,"height":750,"url":"https:\/\/hutfactory.com\/wp-content\/uploads\/2026\/03\/57235.webp","type":"image\/webp"}],"twitter_card":"summary_large_image","twitter_misc":{"Gesch\u00e4tzte Lesezeit":"2\u00a0Minuten"},"schema":{"@context":"https:\/\/schema.org","@graph":[{"@type":"WebPage","@id":"https:\/\/hutfactory.com\/?product=sommerhut-fedora-traveler-mit-breiter-garnitur","url":"https:\/\/hutfactory.com\/?product=sommerhut-fedora-traveler-mit-breiter-garnitur","name":"Sommerhut Fedora Traveler \u0096 leicht, elegant & atmungsaktiv","isPartOf":{"@id":"https:\/\/hutfactory.com\/#website"},"primaryImageOfPage":{"@id":"https:\/\/hutfactory.com\/?product=sommerhut-fedora-traveler-mit-breiter-garnitur#primaryimage"},"image":{"@id":"https:\/\/hutfactory.com\/?product=sommerhut-fedora-traveler-mit-breiter-garnitur#primaryimage"},"thumbnailUrl":"https:\/\/hutfactory.com\/wp-content\/uploads\/2026\/03\/57235.webp","datePublished":"2026-03-10T10:39:52+00:00","dateModified":"2026-03-12T05:11:08+00:00","description":"Luftiger Sommerhut aus 100% Viskose \u0096 mit breitem Rebsband, elegant & leicht. Jetzt entdecken \u0096 limitierte Auflage!","breadcrumb":{"@id":"https:\/\/hutfactory.com\/?product=sommerhut-fedora-traveler-mit-breiter-garnitur#breadcrumb"},"inLanguage":"de","potentialAction":[{"@type":"ReadAction","target":["https:\/\/hutfactory.com\/?product=sommerhut-fedora-traveler-mit-breiter-garnitur"]}]},{"@type":"ImageObject","inLanguage":"de","@id":"https:\/\/hutfactory.com\/?product=sommerhut-fedora-traveler-mit-breiter-garnitur#primaryimage","url":"https:\/\/hutfactory.com\/wp-content\/uploads\/2026\/03\/57235.webp","contentUrl":"https:\/\/hutfactory.com\/wp-content\/uploads\/2026\/03\/57235.webp","width":750,"height":750,"caption":"Beige"},{"@type":"BreadcrumbList","@id":"https:\/\/hutfactory.com\/?product=sommerhut-fedora-traveler-mit-breiter-garnitur#breadcrumb","itemListElement":[{"@type":"ListItem","position":1,"name":"Start","item":"https:\/\/hutfactory.com\/"},{"@type":"ListItem","position":2,"name":"Shop","item":"https:\/\/hutfactory.com\/?page_id=10"},{"@type":"ListItem","position":3,"name":"Sommerhut Fedora Traveler mit breiter Garnitur"}]},{"@type":"WebSite","@id":"https:\/\/hutfactory.com\/#website","url":"https:\/\/hutfactory.com\/","name":"Hut Factory","description":"H\u00fcte, Kappen &amp; M\u00fctzen in Top Swiss\/EU Qualit\u00e4t","publisher":{"@id":"https:\/\/hutfactory.com\/#organization"},"alternateName":"Hut Shop","potentialAction":[{"@type":"SearchAction","target":{"@type":"EntryPoint","urlTemplate":"https:\/\/hutfactory.com\/?s={search_term_string}"},"query-input":{"@type":"PropertyValueSpecification","valueRequired":true,"valueName":"search_term_string"}}],"inLanguage":"de"},{"@type":"Organization","@id":"https:\/\/hutfactory.com\/#organization","name":"Hut Factory","url":"https:\/\/hutfactory.com\/","logo":{"@type":"ImageObject","inLanguage":"de","@id":"https:\/\/hutfactory.com\/#\/schema\/logo\/image\/","url":"https:\/\/hutfactory.com\/wp-content\/uploads\/2026\/01\/Logo-hut-factory-1.webp","contentUrl":"https:\/\/hutfactory.com\/wp-content\/uploads\/2026\/01\/Logo-hut-factory-1.webp","width":300,"height":262,"caption":"Hut Factory"},"image":{"@id":"https:\/\/hutfactory.com\/#\/schema\/logo\/image\/"}}]}},"_links":{"self":[{"href":"https:\/\/hutfactory.com\/index.php?rest_route=\/wp\/v2\/product\/19033","targetHints":{"allow":["GET"]}}],"collection":[{"href":"https:\/\/hutfactory.com\/index.php?rest_route=\/wp\/v2\/product"}],"about":[{"href":"https:\/\/hutfactory.com\/index.php?rest_route=\/wp\/v2\/types\/product"}],"wp:featuredmedia":[{"embeddable":true,"href":"https:\/\/hutfactory.com\/index.php?rest_route=\/wp\/v2\/media\/19034"}],"wp:attachment":[{"href":"https:\/\/hutfactory.com\/index.php?rest_route=%2Fwp%2Fv2%2Fmedia&parent=19033"}],"wp:term":[{"taxonomy":"product_brand","embeddable":true,"href":"https:\/\/hutfactory.com\/index.php?rest_route=%2Fwp%2Fv2%2Fproduct_brand&post=19033"},{"taxonomy":"product_cat","embeddable":true,"href":"https:\/\/hutfactory.com\/index.php?rest_route=%2Fwp%2Fv2%2Fproduct_cat&post=19033"},{"taxonomy":"product_tag","embeddable":true,"href":"https:\/\/hutfactory.com\/index.php?rest_route=%2Fwp%2Fv2%2Fproduct_tag&post=19033"}],"curies":[{"name":"wp","href":"https:\/\/api.w.org\/{rel}","templated":true}]}}