{"id":18708,"date":"2026-03-10T10:34:34","date_gmt":"2026-03-10T10:34:34","guid":{"rendered":"https:\/\/hutfactory.com\/?product=damen-sommerhut-cloche-rollbar"},"modified":"2026-03-12T07:05:28","modified_gmt":"2026-03-12T07:05:28","slug":"damen-sommerhut-cloche-rollbar","status":"publish","type":"product","link":"https:\/\/hutfactory.com\/?product=damen-sommerhut-cloche-rollbar","title":{"rendered":"Damen Sommerhut Cloche rollbar"},"content":{"rendered":"<h3 data-start=\"0\" data-end=\"71\"><strong data-start=\"4\" data-end=\"69\">Stilvoller Schutz f\u00fcr sonnige Tage<\/strong><\/h3>\n<p data-start=\"73\" data-end=\"518\">Der Damen Sommerhut Cloche rollbar vereint modische Raffinesse mit praktischer Funktionalit\u00e4t. Dank seines hochwertigen Materialmixes aus Raffia ist er nicht nur leicht, sondern auch strapazierf\u00e4hig und flexibel rollbar \u0096 perfekt f\u00fcr Reisen und sommerliche Abenteuer. Mit seinem charmanten Design und dem zierenden Hutband mit dekorativem Knopf setzt dieser Hut stilvolle Akzente und bietet zugleich idealen Schutz vor der Sonne.<\/p>\n<div class=\"hf-accordions\">\n<hr class=\"hf-accordion-separator\" \/>\n<details class=\"hf-accordion\">\n<summary><strong>\u25b6\ufe0f Gut zu wissen \u2013 mehr erfahren<\/strong><\/summary>\n<div class=\"hf-accordion-content\"><\/div>\n<\/details>\n<details class=\"hf-accordion\">\n<summary><strong>\u25b6\ufe0f FAQ \u2013 H\u00e4ufige Fragen<\/strong><\/summary>\n<div class=\"hf-accordion-content\"><\/div>\n<\/details>\n<\/div>\n","protected":false},"excerpt":{"rendered":"<h3 data-start=\"520\" data-end=\"561\"><strong data-start=\"520\" data-end=\"559\">Leicht, rollbar und zeitlos elegant<\/strong><\/h3>\n<p class=\"\" data-start=\"563\" data-end=\"1037\">Dieser elegante Cloche besticht durch seine feine Bandstruktur, die dem Hut einen luftigen, modernen Look verleiht. Der zarte Rand aus Raffia unterstreicht seine nat\u00fcrliche Note, w\u00e4hrend das Hutband mit edlem Zierknopf dem Modell eine luxuri\u00f6se Ausstrahlung verleiht. Erh\u00e4ltlich in den Farben Hellbeige, Orange und Hellgr\u00fcn, f\u00fcgt sich dieser Hut perfekt in jede sommerliche Garderobe ein. Ein stilvolles Accessoire, das Funktionalit\u00e4t und Mode m\u00fchelos vereint.<\/p>\n<p class=\"\" data-start=\"1039\" data-end=\"1313\"><strong data-start=\"1039\" data-end=\"1060\">Perfekt f\u00fcr\u0085.. ??<\/strong><br data-start=\"1060\" data-end=\"1063\" \/><strong data-start=\"1063\" data-end=\"1090\">?? Sommerliche Anl\u00e4sse:<\/strong><br data-start=\"1090\" data-end=\"1093\" \/>Egal ob am Strand, beim Stadtbummel oder bei einem gem\u00fctlichen Nachmittag im Gartenrestaurant \u0096 der Cloche rollbar verleiht jedem Outfit einen Hauch von Eleganz und sch\u00fctzt zugleich zuverl\u00e4ssig vor der Sonne.<\/p>\n<p class=\"\" data-start=\"1315\" data-end=\"1527\"><strong data-start=\"1315\" data-end=\"1339\">?? Stilvolle Reisen:<\/strong><br data-start=\"1339\" data-end=\"1342\" \/>Dieser rollbare Hut ist ein idealer Begleiter f\u00fcr Urlaubsreisen und Ausfl\u00fcge. Dank seiner flexiblen Form kann er m\u00fchelos im Gep\u00e4ck verstaut werden, ohne dabei seine Form zu verlieren.<\/p>\n<p class=\"\" data-start=\"1529\" data-end=\"1759\"><strong data-start=\"1529\" data-end=\"1559\">?? Natur- und Modebewusst:<\/strong><br data-start=\"1559\" data-end=\"1562\" \/>F\u00fcr alle, die Wert auf hochwertige Materialien und langlebige Qualit\u00e4t legen. Der Materialmix aus Polyester und nat\u00fcrlichem Raffia sorgt f\u00fcr ein angenehmes Tragegef\u00fchl und eine lange Lebensdauer.<\/p>\n","protected":false},"featured_media":18709,"template":"","meta":{"_acf_changed":false,"rs_blank_template":"","rs_page_bg_color":"","slide_template_v7":""},"product_brand":[250],"product_cat":[446,583,277,275],"product_tag":[],"class_list":{"0":"post-18708","1":"product","2":"type-product","3":"status-publish","4":"has-post-thumbnail","6":"product_brand-risa-hutwerkstatt-schweiz","7":"product_cat-cloche-sommerhuete","8":"product_cat-koffer-sommerhuete","9":"product_cat-reise-sommerhuete","10":"product_cat-sommerhuete","11":"product_shipping_class-mittlere-pakete","12":"pa_color-hbeige","13":"pa_color-hgruen","14":"pa_color-orange","15":"pa_groesse-55-54-55","16":"pa_groesse-57-56-57","17":"pa_groesse-59-58-59","18":"yith_product_brand-risa-hutwerkstatt-schweiz","21":"instock","22":"taxable","23":"shipping-taxable","24":"purchasable","25":"product-type-variable","26":"wvs-archive-product-wrapper","27":"add-to-wishlist-after_add_to_cart"},"acf":[],"yoast_head":"<!-- This site is optimized with the Yoast SEO Premium plugin v27.3 (Yoast SEO v27.3) - https:\/\/yoast.com\/product\/yoast-seo-premium-wordpress\/ -->\n<title>Cloche B\u00e4ndelhut rollbar \u0096 Eleganter Sonnenhut aus Raffiamix<\/title>\n<meta name=\"description\" content=\"Leichter, rollbarer Cloche B\u00e4ndelhut mit Raffia-Rand und edlem Zierknopf. Perfekt f\u00fcr den Sommer und elegante Reisen.\" \/>\n<meta name=\"robots\" content=\"index, follow, max-snippet:-1, max-image-preview:large, max-video-preview:-1\" \/>\n<link rel=\"canonical\" href=\"https:\/\/hutfactory.com\/?product=damen-sommerhut-cloche-rollbar\" \/>\n<meta property=\"og:locale\" content=\"de_DE\" \/>\n<meta property=\"og:type\" content=\"article\" \/>\n<meta property=\"og:title\" content=\"Damen Sommerhut Cloche rollbar\" \/>\n<meta property=\"og:description\" content=\"Leichter, rollbarer Cloche B\u00e4ndelhut mit Raffia-Rand und edlem Zierknopf. Perfekt f\u00fcr den Sommer und elegante Reisen.\" \/>\n<meta property=\"og:url\" content=\"https:\/\/hutfactory.com\/?product=damen-sommerhut-cloche-rollbar\" \/>\n<meta property=\"og:site_name\" content=\"Hut Factory\" \/>\n<meta property=\"article:modified_time\" content=\"2026-03-12T07:05:28+00:00\" \/>\n<meta property=\"og:image\" content=\"https:\/\/hutfactory.com\/wp-content\/uploads\/2026\/03\/41525.alle_.webp\" \/>\n\t<meta property=\"og:image:width\" content=\"750\" \/>\n\t<meta property=\"og:image:height\" content=\"750\" \/>\n\t<meta property=\"og:image:type\" content=\"image\/webp\" \/>\n<meta name=\"twitter:card\" content=\"summary_large_image\" \/>\n<script type=\"application\/ld+json\" class=\"yoast-schema-graph\">{\"@context\":\"https:\\\/\\\/schema.org\",\"@graph\":[{\"@type\":\"WebPage\",\"@id\":\"https:\\\/\\\/hutfactory.com\\\/?product=damen-sommerhut-cloche-rollbar\",\"url\":\"https:\\\/\\\/hutfactory.com\\\/?product=damen-sommerhut-cloche-rollbar\",\"name\":\"Cloche B\u00e4ndelhut rollbar \u0096 Eleganter Sonnenhut aus Raffiamix\",\"isPartOf\":{\"@id\":\"https:\\\/\\\/hutfactory.com\\\/#website\"},\"primaryImageOfPage\":{\"@id\":\"https:\\\/\\\/hutfactory.com\\\/?product=damen-sommerhut-cloche-rollbar#primaryimage\"},\"image\":{\"@id\":\"https:\\\/\\\/hutfactory.com\\\/?product=damen-sommerhut-cloche-rollbar#primaryimage\"},\"thumbnailUrl\":\"https:\\\/\\\/hutfactory.com\\\/wp-content\\\/uploads\\\/2026\\\/03\\\/41525.alle_.webp\",\"datePublished\":\"2026-03-10T10:34:34+00:00\",\"dateModified\":\"2026-03-12T07:05:28+00:00\",\"description\":\"Leichter, rollbarer Cloche B\u00e4ndelhut mit Raffia-Rand und edlem Zierknopf. Perfekt f\u00fcr den Sommer und elegante Reisen.\",\"breadcrumb\":{\"@id\":\"https:\\\/\\\/hutfactory.com\\\/?product=damen-sommerhut-cloche-rollbar#breadcrumb\"},\"inLanguage\":\"de\",\"potentialAction\":[{\"@type\":\"ReadAction\",\"target\":[\"https:\\\/\\\/hutfactory.com\\\/?product=damen-sommerhut-cloche-rollbar\"]}]},{\"@type\":\"ImageObject\",\"inLanguage\":\"de\",\"@id\":\"https:\\\/\\\/hutfactory.com\\\/?product=damen-sommerhut-cloche-rollbar#primaryimage\",\"url\":\"https:\\\/\\\/hutfactory.com\\\/wp-content\\\/uploads\\\/2026\\\/03\\\/41525.alle_.webp\",\"contentUrl\":\"https:\\\/\\\/hutfactory.com\\\/wp-content\\\/uploads\\\/2026\\\/03\\\/41525.alle_.webp\",\"width\":750,\"height\":750,\"caption\":\"ideal f\u00fcr stilvolle Sommerauftritte|Der Cloche B\u00e4ndelhut rollbar ist ein leichter und eleganter Sonnenhut aus Raffia und Polyester\"},{\"@type\":\"BreadcrumbList\",\"@id\":\"https:\\\/\\\/hutfactory.com\\\/?product=damen-sommerhut-cloche-rollbar#breadcrumb\",\"itemListElement\":[{\"@type\":\"ListItem\",\"position\":1,\"name\":\"Start\",\"item\":\"https:\\\/\\\/hutfactory.com\\\/\"},{\"@type\":\"ListItem\",\"position\":2,\"name\":\"Shop\",\"item\":\"https:\\\/\\\/hutfactory.com\\\/?page_id=10\"},{\"@type\":\"ListItem\",\"position\":3,\"name\":\"Damen Sommerhut Cloche rollbar\"}]},{\"@type\":\"WebSite\",\"@id\":\"https:\\\/\\\/hutfactory.com\\\/#website\",\"url\":\"https:\\\/\\\/hutfactory.com\\\/\",\"name\":\"Hut Factory\",\"description\":\"H\u00fcte, Kappen &amp; M\u00fctzen in Top Swiss\\\/EU Qualit\u00e4t\",\"publisher\":{\"@id\":\"https:\\\/\\\/hutfactory.com\\\/#organization\"},\"alternateName\":\"Hut Shop\",\"potentialAction\":[{\"@type\":\"SearchAction\",\"target\":{\"@type\":\"EntryPoint\",\"urlTemplate\":\"https:\\\/\\\/hutfactory.com\\\/?s={search_term_string}\"},\"query-input\":{\"@type\":\"PropertyValueSpecification\",\"valueRequired\":true,\"valueName\":\"search_term_string\"}}],\"inLanguage\":\"de\"},{\"@type\":\"Organization\",\"@id\":\"https:\\\/\\\/hutfactory.com\\\/#organization\",\"name\":\"Hut Factory\",\"url\":\"https:\\\/\\\/hutfactory.com\\\/\",\"logo\":{\"@type\":\"ImageObject\",\"inLanguage\":\"de\",\"@id\":\"https:\\\/\\\/hutfactory.com\\\/#\\\/schema\\\/logo\\\/image\\\/\",\"url\":\"https:\\\/\\\/hutfactory.com\\\/wp-content\\\/uploads\\\/2026\\\/01\\\/Logo-hut-factory-1.webp\",\"contentUrl\":\"https:\\\/\\\/hutfactory.com\\\/wp-content\\\/uploads\\\/2026\\\/01\\\/Logo-hut-factory-1.webp\",\"width\":300,\"height\":262,\"caption\":\"Hut Factory\"},\"image\":{\"@id\":\"https:\\\/\\\/hutfactory.com\\\/#\\\/schema\\\/logo\\\/image\\\/\"}}]}<\/script>\n<!-- \/ Yoast SEO Premium plugin. -->","yoast_head_json":{"title":"Cloche B\u00e4ndelhut rollbar \u0096 Eleganter Sonnenhut aus Raffiamix","description":"Leichter, rollbarer Cloche B\u00e4ndelhut mit Raffia-Rand und edlem Zierknopf. Perfekt f\u00fcr den Sommer und elegante Reisen.","robots":{"index":"index","follow":"follow","max-snippet":"max-snippet:-1","max-image-preview":"max-image-preview:large","max-video-preview":"max-video-preview:-1"},"canonical":"https:\/\/hutfactory.com\/?product=damen-sommerhut-cloche-rollbar","og_locale":"de_DE","og_type":"article","og_title":"Damen Sommerhut Cloche rollbar","og_description":"Leichter, rollbarer Cloche B\u00e4ndelhut mit Raffia-Rand und edlem Zierknopf. Perfekt f\u00fcr den Sommer und elegante Reisen.","og_url":"https:\/\/hutfactory.com\/?product=damen-sommerhut-cloche-rollbar","og_site_name":"Hut Factory","article_modified_time":"2026-03-12T07:05:28+00:00","og_image":[{"width":750,"height":750,"url":"https:\/\/hutfactory.com\/wp-content\/uploads\/2026\/03\/41525.alle_.webp","type":"image\/webp"}],"twitter_card":"summary_large_image","schema":{"@context":"https:\/\/schema.org","@graph":[{"@type":"WebPage","@id":"https:\/\/hutfactory.com\/?product=damen-sommerhut-cloche-rollbar","url":"https:\/\/hutfactory.com\/?product=damen-sommerhut-cloche-rollbar","name":"Cloche B\u00e4ndelhut rollbar \u0096 Eleganter Sonnenhut aus Raffiamix","isPartOf":{"@id":"https:\/\/hutfactory.com\/#website"},"primaryImageOfPage":{"@id":"https:\/\/hutfactory.com\/?product=damen-sommerhut-cloche-rollbar#primaryimage"},"image":{"@id":"https:\/\/hutfactory.com\/?product=damen-sommerhut-cloche-rollbar#primaryimage"},"thumbnailUrl":"https:\/\/hutfactory.com\/wp-content\/uploads\/2026\/03\/41525.alle_.webp","datePublished":"2026-03-10T10:34:34+00:00","dateModified":"2026-03-12T07:05:28+00:00","description":"Leichter, rollbarer Cloche B\u00e4ndelhut mit Raffia-Rand und edlem Zierknopf. Perfekt f\u00fcr den Sommer und elegante Reisen.","breadcrumb":{"@id":"https:\/\/hutfactory.com\/?product=damen-sommerhut-cloche-rollbar#breadcrumb"},"inLanguage":"de","potentialAction":[{"@type":"ReadAction","target":["https:\/\/hutfactory.com\/?product=damen-sommerhut-cloche-rollbar"]}]},{"@type":"ImageObject","inLanguage":"de","@id":"https:\/\/hutfactory.com\/?product=damen-sommerhut-cloche-rollbar#primaryimage","url":"https:\/\/hutfactory.com\/wp-content\/uploads\/2026\/03\/41525.alle_.webp","contentUrl":"https:\/\/hutfactory.com\/wp-content\/uploads\/2026\/03\/41525.alle_.webp","width":750,"height":750,"caption":"ideal f\u00fcr stilvolle Sommerauftritte|Der Cloche B\u00e4ndelhut rollbar ist ein leichter und eleganter Sonnenhut aus Raffia und Polyester"},{"@type":"BreadcrumbList","@id":"https:\/\/hutfactory.com\/?product=damen-sommerhut-cloche-rollbar#breadcrumb","itemListElement":[{"@type":"ListItem","position":1,"name":"Start","item":"https:\/\/hutfactory.com\/"},{"@type":"ListItem","position":2,"name":"Shop","item":"https:\/\/hutfactory.com\/?page_id=10"},{"@type":"ListItem","position":3,"name":"Damen Sommerhut Cloche rollbar"}]},{"@type":"WebSite","@id":"https:\/\/hutfactory.com\/#website","url":"https:\/\/hutfactory.com\/","name":"Hut Factory","description":"H\u00fcte, Kappen &amp; M\u00fctzen in Top Swiss\/EU Qualit\u00e4t","publisher":{"@id":"https:\/\/hutfactory.com\/#organization"},"alternateName":"Hut Shop","potentialAction":[{"@type":"SearchAction","target":{"@type":"EntryPoint","urlTemplate":"https:\/\/hutfactory.com\/?s={search_term_string}"},"query-input":{"@type":"PropertyValueSpecification","valueRequired":true,"valueName":"search_term_string"}}],"inLanguage":"de"},{"@type":"Organization","@id":"https:\/\/hutfactory.com\/#organization","name":"Hut Factory","url":"https:\/\/hutfactory.com\/","logo":{"@type":"ImageObject","inLanguage":"de","@id":"https:\/\/hutfactory.com\/#\/schema\/logo\/image\/","url":"https:\/\/hutfactory.com\/wp-content\/uploads\/2026\/01\/Logo-hut-factory-1.webp","contentUrl":"https:\/\/hutfactory.com\/wp-content\/uploads\/2026\/01\/Logo-hut-factory-1.webp","width":300,"height":262,"caption":"Hut Factory"},"image":{"@id":"https:\/\/hutfactory.com\/#\/schema\/logo\/image\/"}}]}},"_links":{"self":[{"href":"https:\/\/hutfactory.com\/index.php?rest_route=\/wp\/v2\/product\/18708","targetHints":{"allow":["GET"]}}],"collection":[{"href":"https:\/\/hutfactory.com\/index.php?rest_route=\/wp\/v2\/product"}],"about":[{"href":"https:\/\/hutfactory.com\/index.php?rest_route=\/wp\/v2\/types\/product"}],"wp:featuredmedia":[{"embeddable":true,"href":"https:\/\/hutfactory.com\/index.php?rest_route=\/wp\/v2\/media\/18709"}],"wp:attachment":[{"href":"https:\/\/hutfactory.com\/index.php?rest_route=%2Fwp%2Fv2%2Fmedia&parent=18708"}],"wp:term":[{"taxonomy":"product_brand","embeddable":true,"href":"https:\/\/hutfactory.com\/index.php?rest_route=%2Fwp%2Fv2%2Fproduct_brand&post=18708"},{"taxonomy":"product_cat","embeddable":true,"href":"https:\/\/hutfactory.com\/index.php?rest_route=%2Fwp%2Fv2%2Fproduct_cat&post=18708"},{"taxonomy":"product_tag","embeddable":true,"href":"https:\/\/hutfactory.com\/index.php?rest_route=%2Fwp%2Fv2%2Fproduct_tag&post=18708"}],"curies":[{"name":"wp","href":"https:\/\/api.w.org\/{rel}","templated":true}]}}