{"id":18655,"date":"2026-03-10T10:33:51","date_gmt":"2026-03-10T10:33:51","guid":{"rendered":"https:\/\/hutfactory.com\/?product=cloche-fringed"},"modified":"2026-03-10T10:34:53","modified_gmt":"2026-03-10T10:34:53","slug":"cloche-fringed","status":"publish","type":"product","link":"https:\/\/hutfactory.com\/?product=cloche-fringed","title":{"rendered":"Cloche &#8220;Fringed&#8221;"},"content":{"rendered":"<h3 class=\"\" data-start=\"486\" data-end=\"527\"><strong>Nat\u00fcrlichkeit trifft modischen Chic<\/strong><\/h3>\n<p class=\"\" data-start=\"528\" data-end=\"948\">Dieser einzigartige Strohhut aus naturbelassenem Raffia \u00fcberzeugt durch seine besondere, fransige Struktur und die geschwungene Krempe, die schwungvoll und elegant nach oben geformt ist. Die handgefertigte Verarbeitung garantiert h\u00f6chste Qualit\u00e4t und macht jedes Modell zu einem unverwechselbaren Unikat. Ein sorgf\u00e4ltig eingearbeitetes Textilinnenband sorgt zus\u00e4tzlich f\u00fcr h\u00f6chsten Tragekomfort und einen perfekten Sitz.<\/p>\n<p class=\"\" data-start=\"950\" data-end=\"971\"><strong data-start=\"950\" data-end=\"971\">Perfekt f\u00fcr\u0085.. ??<\/strong><\/p>\n<p class=\"\" data-start=\"973\" data-end=\"1154\"><strong data-start=\"973\" data-end=\"1000\">?? Sommerliche Anl\u00e4sse:<\/strong><br data-start=\"1000\" data-end=\"1003\" \/>Egal ob beim Strandurlaub, beim Picknick im Gr\u00fcnen oder einem entspannten Nachmittag im Caf\u00e9 \u0096 dieser Hut zieht garantiert bewundernde Blicke auf sich.<\/p>\n<p class=\"\" data-start=\"1156\" data-end=\"1349\"><strong data-start=\"1156\" data-end=\"1183\">?? Extravagante Events:<\/strong><br data-start=\"1183\" data-end=\"1186\" \/>Die auff\u00e4llige, fransige Optik und die pinkfarbene Rosette machen die Cloche ideal f\u00fcr stilvolle Gartenpartys, sommerliche Hochzeiten oder modische Outdoor-Events.<\/p>\n<p class=\"\" data-start=\"1351\" data-end=\"1519\"><strong data-start=\"1351\" data-end=\"1381\">?? Natur- und Modebewusst:<\/strong><br data-start=\"1381\" data-end=\"1384\" \/>Perfekt geeignet f\u00fcr Individualistinnen, die nat\u00fcrliches Material, nachhaltige Handwerkskunst und exklusive Designs zu sch\u00e4tzen wissen.<\/p>\n<div class=\"hf-accordions\">\n<hr class=\"hf-accordion-separator\" \/>\n<details class=\"hf-accordion\">\n<summary><strong>\u25b6\ufe0f Gut zu wissen \u2013 mehr erfahren<\/strong><\/summary>\n<div class=\"hf-accordion-content\">\n<h3 class=\"\" data-start=\"1521\" data-end=\"1550\">Eigenschaften &#038; Details<\/h3>\n<ul data-start=\"1551\" data-end=\"1999\">\n<li class=\"\" data-start=\"1551\" data-end=\"1612\">\n<p class=\"\" data-start=\"1553\" data-end=\"1612\"><strong data-start=\"1553\" data-end=\"1566\">Material:<\/strong> 100% Raffia \u0096 leicht, robust und nachhaltig<\/p>\n<\/li>\n<li class=\"\" data-start=\"1613\" data-end=\"1687\">\n<p class=\"\" data-start=\"1615\" data-end=\"1687\"><strong data-start=\"1615\" data-end=\"1630\">Randbreite:<\/strong> 12,0 cm \u0096 gro\u00dfz\u00fcgige Krempe f\u00fcr optimalen Sonnenschutz<\/p>\n<\/li>\n<li class=\"\" data-start=\"1688\" data-end=\"1765\">\n<p class=\"\" data-start=\"1690\" data-end=\"1765\"><strong data-start=\"1690\" data-end=\"1703\">Kopfh\u00f6he:<\/strong> 11,0 cm \u0096 elegante Cloche-Form mit einzigartiger Silhouette<\/p>\n<\/li>\n<li class=\"\" data-start=\"1766\" data-end=\"1828\">\n<p class=\"\" data-start=\"1768\" data-end=\"1828\"><strong data-start=\"1768\" data-end=\"1779\">Farben:<\/strong> Natur \u0096 dezente Farbe, vielseitig kombinierbar<\/p>\n<\/li>\n<li class=\"\" data-start=\"1829\" data-end=\"1898\">\n<p class=\"\" data-start=\"1831\" data-end=\"1898\"><strong data-start=\"1831\" data-end=\"1844\">Garnitur:<\/strong> Rosette in strahlendem Pink als modisches Highlight<\/p>\n<\/li>\n<li class=\"\" data-start=\"1899\" data-end=\"1979\">\n<p class=\"\" data-start=\"1901\" data-end=\"1979\"><strong data-start=\"1901\" data-end=\"1917\">Schwei\u00dfband:<\/strong> Eingearbeitetes Textilinnenband f\u00fcr angenehmen Tragekomfort<\/p>\n<\/li>\n<li class=\"\" data-start=\"1980\" data-end=\"1999\">\n<p class=\"\" data-start=\"1982\" data-end=\"1999\"><strong data-start=\"1982\" data-end=\"1993\">Gr\u00f6\u00dfen:<\/strong> 55-62<\/p>\n<\/li>\n<\/ul>\n<h3 class=\"\" data-start=\"2001\" data-end=\"2028\">Design &#038; Verarbeitung<\/h3>\n<p class=\"\" data-start=\"2029\" data-end=\"2472\">Die Cloche \u0084Fringed\u0093 zeichnet sich durch ihre auff\u00e4llig fransige Struktur aus, die dem Modell eine au\u00dfergew\u00f6hnliche Lebendigkeit und sommerliche Leichtigkeit verleiht. Die gro\u00dfz\u00fcgige Krempe sorgt f\u00fcr effektiven UV-Schutz, w\u00e4hrend die pinkfarbene Rosette als stilvolle Garnitur den femininen Charakter des Hutes unterstreicht. Jedes Detail wird in liebevoller Handarbeit vollendet, wodurch ein einzigartiges und langlebiges Accessoire entsteht.<\/p>\n<h3 class=\"\" data-start=\"2474\" data-end=\"2508\">Handgefertigt in der Schweiz<\/h3>\n<p class=\"\" data-start=\"2509\" data-end=\"2794\">Jedes Exemplar der Cloche \u0084Fringed\u0093 entsteht auf Bestellung in der renommierten Schweizer Hutmanufaktur Risa. H\u00f6chste Qualit\u00e4t, traditionelle Fertigungstechniken und nachhaltige Herstellung verbinden sich hier zu einem einzigartigen Hut, der Individualit\u00e4t und Exklusivit\u00e4t ausstrahlt.<\/p>\n<h3 class=\"\" data-start=\"2796\" data-end=\"2827\">Nachhaltigkeit &#038; Qualit\u00e4t<\/h3>\n<ul data-start=\"2828\" data-end=\"3075\">\n<li class=\"\" data-start=\"2828\" data-end=\"2914\">\n<p class=\"\" data-start=\"2830\" data-end=\"2914\"><strong data-start=\"2830\" data-end=\"2857\">Nat\u00fcrliche Materialien:<\/strong> Raffia-Stroh, umweltfreundlich und biologisch abbaubar<\/p>\n<\/li>\n<li class=\"\" data-start=\"2915\" data-end=\"2996\">\n<p class=\"\" data-start=\"2917\" data-end=\"2996\"><strong data-start=\"2917\" data-end=\"2944\">Handarbeit &#038; Tradition:<\/strong> Jedes Modell ist ein liebevoll gefertigtes Unikat<\/p>\n<\/li>\n<li class=\"\" data-start=\"2997\" data-end=\"3075\">\n<p class=\"\" data-start=\"2999\" data-end=\"3075\"><strong data-start=\"2999\" data-end=\"3017\">Langlebigkeit:<\/strong> Hochwertige Verarbeitung f\u00fcr anhaltende Freude am Produkt<\/p>\n<\/li>\n<\/ul>\n<h3 class=\"\" data-start=\"3077\" data-end=\"3104\">Herstellung &#038; Versand<\/h3>\n<ul data-start=\"3105\" data-end=\"3358\">\n<li class=\"\" data-start=\"3105\" data-end=\"3169\">\n<p class=\"\" data-start=\"3107\" data-end=\"3169\"><strong data-start=\"3107\" data-end=\"3121\">Fertigung:<\/strong> Handgefertigte Sonderanfertigung nach Auftrag<\/p>\n<\/li>\n<li class=\"\" data-start=\"3170\" data-end=\"3238\">\n<p class=\"\" data-start=\"3172\" data-end=\"3238\"><strong data-start=\"3172\" data-end=\"3193\">Herstellungszeit:<\/strong> 10 bis 15 Arbeitstage nach Zahlungseingang<\/p>\n<\/li>\n<li class=\"\" data-start=\"3239\" data-end=\"3298\">\n<p class=\"\" data-start=\"3241\" data-end=\"3298\"><strong data-start=\"3241\" data-end=\"3253\">Versand:<\/strong> Innerhalb weniger Tage ab Standort Schweiz<\/p>\n<\/li>\n<li class=\"\" data-start=\"3299\" data-end=\"3358\">\n<p class=\"\" data-start=\"3301\" data-end=\"3358\"><strong data-start=\"3301\" data-end=\"3319\">Verf\u00fcgbarkeit:<\/strong> Abverkauf des Rohmaterials vorbehalten<\/p>\n<\/li>\n<\/ul>\n<\/div>\n<\/details>\n<details class=\"hf-accordion\">\n<summary><strong>\u25b6\ufe0f FAQ \u2013 H\u00e4ufige Fragen<\/strong><\/summary>\n<div class=\"hf-accordion-content\">\n<h3 class=\"\" data-start=\"3360\" data-end=\"3409\">FAQ (H\u00e4ufig gestellte Fragen und Antworten)<\/h3>\n<ul data-start=\"3410\" data-end=\"4161\">\n<li class=\"\" data-start=\"3410\" data-end=\"3551\">\n<p class=\"\" data-start=\"3412\" data-end=\"3551\"><strong data-start=\"3412\" data-end=\"3461\">Ist die Cloche f\u00fcr hei\u00dfe Sommertage geeignet?<\/strong><br data-start=\"3461\" data-end=\"3464\" \/>Ja, das atmungsaktive Raffia-Material bietet ausgezeichneten Komfort an hei\u00dfen Tagen.<\/p>\n<\/li>\n<li class=\"\" data-start=\"3553\" data-end=\"3677\">\n<p class=\"\" data-start=\"3555\" data-end=\"3677\"><strong data-start=\"3555\" data-end=\"3597\">Kann ich den Hut individuell anpassen?<\/strong><br data-start=\"3597\" data-end=\"3600\" \/>Der Hut wird nach Ma\u00df gefertigt, w\u00e4hlen Sie Ihre Wunschgr\u00f6\u00dfe von 55 bis 62.<\/p>\n<\/li>\n<li class=\"\" data-start=\"3679\" data-end=\"3817\">\n<p class=\"\" data-start=\"3681\" data-end=\"3817\"><strong data-start=\"3681\" data-end=\"3717\">Bietet der Hut Schutz vor Sonne?<\/strong><br data-start=\"3717\" data-end=\"3720\" \/>Durch die breite Krempe von 12 cm bietet er hervorragenden Sonnenschutz f\u00fcr Gesicht und Nacken.<\/p>\n<\/li>\n<li class=\"\" data-start=\"3819\" data-end=\"3964\">\n<p class=\"\" data-start=\"3821\" data-end=\"3964\"><strong data-start=\"3821\" data-end=\"3866\">Wie bewahre ich die Cloche am besten auf?<\/strong><br data-start=\"3866\" data-end=\"3869\" \/>Am besten trocken lagern, nicht falten oder zusammendr\u00fccken, um die Form optimal zu bewahren.<\/p>\n<\/li>\n<li class=\"\" data-start=\"3966\" data-end=\"4161\">\n<p class=\"\" data-start=\"3968\" data-end=\"4161\"><strong data-start=\"3968\" data-end=\"4027\">Kann ich den Hut zur\u00fcckgeben, falls er mir nicht passt?<\/strong><br data-start=\"4027\" data-end=\"4030\" \/>Nein, da der Hut individuell auf Bestellung gefertigt wird, ist eine R\u00fcckgabe nur bei Material- oder Herstellungsfehlern m\u00f6glich.<\/p>\n<\/li>\n<\/ul>\n<\/div>\n<\/details>\n<\/div>\n","protected":false},"excerpt":{"rendered":"<h3 class=\"\" data-start=\"5280\" data-end=\"5330\"><strong>Ihr sommerlicher Eyecatcher f\u00fcr jeden Anlass<\/strong><\/h3>\n<p class=\"\" data-start=\"5331\" data-end=\"5654\">Setzen Sie modische Statements mit der extravaganten Cloche \u0084Fringed\u0093. Ein handgefertigtes Unikat, das nat\u00fcrliche Eleganz, verspielten Charme und hochwertigen Sonnenschutz kombiniert. G\u00f6nnen Sie sich das Besondere und genie\u00dfen Sie den Sommer mit einzigartiger Individualit\u00e4t \u0096 exklusiv von der Schweizer Hutmanufaktur Risa.<\/p>\n","protected":false},"featured_media":18656,"template":"","meta":{"_acf_changed":false,"rs_blank_template":"","rs_page_bg_color":"","slide_template_v7":""},"product_brand":[250],"product_cat":[446,275],"product_tag":[],"class_list":{"0":"post-18655","1":"product","2":"type-product","3":"status-publish","4":"has-post-thumbnail","6":"product_brand-risa-hutwerkstatt-schweiz","7":"product_cat-cloche-sommerhuete","8":"product_cat-sommerhuete","9":"product_shipping_class-mittlere-pakete","10":"pa_color-natur","11":"pa_groesse-196","12":"pa_groesse-207","13":"pa_groesse-197","14":"pa_groesse-208","15":"pa_groesse-198","16":"pa_groesse-209","17":"pa_groesse-199","18":"pa_groesse-210","19":"yith_product_brand-risa-hutwerkstatt-schweiz","22":"instock","23":"taxable","24":"shipping-taxable","25":"purchasable","26":"product-type-variable","27":"wvs-archive-product-wrapper","28":"add-to-wishlist-after_add_to_cart"},"acf":[],"yoast_head":"<!-- This site is optimized with the Yoast SEO Premium plugin v27.3 (Yoast SEO v27.3) - https:\/\/yoast.com\/product\/yoast-seo-premium-wordpress\/ -->\n<title>Cloche \u0084Fringed\u0093 Raffia Sommerhut | Schweizer Handarbeit kaufen<\/title>\n<meta name=\"description\" content=\"Extravagante Cloche \u0084Fringed\u0093 aus 100% Raffia mit pinker Rosette \u0096 handgefertigt in der Schweiz f\u00fcr stilvolle Sommertage.\" \/>\n<meta name=\"robots\" content=\"index, follow, max-snippet:-1, max-image-preview:large, max-video-preview:-1\" \/>\n<link rel=\"canonical\" href=\"https:\/\/hutfactory.com\/?product=cloche-fringed\" \/>\n<meta property=\"og:locale\" content=\"de_DE\" \/>\n<meta property=\"og:type\" content=\"article\" \/>\n<meta property=\"og:title\" content=\"Cloche &quot;Fringed&quot;\" \/>\n<meta property=\"og:description\" content=\"Extravagante Cloche \u0084Fringed\u0093 aus 100% Raffia mit pinker Rosette \u0096 handgefertigt in der Schweiz f\u00fcr stilvolle Sommertage.\" \/>\n<meta property=\"og:url\" content=\"https:\/\/hutfactory.com\/?product=cloche-fringed\" \/>\n<meta property=\"og:site_name\" content=\"Hut Factory\" \/>\n<meta property=\"article:modified_time\" content=\"2026-03-10T10:34:53+00:00\" \/>\n<meta property=\"og:image\" content=\"https:\/\/hutfactory.com\/wp-content\/uploads\/2026\/03\/17206300.1B.webp\" \/>\n\t<meta property=\"og:image:width\" content=\"750\" \/>\n\t<meta property=\"og:image:height\" content=\"750\" \/>\n\t<meta property=\"og:image:type\" content=\"image\/webp\" \/>\n<meta name=\"twitter:card\" content=\"summary_large_image\" \/>\n<meta name=\"twitter:label1\" content=\"Gesch\u00e4tzte Lesezeit\" \/>\n\t<meta name=\"twitter:data1\" content=\"2\u00a0Minuten\" \/>\n<script type=\"application\/ld+json\" class=\"yoast-schema-graph\">{\"@context\":\"https:\\\/\\\/schema.org\",\"@graph\":[{\"@type\":\"WebPage\",\"@id\":\"https:\\\/\\\/hutfactory.com\\\/?product=cloche-fringed\",\"url\":\"https:\\\/\\\/hutfactory.com\\\/?product=cloche-fringed\",\"name\":\"Cloche \u0084Fringed\u0093 Raffia Sommerhut | Schweizer Handarbeit kaufen\",\"isPartOf\":{\"@id\":\"https:\\\/\\\/hutfactory.com\\\/#website\"},\"primaryImageOfPage\":{\"@id\":\"https:\\\/\\\/hutfactory.com\\\/?product=cloche-fringed#primaryimage\"},\"image\":{\"@id\":\"https:\\\/\\\/hutfactory.com\\\/?product=cloche-fringed#primaryimage\"},\"thumbnailUrl\":\"https:\\\/\\\/hutfactory.com\\\/wp-content\\\/uploads\\\/2026\\\/03\\\/17206300.1B.webp\",\"datePublished\":\"2026-03-10T10:33:51+00:00\",\"dateModified\":\"2026-03-10T10:34:53+00:00\",\"description\":\"Extravagante Cloche \u0084Fringed\u0093 aus 100% Raffia mit pinker Rosette \u0096 handgefertigt in der Schweiz f\u00fcr stilvolle Sommertage.\",\"breadcrumb\":{\"@id\":\"https:\\\/\\\/hutfactory.com\\\/?product=cloche-fringed#breadcrumb\"},\"inLanguage\":\"de\",\"potentialAction\":[{\"@type\":\"ReadAction\",\"target\":[\"https:\\\/\\\/hutfactory.com\\\/?product=cloche-fringed\"]}]},{\"@type\":\"ImageObject\",\"inLanguage\":\"de\",\"@id\":\"https:\\\/\\\/hutfactory.com\\\/?product=cloche-fringed#primaryimage\",\"url\":\"https:\\\/\\\/hutfactory.com\\\/wp-content\\\/uploads\\\/2026\\\/03\\\/17206300.1B.webp\",\"contentUrl\":\"https:\\\/\\\/hutfactory.com\\\/wp-content\\\/uploads\\\/2026\\\/03\\\/17206300.1B.webp\",\"width\":750,\"height\":750,\"caption\":\"gro\u00dfz\u00fcgige Krempe\"},{\"@type\":\"BreadcrumbList\",\"@id\":\"https:\\\/\\\/hutfactory.com\\\/?product=cloche-fringed#breadcrumb\",\"itemListElement\":[{\"@type\":\"ListItem\",\"position\":1,\"name\":\"Start\",\"item\":\"https:\\\/\\\/hutfactory.com\\\/\"},{\"@type\":\"ListItem\",\"position\":2,\"name\":\"Shop\",\"item\":\"https:\\\/\\\/hutfactory.com\\\/?page_id=10\"},{\"@type\":\"ListItem\",\"position\":3,\"name\":\"Cloche &#8220;Fringed&#8221;\"}]},{\"@type\":\"WebSite\",\"@id\":\"https:\\\/\\\/hutfactory.com\\\/#website\",\"url\":\"https:\\\/\\\/hutfactory.com\\\/\",\"name\":\"Hut Factory\",\"description\":\"H\u00fcte, Kappen &amp; M\u00fctzen in Top Swiss\\\/EU Qualit\u00e4t\",\"publisher\":{\"@id\":\"https:\\\/\\\/hutfactory.com\\\/#organization\"},\"alternateName\":\"Hut Shop\",\"potentialAction\":[{\"@type\":\"SearchAction\",\"target\":{\"@type\":\"EntryPoint\",\"urlTemplate\":\"https:\\\/\\\/hutfactory.com\\\/?s={search_term_string}\"},\"query-input\":{\"@type\":\"PropertyValueSpecification\",\"valueRequired\":true,\"valueName\":\"search_term_string\"}}],\"inLanguage\":\"de\"},{\"@type\":\"Organization\",\"@id\":\"https:\\\/\\\/hutfactory.com\\\/#organization\",\"name\":\"Hut Factory\",\"url\":\"https:\\\/\\\/hutfactory.com\\\/\",\"logo\":{\"@type\":\"ImageObject\",\"inLanguage\":\"de\",\"@id\":\"https:\\\/\\\/hutfactory.com\\\/#\\\/schema\\\/logo\\\/image\\\/\",\"url\":\"https:\\\/\\\/hutfactory.com\\\/wp-content\\\/uploads\\\/2026\\\/01\\\/Logo-hut-factory-1.webp\",\"contentUrl\":\"https:\\\/\\\/hutfactory.com\\\/wp-content\\\/uploads\\\/2026\\\/01\\\/Logo-hut-factory-1.webp\",\"width\":300,\"height\":262,\"caption\":\"Hut Factory\"},\"image\":{\"@id\":\"https:\\\/\\\/hutfactory.com\\\/#\\\/schema\\\/logo\\\/image\\\/\"}}]}<\/script>\n<!-- \/ Yoast SEO Premium plugin. -->","yoast_head_json":{"title":"Cloche \u0084Fringed\u0093 Raffia Sommerhut | Schweizer Handarbeit kaufen","description":"Extravagante Cloche \u0084Fringed\u0093 aus 100% Raffia mit pinker Rosette \u0096 handgefertigt in der Schweiz f\u00fcr stilvolle Sommertage.","robots":{"index":"index","follow":"follow","max-snippet":"max-snippet:-1","max-image-preview":"max-image-preview:large","max-video-preview":"max-video-preview:-1"},"canonical":"https:\/\/hutfactory.com\/?product=cloche-fringed","og_locale":"de_DE","og_type":"article","og_title":"Cloche \"Fringed\"","og_description":"Extravagante Cloche \u0084Fringed\u0093 aus 100% Raffia mit pinker Rosette \u0096 handgefertigt in der Schweiz f\u00fcr stilvolle Sommertage.","og_url":"https:\/\/hutfactory.com\/?product=cloche-fringed","og_site_name":"Hut Factory","article_modified_time":"2026-03-10T10:34:53+00:00","og_image":[{"width":750,"height":750,"url":"https:\/\/hutfactory.com\/wp-content\/uploads\/2026\/03\/17206300.1B.webp","type":"image\/webp"}],"twitter_card":"summary_large_image","twitter_misc":{"Gesch\u00e4tzte Lesezeit":"2\u00a0Minuten"},"schema":{"@context":"https:\/\/schema.org","@graph":[{"@type":"WebPage","@id":"https:\/\/hutfactory.com\/?product=cloche-fringed","url":"https:\/\/hutfactory.com\/?product=cloche-fringed","name":"Cloche \u0084Fringed\u0093 Raffia Sommerhut | Schweizer Handarbeit kaufen","isPartOf":{"@id":"https:\/\/hutfactory.com\/#website"},"primaryImageOfPage":{"@id":"https:\/\/hutfactory.com\/?product=cloche-fringed#primaryimage"},"image":{"@id":"https:\/\/hutfactory.com\/?product=cloche-fringed#primaryimage"},"thumbnailUrl":"https:\/\/hutfactory.com\/wp-content\/uploads\/2026\/03\/17206300.1B.webp","datePublished":"2026-03-10T10:33:51+00:00","dateModified":"2026-03-10T10:34:53+00:00","description":"Extravagante Cloche \u0084Fringed\u0093 aus 100% Raffia mit pinker Rosette \u0096 handgefertigt in der Schweiz f\u00fcr stilvolle Sommertage.","breadcrumb":{"@id":"https:\/\/hutfactory.com\/?product=cloche-fringed#breadcrumb"},"inLanguage":"de","potentialAction":[{"@type":"ReadAction","target":["https:\/\/hutfactory.com\/?product=cloche-fringed"]}]},{"@type":"ImageObject","inLanguage":"de","@id":"https:\/\/hutfactory.com\/?product=cloche-fringed#primaryimage","url":"https:\/\/hutfactory.com\/wp-content\/uploads\/2026\/03\/17206300.1B.webp","contentUrl":"https:\/\/hutfactory.com\/wp-content\/uploads\/2026\/03\/17206300.1B.webp","width":750,"height":750,"caption":"gro\u00dfz\u00fcgige Krempe"},{"@type":"BreadcrumbList","@id":"https:\/\/hutfactory.com\/?product=cloche-fringed#breadcrumb","itemListElement":[{"@type":"ListItem","position":1,"name":"Start","item":"https:\/\/hutfactory.com\/"},{"@type":"ListItem","position":2,"name":"Shop","item":"https:\/\/hutfactory.com\/?page_id=10"},{"@type":"ListItem","position":3,"name":"Cloche &#8220;Fringed&#8221;"}]},{"@type":"WebSite","@id":"https:\/\/hutfactory.com\/#website","url":"https:\/\/hutfactory.com\/","name":"Hut Factory","description":"H\u00fcte, Kappen &amp; M\u00fctzen in Top Swiss\/EU Qualit\u00e4t","publisher":{"@id":"https:\/\/hutfactory.com\/#organization"},"alternateName":"Hut Shop","potentialAction":[{"@type":"SearchAction","target":{"@type":"EntryPoint","urlTemplate":"https:\/\/hutfactory.com\/?s={search_term_string}"},"query-input":{"@type":"PropertyValueSpecification","valueRequired":true,"valueName":"search_term_string"}}],"inLanguage":"de"},{"@type":"Organization","@id":"https:\/\/hutfactory.com\/#organization","name":"Hut Factory","url":"https:\/\/hutfactory.com\/","logo":{"@type":"ImageObject","inLanguage":"de","@id":"https:\/\/hutfactory.com\/#\/schema\/logo\/image\/","url":"https:\/\/hutfactory.com\/wp-content\/uploads\/2026\/01\/Logo-hut-factory-1.webp","contentUrl":"https:\/\/hutfactory.com\/wp-content\/uploads\/2026\/01\/Logo-hut-factory-1.webp","width":300,"height":262,"caption":"Hut Factory"},"image":{"@id":"https:\/\/hutfactory.com\/#\/schema\/logo\/image\/"}}]}},"_links":{"self":[{"href":"https:\/\/hutfactory.com\/index.php?rest_route=\/wp\/v2\/product\/18655","targetHints":{"allow":["GET"]}}],"collection":[{"href":"https:\/\/hutfactory.com\/index.php?rest_route=\/wp\/v2\/product"}],"about":[{"href":"https:\/\/hutfactory.com\/index.php?rest_route=\/wp\/v2\/types\/product"}],"wp:featuredmedia":[{"embeddable":true,"href":"https:\/\/hutfactory.com\/index.php?rest_route=\/wp\/v2\/media\/18656"}],"wp:attachment":[{"href":"https:\/\/hutfactory.com\/index.php?rest_route=%2Fwp%2Fv2%2Fmedia&parent=18655"}],"wp:term":[{"taxonomy":"product_brand","embeddable":true,"href":"https:\/\/hutfactory.com\/index.php?rest_route=%2Fwp%2Fv2%2Fproduct_brand&post=18655"},{"taxonomy":"product_cat","embeddable":true,"href":"https:\/\/hutfactory.com\/index.php?rest_route=%2Fwp%2Fv2%2Fproduct_cat&post=18655"},{"taxonomy":"product_tag","embeddable":true,"href":"https:\/\/hutfactory.com\/index.php?rest_route=%2Fwp%2Fv2%2Fproduct_tag&post=18655"}],"curies":[{"name":"wp","href":"https:\/\/api.w.org\/{rel}","templated":true}]}}