{"id":18581,"date":"2026-03-10T10:32:53","date_gmt":"2026-03-10T10:32:53","guid":{"rendered":"https:\/\/hutfactory.com\/?product=panamahut-trilby-colorful-toquilla"},"modified":"2026-03-10T10:33:20","modified_gmt":"2026-03-10T10:33:20","slug":"panamahut-trilby-colorful-toquilla","status":"publish","type":"product","link":"https:\/\/hutfactory.com\/?product=panamahut-trilby-colorful-toquilla","title":{"rendered":"Panamahut Trilby &#8220;Colorful Toquilla&#8221;"},"content":{"rendered":"<h3 data-start=\"410\" data-end=\"462\"><strong data-start=\"414\" data-end=\"460\">Stilvolle Details f\u00fcr einen zeitlosen Look<\/strong><\/h3>\n<p data-start=\"463\" data-end=\"849\">Mit seiner charakteristischen <strong data-start=\"493\" data-end=\"524\">Trilby-Krone (11.0 cm H\u00f6he)<\/strong> und einer leicht hochgeschwungenen Krempe von <strong data-start=\"571\" data-end=\"581\">5.0 cm<\/strong> wirkt dieser Hut besonders stilvoll und modern. Das <strong data-start=\"634\" data-end=\"698\">hochwertige Rebs-Hutband mit Paspel und edlem Qualit\u00e4tsknopf<\/strong> verleiht dem Design einen Hauch von Raffinesse. W\u00e4hlen Sie aus den Farben <strong data-start=\"773\" data-end=\"806\">Greige, Peaceblue oder Citron<\/strong>, um Ihr Sommeroutfit perfekt abzurunden.<\/p>\n<h3 data-start=\"856\" data-end=\"881\"><strong data-start=\"860\" data-end=\"879\">Perfekt f\u00fcr\u0085 ??<\/strong><\/h3>\n<p data-start=\"882\" data-end=\"1238\">?? <strong data-start=\"885\" data-end=\"924\">Sommerliche Tage &#038; stilvolle Events<\/strong> \u0096 Ob Stadtbummel, Strandurlaub oder Gartenparty \u0096 dieser Hut passt zu jeder Gelegenheit.<br data-start=\"1013\" data-end=\"1016\" \/>?? <strong data-start=\"1019\" data-end=\"1051\">Modebewusste M\u00e4nner &#038; Frauen<\/strong> \u0096 Der Trilby-Schnitt verleiht jedem Outfit eine l\u00e4ssig-elegante Note.<br data-start=\"1121\" data-end=\"1124\" \/>?? <strong data-start=\"1127\" data-end=\"1151\">Nachhaltige Stilfans<\/strong> \u0096 Handgefertigt aus biologisch abbaubarem Toquilla-Stroh \u0096 stilvoll &#038; umweltbewusst.<\/p>\n<div class=\"hf-accordions\">\n<hr class=\"hf-accordion-separator\" \/>\n<details class=\"hf-accordion\">\n<summary><strong>\u25b6\ufe0f Gut zu wissen \u2013 mehr erfahren<\/strong><\/summary>\n<div class=\"hf-accordion-content\">\n<h3 data-start=\"1245\" data-end=\"1278\"><strong data-start=\"1249\" data-end=\"1276\">Wichtige Produktdetails<\/strong><\/h3>\n<p data-start=\"1279\" data-end=\"1809\">?? <strong data-start=\"1282\" data-end=\"1294\">Material<\/strong>: 100% Panama (Toquilla-Stroh) \u0096 fein gewebt, langlebig &#038; atmungsaktiv<br data-start=\"1364\" data-end=\"1367\" \/>?? <strong data-start=\"1370\" data-end=\"1384\">Randbreite<\/strong>: 5.0 cm \u0096 schmal und elegant f\u00fcr vielseitige Stylings<br data-start=\"1438\" data-end=\"1441\" \/>?? <strong data-start=\"1444\" data-end=\"1456\">Kopfh\u00f6he<\/strong>: 11.0 cm \u0096 klassische Trilby-Silhouette mit markanter Form<br data-start=\"1515\" data-end=\"1518\" \/>?? <strong data-start=\"1521\" data-end=\"1531\">Farben<\/strong>: Greige, Peaceblue, Citron \u0096 modische Sommerfarben f\u00fcr stilvolle Auftritte<br data-start=\"1606\" data-end=\"1609\" \/>?? <strong data-start=\"1612\" data-end=\"1624\">Garnitur<\/strong>: Rebs-Hutband mit Paspel und edlem Qualit\u00e4tsknopf auf Masche<br data-start=\"1685\" data-end=\"1688\" \/>?? <strong data-start=\"1691\" data-end=\"1706\">Schwei\u00dfband<\/strong>: Eingen\u00e4htes Textilinnenband f\u00fcr besten Tragekomfort<br data-start=\"1759\" data-end=\"1762\" \/>?? <strong data-start=\"1765\" data-end=\"1775\">Gr\u00f6\u00dfen<\/strong>: 54-64 \u0096 f\u00fcr den perfekten Sitz<\/p>\n<hr data-start=\"1811\" data-end=\"1814\" \/>\n<h3 data-start=\"1816\" data-end=\"1847\"><strong data-start=\"1820\" data-end=\"1845\">Design &#038; Verarbeitung<\/strong><\/h3>\n<p data-start=\"1848\" data-end=\"2209\">Der &#8220;Colorful Toquilla&#8221; verbindet <strong data-start=\"1882\" data-end=\"1938\">klassischen Trilby-Charme mit modernen Farbvarianten<\/strong>. Das feine Toquilla-Stroh verleiht ihm eine luftige Leichtigkeit, w\u00e4hrend die pr\u00e4zise Verarbeitung eine lange Lebensdauer garantiert. Die stilvolle Garnitur mit feiner Paspel und edlem Qualit\u00e4tsknopf macht den Hut zu einem stilvollen Accessoire f\u00fcr alle Gelegenheiten.<\/p>\n<hr data-start=\"2211\" data-end=\"2214\" \/>\n<h3 data-start=\"2216\" data-end=\"2254\"><strong data-start=\"2220\" data-end=\"2252\">Handgefertigt in der Schweiz<\/strong><\/h3>\n<p data-start=\"2255\" data-end=\"2465\">Jeder Hut wird mit h\u00f6chster Pr\u00e4zision in der <strong data-start=\"2300\" data-end=\"2332\">Schweizer Hutmanufaktur Risa<\/strong> hergestellt. Die traditionelle Handwerkskunst, kombiniert mit nachhaltiger Produktion, garantiert ein exklusives Qualit\u00e4tsprodukt.<\/p>\n<hr data-start=\"2467\" data-end=\"2470\" \/>\n<h3 data-start=\"2472\" data-end=\"2510\"><strong data-start=\"2476\" data-end=\"2505\">Nachhaltigkeit &#038; Qualit\u00e4t<\/strong> ??<\/h3>\n<p data-start=\"2511\" data-end=\"2762\">? <strong data-start=\"2513\" data-end=\"2539\">Nat\u00fcrliche Materialien<\/strong> \u0096 Biologisch abbaubares Toquilla-Stroh sorgt f\u00fcr umweltfreundlichen Stil.<br data-start=\"2613\" data-end=\"2616\" \/>? <strong data-start=\"2618\" data-end=\"2648\">Handwerkskunst &#038; Tradition<\/strong> \u0096 Jeder Hut wird mit Liebe zum Detail gefertigt.<br data-start=\"2697\" data-end=\"2700\" \/>? <strong data-start=\"2702\" data-end=\"2726\">Langlebig &#038; stilvoll<\/strong> \u0096 Ein Begleiter f\u00fcr viele Sommer.<\/p>\n<hr data-start=\"2764\" data-end=\"2767\" \/>\n<h3 data-start=\"2769\" data-end=\"2800\"><strong data-start=\"2773\" data-end=\"2798\">Herstellung &#038; Versand<\/strong><\/h3>\n<p data-start=\"2801\" data-end=\"3142\">?? <strong data-start=\"2804\" data-end=\"2832\">Fertigung auf Bestellung<\/strong> \u0096 Jeder Hut wird individuell produziert.<br data-start=\"2873\" data-end=\"2876\" \/>? <strong data-start=\"2878\" data-end=\"2898\">Herstellungszeit<\/strong> \u0096 10 bis 15 Arbeitstage nach Zahlungseingang.<br data-start=\"2944\" data-end=\"2947\" \/>?? <strong data-start=\"2950\" data-end=\"2961\">Versand<\/strong> \u0096 Innerhalb weniger Tage aus der Schweiz.<br data-start=\"3003\" data-end=\"3006\" \/>?? <strong data-start=\"3009\" data-end=\"3021\">Garantie<\/strong> \u0096 Umtausch nur bei Material- oder Herstellungsfehlern.<br data-start=\"3076\" data-end=\"3079\" \/>? <strong data-start=\"3081\" data-end=\"3098\">Verf\u00fcgbarkeit<\/strong> \u0096 Abverkauf des Rohmaterials vorbehalten.<\/p>\n<\/div>\n<\/details>\n<details class=\"hf-accordion\">\n<summary><strong>\u25b6\ufe0f FAQ \u2013 H\u00e4ufige Fragen<\/strong><\/summary>\n<div class=\"hf-accordion-content\">\n<h3 data-start=\"3149\" data-end=\"3188\"><strong data-start=\"3153\" data-end=\"3186\">FAQ \u0096 H\u00e4ufig gestellte Fragen<\/strong><\/h3>\n<p data-start=\"3189\" data-end=\"3344\">? <strong data-start=\"3191\" data-end=\"3229\">Wie sch\u00fctzt der Hut vor der Sonne?<\/strong><br data-start=\"3229\" data-end=\"3232\" \/>Das fein geflochtene Toquilla-Stroh bietet nat\u00fcrlichen UV-Schutz und sorgt f\u00fcr eine angenehme Luftzirkulation.<\/p>\n<p data-start=\"3346\" data-end=\"3507\">? <strong data-start=\"3348\" data-end=\"3384\">Ist der Hut f\u00fcr Reisen geeignet?<\/strong><br data-start=\"3384\" data-end=\"3387\" \/>Ja, er ist leicht und stabil \u0096 ideal f\u00fcr stilbewusste Reisende. Zur optimalen Formbewahrung empfehlen wir eine Hutbox.<\/p>\n<p data-start=\"3509\" data-end=\"3644\">? <strong data-start=\"3511\" data-end=\"3539\">Wie reinige ich den Hut?<\/strong><br data-start=\"3539\" data-end=\"3542\" \/>Ein leicht feuchtes Tuch reicht aus, um Schmutz zu entfernen. Direkte Feuchtigkeit und Regen meiden.<\/p>\n<p data-start=\"3646\" data-end=\"3766\">? <strong data-start=\"3648\" data-end=\"3683\">Welche Gr\u00f6\u00dfe sollte ich w\u00e4hlen?<\/strong><br data-start=\"3683\" data-end=\"3686\" \/>Messen Sie Ihren Kopfumfang und w\u00e4hlen Sie die entsprechende Gr\u00f6\u00dfe (54-64 cm).<\/p>\n<p data-start=\"3768\" data-end=\"3908\">? <strong data-start=\"3770\" data-end=\"3811\">Warum ist die Verf\u00fcgbarkeit begrenzt?<\/strong><br data-start=\"3811\" data-end=\"3814\" \/>Dieser Hut wird auf Bestellung handgefertigt \u0096 Rohstoffverf\u00fcgbarkeit bestimmt die St\u00fcckzahl.<\/p>\n<\/div>\n<\/details>\n<\/div>\n","protected":false},"excerpt":{"rendered":"<h3 data-start=\"0\" data-end=\"98\"><strong data-start=\"4\" data-end=\"91\">Sommerklassiker mit modernem Twist<\/strong> ??<\/h3>\n<p data-start=\"100\" data-end=\"403\">Leichtigkeit trifft auf Eleganz \u0096 der <strong data-start=\"138\" data-end=\"178\">Panamahut Trilby &#8220;Colorful Toquilla&#8221;<\/strong> ist die perfekte Wahl f\u00fcr alle, die zeitlose Klasse mit modernen Farbakzenten kombinieren m\u00f6chten. Handgefertigt aus originalem <strong data-start=\"307\" data-end=\"325\">Toquilla-Stroh<\/strong>, bietet dieser Hut erstklassigen Sonnenschutz und h\u00f6chste Atmungsaktivit\u00e4t.<\/p>\n","protected":false},"featured_media":18582,"template":"","meta":{"_acf_changed":false,"rs_blank_template":"","rs_page_bg_color":"","slide_template_v7":""},"product_brand":[250],"product_cat":[507,275,600],"product_tag":[],"class_list":{"0":"post-18581","1":"product","2":"type-product","3":"status-publish","4":"has-post-thumbnail","6":"product_brand-risa-hutwerkstatt-schweiz","7":"product_cat-panama-sommerhuete","8":"product_cat-sommerhuete","9":"product_cat-trilby-sommerhuete","10":"product_shipping_class-mittlere-pakete","11":"pa_color-citron","12":"pa_color-greige","13":"pa_color-peaceblue","14":"pa_groesse-206","15":"pa_groesse-196","16":"pa_groesse-207","17":"pa_groesse-197","18":"pa_groesse-208","19":"pa_groesse-198","20":"pa_groesse-209","21":"pa_groesse-199","22":"pa_groesse-210","23":"yith_product_brand-risa-hutwerkstatt-schweiz","26":"instock","27":"featured","28":"taxable","29":"shipping-taxable","30":"purchasable","31":"product-type-variable","32":"wvs-archive-product-wrapper","33":"add-to-wishlist-after_add_to_cart"},"acf":[],"yoast_head":"<!-- This site is optimized with the Yoast SEO Premium plugin v27.3 (Yoast SEO v27.3) - https:\/\/yoast.com\/product\/yoast-seo-premium-wordpress\/ -->\n<title>Panamahut Trilby &quot;Colorful Toquilla&quot; \u0096 Sommerlich &amp; elegant<\/title>\n<meta name=\"description\" content=\"Handgefertigter Panamahut im Trilby Style \u0096 stilvoller Sommerhut in Greige, Peaceblue &amp; Citron. Exklusiv aus der Schweiz!\" \/>\n<meta name=\"robots\" content=\"index, follow, max-snippet:-1, max-image-preview:large, max-video-preview:-1\" \/>\n<link rel=\"canonical\" href=\"https:\/\/hutfactory.com\/?product=panamahut-trilby-colorful-toquilla\" \/>\n<meta property=\"og:locale\" content=\"de_DE\" \/>\n<meta property=\"og:type\" content=\"article\" \/>\n<meta property=\"og:title\" content=\"Panamahut Trilby &quot;Colorful Toquilla&quot;\" \/>\n<meta property=\"og:description\" content=\"Handgefertigter Panamahut im Trilby Style \u0096 stilvoller Sommerhut in Greige, Peaceblue &amp; Citron. Exklusiv aus der Schweiz!\" \/>\n<meta property=\"og:url\" content=\"https:\/\/hutfactory.com\/?product=panamahut-trilby-colorful-toquilla\" \/>\n<meta property=\"og:site_name\" content=\"Hut Factory\" \/>\n<meta property=\"article:modified_time\" content=\"2026-03-10T10:33:20+00:00\" \/>\n<meta property=\"og:image\" content=\"https:\/\/hutfactory.com\/wp-content\/uploads\/2026\/03\/32802500.alle_.webp\" \/>\n\t<meta property=\"og:image:width\" content=\"750\" \/>\n\t<meta property=\"og:image:height\" content=\"750\" \/>\n\t<meta property=\"og:image:type\" content=\"image\/webp\" \/>\n<meta name=\"twitter:card\" content=\"summary_large_image\" \/>\n<meta name=\"twitter:label1\" content=\"Gesch\u00e4tzte Lesezeit\" \/>\n\t<meta name=\"twitter:data1\" content=\"2\u00a0Minuten\" \/>\n<script type=\"application\/ld+json\" class=\"yoast-schema-graph\">{\"@context\":\"https:\\\/\\\/schema.org\",\"@graph\":[{\"@type\":\"WebPage\",\"@id\":\"https:\\\/\\\/hutfactory.com\\\/?product=panamahut-trilby-colorful-toquilla\",\"url\":\"https:\\\/\\\/hutfactory.com\\\/?product=panamahut-trilby-colorful-toquilla\",\"name\":\"Panamahut Trilby \\\"Colorful Toquilla\\\" \u0096 Sommerlich & elegant\",\"isPartOf\":{\"@id\":\"https:\\\/\\\/hutfactory.com\\\/#website\"},\"primaryImageOfPage\":{\"@id\":\"https:\\\/\\\/hutfactory.com\\\/?product=panamahut-trilby-colorful-toquilla#primaryimage\"},\"image\":{\"@id\":\"https:\\\/\\\/hutfactory.com\\\/?product=panamahut-trilby-colorful-toquilla#primaryimage\"},\"thumbnailUrl\":\"https:\\\/\\\/hutfactory.com\\\/wp-content\\\/uploads\\\/2026\\\/03\\\/32802500.alle_.webp\",\"datePublished\":\"2026-03-10T10:32:53+00:00\",\"dateModified\":\"2026-03-10T10:33:20+00:00\",\"description\":\"Handgefertigter Panamahut im Trilby Style \u0096 stilvoller Sommerhut in Greige, Peaceblue & Citron. Exklusiv aus der Schweiz!\",\"breadcrumb\":{\"@id\":\"https:\\\/\\\/hutfactory.com\\\/?product=panamahut-trilby-colorful-toquilla#breadcrumb\"},\"inLanguage\":\"de\",\"potentialAction\":[{\"@type\":\"ReadAction\",\"target\":[\"https:\\\/\\\/hutfactory.com\\\/?product=panamahut-trilby-colorful-toquilla\"]}]},{\"@type\":\"ImageObject\",\"inLanguage\":\"de\",\"@id\":\"https:\\\/\\\/hutfactory.com\\\/?product=panamahut-trilby-colorful-toquilla#primaryimage\",\"url\":\"https:\\\/\\\/hutfactory.com\\\/wp-content\\\/uploads\\\/2026\\\/03\\\/32802500.alle_.webp\",\"contentUrl\":\"https:\\\/\\\/hutfactory.com\\\/wp-content\\\/uploads\\\/2026\\\/03\\\/32802500.alle_.webp\",\"width\":750,\"height\":750,\"caption\":\"Panamahut Trilby |Panamahut Trilby in Gelb|Panamahut Trilby in Hellblau|Panamahut Trilby in Hellbeige\"},{\"@type\":\"BreadcrumbList\",\"@id\":\"https:\\\/\\\/hutfactory.com\\\/?product=panamahut-trilby-colorful-toquilla#breadcrumb\",\"itemListElement\":[{\"@type\":\"ListItem\",\"position\":1,\"name\":\"Start\",\"item\":\"https:\\\/\\\/hutfactory.com\\\/\"},{\"@type\":\"ListItem\",\"position\":2,\"name\":\"Shop\",\"item\":\"https:\\\/\\\/hutfactory.com\\\/?page_id=10\"},{\"@type\":\"ListItem\",\"position\":3,\"name\":\"Panamahut Trilby &#8220;Colorful Toquilla&#8221;\"}]},{\"@type\":\"WebSite\",\"@id\":\"https:\\\/\\\/hutfactory.com\\\/#website\",\"url\":\"https:\\\/\\\/hutfactory.com\\\/\",\"name\":\"Hut Factory\",\"description\":\"H\u00fcte, Kappen &amp; M\u00fctzen in Top Swiss\\\/EU Qualit\u00e4t\",\"publisher\":{\"@id\":\"https:\\\/\\\/hutfactory.com\\\/#organization\"},\"alternateName\":\"Hut Shop\",\"potentialAction\":[{\"@type\":\"SearchAction\",\"target\":{\"@type\":\"EntryPoint\",\"urlTemplate\":\"https:\\\/\\\/hutfactory.com\\\/?s={search_term_string}\"},\"query-input\":{\"@type\":\"PropertyValueSpecification\",\"valueRequired\":true,\"valueName\":\"search_term_string\"}}],\"inLanguage\":\"de\"},{\"@type\":\"Organization\",\"@id\":\"https:\\\/\\\/hutfactory.com\\\/#organization\",\"name\":\"Hut Factory\",\"url\":\"https:\\\/\\\/hutfactory.com\\\/\",\"logo\":{\"@type\":\"ImageObject\",\"inLanguage\":\"de\",\"@id\":\"https:\\\/\\\/hutfactory.com\\\/#\\\/schema\\\/logo\\\/image\\\/\",\"url\":\"https:\\\/\\\/hutfactory.com\\\/wp-content\\\/uploads\\\/2026\\\/01\\\/Logo-hut-factory-1.webp\",\"contentUrl\":\"https:\\\/\\\/hutfactory.com\\\/wp-content\\\/uploads\\\/2026\\\/01\\\/Logo-hut-factory-1.webp\",\"width\":300,\"height\":262,\"caption\":\"Hut Factory\"},\"image\":{\"@id\":\"https:\\\/\\\/hutfactory.com\\\/#\\\/schema\\\/logo\\\/image\\\/\"}}]}<\/script>\n<!-- \/ Yoast SEO Premium plugin. -->","yoast_head_json":{"title":"Panamahut Trilby \"Colorful Toquilla\" \u0096 Sommerlich & elegant","description":"Handgefertigter Panamahut im Trilby Style \u0096 stilvoller Sommerhut in Greige, Peaceblue & Citron. Exklusiv aus der Schweiz!","robots":{"index":"index","follow":"follow","max-snippet":"max-snippet:-1","max-image-preview":"max-image-preview:large","max-video-preview":"max-video-preview:-1"},"canonical":"https:\/\/hutfactory.com\/?product=panamahut-trilby-colorful-toquilla","og_locale":"de_DE","og_type":"article","og_title":"Panamahut Trilby \"Colorful Toquilla\"","og_description":"Handgefertigter Panamahut im Trilby Style \u0096 stilvoller Sommerhut in Greige, Peaceblue & Citron. Exklusiv aus der Schweiz!","og_url":"https:\/\/hutfactory.com\/?product=panamahut-trilby-colorful-toquilla","og_site_name":"Hut Factory","article_modified_time":"2026-03-10T10:33:20+00:00","og_image":[{"width":750,"height":750,"url":"https:\/\/hutfactory.com\/wp-content\/uploads\/2026\/03\/32802500.alle_.webp","type":"image\/webp"}],"twitter_card":"summary_large_image","twitter_misc":{"Gesch\u00e4tzte Lesezeit":"2\u00a0Minuten"},"schema":{"@context":"https:\/\/schema.org","@graph":[{"@type":"WebPage","@id":"https:\/\/hutfactory.com\/?product=panamahut-trilby-colorful-toquilla","url":"https:\/\/hutfactory.com\/?product=panamahut-trilby-colorful-toquilla","name":"Panamahut Trilby \"Colorful Toquilla\" \u0096 Sommerlich & elegant","isPartOf":{"@id":"https:\/\/hutfactory.com\/#website"},"primaryImageOfPage":{"@id":"https:\/\/hutfactory.com\/?product=panamahut-trilby-colorful-toquilla#primaryimage"},"image":{"@id":"https:\/\/hutfactory.com\/?product=panamahut-trilby-colorful-toquilla#primaryimage"},"thumbnailUrl":"https:\/\/hutfactory.com\/wp-content\/uploads\/2026\/03\/32802500.alle_.webp","datePublished":"2026-03-10T10:32:53+00:00","dateModified":"2026-03-10T10:33:20+00:00","description":"Handgefertigter Panamahut im Trilby Style \u0096 stilvoller Sommerhut in Greige, Peaceblue & Citron. Exklusiv aus der Schweiz!","breadcrumb":{"@id":"https:\/\/hutfactory.com\/?product=panamahut-trilby-colorful-toquilla#breadcrumb"},"inLanguage":"de","potentialAction":[{"@type":"ReadAction","target":["https:\/\/hutfactory.com\/?product=panamahut-trilby-colorful-toquilla"]}]},{"@type":"ImageObject","inLanguage":"de","@id":"https:\/\/hutfactory.com\/?product=panamahut-trilby-colorful-toquilla#primaryimage","url":"https:\/\/hutfactory.com\/wp-content\/uploads\/2026\/03\/32802500.alle_.webp","contentUrl":"https:\/\/hutfactory.com\/wp-content\/uploads\/2026\/03\/32802500.alle_.webp","width":750,"height":750,"caption":"Panamahut Trilby |Panamahut Trilby in Gelb|Panamahut Trilby in Hellblau|Panamahut Trilby in Hellbeige"},{"@type":"BreadcrumbList","@id":"https:\/\/hutfactory.com\/?product=panamahut-trilby-colorful-toquilla#breadcrumb","itemListElement":[{"@type":"ListItem","position":1,"name":"Start","item":"https:\/\/hutfactory.com\/"},{"@type":"ListItem","position":2,"name":"Shop","item":"https:\/\/hutfactory.com\/?page_id=10"},{"@type":"ListItem","position":3,"name":"Panamahut Trilby &#8220;Colorful Toquilla&#8221;"}]},{"@type":"WebSite","@id":"https:\/\/hutfactory.com\/#website","url":"https:\/\/hutfactory.com\/","name":"Hut Factory","description":"H\u00fcte, Kappen &amp; M\u00fctzen in Top Swiss\/EU Qualit\u00e4t","publisher":{"@id":"https:\/\/hutfactory.com\/#organization"},"alternateName":"Hut Shop","potentialAction":[{"@type":"SearchAction","target":{"@type":"EntryPoint","urlTemplate":"https:\/\/hutfactory.com\/?s={search_term_string}"},"query-input":{"@type":"PropertyValueSpecification","valueRequired":true,"valueName":"search_term_string"}}],"inLanguage":"de"},{"@type":"Organization","@id":"https:\/\/hutfactory.com\/#organization","name":"Hut Factory","url":"https:\/\/hutfactory.com\/","logo":{"@type":"ImageObject","inLanguage":"de","@id":"https:\/\/hutfactory.com\/#\/schema\/logo\/image\/","url":"https:\/\/hutfactory.com\/wp-content\/uploads\/2026\/01\/Logo-hut-factory-1.webp","contentUrl":"https:\/\/hutfactory.com\/wp-content\/uploads\/2026\/01\/Logo-hut-factory-1.webp","width":300,"height":262,"caption":"Hut Factory"},"image":{"@id":"https:\/\/hutfactory.com\/#\/schema\/logo\/image\/"}}]}},"_links":{"self":[{"href":"https:\/\/hutfactory.com\/index.php?rest_route=\/wp\/v2\/product\/18581","targetHints":{"allow":["GET"]}}],"collection":[{"href":"https:\/\/hutfactory.com\/index.php?rest_route=\/wp\/v2\/product"}],"about":[{"href":"https:\/\/hutfactory.com\/index.php?rest_route=\/wp\/v2\/types\/product"}],"wp:featuredmedia":[{"embeddable":true,"href":"https:\/\/hutfactory.com\/index.php?rest_route=\/wp\/v2\/media\/18582"}],"wp:attachment":[{"href":"https:\/\/hutfactory.com\/index.php?rest_route=%2Fwp%2Fv2%2Fmedia&parent=18581"}],"wp:term":[{"taxonomy":"product_brand","embeddable":true,"href":"https:\/\/hutfactory.com\/index.php?rest_route=%2Fwp%2Fv2%2Fproduct_brand&post=18581"},{"taxonomy":"product_cat","embeddable":true,"href":"https:\/\/hutfactory.com\/index.php?rest_route=%2Fwp%2Fv2%2Fproduct_cat&post=18581"},{"taxonomy":"product_tag","embeddable":true,"href":"https:\/\/hutfactory.com\/index.php?rest_route=%2Fwp%2Fv2%2Fproduct_tag&post=18581"}],"curies":[{"name":"wp","href":"https:\/\/api.w.org\/{rel}","templated":true}]}}