{"id":18506,"date":"2026-03-10T10:31:42","date_gmt":"2026-03-10T10:31:42","guid":{"rendered":"https:\/\/hutfactory.com\/?product=damenhut-hanf-blockcolors"},"modified":"2026-03-10T10:32:15","modified_gmt":"2026-03-10T10:32:15","slug":"damenhut-hanf-blockcolors","status":"publish","type":"product","link":"https:\/\/hutfactory.com\/?product=damenhut-hanf-blockcolors","title":{"rendered":"Damenhut Hanf &#8220;Blockcolors&#8221;"},"content":{"rendered":"<p data-start=\"173\" data-end=\"597\">Ein sommerliches Highlight mit modischem Charakter! Der <strong data-start=\"229\" data-end=\"260\">Damenhut Hanf &#8220;Blockcolors&#8221;<\/strong> vereint klassische Eleganz mit einem frischen Farbmix und nachhaltiger Handwerkskunst. Das luftige Hanfgeflecht bietet nicht nur eine hervorragende Atmungsaktivit\u00e4t, sondern ist auch besonders langlebig und umweltfreundlich. Perfekt f\u00fcr stilbewusste Tr\u00e4gerinnen, die Wert auf hochwertige Materialien und ein einzigartiges Design legen.<\/p>\n<h4 data-start=\"599\" data-end=\"620\"><strong data-start=\"604\" data-end=\"620\">Perfekt f\u00fcr\u0085<\/strong><\/h4>\n<p data-start=\"621\" data-end=\"982\">?? <strong data-start=\"624\" data-end=\"649\">Sommerliche Abenteuer<\/strong> \u0096 Ein zuverl\u00e4ssiger Begleiter f\u00fcr Stadtbummel, Strandausfl\u00fcge oder Gartenpartys.<br data-start=\"730\" data-end=\"733\" \/>?? <strong data-start=\"736\" data-end=\"764\">Modische Statement-Looks<\/strong> \u0096 Die harmonische Farbkombination setzt Akzente und erg\u00e4nzt Outfits mit nat\u00fcrlicher Eleganz.<br data-start=\"857\" data-end=\"860\" \/>?? <strong data-start=\"863\" data-end=\"891\">Nachhaltige Modebewusste<\/strong> \u0096 Handgefertigt aus 100% Hanf, einem umweltfreundlichen und ressourcenschonenden Material.<\/p>\n<div class=\"hf-accordions\">\n<hr class=\"hf-accordion-separator\" \/>\n<details class=\"hf-accordion\">\n<summary><strong>\u25b6\ufe0f Gut zu wissen \u2013 mehr erfahren<\/strong><\/summary>\n<div class=\"hf-accordion-content\"><\/div>\n<\/details>\n<details class=\"hf-accordion\">\n<summary><strong>\u25b6\ufe0f FAQ \u2013 H\u00e4ufige Fragen<\/strong><\/summary>\n<div class=\"hf-accordion-content\"><\/div>\n<\/details>\n<\/div>\n","protected":false},"excerpt":{"rendered":"<h3 data-start=\"93\" data-end=\"169\"><strong data-start=\"97\" data-end=\"169\">Stilvolle Nat\u00fcrlichkeit mit Farbakzent<\/strong><\/h3>\n<p>Dieser Damenhut ist die perfekte Kombination aus Stil, Komfort und Nachhaltigkeit. Sichern Sie sich Ihr Unikat aus der <strong data-start=\"3590\" data-end=\"3622\">Schweizer Hutmanufaktur Risa<\/strong> \u0096 <strong data-start=\"3625\" data-end=\"3660\">handgefertigt mit Leidenschaft!<\/strong><\/p>\n","protected":false},"featured_media":18507,"template":"","meta":{"_acf_changed":false,"rs_blank_template":"","rs_page_bg_color":"","slide_template_v7":""},"product_brand":[250],"product_cat":[446,647,275],"product_tag":[],"class_list":{"0":"post-18506","1":"product","2":"type-product","3":"status-publish","4":"has-post-thumbnail","6":"product_brand-risa-hutwerkstatt-schweiz","7":"product_cat-cloche-sommerhuete","8":"product_cat-liegestuhl-sommerhuete","9":"product_cat-sommerhuete","10":"product_shipping_class-mittlere-pakete","11":"pa_color-flieder","12":"pa_color-mgruen","13":"pa_color-natur","14":"pa_groesse-206","15":"pa_groesse-196","16":"pa_groesse-207","17":"pa_groesse-197","18":"pa_groesse-208","19":"pa_groesse-198","20":"pa_groesse-209","21":"pa_groesse-199","22":"pa_groesse-210","23":"yith_product_brand-risa-hutwerkstatt-schweiz","26":"instock","27":"featured","28":"taxable","29":"shipping-taxable","30":"purchasable","31":"product-type-variable","32":"wvs-archive-product-wrapper","33":"add-to-wishlist-after_add_to_cart"},"acf":[],"yoast_head":"<!-- This site is optimized with the Yoast SEO Premium plugin v27.3 (Yoast SEO v27.3) - https:\/\/yoast.com\/product\/yoast-seo-premium-wordpress\/ -->\n<title>Damen Sommerhut Hanf &quot;Blockcolors&quot; \u0096 Nachhaltige Eleganz<\/title>\n<meta name=\"description\" content=\"Leichter Damen Sommerhut aus 100% Hanf \u0096 atmungsaktiv, farbenfroh &amp; handgefertigt in der Schweiz. Jetzt entdecken!\" \/>\n<meta name=\"robots\" content=\"index, follow, max-snippet:-1, max-image-preview:large, max-video-preview:-1\" \/>\n<link rel=\"canonical\" href=\"https:\/\/hutfactory.com\/?product=damenhut-hanf-blockcolors\" \/>\n<meta property=\"og:locale\" content=\"de_DE\" \/>\n<meta property=\"og:type\" content=\"article\" \/>\n<meta property=\"og:title\" content=\"Damenhut Hanf &quot;Blockcolors&quot;\" \/>\n<meta property=\"og:description\" content=\"Leichter Damen Sommerhut aus 100% Hanf \u0096 atmungsaktiv, farbenfroh &amp; handgefertigt in der Schweiz. Jetzt entdecken!\" \/>\n<meta property=\"og:url\" content=\"https:\/\/hutfactory.com\/?product=damenhut-hanf-blockcolors\" \/>\n<meta property=\"og:site_name\" content=\"Hut Factory\" \/>\n<meta property=\"article:modified_time\" content=\"2026-03-10T10:32:15+00:00\" \/>\n<meta property=\"og:image\" content=\"https:\/\/hutfactory.com\/wp-content\/uploads\/2026\/03\/13006310.alleB_.webp\" \/>\n\t<meta property=\"og:image:width\" content=\"750\" \/>\n\t<meta property=\"og:image:height\" content=\"750\" \/>\n\t<meta property=\"og:image:type\" content=\"image\/webp\" \/>\n<meta name=\"twitter:card\" content=\"summary_large_image\" \/>\n<meta name=\"twitter:label1\" content=\"Gesch\u00e4tzte Lesezeit\" \/>\n\t<meta name=\"twitter:data1\" content=\"1\u00a0Minute\" \/>\n<script type=\"application\/ld+json\" class=\"yoast-schema-graph\">{\"@context\":\"https:\\\/\\\/schema.org\",\"@graph\":[{\"@type\":\"WebPage\",\"@id\":\"https:\\\/\\\/hutfactory.com\\\/?product=damenhut-hanf-blockcolors\",\"url\":\"https:\\\/\\\/hutfactory.com\\\/?product=damenhut-hanf-blockcolors\",\"name\":\"Damen Sommerhut Hanf \\\"Blockcolors\\\" \u0096 Nachhaltige Eleganz\",\"isPartOf\":{\"@id\":\"https:\\\/\\\/hutfactory.com\\\/#website\"},\"primaryImageOfPage\":{\"@id\":\"https:\\\/\\\/hutfactory.com\\\/?product=damenhut-hanf-blockcolors#primaryimage\"},\"image\":{\"@id\":\"https:\\\/\\\/hutfactory.com\\\/?product=damenhut-hanf-blockcolors#primaryimage\"},\"thumbnailUrl\":\"https:\\\/\\\/hutfactory.com\\\/wp-content\\\/uploads\\\/2026\\\/03\\\/13006310.alleB_.webp\",\"datePublished\":\"2026-03-10T10:31:42+00:00\",\"dateModified\":\"2026-03-10T10:32:15+00:00\",\"description\":\"Leichter Damen Sommerhut aus 100% Hanf \u0096 atmungsaktiv, farbenfroh & handgefertigt in der Schweiz. Jetzt entdecken!\",\"breadcrumb\":{\"@id\":\"https:\\\/\\\/hutfactory.com\\\/?product=damenhut-hanf-blockcolors#breadcrumb\"},\"inLanguage\":\"de\",\"potentialAction\":[{\"@type\":\"ReadAction\",\"target\":[\"https:\\\/\\\/hutfactory.com\\\/?product=damenhut-hanf-blockcolors\"]}]},{\"@type\":\"ImageObject\",\"inLanguage\":\"de\",\"@id\":\"https:\\\/\\\/hutfactory.com\\\/?product=damenhut-hanf-blockcolors#primaryimage\",\"url\":\"https:\\\/\\\/hutfactory.com\\\/wp-content\\\/uploads\\\/2026\\\/03\\\/13006310.alleB_.webp\",\"contentUrl\":\"https:\\\/\\\/hutfactory.com\\\/wp-content\\\/uploads\\\/2026\\\/03\\\/13006310.alleB_.webp\",\"width\":750,\"height\":750,\"caption\":\"Damenhut Hanf \\\"blockcolors\\\"|Damenhut Hanf \\\"blockcolors\\\" Ansicht seitlich|Damenhut Hanf \\\"blockcolors\\\"|Damenhut Hanf \\\"blockcolors\\\"|Damenhut Hanf \\\"blockcolors\\\"|Damenhut Hanf \\\"blockcolors\\\"|Damenhut Hanf \\\"blockcolors\\\"|Damenhut Hanf \\\"blockcolors\\\"\"},{\"@type\":\"BreadcrumbList\",\"@id\":\"https:\\\/\\\/hutfactory.com\\\/?product=damenhut-hanf-blockcolors#breadcrumb\",\"itemListElement\":[{\"@type\":\"ListItem\",\"position\":1,\"name\":\"Start\",\"item\":\"https:\\\/\\\/hutfactory.com\\\/\"},{\"@type\":\"ListItem\",\"position\":2,\"name\":\"Shop\",\"item\":\"https:\\\/\\\/hutfactory.com\\\/?page_id=10\"},{\"@type\":\"ListItem\",\"position\":3,\"name\":\"Damenhut Hanf &#8220;Blockcolors&#8221;\"}]},{\"@type\":\"WebSite\",\"@id\":\"https:\\\/\\\/hutfactory.com\\\/#website\",\"url\":\"https:\\\/\\\/hutfactory.com\\\/\",\"name\":\"Hut Factory\",\"description\":\"H\u00fcte, Kappen &amp; M\u00fctzen in Top Swiss\\\/EU Qualit\u00e4t\",\"publisher\":{\"@id\":\"https:\\\/\\\/hutfactory.com\\\/#organization\"},\"alternateName\":\"Hut Shop\",\"potentialAction\":[{\"@type\":\"SearchAction\",\"target\":{\"@type\":\"EntryPoint\",\"urlTemplate\":\"https:\\\/\\\/hutfactory.com\\\/?s={search_term_string}\"},\"query-input\":{\"@type\":\"PropertyValueSpecification\",\"valueRequired\":true,\"valueName\":\"search_term_string\"}}],\"inLanguage\":\"de\"},{\"@type\":\"Organization\",\"@id\":\"https:\\\/\\\/hutfactory.com\\\/#organization\",\"name\":\"Hut Factory\",\"url\":\"https:\\\/\\\/hutfactory.com\\\/\",\"logo\":{\"@type\":\"ImageObject\",\"inLanguage\":\"de\",\"@id\":\"https:\\\/\\\/hutfactory.com\\\/#\\\/schema\\\/logo\\\/image\\\/\",\"url\":\"https:\\\/\\\/hutfactory.com\\\/wp-content\\\/uploads\\\/2026\\\/01\\\/Logo-hut-factory-1.webp\",\"contentUrl\":\"https:\\\/\\\/hutfactory.com\\\/wp-content\\\/uploads\\\/2026\\\/01\\\/Logo-hut-factory-1.webp\",\"width\":300,\"height\":262,\"caption\":\"Hut Factory\"},\"image\":{\"@id\":\"https:\\\/\\\/hutfactory.com\\\/#\\\/schema\\\/logo\\\/image\\\/\"}}]}<\/script>\n<!-- \/ Yoast SEO Premium plugin. -->","yoast_head_json":{"title":"Damen Sommerhut Hanf \"Blockcolors\" \u0096 Nachhaltige Eleganz","description":"Leichter Damen Sommerhut aus 100% Hanf \u0096 atmungsaktiv, farbenfroh & handgefertigt in der Schweiz. Jetzt entdecken!","robots":{"index":"index","follow":"follow","max-snippet":"max-snippet:-1","max-image-preview":"max-image-preview:large","max-video-preview":"max-video-preview:-1"},"canonical":"https:\/\/hutfactory.com\/?product=damenhut-hanf-blockcolors","og_locale":"de_DE","og_type":"article","og_title":"Damenhut Hanf \"Blockcolors\"","og_description":"Leichter Damen Sommerhut aus 100% Hanf \u0096 atmungsaktiv, farbenfroh & handgefertigt in der Schweiz. Jetzt entdecken!","og_url":"https:\/\/hutfactory.com\/?product=damenhut-hanf-blockcolors","og_site_name":"Hut Factory","article_modified_time":"2026-03-10T10:32:15+00:00","og_image":[{"width":750,"height":750,"url":"https:\/\/hutfactory.com\/wp-content\/uploads\/2026\/03\/13006310.alleB_.webp","type":"image\/webp"}],"twitter_card":"summary_large_image","twitter_misc":{"Gesch\u00e4tzte Lesezeit":"1\u00a0Minute"},"schema":{"@context":"https:\/\/schema.org","@graph":[{"@type":"WebPage","@id":"https:\/\/hutfactory.com\/?product=damenhut-hanf-blockcolors","url":"https:\/\/hutfactory.com\/?product=damenhut-hanf-blockcolors","name":"Damen Sommerhut Hanf \"Blockcolors\" \u0096 Nachhaltige Eleganz","isPartOf":{"@id":"https:\/\/hutfactory.com\/#website"},"primaryImageOfPage":{"@id":"https:\/\/hutfactory.com\/?product=damenhut-hanf-blockcolors#primaryimage"},"image":{"@id":"https:\/\/hutfactory.com\/?product=damenhut-hanf-blockcolors#primaryimage"},"thumbnailUrl":"https:\/\/hutfactory.com\/wp-content\/uploads\/2026\/03\/13006310.alleB_.webp","datePublished":"2026-03-10T10:31:42+00:00","dateModified":"2026-03-10T10:32:15+00:00","description":"Leichter Damen Sommerhut aus 100% Hanf \u0096 atmungsaktiv, farbenfroh & handgefertigt in der Schweiz. Jetzt entdecken!","breadcrumb":{"@id":"https:\/\/hutfactory.com\/?product=damenhut-hanf-blockcolors#breadcrumb"},"inLanguage":"de","potentialAction":[{"@type":"ReadAction","target":["https:\/\/hutfactory.com\/?product=damenhut-hanf-blockcolors"]}]},{"@type":"ImageObject","inLanguage":"de","@id":"https:\/\/hutfactory.com\/?product=damenhut-hanf-blockcolors#primaryimage","url":"https:\/\/hutfactory.com\/wp-content\/uploads\/2026\/03\/13006310.alleB_.webp","contentUrl":"https:\/\/hutfactory.com\/wp-content\/uploads\/2026\/03\/13006310.alleB_.webp","width":750,"height":750,"caption":"Damenhut Hanf \"blockcolors\"|Damenhut Hanf \"blockcolors\" Ansicht seitlich|Damenhut Hanf \"blockcolors\"|Damenhut Hanf \"blockcolors\"|Damenhut Hanf \"blockcolors\"|Damenhut Hanf \"blockcolors\"|Damenhut Hanf \"blockcolors\"|Damenhut Hanf \"blockcolors\""},{"@type":"BreadcrumbList","@id":"https:\/\/hutfactory.com\/?product=damenhut-hanf-blockcolors#breadcrumb","itemListElement":[{"@type":"ListItem","position":1,"name":"Start","item":"https:\/\/hutfactory.com\/"},{"@type":"ListItem","position":2,"name":"Shop","item":"https:\/\/hutfactory.com\/?page_id=10"},{"@type":"ListItem","position":3,"name":"Damenhut Hanf &#8220;Blockcolors&#8221;"}]},{"@type":"WebSite","@id":"https:\/\/hutfactory.com\/#website","url":"https:\/\/hutfactory.com\/","name":"Hut Factory","description":"H\u00fcte, Kappen &amp; M\u00fctzen in Top Swiss\/EU Qualit\u00e4t","publisher":{"@id":"https:\/\/hutfactory.com\/#organization"},"alternateName":"Hut Shop","potentialAction":[{"@type":"SearchAction","target":{"@type":"EntryPoint","urlTemplate":"https:\/\/hutfactory.com\/?s={search_term_string}"},"query-input":{"@type":"PropertyValueSpecification","valueRequired":true,"valueName":"search_term_string"}}],"inLanguage":"de"},{"@type":"Organization","@id":"https:\/\/hutfactory.com\/#organization","name":"Hut Factory","url":"https:\/\/hutfactory.com\/","logo":{"@type":"ImageObject","inLanguage":"de","@id":"https:\/\/hutfactory.com\/#\/schema\/logo\/image\/","url":"https:\/\/hutfactory.com\/wp-content\/uploads\/2026\/01\/Logo-hut-factory-1.webp","contentUrl":"https:\/\/hutfactory.com\/wp-content\/uploads\/2026\/01\/Logo-hut-factory-1.webp","width":300,"height":262,"caption":"Hut Factory"},"image":{"@id":"https:\/\/hutfactory.com\/#\/schema\/logo\/image\/"}}]}},"_links":{"self":[{"href":"https:\/\/hutfactory.com\/index.php?rest_route=\/wp\/v2\/product\/18506","targetHints":{"allow":["GET"]}}],"collection":[{"href":"https:\/\/hutfactory.com\/index.php?rest_route=\/wp\/v2\/product"}],"about":[{"href":"https:\/\/hutfactory.com\/index.php?rest_route=\/wp\/v2\/types\/product"}],"wp:featuredmedia":[{"embeddable":true,"href":"https:\/\/hutfactory.com\/index.php?rest_route=\/wp\/v2\/media\/18507"}],"wp:attachment":[{"href":"https:\/\/hutfactory.com\/index.php?rest_route=%2Fwp%2Fv2%2Fmedia&parent=18506"}],"wp:term":[{"taxonomy":"product_brand","embeddable":true,"href":"https:\/\/hutfactory.com\/index.php?rest_route=%2Fwp%2Fv2%2Fproduct_brand&post=18506"},{"taxonomy":"product_cat","embeddable":true,"href":"https:\/\/hutfactory.com\/index.php?rest_route=%2Fwp%2Fv2%2Fproduct_cat&post=18506"},{"taxonomy":"product_tag","embeddable":true,"href":"https:\/\/hutfactory.com\/index.php?rest_route=%2Fwp%2Fv2%2Fproduct_tag&post=18506"}],"curies":[{"name":"wp","href":"https:\/\/api.w.org\/{rel}","templated":true}]}}