{"id":18477,"date":"2026-03-10T10:31:42","date_gmt":"2026-03-10T10:31:42","guid":{"rendered":"https:\/\/hutfactory.com\/?product=sommerhut-fedora-traveler-fadenspiel"},"modified":"2026-03-10T10:32:15","modified_gmt":"2026-03-10T10:32:15","slug":"sommerhut-fedora-traveler-fadenspiel","status":"publish","type":"product","link":"https:\/\/hutfactory.com\/?product=sommerhut-fedora-traveler-fadenspiel","title":{"rendered":"Sommerhut Fedora Traveler &#8220;Fadenspiel&#8221;"},"content":{"rendered":"<p data-start=\"533\" data-end=\"962\">Ein Hut, der Sommertr\u00e4ume wahr werden l\u00e4sst! Der <strong data-start=\"621\" data-end=\"653\">Fedora Traveler \u0084Fadenspiel\u0093<\/strong> kombiniert traditionelles Handwerk mit modernem Design. Die feine Flechtung aus 100% Hanf sorgt f\u00fcr eine luftige Struktur, w\u00e4hrend die 6 cm breite Krempe optimalen Schutz vor der Sonne bietet. Mit einer Kopfh\u00f6he von 9,5 cm beh\u00e4lt der Fedora seine markante Form und verleiht jedem Look eine l\u00e4ssige Eleganz.<\/p>\n<p data-start=\"964\" data-end=\"1268\">Besonders beeindruckend ist das subtile Farbspiel: Ein harmonischer Verlauf von Naturt\u00f6nen zu maritimen Blau-Nuancen verleiht diesem Modell seinen einzigartigen Charakter. Das hochwertige Leinen-Hutband in Ciel mit der dekorativen Masche und dem <strong data-start=\"1210\" data-end=\"1242\">Risa Qualit\u00e4tsknopf von 1919<\/strong> macht den Look perfekt.<\/p>\n<p data-start=\"1270\" data-end=\"1555\">?? <strong data-start=\"1273\" data-end=\"1289\">Perfekt f\u00fcr\u0085<\/strong><br data-start=\"1289\" data-end=\"1292\" \/>?? <strong data-start=\"1295\" data-end=\"1335\">Sommerliche Eleganz &#038; Urlaubsmomente<\/strong> \u0096 Ein federleichter Begleiter f\u00fcr warme Tage.<br data-start=\"1381\" data-end=\"1384\" \/>??? <strong data-start=\"1388\" data-end=\"1413\">Strand, City &#038; Events<\/strong> \u0096 Ein stilvolles Accessoire f\u00fcr verschiedene Anl\u00e4sse.<br data-start=\"1467\" data-end=\"1470\" \/>?? <strong data-start=\"1473\" data-end=\"1507\">Naturverbundene &#038; Modebewusste<\/strong> \u0096 100% Hanf f\u00fcr ein nachhaltiges Tragegef\u00fchl.<\/p>\n<div class=\"hf-accordions\">\n<hr class=\"hf-accordion-separator\" \/>\n<details class=\"hf-accordion\">\n<summary><strong>\u25b6\ufe0f Gut zu wissen \u2013 mehr erfahren<\/strong><\/summary>\n<div class=\"hf-accordion-content\">\n<p data-start=\"1557\" data-end=\"1586\"><strong data-start=\"1557\" data-end=\"1584\">Wichtige Produktdetails<\/strong><\/p>\n<ul data-start=\"1587\" data-end=\"2132\">\n<li data-start=\"1587\" data-end=\"1659\"><strong data-start=\"1589\" data-end=\"1601\">Material<\/strong>: 100% Hanf \u0096 leicht, atmungsaktiv und umweltfreundlich.<\/li>\n<li data-start=\"1660\" data-end=\"1741\"><strong data-start=\"1662\" data-end=\"1676\">Randbreite<\/strong>: 6,0 cm \u0096 dezenter Sonnenschutz mit klassischer Fedora-Krempe.<\/li>\n<li data-start=\"1742\" data-end=\"1819\"><strong data-start=\"1744\" data-end=\"1756\">Kopfh\u00f6he<\/strong>: 9,5 cm \u0096 markante Silhouette f\u00fcr einen stilvollen Auftritt.<\/li>\n<li data-start=\"1820\" data-end=\"1904\"><strong data-start=\"1822\" data-end=\"1832\">Farben<\/strong>: Natur\/Marine\/K\u00f6nigsblau \u0096 eleganter Farbverlauf mit maritimem Flair.<\/li>\n<li data-start=\"1905\" data-end=\"1956\"><strong data-start=\"1907\" data-end=\"1917\">Gr\u00f6\u00dfen<\/strong>: 54-64 \u0096 f\u00fcr eine optimale Passform.<\/li>\n<li data-start=\"1957\" data-end=\"2044\"><strong data-start=\"1959\" data-end=\"1971\">Garnitur<\/strong>: Hochwertiges Leinen-Hutband in Ciel mit <strong data-start=\"2013\" data-end=\"2041\">1919 Risa Qualit\u00e4tsknopf<\/strong>.<\/li>\n<li data-start=\"2045\" data-end=\"2132\"><strong data-start=\"2047\" data-end=\"2062\">Schwei\u00dfband<\/strong>: Sauber eingearbeitetes Textilinnenband f\u00fcr maximalen Tragekomfort.<\/li>\n<\/ul>\n<p data-start=\"2134\" data-end=\"2564\"><strong data-start=\"2134\" data-end=\"2159\">Design &#038; Verarbeitung<\/strong><br data-start=\"2159\" data-end=\"2162\" \/>Der Fedora Traveler \u0084Fadenspiel\u0093 \u00fcberzeugt durch seine feine, handgefertigte Flechtung aus reinem Hanf. Das Farbverlauf-Design verleiht dem Hut eine dynamische Optik, w\u00e4hrend das schlichte Leinenband mit <strong data-start=\"2366\" data-end=\"2389\">Risa Qualit\u00e4tsknopf<\/strong> das hochwertige Finish unterstreicht. Dank seiner nachhaltigen Materialien ist dieser Hut nicht nur ein modisches Statement, sondern auch eine bewusste Wahl f\u00fcr die Umwelt.<\/p>\n<p data-start=\"2566\" data-end=\"2801\"><strong data-start=\"2566\" data-end=\"2598\">Handgefertigt in der Schweiz<\/strong><br data-start=\"2598\" data-end=\"2601\" \/>Jeder Hut wird in der <strong data-start=\"2623\" data-end=\"2655\">Schweizer Hutmanufaktur Risa<\/strong> mit gr\u00f6\u00dfter Pr\u00e4zision und Liebe zum Detail gefertigt. Durch die Herstellung auf Bestellung garantieren wir h\u00f6chste Qualit\u00e4t und Individualit\u00e4t.<\/p>\n<p data-start=\"2803\" data-end=\"3065\"><strong data-start=\"2803\" data-end=\"2832\">Nachhaltigkeit &#038; Qualit\u00e4t<\/strong><br data-start=\"2832\" data-end=\"2835\" \/>? <strong data-start=\"2837\" data-end=\"2850\">100% Hanf<\/strong> \u0096 eine umweltfreundliche, langlebige Alternative zu synthetischen Materialien.<br data-start=\"2929\" data-end=\"2932\" \/>? <strong data-start=\"2934\" data-end=\"2966\">Handgefertigt in der Schweiz<\/strong> \u0096 exklusiv auf Bestellung gefertigt.<br data-start=\"3003\" data-end=\"3006\" \/>? <strong data-start=\"3008\" data-end=\"3033\">Atmungsaktiv &#038; leicht<\/strong> \u0096 ideal f\u00fcr hei\u00dfe Sommertage.<\/p>\n<p data-start=\"3067\" data-end=\"3094\"><strong data-start=\"3067\" data-end=\"3092\">Herstellung &#038; Versand<\/strong><\/p>\n<ul data-start=\"3095\" data-end=\"3353\">\n<li data-start=\"3095\" data-end=\"3186\"><strong data-start=\"3097\" data-end=\"3125\">Fertigung auf Bestellung<\/strong>: Jeder Hut wird individuell nach Bestelleingang gefertigt.<\/li>\n<li data-start=\"3187\" data-end=\"3256\"><strong data-start=\"3189\" data-end=\"3209\">Herstellungszeit<\/strong>: 10 bis 15 Arbeitstage nach Zahlungseingang.<\/li>\n<li data-start=\"3257\" data-end=\"3353\"><strong data-start=\"3259\" data-end=\"3270\">Versand<\/strong>: Nach Fertigstellung erfolgt der Versand innerhalb weniger Tage aus der Schweiz.<\/li>\n<\/ul>\n<\/div>\n<\/details>\n<details class=\"hf-accordion\">\n<summary><strong>\u25b6\ufe0f FAQ \u2013 H\u00e4ufige Fragen<\/strong><\/summary>\n<div class=\"hf-accordion-content\">\n<p data-start=\"3355\" data-end=\"3390\"><strong data-start=\"3355\" data-end=\"3388\">FAQ (H\u00e4ufig gestellte Fragen)<\/strong><\/p>\n<ol data-start=\"3391\" data-end=\"4156\">\n<li data-start=\"3391\" data-end=\"3522\"><strong data-start=\"3394\" data-end=\"3434\">Wie finde ich die richtige Hutgr\u00f6\u00dfe?<\/strong><br data-start=\"3434\" data-end=\"3437\" \/>Messen Sie Ihren Kopfumfang und w\u00e4hlen Sie die passende Gr\u00f6\u00dfe zwischen 54-64 cm.<\/li>\n<li data-start=\"3523\" data-end=\"3655\"><strong data-start=\"3526\" data-end=\"3574\">Ist der Hut f\u00fcr hei\u00dfe Temperaturen geeignet?<\/strong><br data-start=\"3574\" data-end=\"3577\" \/>Ja, dank des luftdurchl\u00e4ssigen Hanfgewebes bleibt der Kopf angenehm k\u00fchl.<\/li>\n<li data-start=\"3656\" data-end=\"3835\"><strong data-start=\"3659\" data-end=\"3713\">Kann ich den Hut umtauschen, falls er nicht passt?<\/strong><br data-start=\"3713\" data-end=\"3716\" \/>Da es sich um eine Sonderanfertigung handelt, ist ein Umtausch nur bei Material- oder Herstellungsfehlern m\u00f6glich.<\/li>\n<li data-start=\"3836\" data-end=\"3977\"><strong data-start=\"3839\" data-end=\"3874\">Wie pflege ich den Hut richtig?<\/strong><br data-start=\"3874\" data-end=\"3877\" \/>Staub vorsichtig mit einer weichen B\u00fcrste entfernen. Feuchtigkeit vermeiden und trocken lagern.<\/li>\n<li data-start=\"3978\" data-end=\"4156\"><strong data-start=\"3981\" data-end=\"4023\">Kann ich den Hut in den Koffer packen?<\/strong><br data-start=\"4023\" data-end=\"4026\" \/>Wir empfehlen, ihn nicht zu quetschen. Am besten in einer Hutbox oder mit weichen Kleidungsst\u00fccken gepolstert transportieren.<\/li>\n<\/ol>\n<\/div>\n<\/details>\n<\/div>\n","protected":false},"excerpt":{"rendered":"<h3 data-start=\"0\" data-end=\"120\">Leichter Hanfhut mit elegantem Farbverlauf<\/h3>\n<p data-start=\"0\" data-end=\"120\">Der Fedora Traveler \u0084Fadenspiel\u0093 ist ein Meisterwerk der Hutmacherkunst \u0096 luftig, stilvoll und mit einem faszinierenden Farbspiel aus Natur, Marine und K\u00f6nigsblau. Gefertigt aus 100% Hanf, bietet dieser Sommerhut eine au\u00dfergew\u00f6hnliche Leichtigkeit und Atmungsaktivit\u00e4t. Ein luxuri\u00f6ses Leinen-Hutband in Ciel mit dem ikonischen <strong data-start=\"466\" data-end=\"494\">1919 Risa Qualit\u00e4tsknopf<\/strong> rundet das edle Design perfekt ab.<\/p>\n<p data-start=\"0\" data-end=\"120\"><em>*** Aktuell nur gewisse Gr\u00f6ssen lieferbar. Beim Einf\u00e4rben des Rohmaterial Probleme. Bitte fragen Sie telefonisch 056 521 33 19 oder per Mail info@hut-factory.com die Verf\u00fcgbarkeit an.<\/em><\/p>\n","protected":false},"featured_media":18478,"template":"","meta":{"_acf_changed":false,"rs_blank_template":"","rs_page_bg_color":"","slide_template_v7":""},"product_brand":[250],"product_cat":[275,612],"product_tag":[],"class_list":{"0":"post-18477","1":"product","2":"type-product","3":"status-publish","4":"has-post-thumbnail","6":"product_brand-risa-hutwerkstatt-schweiz","7":"product_cat-sommerhuete","8":"product_cat-traveler-sommerhuete","9":"product_shipping_class-mittlere-pakete","10":"pa_color-natur","11":"pa_groesse-206","12":"pa_groesse-196","13":"pa_groesse-207","14":"pa_groesse-197","15":"pa_groesse-208","16":"pa_groesse-198","17":"pa_groesse-209","18":"pa_groesse-199","19":"pa_groesse-210","20":"pa_groesse-213","21":"pa_groesse-401","22":"yith_product_brand-risa-hutwerkstatt-schweiz","25":"instock","26":"featured","27":"taxable","28":"shipping-taxable","29":"purchasable","30":"product-type-variable","31":"wvs-archive-product-wrapper","32":"add-to-wishlist-after_add_to_cart"},"acf":[],"yoast_head":"<!-- This site is optimized with the Yoast SEO Premium plugin v27.3 (Yoast SEO v27.3) - https:\/\/yoast.com\/product\/yoast-seo-premium-wordpress\/ -->\n<title>Sommerhut Fedora Traveler \u0096 Hanfhut mit maritimem Farbverlauf<\/title>\n<meta name=\"description\" content=\"Leichter Sommerhut Fedora Traveler aus 100% Hanf mit Farbverlauf &amp; Leinenband. Handgefertigt in der Schweiz \u0096 ideal f\u00fcr den Sommer. Jetzt entdecken!\" \/>\n<meta name=\"robots\" content=\"index, follow, max-snippet:-1, max-image-preview:large, max-video-preview:-1\" \/>\n<link rel=\"canonical\" href=\"https:\/\/hutfactory.com\/?product=sommerhut-fedora-traveler-fadenspiel\" \/>\n<meta property=\"og:locale\" content=\"de_DE\" \/>\n<meta property=\"og:type\" content=\"article\" \/>\n<meta property=\"og:title\" content=\"Sommerhut Fedora Traveler &quot;Fadenspiel&quot;\" \/>\n<meta property=\"og:description\" content=\"Leichter Sommerhut Fedora Traveler aus 100% Hanf mit Farbverlauf &amp; Leinenband. Handgefertigt in der Schweiz \u0096 ideal f\u00fcr den Sommer. Jetzt entdecken!\" \/>\n<meta property=\"og:url\" content=\"https:\/\/hutfactory.com\/?product=sommerhut-fedora-traveler-fadenspiel\" \/>\n<meta property=\"og:site_name\" content=\"Hut Factory\" \/>\n<meta property=\"article:modified_time\" content=\"2026-03-10T10:32:15+00:00\" \/>\n<meta property=\"og:image\" content=\"https:\/\/hutfactory.com\/wp-content\/uploads\/2026\/03\/13007001.1-scaled-e1713859810785.webp\" \/>\n\t<meta property=\"og:image:width\" content=\"750\" \/>\n\t<meta property=\"og:image:height\" content=\"750\" \/>\n\t<meta property=\"og:image:type\" content=\"image\/webp\" \/>\n<meta name=\"twitter:card\" content=\"summary_large_image\" \/>\n<meta name=\"twitter:label1\" content=\"Gesch\u00e4tzte Lesezeit\" \/>\n\t<meta name=\"twitter:data1\" content=\"2\u00a0Minuten\" \/>\n<script type=\"application\/ld+json\" class=\"yoast-schema-graph\">{\"@context\":\"https:\\\/\\\/schema.org\",\"@graph\":[{\"@type\":\"WebPage\",\"@id\":\"https:\\\/\\\/hutfactory.com\\\/?product=sommerhut-fedora-traveler-fadenspiel\",\"url\":\"https:\\\/\\\/hutfactory.com\\\/?product=sommerhut-fedora-traveler-fadenspiel\",\"name\":\"Sommerhut Fedora Traveler \u0096 Hanfhut mit maritimem Farbverlauf\",\"isPartOf\":{\"@id\":\"https:\\\/\\\/hutfactory.com\\\/#website\"},\"primaryImageOfPage\":{\"@id\":\"https:\\\/\\\/hutfactory.com\\\/?product=sommerhut-fedora-traveler-fadenspiel#primaryimage\"},\"image\":{\"@id\":\"https:\\\/\\\/hutfactory.com\\\/?product=sommerhut-fedora-traveler-fadenspiel#primaryimage\"},\"thumbnailUrl\":\"https:\\\/\\\/hutfactory.com\\\/wp-content\\\/uploads\\\/2026\\\/03\\\/13007001.1-scaled-e1713859810785.webp\",\"datePublished\":\"2026-03-10T10:31:42+00:00\",\"dateModified\":\"2026-03-10T10:32:15+00:00\",\"description\":\"Leichter Sommerhut Fedora Traveler aus 100% Hanf mit Farbverlauf & Leinenband. Handgefertigt in der Schweiz \u0096 ideal f\u00fcr den Sommer. Jetzt entdecken!\",\"breadcrumb\":{\"@id\":\"https:\\\/\\\/hutfactory.com\\\/?product=sommerhut-fedora-traveler-fadenspiel#breadcrumb\"},\"inLanguage\":\"de\",\"potentialAction\":[{\"@type\":\"ReadAction\",\"target\":[\"https:\\\/\\\/hutfactory.com\\\/?product=sommerhut-fedora-traveler-fadenspiel\"]}]},{\"@type\":\"ImageObject\",\"inLanguage\":\"de\",\"@id\":\"https:\\\/\\\/hutfactory.com\\\/?product=sommerhut-fedora-traveler-fadenspiel#primaryimage\",\"url\":\"https:\\\/\\\/hutfactory.com\\\/wp-content\\\/uploads\\\/2026\\\/03\\\/13007001.1-scaled-e1713859810785.webp\",\"contentUrl\":\"https:\\\/\\\/hutfactory.com\\\/wp-content\\\/uploads\\\/2026\\\/03\\\/13007001.1-scaled-e1713859810785.webp\",\"width\":750,\"height\":750,\"caption\":\"Fedora Traveler \\\"Fadenspiel\\\"\"},{\"@type\":\"BreadcrumbList\",\"@id\":\"https:\\\/\\\/hutfactory.com\\\/?product=sommerhut-fedora-traveler-fadenspiel#breadcrumb\",\"itemListElement\":[{\"@type\":\"ListItem\",\"position\":1,\"name\":\"Start\",\"item\":\"https:\\\/\\\/hutfactory.com\\\/\"},{\"@type\":\"ListItem\",\"position\":2,\"name\":\"Shop\",\"item\":\"https:\\\/\\\/hutfactory.com\\\/?page_id=10\"},{\"@type\":\"ListItem\",\"position\":3,\"name\":\"Sommerhut Fedora Traveler &#8220;Fadenspiel&#8221;\"}]},{\"@type\":\"WebSite\",\"@id\":\"https:\\\/\\\/hutfactory.com\\\/#website\",\"url\":\"https:\\\/\\\/hutfactory.com\\\/\",\"name\":\"Hut Factory\",\"description\":\"H\u00fcte, Kappen &amp; M\u00fctzen in Top Swiss\\\/EU Qualit\u00e4t\",\"publisher\":{\"@id\":\"https:\\\/\\\/hutfactory.com\\\/#organization\"},\"alternateName\":\"Hut Shop\",\"potentialAction\":[{\"@type\":\"SearchAction\",\"target\":{\"@type\":\"EntryPoint\",\"urlTemplate\":\"https:\\\/\\\/hutfactory.com\\\/?s={search_term_string}\"},\"query-input\":{\"@type\":\"PropertyValueSpecification\",\"valueRequired\":true,\"valueName\":\"search_term_string\"}}],\"inLanguage\":\"de\"},{\"@type\":\"Organization\",\"@id\":\"https:\\\/\\\/hutfactory.com\\\/#organization\",\"name\":\"Hut Factory\",\"url\":\"https:\\\/\\\/hutfactory.com\\\/\",\"logo\":{\"@type\":\"ImageObject\",\"inLanguage\":\"de\",\"@id\":\"https:\\\/\\\/hutfactory.com\\\/#\\\/schema\\\/logo\\\/image\\\/\",\"url\":\"https:\\\/\\\/hutfactory.com\\\/wp-content\\\/uploads\\\/2026\\\/01\\\/Logo-hut-factory-1.webp\",\"contentUrl\":\"https:\\\/\\\/hutfactory.com\\\/wp-content\\\/uploads\\\/2026\\\/01\\\/Logo-hut-factory-1.webp\",\"width\":300,\"height\":262,\"caption\":\"Hut Factory\"},\"image\":{\"@id\":\"https:\\\/\\\/hutfactory.com\\\/#\\\/schema\\\/logo\\\/image\\\/\"}}]}<\/script>\n<!-- \/ Yoast SEO Premium plugin. -->","yoast_head_json":{"title":"Sommerhut Fedora Traveler \u0096 Hanfhut mit maritimem Farbverlauf","description":"Leichter Sommerhut Fedora Traveler aus 100% Hanf mit Farbverlauf & Leinenband. Handgefertigt in der Schweiz \u0096 ideal f\u00fcr den Sommer. Jetzt entdecken!","robots":{"index":"index","follow":"follow","max-snippet":"max-snippet:-1","max-image-preview":"max-image-preview:large","max-video-preview":"max-video-preview:-1"},"canonical":"https:\/\/hutfactory.com\/?product=sommerhut-fedora-traveler-fadenspiel","og_locale":"de_DE","og_type":"article","og_title":"Sommerhut Fedora Traveler \"Fadenspiel\"","og_description":"Leichter Sommerhut Fedora Traveler aus 100% Hanf mit Farbverlauf & Leinenband. Handgefertigt in der Schweiz \u0096 ideal f\u00fcr den Sommer. Jetzt entdecken!","og_url":"https:\/\/hutfactory.com\/?product=sommerhut-fedora-traveler-fadenspiel","og_site_name":"Hut Factory","article_modified_time":"2026-03-10T10:32:15+00:00","og_image":[{"width":750,"height":750,"url":"https:\/\/hutfactory.com\/wp-content\/uploads\/2026\/03\/13007001.1-scaled-e1713859810785.webp","type":"image\/webp"}],"twitter_card":"summary_large_image","twitter_misc":{"Gesch\u00e4tzte Lesezeit":"2\u00a0Minuten"},"schema":{"@context":"https:\/\/schema.org","@graph":[{"@type":"WebPage","@id":"https:\/\/hutfactory.com\/?product=sommerhut-fedora-traveler-fadenspiel","url":"https:\/\/hutfactory.com\/?product=sommerhut-fedora-traveler-fadenspiel","name":"Sommerhut Fedora Traveler \u0096 Hanfhut mit maritimem Farbverlauf","isPartOf":{"@id":"https:\/\/hutfactory.com\/#website"},"primaryImageOfPage":{"@id":"https:\/\/hutfactory.com\/?product=sommerhut-fedora-traveler-fadenspiel#primaryimage"},"image":{"@id":"https:\/\/hutfactory.com\/?product=sommerhut-fedora-traveler-fadenspiel#primaryimage"},"thumbnailUrl":"https:\/\/hutfactory.com\/wp-content\/uploads\/2026\/03\/13007001.1-scaled-e1713859810785.webp","datePublished":"2026-03-10T10:31:42+00:00","dateModified":"2026-03-10T10:32:15+00:00","description":"Leichter Sommerhut Fedora Traveler aus 100% Hanf mit Farbverlauf & Leinenband. Handgefertigt in der Schweiz \u0096 ideal f\u00fcr den Sommer. Jetzt entdecken!","breadcrumb":{"@id":"https:\/\/hutfactory.com\/?product=sommerhut-fedora-traveler-fadenspiel#breadcrumb"},"inLanguage":"de","potentialAction":[{"@type":"ReadAction","target":["https:\/\/hutfactory.com\/?product=sommerhut-fedora-traveler-fadenspiel"]}]},{"@type":"ImageObject","inLanguage":"de","@id":"https:\/\/hutfactory.com\/?product=sommerhut-fedora-traveler-fadenspiel#primaryimage","url":"https:\/\/hutfactory.com\/wp-content\/uploads\/2026\/03\/13007001.1-scaled-e1713859810785.webp","contentUrl":"https:\/\/hutfactory.com\/wp-content\/uploads\/2026\/03\/13007001.1-scaled-e1713859810785.webp","width":750,"height":750,"caption":"Fedora Traveler \"Fadenspiel\""},{"@type":"BreadcrumbList","@id":"https:\/\/hutfactory.com\/?product=sommerhut-fedora-traveler-fadenspiel#breadcrumb","itemListElement":[{"@type":"ListItem","position":1,"name":"Start","item":"https:\/\/hutfactory.com\/"},{"@type":"ListItem","position":2,"name":"Shop","item":"https:\/\/hutfactory.com\/?page_id=10"},{"@type":"ListItem","position":3,"name":"Sommerhut Fedora Traveler &#8220;Fadenspiel&#8221;"}]},{"@type":"WebSite","@id":"https:\/\/hutfactory.com\/#website","url":"https:\/\/hutfactory.com\/","name":"Hut Factory","description":"H\u00fcte, Kappen &amp; M\u00fctzen in Top Swiss\/EU Qualit\u00e4t","publisher":{"@id":"https:\/\/hutfactory.com\/#organization"},"alternateName":"Hut Shop","potentialAction":[{"@type":"SearchAction","target":{"@type":"EntryPoint","urlTemplate":"https:\/\/hutfactory.com\/?s={search_term_string}"},"query-input":{"@type":"PropertyValueSpecification","valueRequired":true,"valueName":"search_term_string"}}],"inLanguage":"de"},{"@type":"Organization","@id":"https:\/\/hutfactory.com\/#organization","name":"Hut Factory","url":"https:\/\/hutfactory.com\/","logo":{"@type":"ImageObject","inLanguage":"de","@id":"https:\/\/hutfactory.com\/#\/schema\/logo\/image\/","url":"https:\/\/hutfactory.com\/wp-content\/uploads\/2026\/01\/Logo-hut-factory-1.webp","contentUrl":"https:\/\/hutfactory.com\/wp-content\/uploads\/2026\/01\/Logo-hut-factory-1.webp","width":300,"height":262,"caption":"Hut Factory"},"image":{"@id":"https:\/\/hutfactory.com\/#\/schema\/logo\/image\/"}}]}},"_links":{"self":[{"href":"https:\/\/hutfactory.com\/index.php?rest_route=\/wp\/v2\/product\/18477","targetHints":{"allow":["GET"]}}],"collection":[{"href":"https:\/\/hutfactory.com\/index.php?rest_route=\/wp\/v2\/product"}],"about":[{"href":"https:\/\/hutfactory.com\/index.php?rest_route=\/wp\/v2\/types\/product"}],"wp:featuredmedia":[{"embeddable":true,"href":"https:\/\/hutfactory.com\/index.php?rest_route=\/wp\/v2\/media\/18478"}],"wp:attachment":[{"href":"https:\/\/hutfactory.com\/index.php?rest_route=%2Fwp%2Fv2%2Fmedia&parent=18477"}],"wp:term":[{"taxonomy":"product_brand","embeddable":true,"href":"https:\/\/hutfactory.com\/index.php?rest_route=%2Fwp%2Fv2%2Fproduct_brand&post=18477"},{"taxonomy":"product_cat","embeddable":true,"href":"https:\/\/hutfactory.com\/index.php?rest_route=%2Fwp%2Fv2%2Fproduct_cat&post=18477"},{"taxonomy":"product_tag","embeddable":true,"href":"https:\/\/hutfactory.com\/index.php?rest_route=%2Fwp%2Fv2%2Fproduct_tag&post=18477"}],"curies":[{"name":"wp","href":"https:\/\/api.w.org\/{rel}","templated":true}]}}