{"id":18469,"date":"2026-03-10T10:31:12","date_gmt":"2026-03-10T10:31:12","guid":{"rendered":"https:\/\/hutfactory.com\/?product=damencloche-bast-rollbar-mit-kordel"},"modified":"2026-03-10T10:31:43","modified_gmt":"2026-03-10T10:31:43","slug":"damencloche-bast-rollbar-mit-kordel","status":"publish","type":"product","link":"https:\/\/hutfactory.com\/?product=damencloche-bast-rollbar-mit-kordel","title":{"rendered":"Damencloche Bast rollbar mit Kordel"},"content":{"rendered":"<p data-start=\"508\" data-end=\"1084\">Der Damenhut Bast \u0084Rollbar mit Kordel\u0093 ist ein wahres Multitalent: Hergestellt aus einem hochwertigen Bastgeflecht mit 91% Viskose und 8% Baumwolle, \u00fcberzeugt er durch seine Leichtigkeit und Strapazierf\u00e4higkeit. Die 7,5 cm breite Krempe bietet optimalen Sonnenschutz, w\u00e4hrend die 10,5 cm hohe Krone f\u00fcr eine schmeichelhafte Passform sorgt. Ein gewachstes Kordel-Hutband in Braun verleiht dem Hut eine dezente, nat\u00fcrliche Note. Durch sein rollbares Design l\u00e4sst sich dieser Hut platzsparend verstauen \u0096 perfekt f\u00fcr Reisen und unterwegs.<\/p>\n<p data-start=\"1086\" data-end=\"1372\">?? <strong data-start=\"1089\" data-end=\"1105\">Perfekt f\u00fcr\u0085<\/strong><br data-start=\"1105\" data-end=\"1108\" \/>?? <strong data-start=\"1111\" data-end=\"1144\">Urlaubsreisen &#038; Tagesausfl\u00fcge<\/strong> \u0096 Flexibel, leicht und einfach im Gep\u00e4ck zu verstauen.<br data-start=\"1199\" data-end=\"1202\" \/>??? <strong data-start=\"1206\" data-end=\"1229\">Sommerliche Outfits<\/strong> \u0096 Ein stilvolles Accessoire f\u00fcr sonnige Tage.<br data-start=\"1275\" data-end=\"1278\" \/>?? <strong data-start=\"1281\" data-end=\"1307\">Mode- &#038; Umweltbewusste<\/strong> \u0096 Nachhaltige Materialkombination mit handwerklicher Qualit\u00e4t.<\/p>\n<p data-start=\"0\" data-end=\"106\">\n<div class=\"hf-accordions\">\n<hr class=\"hf-accordion-separator\" \/>\n<details class=\"hf-accordion\">\n<summary><strong>\u25b6\ufe0f Gut zu wissen \u2013 mehr erfahren<\/strong><\/summary>\n<div class=\"hf-accordion-content\">\n<p data-start=\"1374\" data-end=\"1403\"><strong data-start=\"1374\" data-end=\"1401\">Wichtige Produktdetails<\/strong><\/p>\n<ul data-start=\"1404\" data-end=\"2049\">\n<li data-start=\"1404\" data-end=\"1484\"><strong data-start=\"1406\" data-end=\"1418\">Material<\/strong>: 91% Viskose \/ 8% Baumwolle \u0096 weich, flexibel und atmungsaktiv.<\/li>\n<li data-start=\"1485\" data-end=\"1556\"><strong data-start=\"1487\" data-end=\"1501\">Randbreite<\/strong>: 7,5 cm \u0096 idealer Sonnenschutz mit eleganter Krempe.<\/li>\n<li data-start=\"1557\" data-end=\"1627\"><strong data-start=\"1559\" data-end=\"1571\">Kopfh\u00f6he<\/strong>: 10,5 cm \u0096 klassische Form f\u00fcr eine bequeme Passform.<\/li>\n<li data-start=\"1628\" data-end=\"1811\"><strong data-start=\"1630\" data-end=\"1640\">Farben<\/strong>:\n<ul data-start=\"1646\" data-end=\"1811\">\n<li data-start=\"1646\" data-end=\"1711\">Elfenbein\/Nougat \u0096 sanfte Naturt\u00f6ne f\u00fcr einen zeitlosen Look.<\/li>\n<li data-start=\"1714\" data-end=\"1755\">Marine\/Braun \u0096 klassisch und elegant.<\/li>\n<li data-start=\"1758\" data-end=\"1811\">Royalblau\/Gelb \u0096 auff\u00e4llig und sommerlich frisch.<\/li>\n<\/ul>\n<\/li>\n<li data-start=\"1812\" data-end=\"1887\"><strong data-start=\"1814\" data-end=\"1824\">Gr\u00f6\u00dfen<\/strong>: 54-62 \u0096 f\u00fcr verschiedene Kopfgr\u00f6\u00dfen individuell erh\u00e4ltlich.<\/li>\n<li data-start=\"1888\" data-end=\"1969\"><strong data-start=\"1890\" data-end=\"1902\">Garnitur<\/strong>: Gewachstes Kordel-Hutband in Braun f\u00fcr eine dezente Verzierung.<\/li>\n<li data-start=\"1970\" data-end=\"2049\"><strong data-start=\"1972\" data-end=\"1987\">Schwei\u00dfband<\/strong>: Eingearbeitetes Textilinnenband f\u00fcr h\u00f6chsten Tragekomfort.<\/li>\n<\/ul>\n<p data-start=\"2051\" data-end=\"2517\"><strong data-start=\"2051\" data-end=\"2076\">Design &#038; Verarbeitung<\/strong><br data-start=\"2076\" data-end=\"2079\" \/>Dieser Damenhut \u00fcberzeugt durch sein minimalistisches, aber elegantes Design. Das feine Bastgeflecht sorgt f\u00fcr eine luftige, atmungsaktive Struktur, die ideal f\u00fcr warme Tage ist. Die leicht abgerundete Krempe bietet einen angenehmen Schatten, w\u00e4hrend die schlichte Kordel-Garnitur einen nat\u00fcrlichen, rustikalen Touch verleiht. Dank der hochwertigen Verarbeitung bleibt der Hut auch nach dem Zusammenrollen in seiner urspr\u00fcnglichen Form.<\/p>\n<p data-start=\"2519\" data-end=\"2765\"><strong data-start=\"2519\" data-end=\"2551\">Handgefertigt in der Schweiz<\/strong><br data-start=\"2551\" data-end=\"2554\" \/>Mit viel Liebe zum Detail wird dieser Hut in der Schweizer Hutmanufaktur Risa gefertigt. Jedes Modell wird auf Bestellung hergestellt, um eine umweltfreundliche Produktion ohne \u00dcberproduktion zu gew\u00e4hrleisten.<\/p>\n<p data-start=\"2767\" data-end=\"3055\"><strong data-start=\"2767\" data-end=\"2796\">Nachhaltigkeit &#038; Qualit\u00e4t<\/strong><br data-start=\"2796\" data-end=\"2799\" \/>Dank der hochwertigen Materialmischung aus Viskose und Baumwolle ist dieser Hut nicht nur langlebig, sondern auch umweltfreundlich. Die bewusste Produktion in der Schweiz steht f\u00fcr hohe Qualit\u00e4t, faire Arbeitsbedingungen und eine nachhaltige Herstellung.<\/p>\n<p data-start=\"3057\" data-end=\"3084\"><strong data-start=\"3057\" data-end=\"3082\">Herstellung &#038; Versand<\/strong><\/p>\n<ul data-start=\"3085\" data-end=\"3343\">\n<li data-start=\"3085\" data-end=\"3176\"><strong data-start=\"3087\" data-end=\"3115\">Fertigung auf Bestellung<\/strong>: Jeder Hut wird individuell nach Bestelleingang gefertigt.<\/li>\n<li data-start=\"3177\" data-end=\"3246\"><strong data-start=\"3179\" data-end=\"3199\">Herstellungszeit<\/strong>: 10 bis 15 Arbeitstage nach Zahlungseingang.<\/li>\n<li data-start=\"3247\" data-end=\"3343\"><strong data-start=\"3249\" data-end=\"3260\">Versand<\/strong>: Nach Fertigstellung erfolgt der Versand innerhalb weniger Tage aus der Schweiz.<\/li>\n<\/ul>\n<\/div>\n<\/details>\n<details class=\"hf-accordion\">\n<summary><strong>\u25b6\ufe0f FAQ \u2013 H\u00e4ufige Fragen<\/strong><\/summary>\n<div class=\"hf-accordion-content\">\n<p data-start=\"3345\" data-end=\"3380\"><strong data-start=\"3345\" data-end=\"3378\">FAQ (H\u00e4ufig gestellte Fragen)<\/strong><\/p>\n<ol data-start=\"3381\" data-end=\"4201\">\n<li data-start=\"3381\" data-end=\"3512\"><strong data-start=\"3384\" data-end=\"3424\">Wie finde ich die richtige Hutgr\u00f6\u00dfe?<\/strong><br data-start=\"3424\" data-end=\"3427\" \/>Messen Sie Ihren Kopfumfang und w\u00e4hlen Sie die passende Gr\u00f6\u00dfe zwischen 54-62 cm.<\/li>\n<li data-start=\"3513\" data-end=\"3692\"><strong data-start=\"3516\" data-end=\"3570\">Kann ich den Hut umtauschen, falls er nicht passt?<\/strong><br data-start=\"3570\" data-end=\"3573\" \/>Da es sich um eine Sonderanfertigung handelt, ist ein Umtausch nur bei Material- oder Herstellungsfehlern m\u00f6glich.<\/li>\n<li data-start=\"3693\" data-end=\"3866\"><strong data-start=\"3696\" data-end=\"3758\">Kann der Hut gerollt werden, ohne seine Form zu verlieren?<\/strong><br data-start=\"3758\" data-end=\"3761\" \/>Ja, das Material ist flexibel und formstabil, sodass der Hut problemlos zusammengerollt werden kann.<\/li>\n<li data-start=\"3867\" data-end=\"4024\"><strong data-start=\"3870\" data-end=\"3904\">Sch\u00fctzt der Hut vor der Sonne?<\/strong><br data-start=\"3904\" data-end=\"3907\" \/>Ja, die 7,5 cm breite Krempe bietet angenehmen Schatten und sch\u00fctzt das Gesicht vor direkter Sonneneinstrahlung.<\/li>\n<li data-start=\"4025\" data-end=\"4201\"><strong data-start=\"4028\" data-end=\"4060\">Wie bewahre ich den Hut auf?<\/strong><br data-start=\"4060\" data-end=\"4063\" \/>Falls er nicht gerollt transportiert wird, empfiehlt sich eine trockene, gut bel\u00fcftete Lagerung, um die Materialstruktur zu erhalten.<\/li>\n<\/ol>\n<\/div>\n<\/details>\n<\/div>\n","protected":false},"excerpt":{"rendered":"<h3 data-start=\"0\" data-end=\"106\"><strong>Leichter, rollbarer Sommerhut f\u00fcr unterwegs<\/strong><\/h3>\n<p data-start=\"0\" data-end=\"106\">Der Damenhut Bast \u0084Rollbar mit Kordel\u0093 ist der perfekte Reisebegleiter f\u00fcr sonnige Tage. Leicht, elegant und flexibel \u0096 dieser Hut l\u00e4sst sich problemlos verstauen und bietet dennoch stilvollen Sonnenschutz. Sichern Sie sich Ihr individuelles Modell und genie\u00dfen Sie den Sommer mit Leichtigkeit!<\/p>\n<p data-start=\"0\" data-end=\"106\">\n","protected":false},"featured_media":18470,"template":"","meta":{"_acf_changed":false,"rs_blank_template":"","rs_page_bg_color":"","slide_template_v7":""},"product_brand":[250],"product_cat":[446,583,277,275],"product_tag":[],"class_list":{"0":"post-18469","1":"product","2":"type-product","3":"status-publish","4":"has-post-thumbnail","6":"product_brand-risa-hutwerkstatt-schweiz","7":"product_cat-cloche-sommerhuete","8":"product_cat-koffer-sommerhuete","9":"product_cat-reise-sommerhuete","10":"product_cat-sommerhuete","11":"product_shipping_class-mittlere-pakete","12":"pa_color-elfenbein","13":"pa_color-marine","14":"pa_color-royalblau","15":"pa_groesse-206","16":"pa_groesse-196","17":"pa_groesse-207","18":"pa_groesse-197","19":"pa_groesse-208","20":"pa_groesse-198","21":"pa_groesse-209","22":"pa_groesse-199","23":"pa_groesse-210","24":"yith_product_brand-risa-hutwerkstatt-schweiz","27":"instock","28":"featured","29":"taxable","30":"shipping-taxable","31":"purchasable","32":"product-type-variable","33":"wvs-archive-product-wrapper","34":"add-to-wishlist-after_add_to_cart"},"acf":[],"yoast_head":"<!-- This site is optimized with the Yoast SEO Premium plugin v27.3 (Yoast SEO v27.3) - https:\/\/yoast.com\/product\/yoast-seo-premium-wordpress\/ -->\n<title>Damenhut Bast &quot; Rollbar&quot; - Flexibler Sommerhut f\u00fcr unterwegs<\/title>\n<meta name=\"description\" content=\"Leichter, rollbarer Damen Sommerhut aus Bast mit Kordelband. Perfekt f\u00fcr Reisen &amp; hei\u00dfe Tage. Jetzt bei Hut Factory online entdecken!\" \/>\n<meta name=\"robots\" content=\"index, follow, max-snippet:-1, max-image-preview:large, max-video-preview:-1\" \/>\n<link rel=\"canonical\" href=\"https:\/\/hutfactory.com\/?product=damencloche-bast-rollbar-mit-kordel\" \/>\n<meta property=\"og:locale\" content=\"de_DE\" \/>\n<meta property=\"og:type\" content=\"article\" \/>\n<meta property=\"og:title\" content=\"Damencloche Bast rollbar mit Kordel\" \/>\n<meta property=\"og:description\" content=\"Leichter, rollbarer Damen Sommerhut aus Bast mit Kordelband. Perfekt f\u00fcr Reisen &amp; hei\u00dfe Tage. Jetzt bei Hut Factory online entdecken!\" \/>\n<meta property=\"og:url\" content=\"https:\/\/hutfactory.com\/?product=damencloche-bast-rollbar-mit-kordel\" \/>\n<meta property=\"og:site_name\" content=\"Hut Factory\" \/>\n<meta property=\"article:modified_time\" content=\"2026-03-10T10:31:43+00:00\" \/>\n<meta property=\"og:image\" content=\"https:\/\/hutfactory.com\/wp-content\/uploads\/2026\/03\/43003540.alle_.webp\" \/>\n\t<meta property=\"og:image:width\" content=\"750\" \/>\n\t<meta property=\"og:image:height\" content=\"750\" \/>\n\t<meta property=\"og:image:type\" content=\"image\/webp\" \/>\n<meta name=\"twitter:card\" content=\"summary_large_image\" \/>\n<meta name=\"twitter:label1\" content=\"Gesch\u00e4tzte Lesezeit\" \/>\n\t<meta name=\"twitter:data1\" content=\"2\u00a0Minuten\" \/>\n<script type=\"application\/ld+json\" class=\"yoast-schema-graph\">{\"@context\":\"https:\\\/\\\/schema.org\",\"@graph\":[{\"@type\":\"WebPage\",\"@id\":\"https:\\\/\\\/hutfactory.com\\\/?product=damencloche-bast-rollbar-mit-kordel\",\"url\":\"https:\\\/\\\/hutfactory.com\\\/?product=damencloche-bast-rollbar-mit-kordel\",\"name\":\"Damenhut Bast \\\" Rollbar\\\" - Flexibler Sommerhut f\u00fcr unterwegs\",\"isPartOf\":{\"@id\":\"https:\\\/\\\/hutfactory.com\\\/#website\"},\"primaryImageOfPage\":{\"@id\":\"https:\\\/\\\/hutfactory.com\\\/?product=damencloche-bast-rollbar-mit-kordel#primaryimage\"},\"image\":{\"@id\":\"https:\\\/\\\/hutfactory.com\\\/?product=damencloche-bast-rollbar-mit-kordel#primaryimage\"},\"thumbnailUrl\":\"https:\\\/\\\/hutfactory.com\\\/wp-content\\\/uploads\\\/2026\\\/03\\\/43003540.alle_.webp\",\"datePublished\":\"2026-03-10T10:31:12+00:00\",\"dateModified\":\"2026-03-10T10:31:43+00:00\",\"description\":\"Leichter, rollbarer Damen Sommerhut aus Bast mit Kordelband. Perfekt f\u00fcr Reisen & hei\u00dfe Tage. Jetzt bei Hut Factory online entdecken!\",\"breadcrumb\":{\"@id\":\"https:\\\/\\\/hutfactory.com\\\/?product=damencloche-bast-rollbar-mit-kordel#breadcrumb\"},\"inLanguage\":\"de\",\"potentialAction\":[{\"@type\":\"ReadAction\",\"target\":[\"https:\\\/\\\/hutfactory.com\\\/?product=damencloche-bast-rollbar-mit-kordel\"]}]},{\"@type\":\"ImageObject\",\"inLanguage\":\"de\",\"@id\":\"https:\\\/\\\/hutfactory.com\\\/?product=damencloche-bast-rollbar-mit-kordel#primaryimage\",\"url\":\"https:\\\/\\\/hutfactory.com\\\/wp-content\\\/uploads\\\/2026\\\/03\\\/43003540.alle_.webp\",\"contentUrl\":\"https:\\\/\\\/hutfactory.com\\\/wp-content\\\/uploads\\\/2026\\\/03\\\/43003540.alle_.webp\",\"width\":750,\"height\":750,\"caption\":\"Damencloche Bast rollbar mit Kordel|Damencloche Bast rollbar mit Kordel in Royalblau\\\/Braun|Damencloche Bast rollbar mit Kordel in Marine\\\/Braun|Damencloche Bast rollbar mit Kordel in Elfenbein\\\/Nougat\"},{\"@type\":\"BreadcrumbList\",\"@id\":\"https:\\\/\\\/hutfactory.com\\\/?product=damencloche-bast-rollbar-mit-kordel#breadcrumb\",\"itemListElement\":[{\"@type\":\"ListItem\",\"position\":1,\"name\":\"Start\",\"item\":\"https:\\\/\\\/hutfactory.com\\\/\"},{\"@type\":\"ListItem\",\"position\":2,\"name\":\"Shop\",\"item\":\"https:\\\/\\\/hutfactory.com\\\/?page_id=10\"},{\"@type\":\"ListItem\",\"position\":3,\"name\":\"Damencloche Bast rollbar mit Kordel\"}]},{\"@type\":\"WebSite\",\"@id\":\"https:\\\/\\\/hutfactory.com\\\/#website\",\"url\":\"https:\\\/\\\/hutfactory.com\\\/\",\"name\":\"Hut Factory\",\"description\":\"H\u00fcte, Kappen &amp; M\u00fctzen in Top Swiss\\\/EU Qualit\u00e4t\",\"publisher\":{\"@id\":\"https:\\\/\\\/hutfactory.com\\\/#organization\"},\"alternateName\":\"Hut Shop\",\"potentialAction\":[{\"@type\":\"SearchAction\",\"target\":{\"@type\":\"EntryPoint\",\"urlTemplate\":\"https:\\\/\\\/hutfactory.com\\\/?s={search_term_string}\"},\"query-input\":{\"@type\":\"PropertyValueSpecification\",\"valueRequired\":true,\"valueName\":\"search_term_string\"}}],\"inLanguage\":\"de\"},{\"@type\":\"Organization\",\"@id\":\"https:\\\/\\\/hutfactory.com\\\/#organization\",\"name\":\"Hut Factory\",\"url\":\"https:\\\/\\\/hutfactory.com\\\/\",\"logo\":{\"@type\":\"ImageObject\",\"inLanguage\":\"de\",\"@id\":\"https:\\\/\\\/hutfactory.com\\\/#\\\/schema\\\/logo\\\/image\\\/\",\"url\":\"https:\\\/\\\/hutfactory.com\\\/wp-content\\\/uploads\\\/2026\\\/01\\\/Logo-hut-factory-1.webp\",\"contentUrl\":\"https:\\\/\\\/hutfactory.com\\\/wp-content\\\/uploads\\\/2026\\\/01\\\/Logo-hut-factory-1.webp\",\"width\":300,\"height\":262,\"caption\":\"Hut Factory\"},\"image\":{\"@id\":\"https:\\\/\\\/hutfactory.com\\\/#\\\/schema\\\/logo\\\/image\\\/\"}}]}<\/script>\n<!-- \/ Yoast SEO Premium plugin. -->","yoast_head_json":{"title":"Damenhut Bast \" Rollbar\" - Flexibler Sommerhut f\u00fcr unterwegs","description":"Leichter, rollbarer Damen Sommerhut aus Bast mit Kordelband. Perfekt f\u00fcr Reisen & hei\u00dfe Tage. Jetzt bei Hut Factory online entdecken!","robots":{"index":"index","follow":"follow","max-snippet":"max-snippet:-1","max-image-preview":"max-image-preview:large","max-video-preview":"max-video-preview:-1"},"canonical":"https:\/\/hutfactory.com\/?product=damencloche-bast-rollbar-mit-kordel","og_locale":"de_DE","og_type":"article","og_title":"Damencloche Bast rollbar mit Kordel","og_description":"Leichter, rollbarer Damen Sommerhut aus Bast mit Kordelband. Perfekt f\u00fcr Reisen & hei\u00dfe Tage. Jetzt bei Hut Factory online entdecken!","og_url":"https:\/\/hutfactory.com\/?product=damencloche-bast-rollbar-mit-kordel","og_site_name":"Hut Factory","article_modified_time":"2026-03-10T10:31:43+00:00","og_image":[{"width":750,"height":750,"url":"https:\/\/hutfactory.com\/wp-content\/uploads\/2026\/03\/43003540.alle_.webp","type":"image\/webp"}],"twitter_card":"summary_large_image","twitter_misc":{"Gesch\u00e4tzte Lesezeit":"2\u00a0Minuten"},"schema":{"@context":"https:\/\/schema.org","@graph":[{"@type":"WebPage","@id":"https:\/\/hutfactory.com\/?product=damencloche-bast-rollbar-mit-kordel","url":"https:\/\/hutfactory.com\/?product=damencloche-bast-rollbar-mit-kordel","name":"Damenhut Bast \" Rollbar\" - Flexibler Sommerhut f\u00fcr unterwegs","isPartOf":{"@id":"https:\/\/hutfactory.com\/#website"},"primaryImageOfPage":{"@id":"https:\/\/hutfactory.com\/?product=damencloche-bast-rollbar-mit-kordel#primaryimage"},"image":{"@id":"https:\/\/hutfactory.com\/?product=damencloche-bast-rollbar-mit-kordel#primaryimage"},"thumbnailUrl":"https:\/\/hutfactory.com\/wp-content\/uploads\/2026\/03\/43003540.alle_.webp","datePublished":"2026-03-10T10:31:12+00:00","dateModified":"2026-03-10T10:31:43+00:00","description":"Leichter, rollbarer Damen Sommerhut aus Bast mit Kordelband. Perfekt f\u00fcr Reisen & hei\u00dfe Tage. Jetzt bei Hut Factory online entdecken!","breadcrumb":{"@id":"https:\/\/hutfactory.com\/?product=damencloche-bast-rollbar-mit-kordel#breadcrumb"},"inLanguage":"de","potentialAction":[{"@type":"ReadAction","target":["https:\/\/hutfactory.com\/?product=damencloche-bast-rollbar-mit-kordel"]}]},{"@type":"ImageObject","inLanguage":"de","@id":"https:\/\/hutfactory.com\/?product=damencloche-bast-rollbar-mit-kordel#primaryimage","url":"https:\/\/hutfactory.com\/wp-content\/uploads\/2026\/03\/43003540.alle_.webp","contentUrl":"https:\/\/hutfactory.com\/wp-content\/uploads\/2026\/03\/43003540.alle_.webp","width":750,"height":750,"caption":"Damencloche Bast rollbar mit Kordel|Damencloche Bast rollbar mit Kordel in Royalblau\/Braun|Damencloche Bast rollbar mit Kordel in Marine\/Braun|Damencloche Bast rollbar mit Kordel in Elfenbein\/Nougat"},{"@type":"BreadcrumbList","@id":"https:\/\/hutfactory.com\/?product=damencloche-bast-rollbar-mit-kordel#breadcrumb","itemListElement":[{"@type":"ListItem","position":1,"name":"Start","item":"https:\/\/hutfactory.com\/"},{"@type":"ListItem","position":2,"name":"Shop","item":"https:\/\/hutfactory.com\/?page_id=10"},{"@type":"ListItem","position":3,"name":"Damencloche Bast rollbar mit Kordel"}]},{"@type":"WebSite","@id":"https:\/\/hutfactory.com\/#website","url":"https:\/\/hutfactory.com\/","name":"Hut Factory","description":"H\u00fcte, Kappen &amp; M\u00fctzen in Top Swiss\/EU Qualit\u00e4t","publisher":{"@id":"https:\/\/hutfactory.com\/#organization"},"alternateName":"Hut Shop","potentialAction":[{"@type":"SearchAction","target":{"@type":"EntryPoint","urlTemplate":"https:\/\/hutfactory.com\/?s={search_term_string}"},"query-input":{"@type":"PropertyValueSpecification","valueRequired":true,"valueName":"search_term_string"}}],"inLanguage":"de"},{"@type":"Organization","@id":"https:\/\/hutfactory.com\/#organization","name":"Hut Factory","url":"https:\/\/hutfactory.com\/","logo":{"@type":"ImageObject","inLanguage":"de","@id":"https:\/\/hutfactory.com\/#\/schema\/logo\/image\/","url":"https:\/\/hutfactory.com\/wp-content\/uploads\/2026\/01\/Logo-hut-factory-1.webp","contentUrl":"https:\/\/hutfactory.com\/wp-content\/uploads\/2026\/01\/Logo-hut-factory-1.webp","width":300,"height":262,"caption":"Hut Factory"},"image":{"@id":"https:\/\/hutfactory.com\/#\/schema\/logo\/image\/"}}]}},"_links":{"self":[{"href":"https:\/\/hutfactory.com\/index.php?rest_route=\/wp\/v2\/product\/18469","targetHints":{"allow":["GET"]}}],"collection":[{"href":"https:\/\/hutfactory.com\/index.php?rest_route=\/wp\/v2\/product"}],"about":[{"href":"https:\/\/hutfactory.com\/index.php?rest_route=\/wp\/v2\/types\/product"}],"wp:featuredmedia":[{"embeddable":true,"href":"https:\/\/hutfactory.com\/index.php?rest_route=\/wp\/v2\/media\/18470"}],"wp:attachment":[{"href":"https:\/\/hutfactory.com\/index.php?rest_route=%2Fwp%2Fv2%2Fmedia&parent=18469"}],"wp:term":[{"taxonomy":"product_brand","embeddable":true,"href":"https:\/\/hutfactory.com\/index.php?rest_route=%2Fwp%2Fv2%2Fproduct_brand&post=18469"},{"taxonomy":"product_cat","embeddable":true,"href":"https:\/\/hutfactory.com\/index.php?rest_route=%2Fwp%2Fv2%2Fproduct_cat&post=18469"},{"taxonomy":"product_tag","embeddable":true,"href":"https:\/\/hutfactory.com\/index.php?rest_route=%2Fwp%2Fv2%2Fproduct_tag&post=18469"}],"curies":[{"name":"wp","href":"https:\/\/api.w.org\/{rel}","templated":true}]}}