{"id":18466,"date":"2026-03-10T10:31:12","date_gmt":"2026-03-10T10:31:12","guid":{"rendered":"https:\/\/hutfactory.com\/?product=sommerhut-fedora-traveler-fresh-and-rustical"},"modified":"2026-03-10T10:31:38","modified_gmt":"2026-03-10T10:31:38","slug":"sommerhut-fedora-traveler-fresh-and-rustical","status":"publish","type":"product","link":"https:\/\/hutfactory.com\/?product=sommerhut-fedora-traveler-fresh-and-rustical","title":{"rendered":"Sommerhut Fedora Traveler &#8220;Fresh and Rustical&#8221;"},"content":{"rendered":"<p data-start=\"455\" data-end=\"913\">Der Fedora Traveler \u0084Fresh &#038; Rustical\u0093 vereint klassische \u00c4sthetik mit modernem Design. Die gro\u00dfz\u00fcgige 7 cm breite Krempe sch\u00fctzt angenehm vor der Sonne, w\u00e4hrend die 10 cm hohe Fedora-Krone mit ihrer strukturierten Form f\u00fcr eine stilvolle Erscheinung sorgt. Gefertigt aus 100% Stroh, \u00fcberzeugt dieser Hut durch sein luftdurchl\u00e4ssiges Flechtmuster, das f\u00fcr eine optimale Luftzirkulation sorgt \u0096 perfekt f\u00fcr warme Tage.<\/p>\n<p data-start=\"915\" data-end=\"1173\">Das edle, blaue Leinen-Hutband setzt einen eleganten Kontrast zum nat\u00fcrlichen Strohton und wird von einem <strong data-start=\"1021\" data-end=\"1049\">1919 Risa Qualit\u00e4tsknopf<\/strong> stilvoll abgerundet. Ein sauber eingen\u00e4htes Textilinnenband sorgt f\u00fcr ein angenehmes Tragegef\u00fchl, selbst an hei\u00dfen Tagen.<\/p>\n<p data-start=\"1175\" data-end=\"1463\">?? <strong data-start=\"1178\" data-end=\"1194\">Perfekt f\u00fcr\u0085<\/strong><br data-start=\"1194\" data-end=\"1197\" \/>?? <strong data-start=\"1200\" data-end=\"1236\">Sommerreisen &#038; Outdoor-Abenteuer<\/strong> \u0096 Ein leichter, luftiger Hut f\u00fcr hei\u00dfe Tage.<br data-start=\"1281\" data-end=\"1284\" \/>??? <strong data-start=\"1288\" data-end=\"1324\">Stilvolle City-Looks &#038; Festivals<\/strong> \u0096 Ein Fedora mit Charakter und rustikalem Touch.<br data-start=\"1373\" data-end=\"1376\" \/>?? <strong data-start=\"1379\" data-end=\"1416\">Modebewusste &#038; Nachhaltige Denker<\/strong> \u0096 Handgefertigt aus nat\u00fcrlichen Materialien.<\/p>\n<div class=\"hf-accordions\">\n<hr class=\"hf-accordion-separator\" \/>\n<details class=\"hf-accordion\">\n<summary><strong>\u25b6\ufe0f Gut zu wissen \u2013 mehr erfahren<\/strong><\/summary>\n<div class=\"hf-accordion-content\">\n<p data-start=\"1465\" data-end=\"1494\"><strong data-start=\"1465\" data-end=\"1492\">Wichtige Produktdetails<\/strong><\/p>\n<ul data-start=\"1495\" data-end=\"2010\">\n<li data-start=\"1495\" data-end=\"1562\"><strong data-start=\"1497\" data-end=\"1509\">Material<\/strong>: 100% Stroh \u0096 nachhaltig, atmungsaktiv und leicht.<\/li>\n<li data-start=\"1563\" data-end=\"1640\"><strong data-start=\"1565\" data-end=\"1579\">Randbreite<\/strong>: 7,0 cm \u0096 idealer Sonnenschutz mit moderner Fedora-Krempe.<\/li>\n<li data-start=\"1641\" data-end=\"1725\"><strong data-start=\"1643\" data-end=\"1655\">Kopfh\u00f6he<\/strong>: 10,0 cm \u0096 charakteristische Fedora-Krone f\u00fcr einen markanten Look.<\/li>\n<li data-start=\"1726\" data-end=\"1799\"><strong data-start=\"1728\" data-end=\"1738\">Farben<\/strong>: Natur \u0096 vielseitig kombinierbar f\u00fcr verschiedene Outfits.<\/li>\n<li data-start=\"1800\" data-end=\"1855\"><strong data-start=\"1802\" data-end=\"1812\">Gr\u00f6\u00dfen<\/strong>: 54-62 \u0096 f\u00fcr eine individuelle Passform.<\/li>\n<li data-start=\"1856\" data-end=\"1929\"><strong data-start=\"1858\" data-end=\"1870\">Garnitur<\/strong>: Blaues Leinen-Hutband mit <strong data-start=\"1898\" data-end=\"1926\">1919 Risa Qualit\u00e4tsknopf<\/strong>.<\/li>\n<li data-start=\"1930\" data-end=\"2010\"><strong data-start=\"1932\" data-end=\"1947\">Schwei\u00dfband<\/strong>: Eingearbeitetes Textilinnenband f\u00fcr maximalen Tragekomfort.<\/li>\n<\/ul>\n<p data-start=\"2012\" data-end=\"2419\"><strong data-start=\"2012\" data-end=\"2037\">Design &#038; Verarbeitung<\/strong><br data-start=\"2037\" data-end=\"2040\" \/>Der Fedora Traveler \u0084Fresh &#038; Rustical\u0093 \u00fcberzeugt mit einer raffinierten Mischung aus feinem Strohgeflecht und hochwertigem Leinenbesatz. Der luftige Hutkopf mit dekorativen Durchbr\u00fcchen sorgt f\u00fcr eine hervorragende Ventilation, w\u00e4hrend die breite Krempe ausreichend Schatten spendet. Das stilvolle Leinenband in Blau unterstreicht den hochwertigen Charakter dieses Sommerhutes.<\/p>\n<p data-start=\"2421\" data-end=\"2677\"><strong data-start=\"2421\" data-end=\"2453\">Handgefertigt in der Schweiz<\/strong><br data-start=\"2453\" data-end=\"2456\" \/>In der renommierten <strong data-start=\"2476\" data-end=\"2508\">Schweizer Hutmanufaktur Risa<\/strong> entsteht dieser Hut in sorgf\u00e4ltiger Handarbeit. Jeder Fedora wird individuell auf Bestellung gefertigt und vereint traditionelle Handwerkskunst mit moderner \u00c4sthetik.<\/p>\n<p data-start=\"2679\" data-end=\"2961\"><strong data-start=\"2679\" data-end=\"2708\">Nachhaltigkeit &#038; Qualit\u00e4t<\/strong><br data-start=\"2708\" data-end=\"2711\" \/>Dieser Hut steht f\u00fcr bewusste Mode:<br data-start=\"2746\" data-end=\"2749\" \/>? <strong data-start=\"2751\" data-end=\"2765\">100% Stroh<\/strong> \u0096 eine nat\u00fcrliche, umweltfreundliche Wahl.<br data-start=\"2808\" data-end=\"2811\" \/>? <strong data-start=\"2813\" data-end=\"2830\">Handgefertigt<\/strong> \u0096 exklusive Verarbeitung f\u00fcr langlebige Qualit\u00e4t.<br data-start=\"2880\" data-end=\"2883\" \/>? <strong data-start=\"2885\" data-end=\"2914\">Produktion auf Bestellung<\/strong> \u0096 nachhaltige Fertigung ohne \u00dcberproduktion.<\/p>\n<p data-start=\"2963\" data-end=\"2990\"><strong data-start=\"2963\" data-end=\"2988\">Herstellung &#038; Versand<\/strong><\/p>\n<ul data-start=\"2991\" data-end=\"3249\">\n<li data-start=\"2991\" data-end=\"3082\"><strong data-start=\"2993\" data-end=\"3021\">Fertigung auf Bestellung<\/strong>: Jeder Hut wird individuell nach Bestelleingang gefertigt.<\/li>\n<li data-start=\"3083\" data-end=\"3152\"><strong data-start=\"3085\" data-end=\"3105\">Herstellungszeit<\/strong>: 10 bis 15 Arbeitstage nach Zahlungseingang.<\/li>\n<li data-start=\"3153\" data-end=\"3249\"><strong data-start=\"3155\" data-end=\"3166\">Versand<\/strong>: Nach Fertigstellung erfolgt der Versand innerhalb weniger Tage aus der Schweiz.<\/li>\n<\/ul>\n<\/div>\n<\/details>\n<details class=\"hf-accordion\">\n<summary><strong>\u25b6\ufe0f FAQ \u2013 H\u00e4ufige Fragen<\/strong><\/summary>\n<div class=\"hf-accordion-content\">\n<p data-start=\"3251\" data-end=\"3286\"><strong data-start=\"3251\" data-end=\"3284\">FAQ (H\u00e4ufig gestellte Fragen)<\/strong><\/p>\n<ol data-start=\"3287\" data-end=\"4006\">\n<li data-start=\"3287\" data-end=\"3418\"><strong data-start=\"3290\" data-end=\"3330\">Wie finde ich die richtige Hutgr\u00f6\u00dfe?<\/strong><br data-start=\"3330\" data-end=\"3333\" \/>Messen Sie Ihren Kopfumfang und w\u00e4hlen Sie die passende Gr\u00f6\u00dfe zwischen 54-62 cm.<\/li>\n<li data-start=\"3419\" data-end=\"3598\"><strong data-start=\"3422\" data-end=\"3476\">Kann ich den Hut umtauschen, falls er nicht passt?<\/strong><br data-start=\"3476\" data-end=\"3479\" \/>Da es sich um eine Sonderanfertigung handelt, ist ein Umtausch nur bei Material- oder Herstellungsfehlern m\u00f6glich.<\/li>\n<li data-start=\"3599\" data-end=\"3764\"><strong data-start=\"3602\" data-end=\"3645\">Sch\u00fctzt der Hut wirklich vor der Sonne?<\/strong><br data-start=\"3645\" data-end=\"3648\" \/>Ja, die 7 cm breite Krempe spendet angenehmen Schatten und sch\u00fctzt das Gesicht vor direkter Sonneneinstrahlung.<\/li>\n<li data-start=\"3765\" data-end=\"3886\"><strong data-start=\"3768\" data-end=\"3808\">Wie bewahre ich den Hut richtig auf?<\/strong><br data-start=\"3808\" data-end=\"3811\" \/>Am besten trocken und luftig lagern, um Form und Qualit\u00e4t zu erhalten.<\/li>\n<li data-start=\"3887\" data-end=\"4006\"><strong data-start=\"3890\" data-end=\"3917\">Wie pflege ich den Hut?<\/strong><br data-start=\"3917\" data-end=\"3920\" \/>Staub und leichte Verschmutzungen lassen sich mit einer weichen B\u00fcrste entfernen.<\/li>\n<\/ol>\n<\/div>\n<\/details>\n<\/div>\n","protected":false},"excerpt":{"rendered":"<h3 data-start=\"0\" data-end=\"122\"><strong>Handgefertigter Strohhut f\u00fcr stilvolle Abenteuer<\/strong><\/h3>\n<p data-start=\"124\" data-end=\"453\">Ein Hut f\u00fcr Reisende mit Stil! Der Fedora Traveler \u0084Fresh &#038; Rustical\u0093 ist die perfekte Wahl f\u00fcr alle, die zeitlose Eleganz mit rustikalem Charme kombinieren m\u00f6chten. Mit seinem luftigen Flechtmuster, dem hochwertigen Leinenband und der markanten Fedora-Krone begleitet Sie dieser Hut stilvoll durch den Sommer.<\/p>\n","protected":false},"featured_media":18467,"template":"","meta":{"_acf_changed":false,"rs_blank_template":"","rs_page_bg_color":"","slide_template_v7":""},"product_brand":[250],"product_cat":[277,275,612],"product_tag":[],"class_list":{"0":"post-18466","1":"product","2":"type-product","3":"status-publish","4":"has-post-thumbnail","6":"product_brand-risa-hutwerkstatt-schweiz","7":"product_cat-reise-sommerhuete","8":"product_cat-sommerhuete","9":"product_cat-traveler-sommerhuete","10":"product_shipping_class-mittlere-pakete","11":"pa_color-natur","12":"pa_groesse-206","13":"pa_groesse-196","14":"pa_groesse-207","15":"pa_groesse-197","16":"pa_groesse-208","17":"pa_groesse-198","18":"pa_groesse-209","19":"pa_groesse-199","20":"pa_groesse-210","21":"yith_product_brand-risa-hutwerkstatt-schweiz","24":"instock","25":"featured","26":"taxable","27":"shipping-taxable","28":"purchasable","29":"product-type-variable","30":"wvs-archive-product-wrapper","31":"add-to-wishlist-after_add_to_cart"},"acf":[],"yoast_head":"<!-- This site is optimized with the Yoast SEO Premium plugin v27.3 (Yoast SEO v27.3) - https:\/\/yoast.com\/product\/yoast-seo-premium-wordpress\/ -->\n<title>Fedora Traveler Fresh &amp; Rustical \u0096 Handgefertigt f\u00fcr Sommerreisen<\/title>\n<meta name=\"description\" content=\"Sommerlicher Fedora Traveler aus Stroh mit luftigem Flechtmuster &amp; Leinenband. Handgefertigt in der Schweiz \u0096 Jetzt entdecken!\" \/>\n<meta name=\"robots\" content=\"index, follow, max-snippet:-1, max-image-preview:large, max-video-preview:-1\" \/>\n<link rel=\"canonical\" href=\"https:\/\/hutfactory.com\/?product=sommerhut-fedora-traveler-fresh-and-rustical\" \/>\n<meta property=\"og:locale\" content=\"de_DE\" \/>\n<meta property=\"og:type\" content=\"article\" \/>\n<meta property=\"og:title\" content=\"Sommerhut Fedora Traveler &quot;Fresh and Rustical&quot;\" \/>\n<meta property=\"og:description\" content=\"Sommerlicher Fedora Traveler aus Stroh mit luftigem Flechtmuster &amp; Leinenband. Handgefertigt in der Schweiz \u0096 Jetzt entdecken!\" \/>\n<meta property=\"og:url\" content=\"https:\/\/hutfactory.com\/?product=sommerhut-fedora-traveler-fresh-and-rustical\" \/>\n<meta property=\"og:site_name\" content=\"Hut Factory\" \/>\n<meta property=\"article:modified_time\" content=\"2026-03-10T10:31:38+00:00\" \/>\n<meta property=\"og:image\" content=\"https:\/\/hutfactory.com\/wp-content\/uploads\/2026\/03\/16307000.1.webp\" \/>\n\t<meta property=\"og:image:width\" content=\"750\" \/>\n\t<meta property=\"og:image:height\" content=\"750\" \/>\n\t<meta property=\"og:image:type\" content=\"image\/webp\" \/>\n<meta name=\"twitter:card\" content=\"summary_large_image\" \/>\n<meta name=\"twitter:label1\" content=\"Gesch\u00e4tzte Lesezeit\" \/>\n\t<meta name=\"twitter:data1\" content=\"2\u00a0Minuten\" \/>\n<script type=\"application\/ld+json\" class=\"yoast-schema-graph\">{\"@context\":\"https:\\\/\\\/schema.org\",\"@graph\":[{\"@type\":\"WebPage\",\"@id\":\"https:\\\/\\\/hutfactory.com\\\/?product=sommerhut-fedora-traveler-fresh-and-rustical\",\"url\":\"https:\\\/\\\/hutfactory.com\\\/?product=sommerhut-fedora-traveler-fresh-and-rustical\",\"name\":\"Fedora Traveler Fresh & Rustical \u0096 Handgefertigt f\u00fcr Sommerreisen\",\"isPartOf\":{\"@id\":\"https:\\\/\\\/hutfactory.com\\\/#website\"},\"primaryImageOfPage\":{\"@id\":\"https:\\\/\\\/hutfactory.com\\\/?product=sommerhut-fedora-traveler-fresh-and-rustical#primaryimage\"},\"image\":{\"@id\":\"https:\\\/\\\/hutfactory.com\\\/?product=sommerhut-fedora-traveler-fresh-and-rustical#primaryimage\"},\"thumbnailUrl\":\"https:\\\/\\\/hutfactory.com\\\/wp-content\\\/uploads\\\/2026\\\/03\\\/16307000.1.webp\",\"datePublished\":\"2026-03-10T10:31:12+00:00\",\"dateModified\":\"2026-03-10T10:31:38+00:00\",\"description\":\"Sommerlicher Fedora Traveler aus Stroh mit luftigem Flechtmuster & Leinenband. Handgefertigt in der Schweiz \u0096 Jetzt entdecken!\",\"breadcrumb\":{\"@id\":\"https:\\\/\\\/hutfactory.com\\\/?product=sommerhut-fedora-traveler-fresh-and-rustical#breadcrumb\"},\"inLanguage\":\"de\",\"potentialAction\":[{\"@type\":\"ReadAction\",\"target\":[\"https:\\\/\\\/hutfactory.com\\\/?product=sommerhut-fedora-traveler-fresh-and-rustical\"]}]},{\"@type\":\"ImageObject\",\"inLanguage\":\"de\",\"@id\":\"https:\\\/\\\/hutfactory.com\\\/?product=sommerhut-fedora-traveler-fresh-and-rustical#primaryimage\",\"url\":\"https:\\\/\\\/hutfactory.com\\\/wp-content\\\/uploads\\\/2026\\\/03\\\/16307000.1.webp\",\"contentUrl\":\"https:\\\/\\\/hutfactory.com\\\/wp-content\\\/uploads\\\/2026\\\/03\\\/16307000.1.webp\",\"width\":750,\"height\":750,\"caption\":\"Sommerhut Fedora Traveler \\\"fresh & rustical\\\"\"},{\"@type\":\"BreadcrumbList\",\"@id\":\"https:\\\/\\\/hutfactory.com\\\/?product=sommerhut-fedora-traveler-fresh-and-rustical#breadcrumb\",\"itemListElement\":[{\"@type\":\"ListItem\",\"position\":1,\"name\":\"Start\",\"item\":\"https:\\\/\\\/hutfactory.com\\\/\"},{\"@type\":\"ListItem\",\"position\":2,\"name\":\"Shop\",\"item\":\"https:\\\/\\\/hutfactory.com\\\/?page_id=10\"},{\"@type\":\"ListItem\",\"position\":3,\"name\":\"Sommerhut Fedora Traveler &#8220;Fresh and Rustical&#8221;\"}]},{\"@type\":\"WebSite\",\"@id\":\"https:\\\/\\\/hutfactory.com\\\/#website\",\"url\":\"https:\\\/\\\/hutfactory.com\\\/\",\"name\":\"Hut Factory\",\"description\":\"H\u00fcte, Kappen &amp; M\u00fctzen in Top Swiss\\\/EU Qualit\u00e4t\",\"publisher\":{\"@id\":\"https:\\\/\\\/hutfactory.com\\\/#organization\"},\"alternateName\":\"Hut Shop\",\"potentialAction\":[{\"@type\":\"SearchAction\",\"target\":{\"@type\":\"EntryPoint\",\"urlTemplate\":\"https:\\\/\\\/hutfactory.com\\\/?s={search_term_string}\"},\"query-input\":{\"@type\":\"PropertyValueSpecification\",\"valueRequired\":true,\"valueName\":\"search_term_string\"}}],\"inLanguage\":\"de\"},{\"@type\":\"Organization\",\"@id\":\"https:\\\/\\\/hutfactory.com\\\/#organization\",\"name\":\"Hut Factory\",\"url\":\"https:\\\/\\\/hutfactory.com\\\/\",\"logo\":{\"@type\":\"ImageObject\",\"inLanguage\":\"de\",\"@id\":\"https:\\\/\\\/hutfactory.com\\\/#\\\/schema\\\/logo\\\/image\\\/\",\"url\":\"https:\\\/\\\/hutfactory.com\\\/wp-content\\\/uploads\\\/2026\\\/01\\\/Logo-hut-factory-1.webp\",\"contentUrl\":\"https:\\\/\\\/hutfactory.com\\\/wp-content\\\/uploads\\\/2026\\\/01\\\/Logo-hut-factory-1.webp\",\"width\":300,\"height\":262,\"caption\":\"Hut Factory\"},\"image\":{\"@id\":\"https:\\\/\\\/hutfactory.com\\\/#\\\/schema\\\/logo\\\/image\\\/\"}}]}<\/script>\n<!-- \/ Yoast SEO Premium plugin. -->","yoast_head_json":{"title":"Fedora Traveler Fresh & Rustical \u0096 Handgefertigt f\u00fcr Sommerreisen","description":"Sommerlicher Fedora Traveler aus Stroh mit luftigem Flechtmuster & Leinenband. Handgefertigt in der Schweiz \u0096 Jetzt entdecken!","robots":{"index":"index","follow":"follow","max-snippet":"max-snippet:-1","max-image-preview":"max-image-preview:large","max-video-preview":"max-video-preview:-1"},"canonical":"https:\/\/hutfactory.com\/?product=sommerhut-fedora-traveler-fresh-and-rustical","og_locale":"de_DE","og_type":"article","og_title":"Sommerhut Fedora Traveler \"Fresh and Rustical\"","og_description":"Sommerlicher Fedora Traveler aus Stroh mit luftigem Flechtmuster & Leinenband. Handgefertigt in der Schweiz \u0096 Jetzt entdecken!","og_url":"https:\/\/hutfactory.com\/?product=sommerhut-fedora-traveler-fresh-and-rustical","og_site_name":"Hut Factory","article_modified_time":"2026-03-10T10:31:38+00:00","og_image":[{"width":750,"height":750,"url":"https:\/\/hutfactory.com\/wp-content\/uploads\/2026\/03\/16307000.1.webp","type":"image\/webp"}],"twitter_card":"summary_large_image","twitter_misc":{"Gesch\u00e4tzte Lesezeit":"2\u00a0Minuten"},"schema":{"@context":"https:\/\/schema.org","@graph":[{"@type":"WebPage","@id":"https:\/\/hutfactory.com\/?product=sommerhut-fedora-traveler-fresh-and-rustical","url":"https:\/\/hutfactory.com\/?product=sommerhut-fedora-traveler-fresh-and-rustical","name":"Fedora Traveler Fresh & Rustical \u0096 Handgefertigt f\u00fcr Sommerreisen","isPartOf":{"@id":"https:\/\/hutfactory.com\/#website"},"primaryImageOfPage":{"@id":"https:\/\/hutfactory.com\/?product=sommerhut-fedora-traveler-fresh-and-rustical#primaryimage"},"image":{"@id":"https:\/\/hutfactory.com\/?product=sommerhut-fedora-traveler-fresh-and-rustical#primaryimage"},"thumbnailUrl":"https:\/\/hutfactory.com\/wp-content\/uploads\/2026\/03\/16307000.1.webp","datePublished":"2026-03-10T10:31:12+00:00","dateModified":"2026-03-10T10:31:38+00:00","description":"Sommerlicher Fedora Traveler aus Stroh mit luftigem Flechtmuster & Leinenband. Handgefertigt in der Schweiz \u0096 Jetzt entdecken!","breadcrumb":{"@id":"https:\/\/hutfactory.com\/?product=sommerhut-fedora-traveler-fresh-and-rustical#breadcrumb"},"inLanguage":"de","potentialAction":[{"@type":"ReadAction","target":["https:\/\/hutfactory.com\/?product=sommerhut-fedora-traveler-fresh-and-rustical"]}]},{"@type":"ImageObject","inLanguage":"de","@id":"https:\/\/hutfactory.com\/?product=sommerhut-fedora-traveler-fresh-and-rustical#primaryimage","url":"https:\/\/hutfactory.com\/wp-content\/uploads\/2026\/03\/16307000.1.webp","contentUrl":"https:\/\/hutfactory.com\/wp-content\/uploads\/2026\/03\/16307000.1.webp","width":750,"height":750,"caption":"Sommerhut Fedora Traveler \"fresh & rustical\""},{"@type":"BreadcrumbList","@id":"https:\/\/hutfactory.com\/?product=sommerhut-fedora-traveler-fresh-and-rustical#breadcrumb","itemListElement":[{"@type":"ListItem","position":1,"name":"Start","item":"https:\/\/hutfactory.com\/"},{"@type":"ListItem","position":2,"name":"Shop","item":"https:\/\/hutfactory.com\/?page_id=10"},{"@type":"ListItem","position":3,"name":"Sommerhut Fedora Traveler &#8220;Fresh and Rustical&#8221;"}]},{"@type":"WebSite","@id":"https:\/\/hutfactory.com\/#website","url":"https:\/\/hutfactory.com\/","name":"Hut Factory","description":"H\u00fcte, Kappen &amp; M\u00fctzen in Top Swiss\/EU Qualit\u00e4t","publisher":{"@id":"https:\/\/hutfactory.com\/#organization"},"alternateName":"Hut Shop","potentialAction":[{"@type":"SearchAction","target":{"@type":"EntryPoint","urlTemplate":"https:\/\/hutfactory.com\/?s={search_term_string}"},"query-input":{"@type":"PropertyValueSpecification","valueRequired":true,"valueName":"search_term_string"}}],"inLanguage":"de"},{"@type":"Organization","@id":"https:\/\/hutfactory.com\/#organization","name":"Hut Factory","url":"https:\/\/hutfactory.com\/","logo":{"@type":"ImageObject","inLanguage":"de","@id":"https:\/\/hutfactory.com\/#\/schema\/logo\/image\/","url":"https:\/\/hutfactory.com\/wp-content\/uploads\/2026\/01\/Logo-hut-factory-1.webp","contentUrl":"https:\/\/hutfactory.com\/wp-content\/uploads\/2026\/01\/Logo-hut-factory-1.webp","width":300,"height":262,"caption":"Hut Factory"},"image":{"@id":"https:\/\/hutfactory.com\/#\/schema\/logo\/image\/"}}]}},"_links":{"self":[{"href":"https:\/\/hutfactory.com\/index.php?rest_route=\/wp\/v2\/product\/18466","targetHints":{"allow":["GET"]}}],"collection":[{"href":"https:\/\/hutfactory.com\/index.php?rest_route=\/wp\/v2\/product"}],"about":[{"href":"https:\/\/hutfactory.com\/index.php?rest_route=\/wp\/v2\/types\/product"}],"wp:featuredmedia":[{"embeddable":true,"href":"https:\/\/hutfactory.com\/index.php?rest_route=\/wp\/v2\/media\/18467"}],"wp:attachment":[{"href":"https:\/\/hutfactory.com\/index.php?rest_route=%2Fwp%2Fv2%2Fmedia&parent=18466"}],"wp:term":[{"taxonomy":"product_brand","embeddable":true,"href":"https:\/\/hutfactory.com\/index.php?rest_route=%2Fwp%2Fv2%2Fproduct_brand&post=18466"},{"taxonomy":"product_cat","embeddable":true,"href":"https:\/\/hutfactory.com\/index.php?rest_route=%2Fwp%2Fv2%2Fproduct_cat&post=18466"},{"taxonomy":"product_tag","embeddable":true,"href":"https:\/\/hutfactory.com\/index.php?rest_route=%2Fwp%2Fv2%2Fproduct_tag&post=18466"}],"curies":[{"name":"wp","href":"https:\/\/api.w.org\/{rel}","templated":true}]}}