{"id":18431,"date":"2026-03-10T10:30:38","date_gmt":"2026-03-10T10:30:38","guid":{"rendered":"https:\/\/hutfactory.com\/?product=sommerhut-fedora-traveler-aus-stroh-woven-lines"},"modified":"2026-03-10T10:31:13","modified_gmt":"2026-03-10T10:31:13","slug":"sommerhut-fedora-traveler-aus-stroh-woven-lines","status":"publish","type":"product","link":"https:\/\/hutfactory.com\/?product=sommerhut-fedora-traveler-aus-stroh-woven-lines","title":{"rendered":"Sommerhut Fedora Traveler aus Stroh &#8220;Woven Lines&#8221;"},"content":{"rendered":"<h3 data-start=\"589\" data-end=\"646\"><strong data-start=\"593\" data-end=\"644\">Sommerlicher Chic mit handwerklicher Perfektion<\/strong><\/h3>\n<p data-start=\"647\" data-end=\"1008\">Dieser Fedora \u00fcberzeugt mit seiner luftigen Struktur und einem klassischen Design, das Komfort und Eleganz vereint. Das feine Weizenstroh sorgt f\u00fcr eine nat\u00fcrliche Luftzirkulation und macht den Hut angenehm leicht. Die 6,5 cm breite Krempe bietet optimalen Schutz vor der Sonne, w\u00e4hrend die markante Krone mit 10,5 cm H\u00f6he f\u00fcr eine stilvolle Silhouette sorgt.<\/p>\n<p data-start=\"1010\" data-end=\"1292\">Das breite Hutband aus edlem Leinen mit dekorativem Qualit\u00e4tsknopf verleiht dem Modell einen raffinierten Touch \u0096 wahlweise in einer maritimen Blau-Wei\u00df-Kombination oder in einem warmen Orangeton mit dezenten Streifen. Ein Textilinnenband sorgt f\u00fcr angenehmen Sitz und Tragekomfort.<\/p>\n<p data-start=\"1294\" data-end=\"1657\">?? <strong data-start=\"1297\" data-end=\"1313\">Perfekt f\u00fcr\u0085<\/strong><br data-start=\"1313\" data-end=\"1316\" \/>? Sommerliche Abenteuer \u0096 Ob Strandspaziergang, Stadtbummel oder Gartenparty, dieser Hut ist ein stilvoller Begleiter.<br data-start=\"1434\" data-end=\"1437\" \/>? Elegante Sommerlooks \u0096 Die hochwertige Verarbeitung und das feine Material verleihen jedem Outfit eine edle Note.<br data-start=\"1552\" data-end=\"1555\" \/>? Nachhaltige Modebewusste \u0096 Ein handgefertigtes Meisterst\u00fcck, das Stil und Umweltbewusstsein vereint.<\/p>\n<div class=\"hf-accordions\">\n<hr class=\"hf-accordion-separator\" \/>\n<details class=\"hf-accordion\">\n<summary><strong>\u25b6\ufe0f Gut zu wissen \u2013 mehr erfahren<\/strong><\/summary>\n<div class=\"hf-accordion-content\">\n<h3 data-start=\"1664\" data-end=\"1697\"><strong data-start=\"1668\" data-end=\"1695\">Wichtige Produktdetails<\/strong><\/h3>\n<ul data-start=\"1698\" data-end=\"2178\">\n<li data-start=\"1698\" data-end=\"1777\"><strong data-start=\"1700\" data-end=\"1713\">Material:<\/strong> 100% feines Weizenstroh \u0096 leicht, atmungsaktiv und nachhaltig<\/li>\n<li data-start=\"1778\" data-end=\"1867\"><strong data-start=\"1780\" data-end=\"1792\">Hutband:<\/strong> 50% WVV \/ 33% CO \/ 8% LI \u0096 hochwertiges Leinenband mit dekorativem Knopf<\/li>\n<li data-start=\"1868\" data-end=\"1940\"><strong data-start=\"1870\" data-end=\"1885\">Randbreite:<\/strong> 6,5 cm \u0096 perfekter Sonnenschutz mit eleganter Krempe<\/li>\n<li data-start=\"1941\" data-end=\"2011\"><strong data-start=\"1943\" data-end=\"1956\">Kopfh\u00f6he:<\/strong> 10,5 cm \u0096 klassischer Fedora-Stil mit markanter Form<\/li>\n<li data-start=\"2012\" data-end=\"2077\"><strong data-start=\"2014\" data-end=\"2025\">Farben:<\/strong> Natur mit gestreiftem Hutband in Blau oder Orange<\/li>\n<li data-start=\"2078\" data-end=\"2099\"><strong data-start=\"2080\" data-end=\"2091\">Gr\u00f6\u00dfen:<\/strong> 54-64<\/li>\n<li data-start=\"2100\" data-end=\"2178\"><strong data-start=\"2102\" data-end=\"2118\">Schwei\u00dfband:<\/strong> Sauber eingen\u00e4htes Textilinnenband f\u00fcr hohen Tragekomfort<\/li>\n<\/ul>\n<h3 data-start=\"2185\" data-end=\"2249\"><strong data-start=\"2189\" data-end=\"2247\">Handgefertigt in der Schweiz \u0096 Qualit\u00e4t, die \u00fcberzeugt<\/strong><\/h3>\n<p data-start=\"2250\" data-end=\"2502\">Jeder Fedora Traveler aus Stroh &#8220;woven lines&#8221; wird in der <strong data-start=\"2308\" data-end=\"2340\">Schweizer Hutmanufaktur Risa<\/strong> auf Bestellung gefertigt. Die traditionsreiche Handwerkskunst, kombiniert mit hochwertigen Naturmaterialien, garantiert ein langlebiges und stilvolles Produkt.<\/p>\n<h4 data-start=\"2504\" data-end=\"2544\"><strong data-start=\"2509\" data-end=\"2542\">Nachhaltigkeit &#038; Exklusivit\u00e4t<\/strong><\/h4>\n<p data-start=\"2545\" data-end=\"2833\">? <strong data-start=\"2547\" data-end=\"2572\">Nat\u00fcrliches Material:<\/strong> Weizenstroh ist biologisch abbaubar, atmungsaktiv und leicht.<br data-start=\"2634\" data-end=\"2637\" \/>? <strong data-start=\"2639\" data-end=\"2668\">Traditionelle Handarbeit:<\/strong> Jedes St\u00fcck wird mit Sorgfalt gefertigt \u0096 f\u00fcr Qualit\u00e4t, die man sieht und f\u00fchlt.<br data-start=\"2749\" data-end=\"2752\" \/>? <strong data-start=\"2754\" data-end=\"2772\">Langlebigkeit:<\/strong> Ein treuer Begleiter f\u00fcr viele Sommer, bei richtiger Pflege.<\/p>\n<h3 data-start=\"2840\" data-end=\"2871\"><strong data-start=\"2844\" data-end=\"2869\">Herstellung &#038; Versand<\/strong><\/h3>\n<ul data-start=\"2872\" data-end=\"3208\">\n<li data-start=\"2872\" data-end=\"2936\"><strong data-start=\"2874\" data-end=\"2888\">Fertigung:<\/strong> Auf Bestellung, individuell f\u00fcr Sie gefertigt<\/li>\n<li data-start=\"2937\" data-end=\"3005\"><strong data-start=\"2939\" data-end=\"2960\">Herstellungszeit:<\/strong> 10 bis 15 Arbeitstage nach Zahlungseingang<\/li>\n<li data-start=\"3006\" data-end=\"3065\"><strong data-start=\"3008\" data-end=\"3020\">Versand:<\/strong> Innerhalb weniger Tage ab Standort Schweiz<\/li>\n<li data-start=\"3066\" data-end=\"3135\"><strong data-start=\"3068\" data-end=\"3081\">Garantie:<\/strong> Umtausch nur bei Material- oder Herstellungsfehlern<\/li>\n<li data-start=\"3136\" data-end=\"3208\"><strong data-start=\"3138\" data-end=\"3156\">Verf\u00fcgbarkeit:<\/strong> Limitierte Auflage \u0096 nur solange der Vorrat reicht!<\/li>\n<\/ul>\n<\/div>\n<\/details>\n<details class=\"hf-accordion\">\n<summary><strong>\u25b6\ufe0f FAQ \u2013 H\u00e4ufige Fragen<\/strong><\/summary>\n<div class=\"hf-accordion-content\">\n<h3 data-start=\"3215\" data-end=\"3254\"><strong data-start=\"3219\" data-end=\"3252\">H\u00e4ufig gestellte Fragen (FAQ)<\/strong><\/h3>\n<p data-start=\"3255\" data-end=\"3405\">? <strong data-start=\"3257\" data-end=\"3284\">Ist der Hut wasserfest?<\/strong><br data-start=\"3284\" data-end=\"3287\" \/>?? Nein, Weizenstroh ist ein Naturmaterial und nicht wasserfest. Bei Regen empfehlen wir, den Hut trocken zu lagern.<\/p>\n<p data-start=\"3407\" data-end=\"3581\">? <strong data-start=\"3409\" data-end=\"3437\">Wie reinige ich den Hut?<\/strong><br data-start=\"3437\" data-end=\"3440\" \/>? Mit einem weichen, trockenen Tuch oder einer feinen B\u00fcrste vorsichtig den Staub entfernen. Keine Feuchtigkeit oder Chemikalien verwenden.<\/p>\n<p data-start=\"3583\" data-end=\"3718\">? <strong data-start=\"3585\" data-end=\"3609\">Ist der Hut faltbar?<\/strong><br data-start=\"3609\" data-end=\"3612\" \/>?? Nein, das feine Stroh beh\u00e4lt seine Form am besten, wenn es nicht geknickt oder zusammengedr\u00fcckt wird.<\/p>\n<p data-start=\"3720\" data-end=\"3864\">? <strong data-start=\"3722\" data-end=\"3759\">Wie finde ich die richtige Gr\u00f6\u00dfe?<\/strong><br data-start=\"3759\" data-end=\"3762\" \/>?? Messen Sie Ihren Kopfumfang und w\u00e4hlen Sie entsprechend die passende Gr\u00f6\u00dfe zwischen 54 und 64 cm.<\/p>\n<p data-start=\"3866\" data-end=\"3980\">? <strong data-start=\"3868\" data-end=\"3905\">Kann ich das Hutband austauschen?<\/strong><br data-start=\"3905\" data-end=\"3908\" \/>?? Nein, das Hutband ist fest vern\u00e4ht und geh\u00f6rt zum Design des Hutes.<\/p>\n<\/div>\n<\/details>\n<\/div>\n","protected":false},"excerpt":{"rendered":"<h3 data-start=\"92\" data-end=\"170\"><strong data-start=\"96\" data-end=\"168\">Stilvoller Sommerbegleiter<\/strong><\/h3>\n<p data-start=\"171\" data-end=\"582\">Ein zeitloser Klassiker mit modernem Twist: Der Fedora Traveler aus feinem Weizenstroh vereint sommerliche Leichtigkeit mit stilvoller Eleganz. Sein markantes Hutband mit gestreiftem Design in Blau oder Orange setzt farbliche Akzente und macht ihn zu einem perfekten Accessoire f\u00fcr warme Tage. Handgefertigt in der Schweizer Hutmanufaktur Risa, steht dieser Hut f\u00fcr h\u00f6chste Qualit\u00e4t und exzellente Verarbeitung.<\/p>\n","protected":false},"featured_media":18432,"template":"","meta":{"_acf_changed":false,"rs_blank_template":"","rs_page_bg_color":"","slide_template_v7":""},"product_brand":[250],"product_cat":[275],"product_tag":[],"class_list":{"0":"post-18431","1":"product","2":"type-product","3":"status-publish","4":"has-post-thumbnail","6":"product_brand-risa-hutwerkstatt-schweiz","7":"product_cat-sommerhuete","8":"product_shipping_class-mittlere-pakete","9":"pa_color-natur-blau","10":"pa_color-natur-orange","11":"pa_groesse-206","12":"pa_groesse-196","13":"pa_groesse-207","14":"pa_groesse-197","15":"pa_groesse-208","16":"pa_groesse-198","17":"pa_groesse-209","18":"pa_groesse-199","19":"pa_groesse-210","20":"pa_groesse-213","21":"pa_groesse-401","22":"yith_product_brand-risa-hutwerkstatt-schweiz","25":"instock","26":"featured","27":"taxable","28":"shipping-taxable","29":"purchasable","30":"product-type-variable","31":"wvs-archive-product-wrapper","32":"add-to-wishlist-after_add_to_cart"},"acf":[],"yoast_head":"<!-- This site is optimized with the Yoast SEO Premium plugin v27.3 (Yoast SEO v27.3) - https:\/\/yoast.com\/product\/yoast-seo-premium-wordpress\/ -->\n<title>Sommerhut Traveler aus Stroh \u0096 Handgefertigt in der Schweiz<\/title>\n<meta name=\"description\" content=\"Leichter Fedora aus Weizenstroh mit stilvollem Hutband. Handgefertigt in der Schweiz \u0096 perfekt f\u00fcr stilvolle Sommertage!\" \/>\n<meta name=\"robots\" content=\"index, follow, max-snippet:-1, max-image-preview:large, max-video-preview:-1\" \/>\n<link rel=\"canonical\" href=\"https:\/\/hutfactory.com\/?product=sommerhut-fedora-traveler-aus-stroh-woven-lines\" \/>\n<meta property=\"og:locale\" content=\"de_DE\" \/>\n<meta property=\"og:type\" content=\"article\" \/>\n<meta property=\"og:title\" content=\"Sommerhut Fedora Traveler aus Stroh &quot;Woven Lines&quot;\" \/>\n<meta property=\"og:description\" content=\"Leichter Fedora aus Weizenstroh mit stilvollem Hutband. Handgefertigt in der Schweiz \u0096 perfekt f\u00fcr stilvolle Sommertage!\" \/>\n<meta property=\"og:url\" content=\"https:\/\/hutfactory.com\/?product=sommerhut-fedora-traveler-aus-stroh-woven-lines\" \/>\n<meta property=\"og:site_name\" content=\"Hut Factory\" \/>\n<meta property=\"article:modified_time\" content=\"2026-03-10T10:31:13+00:00\" \/>\n<meta property=\"og:image\" content=\"https:\/\/hutfactory.com\/wp-content\/uploads\/2026\/03\/10404155.alle_.webp\" \/>\n\t<meta property=\"og:image:width\" content=\"750\" \/>\n\t<meta property=\"og:image:height\" content=\"750\" \/>\n\t<meta property=\"og:image:type\" content=\"image\/webp\" \/>\n<meta name=\"twitter:card\" content=\"summary_large_image\" \/>\n<meta name=\"twitter:label1\" content=\"Gesch\u00e4tzte Lesezeit\" \/>\n\t<meta name=\"twitter:data1\" content=\"2\u00a0Minuten\" \/>\n<script type=\"application\/ld+json\" class=\"yoast-schema-graph\">{\"@context\":\"https:\\\/\\\/schema.org\",\"@graph\":[{\"@type\":\"WebPage\",\"@id\":\"https:\\\/\\\/hutfactory.com\\\/?product=sommerhut-fedora-traveler-aus-stroh-woven-lines\",\"url\":\"https:\\\/\\\/hutfactory.com\\\/?product=sommerhut-fedora-traveler-aus-stroh-woven-lines\",\"name\":\"Sommerhut Traveler aus Stroh \u0096 Handgefertigt in der Schweiz\",\"isPartOf\":{\"@id\":\"https:\\\/\\\/hutfactory.com\\\/#website\"},\"primaryImageOfPage\":{\"@id\":\"https:\\\/\\\/hutfactory.com\\\/?product=sommerhut-fedora-traveler-aus-stroh-woven-lines#primaryimage\"},\"image\":{\"@id\":\"https:\\\/\\\/hutfactory.com\\\/?product=sommerhut-fedora-traveler-aus-stroh-woven-lines#primaryimage\"},\"thumbnailUrl\":\"https:\\\/\\\/hutfactory.com\\\/wp-content\\\/uploads\\\/2026\\\/03\\\/10404155.alle_.webp\",\"datePublished\":\"2026-03-10T10:30:38+00:00\",\"dateModified\":\"2026-03-10T10:31:13+00:00\",\"description\":\"Leichter Fedora aus Weizenstroh mit stilvollem Hutband. Handgefertigt in der Schweiz \u0096 perfekt f\u00fcr stilvolle Sommertage!\",\"breadcrumb\":{\"@id\":\"https:\\\/\\\/hutfactory.com\\\/?product=sommerhut-fedora-traveler-aus-stroh-woven-lines#breadcrumb\"},\"inLanguage\":\"de\",\"potentialAction\":[{\"@type\":\"ReadAction\",\"target\":[\"https:\\\/\\\/hutfactory.com\\\/?product=sommerhut-fedora-traveler-aus-stroh-woven-lines\"]}]},{\"@type\":\"ImageObject\",\"inLanguage\":\"de\",\"@id\":\"https:\\\/\\\/hutfactory.com\\\/?product=sommerhut-fedora-traveler-aus-stroh-woven-lines#primaryimage\",\"url\":\"https:\\\/\\\/hutfactory.com\\\/wp-content\\\/uploads\\\/2026\\\/03\\\/10404155.alle_.webp\",\"contentUrl\":\"https:\\\/\\\/hutfactory.com\\\/wp-content\\\/uploads\\\/2026\\\/03\\\/10404155.alle_.webp\",\"width\":750,\"height\":750,\"caption\":\"Fedora Traveler aus Stroh|Fedora Traveler aus Stroh|Fedora Traveler aus Stroh\"},{\"@type\":\"BreadcrumbList\",\"@id\":\"https:\\\/\\\/hutfactory.com\\\/?product=sommerhut-fedora-traveler-aus-stroh-woven-lines#breadcrumb\",\"itemListElement\":[{\"@type\":\"ListItem\",\"position\":1,\"name\":\"Start\",\"item\":\"https:\\\/\\\/hutfactory.com\\\/\"},{\"@type\":\"ListItem\",\"position\":2,\"name\":\"Shop\",\"item\":\"https:\\\/\\\/hutfactory.com\\\/?page_id=10\"},{\"@type\":\"ListItem\",\"position\":3,\"name\":\"Sommerhut Fedora Traveler aus Stroh &#8220;Woven Lines&#8221;\"}]},{\"@type\":\"WebSite\",\"@id\":\"https:\\\/\\\/hutfactory.com\\\/#website\",\"url\":\"https:\\\/\\\/hutfactory.com\\\/\",\"name\":\"Hut Factory\",\"description\":\"H\u00fcte, Kappen &amp; M\u00fctzen in Top Swiss\\\/EU Qualit\u00e4t\",\"publisher\":{\"@id\":\"https:\\\/\\\/hutfactory.com\\\/#organization\"},\"alternateName\":\"Hut Shop\",\"potentialAction\":[{\"@type\":\"SearchAction\",\"target\":{\"@type\":\"EntryPoint\",\"urlTemplate\":\"https:\\\/\\\/hutfactory.com\\\/?s={search_term_string}\"},\"query-input\":{\"@type\":\"PropertyValueSpecification\",\"valueRequired\":true,\"valueName\":\"search_term_string\"}}],\"inLanguage\":\"de\"},{\"@type\":\"Organization\",\"@id\":\"https:\\\/\\\/hutfactory.com\\\/#organization\",\"name\":\"Hut Factory\",\"url\":\"https:\\\/\\\/hutfactory.com\\\/\",\"logo\":{\"@type\":\"ImageObject\",\"inLanguage\":\"de\",\"@id\":\"https:\\\/\\\/hutfactory.com\\\/#\\\/schema\\\/logo\\\/image\\\/\",\"url\":\"https:\\\/\\\/hutfactory.com\\\/wp-content\\\/uploads\\\/2026\\\/01\\\/Logo-hut-factory-1.webp\",\"contentUrl\":\"https:\\\/\\\/hutfactory.com\\\/wp-content\\\/uploads\\\/2026\\\/01\\\/Logo-hut-factory-1.webp\",\"width\":300,\"height\":262,\"caption\":\"Hut Factory\"},\"image\":{\"@id\":\"https:\\\/\\\/hutfactory.com\\\/#\\\/schema\\\/logo\\\/image\\\/\"}}]}<\/script>\n<!-- \/ Yoast SEO Premium plugin. -->","yoast_head_json":{"title":"Sommerhut Traveler aus Stroh \u0096 Handgefertigt in der Schweiz","description":"Leichter Fedora aus Weizenstroh mit stilvollem Hutband. Handgefertigt in der Schweiz \u0096 perfekt f\u00fcr stilvolle Sommertage!","robots":{"index":"index","follow":"follow","max-snippet":"max-snippet:-1","max-image-preview":"max-image-preview:large","max-video-preview":"max-video-preview:-1"},"canonical":"https:\/\/hutfactory.com\/?product=sommerhut-fedora-traveler-aus-stroh-woven-lines","og_locale":"de_DE","og_type":"article","og_title":"Sommerhut Fedora Traveler aus Stroh \"Woven Lines\"","og_description":"Leichter Fedora aus Weizenstroh mit stilvollem Hutband. Handgefertigt in der Schweiz \u0096 perfekt f\u00fcr stilvolle Sommertage!","og_url":"https:\/\/hutfactory.com\/?product=sommerhut-fedora-traveler-aus-stroh-woven-lines","og_site_name":"Hut Factory","article_modified_time":"2026-03-10T10:31:13+00:00","og_image":[{"width":750,"height":750,"url":"https:\/\/hutfactory.com\/wp-content\/uploads\/2026\/03\/10404155.alle_.webp","type":"image\/webp"}],"twitter_card":"summary_large_image","twitter_misc":{"Gesch\u00e4tzte Lesezeit":"2\u00a0Minuten"},"schema":{"@context":"https:\/\/schema.org","@graph":[{"@type":"WebPage","@id":"https:\/\/hutfactory.com\/?product=sommerhut-fedora-traveler-aus-stroh-woven-lines","url":"https:\/\/hutfactory.com\/?product=sommerhut-fedora-traveler-aus-stroh-woven-lines","name":"Sommerhut Traveler aus Stroh \u0096 Handgefertigt in der Schweiz","isPartOf":{"@id":"https:\/\/hutfactory.com\/#website"},"primaryImageOfPage":{"@id":"https:\/\/hutfactory.com\/?product=sommerhut-fedora-traveler-aus-stroh-woven-lines#primaryimage"},"image":{"@id":"https:\/\/hutfactory.com\/?product=sommerhut-fedora-traveler-aus-stroh-woven-lines#primaryimage"},"thumbnailUrl":"https:\/\/hutfactory.com\/wp-content\/uploads\/2026\/03\/10404155.alle_.webp","datePublished":"2026-03-10T10:30:38+00:00","dateModified":"2026-03-10T10:31:13+00:00","description":"Leichter Fedora aus Weizenstroh mit stilvollem Hutband. Handgefertigt in der Schweiz \u0096 perfekt f\u00fcr stilvolle Sommertage!","breadcrumb":{"@id":"https:\/\/hutfactory.com\/?product=sommerhut-fedora-traveler-aus-stroh-woven-lines#breadcrumb"},"inLanguage":"de","potentialAction":[{"@type":"ReadAction","target":["https:\/\/hutfactory.com\/?product=sommerhut-fedora-traveler-aus-stroh-woven-lines"]}]},{"@type":"ImageObject","inLanguage":"de","@id":"https:\/\/hutfactory.com\/?product=sommerhut-fedora-traveler-aus-stroh-woven-lines#primaryimage","url":"https:\/\/hutfactory.com\/wp-content\/uploads\/2026\/03\/10404155.alle_.webp","contentUrl":"https:\/\/hutfactory.com\/wp-content\/uploads\/2026\/03\/10404155.alle_.webp","width":750,"height":750,"caption":"Fedora Traveler aus Stroh|Fedora Traveler aus Stroh|Fedora Traveler aus Stroh"},{"@type":"BreadcrumbList","@id":"https:\/\/hutfactory.com\/?product=sommerhut-fedora-traveler-aus-stroh-woven-lines#breadcrumb","itemListElement":[{"@type":"ListItem","position":1,"name":"Start","item":"https:\/\/hutfactory.com\/"},{"@type":"ListItem","position":2,"name":"Shop","item":"https:\/\/hutfactory.com\/?page_id=10"},{"@type":"ListItem","position":3,"name":"Sommerhut Fedora Traveler aus Stroh &#8220;Woven Lines&#8221;"}]},{"@type":"WebSite","@id":"https:\/\/hutfactory.com\/#website","url":"https:\/\/hutfactory.com\/","name":"Hut Factory","description":"H\u00fcte, Kappen &amp; M\u00fctzen in Top Swiss\/EU Qualit\u00e4t","publisher":{"@id":"https:\/\/hutfactory.com\/#organization"},"alternateName":"Hut Shop","potentialAction":[{"@type":"SearchAction","target":{"@type":"EntryPoint","urlTemplate":"https:\/\/hutfactory.com\/?s={search_term_string}"},"query-input":{"@type":"PropertyValueSpecification","valueRequired":true,"valueName":"search_term_string"}}],"inLanguage":"de"},{"@type":"Organization","@id":"https:\/\/hutfactory.com\/#organization","name":"Hut Factory","url":"https:\/\/hutfactory.com\/","logo":{"@type":"ImageObject","inLanguage":"de","@id":"https:\/\/hutfactory.com\/#\/schema\/logo\/image\/","url":"https:\/\/hutfactory.com\/wp-content\/uploads\/2026\/01\/Logo-hut-factory-1.webp","contentUrl":"https:\/\/hutfactory.com\/wp-content\/uploads\/2026\/01\/Logo-hut-factory-1.webp","width":300,"height":262,"caption":"Hut Factory"},"image":{"@id":"https:\/\/hutfactory.com\/#\/schema\/logo\/image\/"}}]}},"_links":{"self":[{"href":"https:\/\/hutfactory.com\/index.php?rest_route=\/wp\/v2\/product\/18431","targetHints":{"allow":["GET"]}}],"collection":[{"href":"https:\/\/hutfactory.com\/index.php?rest_route=\/wp\/v2\/product"}],"about":[{"href":"https:\/\/hutfactory.com\/index.php?rest_route=\/wp\/v2\/types\/product"}],"wp:featuredmedia":[{"embeddable":true,"href":"https:\/\/hutfactory.com\/index.php?rest_route=\/wp\/v2\/media\/18432"}],"wp:attachment":[{"href":"https:\/\/hutfactory.com\/index.php?rest_route=%2Fwp%2Fv2%2Fmedia&parent=18431"}],"wp:term":[{"taxonomy":"product_brand","embeddable":true,"href":"https:\/\/hutfactory.com\/index.php?rest_route=%2Fwp%2Fv2%2Fproduct_brand&post=18431"},{"taxonomy":"product_cat","embeddable":true,"href":"https:\/\/hutfactory.com\/index.php?rest_route=%2Fwp%2Fv2%2Fproduct_cat&post=18431"},{"taxonomy":"product_tag","embeddable":true,"href":"https:\/\/hutfactory.com\/index.php?rest_route=%2Fwp%2Fv2%2Fproduct_tag&post=18431"}],"curies":[{"name":"wp","href":"https:\/\/api.w.org\/{rel}","templated":true}]}}