{"id":18425,"date":"2026-03-10T10:30:38","date_gmt":"2026-03-10T10:30:38","guid":{"rendered":"https:\/\/hutfactory.com\/?product=sommerhut-trilby-aus-stroh-woven-lines"},"modified":"2026-03-10T10:31:07","modified_gmt":"2026-03-10T10:31:07","slug":"sommerhut-trilby-aus-stroh-woven-lines","status":"publish","type":"product","link":"https:\/\/hutfactory.com\/?product=sommerhut-trilby-aus-stroh-woven-lines","title":{"rendered":"Sommerhut Trilby aus Stroh &#8220;Woven Lines&#8221;"},"content":{"rendered":"<h3 data-start=\"535\" data-end=\"586\"><strong data-start=\"539\" data-end=\"586\">Leicht, stilvoll und perfekt f\u00fcr den Sommer<\/strong><\/h3>\n<p data-start=\"587\" data-end=\"900\">Mit seiner klassischen <strong data-start=\"610\" data-end=\"631\">Trilby-Silhouette<\/strong>, der eleganten Knautschkrone und der geschwungenen Krempe von <strong data-start=\"694\" data-end=\"709\">5 cm Breite<\/strong> ist dieser Hut die perfekte Erg\u00e4nzung f\u00fcr sommerliche Outfits \u0096 sei es am Strand, in der Stadt oder bei einer Gartenparty. Die Farben harmonieren wunderbar mit verschiedenen Stilrichtungen:<\/p>\n<ul data-start=\"901\" data-end=\"1041\">\n<li data-start=\"901\" data-end=\"963\"><strong data-start=\"903\" data-end=\"931\">Natur mit blauem Hutband<\/strong> f\u00fcr eine maritime, frische Note<\/li>\n<li data-start=\"964\" data-end=\"1041\"><strong data-start=\"966\" data-end=\"1002\">Natur mit orangefarbenem Hutband<\/strong> f\u00fcr einen warmen, mediterranen Touch<\/li>\n<\/ul>\n<p data-start=\"1043\" data-end=\"1164\">Dank des <strong data-start=\"1052\" data-end=\"1091\">sauber eingen\u00e4hten Textilinnenbands<\/strong> sitzt der Hut angenehm auf dem Kopf und bietet optimalen Tragekomfort.<\/p>\n<p data-start=\"2750\" data-end=\"2773\"><strong data-start=\"2755\" data-end=\"2773\">Perfekt f\u00fcr&#8230;<\/strong><\/p>\n<p data-start=\"2774\" data-end=\"3172\">?? <strong data-start=\"2777\" data-end=\"2800\">Sommerliche Anl\u00e4sse<\/strong> \u0096 Egal ob am Strand, beim Stadtbummel oder im Garten, dieser Hut verleiht jedem Outfit das gewisse Etwas.<br data-start=\"2906\" data-end=\"2909\" \/>?? <strong data-start=\"2912\" data-end=\"2931\">Elegante Events<\/strong> \u0096 Die raffinierte Gestaltung und hochwertigen Materialien machen ihn zu einem perfekten Begleiter f\u00fcr gehobene Anl\u00e4sse.<br data-start=\"3051\" data-end=\"3054\" \/>?? <strong data-start=\"3057\" data-end=\"3084\">Natur- und Modebewusste<\/strong> \u0096 F\u00fcr alle, die Wert auf nat\u00fcrliche Materialien und nachhaltige Handwerkskunst legen.<\/p>\n<div class=\"hf-accordions\">\n<hr class=\"hf-accordion-separator\" \/>\n<details class=\"hf-accordion\">\n<summary><strong>\u25b6\ufe0f Gut zu wissen \u2013 mehr erfahren<\/strong><\/summary>\n<div class=\"hf-accordion-content\">\n<h3 data-start=\"1180\" data-end=\"1213\"><strong data-start=\"1184\" data-end=\"1211\">Wichtige Produktdetails<\/strong><\/h3>\n<h4 data-start=\"1215\" data-end=\"1250\"><strong data-start=\"1220\" data-end=\"1248\">Eigenschaften &#038; Details:<\/strong><\/h4>\n<ul data-start=\"1251\" data-end=\"1757\">\n<li data-start=\"1251\" data-end=\"1323\"><strong data-start=\"1253\" data-end=\"1266\">Material:<\/strong> 100% Weizenstroh \u0096 nachhaltig, leicht und atmungsaktiv<\/li>\n<li data-start=\"1324\" data-end=\"1410\"><strong data-start=\"1326\" data-end=\"1341\">Randbreite:<\/strong> 5.0 cm \u0096 idealer Sonnenschutz mit einer eleganten, dezenten Krempe<\/li>\n<li data-start=\"1411\" data-end=\"1481\"><strong data-start=\"1413\" data-end=\"1426\">Kopfh\u00f6he:<\/strong> 10.5 cm \u0096 klassische Trilby-Krone mit markanter Form<\/li>\n<li data-start=\"1482\" data-end=\"1542\"><strong data-start=\"1484\" data-end=\"1495\">Farben:<\/strong> Natur mit blauem oder orangefarbenem Hutband<\/li>\n<li data-start=\"1543\" data-end=\"1651\"><strong data-start=\"1545\" data-end=\"1558\">Garnitur:<\/strong> Edles, gestreiftes Hutband aus Leinen mit einem stilvollen Qualit\u00e4tsknopf &#8220;Risa seit 1919&#8221;<\/li>\n<li data-start=\"1652\" data-end=\"1735\"><strong data-start=\"1654\" data-end=\"1670\">Schwei\u00dfband:<\/strong> Eingearbeitetes Textilinnenband f\u00fcr ein angenehmes Tragegef\u00fchl<\/li>\n<li data-start=\"1736\" data-end=\"1757\"><strong data-start=\"1738\" data-end=\"1749\">Gr\u00f6\u00dfen:<\/strong> 54-64<\/li>\n<\/ul>\n<h4 data-start=\"1759\" data-end=\"1792\"><strong data-start=\"1764\" data-end=\"1790\">Design &#038; Verarbeitung:<\/strong><\/h4>\n<p data-start=\"1793\" data-end=\"2153\">Dieser Trilby-Hut beeindruckt mit seinem feinen Weizenstroh, das durch das filigrane Geflecht edel aufgewertet wird. Die vorne leicht nach unten gebogene Krempe verleiht ihm eine freche und moderne Optik. Ein besonderes Highlight ist das dekorative Leinenhutband, das durch fein gestreiftes Design erg\u00e4nzt wird \u0096 eine Hommage an traditionelle Handwerkskunst.<\/p>\n<h4 data-start=\"2155\" data-end=\"2195\"><strong data-start=\"2160\" data-end=\"2193\">Handgefertigt in der Schweiz:<\/strong><\/h4>\n<p data-start=\"2196\" data-end=\"2421\">Dieses exklusive Modell wird individuell in der <strong data-start=\"2244\" data-end=\"2276\">Schweizer Hutmanufaktur Risa<\/strong> gefertigt. Dank jahrzehntelanger Erfahrung und traditioneller Verarbeitungstechniken entstehen hier hochwertige, langlebige und zeitlose H\u00fcte.<\/p>\n<h4 data-start=\"2423\" data-end=\"2460\"><strong data-start=\"2428\" data-end=\"2458\">Nachhaltigkeit &#038; Qualit\u00e4t:<\/strong><\/h4>\n<ul data-start=\"2461\" data-end=\"2872\">\n<li data-start=\"2461\" data-end=\"2611\"><strong data-start=\"2463\" data-end=\"2490\">Nat\u00fcrliche Materialien:<\/strong> Weizenstroh ist eine nachhaltige Wahl \u0096 es ist biologisch abbaubar, leicht und bietet eine nat\u00fcrliche Luftzirkulation.<\/li>\n<li data-start=\"2612\" data-end=\"2756\"><strong data-start=\"2614\" data-end=\"2641\">Handarbeit &#038; Tradition:<\/strong> Jeder Hut wird mit Sorgfalt und Liebe zum Detail hergestellt, um h\u00f6chsten Qualit\u00e4tsanspr\u00fcchen gerecht zu werden.<\/li>\n<li data-start=\"2757\" data-end=\"2872\"><strong data-start=\"2759\" data-end=\"2777\">Langlebigkeit:<\/strong> Der Hut ist robust verarbeitet und bietet eine lange Lebensdauer, wenn er gut gepflegt wird.<\/li>\n<\/ul>\n<h4 data-start=\"2874\" data-end=\"2906\"><strong data-start=\"2879\" data-end=\"2904\">Herstellung &#038; Versand<\/strong><\/h4>\n<ul data-start=\"2907\" data-end=\"3174\">\n<li data-start=\"2907\" data-end=\"3000\"><strong data-start=\"2909\" data-end=\"2938\">Fertigung auf Bestellung:<\/strong> Jeder Hut wird nach Bestelleingang in Handarbeit gefertigt.<\/li>\n<li data-start=\"3001\" data-end=\"3070\"><strong data-start=\"3003\" data-end=\"3024\">Herstellungszeit:<\/strong> 10 bis 15 Arbeitstage nach Zahlungseingang.<\/li>\n<li data-start=\"3071\" data-end=\"3174\"><strong data-start=\"3073\" data-end=\"3085\">Versand:<\/strong> Nach Fertigstellung erfolgt der Versand innerhalb weniger Tage direkt aus der Schweiz.<\/li>\n<\/ul>\n<\/div>\n<\/details>\n<details class=\"hf-accordion\">\n<summary><strong>\u25b6\ufe0f FAQ \u2013 H\u00e4ufige Fragen<\/strong><\/summary>\n<div class=\"hf-accordion-content\">\n<h3 data-start=\"1954\" data-end=\"1992\"><strong data-start=\"1958\" data-end=\"1992\">FAQ \u0096 H\u00e4ufig gestellte Fragen:<\/strong><\/h3>\n<p data-start=\"1993\" data-end=\"2153\"><strong data-start=\"1993\" data-end=\"2042\">1. Ist der Hut f\u00fcr hei\u00dfe Sommertage geeignet?<\/strong><br data-start=\"2042\" data-end=\"2045\" \/>Ja, das atmungsaktive Weizenstroh sorgt f\u00fcr eine optimale Luftzirkulation und h\u00e4lt den Kopf angenehm k\u00fchl.<\/p>\n<p data-start=\"2155\" data-end=\"2346\"><strong data-start=\"2155\" data-end=\"2195\">2. Wie finde ich die richtige Gr\u00f6\u00dfe?<\/strong><br data-start=\"2195\" data-end=\"2198\" \/>Messen Sie Ihren Kopfumfang an der breitesten Stelle (etwa 1 cm \u00fcber den Ohren) und w\u00e4hlen Sie die n\u00e4chstgelegene Gr\u00f6\u00dfe aus unserer Gr\u00f6\u00dfentabelle.<\/p>\n<p data-start=\"2348\" data-end=\"2486\"><strong data-start=\"2348\" data-end=\"2392\">3. Ist der Hut knautschbar oder faltbar?<\/strong><br data-start=\"2392\" data-end=\"2395\" \/>Dieser Trilby ist nicht faltbar, da das hochwertige Weizenstroh seine Form bewahren soll.<\/p>\n<p data-start=\"2488\" data-end=\"2684\"><strong data-start=\"2488\" data-end=\"2531\">4. Wie wird der Hut am besten gepflegt?<\/strong><br data-start=\"2531\" data-end=\"2534\" \/>Vermeiden Sie Feuchtigkeit und bewahren Sie ihn an einem trockenen Ort auf. Leichte Verschmutzungen k\u00f6nnen mit einer weichen B\u00fcrste entfernt werden.<\/p>\n<p data-start=\"2686\" data-end=\"2846\"><strong data-start=\"2686\" data-end=\"2727\">5. Kann der Hut zur\u00fcckgegeben werden?<\/strong><br data-start=\"2727\" data-end=\"2730\" \/>Da es sich um eine Sonderanfertigung handelt, ist ein Umtausch nur bei Material- oder Herstellungsfehlern m\u00f6glich.<\/p>\n<\/div>\n<\/details>\n<\/div>\n","protected":false},"excerpt":{"rendered":"<h3 data-start=\"0\" data-end=\"91\"><strong data-start=\"4\" data-end=\"91\">Stil trifft auf handwerkliche Perfektion<\/strong><\/h3>\n<p data-start=\"93\" data-end=\"533\">Ein Tribut an zeitlose Eleganz und handgefertigte Exzellenz: Der <strong data-start=\"158\" data-end=\"192\">Sommerhut Trilby &#8220;woven lines&#8221;<\/strong> vereint stilvolles Design mit h\u00f6chster Handwerkskunst. Gefertigt aus 100% Weizenstroh, bietet dieser Hut eine luftige Leichtigkeit, ideal f\u00fcr warme Sommertage. Das gestreifte Hutband aus edlem Leinen setzt einen markanten Akzent, w\u00e4hrend der ikonische 1919 Risa Qualit\u00e4tsknopf die lange Tradition meisterlicher Hutmacherkunst unterstreicht.<\/p>\n<p>\u00a0<\/p>\n","protected":false},"featured_media":18426,"template":"","meta":{"_acf_changed":false,"rs_blank_template":"","rs_page_bg_color":"","slide_template_v7":""},"product_brand":[250],"product_cat":[275,600],"product_tag":[],"class_list":{"0":"post-18425","1":"product","2":"type-product","3":"status-publish","4":"has-post-thumbnail","6":"product_brand-risa-hutwerkstatt-schweiz","7":"product_cat-sommerhuete","8":"product_cat-trilby-sommerhuete","9":"product_shipping_class-mittlere-pakete","10":"pa_color-natur-blau","11":"pa_color-natur-orange","12":"pa_groesse-206","13":"pa_groesse-196","14":"pa_groesse-207","15":"pa_groesse-197","16":"pa_groesse-208","17":"pa_groesse-198","18":"pa_groesse-209","19":"pa_groesse-199","20":"pa_groesse-210","21":"yith_product_brand-risa-hutwerkstatt-schweiz","24":"instock","25":"featured","26":"taxable","27":"shipping-taxable","28":"purchasable","29":"product-type-variable","30":"wvs-archive-product-wrapper","31":"add-to-wishlist-after_add_to_cart"},"acf":[],"yoast_head":"<!-- This site is optimized with the Yoast SEO Premium plugin v27.3 (Yoast SEO v27.3) - https:\/\/yoast.com\/product\/yoast-seo-premium-wordpress\/ -->\n<title>Sommerhut<\/title>\n<meta name=\"robots\" content=\"index, follow, max-snippet:-1, max-image-preview:large, max-video-preview:-1\" \/>\n<link rel=\"canonical\" href=\"https:\/\/hutfactory.com\/?product=sommerhut-trilby-aus-stroh-woven-lines\" \/>\n<meta property=\"og:locale\" content=\"de_DE\" \/>\n<meta property=\"og:type\" content=\"article\" \/>\n<meta property=\"og:title\" content=\"Sommerhut Trilby aus Stroh &quot;Woven Lines&quot;\" \/>\n<meta property=\"og:description\" content=\"Stil trifft auf handwerkliche Perfektion Ein Tribut an zeitlose Eleganz und handgefertigte Exzellenz: Der Sommerhut Trilby &quot;woven lines&quot; vereint stilvolles Design mit h\u00f6chster Handwerkskunst. Gefertigt aus 100% Weizenstroh, bietet dieser Hut eine luftige Leichtigkeit, ideal f\u00fcr warme Sommertage. Das gestreifte Hutband aus edlem Leinen setzt einen markanten Akzent, w\u00e4hrend der ikonische 1919 Risa Qualit\u00e4tsknopf die lange Tradition meisterlicher Hutmacherkunst unterstreicht. \u00a0\" \/>\n<meta property=\"og:url\" content=\"https:\/\/hutfactory.com\/?product=sommerhut-trilby-aus-stroh-woven-lines\" \/>\n<meta property=\"og:site_name\" content=\"Hut Factory\" \/>\n<meta property=\"article:modified_time\" content=\"2026-03-10T10:31:07+00:00\" \/>\n<meta property=\"og:image\" content=\"https:\/\/hutfactory.com\/wp-content\/uploads\/2026\/03\/10402500.alle_.webp\" \/>\n\t<meta property=\"og:image:width\" content=\"750\" \/>\n\t<meta property=\"og:image:height\" content=\"750\" \/>\n\t<meta property=\"og:image:type\" content=\"image\/webp\" \/>\n<meta name=\"twitter:card\" content=\"summary_large_image\" \/>\n<meta name=\"twitter:label1\" content=\"Gesch\u00e4tzte Lesezeit\" \/>\n\t<meta name=\"twitter:data1\" content=\"3\u00a0Minuten\" \/>\n<script type=\"application\/ld+json\" class=\"yoast-schema-graph\">{\"@context\":\"https:\\\/\\\/schema.org\",\"@graph\":[{\"@type\":\"WebPage\",\"@id\":\"https:\\\/\\\/hutfactory.com\\\/?product=sommerhut-trilby-aus-stroh-woven-lines\",\"url\":\"https:\\\/\\\/hutfactory.com\\\/?product=sommerhut-trilby-aus-stroh-woven-lines\",\"name\":\"Sommerhut\",\"isPartOf\":{\"@id\":\"https:\\\/\\\/hutfactory.com\\\/#website\"},\"primaryImageOfPage\":{\"@id\":\"https:\\\/\\\/hutfactory.com\\\/?product=sommerhut-trilby-aus-stroh-woven-lines#primaryimage\"},\"image\":{\"@id\":\"https:\\\/\\\/hutfactory.com\\\/?product=sommerhut-trilby-aus-stroh-woven-lines#primaryimage\"},\"thumbnailUrl\":\"https:\\\/\\\/hutfactory.com\\\/wp-content\\\/uploads\\\/2026\\\/03\\\/10402500.alle_.webp\",\"datePublished\":\"2026-03-10T10:30:38+00:00\",\"dateModified\":\"2026-03-10T10:31:07+00:00\",\"breadcrumb\":{\"@id\":\"https:\\\/\\\/hutfactory.com\\\/?product=sommerhut-trilby-aus-stroh-woven-lines#breadcrumb\"},\"inLanguage\":\"de\",\"potentialAction\":[{\"@type\":\"ReadAction\",\"target\":[\"https:\\\/\\\/hutfactory.com\\\/?product=sommerhut-trilby-aus-stroh-woven-lines\"]}]},{\"@type\":\"ImageObject\",\"inLanguage\":\"de\",\"@id\":\"https:\\\/\\\/hutfactory.com\\\/?product=sommerhut-trilby-aus-stroh-woven-lines#primaryimage\",\"url\":\"https:\\\/\\\/hutfactory.com\\\/wp-content\\\/uploads\\\/2026\\\/03\\\/10402500.alle_.webp\",\"contentUrl\":\"https:\\\/\\\/hutfactory.com\\\/wp-content\\\/uploads\\\/2026\\\/03\\\/10402500.alle_.webp\",\"width\":750,\"height\":750,\"caption\":\"Sommerhut Trilby aus Stroh mit gestreiften Hutband|Sommerhut Trilby aus Stroh mit gestreiften Hutband Blau|Sommerhut Trilby aus Stroh mit gestreiften Hutband Sunset\"},{\"@type\":\"BreadcrumbList\",\"@id\":\"https:\\\/\\\/hutfactory.com\\\/?product=sommerhut-trilby-aus-stroh-woven-lines#breadcrumb\",\"itemListElement\":[{\"@type\":\"ListItem\",\"position\":1,\"name\":\"Start\",\"item\":\"https:\\\/\\\/hutfactory.com\\\/\"},{\"@type\":\"ListItem\",\"position\":2,\"name\":\"Shop\",\"item\":\"https:\\\/\\\/hutfactory.com\\\/?page_id=10\"},{\"@type\":\"ListItem\",\"position\":3,\"name\":\"Sommerhut Trilby aus Stroh &#8220;Woven Lines&#8221;\"}]},{\"@type\":\"WebSite\",\"@id\":\"https:\\\/\\\/hutfactory.com\\\/#website\",\"url\":\"https:\\\/\\\/hutfactory.com\\\/\",\"name\":\"Hut Factory\",\"description\":\"H\u00fcte, Kappen &amp; M\u00fctzen in Top Swiss\\\/EU Qualit\u00e4t\",\"publisher\":{\"@id\":\"https:\\\/\\\/hutfactory.com\\\/#organization\"},\"alternateName\":\"Hut Shop\",\"potentialAction\":[{\"@type\":\"SearchAction\",\"target\":{\"@type\":\"EntryPoint\",\"urlTemplate\":\"https:\\\/\\\/hutfactory.com\\\/?s={search_term_string}\"},\"query-input\":{\"@type\":\"PropertyValueSpecification\",\"valueRequired\":true,\"valueName\":\"search_term_string\"}}],\"inLanguage\":\"de\"},{\"@type\":\"Organization\",\"@id\":\"https:\\\/\\\/hutfactory.com\\\/#organization\",\"name\":\"Hut Factory\",\"url\":\"https:\\\/\\\/hutfactory.com\\\/\",\"logo\":{\"@type\":\"ImageObject\",\"inLanguage\":\"de\",\"@id\":\"https:\\\/\\\/hutfactory.com\\\/#\\\/schema\\\/logo\\\/image\\\/\",\"url\":\"https:\\\/\\\/hutfactory.com\\\/wp-content\\\/uploads\\\/2026\\\/01\\\/Logo-hut-factory-1.webp\",\"contentUrl\":\"https:\\\/\\\/hutfactory.com\\\/wp-content\\\/uploads\\\/2026\\\/01\\\/Logo-hut-factory-1.webp\",\"width\":300,\"height\":262,\"caption\":\"Hut Factory\"},\"image\":{\"@id\":\"https:\\\/\\\/hutfactory.com\\\/#\\\/schema\\\/logo\\\/image\\\/\"}}]}<\/script>\n<!-- \/ Yoast SEO Premium plugin. -->","yoast_head_json":{"title":"Sommerhut","robots":{"index":"index","follow":"follow","max-snippet":"max-snippet:-1","max-image-preview":"max-image-preview:large","max-video-preview":"max-video-preview:-1"},"canonical":"https:\/\/hutfactory.com\/?product=sommerhut-trilby-aus-stroh-woven-lines","og_locale":"de_DE","og_type":"article","og_title":"Sommerhut Trilby aus Stroh \"Woven Lines\"","og_description":"Stil trifft auf handwerkliche Perfektion Ein Tribut an zeitlose Eleganz und handgefertigte Exzellenz: Der Sommerhut Trilby \"woven lines\" vereint stilvolles Design mit h\u00f6chster Handwerkskunst. Gefertigt aus 100% Weizenstroh, bietet dieser Hut eine luftige Leichtigkeit, ideal f\u00fcr warme Sommertage. Das gestreifte Hutband aus edlem Leinen setzt einen markanten Akzent, w\u00e4hrend der ikonische 1919 Risa Qualit\u00e4tsknopf die lange Tradition meisterlicher Hutmacherkunst unterstreicht. \u00a0","og_url":"https:\/\/hutfactory.com\/?product=sommerhut-trilby-aus-stroh-woven-lines","og_site_name":"Hut Factory","article_modified_time":"2026-03-10T10:31:07+00:00","og_image":[{"width":750,"height":750,"url":"https:\/\/hutfactory.com\/wp-content\/uploads\/2026\/03\/10402500.alle_.webp","type":"image\/webp"}],"twitter_card":"summary_large_image","twitter_misc":{"Gesch\u00e4tzte Lesezeit":"3\u00a0Minuten"},"schema":{"@context":"https:\/\/schema.org","@graph":[{"@type":"WebPage","@id":"https:\/\/hutfactory.com\/?product=sommerhut-trilby-aus-stroh-woven-lines","url":"https:\/\/hutfactory.com\/?product=sommerhut-trilby-aus-stroh-woven-lines","name":"Sommerhut","isPartOf":{"@id":"https:\/\/hutfactory.com\/#website"},"primaryImageOfPage":{"@id":"https:\/\/hutfactory.com\/?product=sommerhut-trilby-aus-stroh-woven-lines#primaryimage"},"image":{"@id":"https:\/\/hutfactory.com\/?product=sommerhut-trilby-aus-stroh-woven-lines#primaryimage"},"thumbnailUrl":"https:\/\/hutfactory.com\/wp-content\/uploads\/2026\/03\/10402500.alle_.webp","datePublished":"2026-03-10T10:30:38+00:00","dateModified":"2026-03-10T10:31:07+00:00","breadcrumb":{"@id":"https:\/\/hutfactory.com\/?product=sommerhut-trilby-aus-stroh-woven-lines#breadcrumb"},"inLanguage":"de","potentialAction":[{"@type":"ReadAction","target":["https:\/\/hutfactory.com\/?product=sommerhut-trilby-aus-stroh-woven-lines"]}]},{"@type":"ImageObject","inLanguage":"de","@id":"https:\/\/hutfactory.com\/?product=sommerhut-trilby-aus-stroh-woven-lines#primaryimage","url":"https:\/\/hutfactory.com\/wp-content\/uploads\/2026\/03\/10402500.alle_.webp","contentUrl":"https:\/\/hutfactory.com\/wp-content\/uploads\/2026\/03\/10402500.alle_.webp","width":750,"height":750,"caption":"Sommerhut Trilby aus Stroh mit gestreiften Hutband|Sommerhut Trilby aus Stroh mit gestreiften Hutband Blau|Sommerhut Trilby aus Stroh mit gestreiften Hutband Sunset"},{"@type":"BreadcrumbList","@id":"https:\/\/hutfactory.com\/?product=sommerhut-trilby-aus-stroh-woven-lines#breadcrumb","itemListElement":[{"@type":"ListItem","position":1,"name":"Start","item":"https:\/\/hutfactory.com\/"},{"@type":"ListItem","position":2,"name":"Shop","item":"https:\/\/hutfactory.com\/?page_id=10"},{"@type":"ListItem","position":3,"name":"Sommerhut Trilby aus Stroh &#8220;Woven Lines&#8221;"}]},{"@type":"WebSite","@id":"https:\/\/hutfactory.com\/#website","url":"https:\/\/hutfactory.com\/","name":"Hut Factory","description":"H\u00fcte, Kappen &amp; M\u00fctzen in Top Swiss\/EU Qualit\u00e4t","publisher":{"@id":"https:\/\/hutfactory.com\/#organization"},"alternateName":"Hut Shop","potentialAction":[{"@type":"SearchAction","target":{"@type":"EntryPoint","urlTemplate":"https:\/\/hutfactory.com\/?s={search_term_string}"},"query-input":{"@type":"PropertyValueSpecification","valueRequired":true,"valueName":"search_term_string"}}],"inLanguage":"de"},{"@type":"Organization","@id":"https:\/\/hutfactory.com\/#organization","name":"Hut Factory","url":"https:\/\/hutfactory.com\/","logo":{"@type":"ImageObject","inLanguage":"de","@id":"https:\/\/hutfactory.com\/#\/schema\/logo\/image\/","url":"https:\/\/hutfactory.com\/wp-content\/uploads\/2026\/01\/Logo-hut-factory-1.webp","contentUrl":"https:\/\/hutfactory.com\/wp-content\/uploads\/2026\/01\/Logo-hut-factory-1.webp","width":300,"height":262,"caption":"Hut Factory"},"image":{"@id":"https:\/\/hutfactory.com\/#\/schema\/logo\/image\/"}}]}},"_links":{"self":[{"href":"https:\/\/hutfactory.com\/index.php?rest_route=\/wp\/v2\/product\/18425","targetHints":{"allow":["GET"]}}],"collection":[{"href":"https:\/\/hutfactory.com\/index.php?rest_route=\/wp\/v2\/product"}],"about":[{"href":"https:\/\/hutfactory.com\/index.php?rest_route=\/wp\/v2\/types\/product"}],"wp:featuredmedia":[{"embeddable":true,"href":"https:\/\/hutfactory.com\/index.php?rest_route=\/wp\/v2\/media\/18426"}],"wp:attachment":[{"href":"https:\/\/hutfactory.com\/index.php?rest_route=%2Fwp%2Fv2%2Fmedia&parent=18425"}],"wp:term":[{"taxonomy":"product_brand","embeddable":true,"href":"https:\/\/hutfactory.com\/index.php?rest_route=%2Fwp%2Fv2%2Fproduct_brand&post=18425"},{"taxonomy":"product_cat","embeddable":true,"href":"https:\/\/hutfactory.com\/index.php?rest_route=%2Fwp%2Fv2%2Fproduct_cat&post=18425"},{"taxonomy":"product_tag","embeddable":true,"href":"https:\/\/hutfactory.com\/index.php?rest_route=%2Fwp%2Fv2%2Fproduct_tag&post=18425"}],"curies":[{"name":"wp","href":"https:\/\/api.w.org\/{rel}","templated":true}]}}