{"id":18413,"date":"2026-03-10T10:30:38","date_gmt":"2026-03-10T10:30:38","guid":{"rendered":"https:\/\/hutfactory.com\/?product=sommerhut-fedora-traveler-raffia-strohschmuck"},"modified":"2026-03-10T10:31:07","modified_gmt":"2026-03-10T10:31:07","slug":"sommerhut-fedora-traveler-raffia-strohschmuck","status":"publish","type":"product","link":"https:\/\/hutfactory.com\/?product=sommerhut-fedora-traveler-raffia-strohschmuck","title":{"rendered":"Sommerhut Fedora Traveler Raffia &#8220;Strohschmuck&#8221;"},"content":{"rendered":"<h3 data-start=\"2750\" data-end=\"2773\"><strong data-start=\"3182\" data-end=\"3315\">Setzen Sie ein stilvolles Statement mit dem Fedora Traveler Raffia \u0096 ein Hut, der Sommerflair und Handwerkskunst perfekt vereint!<\/strong><\/h3>\n<p>Der <strong data-start=\"686\" data-end=\"730\">Sommerhut Fedora Traveler Raffia mit Strohschmuck<\/strong> \u00fcberzeugt durch sein <strong data-start=\"752\" data-end=\"799\">leichtes und atmungsaktives Raffia-Geflecht<\/strong>, das optimalen Tragekomfort an sonnigen Tagen garantiert. Mit seiner klassischen <strong data-start=\"881\" data-end=\"896\">Traveler-Hutform<\/strong>, der stilvollen Einbuchtung in der Krone und einer leicht nach unten gebogenen Krempe ist er ein echter Hingucker. Die handgefertigte Garnitur mit einem <strong data-start=\"1049\" data-end=\"1071\">Hutband aus Leinen<\/strong> in nat\u00fcrlichen Farbt\u00f6nen sowie den kunstvoll gestalteten <strong data-start=\"1129\" data-end=\"1148\">Stroh-Agrements<\/strong> und einem <strong data-start=\"1159\" data-end=\"1182\">Risa-Qualit\u00e4tsknopf<\/strong> runden das Design harmonisch ab.<\/p>\n<p data-start=\"2750\" data-end=\"2773\"><strong data-start=\"2755\" data-end=\"2773\">Perfekt f\u00fcr&#8230;<\/strong><\/p>\n<p data-start=\"2774\" data-end=\"3172\">?? <strong data-start=\"2777\" data-end=\"2800\">Sommerliche Anl\u00e4sse<\/strong> \u0096 Egal ob am Strand, beim Stadtbummel oder im Garten, dieser Hut verleiht jedem Outfit das gewisse Etwas.<br data-start=\"2906\" data-end=\"2909\" \/>?? <strong data-start=\"2912\" data-end=\"2931\">Elegante Events<\/strong> \u0096 Die raffinierte Gestaltung und hochwertigen Materialien machen ihn zu einem perfekten Begleiter f\u00fcr gehobene Anl\u00e4sse.<br data-start=\"3051\" data-end=\"3054\" \/>?? <strong data-start=\"3057\" data-end=\"3084\">Natur- und Modebewusste<\/strong> \u0096 F\u00fcr alle, die Wert auf nat\u00fcrliche Materialien und nachhaltige Handwerkskunst legen.<\/p>\n<div class=\"hf-accordions\">\n<hr class=\"hf-accordion-separator\" \/>\n<details class=\"hf-accordion\">\n<summary><strong>\u25b6\ufe0f Gut zu wissen \u2013 mehr erfahren<\/strong><\/summary>\n<div class=\"hf-accordion-content\">\n<h4 data-start=\"605\" data-end=\"638\"><strong data-start=\"610\" data-end=\"638\">igenschaften &#038; Details:<\/strong><\/h4>\n<ul data-start=\"639\" data-end=\"1354\">\n<li data-start=\"639\" data-end=\"710\"><strong data-start=\"641\" data-end=\"654\">Material:<\/strong> 100 % Raffiastroh \u0096 flexibel, leicht und atmungsaktiv<\/li>\n<li data-start=\"711\" data-end=\"797\"><strong data-start=\"713\" data-end=\"728\">Randbreite:<\/strong> 6.0 cm \u0096 idealer Sonnenschutz mit einer eleganten, dezenten Krempe<\/li>\n<li data-start=\"798\" data-end=\"868\"><strong data-start=\"800\" data-end=\"813\">Kopfh\u00f6he:<\/strong> 10.5 cm \u0096 klassische Fedora-Krone mit markanter Form<\/li>\n<li data-start=\"869\" data-end=\"1088\"><strong data-start=\"871\" data-end=\"882\">Farben:<\/strong>\n<ol data-start=\"887\" data-end=\"1088\">\n<li data-start=\"887\" data-end=\"987\"><strong data-start=\"890\" data-end=\"918\">Natur mit Faden hellblau<\/strong> \u0096 Hutband aus Leinen in Blau\/Natur mit kunstvollen Stroh-Agrements<\/li>\n<li data-start=\"990\" data-end=\"1088\"><strong data-start=\"993\" data-end=\"1017\">Natur mit Faden Wei\u00df<\/strong> \u0096 Hutband aus Leinen in Nougat\/Natur mit kunstvollen Stroh-Agrements<\/li>\n<\/ol>\n<\/li>\n<li data-start=\"1089\" data-end=\"1244\"><strong data-start=\"1091\" data-end=\"1104\">Garnitur:<\/strong> Hochwertiges <strong data-start=\"1118\" data-end=\"1140\">Hutband aus Leinen<\/strong> mit detailverliebten <strong data-start=\"1162\" data-end=\"1185\">Stroh-Applikationen<\/strong> und einem stilvollen <strong data-start=\"1207\" data-end=\"1242\">Qualit\u00e4tsknopf &#8220;Risa seit 1919&#8221;<\/strong><\/li>\n<li data-start=\"1245\" data-end=\"1332\"><strong data-start=\"1247\" data-end=\"1263\">Schwei\u00dfband:<\/strong> Eingearbeitetes <strong data-start=\"1280\" data-end=\"1299\">Textilinnenband<\/strong> f\u00fcr ein angenehmes Tragegef\u00fchl<\/li>\n<li data-start=\"1333\" data-end=\"1354\"><strong data-start=\"1335\" data-end=\"1346\">Gr\u00f6\u00dfen:<\/strong> 54-64<\/li>\n<\/ul>\n<h4 data-start=\"1356\" data-end=\"1386\"><strong data-start=\"1361\" data-end=\"1386\">Design &#038; Verarbeitung<\/strong><\/h4>\n<p data-start=\"1387\" data-end=\"1731\">Dieser Fedora-Hut beeindruckt mit seiner feinen Raffiabindung, die durch filigrane Farbdetails aufgewertet wird. Die leicht gebogene Krempe verleiht ihm eine klassische, aber dennoch moderne Optik. Ein besonderes Highlight ist das <strong data-start=\"1618\" data-end=\"1640\">dekorative Hutband<\/strong>, das durch feine Strohdetails erg\u00e4nzt wird \u0096 eine Hommage an traditionelle Handwerkskunst.<\/p>\n<h4 data-start=\"1733\" data-end=\"1770\"><strong data-start=\"1738\" data-end=\"1770\">Handgefertigt in der Schweiz<\/strong><\/h4>\n<p data-start=\"1771\" data-end=\"2000\">Dieses exklusive Modell wird individuell in der <strong data-start=\"1819\" data-end=\"1851\">Schweizer Hutmanufaktur Risa<\/strong> gefertigt. Dank jahrzehntelanger Erfahrung und traditioneller Verarbeitungstechniken entstehen hier <strong data-start=\"1952\" data-end=\"1997\">hochwertige, langlebige und zeitlose H\u00fcte<\/strong>.<\/p>\n<h4 data-start=\"2002\" data-end=\"2036\"><strong data-start=\"2007\" data-end=\"2036\">Nachhaltigkeit &#038; Qualit\u00e4t<\/strong><\/h4>\n<ul data-start=\"2037\" data-end=\"2448\">\n<li data-start=\"2037\" data-end=\"2187\"><strong data-start=\"2039\" data-end=\"2066\">Nat\u00fcrliche Materialien:<\/strong> Raffiastroh ist eine nachhaltige Wahl \u0096 es ist biologisch abbaubar, leicht und bietet eine nat\u00fcrliche Luftzirkulation.<\/li>\n<li data-start=\"2188\" data-end=\"2332\"><strong data-start=\"2190\" data-end=\"2217\">Handarbeit &#038; Tradition:<\/strong> Jeder Hut wird mit Sorgfalt und Liebe zum Detail hergestellt, um h\u00f6chsten Qualit\u00e4tsanspr\u00fcchen gerecht zu werden.<\/li>\n<li data-start=\"2333\" data-end=\"2448\"><strong data-start=\"2335\" data-end=\"2353\">Langlebigkeit:<\/strong> Der Hut ist robust verarbeitet und bietet eine lange Lebensdauer, wenn er gut gepflegt wird.<\/li>\n<\/ul>\n<h4 data-start=\"2450\" data-end=\"2480\"><strong data-start=\"2455\" data-end=\"2480\">Herstellung &#038; Versand<\/strong><\/h4>\n<ul data-start=\"2481\" data-end=\"2748\">\n<li data-start=\"2481\" data-end=\"2574\"><strong data-start=\"2483\" data-end=\"2512\">Fertigung auf Bestellung:<\/strong> Jeder Hut wird nach Bestelleingang in Handarbeit gefertigt.<\/li>\n<li data-start=\"2575\" data-end=\"2644\"><strong data-start=\"2577\" data-end=\"2598\">Herstellungszeit:<\/strong> 10 bis 15 Arbeitstage nach Zahlungseingang.<\/li>\n<li data-start=\"2645\" data-end=\"2748\"><strong data-start=\"2647\" data-end=\"2659\">Versand:<\/strong> Nach Fertigstellung erfolgt der Versand innerhalb weniger Tage direkt aus der Schweiz.<\/li>\n<\/ul>\n<\/div>\n<\/details>\n<details class=\"hf-accordion\">\n<summary><strong>\u25b6\ufe0f FAQ \u2013 H\u00e4ufige Fragen<\/strong><\/summary>\n<div class=\"hf-accordion-content\">\n<h3 data-start=\"0\" data-end=\"89\"><strong data-start=\"4\" data-end=\"89\">H\u00e4ufig gestellte Fragen (FAQ) \u0096 Sommerhut Fedora Traveler Raffia mit Strohschmuck<\/strong><\/h3>\n<p data-start=\"91\" data-end=\"238\">Hier finden Sie Antworten auf die h\u00e4ufigsten Fragen zu diesem besonderen Hutmodell. Falls Ihre Frage nicht dabei ist, kontaktieren Sie uns gerne!<\/p>\n<h3 data-start=\"245\" data-end=\"289\"><strong data-start=\"249\" data-end=\"287\">1. Welche Gr\u00f6\u00dfe sollte ich w\u00e4hlen?<\/strong><\/h3>\n<p data-start=\"290\" data-end=\"572\">Der Sommerhut Fedora Traveler Raffia ist in den Gr\u00f6\u00dfen <strong data-start=\"345\" data-end=\"358\">54 bis 64<\/strong> erh\u00e4ltlich. Um die richtige Gr\u00f6\u00dfe zu ermitteln, messen Sie Ihren Kopfumfang an der breitesten Stelle (etwa 1 cm \u00fcber den Ohren und Augenbrauen). Unsere Gr\u00f6\u00dfentabelle hilft Ihnen, die passende Hutgr\u00f6\u00dfe zu finden.<\/p>\n<h3 data-start=\"579\" data-end=\"636\"><strong data-start=\"583\" data-end=\"634\">2. Ist der Hut f\u00fcr hei\u00dfe Temperaturen geeignet?<\/strong><\/h3>\n<p data-start=\"637\" data-end=\"897\">Ja! Dank des <strong data-start=\"650\" data-end=\"675\">luftigen Raffiastrohs<\/strong> ist dieser Hut besonders atmungsaktiv und bietet einen <strong data-start=\"731\" data-end=\"766\">angenehmen Schutz vor der Sonne<\/strong>. Die leichte Struktur sorgt f\u00fcr eine optimale Luftzirkulation, sodass der Hut auch an hei\u00dfen Sommertagen angenehm zu tragen ist.<\/p>\n<h3 data-start=\"904\" data-end=\"960\"><strong data-start=\"908\" data-end=\"958\">3. Ist der Fedora Traveler Raffia wasserdicht?<\/strong><\/h3>\n<p data-start=\"961\" data-end=\"1236\">Nein. Da der Hut aus <strong data-start=\"982\" data-end=\"1004\">100 % Natur-Raffia<\/strong> gefertigt ist, sollte er <strong data-start=\"1030\" data-end=\"1083\">vor Regen oder \u00fcberm\u00e4\u00dfiger Feuchtigkeit gesch\u00fctzt<\/strong> werden. Falls der Hut nass wird, lassen Sie ihn an der Luft trocknen \u0096 <strong data-start=\"1155\" data-end=\"1203\">nicht auf der Heizung oder in direkter Sonne<\/strong>, um Verformungen zu vermeiden.<\/p>\n<h3 data-start=\"1243\" data-end=\"1286\"><strong data-start=\"1247\" data-end=\"1284\">4. Wie kann ich den Hut reinigen?<\/strong><\/h3>\n<p data-start=\"1287\" data-end=\"1597\">F\u00fcr eine lange Lebensdauer empfehlen wir:<br data-start=\"1328\" data-end=\"1331\" \/>? <strong data-start=\"1333\" data-end=\"1371\">Staub oder leichte Verschmutzungen<\/strong> mit einer weichen B\u00fcrste oder einem trockenen Tuch entfernen.<br data-start=\"1433\" data-end=\"1436\" \/>? <strong data-start=\"1438\" data-end=\"1506\">Flecken vorsichtig mit einem leicht angefeuchteten Tuch abtupfen<\/strong> (kein Reiben!).<br data-start=\"1522\" data-end=\"1525\" \/>? <strong data-start=\"1527\" data-end=\"1584\">Keine Maschinenw\u00e4sche oder chemische Reinigungsmittel<\/strong> verwenden.<\/p>\n<h3 data-start=\"1604\" data-end=\"1657\"><strong data-start=\"1608\" data-end=\"1655\">5. Ist der Hut knautschbar oder formstabil?<\/strong><\/h3>\n<p data-start=\"1658\" data-end=\"1962\">Dieses Modell ist <strong data-start=\"1676\" data-end=\"1697\">nicht knautschbar<\/strong> \u0096 die Raffia-Faser ist zwar flexibel, beh\u00e4lt aber ihre Form am besten, wenn der Hut sorgsam behandelt und nicht zusammengedr\u00fcckt wird. Bewahren Sie den Hut idealerweise auf einem <strong data-start=\"1877\" data-end=\"1918\">Hutst\u00e4nder oder in einer Hutschachtel<\/strong> auf, um ihn vor Verformungen zu sch\u00fctzen.<\/p>\n<h3 data-start=\"1969\" data-end=\"2027\"><strong data-start=\"1973\" data-end=\"2025\">6. Kann ich den Hut zur\u00fcckgeben oder umtauschen?<\/strong><\/h3>\n<p data-start=\"2028\" data-end=\"2295\">Da dieser Hut <strong data-start=\"2042\" data-end=\"2074\">auf Bestellung handgefertigt<\/strong> wird, ist ein Umtausch oder eine R\u00fcckgabe <strong data-start=\"2117\" data-end=\"2163\">nur bei Material- oder Herstellungsfehlern<\/strong> m\u00f6glich. Bitte pr\u00fcfen Sie vor der Bestellung Ihre Hutgr\u00f6\u00dfe sorgf\u00e4ltig, da ein Umtausch aus technischen Gr\u00fcnden nicht m\u00f6glich ist.<\/p>\n<h3 data-start=\"2302\" data-end=\"2364\"><strong data-start=\"2306\" data-end=\"2362\">7. Wie lange dauert die Herstellung und der Versand?<\/strong><\/h3>\n<ul data-start=\"2365\" data-end=\"2639\">\n<li data-start=\"2365\" data-end=\"2539\"><strong data-start=\"2367\" data-end=\"2383\">Herstellung:<\/strong> Da jeder Hut individuell in der Schweizer Hutmanufaktur Risa gefertigt wird, betr\u00e4gt die <strong data-start=\"2473\" data-end=\"2515\">Herstellungszeit 10 bis 15 Arbeitstage<\/strong> nach Zahlungseingang.<\/li>\n<li data-start=\"2540\" data-end=\"2639\"><strong data-start=\"2542\" data-end=\"2554\">Versand:<\/strong> Nach Fertigstellung wird der Hut innerhalb weniger Tage aus der Schweiz versendet.<\/li>\n<\/ul>\n<h3 data-start=\"2646\" data-end=\"2682\"><strong data-start=\"2650\" data-end=\"2680\">8. Ist der Hut nachhaltig?<\/strong><\/h3>\n<p data-start=\"2683\" data-end=\"2913\">Ja! Der Fedora Traveler Raffia besteht aus <strong data-start=\"2726\" data-end=\"2759\">100 % nat\u00fcrlichem Raffiastroh<\/strong>, einem biologisch abbaubaren Material. Au\u00dferdem wird er <strong data-start=\"2816\" data-end=\"2858\">in traditioneller Handarbeit gefertigt<\/strong>, was eine ressourcenschonende Produktion erm\u00f6glicht.<\/p>\n<h3 data-start=\"2920\" data-end=\"2978\"><strong data-start=\"2924\" data-end=\"2976\">9. Kann ich den Hut individuell anpassen lassen?<\/strong><\/h3>\n<p data-start=\"2979\" data-end=\"3146\">Kleine Anpassungen, wie die Wahl der <strong data-start=\"3016\" data-end=\"3059\">Hutbandfarbe oder spezieller Garnituren<\/strong>, sind je nach Verf\u00fcgbarkeit m\u00f6glich. Kontaktieren Sie uns f\u00fcr individuelle Anfragen!<\/p>\n<h3 data-start=\"3153\" data-end=\"3210\"><strong data-start=\"3157\" data-end=\"3208\">10. Ist der Hut f\u00fcr M\u00e4nner und Frauen geeignet?<\/strong><\/h3>\n<p data-start=\"3211\" data-end=\"3444\">Ja, der <strong data-start=\"3219\" data-end=\"3245\">Fedora Traveler Raffia<\/strong> ist ein <strong data-start=\"3254\" data-end=\"3271\">Unisex-Modell<\/strong>, das sowohl von M\u00e4nnern als auch Frauen getragen werden kann. Die Kombination aus nat\u00fcrlichen Materialien und der klassischen Fedora-Form macht ihn vielseitig einsetzbar.<\/p>\n<\/div>\n<\/details>\n<\/div>\n","protected":false},"excerpt":{"rendered":"<h3 data-start=\"115\" data-end=\"230\"><strong data-start=\"119\" data-end=\"230\">Handgefertigtes Naturdesign f\u00fcr stilvolle Sommermomente<\/strong><\/h3>\n<p data-start=\"234\" data-end=\"603\">Ein Sommerhut, der Nat\u00fcrlichkeit und Eleganz in perfekter Balance vereint: Der <strong data-start=\"313\" data-end=\"339\">Fedora Traveler Raffia<\/strong> besteht aus hochwertigem <strong data-start=\"365\" data-end=\"386\">100 % Raffiastroh<\/strong>, das f\u00fcr seine luftige Struktur und seinen angenehm leichten Tragekomfort bekannt ist. Dieses edle Modell kombiniert zeitlosen Stil mit feinster Handwerkskunst und sorgt f\u00fcr einen stilvollen Schutz an sonnigen Tagen.<\/p>\n","protected":false},"featured_media":18414,"template":"","meta":{"_acf_changed":false,"rs_blank_template":"","rs_page_bg_color":"","slide_template_v7":""},"product_brand":[250],"product_cat":[275,612],"product_tag":[],"class_list":{"0":"post-18413","1":"product","2":"type-product","3":"status-publish","4":"has-post-thumbnail","6":"product_brand-risa-hutwerkstatt-schweiz","7":"product_cat-sommerhuete","8":"product_cat-traveler-sommerhuete","9":"product_shipping_class-mittlere-pakete","10":"pa_color-natur-faden-hellblau","11":"pa_color-natur-faden-weiss","12":"pa_groesse-206","13":"pa_groesse-196","14":"pa_groesse-207","15":"pa_groesse-197","16":"pa_groesse-208","17":"pa_groesse-198","18":"pa_groesse-209","19":"pa_groesse-199","20":"pa_groesse-210","21":"pa_groesse-213","22":"pa_groesse-401","23":"yith_product_brand-risa-hutwerkstatt-schweiz","26":"instock","27":"featured","28":"taxable","29":"shipping-taxable","30":"purchasable","31":"product-type-variable","32":"wvs-archive-product-wrapper","33":"add-to-wishlist-after_add_to_cart"},"acf":[],"yoast_head":"<!-- This site is optimized with the Yoast SEO Premium plugin v27.3 (Yoast SEO v27.3) - https:\/\/yoast.com\/product\/yoast-seo-premium-wordpress\/ -->\n<title>Sommerhut Traveler Raffia \u0096 Leicht &amp; stilvoll f\u00fcr den Sommer<\/title>\n<meta name=\"description\" content=\"Handgefertigter Raffia-Traveler Hut aus der Schweiz mit edler Garnitur. Leicht, stilvoll &amp; perfekt der Sommerhut mit Strohschmuck f\u00fcr hei\u00dfe Tage!\" \/>\n<meta name=\"robots\" content=\"index, follow, max-snippet:-1, max-image-preview:large, max-video-preview:-1\" \/>\n<link rel=\"canonical\" href=\"https:\/\/hutfactory.com\/?product=sommerhut-fedora-traveler-raffia-strohschmuck\" \/>\n<meta property=\"og:locale\" content=\"de_DE\" \/>\n<meta property=\"og:type\" content=\"article\" \/>\n<meta property=\"og:title\" content=\"Sommerhut Fedora Traveler Raffia &quot;Strohschmuck&quot;\" \/>\n<meta property=\"og:description\" content=\"Handgefertigter Raffia-Traveler Hut aus der Schweiz mit edler Garnitur. Leicht, stilvoll &amp; perfekt der Sommerhut mit Strohschmuck f\u00fcr hei\u00dfe Tage!\" \/>\n<meta property=\"og:url\" content=\"https:\/\/hutfactory.com\/?product=sommerhut-fedora-traveler-raffia-strohschmuck\" \/>\n<meta property=\"og:site_name\" content=\"Hut Factory\" \/>\n<meta property=\"article:modified_time\" content=\"2026-03-10T10:31:07+00:00\" \/>\n<meta property=\"og:image\" content=\"https:\/\/hutfactory.com\/wp-content\/uploads\/2026\/03\/41306000.alle_.webp\" \/>\n\t<meta property=\"og:image:width\" content=\"750\" \/>\n\t<meta property=\"og:image:height\" content=\"750\" \/>\n\t<meta property=\"og:image:type\" content=\"image\/webp\" \/>\n<meta name=\"twitter:card\" content=\"summary_large_image\" \/>\n<meta name=\"twitter:label1\" content=\"Gesch\u00e4tzte Lesezeit\" \/>\n\t<meta name=\"twitter:data1\" content=\"4\u00a0Minuten\" \/>\n<script type=\"application\/ld+json\" class=\"yoast-schema-graph\">{\"@context\":\"https:\\\/\\\/schema.org\",\"@graph\":[{\"@type\":\"WebPage\",\"@id\":\"https:\\\/\\\/hutfactory.com\\\/?product=sommerhut-fedora-traveler-raffia-strohschmuck\",\"url\":\"https:\\\/\\\/hutfactory.com\\\/?product=sommerhut-fedora-traveler-raffia-strohschmuck\",\"name\":\"Sommerhut Traveler Raffia \u0096 Leicht & stilvoll f\u00fcr den Sommer\",\"isPartOf\":{\"@id\":\"https:\\\/\\\/hutfactory.com\\\/#website\"},\"primaryImageOfPage\":{\"@id\":\"https:\\\/\\\/hutfactory.com\\\/?product=sommerhut-fedora-traveler-raffia-strohschmuck#primaryimage\"},\"image\":{\"@id\":\"https:\\\/\\\/hutfactory.com\\\/?product=sommerhut-fedora-traveler-raffia-strohschmuck#primaryimage\"},\"thumbnailUrl\":\"https:\\\/\\\/hutfactory.com\\\/wp-content\\\/uploads\\\/2026\\\/03\\\/41306000.alle_.webp\",\"datePublished\":\"2026-03-10T10:30:38+00:00\",\"dateModified\":\"2026-03-10T10:31:07+00:00\",\"description\":\"Handgefertigter Raffia-Traveler Hut aus der Schweiz mit edler Garnitur. Leicht, stilvoll & perfekt der Sommerhut mit Strohschmuck f\u00fcr hei\u00dfe Tage!\",\"breadcrumb\":{\"@id\":\"https:\\\/\\\/hutfactory.com\\\/?product=sommerhut-fedora-traveler-raffia-strohschmuck#breadcrumb\"},\"inLanguage\":\"de\",\"potentialAction\":[{\"@type\":\"ReadAction\",\"target\":[\"https:\\\/\\\/hutfactory.com\\\/?product=sommerhut-fedora-traveler-raffia-strohschmuck\"]}]},{\"@type\":\"ImageObject\",\"inLanguage\":\"de\",\"@id\":\"https:\\\/\\\/hutfactory.com\\\/?product=sommerhut-fedora-traveler-raffia-strohschmuck#primaryimage\",\"url\":\"https:\\\/\\\/hutfactory.com\\\/wp-content\\\/uploads\\\/2026\\\/03\\\/41306000.alle_.webp\",\"contentUrl\":\"https:\\\/\\\/hutfactory.com\\\/wp-content\\\/uploads\\\/2026\\\/03\\\/41306000.alle_.webp\",\"width\":750,\"height\":750,\"caption\":\"Sommerhut Fedora Traveler Raffia mit Strohschmuck |Sommerhut Fedora Traveler Raffia mit Strohschmuck Hutband in Nougat\\\/Natur|Sommerhut Fedora Traveler Raffia mit Strohschmuck Hutband in Hellblau\\\/Natur\"},{\"@type\":\"BreadcrumbList\",\"@id\":\"https:\\\/\\\/hutfactory.com\\\/?product=sommerhut-fedora-traveler-raffia-strohschmuck#breadcrumb\",\"itemListElement\":[{\"@type\":\"ListItem\",\"position\":1,\"name\":\"Start\",\"item\":\"https:\\\/\\\/hutfactory.com\\\/\"},{\"@type\":\"ListItem\",\"position\":2,\"name\":\"Shop\",\"item\":\"https:\\\/\\\/hutfactory.com\\\/?page_id=10\"},{\"@type\":\"ListItem\",\"position\":3,\"name\":\"Sommerhut Fedora Traveler Raffia &#8220;Strohschmuck&#8221;\"}]},{\"@type\":\"WebSite\",\"@id\":\"https:\\\/\\\/hutfactory.com\\\/#website\",\"url\":\"https:\\\/\\\/hutfactory.com\\\/\",\"name\":\"Hut Factory\",\"description\":\"H\u00fcte, Kappen &amp; M\u00fctzen in Top Swiss\\\/EU Qualit\u00e4t\",\"publisher\":{\"@id\":\"https:\\\/\\\/hutfactory.com\\\/#organization\"},\"alternateName\":\"Hut Shop\",\"potentialAction\":[{\"@type\":\"SearchAction\",\"target\":{\"@type\":\"EntryPoint\",\"urlTemplate\":\"https:\\\/\\\/hutfactory.com\\\/?s={search_term_string}\"},\"query-input\":{\"@type\":\"PropertyValueSpecification\",\"valueRequired\":true,\"valueName\":\"search_term_string\"}}],\"inLanguage\":\"de\"},{\"@type\":\"Organization\",\"@id\":\"https:\\\/\\\/hutfactory.com\\\/#organization\",\"name\":\"Hut Factory\",\"url\":\"https:\\\/\\\/hutfactory.com\\\/\",\"logo\":{\"@type\":\"ImageObject\",\"inLanguage\":\"de\",\"@id\":\"https:\\\/\\\/hutfactory.com\\\/#\\\/schema\\\/logo\\\/image\\\/\",\"url\":\"https:\\\/\\\/hutfactory.com\\\/wp-content\\\/uploads\\\/2026\\\/01\\\/Logo-hut-factory-1.webp\",\"contentUrl\":\"https:\\\/\\\/hutfactory.com\\\/wp-content\\\/uploads\\\/2026\\\/01\\\/Logo-hut-factory-1.webp\",\"width\":300,\"height\":262,\"caption\":\"Hut Factory\"},\"image\":{\"@id\":\"https:\\\/\\\/hutfactory.com\\\/#\\\/schema\\\/logo\\\/image\\\/\"}}]}<\/script>\n<!-- \/ Yoast SEO Premium plugin. -->","yoast_head_json":{"title":"Sommerhut Traveler Raffia \u0096 Leicht & stilvoll f\u00fcr den Sommer","description":"Handgefertigter Raffia-Traveler Hut aus der Schweiz mit edler Garnitur. Leicht, stilvoll & perfekt der Sommerhut mit Strohschmuck f\u00fcr hei\u00dfe Tage!","robots":{"index":"index","follow":"follow","max-snippet":"max-snippet:-1","max-image-preview":"max-image-preview:large","max-video-preview":"max-video-preview:-1"},"canonical":"https:\/\/hutfactory.com\/?product=sommerhut-fedora-traveler-raffia-strohschmuck","og_locale":"de_DE","og_type":"article","og_title":"Sommerhut Fedora Traveler Raffia \"Strohschmuck\"","og_description":"Handgefertigter Raffia-Traveler Hut aus der Schweiz mit edler Garnitur. Leicht, stilvoll & perfekt der Sommerhut mit Strohschmuck f\u00fcr hei\u00dfe Tage!","og_url":"https:\/\/hutfactory.com\/?product=sommerhut-fedora-traveler-raffia-strohschmuck","og_site_name":"Hut Factory","article_modified_time":"2026-03-10T10:31:07+00:00","og_image":[{"width":750,"height":750,"url":"https:\/\/hutfactory.com\/wp-content\/uploads\/2026\/03\/41306000.alle_.webp","type":"image\/webp"}],"twitter_card":"summary_large_image","twitter_misc":{"Gesch\u00e4tzte Lesezeit":"4\u00a0Minuten"},"schema":{"@context":"https:\/\/schema.org","@graph":[{"@type":"WebPage","@id":"https:\/\/hutfactory.com\/?product=sommerhut-fedora-traveler-raffia-strohschmuck","url":"https:\/\/hutfactory.com\/?product=sommerhut-fedora-traveler-raffia-strohschmuck","name":"Sommerhut Traveler Raffia \u0096 Leicht & stilvoll f\u00fcr den Sommer","isPartOf":{"@id":"https:\/\/hutfactory.com\/#website"},"primaryImageOfPage":{"@id":"https:\/\/hutfactory.com\/?product=sommerhut-fedora-traveler-raffia-strohschmuck#primaryimage"},"image":{"@id":"https:\/\/hutfactory.com\/?product=sommerhut-fedora-traveler-raffia-strohschmuck#primaryimage"},"thumbnailUrl":"https:\/\/hutfactory.com\/wp-content\/uploads\/2026\/03\/41306000.alle_.webp","datePublished":"2026-03-10T10:30:38+00:00","dateModified":"2026-03-10T10:31:07+00:00","description":"Handgefertigter Raffia-Traveler Hut aus der Schweiz mit edler Garnitur. Leicht, stilvoll & perfekt der Sommerhut mit Strohschmuck f\u00fcr hei\u00dfe Tage!","breadcrumb":{"@id":"https:\/\/hutfactory.com\/?product=sommerhut-fedora-traveler-raffia-strohschmuck#breadcrumb"},"inLanguage":"de","potentialAction":[{"@type":"ReadAction","target":["https:\/\/hutfactory.com\/?product=sommerhut-fedora-traveler-raffia-strohschmuck"]}]},{"@type":"ImageObject","inLanguage":"de","@id":"https:\/\/hutfactory.com\/?product=sommerhut-fedora-traveler-raffia-strohschmuck#primaryimage","url":"https:\/\/hutfactory.com\/wp-content\/uploads\/2026\/03\/41306000.alle_.webp","contentUrl":"https:\/\/hutfactory.com\/wp-content\/uploads\/2026\/03\/41306000.alle_.webp","width":750,"height":750,"caption":"Sommerhut Fedora Traveler Raffia mit Strohschmuck |Sommerhut Fedora Traveler Raffia mit Strohschmuck Hutband in Nougat\/Natur|Sommerhut Fedora Traveler Raffia mit Strohschmuck Hutband in Hellblau\/Natur"},{"@type":"BreadcrumbList","@id":"https:\/\/hutfactory.com\/?product=sommerhut-fedora-traveler-raffia-strohschmuck#breadcrumb","itemListElement":[{"@type":"ListItem","position":1,"name":"Start","item":"https:\/\/hutfactory.com\/"},{"@type":"ListItem","position":2,"name":"Shop","item":"https:\/\/hutfactory.com\/?page_id=10"},{"@type":"ListItem","position":3,"name":"Sommerhut Fedora Traveler Raffia &#8220;Strohschmuck&#8221;"}]},{"@type":"WebSite","@id":"https:\/\/hutfactory.com\/#website","url":"https:\/\/hutfactory.com\/","name":"Hut Factory","description":"H\u00fcte, Kappen &amp; M\u00fctzen in Top Swiss\/EU Qualit\u00e4t","publisher":{"@id":"https:\/\/hutfactory.com\/#organization"},"alternateName":"Hut Shop","potentialAction":[{"@type":"SearchAction","target":{"@type":"EntryPoint","urlTemplate":"https:\/\/hutfactory.com\/?s={search_term_string}"},"query-input":{"@type":"PropertyValueSpecification","valueRequired":true,"valueName":"search_term_string"}}],"inLanguage":"de"},{"@type":"Organization","@id":"https:\/\/hutfactory.com\/#organization","name":"Hut Factory","url":"https:\/\/hutfactory.com\/","logo":{"@type":"ImageObject","inLanguage":"de","@id":"https:\/\/hutfactory.com\/#\/schema\/logo\/image\/","url":"https:\/\/hutfactory.com\/wp-content\/uploads\/2026\/01\/Logo-hut-factory-1.webp","contentUrl":"https:\/\/hutfactory.com\/wp-content\/uploads\/2026\/01\/Logo-hut-factory-1.webp","width":300,"height":262,"caption":"Hut Factory"},"image":{"@id":"https:\/\/hutfactory.com\/#\/schema\/logo\/image\/"}}]}},"_links":{"self":[{"href":"https:\/\/hutfactory.com\/index.php?rest_route=\/wp\/v2\/product\/18413","targetHints":{"allow":["GET"]}}],"collection":[{"href":"https:\/\/hutfactory.com\/index.php?rest_route=\/wp\/v2\/product"}],"about":[{"href":"https:\/\/hutfactory.com\/index.php?rest_route=\/wp\/v2\/types\/product"}],"wp:featuredmedia":[{"embeddable":true,"href":"https:\/\/hutfactory.com\/index.php?rest_route=\/wp\/v2\/media\/18414"}],"wp:attachment":[{"href":"https:\/\/hutfactory.com\/index.php?rest_route=%2Fwp%2Fv2%2Fmedia&parent=18413"}],"wp:term":[{"taxonomy":"product_brand","embeddable":true,"href":"https:\/\/hutfactory.com\/index.php?rest_route=%2Fwp%2Fv2%2Fproduct_brand&post=18413"},{"taxonomy":"product_cat","embeddable":true,"href":"https:\/\/hutfactory.com\/index.php?rest_route=%2Fwp%2Fv2%2Fproduct_cat&post=18413"},{"taxonomy":"product_tag","embeddable":true,"href":"https:\/\/hutfactory.com\/index.php?rest_route=%2Fwp%2Fv2%2Fproduct_tag&post=18413"}],"curies":[{"name":"wp","href":"https:\/\/api.w.org\/{rel}","templated":true}]}}