{"id":18405,"date":"2026-03-10T10:30:38","date_gmt":"2026-03-10T10:30:38","guid":{"rendered":"https:\/\/hutfactory.com\/?product=damen-aufschlaghut-raffia-strohschmuck"},"modified":"2026-03-10T10:31:07","modified_gmt":"2026-03-10T10:31:07","slug":"damen-aufschlaghut-raffia-strohschmuck","status":"publish","type":"product","link":"https:\/\/hutfactory.com\/?product=damen-aufschlaghut-raffia-strohschmuck","title":{"rendered":"Damen Aufschlaghut Raffia &#8220;Strohschmuck&#8221;"},"content":{"rendered":"<h3 data-start=\"671\" data-end=\"713\"><strong data-start=\"675\" data-end=\"711\">Ausf\u00fchrliche Produktbeschreibung<\/strong><\/h3>\n<p data-start=\"714\" data-end=\"1034\">Mit seinem <strong data-start=\"725\" data-end=\"748\">6,5 cm breiten Rand<\/strong>, der stilvoll aufgeschlagen werden kann, bietet der <strong data-start=\"801\" data-end=\"845\">Damen Aufschlaghut Raffia \u0084Strohschmuck\u0093<\/strong> einen eleganten Sonnenschutz und eine charmante Silhouette. Die <strong data-start=\"910\" data-end=\"932\">zylindrische Krone<\/strong> mit einer <strong data-start=\"943\" data-end=\"961\">H\u00f6he von 11 cm<\/strong> unterstreicht die klassische Form und sorgt f\u00fcr einen angenehmen Sitz.<\/p>\n<p data-start=\"1036\" data-end=\"1310\">Die feine Raffia-Flechtung sorgt nicht nur f\u00fcr eine <strong data-start=\"1088\" data-end=\"1129\">nat\u00fcrliche und atmungsaktive Struktur<\/strong>, sondern auch f\u00fcr eine besonders leichte Haptik. Der Hut schmiegt sich angenehm an den Kopf an, w\u00e4hrend das <strong data-start=\"1238\" data-end=\"1271\">eingen\u00e4hte Textil-Schwei\u00dfband<\/strong> f\u00fcr zus\u00e4tzlichen Tragekomfort sorgt.<\/p>\n<p data-start=\"1312\" data-end=\"1574\">Ein besonderes Highlight ist das <strong data-start=\"1345\" data-end=\"1371\">hochwertige Leinenband<\/strong>, das je nach Variante in <strong data-start=\"1397\" data-end=\"1430\">hellblau\/wei\u00df oder natur\/wei\u00df<\/strong> erh\u00e4ltlich ist. Erg\u00e4nzt durch <strong data-start=\"1461\" data-end=\"1516\">kunstvolle Stroh-Agrements und den edlen Risa-Knopf<\/strong>, hebt sich dieses Modell durch seine feinen Details ab.\u00a0Jeder Hut wird in der <strong data-start=\"1598\" data-end=\"1652\">Schweizer Hutmanufaktur Risa individuell gefertigt<\/strong> und vereint h\u00f6chste Handwerkskunst mit nachhaltigen Materialien.<\/p>\n<p data-start=\"2750\" data-end=\"2773\"><strong data-start=\"2755\" data-end=\"2773\">Perfekt f\u00fcr&#8230;<\/strong><\/p>\n<p data-start=\"2774\" data-end=\"3172\">?? <strong data-start=\"2777\" data-end=\"2800\">Sommerliche Anl\u00e4sse<\/strong> \u0096 Egal ob am Strand, beim Stadtbummel oder im Garten, dieser Damenhut verleiht jedem Outfit das gewisse Etwas.<br data-start=\"2906\" data-end=\"2909\" \/>?? <strong data-start=\"2912\" data-end=\"2931\">Elegante Events<\/strong> \u0096 Die raffinierte Gestaltung und hochwertigen Materialien machen ihn zu einem perfekten Begleiter f\u00fcr gehobene Anl\u00e4sse.<br data-start=\"3051\" data-end=\"3054\" \/>?? <strong data-start=\"3057\" data-end=\"3084\">Natur- und Modebewusste<\/strong> \u0096 F\u00fcr alle, die Wert auf nat\u00fcrliche Materialien und nachhaltige Handwerkskunst legen.<\/p>\n<div class=\"hf-accordions\">\n<hr class=\"hf-accordion-separator\" \/>\n<details class=\"hf-accordion\">\n<summary><strong>\u25b6\ufe0f Gut zu wissen \u2013 mehr erfahren<\/strong><\/summary>\n<div class=\"hf-accordion-content\">\n<h3 data-start=\"1726\" data-end=\"1759\"><strong data-start=\"1730\" data-end=\"1757\">Wichtige Produktdetails<\/strong><\/h3>\n<h4 data-start=\"1761\" data-end=\"1789\"><strong data-start=\"1766\" data-end=\"1787\">Material &#038; Design<\/strong><\/h4>\n<ul data-start=\"1790\" data-end=\"2368\">\n<li data-start=\"1790\" data-end=\"1854\"><strong data-start=\"1792\" data-end=\"1805\">Material:<\/strong> 100 % Raffia \u0096 leicht, flexibel &#038; atmungsaktiv<\/li>\n<li data-start=\"1855\" data-end=\"1914\"><strong data-start=\"1857\" data-end=\"1869\">Hutform:<\/strong> Zylindrische Krone mit aufschlagbarem Rand<\/li>\n<li data-start=\"1915\" data-end=\"1968\"><strong data-start=\"1917\" data-end=\"1932\">Randbreite:<\/strong> 6,5 cm f\u00fcr optimalen Sonnenschutz<\/li>\n<li data-start=\"1969\" data-end=\"2021\"><strong data-start=\"1971\" data-end=\"1984\">Kopfh\u00f6he:<\/strong> 11 cm f\u00fcr eine elegante Proportion<\/li>\n<li data-start=\"2022\" data-end=\"2043\"><strong data-start=\"2024\" data-end=\"2035\">Gr\u00f6\u00dfen:<\/strong> 54-62<\/li>\n<li data-start=\"2044\" data-end=\"2121\"><strong data-start=\"2046\" data-end=\"2057\">Farben:<\/strong>\n<ul data-start=\"2062\" data-end=\"2121\">\n<li data-start=\"2062\" data-end=\"2092\">Natur mit hellblauem Faden<\/li>\n<li data-start=\"2095\" data-end=\"2121\">Natur mit wei\u00dfem Faden<\/li>\n<\/ul>\n<\/li>\n<li data-start=\"2122\" data-end=\"2274\"><strong data-start=\"2124\" data-end=\"2137\">Garnitur:<\/strong>\n<ul data-start=\"2142\" data-end=\"2274\">\n<li data-start=\"2142\" data-end=\"2213\"><strong data-start=\"2144\" data-end=\"2181\">Leinenband in zwei Farbvarianten:<\/strong> hellblau\/wei\u00df oder natur\/wei\u00df<\/li>\n<li data-start=\"2216\" data-end=\"2274\"><strong data-start=\"2218\" data-end=\"2272\">Dekorative Stroh-Agrements mit Risa-Qualit\u00e4tsknopf<\/strong><\/li>\n<\/ul>\n<\/li>\n<li data-start=\"2275\" data-end=\"2368\"><strong data-start=\"2277\" data-end=\"2293\">Schwei\u00dfband:<\/strong> <strong data-start=\"2294\" data-end=\"2326\">Hochwertiges Textilinnenband<\/strong>, sauber eingen\u00e4ht f\u00fcr maximalen Komfort<\/li>\n<\/ul>\n<h4 data-start=\"2370\" data-end=\"2410\"><strong data-start=\"2375\" data-end=\"2408\">Handwerkskunst &#038; Exklusivit\u00e4t<\/strong><\/h4>\n<ul data-start=\"2411\" data-end=\"2649\">\n<li data-start=\"2411\" data-end=\"2485\"><strong data-start=\"2413\" data-end=\"2431\">Handgefertigt:<\/strong> Traditionelle Verarbeitung in der Risa Hutwerkstatt<\/li>\n<li data-start=\"2486\" data-end=\"2556\"><strong data-start=\"2488\" data-end=\"2511\">Limitierte Auflage:<\/strong> Jede Bestellung wird individuell gefertigt<\/li>\n<li data-start=\"2557\" data-end=\"2649\"><strong data-start=\"2559\" data-end=\"2578\">Nachhaltigkeit:<\/strong> Verwendung nat\u00fcrlicher Materialien zur Vermeidung von \u00dcberproduktion<\/li>\n<\/ul>\n<h4 data-start=\"2651\" data-end=\"2683\"><strong data-start=\"2656\" data-end=\"2681\">Herstellung &#038; Versand<\/strong><\/h4>\n<ul data-start=\"2684\" data-end=\"2886\">\n<li data-start=\"2684\" data-end=\"2741\"><strong data-start=\"2686\" data-end=\"2705\">Produktionsort:<\/strong> Schweiz, in der Risa Hutwerkstatt<\/li>\n<li data-start=\"2742\" data-end=\"2806\"><strong data-start=\"2744\" data-end=\"2765\">Herstellungszeit:<\/strong> 10-15 Arbeitstage nach Zahlungseingang<\/li>\n<li data-start=\"2807\" data-end=\"2886\"><strong data-start=\"2809\" data-end=\"2821\">Versand:<\/strong> Innerhalb weniger Tage nach Fertigstellung ab Standort Schweiz<\/li>\n<\/ul>\n<\/div>\n<\/details>\n<details class=\"hf-accordion\">\n<summary><strong>\u25b6\ufe0f FAQ \u2013 H\u00e4ufige Fragen<\/strong><\/summary>\n<div class=\"hf-accordion-content\">\n<h3 data-start=\"2893\" data-end=\"2937\"><strong data-start=\"2897\" data-end=\"2935\">FAQ (H\u00e4ufige Fragen und Antworten)<\/strong><\/h3>\n<p data-start=\"2939\" data-end=\"3088\"><strong data-start=\"2939\" data-end=\"2982\">1. Ist der Hut f\u00fcr hei\u00dfe Tage geeignet?<\/strong><br data-start=\"2982\" data-end=\"2985\" \/>Ja, das <strong data-start=\"2993\" data-end=\"3023\">nat\u00fcrliche Raffia-Material<\/strong> ist atmungsaktiv und sorgt f\u00fcr eine angenehme Luftzirkulation.<\/p>\n<p data-start=\"3090\" data-end=\"3249\"><strong data-start=\"3090\" data-end=\"3130\">2. Wie finde ich die richtige Gr\u00f6\u00dfe?<\/strong><br data-start=\"3130\" data-end=\"3133\" \/>Messen Sie Ihren Kopfumfang etwa <strong data-start=\"3166\" data-end=\"3189\">1 cm \u00fcber den Ohren<\/strong> und w\u00e4hlen Sie die passende Gr\u00f6\u00dfe zwischen <strong data-start=\"3233\" data-end=\"3246\">54 und 62<\/strong>.<\/p>\n<p data-start=\"3251\" data-end=\"3402\"><strong data-start=\"3251\" data-end=\"3286\">3. Kann ich den Hut umtauschen?<\/strong><br data-start=\"3286\" data-end=\"3289\" \/>Da der Hut individuell gefertigt wird, ist ein <strong data-start=\"3336\" data-end=\"3391\">Umtausch nur bei Material- oder Herstellungsfehlern<\/strong> m\u00f6glich.<\/p>\n<p data-start=\"3404\" data-end=\"3546\"><strong data-start=\"3404\" data-end=\"3438\">4. Wie wird der Hut geliefert?<\/strong><br data-start=\"3438\" data-end=\"3441\" \/>Nach der Herstellung wird der Hut sicher verpackt und innerhalb weniger Tage aus der Schweiz versendet.<\/p>\n<p data-start=\"3548\" data-end=\"3750\"><strong data-start=\"3548\" data-end=\"3603\">5. Warum ist dieses Modell nur limitiert verf\u00fcgbar?<\/strong><br data-start=\"3603\" data-end=\"3606\" \/>Jeder Hut wird individuell gefertigt, um <strong data-start=\"3647\" data-end=\"3686\">h\u00f6chste Qualit\u00e4t und Nachhaltigkeit<\/strong> zu gew\u00e4hrleisten. Eine fr\u00fchzeitige Bestellung wird empfohlen.<\/p>\n<\/div>\n<\/details>\n<\/div>\n","protected":false},"excerpt":{"rendered":"<h3 data-start=\"0\" data-end=\"92\"><strong data-start=\"4\" data-end=\"90\">Sommerliche Eleganz in Naturmaterialien<\/strong><\/h3>\n<p data-start=\"116\" data-end=\"664\">Der <strong data-start=\"120\" data-end=\"164\">Damen Aufschlaghut Raffia \u0084Strohschmuck\u0093<\/strong> kombiniert klassische Handwerkskunst mit modernem Design. Hergestellt aus <strong data-start=\"239\" data-end=\"255\">100 % Raffia<\/strong>, bietet dieser Hut eine luftige Leichtigkeit und eine nat\u00fcrliche Textur. Sein charmantes <strong data-start=\"345\" data-end=\"448\">Leinenband mit filigranen Stroh-Agrements und dem traditionsreichen Risa-Qualit\u00e4tsknopf (seit 1919)<\/strong> macht ihn zu einem stilvollen Accessoire f\u00fcr warme Tage. Erh\u00e4ltlich in <strong data-start=\"520\" data-end=\"599\">zwei Farbvarianten \u0096 Natur mit hellblauem Faden oder Natur mit wei\u00dfem Faden<\/strong> \u0096 verleiht dieser Hut jedem Look eine zeitlose, feminine Note.<\/p>\n","protected":false},"featured_media":18406,"template":"","meta":{"_acf_changed":false,"rs_blank_template":"","rs_page_bg_color":"","slide_template_v7":""},"product_brand":[250],"product_cat":[584,275],"product_tag":[],"class_list":{"0":"post-18405","1":"product","2":"type-product","3":"status-publish","4":"has-post-thumbnail","6":"product_brand-risa-hutwerkstatt-schweiz","7":"product_cat-aufschlag-sommerhuete","8":"product_cat-sommerhuete","9":"product_shipping_class-grosse-pakete","10":"pa_color-natur-faden-hellblau","11":"pa_color-natur-faden-weiss","12":"pa_groesse-206","13":"pa_groesse-196","14":"pa_groesse-207","15":"pa_groesse-197","16":"pa_groesse-208","17":"pa_groesse-198","18":"pa_groesse-209","19":"pa_groesse-199","20":"pa_groesse-210","21":"yith_product_brand-risa-hutwerkstatt-schweiz","24":"instock","25":"featured","26":"taxable","27":"shipping-taxable","28":"purchasable","29":"product-type-variable","30":"wvs-archive-product-wrapper","31":"add-to-wishlist-after_add_to_cart"},"acf":[],"yoast_head":"<!-- This site is optimized with the Yoast SEO Premium plugin v27.3 (Yoast SEO v27.3) - https:\/\/yoast.com\/product\/yoast-seo-premium-wordpress\/ -->\n<title>Damen Aufschlaghut Raffia \u0096 Handgefertigte Leichtigkeit aus CH<\/title>\n<meta name=\"description\" content=\"Leichter Sommerhut aus Raffia, handgefertigt in der Schweiz. Perfekt f\u00fcr warme Tage \u0096 jetzt bei Hut Factory Schweiz entdecken!\" \/>\n<meta name=\"robots\" content=\"index, follow, max-snippet:-1, max-image-preview:large, max-video-preview:-1\" \/>\n<link rel=\"canonical\" href=\"https:\/\/hutfactory.com\/?product=damen-aufschlaghut-raffia-strohschmuck\" \/>\n<meta property=\"og:locale\" content=\"de_DE\" \/>\n<meta property=\"og:type\" content=\"article\" \/>\n<meta property=\"og:title\" content=\"Damen Aufschlaghut Raffia &quot;Strohschmuck&quot;\" \/>\n<meta property=\"og:description\" content=\"Leichter Sommerhut aus Raffia, handgefertigt in der Schweiz. Perfekt f\u00fcr warme Tage \u0096 jetzt bei Hut Factory Schweiz entdecken!\" \/>\n<meta property=\"og:url\" content=\"https:\/\/hutfactory.com\/?product=damen-aufschlaghut-raffia-strohschmuck\" \/>\n<meta property=\"og:site_name\" content=\"Hut Factory\" \/>\n<meta property=\"article:modified_time\" content=\"2026-03-10T10:31:07+00:00\" \/>\n<meta property=\"og:image\" content=\"https:\/\/hutfactory.com\/wp-content\/uploads\/2026\/03\/41306290.webp\" \/>\n\t<meta property=\"og:image:width\" content=\"750\" \/>\n\t<meta property=\"og:image:height\" content=\"750\" \/>\n\t<meta property=\"og:image:type\" content=\"image\/webp\" \/>\n<meta name=\"twitter:card\" content=\"summary_large_image\" \/>\n<meta name=\"twitter:label1\" content=\"Gesch\u00e4tzte Lesezeit\" \/>\n\t<meta name=\"twitter:data1\" content=\"2\u00a0Minuten\" \/>\n<script type=\"application\/ld+json\" class=\"yoast-schema-graph\">{\"@context\":\"https:\\\/\\\/schema.org\",\"@graph\":[{\"@type\":\"WebPage\",\"@id\":\"https:\\\/\\\/hutfactory.com\\\/?product=damen-aufschlaghut-raffia-strohschmuck\",\"url\":\"https:\\\/\\\/hutfactory.com\\\/?product=damen-aufschlaghut-raffia-strohschmuck\",\"name\":\"Damen Aufschlaghut Raffia \u0096 Handgefertigte Leichtigkeit aus CH\",\"isPartOf\":{\"@id\":\"https:\\\/\\\/hutfactory.com\\\/#website\"},\"primaryImageOfPage\":{\"@id\":\"https:\\\/\\\/hutfactory.com\\\/?product=damen-aufschlaghut-raffia-strohschmuck#primaryimage\"},\"image\":{\"@id\":\"https:\\\/\\\/hutfactory.com\\\/?product=damen-aufschlaghut-raffia-strohschmuck#primaryimage\"},\"thumbnailUrl\":\"https:\\\/\\\/hutfactory.com\\\/wp-content\\\/uploads\\\/2026\\\/03\\\/41306290.webp\",\"datePublished\":\"2026-03-10T10:30:38+00:00\",\"dateModified\":\"2026-03-10T10:31:07+00:00\",\"description\":\"Leichter Sommerhut aus Raffia, handgefertigt in der Schweiz. Perfekt f\u00fcr warme Tage \u0096 jetzt bei Hut Factory Schweiz entdecken!\",\"breadcrumb\":{\"@id\":\"https:\\\/\\\/hutfactory.com\\\/?product=damen-aufschlaghut-raffia-strohschmuck#breadcrumb\"},\"inLanguage\":\"de\",\"potentialAction\":[{\"@type\":\"ReadAction\",\"target\":[\"https:\\\/\\\/hutfactory.com\\\/?product=damen-aufschlaghut-raffia-strohschmuck\"]}]},{\"@type\":\"ImageObject\",\"inLanguage\":\"de\",\"@id\":\"https:\\\/\\\/hutfactory.com\\\/?product=damen-aufschlaghut-raffia-strohschmuck#primaryimage\",\"url\":\"https:\\\/\\\/hutfactory.com\\\/wp-content\\\/uploads\\\/2026\\\/03\\\/41306290.webp\",\"contentUrl\":\"https:\\\/\\\/hutfactory.com\\\/wp-content\\\/uploads\\\/2026\\\/03\\\/41306290.webp\",\"width\":750,\"height\":750,\"caption\":\"Damen Aufschlaghut Raffia \\\"Strohschmuck\\\"|Damen Aufschlaghut Raffia \\\"Strohschmuck\\\"|Damen Aufschlaghut Raffia \\\"Strohschmuck\\\"||\"},{\"@type\":\"BreadcrumbList\",\"@id\":\"https:\\\/\\\/hutfactory.com\\\/?product=damen-aufschlaghut-raffia-strohschmuck#breadcrumb\",\"itemListElement\":[{\"@type\":\"ListItem\",\"position\":1,\"name\":\"Start\",\"item\":\"https:\\\/\\\/hutfactory.com\\\/\"},{\"@type\":\"ListItem\",\"position\":2,\"name\":\"Shop\",\"item\":\"https:\\\/\\\/hutfactory.com\\\/?page_id=10\"},{\"@type\":\"ListItem\",\"position\":3,\"name\":\"Damen Aufschlaghut Raffia &#8220;Strohschmuck&#8221;\"}]},{\"@type\":\"WebSite\",\"@id\":\"https:\\\/\\\/hutfactory.com\\\/#website\",\"url\":\"https:\\\/\\\/hutfactory.com\\\/\",\"name\":\"Hut Factory\",\"description\":\"H\u00fcte, Kappen &amp; M\u00fctzen in Top Swiss\\\/EU Qualit\u00e4t\",\"publisher\":{\"@id\":\"https:\\\/\\\/hutfactory.com\\\/#organization\"},\"alternateName\":\"Hut Shop\",\"potentialAction\":[{\"@type\":\"SearchAction\",\"target\":{\"@type\":\"EntryPoint\",\"urlTemplate\":\"https:\\\/\\\/hutfactory.com\\\/?s={search_term_string}\"},\"query-input\":{\"@type\":\"PropertyValueSpecification\",\"valueRequired\":true,\"valueName\":\"search_term_string\"}}],\"inLanguage\":\"de\"},{\"@type\":\"Organization\",\"@id\":\"https:\\\/\\\/hutfactory.com\\\/#organization\",\"name\":\"Hut Factory\",\"url\":\"https:\\\/\\\/hutfactory.com\\\/\",\"logo\":{\"@type\":\"ImageObject\",\"inLanguage\":\"de\",\"@id\":\"https:\\\/\\\/hutfactory.com\\\/#\\\/schema\\\/logo\\\/image\\\/\",\"url\":\"https:\\\/\\\/hutfactory.com\\\/wp-content\\\/uploads\\\/2026\\\/01\\\/Logo-hut-factory-1.webp\",\"contentUrl\":\"https:\\\/\\\/hutfactory.com\\\/wp-content\\\/uploads\\\/2026\\\/01\\\/Logo-hut-factory-1.webp\",\"width\":300,\"height\":262,\"caption\":\"Hut Factory\"},\"image\":{\"@id\":\"https:\\\/\\\/hutfactory.com\\\/#\\\/schema\\\/logo\\\/image\\\/\"}}]}<\/script>\n<!-- \/ Yoast SEO Premium plugin. -->","yoast_head_json":{"title":"Damen Aufschlaghut Raffia \u0096 Handgefertigte Leichtigkeit aus CH","description":"Leichter Sommerhut aus Raffia, handgefertigt in der Schweiz. Perfekt f\u00fcr warme Tage \u0096 jetzt bei Hut Factory Schweiz entdecken!","robots":{"index":"index","follow":"follow","max-snippet":"max-snippet:-1","max-image-preview":"max-image-preview:large","max-video-preview":"max-video-preview:-1"},"canonical":"https:\/\/hutfactory.com\/?product=damen-aufschlaghut-raffia-strohschmuck","og_locale":"de_DE","og_type":"article","og_title":"Damen Aufschlaghut Raffia \"Strohschmuck\"","og_description":"Leichter Sommerhut aus Raffia, handgefertigt in der Schweiz. Perfekt f\u00fcr warme Tage \u0096 jetzt bei Hut Factory Schweiz entdecken!","og_url":"https:\/\/hutfactory.com\/?product=damen-aufschlaghut-raffia-strohschmuck","og_site_name":"Hut Factory","article_modified_time":"2026-03-10T10:31:07+00:00","og_image":[{"width":750,"height":750,"url":"https:\/\/hutfactory.com\/wp-content\/uploads\/2026\/03\/41306290.webp","type":"image\/webp"}],"twitter_card":"summary_large_image","twitter_misc":{"Gesch\u00e4tzte Lesezeit":"2\u00a0Minuten"},"schema":{"@context":"https:\/\/schema.org","@graph":[{"@type":"WebPage","@id":"https:\/\/hutfactory.com\/?product=damen-aufschlaghut-raffia-strohschmuck","url":"https:\/\/hutfactory.com\/?product=damen-aufschlaghut-raffia-strohschmuck","name":"Damen Aufschlaghut Raffia \u0096 Handgefertigte Leichtigkeit aus CH","isPartOf":{"@id":"https:\/\/hutfactory.com\/#website"},"primaryImageOfPage":{"@id":"https:\/\/hutfactory.com\/?product=damen-aufschlaghut-raffia-strohschmuck#primaryimage"},"image":{"@id":"https:\/\/hutfactory.com\/?product=damen-aufschlaghut-raffia-strohschmuck#primaryimage"},"thumbnailUrl":"https:\/\/hutfactory.com\/wp-content\/uploads\/2026\/03\/41306290.webp","datePublished":"2026-03-10T10:30:38+00:00","dateModified":"2026-03-10T10:31:07+00:00","description":"Leichter Sommerhut aus Raffia, handgefertigt in der Schweiz. Perfekt f\u00fcr warme Tage \u0096 jetzt bei Hut Factory Schweiz entdecken!","breadcrumb":{"@id":"https:\/\/hutfactory.com\/?product=damen-aufschlaghut-raffia-strohschmuck#breadcrumb"},"inLanguage":"de","potentialAction":[{"@type":"ReadAction","target":["https:\/\/hutfactory.com\/?product=damen-aufschlaghut-raffia-strohschmuck"]}]},{"@type":"ImageObject","inLanguage":"de","@id":"https:\/\/hutfactory.com\/?product=damen-aufschlaghut-raffia-strohschmuck#primaryimage","url":"https:\/\/hutfactory.com\/wp-content\/uploads\/2026\/03\/41306290.webp","contentUrl":"https:\/\/hutfactory.com\/wp-content\/uploads\/2026\/03\/41306290.webp","width":750,"height":750,"caption":"Damen Aufschlaghut Raffia \"Strohschmuck\"|Damen Aufschlaghut Raffia \"Strohschmuck\"|Damen Aufschlaghut Raffia \"Strohschmuck\"||"},{"@type":"BreadcrumbList","@id":"https:\/\/hutfactory.com\/?product=damen-aufschlaghut-raffia-strohschmuck#breadcrumb","itemListElement":[{"@type":"ListItem","position":1,"name":"Start","item":"https:\/\/hutfactory.com\/"},{"@type":"ListItem","position":2,"name":"Shop","item":"https:\/\/hutfactory.com\/?page_id=10"},{"@type":"ListItem","position":3,"name":"Damen Aufschlaghut Raffia &#8220;Strohschmuck&#8221;"}]},{"@type":"WebSite","@id":"https:\/\/hutfactory.com\/#website","url":"https:\/\/hutfactory.com\/","name":"Hut Factory","description":"H\u00fcte, Kappen &amp; M\u00fctzen in Top Swiss\/EU Qualit\u00e4t","publisher":{"@id":"https:\/\/hutfactory.com\/#organization"},"alternateName":"Hut Shop","potentialAction":[{"@type":"SearchAction","target":{"@type":"EntryPoint","urlTemplate":"https:\/\/hutfactory.com\/?s={search_term_string}"},"query-input":{"@type":"PropertyValueSpecification","valueRequired":true,"valueName":"search_term_string"}}],"inLanguage":"de"},{"@type":"Organization","@id":"https:\/\/hutfactory.com\/#organization","name":"Hut Factory","url":"https:\/\/hutfactory.com\/","logo":{"@type":"ImageObject","inLanguage":"de","@id":"https:\/\/hutfactory.com\/#\/schema\/logo\/image\/","url":"https:\/\/hutfactory.com\/wp-content\/uploads\/2026\/01\/Logo-hut-factory-1.webp","contentUrl":"https:\/\/hutfactory.com\/wp-content\/uploads\/2026\/01\/Logo-hut-factory-1.webp","width":300,"height":262,"caption":"Hut Factory"},"image":{"@id":"https:\/\/hutfactory.com\/#\/schema\/logo\/image\/"}}]}},"_links":{"self":[{"href":"https:\/\/hutfactory.com\/index.php?rest_route=\/wp\/v2\/product\/18405","targetHints":{"allow":["GET"]}}],"collection":[{"href":"https:\/\/hutfactory.com\/index.php?rest_route=\/wp\/v2\/product"}],"about":[{"href":"https:\/\/hutfactory.com\/index.php?rest_route=\/wp\/v2\/types\/product"}],"wp:featuredmedia":[{"embeddable":true,"href":"https:\/\/hutfactory.com\/index.php?rest_route=\/wp\/v2\/media\/18406"}],"wp:attachment":[{"href":"https:\/\/hutfactory.com\/index.php?rest_route=%2Fwp%2Fv2%2Fmedia&parent=18405"}],"wp:term":[{"taxonomy":"product_brand","embeddable":true,"href":"https:\/\/hutfactory.com\/index.php?rest_route=%2Fwp%2Fv2%2Fproduct_brand&post=18405"},{"taxonomy":"product_cat","embeddable":true,"href":"https:\/\/hutfactory.com\/index.php?rest_route=%2Fwp%2Fv2%2Fproduct_cat&post=18405"},{"taxonomy":"product_tag","embeddable":true,"href":"https:\/\/hutfactory.com\/index.php?rest_route=%2Fwp%2Fv2%2Fproduct_tag&post=18405"}],"curies":[{"name":"wp","href":"https:\/\/api.w.org\/{rel}","templated":true}]}}