{"id":18398,"date":"2026-03-10T10:30:38","date_gmt":"2026-03-10T10:30:38","guid":{"rendered":"https:\/\/hutfactory.com\/?product=sommerhut-aus-raffiastroh-strohschmuck"},"modified":"2026-03-10T10:31:07","modified_gmt":"2026-03-10T10:31:07","slug":"sommerhut-aus-raffiastroh-strohschmuck","status":"publish","type":"product","link":"https:\/\/hutfactory.com\/?product=sommerhut-aus-raffiastroh-strohschmuck","title":{"rendered":"Sommerhut aus Raffiastroh &#8220;Strohschmuck&#8221;"},"content":{"rendered":"<h3 data-start=\"717\" data-end=\"759\"><strong data-start=\"721\" data-end=\"757\">Ausf\u00fchrliche Produktbeschreibung<\/strong><\/h3>\n<p data-start=\"760\" data-end=\"1149\">Der <strong data-start=\"764\" data-end=\"789\">Sommerhut Raffiastroh<\/strong> ist ein Meisterwerk handwerklicher Pr\u00e4zision. Die feine <strong data-start=\"846\" data-end=\"866\">Raffia-Flechtung<\/strong> sorgt f\u00fcr eine nat\u00fcrliche Textur, die leicht, flexibel und gleichzeitig robust ist. Seine <strong data-start=\"957\" data-end=\"987\">flache, zylindrische Krone<\/strong> mit einer sanft geschwungenen Front verleiht dem Hut eine markante Silhouette, w\u00e4hrend der leicht nach unten geneigte Schirm das Gesicht vor der Sonne sch\u00fctzt.<\/p>\n<p data-start=\"1151\" data-end=\"1450\">Das <strong data-start=\"1155\" data-end=\"1241\">Leinenband in zwei verschiedenen Farbkombinationen (hellblau oder Nougat)<\/strong> harmoniert perfekt mit der raffinierten Raffia-Struktur und setzt dezente Akzente. Die seitlichen <strong data-start=\"1340\" data-end=\"1404\">Stroh-Agrements und der edle Risa-Qualit\u00e4tsknopf (seit 1919)<\/strong> verleihen dem Hut ein authentisches Finish.<\/p>\n<p data-start=\"1452\" data-end=\"1696\">Ein <strong data-start=\"1456\" data-end=\"1490\">eingen\u00e4htes Textil-Schwei\u00dfband<\/strong> sorgt f\u00fcr ein angenehmes Tragegef\u00fchl und optimalen Sitz. Der Hut ist in den Gr\u00f6\u00dfen <strong data-start=\"1574\" data-end=\"1583\">54-62<\/strong> erh\u00e4ltlich und wird in der renommierten <strong data-start=\"1624\" data-end=\"1656\">Schweizer Hutmanufaktur Risa<\/strong> individuell auf Bestellung gefertigt.<\/p>\n<p data-start=\"2750\" data-end=\"2773\"><strong data-start=\"2755\" data-end=\"2773\">Perfekt f\u00fcr&#8230;<\/strong><\/p>\n<p data-start=\"2774\" data-end=\"3172\">?? <strong data-start=\"2777\" data-end=\"2800\">Sommerliche Anl\u00e4sse<\/strong> \u0096 Egal ob am Strand, beim Stadtbummel oder im Garten, dieser Liegestuhl Hut in der Cap Form verleiht jedem Outfit das gewisse Etwas.<br data-start=\"2906\" data-end=\"2909\" \/>?? <strong data-start=\"2912\" data-end=\"2931\">Elegante Events<\/strong> \u0096 Die raffinierte Gestaltung und hochwertigen Materialien machen ihn zu einem perfekten Begleiter f\u00fcr gehobene Anl\u00e4sse.<br data-start=\"3051\" data-end=\"3054\" \/>?? <strong data-start=\"3057\" data-end=\"3084\">Natur- und Modebewusste<\/strong> \u0096 F\u00fcr alle, die Wert auf nat\u00fcrliche Materialien und nachhaltige Handwerkskunst legen.<\/p>\n<div class=\"hf-accordions\">\n<hr class=\"hf-accordion-separator\" \/>\n<details class=\"hf-accordion\">\n<summary><strong>\u25b6\ufe0f Gut zu wissen \u2013 mehr erfahren<\/strong><\/summary>\n<div class=\"hf-accordion-content\">\n<h3 data-start=\"1703\" data-end=\"1736\"><strong data-start=\"1707\" data-end=\"1734\">Wichtige Produktdetails<\/strong><\/h3>\n<h4 data-start=\"1738\" data-end=\"1766\"><strong data-start=\"1743\" data-end=\"1764\">Material &#038; Design<\/strong><\/h4>\n<ul data-start=\"1767\" data-end=\"2382\">\n<li data-start=\"1767\" data-end=\"1833\"><strong data-start=\"1769\" data-end=\"1782\">Material:<\/strong> 100 % Raffia \u0096 nachhaltig, atmungsaktiv &#038; leicht<\/li>\n<li data-start=\"1834\" data-end=\"1900\"><strong data-start=\"1836\" data-end=\"1849\">Struktur:<\/strong> Feine Raffia-Flechtung f\u00fcr eine nat\u00fcrliche Optik<\/li>\n<li data-start=\"1901\" data-end=\"1965\"><strong data-start=\"1903\" data-end=\"1915\">Hutform:<\/strong> Zylindrische Krone mit elegant geformtem Schirm<\/li>\n<li data-start=\"1966\" data-end=\"2035\"><strong data-start=\"1968\" data-end=\"1981\">Kopfh\u00f6he:<\/strong> 10 cm \u0096 perfekte Balance zwischen Stil und Funktion<\/li>\n<li data-start=\"2036\" data-end=\"2057\"><strong data-start=\"2038\" data-end=\"2049\">Gr\u00f6\u00dfen:<\/strong> 54-62<\/li>\n<li data-start=\"2058\" data-end=\"2135\"><strong data-start=\"2060\" data-end=\"2071\">Farben:<\/strong>\n<ul data-start=\"2076\" data-end=\"2135\">\n<li data-start=\"2076\" data-end=\"2106\">Natur mit hellblauem Faden<\/li>\n<li data-start=\"2109\" data-end=\"2135\">Natur mit wei\u00dfem Faden<\/li>\n<\/ul>\n<\/li>\n<li data-start=\"2136\" data-end=\"2288\"><strong data-start=\"2138\" data-end=\"2151\">Garnitur:<\/strong>\n<ul data-start=\"2156\" data-end=\"2288\">\n<li data-start=\"2156\" data-end=\"2227\"><strong data-start=\"2158\" data-end=\"2195\">Leinenband in zwei Farbvarianten:<\/strong> hellblau\/wei\u00df oder natur\/wei\u00df<\/li>\n<li data-start=\"2230\" data-end=\"2288\"><strong data-start=\"2232\" data-end=\"2286\">Dekorative Stroh-Agrements mit Risa-Qualit\u00e4tsknopf<\/strong><\/li>\n<\/ul>\n<\/li>\n<li data-start=\"2289\" data-end=\"2382\"><strong data-start=\"2291\" data-end=\"2307\">Schwei\u00dfband:<\/strong> <strong data-start=\"2308\" data-end=\"2340\">Hochwertiges Textilinnenband<\/strong>, sauber eingen\u00e4ht f\u00fcr optimalen Komfort<\/li>\n<\/ul>\n<h4 data-start=\"2384\" data-end=\"2424\"><strong data-start=\"2389\" data-end=\"2422\">Handwerkskunst &#038; Exklusivit\u00e4t<\/strong><\/h4>\n<ul data-start=\"2425\" data-end=\"2628\">\n<li data-start=\"2425\" data-end=\"2493\"><strong data-start=\"2427\" data-end=\"2445\">Handgefertigt:<\/strong> Pr\u00e4zise Verarbeitung in der Risa Hutwerkstatt<\/li>\n<li data-start=\"2494\" data-end=\"2558\"><strong data-start=\"2496\" data-end=\"2521\">Tradition &#038; Qualit\u00e4t:<\/strong> Schweizer Handwerkskunst seit 1919<\/li>\n<li data-start=\"2559\" data-end=\"2628\"><strong data-start=\"2561\" data-end=\"2584\">Limitierte Auflage:<\/strong> Individuelle Anfertigung f\u00fcr Exklusivit\u00e4t<\/li>\n<\/ul>\n<h4 data-start=\"2630\" data-end=\"2662\"><strong data-start=\"2635\" data-end=\"2660\">Herstellung &#038; Versand<\/strong><\/h4>\n<ul data-start=\"2663\" data-end=\"2865\">\n<li data-start=\"2663\" data-end=\"2720\"><strong data-start=\"2665\" data-end=\"2684\">Produktionsort:<\/strong> Schweiz, in der Risa Hutwerkstatt<\/li>\n<li data-start=\"2721\" data-end=\"2785\"><strong data-start=\"2723\" data-end=\"2744\">Herstellungszeit:<\/strong> 10-15 Arbeitstage nach Zahlungseingang<\/li>\n<li data-start=\"2786\" data-end=\"2865\"><strong data-start=\"2788\" data-end=\"2800\">Versand:<\/strong> Innerhalb weniger Tage nach Fertigstellung ab Standort Schweiz<\/li>\n<\/ul>\n<\/div>\n<\/details>\n<details class=\"hf-accordion\">\n<summary><strong>\u25b6\ufe0f FAQ \u2013 H\u00e4ufige Fragen<\/strong><\/summary>\n<div class=\"hf-accordion-content\">\n<h3 data-start=\"2872\" data-end=\"2916\"><strong data-start=\"2876\" data-end=\"2914\">FAQ (H\u00e4ufige Fragen und Antworten)<\/strong><\/h3>\n<p data-start=\"2918\" data-end=\"3118\"><strong data-start=\"2918\" data-end=\"2968\">1. Ist der Sommerhut Raffiastroh atmungsaktiv?<\/strong><br data-start=\"2968\" data-end=\"2971\" \/>Ja, das <strong data-start=\"2979\" data-end=\"3009\">nat\u00fcrliche Raffia-Material<\/strong> sorgt f\u00fcr eine ausgezeichnete Luftzirkulation, sodass der Hut auch an hei\u00dfen Tagen angenehm zu tragen ist.<\/p>\n<p data-start=\"3120\" data-end=\"3279\"><strong data-start=\"3120\" data-end=\"3160\">2. Wie finde ich die richtige Gr\u00f6\u00dfe?<\/strong><br data-start=\"3160\" data-end=\"3163\" \/>Messen Sie Ihren Kopfumfang etwa <strong data-start=\"3196\" data-end=\"3219\">1 cm \u00fcber den Ohren<\/strong> und w\u00e4hlen Sie die passende Gr\u00f6\u00dfe zwischen <strong data-start=\"3263\" data-end=\"3276\">54 und 62<\/strong>.<\/p>\n<p data-start=\"3281\" data-end=\"3429\"><strong data-start=\"3281\" data-end=\"3313\">3. Ist ein Umtausch m\u00f6glich?<\/strong><br data-start=\"3313\" data-end=\"3316\" \/>Da der Hut individuell gefertigt wird, ist ein <strong data-start=\"3363\" data-end=\"3418\">Umtausch nur bei Material- oder Herstellungsfehlern<\/strong> m\u00f6glich.<\/p>\n<p data-start=\"3431\" data-end=\"3567\"><strong data-start=\"3431\" data-end=\"3465\">4. Wie wird der Hut geliefert?<\/strong><br data-start=\"3465\" data-end=\"3468\" \/>Nach Fertigung wird der Hut sicher verpackt und innerhalb weniger Tage aus der Schweiz versendet.<\/p>\n<p data-start=\"3569\" data-end=\"3789\"><strong data-start=\"3569\" data-end=\"3615\">5. Warum ist der Hut limitiert erh\u00e4ltlich?<\/strong><br data-start=\"3615\" data-end=\"3618\" \/>Um h\u00f6chste Qualit\u00e4t und Nachhaltigkeit zu gew\u00e4hrleisten, wird jeder Hut individuell auf Bestellung gefertigt \u0096 dies vermeidet \u00dcberproduktion und garantiert Exklusivit\u00e4t.<\/p>\n<\/div>\n<\/details>\n<\/div>\n","protected":false},"excerpt":{"rendered":"<h3 data-start=\"0\" data-end=\"74\"><strong data-start=\"4\" data-end=\"72\">Naturverbundene Eleganz mit Leichtigkeit<\/strong><\/h3>\n<p data-start=\"98\" data-end=\"710\">Der <strong data-start=\"102\" data-end=\"127\">Sommerhut Raffiastroh<\/strong> vereint nat\u00fcrliche Materialien mit zeitloser Handwerkskunst. Hergestellt aus <strong data-start=\"205\" data-end=\"221\">100 % Raffia<\/strong>, besticht dieser Hut durch seine authentische Optik, angenehme Leichtigkeit und hohe Atmungsaktivit\u00e4t. Mit einer <strong data-start=\"335\" data-end=\"357\">Kopfh\u00f6he von 10 cm<\/strong> und einer stilvollen <strong data-start=\"379\" data-end=\"446\">Leinenband-Garnitur mit Stroh-Agrements und Risa-Qualit\u00e4tsknopf<\/strong> ist dieser Hut die perfekte Wahl f\u00fcr alle, die einen modernen und dennoch klassischen Sommerlook suchen. Erh\u00e4ltlich in zwei Farbvarianten \u0096 <strong data-start=\"587\" data-end=\"645\">Natur mit hellblauem Faden oder Natur mit nougatfarbenen Faden<\/strong> \u0096 verleiht dieses Modell jedem Outfit eine nat\u00fcrliche Eleganz.<\/p>\n","protected":false},"featured_media":18399,"template":"","meta":{"_acf_changed":false,"rs_blank_template":"","rs_page_bg_color":"","slide_template_v7":""},"product_brand":[250],"product_cat":[277,647,275,278],"product_tag":[],"class_list":{"0":"post-18398","1":"product","2":"type-product","3":"status-publish","4":"has-post-thumbnail","6":"product_brand-risa-hutwerkstatt-schweiz","7":"product_cat-reise-sommerhuete","8":"product_cat-liegestuhl-sommerhuete","9":"product_cat-sommerhuete","10":"product_cat-sport-huete-sommerhuete","11":"product_shipping_class-mittlere-pakete","12":"pa_color-natur-faden-hellblau","13":"pa_color-natur-faden-weiss","14":"pa_groesse-206","15":"pa_groesse-196","16":"pa_groesse-207","17":"pa_groesse-197","18":"pa_groesse-208","19":"pa_groesse-198","20":"pa_groesse-209","21":"pa_groesse-199","22":"pa_groesse-210","23":"yith_product_brand-risa-hutwerkstatt-schweiz","26":"instock","27":"featured","28":"taxable","29":"shipping-taxable","30":"purchasable","31":"product-type-variable","32":"wvs-archive-product-wrapper","33":"add-to-wishlist-after_add_to_cart"},"acf":[],"yoast_head":"<!-- This site is optimized with the Yoast SEO Premium plugin v27.3 (Yoast SEO v27.3) - https:\/\/yoast.com\/product\/yoast-seo-premium-wordpress\/ -->\n<title>Sommerhut \u0096 Handgefertigte Raffia-Leichtigkeit aus der Schweiz<\/title>\n<meta name=\"description\" content=\"Leichter Sommerhut aus Raffiastroh, handgefertigt in der Schweiz. Perfekt f\u00fcr warme Tage \u0096 jetzt online bei Hut Factory entdecken!\" \/>\n<meta name=\"robots\" content=\"index, follow, max-snippet:-1, max-image-preview:large, max-video-preview:-1\" \/>\n<link rel=\"canonical\" href=\"https:\/\/hutfactory.com\/?product=sommerhut-aus-raffiastroh-strohschmuck\" \/>\n<meta property=\"og:locale\" content=\"de_DE\" \/>\n<meta property=\"og:type\" content=\"article\" \/>\n<meta property=\"og:title\" content=\"Sommerhut aus Raffiastroh &quot;Strohschmuck&quot;\" \/>\n<meta property=\"og:description\" content=\"Leichter Sommerhut aus Raffiastroh, handgefertigt in der Schweiz. Perfekt f\u00fcr warme Tage \u0096 jetzt online bei Hut Factory entdecken!\" \/>\n<meta property=\"og:url\" content=\"https:\/\/hutfactory.com\/?product=sommerhut-aus-raffiastroh-strohschmuck\" \/>\n<meta property=\"og:site_name\" content=\"Hut Factory\" \/>\n<meta property=\"article:modified_time\" content=\"2026-03-10T10:31:07+00:00\" \/>\n<meta property=\"og:image\" content=\"https:\/\/hutfactory.com\/wp-content\/uploads\/2026\/03\/41306320.alle_.webp\" \/>\n\t<meta property=\"og:image:width\" content=\"750\" \/>\n\t<meta property=\"og:image:height\" content=\"750\" \/>\n\t<meta property=\"og:image:type\" content=\"image\/webp\" \/>\n<meta name=\"twitter:card\" content=\"summary_large_image\" \/>\n<meta name=\"twitter:label1\" content=\"Gesch\u00e4tzte Lesezeit\" \/>\n\t<meta name=\"twitter:data1\" content=\"2\u00a0Minuten\" \/>\n<script type=\"application\/ld+json\" class=\"yoast-schema-graph\">{\"@context\":\"https:\\\/\\\/schema.org\",\"@graph\":[{\"@type\":\"WebPage\",\"@id\":\"https:\\\/\\\/hutfactory.com\\\/?product=sommerhut-aus-raffiastroh-strohschmuck\",\"url\":\"https:\\\/\\\/hutfactory.com\\\/?product=sommerhut-aus-raffiastroh-strohschmuck\",\"name\":\"Sommerhut \u0096 Handgefertigte Raffia-Leichtigkeit aus der Schweiz\",\"isPartOf\":{\"@id\":\"https:\\\/\\\/hutfactory.com\\\/#website\"},\"primaryImageOfPage\":{\"@id\":\"https:\\\/\\\/hutfactory.com\\\/?product=sommerhut-aus-raffiastroh-strohschmuck#primaryimage\"},\"image\":{\"@id\":\"https:\\\/\\\/hutfactory.com\\\/?product=sommerhut-aus-raffiastroh-strohschmuck#primaryimage\"},\"thumbnailUrl\":\"https:\\\/\\\/hutfactory.com\\\/wp-content\\\/uploads\\\/2026\\\/03\\\/41306320.alle_.webp\",\"datePublished\":\"2026-03-10T10:30:38+00:00\",\"dateModified\":\"2026-03-10T10:31:07+00:00\",\"description\":\"Leichter Sommerhut aus Raffiastroh, handgefertigt in der Schweiz. Perfekt f\u00fcr warme Tage \u0096 jetzt online bei Hut Factory entdecken!\",\"breadcrumb\":{\"@id\":\"https:\\\/\\\/hutfactory.com\\\/?product=sommerhut-aus-raffiastroh-strohschmuck#breadcrumb\"},\"inLanguage\":\"de\",\"potentialAction\":[{\"@type\":\"ReadAction\",\"target\":[\"https:\\\/\\\/hutfactory.com\\\/?product=sommerhut-aus-raffiastroh-strohschmuck\"]}]},{\"@type\":\"ImageObject\",\"inLanguage\":\"de\",\"@id\":\"https:\\\/\\\/hutfactory.com\\\/?product=sommerhut-aus-raffiastroh-strohschmuck#primaryimage\",\"url\":\"https:\\\/\\\/hutfactory.com\\\/wp-content\\\/uploads\\\/2026\\\/03\\\/41306320.alle_.webp\",\"contentUrl\":\"https:\\\/\\\/hutfactory.com\\\/wp-content\\\/uploads\\\/2026\\\/03\\\/41306320.alle_.webp\",\"width\":750,\"height\":750,\"caption\":\"Sommerhut Raffiastroh Natur|Sommerhut Raffiastroh Natur|Sommerhut Raffiastroh Natur|Sommerhut Raffiastroh Natur von vorne\"},{\"@type\":\"BreadcrumbList\",\"@id\":\"https:\\\/\\\/hutfactory.com\\\/?product=sommerhut-aus-raffiastroh-strohschmuck#breadcrumb\",\"itemListElement\":[{\"@type\":\"ListItem\",\"position\":1,\"name\":\"Start\",\"item\":\"https:\\\/\\\/hutfactory.com\\\/\"},{\"@type\":\"ListItem\",\"position\":2,\"name\":\"Shop\",\"item\":\"https:\\\/\\\/hutfactory.com\\\/?page_id=10\"},{\"@type\":\"ListItem\",\"position\":3,\"name\":\"Sommerhut aus Raffiastroh &#8220;Strohschmuck&#8221;\"}]},{\"@type\":\"WebSite\",\"@id\":\"https:\\\/\\\/hutfactory.com\\\/#website\",\"url\":\"https:\\\/\\\/hutfactory.com\\\/\",\"name\":\"Hut Factory\",\"description\":\"H\u00fcte, Kappen &amp; M\u00fctzen in Top Swiss\\\/EU Qualit\u00e4t\",\"publisher\":{\"@id\":\"https:\\\/\\\/hutfactory.com\\\/#organization\"},\"alternateName\":\"Hut Shop\",\"potentialAction\":[{\"@type\":\"SearchAction\",\"target\":{\"@type\":\"EntryPoint\",\"urlTemplate\":\"https:\\\/\\\/hutfactory.com\\\/?s={search_term_string}\"},\"query-input\":{\"@type\":\"PropertyValueSpecification\",\"valueRequired\":true,\"valueName\":\"search_term_string\"}}],\"inLanguage\":\"de\"},{\"@type\":\"Organization\",\"@id\":\"https:\\\/\\\/hutfactory.com\\\/#organization\",\"name\":\"Hut Factory\",\"url\":\"https:\\\/\\\/hutfactory.com\\\/\",\"logo\":{\"@type\":\"ImageObject\",\"inLanguage\":\"de\",\"@id\":\"https:\\\/\\\/hutfactory.com\\\/#\\\/schema\\\/logo\\\/image\\\/\",\"url\":\"https:\\\/\\\/hutfactory.com\\\/wp-content\\\/uploads\\\/2026\\\/01\\\/Logo-hut-factory-1.webp\",\"contentUrl\":\"https:\\\/\\\/hutfactory.com\\\/wp-content\\\/uploads\\\/2026\\\/01\\\/Logo-hut-factory-1.webp\",\"width\":300,\"height\":262,\"caption\":\"Hut Factory\"},\"image\":{\"@id\":\"https:\\\/\\\/hutfactory.com\\\/#\\\/schema\\\/logo\\\/image\\\/\"}}]}<\/script>\n<!-- \/ Yoast SEO Premium plugin. -->","yoast_head_json":{"title":"Sommerhut \u0096 Handgefertigte Raffia-Leichtigkeit aus der Schweiz","description":"Leichter Sommerhut aus Raffiastroh, handgefertigt in der Schweiz. Perfekt f\u00fcr warme Tage \u0096 jetzt online bei Hut Factory entdecken!","robots":{"index":"index","follow":"follow","max-snippet":"max-snippet:-1","max-image-preview":"max-image-preview:large","max-video-preview":"max-video-preview:-1"},"canonical":"https:\/\/hutfactory.com\/?product=sommerhut-aus-raffiastroh-strohschmuck","og_locale":"de_DE","og_type":"article","og_title":"Sommerhut aus Raffiastroh \"Strohschmuck\"","og_description":"Leichter Sommerhut aus Raffiastroh, handgefertigt in der Schweiz. Perfekt f\u00fcr warme Tage \u0096 jetzt online bei Hut Factory entdecken!","og_url":"https:\/\/hutfactory.com\/?product=sommerhut-aus-raffiastroh-strohschmuck","og_site_name":"Hut Factory","article_modified_time":"2026-03-10T10:31:07+00:00","og_image":[{"width":750,"height":750,"url":"https:\/\/hutfactory.com\/wp-content\/uploads\/2026\/03\/41306320.alle_.webp","type":"image\/webp"}],"twitter_card":"summary_large_image","twitter_misc":{"Gesch\u00e4tzte Lesezeit":"2\u00a0Minuten"},"schema":{"@context":"https:\/\/schema.org","@graph":[{"@type":"WebPage","@id":"https:\/\/hutfactory.com\/?product=sommerhut-aus-raffiastroh-strohschmuck","url":"https:\/\/hutfactory.com\/?product=sommerhut-aus-raffiastroh-strohschmuck","name":"Sommerhut \u0096 Handgefertigte Raffia-Leichtigkeit aus der Schweiz","isPartOf":{"@id":"https:\/\/hutfactory.com\/#website"},"primaryImageOfPage":{"@id":"https:\/\/hutfactory.com\/?product=sommerhut-aus-raffiastroh-strohschmuck#primaryimage"},"image":{"@id":"https:\/\/hutfactory.com\/?product=sommerhut-aus-raffiastroh-strohschmuck#primaryimage"},"thumbnailUrl":"https:\/\/hutfactory.com\/wp-content\/uploads\/2026\/03\/41306320.alle_.webp","datePublished":"2026-03-10T10:30:38+00:00","dateModified":"2026-03-10T10:31:07+00:00","description":"Leichter Sommerhut aus Raffiastroh, handgefertigt in der Schweiz. Perfekt f\u00fcr warme Tage \u0096 jetzt online bei Hut Factory entdecken!","breadcrumb":{"@id":"https:\/\/hutfactory.com\/?product=sommerhut-aus-raffiastroh-strohschmuck#breadcrumb"},"inLanguage":"de","potentialAction":[{"@type":"ReadAction","target":["https:\/\/hutfactory.com\/?product=sommerhut-aus-raffiastroh-strohschmuck"]}]},{"@type":"ImageObject","inLanguage":"de","@id":"https:\/\/hutfactory.com\/?product=sommerhut-aus-raffiastroh-strohschmuck#primaryimage","url":"https:\/\/hutfactory.com\/wp-content\/uploads\/2026\/03\/41306320.alle_.webp","contentUrl":"https:\/\/hutfactory.com\/wp-content\/uploads\/2026\/03\/41306320.alle_.webp","width":750,"height":750,"caption":"Sommerhut Raffiastroh Natur|Sommerhut Raffiastroh Natur|Sommerhut Raffiastroh Natur|Sommerhut Raffiastroh Natur von vorne"},{"@type":"BreadcrumbList","@id":"https:\/\/hutfactory.com\/?product=sommerhut-aus-raffiastroh-strohschmuck#breadcrumb","itemListElement":[{"@type":"ListItem","position":1,"name":"Start","item":"https:\/\/hutfactory.com\/"},{"@type":"ListItem","position":2,"name":"Shop","item":"https:\/\/hutfactory.com\/?page_id=10"},{"@type":"ListItem","position":3,"name":"Sommerhut aus Raffiastroh &#8220;Strohschmuck&#8221;"}]},{"@type":"WebSite","@id":"https:\/\/hutfactory.com\/#website","url":"https:\/\/hutfactory.com\/","name":"Hut Factory","description":"H\u00fcte, Kappen &amp; M\u00fctzen in Top Swiss\/EU Qualit\u00e4t","publisher":{"@id":"https:\/\/hutfactory.com\/#organization"},"alternateName":"Hut Shop","potentialAction":[{"@type":"SearchAction","target":{"@type":"EntryPoint","urlTemplate":"https:\/\/hutfactory.com\/?s={search_term_string}"},"query-input":{"@type":"PropertyValueSpecification","valueRequired":true,"valueName":"search_term_string"}}],"inLanguage":"de"},{"@type":"Organization","@id":"https:\/\/hutfactory.com\/#organization","name":"Hut Factory","url":"https:\/\/hutfactory.com\/","logo":{"@type":"ImageObject","inLanguage":"de","@id":"https:\/\/hutfactory.com\/#\/schema\/logo\/image\/","url":"https:\/\/hutfactory.com\/wp-content\/uploads\/2026\/01\/Logo-hut-factory-1.webp","contentUrl":"https:\/\/hutfactory.com\/wp-content\/uploads\/2026\/01\/Logo-hut-factory-1.webp","width":300,"height":262,"caption":"Hut Factory"},"image":{"@id":"https:\/\/hutfactory.com\/#\/schema\/logo\/image\/"}}]}},"_links":{"self":[{"href":"https:\/\/hutfactory.com\/index.php?rest_route=\/wp\/v2\/product\/18398","targetHints":{"allow":["GET"]}}],"collection":[{"href":"https:\/\/hutfactory.com\/index.php?rest_route=\/wp\/v2\/product"}],"about":[{"href":"https:\/\/hutfactory.com\/index.php?rest_route=\/wp\/v2\/types\/product"}],"wp:featuredmedia":[{"embeddable":true,"href":"https:\/\/hutfactory.com\/index.php?rest_route=\/wp\/v2\/media\/18399"}],"wp:attachment":[{"href":"https:\/\/hutfactory.com\/index.php?rest_route=%2Fwp%2Fv2%2Fmedia&parent=18398"}],"wp:term":[{"taxonomy":"product_brand","embeddable":true,"href":"https:\/\/hutfactory.com\/index.php?rest_route=%2Fwp%2Fv2%2Fproduct_brand&post=18398"},{"taxonomy":"product_cat","embeddable":true,"href":"https:\/\/hutfactory.com\/index.php?rest_route=%2Fwp%2Fv2%2Fproduct_cat&post=18398"},{"taxonomy":"product_tag","embeddable":true,"href":"https:\/\/hutfactory.com\/index.php?rest_route=%2Fwp%2Fv2%2Fproduct_tag&post=18398"}],"curies":[{"name":"wp","href":"https:\/\/api.w.org\/{rel}","templated":true}]}}