{"id":18370,"date":"2026-03-10T10:30:04","date_gmt":"2026-03-10T10:30:04","guid":{"rendered":"https:\/\/hutfactory.com\/?product=strohhut-bogart-hendschikerin"},"modified":"2026-03-10T10:43:20","modified_gmt":"2026-03-10T10:43:20","slug":"strohhut-bogart-hendschikerin","status":"publish","type":"product","link":"https:\/\/hutfactory.com\/?product=strohhut-bogart-hendschikerin","title":{"rendered":"Strohhut Bogart &#8211; HendschikerIn"},"content":{"rendered":"<h3 data-start=\"0\" data-end=\"71\"><strong data-start=\"4\" data-end=\"71\">Stilvoll. Klassisch. Markant: Sommerliche Eleganz mit Charakter<\/strong><\/h3>\n<p data-start=\"73\" data-end=\"425\">Ein Hut f\u00fcr starke Pers\u00f6nlichkeiten und feinf\u00fchlige \u00c4stheten \u0096 der <strong data-start=\"140\" data-end=\"175\">Strohhut Bogart \u0096 HendschikerIn<\/strong> aus der exklusiven <em data-start=\"195\" data-end=\"223\">Premium Freiamt Kollektion<\/em> ist eine Hommage an legend\u00e4re Silhouetten und zeitlose Klasse. Inspiriert vom ikonischen Fedora-Stil, vereint dieses Modell pr\u00e4zise Handwerkskunst mit modischem Feingef\u00fchl und nat\u00fcrlicher Leichtigkeit.<\/p>\n<p data-start=\"427\" data-end=\"797\">Gefertigt aus 100?% naturbelassenem Weizenstroh \u00fcberzeugt der Hut durch seine robuste Struktur und sein elegantes, leicht schimmerndes Flechtwerk. Die <strong data-start=\"578\" data-end=\"603\">Krone<\/strong> mit einer H\u00f6he von 10,5?cm und die markante, 6.3cm breite<strong data-start=\"578\" data-end=\"603\"> Bogart Krempe<\/strong>\u00a0verleihen dem Modell eine charaktervolle Pr\u00e4senz \u0096 perfekt f\u00fcr alle, die Stil zeigen wollen, ohne sich aufzudr\u00e4ngen.<\/p>\n<p data-start=\"799\" data-end=\"1082\">Besonderer Blickfang: das <strong data-start=\"825\" data-end=\"892\">blaue Rebsband mit feiner goldgelber Ziernaht und seitlicher Masche<\/strong>, das dem Hut einen maritimen und gleichzeitig formellen Akzent verleiht. Das saubere, innenliegende Textil-Schwei\u00dfband garantiert h\u00f6chsten Tragekomfort \u0096 auch bei sommerlichen Temperaturen.<\/p>\n<h3 data-start=\"1402\" data-end=\"1426\"><strong data-start=\"1406\" data-end=\"1424\">Perfekt f\u00fcr\u0085<\/strong><\/h3>\n<p data-start=\"1427\" data-end=\"1835\"><strong data-start=\"1430\" data-end=\"1454\">Sommerliche Anl\u00e4sse:<\/strong> Der ideale Begleiter f\u00fcr Stadtspazierg\u00e4nge, Gartenpartys oder Segeltage \u0096 stilvoll gesch\u00fctzt und perfekt inszeniert.<br data-start=\"1571\" data-end=\"1574\" \/><strong data-start=\"1577\" data-end=\"1597\">Elegante Events:<\/strong> Seine klassische Form macht ihn zum perfekten Accessoire f\u00fcr stilvolle Empf\u00e4nge oder Open-Air-Soireen.<br data-start=\"1700\" data-end=\"1703\" \/><strong data-start=\"1706\" data-end=\"1734\">Natur- und Stilbewusste:<\/strong> Wer Wert auf Qualit\u00e4t, Nachhaltigkeit und lokale Handarbeit legt, trifft hier die goldrichtige Wahl.<\/p>\n<div class=\"hf-accordions\">\n<hr class=\"hf-accordion-separator\" \/>\n<details class=\"hf-accordion\">\n<summary><strong>\u25b6\ufe0f Gut zu wissen \u2013 mehr erfahren<\/strong><\/summary>\n<div class=\"hf-accordion-content\">\n<h3 class=\"\" data-start=\"2618\" data-end=\"2645\">Eigenschaften &#038; Details<\/h3>\n<p class=\"\" data-start=\"2647\" data-end=\"3078\"><strong data-start=\"2647\" data-end=\"2660\">Material:<\/strong> 100% Weizenstroh \u0096 naturbelassen, leicht, strapazierf\u00e4hig<br data-start=\"2718\" data-end=\"2721\" \/><strong data-start=\"2721\" data-end=\"2736\">Randbreite:<\/strong> 6.3 cm \u0096 perfekter Sonnenschutz in eleganter Form<br data-start=\"2786\" data-end=\"2789\" \/><strong data-start=\"2789\" data-end=\"2802\">Kopfh\u00f6he:<\/strong> 10.5 cm \u0096 markante Bogart-Krone f\u00fcr stilvolle Pr\u00e4senz<br data-start=\"2856\" data-end=\"2859\" \/><strong data-start=\"2859\" data-end=\"2870\">Gr\u00f6\u00dfen:<\/strong> Ma\u00dfgefertigt auf Bestellung in den Gr\u00f6ssen 53-63<br data-start=\"2898\" data-end=\"2901\" \/><strong data-start=\"2901\" data-end=\"2914\">Garnitur:<\/strong> Edles, blaues Rebsband mit feinem gelbem Streifen und eleganter Masche seitlich<br data-start=\"2994\" data-end=\"2997\" \/><strong data-start=\"2997\" data-end=\"3013\">Schwei\u00dfband:<\/strong> Textilinnenband \u0096 sauber verarbeitet f\u00fcr h\u00f6chsten Tragekomfort<\/p>\n<h3 class=\"\" data-start=\"3085\" data-end=\"3110\">Design &#038; Verarbeitung<\/h3>\n<p class=\"\" data-start=\"3112\" data-end=\"3453\">Das &#8220;Model Hendschiker:in&#8221; zeichnet sich durch eine meisterhafte Flechttechnik, eine klare Bogart-Linie und ein harmonisches Farbspiel aus. Das edle Rebsband mit gelber Zierlinie bringt Frische und maritime Eleganz in das klassische Hutdesign. Jedes Detail spiegelt die Leidenschaft f\u00fcr Perfektion und traditionelles Hutmacherhandwerk wider.<\/p>\n<h3 class=\"\" data-start=\"3460\" data-end=\"3492\">Handgefertigt in der Schweiz<\/h3>\n<p class=\"\" data-start=\"3494\" data-end=\"3794\">Jeder Hut dieser Kollektion wird mit gr\u00f6\u00dfter Sorgfalt und Liebe zum Detail von erfahrenen Hutmacherinnen und Hutmachern in der Schweiz gefertigt. Die aufwendige Handarbeit und der Einsatz ausschlie\u00dflich hochwertigster Materialien garantieren ein langlebiges Produkt, das Generationen \u00fcberdauern kann.<\/p>\n<h3 class=\"\" data-start=\"3801\" data-end=\"3830\">Nachhaltigkeit &#038; Qualit\u00e4t<\/h3>\n<p class=\"\" data-start=\"3832\" data-end=\"4089\"><strong data-start=\"3832\" data-end=\"3859\">Nat\u00fcrliche Materialien:<\/strong> Weizenstroh \u0096 nachhaltig, leicht &#038; biologisch abbaubar<br data-start=\"3914\" data-end=\"3917\" \/><strong data-start=\"3917\" data-end=\"3944\">Handarbeit &#038; Tradition:<\/strong> Jeder Hut ein Unikat \u0096 gefertigt nach h\u00f6chsten Standards<br data-start=\"4001\" data-end=\"4004\" \/><strong data-start=\"4004\" data-end=\"4022\">Langlebigkeit:<\/strong> Robuste Struktur und edle Verarbeitung f\u00fcr langanhaltende Freude<\/p>\n<h3 class=\"\" data-start=\"4096\" data-end=\"4121\">Herstellung &#038; Versand<\/h3>\n<p class=\"\" data-start=\"4123\" data-end=\"4472\"><strong data-start=\"4123\" data-end=\"4152\">Fertigung auf Bestellung:<\/strong> Individuelle Herstellung nach Bestelleingang<br data-start=\"4197\" data-end=\"4200\" \/><strong data-start=\"4200\" data-end=\"4221\">Herstellungszeit:<\/strong> 10 bis 15 Arbeitstage nach Zahlungseingang<br data-start=\"4264\" data-end=\"4267\" \/><strong data-start=\"4267\" data-end=\"4279\">Versand:<\/strong> Nach Fertigstellung innerhalb weniger Tage ab Standort Schweiz<br data-start=\"4342\" data-end=\"4345\" \/><strong data-start=\"4345\" data-end=\"4363\">Verf\u00fcgbarkeit:<\/strong> Abverkauf des Rohmaterials vorbehalten<br data-start=\"4402\" data-end=\"4405\" \/><strong data-start=\"4405\" data-end=\"4418\">Garantie:<\/strong> Umtausch nur bei Material- oder Herstellungsfehlern<\/p>\n<\/div>\n<\/details>\n<details class=\"hf-accordion\">\n<summary><strong>\u25b6\ufe0f FAQ \u2013 H\u00e4ufige Fragen<\/strong><\/summary>\n<div class=\"hf-accordion-content\">\n<h3 class=\"\" data-start=\"4479\" data-end=\"4486\">FAQ<\/h3>\n<p class=\"\" data-start=\"4488\" data-end=\"4619\"><strong data-start=\"4488\" data-end=\"4539\">Ist der Strohhut f\u00fcr hei\u00dfe Sommertage geeignet?<\/strong><br data-start=\"4539\" data-end=\"4542\" \/>Ja \u0096 Weizenstroh ist besonders leicht und atmungsaktiv, ideal f\u00fcr den Sommer.<\/p>\n<p class=\"\" data-start=\"4621\" data-end=\"4747\"><strong data-start=\"4621\" data-end=\"4653\">Bietet der Hut Sonnenschutz?<\/strong><br data-start=\"4653\" data-end=\"4656\" \/>Die breite Krempe sch\u00fctzt zuverl\u00e4ssig Gesicht und Nacken vor intensiver Sonneneinstrahlung.<\/p>\n<p class=\"\" data-start=\"4749\" data-end=\"4845\"><strong data-start=\"4749\" data-end=\"4795\">Kann der Hut individuell angepasst werden?<\/strong><br data-start=\"4795\" data-end=\"4798\" \/>Ja \u0096 er wird ma\u00dfgefertigt in Ihrer Wunschgr\u00f6\u00dfe.<\/p>\n<p class=\"\" data-start=\"4847\" data-end=\"5043\"><strong data-start=\"4847\" data-end=\"4874\">Wie pflege ich den Hut?<\/strong><br data-start=\"4874\" data-end=\"4877\" \/>Trocken und k\u00fchl lagern, direkte Feuchtigkeit meiden. Verschmutzungen vorsichtig mit einem weichen Tuch abwischen. Weitere Hinweise finden Sie unter: [Pflegehinweise]<\/p>\n<p class=\"\" data-start=\"5045\" data-end=\"5210\"><strong data-start=\"5045\" data-end=\"5075\">Ist eine R\u00fcckgabe m\u00f6glich?<\/strong><br data-start=\"5075\" data-end=\"5078\" \/>Da es sich um eine Sonderanfertigung handelt, ist eine R\u00fcckgabe ausgeschlossen. Umtausch nur bei Material- oder Herstellungsfehlern.<\/p>\n<\/div>\n<\/details>\n<\/div>\n","protected":false},"excerpt":{"rendered":"<h3 class=\"\" data-start=\"5490\" data-end=\"5545\">Tradition trifft Moderne \u0096 Ihr Sommerhighlight<\/h3>\n<p class=\"\" data-start=\"5547\" data-end=\"5823\">Mit dem <strong><em data-start=\"5555\" data-end=\"5595\">Strohhut Bogart &#8220;Model Hendschiker:in&#8221;<\/em> <\/strong>tragen Sie ein echtes Meisterwerk auf dem Kopf: <strong>gefertigt in akribischer Handarbeit, mit Liebe zu Detail und Material<\/strong>, ein Symbol f\u00fcr zeitlose Eleganz und nachhaltigen Luxus. Perfekt f\u00fcr alle, die das Au\u00dfergew\u00f6hnliche sch\u00e4tzen.<\/p>\n","protected":false},"featured_media":18371,"template":"","meta":{"_acf_changed":false,"rs_blank_template":"","rs_page_bg_color":"","slide_template_v7":""},"product_brand":[250],"product_cat":[611,616,275],"product_tag":[],"class_list":{"0":"post-18370","1":"product","2":"type-product","3":"status-publish","4":"has-post-thumbnail","6":"product_brand-risa-hutwerkstatt-schweiz","7":"product_cat-bogart-sommerhuete","8":"product_cat-freiamt-sommerhuete","9":"product_cat-sommerhuete","10":"product_shipping_class-mittlere-pakete","11":"pa_color-natur","12":"pa_groesse-302","13":"pa_groesse-206","14":"pa_groesse-196","15":"pa_groesse-207","16":"pa_groesse-197","17":"pa_groesse-208","18":"pa_groesse-198","19":"pa_groesse-209","20":"pa_groesse-199","21":"pa_groesse-210","22":"pa_groesse-213","23":"yith_product_brand-risa-hutwerkstatt-schweiz","26":"instock","27":"taxable","28":"shipping-taxable","29":"purchasable","30":"product-type-variable","31":"wvs-archive-product-wrapper","32":"add-to-wishlist-after_add_to_cart"},"acf":[],"yoast_head":"<!-- This site is optimized with the Yoast SEO Premium plugin v27.3 (Yoast SEO v27.3) - https:\/\/yoast.com\/product\/yoast-seo-premium-wordpress\/ -->\n<title>Strohhut Bogart aus Weizenstroh \u0096 handgefertigt in der Schweiz<\/title>\n<meta name=\"description\" content=\"Handgefertigter Strohhut Bogart aus 100% Weizenstroh mit blau-gelber Garnitur. Exklusiv aus der Freiamt Kollektion \u0096 stilvoll &amp; nachhaltig.\" \/>\n<meta name=\"robots\" content=\"index, follow, max-snippet:-1, max-image-preview:large, max-video-preview:-1\" \/>\n<link rel=\"canonical\" href=\"https:\/\/hutfactory.com\/?product=strohhut-bogart-hendschikerin\" \/>\n<meta property=\"og:locale\" content=\"de_DE\" \/>\n<meta property=\"og:type\" content=\"article\" \/>\n<meta property=\"og:title\" content=\"Strohhut Bogart - HendschikerIn\" \/>\n<meta property=\"og:description\" content=\"Handgefertigter Strohhut Bogart aus 100% Weizenstroh mit blau-gelber Garnitur. Exklusiv aus der Freiamt Kollektion \u0096 stilvoll &amp; nachhaltig.\" \/>\n<meta property=\"og:url\" content=\"https:\/\/hutfactory.com\/?product=strohhut-bogart-hendschikerin\" \/>\n<meta property=\"og:site_name\" content=\"Hut Factory\" \/>\n<meta property=\"article:modified_time\" content=\"2026-03-10T10:43:20+00:00\" \/>\n<meta property=\"og:image\" content=\"https:\/\/hutfactory.com\/wp-content\/uploads\/2026\/03\/10407002.webp\" \/>\n\t<meta property=\"og:image:width\" content=\"750\" \/>\n\t<meta property=\"og:image:height\" content=\"750\" \/>\n\t<meta property=\"og:image:type\" content=\"image\/webp\" \/>\n<meta name=\"twitter:card\" content=\"summary_large_image\" \/>\n<meta name=\"twitter:label1\" content=\"Gesch\u00e4tzte Lesezeit\" \/>\n\t<meta name=\"twitter:data1\" content=\"3\u00a0Minuten\" \/>\n<script type=\"application\/ld+json\" class=\"yoast-schema-graph\">{\"@context\":\"https:\\\/\\\/schema.org\",\"@graph\":[{\"@type\":\"WebPage\",\"@id\":\"https:\\\/\\\/hutfactory.com\\\/?product=strohhut-bogart-hendschikerin\",\"url\":\"https:\\\/\\\/hutfactory.com\\\/?product=strohhut-bogart-hendschikerin\",\"name\":\"Strohhut Bogart aus Weizenstroh \u0096 handgefertigt in der Schweiz\",\"isPartOf\":{\"@id\":\"https:\\\/\\\/hutfactory.com\\\/#website\"},\"primaryImageOfPage\":{\"@id\":\"https:\\\/\\\/hutfactory.com\\\/?product=strohhut-bogart-hendschikerin#primaryimage\"},\"image\":{\"@id\":\"https:\\\/\\\/hutfactory.com\\\/?product=strohhut-bogart-hendschikerin#primaryimage\"},\"thumbnailUrl\":\"https:\\\/\\\/hutfactory.com\\\/wp-content\\\/uploads\\\/2026\\\/03\\\/10407002.webp\",\"datePublished\":\"2026-03-10T10:30:04+00:00\",\"dateModified\":\"2026-03-10T10:43:20+00:00\",\"description\":\"Handgefertigter Strohhut Bogart aus 100% Weizenstroh mit blau-gelber Garnitur. Exklusiv aus der Freiamt Kollektion \u0096 stilvoll & nachhaltig.\",\"breadcrumb\":{\"@id\":\"https:\\\/\\\/hutfactory.com\\\/?product=strohhut-bogart-hendschikerin#breadcrumb\"},\"inLanguage\":\"de\",\"potentialAction\":[{\"@type\":\"ReadAction\",\"target\":[\"https:\\\/\\\/hutfactory.com\\\/?product=strohhut-bogart-hendschikerin\"]}]},{\"@type\":\"ImageObject\",\"inLanguage\":\"de\",\"@id\":\"https:\\\/\\\/hutfactory.com\\\/?product=strohhut-bogart-hendschikerin#primaryimage\",\"url\":\"https:\\\/\\\/hutfactory.com\\\/wp-content\\\/uploads\\\/2026\\\/03\\\/10407002.webp\",\"contentUrl\":\"https:\\\/\\\/hutfactory.com\\\/wp-content\\\/uploads\\\/2026\\\/03\\\/10407002.webp\",\"width\":750,\"height\":750,\"caption\":\"mit blau-gelbem Hutband und Bogart-typischer Krone. Meisterhaftes Accessoire f\u00fcr stilvolle Sommertage.|\"},{\"@type\":\"BreadcrumbList\",\"@id\":\"https:\\\/\\\/hutfactory.com\\\/?product=strohhut-bogart-hendschikerin#breadcrumb\",\"itemListElement\":[{\"@type\":\"ListItem\",\"position\":1,\"name\":\"Start\",\"item\":\"https:\\\/\\\/hutfactory.com\\\/\"},{\"@type\":\"ListItem\",\"position\":2,\"name\":\"Shop\",\"item\":\"https:\\\/\\\/hutfactory.com\\\/?page_id=10\"},{\"@type\":\"ListItem\",\"position\":3,\"name\":\"Strohhut Bogart &#8211; HendschikerIn\"}]},{\"@type\":\"WebSite\",\"@id\":\"https:\\\/\\\/hutfactory.com\\\/#website\",\"url\":\"https:\\\/\\\/hutfactory.com\\\/\",\"name\":\"Hut Factory\",\"description\":\"H\u00fcte, Kappen &amp; M\u00fctzen in Top Swiss\\\/EU Qualit\u00e4t\",\"publisher\":{\"@id\":\"https:\\\/\\\/hutfactory.com\\\/#organization\"},\"alternateName\":\"Hut Shop\",\"potentialAction\":[{\"@type\":\"SearchAction\",\"target\":{\"@type\":\"EntryPoint\",\"urlTemplate\":\"https:\\\/\\\/hutfactory.com\\\/?s={search_term_string}\"},\"query-input\":{\"@type\":\"PropertyValueSpecification\",\"valueRequired\":true,\"valueName\":\"search_term_string\"}}],\"inLanguage\":\"de\"},{\"@type\":\"Organization\",\"@id\":\"https:\\\/\\\/hutfactory.com\\\/#organization\",\"name\":\"Hut Factory\",\"url\":\"https:\\\/\\\/hutfactory.com\\\/\",\"logo\":{\"@type\":\"ImageObject\",\"inLanguage\":\"de\",\"@id\":\"https:\\\/\\\/hutfactory.com\\\/#\\\/schema\\\/logo\\\/image\\\/\",\"url\":\"https:\\\/\\\/hutfactory.com\\\/wp-content\\\/uploads\\\/2026\\\/01\\\/Logo-hut-factory-1.webp\",\"contentUrl\":\"https:\\\/\\\/hutfactory.com\\\/wp-content\\\/uploads\\\/2026\\\/01\\\/Logo-hut-factory-1.webp\",\"width\":300,\"height\":262,\"caption\":\"Hut Factory\"},\"image\":{\"@id\":\"https:\\\/\\\/hutfactory.com\\\/#\\\/schema\\\/logo\\\/image\\\/\"}}]}<\/script>\n<!-- \/ Yoast SEO Premium plugin. -->","yoast_head_json":{"title":"Strohhut Bogart aus Weizenstroh \u0096 handgefertigt in der Schweiz","description":"Handgefertigter Strohhut Bogart aus 100% Weizenstroh mit blau-gelber Garnitur. Exklusiv aus der Freiamt Kollektion \u0096 stilvoll & nachhaltig.","robots":{"index":"index","follow":"follow","max-snippet":"max-snippet:-1","max-image-preview":"max-image-preview:large","max-video-preview":"max-video-preview:-1"},"canonical":"https:\/\/hutfactory.com\/?product=strohhut-bogart-hendschikerin","og_locale":"de_DE","og_type":"article","og_title":"Strohhut Bogart - HendschikerIn","og_description":"Handgefertigter Strohhut Bogart aus 100% Weizenstroh mit blau-gelber Garnitur. Exklusiv aus der Freiamt Kollektion \u0096 stilvoll & nachhaltig.","og_url":"https:\/\/hutfactory.com\/?product=strohhut-bogart-hendschikerin","og_site_name":"Hut Factory","article_modified_time":"2026-03-10T10:43:20+00:00","og_image":[{"width":750,"height":750,"url":"https:\/\/hutfactory.com\/wp-content\/uploads\/2026\/03\/10407002.webp","type":"image\/webp"}],"twitter_card":"summary_large_image","twitter_misc":{"Gesch\u00e4tzte Lesezeit":"3\u00a0Minuten"},"schema":{"@context":"https:\/\/schema.org","@graph":[{"@type":"WebPage","@id":"https:\/\/hutfactory.com\/?product=strohhut-bogart-hendschikerin","url":"https:\/\/hutfactory.com\/?product=strohhut-bogart-hendschikerin","name":"Strohhut Bogart aus Weizenstroh \u0096 handgefertigt in der Schweiz","isPartOf":{"@id":"https:\/\/hutfactory.com\/#website"},"primaryImageOfPage":{"@id":"https:\/\/hutfactory.com\/?product=strohhut-bogart-hendschikerin#primaryimage"},"image":{"@id":"https:\/\/hutfactory.com\/?product=strohhut-bogart-hendschikerin#primaryimage"},"thumbnailUrl":"https:\/\/hutfactory.com\/wp-content\/uploads\/2026\/03\/10407002.webp","datePublished":"2026-03-10T10:30:04+00:00","dateModified":"2026-03-10T10:43:20+00:00","description":"Handgefertigter Strohhut Bogart aus 100% Weizenstroh mit blau-gelber Garnitur. Exklusiv aus der Freiamt Kollektion \u0096 stilvoll & nachhaltig.","breadcrumb":{"@id":"https:\/\/hutfactory.com\/?product=strohhut-bogart-hendschikerin#breadcrumb"},"inLanguage":"de","potentialAction":[{"@type":"ReadAction","target":["https:\/\/hutfactory.com\/?product=strohhut-bogart-hendschikerin"]}]},{"@type":"ImageObject","inLanguage":"de","@id":"https:\/\/hutfactory.com\/?product=strohhut-bogart-hendschikerin#primaryimage","url":"https:\/\/hutfactory.com\/wp-content\/uploads\/2026\/03\/10407002.webp","contentUrl":"https:\/\/hutfactory.com\/wp-content\/uploads\/2026\/03\/10407002.webp","width":750,"height":750,"caption":"mit blau-gelbem Hutband und Bogart-typischer Krone. Meisterhaftes Accessoire f\u00fcr stilvolle Sommertage.|"},{"@type":"BreadcrumbList","@id":"https:\/\/hutfactory.com\/?product=strohhut-bogart-hendschikerin#breadcrumb","itemListElement":[{"@type":"ListItem","position":1,"name":"Start","item":"https:\/\/hutfactory.com\/"},{"@type":"ListItem","position":2,"name":"Shop","item":"https:\/\/hutfactory.com\/?page_id=10"},{"@type":"ListItem","position":3,"name":"Strohhut Bogart &#8211; HendschikerIn"}]},{"@type":"WebSite","@id":"https:\/\/hutfactory.com\/#website","url":"https:\/\/hutfactory.com\/","name":"Hut Factory","description":"H\u00fcte, Kappen &amp; M\u00fctzen in Top Swiss\/EU Qualit\u00e4t","publisher":{"@id":"https:\/\/hutfactory.com\/#organization"},"alternateName":"Hut Shop","potentialAction":[{"@type":"SearchAction","target":{"@type":"EntryPoint","urlTemplate":"https:\/\/hutfactory.com\/?s={search_term_string}"},"query-input":{"@type":"PropertyValueSpecification","valueRequired":true,"valueName":"search_term_string"}}],"inLanguage":"de"},{"@type":"Organization","@id":"https:\/\/hutfactory.com\/#organization","name":"Hut Factory","url":"https:\/\/hutfactory.com\/","logo":{"@type":"ImageObject","inLanguage":"de","@id":"https:\/\/hutfactory.com\/#\/schema\/logo\/image\/","url":"https:\/\/hutfactory.com\/wp-content\/uploads\/2026\/01\/Logo-hut-factory-1.webp","contentUrl":"https:\/\/hutfactory.com\/wp-content\/uploads\/2026\/01\/Logo-hut-factory-1.webp","width":300,"height":262,"caption":"Hut Factory"},"image":{"@id":"https:\/\/hutfactory.com\/#\/schema\/logo\/image\/"}}]}},"_links":{"self":[{"href":"https:\/\/hutfactory.com\/index.php?rest_route=\/wp\/v2\/product\/18370","targetHints":{"allow":["GET"]}}],"collection":[{"href":"https:\/\/hutfactory.com\/index.php?rest_route=\/wp\/v2\/product"}],"about":[{"href":"https:\/\/hutfactory.com\/index.php?rest_route=\/wp\/v2\/types\/product"}],"wp:featuredmedia":[{"embeddable":true,"href":"https:\/\/hutfactory.com\/index.php?rest_route=\/wp\/v2\/media\/18371"}],"wp:attachment":[{"href":"https:\/\/hutfactory.com\/index.php?rest_route=%2Fwp%2Fv2%2Fmedia&parent=18370"}],"wp:term":[{"taxonomy":"product_brand","embeddable":true,"href":"https:\/\/hutfactory.com\/index.php?rest_route=%2Fwp%2Fv2%2Fproduct_brand&post=18370"},{"taxonomy":"product_cat","embeddable":true,"href":"https:\/\/hutfactory.com\/index.php?rest_route=%2Fwp%2Fv2%2Fproduct_cat&post=18370"},{"taxonomy":"product_tag","embeddable":true,"href":"https:\/\/hutfactory.com\/index.php?rest_route=%2Fwp%2Fv2%2Fproduct_tag&post=18370"}],"curies":[{"name":"wp","href":"https:\/\/api.w.org\/{rel}","templated":true}]}}