{"id":18138,"date":"2026-03-10T10:25:22","date_gmt":"2026-03-10T10:25:22","guid":{"rendered":"https:\/\/hutfactory.com\/?product=bogart-jubilaeumshut-julian-superfeiner-weizen"},"modified":"2026-03-10T10:43:42","modified_gmt":"2026-03-10T10:43:42","slug":"bogart-jubilaeumshut-julian-superfeiner-weizen","status":"publish","type":"product","link":"https:\/\/hutfactory.com\/?product=bogart-jubilaeumshut-julian-superfeiner-weizen","title":{"rendered":"Bogart Jubil\u00e4umshut Julian superfeiner Weizen"},"content":{"rendered":"<div class=\"wpb-content-wrapper\"><p>[vc_row][vc_column][vc_column_text css=&#8221;&#8221;]<\/p>\n<h3 data-start=\"0\" data-end=\"91\">F\u00fcr einen stilvollen Sommer mit Charakter: Jubil\u00e4umsmodell Julian aus feinstem Weizen<\/h3>\n<p data-start=\"93\" data-end=\"486\">Ein Hut wie eine Hommage an die Handwerkskunst: Das Jubil\u00e4umsmodell <strong data-start=\"161\" data-end=\"173\">\u0084Julian\u0093<\/strong> vereint zeitlose Eleganz, nat\u00fcrliche Materialien und die Liebe zum Detail. Gefertigt aus <strong data-start=\"263\" data-end=\"303\">100 % extrem superfeinem Weizenstroh<\/strong> besticht dieses Fedora-Modell durch seine markante Silhouette, meisterhafte Verarbeitung und eine klare Designsprache \u0096 ein Highlight der exklusiven <strong data-start=\"453\" data-end=\"485\">100 Jahre RISA Sonderedition<\/strong>.<\/p>\n<p data-start=\"492\" data-end=\"539\">Puristische Linie trifft feinste Struktur, mit seiner 6.5 cm breiten Krempe und der klassischen Fedora-Krone von 11 cm H\u00f6he wirkt \u0084Julian\u0093 maskulin, klar und doch dezent edel. Die naturfarbene Strohbasis bringt die filigrane Flechtung perfekt zur Geltung, w\u00e4hrend das <strong data-start=\"766\" data-end=\"807\">marineblaue Rebsband mit edler Masche<\/strong> und Knopf-Akzent als eleganter Kontrast \u00fcberzeugt. Das Ergebnis: Ein federleichter Sommerhut mit ikonischem Charakter \u0096 geschaffen f\u00fcr moderne Gentlemen mit Sinn f\u00fcr Qualit\u00e4t.<\/p>\n<h3 data-start=\"1132\" data-end=\"1152\">Perfekt f\u00fcr\u0085<\/h3>\n<ul>\n<li data-start=\"1153\" data-end=\"1494\"><strong data-start=\"1156\" data-end=\"1189\">Sommerliche Eleganz mit Stil:<\/strong> Ideal f\u00fcr Gartenpartys, Sommerhochzeiten oder sonnige City-Tage.<\/li>\n<li data-start=\"1153\" data-end=\"1494\"><strong data-start=\"1260\" data-end=\"1300\">Liebhaber klassischer Fedora-Formen:<\/strong> Der perfekte Mix aus maskuliner Ausstrahlung und feiner Handarbeit.<\/li>\n<li data-start=\"1153\" data-end=\"1494\"><strong data-start=\"1374\" data-end=\"1414\">Nat\u00fcrliche Materialien, klarer Stil:<\/strong> F\u00fcr alle, die bei Accessoires auf Nachhaltigkeit, Komfort und Tradition setzen.<\/li>\n<\/ul>\n<p>[\/vc_column_text][\/vc_column][\/vc_row]<\/p>\n<div class=\"hf-accordions\">\n<hr class=\"hf-accordion-separator\" \/>\n<details class=\"hf-accordion\">\n<summary><strong>\u25b6\ufe0f Gut zu wissen \u2013 mehr erfahren<\/strong><\/summary>\n<div class=\"hf-accordion-content\">\n<div class=\"wpb_text_column wpb_content_element\">\n<div class=\"wpb_wrapper\">\n<h3>Ausstattungsmerkmale:<\/h3>\n<\/div>\n<\/div>\n<div class=\"wpb_text_column wpb_content_element\">\n<div class=\"wpb_wrapper\">\n<ul>\n<li><strong>Material:<\/strong>\u00a0100% extrem superfeiner Weizen<\/li>\n<li><strong>Farboptionen:\u00a0<\/strong>Nature<\/li>\n<li><strong>Randbreite:<\/strong>\u00a06.5\u00a0 cm<\/li>\n<li><strong>Kopfh\u00f6he:<\/strong>\u00a011 cm<\/li>\n<li><strong>Garnitur:<\/strong>\u00a0Marineblaues Hutband aus Rebs mit Masche<\/li>\n<li><strong>Gr\u00f6\u00dfen:<\/strong>\u00a054-62<\/li>\n<li><strong>Schweissband:<\/strong>\u00a0Sauber eingen\u00e4htes Textilinnenband als Schweissband<\/li>\n<li><strong>Made:<\/strong>\u00a0Dieses Modell wird im Herzen Europas bei der Schweizer Hutmanufaktur Risa auf Bestellung hergestellt<\/li>\n<li><strong>Herstellung:<\/strong>\u00a0ca. 30 Arbeitstage nach Zahlungseingang<\/li>\n<li><strong>Abverkauf:\u00a0<\/strong>des Rohmaterials vorbehalten<\/li>\n<li><strong>Info:<\/strong>\u00a0Das 100-Jahr-Jubil\u00e4um im Jahre 2019 nahm RISA zum Anlass, jedem Gesch\u00e4ftsf\u00fchrer der Firmengeschichte einen eigenen Hut zu widmen. Diese sind limitiert und werden mit aussergew\u00f6hnlichen Materialien und Techniken gefertig<\/li>\n<\/ul>\n<\/div>\n<\/div>\n<\/div>\n<\/details>\n<details class=\"hf-accordion\">\n<summary><strong>\u25b6\ufe0f FAQ \u2013 H\u00e4ufige Fragen<\/strong><\/summary>\n<div class=\"hf-accordion-content\"><strong>FAQs zum Strohhut 100 Jahre RISA \u0093Superfeiner Weizen Julian\u0094<\/strong><\/p>\n<p>\u00a0<\/p>\n<ol>\n<li><strong>Welche Gr\u00f6\u00dfen gibt es?<\/strong>\n<ul>\n<li>Der Hut ist in den Gr\u00f6\u00dfen 54 bis 62 erh\u00e4ltlich. So findest du garantiert die perfekte Passform f\u00fcr deinen Kopf.<\/li>\n<\/ul>\n<\/li>\n<li><strong>Wie pflege ich meinen Strohhut?<\/strong>\n<ul>\n<li>Am besten bewahrst du deinen Hut an einem trockenen Ort auf und sch\u00fctzt ihn vor direkter Sonneneinstrahlung, wenn du ihn nicht tr\u00e4gst. Bei leichten Verschmutzungen hilft eine weiche B\u00fcrste.<\/li>\n<\/ul>\n<\/li>\n<li><strong>Ist der Hut wasserabweisend?<\/strong>\n<ul>\n<li>Strohh\u00fcte sind von Natur aus nicht wasserabweisend. Halte deinen Hut am besten trocken und vermeide Regen, um die Form und Qualit\u00e4t zu erhalten.<\/li>\n<\/ul>\n<\/li>\n<li><strong>Kann ich den Hut zur\u00fcckgeben, wenn er mir nicht gef\u00e4llt?<\/strong>\n<ul>\n<li>Da der Hut eine Sonderanfertigung ist, k\u00f6nnen wir leider keine R\u00fcckgabe anbieten, au\u00dfer bei Material- und Herstellungsfehlern. Aber keine Sorge, die Qualit\u00e4t wird dich \u00fcberzeugen!<\/li>\n<\/ul>\n<\/li>\n<li><strong>Wie lange dauert die Herstellung?<\/strong>\n<ul>\n<li>Dein Hut wird innerhalb von ca. 30 Arbeitstagen in der Schweiz handgefertigt. Exklusivit\u00e4t braucht eben seine Zeit!<\/li>\n<\/ul>\n<\/li>\n<li><strong>Gibt es eine Garantie auf den Hut?<\/strong>\n<ul>\n<li>Ja, wir bieten eine Garantie auf Material- und Herstellungsfehler. Dein Hut wird mit h\u00f6chster Sorgfalt gefertigt.<\/li>\n<\/ul>\n<\/li>\n<li><strong>Was mache ich, wenn mein Hut besch\u00e4digt ankommt?<\/strong>\n<ul>\n<li>Sollte dein Hut einen Herstellungsfehler aufweisen, kontaktiere uns bitte umgehend. Wir k\u00fcmmern uns darum, dass du schnellstm\u00f6glich einen einwandfreien Hut erh\u00e4ltst.<\/li>\n<\/ul>\n<\/li>\n<li><strong>Wie messe ich meinen Kopfumfang richtig?<\/strong>\n<ul>\n<li>Verwende ein flexibles Ma\u00dfband und miss den Umfang deines Kopfes an der Stelle, wo der Hut sitzen soll \u0096 meistens knapp \u00fcber den Ohren und den Augenbrauen.<\/li>\n<\/ul>\n<\/li>\n<li><strong>Kann ich meinen Hut individuell gestalten lassen?<\/strong>\n<ul>\n<li>Jede Bestellung ist bereits eine Sonderanfertigung, die speziell f\u00fcr dich gefertigt wird. Zus\u00e4tzliche Individualisierungen besprechen wir gerne pers\u00f6nlich mit dir.<\/li>\n<\/ul>\n<\/li>\n<li><strong>Ist der Hut f\u00fcr alle Sommeraktivit\u00e4ten geeignet?<\/strong>\n<ul>\n<li>Absolut! Egal ob du am Strand entspannst, durch die Stadt schlenderst oder auf einer Gartenparty feierst \u0096 dein Strohhut ist der perfekte Begleiter f\u00fcr jede sommerliche Gelegenheit.<\/li>\n<\/ul>\n<\/li>\n<\/ol>\n<p>Jetzt bist du bestens informiert und bereit, dir den exklusiven Strohhut 100 Jahre RISA \u0093Superfeiner Weizen Julian\u0094 zu sichern. Viel Spa\u00df beim Tragen und Sonne genie\u00dfen!<\/p><\/div>\n<\/details>\n<\/div>\n<\/div>","protected":false},"excerpt":{"rendered":"<div class=\"flex-shrink-0 flex flex-col relative items-end\">\n<div class=\"pt-0.5 juice:pt-0\">\n<div class=\"gizmo-bot-avatar flex h-6 w-6 items-center justify-center overflow-hidden rounded-full juice:h-8 juice:w-8\">\n<h3 data-start=\"5474\" data-end=\"5526\">F\u00fcr Frauen &#038; M\u00e4nner mit Anspruch: Der Fedora f\u00fcrs Leben<\/h3>\n<p data-start=\"5527\" data-end=\"5731\" data-is-last-node=\"\" data-is-only-node=\"\">Mit dem Modell <strong data-start=\"5542\" data-end=\"5552\">Julian<\/strong> feiern wir 100 Jahre Hutmacherkunst. Ein Statement aus Naturstroh, das Stil, Nachhaltigkeit und Handwerkskultur vereint \u0096 geschaffen f\u00fcr Individualisten mit Blick f\u00fcrs Besondere.<\/p>\n<\/div>\n<\/div>\n<\/div>\n","protected":false},"featured_media":18139,"template":"","meta":{"_acf_changed":false,"rs_blank_template":"","rs_page_bg_color":"","slide_template_v7":""},"product_brand":[250],"product_cat":[276,275],"product_tag":[],"class_list":{"0":"post-18138","1":"product","2":"type-product","3":"status-publish","4":"has-post-thumbnail","6":"product_brand-risa-hutwerkstatt-schweiz","7":"product_cat-fedora-sommerhuete","8":"product_cat-sommerhuete","9":"product_shipping_class-mittlere-pakete","10":"pa_color-natur","11":"pa_groesse-206","12":"pa_groesse-196","13":"pa_groesse-207","14":"pa_groesse-197","15":"pa_groesse-208","16":"pa_groesse-198","17":"pa_groesse-209","18":"pa_groesse-199","19":"pa_groesse-210","20":"yith_product_brand-risa-hutwerkstatt-schweiz","23":"instock","24":"taxable","25":"shipping-taxable","26":"purchasable","27":"product-type-variable","28":"wvs-archive-product-wrapper","29":"add-to-wishlist-after_add_to_cart"},"acf":[],"yoast_head":"<!-- This site is optimized with the Yoast SEO Premium plugin v27.3 (Yoast SEO v27.3) - https:\/\/yoast.com\/product\/yoast-seo-premium-wordpress\/ -->\n<title>Sommerhut Fedora superfeiner Weizen, handmade in der Schweiz<\/title>\n<meta name=\"description\" content=\"Fedora Sommerhut \u0084Julian\u0093 \u0096 100 Jahre Risa Jubil\u00e4um, aus superfeinem Weizenstroh, handgefertigt in der Schweiz. Eleganter Stil f\u00fcr sonnige Tage.\" \/>\n<meta name=\"robots\" content=\"index, follow, max-snippet:-1, max-image-preview:large, max-video-preview:-1\" \/>\n<link rel=\"canonical\" href=\"https:\/\/hutfactory.com\/?product=bogart-jubilaeumshut-julian-superfeiner-weizen\" \/>\n<meta property=\"og:locale\" content=\"de_DE\" \/>\n<meta property=\"og:type\" content=\"article\" \/>\n<meta property=\"og:title\" content=\"Bogart Jubil\u00e4umshut Julian superfeiner Weizen\" \/>\n<meta property=\"og:description\" content=\"Fedora Sommerhut \u0084Julian\u0093 \u0096 100 Jahre Risa Jubil\u00e4um, aus superfeinem Weizenstroh, handgefertigt in der Schweiz. Eleganter Stil f\u00fcr sonnige Tage.\" \/>\n<meta property=\"og:url\" content=\"https:\/\/hutfactory.com\/?product=bogart-jubilaeumshut-julian-superfeiner-weizen\" \/>\n<meta property=\"og:site_name\" content=\"Hut Factory\" \/>\n<meta property=\"article:modified_time\" content=\"2026-03-10T10:43:42+00:00\" \/>\n<meta property=\"og:image\" content=\"https:\/\/hutfactory.com\/wp-content\/uploads\/2026\/03\/19196.1-e1552312097725-scaled-1.webp\" \/>\n\t<meta property=\"og:image:width\" content=\"750\" \/>\n\t<meta property=\"og:image:height\" content=\"750\" \/>\n\t<meta property=\"og:image:type\" content=\"image\/webp\" \/>\n<meta name=\"twitter:card\" content=\"summary_large_image\" \/>\n<meta name=\"twitter:label1\" content=\"Gesch\u00e4tzte Lesezeit\" \/>\n\t<meta name=\"twitter:data1\" content=\"3\u00a0Minuten\" \/>\n<script type=\"application\/ld+json\" class=\"yoast-schema-graph\">{\"@context\":\"https:\\\/\\\/schema.org\",\"@graph\":[{\"@type\":\"WebPage\",\"@id\":\"https:\\\/\\\/hutfactory.com\\\/?product=bogart-jubilaeumshut-julian-superfeiner-weizen\",\"url\":\"https:\\\/\\\/hutfactory.com\\\/?product=bogart-jubilaeumshut-julian-superfeiner-weizen\",\"name\":\"Sommerhut Fedora superfeiner Weizen, handmade in der Schweiz\",\"isPartOf\":{\"@id\":\"https:\\\/\\\/hutfactory.com\\\/#website\"},\"primaryImageOfPage\":{\"@id\":\"https:\\\/\\\/hutfactory.com\\\/?product=bogart-jubilaeumshut-julian-superfeiner-weizen#primaryimage\"},\"image\":{\"@id\":\"https:\\\/\\\/hutfactory.com\\\/?product=bogart-jubilaeumshut-julian-superfeiner-weizen#primaryimage\"},\"thumbnailUrl\":\"https:\\\/\\\/hutfactory.com\\\/wp-content\\\/uploads\\\/2026\\\/03\\\/19196.1-e1552312097725-scaled-1.webp\",\"datePublished\":\"2026-03-10T10:25:22+00:00\",\"dateModified\":\"2026-03-10T10:43:42+00:00\",\"description\":\"Fedora Sommerhut \u0084Julian\u0093 \u0096 100 Jahre Risa Jubil\u00e4um, aus superfeinem Weizenstroh, handgefertigt in der Schweiz. Eleganter Stil f\u00fcr sonnige Tage.\",\"breadcrumb\":{\"@id\":\"https:\\\/\\\/hutfactory.com\\\/?product=bogart-jubilaeumshut-julian-superfeiner-weizen#breadcrumb\"},\"inLanguage\":\"de\",\"potentialAction\":[{\"@type\":\"ReadAction\",\"target\":[\"https:\\\/\\\/hutfactory.com\\\/?product=bogart-jubilaeumshut-julian-superfeiner-weizen\"]}]},{\"@type\":\"ImageObject\",\"inLanguage\":\"de\",\"@id\":\"https:\\\/\\\/hutfactory.com\\\/?product=bogart-jubilaeumshut-julian-superfeiner-weizen#primaryimage\",\"url\":\"https:\\\/\\\/hutfactory.com\\\/wp-content\\\/uploads\\\/2026\\\/03\\\/19196.1-e1552312097725-scaled-1.webp\",\"contentUrl\":\"https:\\\/\\\/hutfactory.com\\\/wp-content\\\/uploads\\\/2026\\\/03\\\/19196.1-e1552312097725-scaled-1.webp\",\"width\":750,\"height\":750,\"caption\":\"|100 Jahre RISA superfeiner Weizen -Jubil\u00e4umsmodell \u0084Julian\u0093\"},{\"@type\":\"BreadcrumbList\",\"@id\":\"https:\\\/\\\/hutfactory.com\\\/?product=bogart-jubilaeumshut-julian-superfeiner-weizen#breadcrumb\",\"itemListElement\":[{\"@type\":\"ListItem\",\"position\":1,\"name\":\"Start\",\"item\":\"https:\\\/\\\/hutfactory.com\\\/\"},{\"@type\":\"ListItem\",\"position\":2,\"name\":\"Shop\",\"item\":\"https:\\\/\\\/hutfactory.com\\\/?page_id=10\"},{\"@type\":\"ListItem\",\"position\":3,\"name\":\"Bogart Jubil\u00e4umshut Julian superfeiner Weizen\"}]},{\"@type\":\"WebSite\",\"@id\":\"https:\\\/\\\/hutfactory.com\\\/#website\",\"url\":\"https:\\\/\\\/hutfactory.com\\\/\",\"name\":\"Hut Factory\",\"description\":\"H\u00fcte, Kappen &amp; M\u00fctzen in Top Swiss\\\/EU Qualit\u00e4t\",\"publisher\":{\"@id\":\"https:\\\/\\\/hutfactory.com\\\/#organization\"},\"alternateName\":\"Hut Shop\",\"potentialAction\":[{\"@type\":\"SearchAction\",\"target\":{\"@type\":\"EntryPoint\",\"urlTemplate\":\"https:\\\/\\\/hutfactory.com\\\/?s={search_term_string}\"},\"query-input\":{\"@type\":\"PropertyValueSpecification\",\"valueRequired\":true,\"valueName\":\"search_term_string\"}}],\"inLanguage\":\"de\"},{\"@type\":\"Organization\",\"@id\":\"https:\\\/\\\/hutfactory.com\\\/#organization\",\"name\":\"Hut Factory\",\"url\":\"https:\\\/\\\/hutfactory.com\\\/\",\"logo\":{\"@type\":\"ImageObject\",\"inLanguage\":\"de\",\"@id\":\"https:\\\/\\\/hutfactory.com\\\/#\\\/schema\\\/logo\\\/image\\\/\",\"url\":\"https:\\\/\\\/hutfactory.com\\\/wp-content\\\/uploads\\\/2026\\\/01\\\/Logo-hut-factory-1.webp\",\"contentUrl\":\"https:\\\/\\\/hutfactory.com\\\/wp-content\\\/uploads\\\/2026\\\/01\\\/Logo-hut-factory-1.webp\",\"width\":300,\"height\":262,\"caption\":\"Hut Factory\"},\"image\":{\"@id\":\"https:\\\/\\\/hutfactory.com\\\/#\\\/schema\\\/logo\\\/image\\\/\"}}]}<\/script>\n<!-- \/ Yoast SEO Premium plugin. -->","yoast_head_json":{"title":"Sommerhut Fedora superfeiner Weizen, handmade in der Schweiz","description":"Fedora Sommerhut \u0084Julian\u0093 \u0096 100 Jahre Risa Jubil\u00e4um, aus superfeinem Weizenstroh, handgefertigt in der Schweiz. Eleganter Stil f\u00fcr sonnige Tage.","robots":{"index":"index","follow":"follow","max-snippet":"max-snippet:-1","max-image-preview":"max-image-preview:large","max-video-preview":"max-video-preview:-1"},"canonical":"https:\/\/hutfactory.com\/?product=bogart-jubilaeumshut-julian-superfeiner-weizen","og_locale":"de_DE","og_type":"article","og_title":"Bogart Jubil\u00e4umshut Julian superfeiner Weizen","og_description":"Fedora Sommerhut \u0084Julian\u0093 \u0096 100 Jahre Risa Jubil\u00e4um, aus superfeinem Weizenstroh, handgefertigt in der Schweiz. Eleganter Stil f\u00fcr sonnige Tage.","og_url":"https:\/\/hutfactory.com\/?product=bogart-jubilaeumshut-julian-superfeiner-weizen","og_site_name":"Hut Factory","article_modified_time":"2026-03-10T10:43:42+00:00","og_image":[{"width":750,"height":750,"url":"https:\/\/hutfactory.com\/wp-content\/uploads\/2026\/03\/19196.1-e1552312097725-scaled-1.webp","type":"image\/webp"}],"twitter_card":"summary_large_image","twitter_misc":{"Gesch\u00e4tzte Lesezeit":"3\u00a0Minuten"},"schema":{"@context":"https:\/\/schema.org","@graph":[{"@type":"WebPage","@id":"https:\/\/hutfactory.com\/?product=bogart-jubilaeumshut-julian-superfeiner-weizen","url":"https:\/\/hutfactory.com\/?product=bogart-jubilaeumshut-julian-superfeiner-weizen","name":"Sommerhut Fedora superfeiner Weizen, handmade in der Schweiz","isPartOf":{"@id":"https:\/\/hutfactory.com\/#website"},"primaryImageOfPage":{"@id":"https:\/\/hutfactory.com\/?product=bogart-jubilaeumshut-julian-superfeiner-weizen#primaryimage"},"image":{"@id":"https:\/\/hutfactory.com\/?product=bogart-jubilaeumshut-julian-superfeiner-weizen#primaryimage"},"thumbnailUrl":"https:\/\/hutfactory.com\/wp-content\/uploads\/2026\/03\/19196.1-e1552312097725-scaled-1.webp","datePublished":"2026-03-10T10:25:22+00:00","dateModified":"2026-03-10T10:43:42+00:00","description":"Fedora Sommerhut \u0084Julian\u0093 \u0096 100 Jahre Risa Jubil\u00e4um, aus superfeinem Weizenstroh, handgefertigt in der Schweiz. Eleganter Stil f\u00fcr sonnige Tage.","breadcrumb":{"@id":"https:\/\/hutfactory.com\/?product=bogart-jubilaeumshut-julian-superfeiner-weizen#breadcrumb"},"inLanguage":"de","potentialAction":[{"@type":"ReadAction","target":["https:\/\/hutfactory.com\/?product=bogart-jubilaeumshut-julian-superfeiner-weizen"]}]},{"@type":"ImageObject","inLanguage":"de","@id":"https:\/\/hutfactory.com\/?product=bogart-jubilaeumshut-julian-superfeiner-weizen#primaryimage","url":"https:\/\/hutfactory.com\/wp-content\/uploads\/2026\/03\/19196.1-e1552312097725-scaled-1.webp","contentUrl":"https:\/\/hutfactory.com\/wp-content\/uploads\/2026\/03\/19196.1-e1552312097725-scaled-1.webp","width":750,"height":750,"caption":"|100 Jahre RISA superfeiner Weizen -Jubil\u00e4umsmodell \u0084Julian\u0093"},{"@type":"BreadcrumbList","@id":"https:\/\/hutfactory.com\/?product=bogart-jubilaeumshut-julian-superfeiner-weizen#breadcrumb","itemListElement":[{"@type":"ListItem","position":1,"name":"Start","item":"https:\/\/hutfactory.com\/"},{"@type":"ListItem","position":2,"name":"Shop","item":"https:\/\/hutfactory.com\/?page_id=10"},{"@type":"ListItem","position":3,"name":"Bogart Jubil\u00e4umshut Julian superfeiner Weizen"}]},{"@type":"WebSite","@id":"https:\/\/hutfactory.com\/#website","url":"https:\/\/hutfactory.com\/","name":"Hut Factory","description":"H\u00fcte, Kappen &amp; M\u00fctzen in Top Swiss\/EU Qualit\u00e4t","publisher":{"@id":"https:\/\/hutfactory.com\/#organization"},"alternateName":"Hut Shop","potentialAction":[{"@type":"SearchAction","target":{"@type":"EntryPoint","urlTemplate":"https:\/\/hutfactory.com\/?s={search_term_string}"},"query-input":{"@type":"PropertyValueSpecification","valueRequired":true,"valueName":"search_term_string"}}],"inLanguage":"de"},{"@type":"Organization","@id":"https:\/\/hutfactory.com\/#organization","name":"Hut Factory","url":"https:\/\/hutfactory.com\/","logo":{"@type":"ImageObject","inLanguage":"de","@id":"https:\/\/hutfactory.com\/#\/schema\/logo\/image\/","url":"https:\/\/hutfactory.com\/wp-content\/uploads\/2026\/01\/Logo-hut-factory-1.webp","contentUrl":"https:\/\/hutfactory.com\/wp-content\/uploads\/2026\/01\/Logo-hut-factory-1.webp","width":300,"height":262,"caption":"Hut Factory"},"image":{"@id":"https:\/\/hutfactory.com\/#\/schema\/logo\/image\/"}}]}},"_links":{"self":[{"href":"https:\/\/hutfactory.com\/index.php?rest_route=\/wp\/v2\/product\/18138","targetHints":{"allow":["GET"]}}],"collection":[{"href":"https:\/\/hutfactory.com\/index.php?rest_route=\/wp\/v2\/product"}],"about":[{"href":"https:\/\/hutfactory.com\/index.php?rest_route=\/wp\/v2\/types\/product"}],"wp:featuredmedia":[{"embeddable":true,"href":"https:\/\/hutfactory.com\/index.php?rest_route=\/wp\/v2\/media\/18139"}],"wp:attachment":[{"href":"https:\/\/hutfactory.com\/index.php?rest_route=%2Fwp%2Fv2%2Fmedia&parent=18138"}],"wp:term":[{"taxonomy":"product_brand","embeddable":true,"href":"https:\/\/hutfactory.com\/index.php?rest_route=%2Fwp%2Fv2%2Fproduct_brand&post=18138"},{"taxonomy":"product_cat","embeddable":true,"href":"https:\/\/hutfactory.com\/index.php?rest_route=%2Fwp%2Fv2%2Fproduct_cat&post=18138"},{"taxonomy":"product_tag","embeddable":true,"href":"https:\/\/hutfactory.com\/index.php?rest_route=%2Fwp%2Fv2%2Fproduct_tag&post=18138"}],"curies":[{"name":"wp","href":"https:\/\/api.w.org\/{rel}","templated":true}]}}