{"id":18110,"date":"2026-03-10T10:25:22","date_gmt":"2026-03-10T10:25:22","guid":{"rendered":"https:\/\/hutfactory.com\/?product=panamahut-twisted-fedora-bogart"},"modified":"2026-03-10T10:28:19","modified_gmt":"2026-03-10T10:28:19","slug":"panamahut-twisted-fedora-bogart","status":"publish","type":"product","link":"https:\/\/hutfactory.com\/?product=panamahut-twisted-fedora-bogart","title":{"rendered":"Panamahut Twisted &#8211; Fedora Bogart"},"content":{"rendered":"<h3 data-start=\"0\" data-end=\"79\"><strong data-start=\"4\" data-end=\"79\">Sommerliche Eleganz mit Charakter \u0096 Der Fedora in der Bogart Form aus edlem Panamageflecht<\/strong><\/h3>\n<p data-start=\"81\" data-end=\"581\">Der <em>Fedora Bogart\u00a0 aus Twisted Panama \u0096 <\/em>vereint meisterhafte Handwerkskunst mit ikonischem Stil. Mit seiner klassischen Fedora-Krone, der markanten Bogart-Knickung und einer gro\u00dfz\u00fcgigen Krempe von 7?cm bietet er nicht nur optimalen Sonnenschutz, sondern auch eine stilvolle Pr\u00e4senz \u0096 inspiriert vom Glamour der Filmlegenden. Gefertigt aus 100?% echtem Twisted-Panama-Stroh, ist dieser Hut zugleich luxuri\u00f6s leicht, atmungsaktiv und durch die innenliegende Silikonfuge am Hutkopf besonders formstabil.<strong> Twistet Panama<\/strong> sorgt f\u00fcr eine optimale Luftzirkulation und ist besonders flexibel und widerstandsf\u00e4hig.<\/p>\n<p data-start=\"583\" data-end=\"920\">Sein raffiniertes Design mit kontrastierendem Rebsband \u0096 wahlweise in Schwarz oder Braun \u0096 wird von einem dezenten, ikonischen <em data-start=\"710\" data-end=\"741\">Risa Qualit\u00e4tsknopf seit 1919<\/em> vollendet. Vier Farbvarianten bieten stilvolle Auswahl f\u00fcr individuelle Looks: von klassischem Wei\u00df-Schwarz \u00fcber warmes Natur-Braun bis hin zu eleganten Ton-in-Ton-Kombinationen.<\/p>\n<p data-start=\"922\" data-end=\"940\"><strong data-start=\"922\" data-end=\"940\">Perfekt f\u00fcr\u0085??<\/strong>ig.<\/p>\n<p data-start=\"942\" data-end=\"1450\"><strong data-start=\"942\" data-end=\"969\">?? Sommerliche Anl\u00e4sse:<\/strong> Ob am Strand, auf der Piazza oder bei einer Gartenhochzeit \u0096 dieser Hut sch\u00fctzt stilvoll vor der Sonne und unterstreicht jedes Outfit.<br data-start=\"1104\" data-end=\"1107\" \/><strong data-start=\"1107\" data-end=\"1130\">?? Elegante Events:<\/strong> Mit seiner Bogart-Silhouette wird er zum stilpr\u00e4genden Accessoire bei exklusiven Sommerfesten, Stadtgalas oder Segelregatten.<br data-start=\"1256\" data-end=\"1259\" \/><strong data-start=\"1259\" data-end=\"1289\">?? Natur- und Modebewusst:<\/strong> Die Verwendung von echtem Toquilla-Stroh aus Ecuador in Kombination mit europ\u00e4ischer Fertigung steht f\u00fcr gelebte Nachhaltigkeit und verantwortungsvolle Eleganz.<\/p>\n<p>\u00a0<\/p>\n<div class=\"hf-accordions\">\n<hr class=\"hf-accordion-separator\" \/>\n<details class=\"hf-accordion\">\n<summary><strong>\u25b6\ufe0f Gut zu wissen \u2013 mehr erfahren<\/strong><\/summary>\n<div class=\"hf-accordion-content\">\n<h3 class=\"\" data-start=\"2441\" data-end=\"2472\"><strong data-start=\"2445\" data-end=\"2472\">Eigenschaften &#038; Details<\/strong><\/h3>\n<p class=\"\" data-start=\"2474\" data-end=\"2765\"><strong data-start=\"2474\" data-end=\"2487\">Material:<\/strong> 100?% Twisted Panama (echtes Toquilla-Stroh aus Ecuador, mit Silikonfuge am Hutkopf f\u00fcr Formstabilit\u00e4t)<br data-start=\"2591\" data-end=\"2594\" \/><strong data-start=\"2594\" data-end=\"2609\">Randbreite:<\/strong> 7?cm \u0096 gro\u00dfz\u00fcgige, leicht geschwungene Krempe f\u00fcr idealen Sonnenschutz<br data-start=\"2680\" data-end=\"2683\" \/><strong data-start=\"2683\" data-end=\"2696\">Kopfh\u00f6he:<\/strong> 11?cm \u0096 markante Fedora-Krone im Stil der 40er-Jahre<br data-start=\"2749\" data-end=\"2752\" \/><strong data-start=\"2752\" data-end=\"2763\">Farben:<\/strong><\/p>\n<ol>\n<li data-start=\"2769\" data-end=\"2797\">Wei\u00df mit schwarzem Hutband<\/li>\n<li data-start=\"2801\" data-end=\"2830\">Natur mit schwarzem Hutband<\/li>\n<li data-start=\"2834\" data-end=\"2860\">Wei\u00df mit braunem Hutband<\/li>\n<li data-start=\"2864\" data-end=\"3067\">Natur mit braunem Hutband<\/li>\n<\/ol>\n<p><strong data-start=\"2892\" data-end=\"2905\">Garnitur:<\/strong> Edles Rebsband mit ikonischem Risa Qualit\u00e4tsknopf seitlich auf Masche<br data-start=\"2975\" data-end=\"2978\" \/><strong data-start=\"2978\" data-end=\"2994\">Schwei\u00dfband:<\/strong> Eingen\u00e4htes Textilinnenband \u0096 weich und atmungsaktiv<br data-start=\"3047\" data-end=\"3050\" \/><strong data-start=\"3050\" data-end=\"3061\">Gr\u00f6\u00dfen:<\/strong> 54\u009662<\/p>\n<h3 class=\"\" data-start=\"3074\" data-end=\"3103\"><strong data-start=\"3078\" data-end=\"3103\">Design &#038; Verarbeitung<\/strong><\/h3>\n<p class=\"\" data-start=\"3105\" data-end=\"3461\">Der Fedora Bogart besticht durch seine klassische Linienf\u00fchrung und eine sorgf\u00e4ltig gearbeitete Hutkrone mit charakteristischem \u0084Pinch\u0093. Die Verarbeitung des feinen, dichten Twisted-Panama-Geflechts sorgt f\u00fcr eine elegante Textur und eine besonders hochwertige Optik. Die Silikonverst\u00e4rkung im Inneren bietet zus\u00e4tzliche Langlebigkeit ohne Komforteinbu\u00dfen.<\/p>\n<h3 class=\"\" data-start=\"3468\" data-end=\"3504\"><strong data-start=\"3472\" data-end=\"3504\">Handgefertigt in der Schweiz<\/strong><\/h3>\n<p class=\"\" data-start=\"3506\" data-end=\"3823\">Jeder <em data-start=\"3512\" data-end=\"3537\">Panamahut Fedora Bogart<\/em> wird individuell auf Bestellung in der renommierten Schweizer <strong data-start=\"3600\" data-end=\"3622\">Hutmanufaktur Risa<\/strong> gefertigt. Die Verbindung aus s\u00fcdamerikanischem Originalstroh und europ\u00e4ischer Handwerkskunst garantiert h\u00f6chste Qualit\u00e4t, perfekte Passform und einen nachhaltigen Produktionsprozess mit kurzen Wegen.<\/p>\n<h3 class=\"\" data-start=\"3830\" data-end=\"3863\"><strong data-start=\"3834\" data-end=\"3863\">Nachhaltigkeit &#038; Qualit\u00e4t<\/strong><\/h3>\n<p class=\"\" data-start=\"3865\" data-end=\"4239\"><strong data-start=\"3865\" data-end=\"3892\">Nat\u00fcrliche Materialien:<\/strong> Verwendet wird reines Toquilla-Stroh \u0096 ein Naturmaterial aus Ecuador, das biologisch abbaubar und leicht ist.<br data-start=\"4002\" data-end=\"4005\" \/><strong data-start=\"4005\" data-end=\"4032\">Handarbeit &#038; Tradition:<\/strong> Jeder Hut entsteht in traditioneller Handwerkskunst \u0096 mit einem H\u00f6chstma\u00df an Pr\u00e4zision.<br data-start=\"4120\" data-end=\"4123\" \/><strong data-start=\"4123\" data-end=\"4141\">Langlebigkeit:<\/strong> Die hochwertige Verarbeitung mit Silikonfuge verleiht dem Hut Stabilit\u00e4t und Alltagstauglichkeit.<\/p>\n<h3 class=\"\" data-start=\"4246\" data-end=\"4275\"><strong data-start=\"4250\" data-end=\"4275\">Herstellung &#038; Versand<\/strong><\/h3>\n<ul data-start=\"4277\" data-end=\"4695\">\n<li class=\"\" data-start=\"4277\" data-end=\"4360\">\n<p class=\"\" data-start=\"4279\" data-end=\"4360\"><strong data-start=\"4279\" data-end=\"4308\">Fertigung auf Bestellung:<\/strong> Jeder Hut wird nach Auftrag individuell gefertigt<\/p>\n<\/li>\n<li class=\"\" data-start=\"4361\" data-end=\"4429\">\n<p class=\"\" data-start=\"4363\" data-end=\"4429\"><strong data-start=\"4363\" data-end=\"4384\">Herstellungszeit:<\/strong> 10 bis 15 Arbeitstage nach Zahlungseingang<\/p>\n<\/li>\n<li class=\"\" data-start=\"4430\" data-end=\"4507\">\n<p class=\"\" data-start=\"4432\" data-end=\"4507\"><strong data-start=\"4432\" data-end=\"4444\">Versand:<\/strong> Ab Lager Schweiz, innerhalb weniger Tage nach Fertigstellung<\/p>\n<\/li>\n<li class=\"\" data-start=\"4508\" data-end=\"4577\">\n<p class=\"\" data-start=\"4510\" data-end=\"4577\"><strong data-start=\"4510\" data-end=\"4523\">Garantie:<\/strong> Umtausch nur bei Material- oder Herstellungsfehlern<\/p>\n<\/li>\n<li class=\"\" data-start=\"4578\" data-end=\"4631\">\n<p class=\"\" data-start=\"4580\" data-end=\"4631\"><strong data-start=\"4580\" data-end=\"4592\">Hinweis:<\/strong> Keine R\u00fcckgabe, da Sonderanfertigung<\/p>\n<\/li>\n<li class=\"\" data-start=\"4632\" data-end=\"4695\">\n<p class=\"\" data-start=\"4634\" data-end=\"4695\"><strong data-start=\"4634\" data-end=\"4652\">Verf\u00fcgbarkeit:<\/strong> Solange Vorrat an Twisted-Panama verf\u00fcgbar<\/p>\n<\/li>\n<\/ul>\n<\/div>\n<\/details>\n<details class=\"hf-accordion\">\n<summary><strong>\u25b6\ufe0f FAQ \u2013 H\u00e4ufige Fragen<\/strong><\/summary>\n<div class=\"hf-accordion-content\">\n<h3 class=\"\" data-start=\"4702\" data-end=\"4753\"><strong data-start=\"4706\" data-end=\"4753\">FAQ (H\u00e4ufig gestellte Fragen und Antworten)<\/strong><\/h3>\n<p class=\"\" data-start=\"4755\" data-end=\"4901\"><strong data-start=\"4755\" data-end=\"4798\">Bietet der Hut zuverl\u00e4ssigen UV-Schutz?<\/strong><br data-start=\"4798\" data-end=\"4801\" \/>Ja \u0096 die breite Krempe sch\u00fctzt Gesicht, Ohren und Nacken zuverl\u00e4ssig vor starker Sonneneinstrahlung.<\/p>\n<p class=\"\" data-start=\"4903\" data-end=\"5060\"><strong data-start=\"4903\" data-end=\"4944\">Ist der Hut auch f\u00fcr Reisen geeignet?<\/strong><br data-start=\"4944\" data-end=\"4947\" \/>Twisted-Panama bietet ein hohes Ma\u00df an Flexibilit\u00e4t \u0096 trotzdem empfehlen wir den Transport in einer Hutschachtel.<\/p>\n<p class=\"\" data-start=\"5062\" data-end=\"5197\"><strong data-start=\"5062\" data-end=\"5107\">Wie pflege ich meinen Panama-Hut richtig?<\/strong><br data-start=\"5107\" data-end=\"5110\" \/>Nicht knicken oder rollen. Staub mit einer weichen B\u00fcrste entfernen und trocken lagern.<\/p>\n<p class=\"\" data-start=\"5199\" data-end=\"5347\"><strong data-start=\"5199\" data-end=\"5255\">Ist der Fedora Bogart f\u00fcr Damen und Herren geeignet?<\/strong><br data-start=\"5255\" data-end=\"5258\" \/>Absolut \u0096 durch seine klassische Form und Farbvarianten passt er zu allen Stilrichtungen.<\/p>\n<p class=\"\" data-start=\"5349\" data-end=\"5450\"><strong data-start=\"5349\" data-end=\"5386\">Wie finde ich die passende Gr\u00f6\u00dfe?<\/strong><br data-start=\"5386\" data-end=\"5389\" \/>Messen Sie Ihren Kopfumfang \u0096 erh\u00e4ltlich in Gr\u00f6\u00dfen 54 bis 62.<\/p>\n<\/div>\n<\/details>\n<\/div>\n","protected":false},"excerpt":{"rendered":"<h3 data-start=\"1532\" data-end=\"1580\"><strong data-start=\"1537\" data-end=\"1580\">Ein Meisterst\u00fcck mit Silhouette &#038; Seele<\/strong><\/h3>\n<p class=\"\" data-start=\"1582\" data-end=\"1786\">Der <em data-start=\"1586\" data-end=\"1621\">Panamahut Twisted \u0096 Fedora Bogart<\/em> verbindet Tradition mit modernem Anspruch. Seine zeitlose Form und die besondere Struktur des Twisted-Strohs machen ihn zum absoluten Highlight der Sommergarderob<\/p>\n","protected":false},"featured_media":18111,"template":"","meta":{"_acf_changed":false,"rs_blank_template":"","rs_page_bg_color":"","slide_template_v7":""},"product_brand":[250],"product_cat":[611,507,275],"product_tag":[],"class_list":{"0":"post-18110","1":"product","2":"type-product","3":"status-publish","4":"has-post-thumbnail","6":"product_brand-risa-hutwerkstatt-schweiz","7":"product_cat-bogart-sommerhuete","8":"product_cat-panama-sommerhuete","9":"product_cat-sommerhuete","10":"product_shipping_class-mittlere-pakete","11":"pa_color-natur-braun","12":"pa_color-natur-schwarz","13":"pa_color-weiss-braun","14":"pa_color-weiss-schwarz","15":"pa_groesse-206","16":"pa_groesse-196","17":"pa_groesse-207","18":"pa_groesse-197","19":"pa_groesse-208","20":"pa_groesse-198","21":"pa_groesse-209","22":"pa_groesse-199","23":"yith_product_brand-risa-hutwerkstatt-schweiz","26":"instock","27":"taxable","28":"shipping-taxable","29":"purchasable","30":"product-type-variable","31":"wvs-archive-product-wrapper","32":"add-to-wishlist-after_add_to_cart"},"acf":[],"yoast_head":"<!-- This site is optimized with the Yoast SEO Premium plugin v27.3 (Yoast SEO v27.3) - https:\/\/yoast.com\/product\/yoast-seo-premium-wordpress\/ -->\n<title>Wei\u00dfer Bogart Twisted Panamahut - der stilvolle Sommerhut<\/title>\n<meta name=\"description\" content=\"Der Panamahut verleiht Ihren Sommeroutfits eine besondere Note und ist das perfekte Accessoire f\u00fcr den Strand, die Stadt oder einen Ausflug.\" \/>\n<meta name=\"robots\" content=\"index, follow, max-snippet:-1, max-image-preview:large, max-video-preview:-1\" \/>\n<link rel=\"canonical\" href=\"https:\/\/hutfactory.com\/?product=panamahut-twisted-fedora-bogart\" \/>\n<meta property=\"og:locale\" content=\"de_DE\" \/>\n<meta property=\"og:type\" content=\"article\" \/>\n<meta property=\"og:title\" content=\"Panamahut Twisted - Fedora Bogart\" \/>\n<meta property=\"og:description\" content=\"Der Panamahut verleiht Ihren Sommeroutfits eine besondere Note und ist das perfekte Accessoire f\u00fcr den Strand, die Stadt oder einen Ausflug.\" \/>\n<meta property=\"og:url\" content=\"https:\/\/hutfactory.com\/?product=panamahut-twisted-fedora-bogart\" \/>\n<meta property=\"og:site_name\" content=\"Hut Factory\" \/>\n<meta property=\"article:modified_time\" content=\"2026-03-10T10:28:19+00:00\" \/>\n<meta property=\"og:image\" content=\"https:\/\/hutfactory.com\/wp-content\/uploads\/2026\/03\/31900100.webp\" \/>\n\t<meta property=\"og:image:width\" content=\"2016\" \/>\n\t<meta property=\"og:image:height\" content=\"1512\" \/>\n\t<meta property=\"og:image:type\" content=\"image\/webp\" \/>\n<meta name=\"twitter:card\" content=\"summary_large_image\" \/>\n<meta name=\"twitter:label1\" content=\"Gesch\u00e4tzte Lesezeit\" \/>\n\t<meta name=\"twitter:data1\" content=\"3\u00a0Minuten\" \/>\n<script type=\"application\/ld+json\" class=\"yoast-schema-graph\">{\"@context\":\"https:\\\/\\\/schema.org\",\"@graph\":[{\"@type\":\"WebPage\",\"@id\":\"https:\\\/\\\/hutfactory.com\\\/?product=panamahut-twisted-fedora-bogart\",\"url\":\"https:\\\/\\\/hutfactory.com\\\/?product=panamahut-twisted-fedora-bogart\",\"name\":\"Wei\u00dfer Bogart Twisted Panamahut - der stilvolle Sommerhut\",\"isPartOf\":{\"@id\":\"https:\\\/\\\/hutfactory.com\\\/#website\"},\"primaryImageOfPage\":{\"@id\":\"https:\\\/\\\/hutfactory.com\\\/?product=panamahut-twisted-fedora-bogart#primaryimage\"},\"image\":{\"@id\":\"https:\\\/\\\/hutfactory.com\\\/?product=panamahut-twisted-fedora-bogart#primaryimage\"},\"thumbnailUrl\":\"https:\\\/\\\/hutfactory.com\\\/wp-content\\\/uploads\\\/2026\\\/03\\\/31900100.webp\",\"datePublished\":\"2026-03-10T10:25:22+00:00\",\"dateModified\":\"2026-03-10T10:28:19+00:00\",\"description\":\"Der Panamahut verleiht Ihren Sommeroutfits eine besondere Note und ist das perfekte Accessoire f\u00fcr den Strand, die Stadt oder einen Ausflug.\",\"breadcrumb\":{\"@id\":\"https:\\\/\\\/hutfactory.com\\\/?product=panamahut-twisted-fedora-bogart#breadcrumb\"},\"inLanguage\":\"de\",\"potentialAction\":[{\"@type\":\"ReadAction\",\"target\":[\"https:\\\/\\\/hutfactory.com\\\/?product=panamahut-twisted-fedora-bogart\"]}]},{\"@type\":\"ImageObject\",\"inLanguage\":\"de\",\"@id\":\"https:\\\/\\\/hutfactory.com\\\/?product=panamahut-twisted-fedora-bogart#primaryimage\",\"url\":\"https:\\\/\\\/hutfactory.com\\\/wp-content\\\/uploads\\\/2026\\\/03\\\/31900100.webp\",\"contentUrl\":\"https:\\\/\\\/hutfactory.com\\\/wp-content\\\/uploads\\\/2026\\\/03\\\/31900100.webp\",\"width\":2016,\"height\":1512,\"caption\":\"100?% Twisted-Panama-Stroh\"},{\"@type\":\"BreadcrumbList\",\"@id\":\"https:\\\/\\\/hutfactory.com\\\/?product=panamahut-twisted-fedora-bogart#breadcrumb\",\"itemListElement\":[{\"@type\":\"ListItem\",\"position\":1,\"name\":\"Start\",\"item\":\"https:\\\/\\\/hutfactory.com\\\/\"},{\"@type\":\"ListItem\",\"position\":2,\"name\":\"Shop\",\"item\":\"https:\\\/\\\/hutfactory.com\\\/?page_id=10\"},{\"@type\":\"ListItem\",\"position\":3,\"name\":\"Panamahut Twisted &#8211; Fedora Bogart\"}]},{\"@type\":\"WebSite\",\"@id\":\"https:\\\/\\\/hutfactory.com\\\/#website\",\"url\":\"https:\\\/\\\/hutfactory.com\\\/\",\"name\":\"Hut Factory\",\"description\":\"H\u00fcte, Kappen &amp; M\u00fctzen in Top Swiss\\\/EU Qualit\u00e4t\",\"publisher\":{\"@id\":\"https:\\\/\\\/hutfactory.com\\\/#organization\"},\"alternateName\":\"Hut Shop\",\"potentialAction\":[{\"@type\":\"SearchAction\",\"target\":{\"@type\":\"EntryPoint\",\"urlTemplate\":\"https:\\\/\\\/hutfactory.com\\\/?s={search_term_string}\"},\"query-input\":{\"@type\":\"PropertyValueSpecification\",\"valueRequired\":true,\"valueName\":\"search_term_string\"}}],\"inLanguage\":\"de\"},{\"@type\":\"Organization\",\"@id\":\"https:\\\/\\\/hutfactory.com\\\/#organization\",\"name\":\"Hut Factory\",\"url\":\"https:\\\/\\\/hutfactory.com\\\/\",\"logo\":{\"@type\":\"ImageObject\",\"inLanguage\":\"de\",\"@id\":\"https:\\\/\\\/hutfactory.com\\\/#\\\/schema\\\/logo\\\/image\\\/\",\"url\":\"https:\\\/\\\/hutfactory.com\\\/wp-content\\\/uploads\\\/2026\\\/01\\\/Logo-hut-factory-1.webp\",\"contentUrl\":\"https:\\\/\\\/hutfactory.com\\\/wp-content\\\/uploads\\\/2026\\\/01\\\/Logo-hut-factory-1.webp\",\"width\":300,\"height\":262,\"caption\":\"Hut Factory\"},\"image\":{\"@id\":\"https:\\\/\\\/hutfactory.com\\\/#\\\/schema\\\/logo\\\/image\\\/\"}}]}<\/script>\n<!-- \/ Yoast SEO Premium plugin. -->","yoast_head_json":{"title":"Wei\u00dfer Bogart Twisted Panamahut - der stilvolle Sommerhut","description":"Der Panamahut verleiht Ihren Sommeroutfits eine besondere Note und ist das perfekte Accessoire f\u00fcr den Strand, die Stadt oder einen Ausflug.","robots":{"index":"index","follow":"follow","max-snippet":"max-snippet:-1","max-image-preview":"max-image-preview:large","max-video-preview":"max-video-preview:-1"},"canonical":"https:\/\/hutfactory.com\/?product=panamahut-twisted-fedora-bogart","og_locale":"de_DE","og_type":"article","og_title":"Panamahut Twisted - Fedora Bogart","og_description":"Der Panamahut verleiht Ihren Sommeroutfits eine besondere Note und ist das perfekte Accessoire f\u00fcr den Strand, die Stadt oder einen Ausflug.","og_url":"https:\/\/hutfactory.com\/?product=panamahut-twisted-fedora-bogart","og_site_name":"Hut Factory","article_modified_time":"2026-03-10T10:28:19+00:00","og_image":[{"width":2016,"height":1512,"url":"https:\/\/hutfactory.com\/wp-content\/uploads\/2026\/03\/31900100.webp","type":"image\/webp"}],"twitter_card":"summary_large_image","twitter_misc":{"Gesch\u00e4tzte Lesezeit":"3\u00a0Minuten"},"schema":{"@context":"https:\/\/schema.org","@graph":[{"@type":"WebPage","@id":"https:\/\/hutfactory.com\/?product=panamahut-twisted-fedora-bogart","url":"https:\/\/hutfactory.com\/?product=panamahut-twisted-fedora-bogart","name":"Wei\u00dfer Bogart Twisted Panamahut - der stilvolle Sommerhut","isPartOf":{"@id":"https:\/\/hutfactory.com\/#website"},"primaryImageOfPage":{"@id":"https:\/\/hutfactory.com\/?product=panamahut-twisted-fedora-bogart#primaryimage"},"image":{"@id":"https:\/\/hutfactory.com\/?product=panamahut-twisted-fedora-bogart#primaryimage"},"thumbnailUrl":"https:\/\/hutfactory.com\/wp-content\/uploads\/2026\/03\/31900100.webp","datePublished":"2026-03-10T10:25:22+00:00","dateModified":"2026-03-10T10:28:19+00:00","description":"Der Panamahut verleiht Ihren Sommeroutfits eine besondere Note und ist das perfekte Accessoire f\u00fcr den Strand, die Stadt oder einen Ausflug.","breadcrumb":{"@id":"https:\/\/hutfactory.com\/?product=panamahut-twisted-fedora-bogart#breadcrumb"},"inLanguage":"de","potentialAction":[{"@type":"ReadAction","target":["https:\/\/hutfactory.com\/?product=panamahut-twisted-fedora-bogart"]}]},{"@type":"ImageObject","inLanguage":"de","@id":"https:\/\/hutfactory.com\/?product=panamahut-twisted-fedora-bogart#primaryimage","url":"https:\/\/hutfactory.com\/wp-content\/uploads\/2026\/03\/31900100.webp","contentUrl":"https:\/\/hutfactory.com\/wp-content\/uploads\/2026\/03\/31900100.webp","width":2016,"height":1512,"caption":"100?% Twisted-Panama-Stroh"},{"@type":"BreadcrumbList","@id":"https:\/\/hutfactory.com\/?product=panamahut-twisted-fedora-bogart#breadcrumb","itemListElement":[{"@type":"ListItem","position":1,"name":"Start","item":"https:\/\/hutfactory.com\/"},{"@type":"ListItem","position":2,"name":"Shop","item":"https:\/\/hutfactory.com\/?page_id=10"},{"@type":"ListItem","position":3,"name":"Panamahut Twisted &#8211; Fedora Bogart"}]},{"@type":"WebSite","@id":"https:\/\/hutfactory.com\/#website","url":"https:\/\/hutfactory.com\/","name":"Hut Factory","description":"H\u00fcte, Kappen &amp; M\u00fctzen in Top Swiss\/EU Qualit\u00e4t","publisher":{"@id":"https:\/\/hutfactory.com\/#organization"},"alternateName":"Hut Shop","potentialAction":[{"@type":"SearchAction","target":{"@type":"EntryPoint","urlTemplate":"https:\/\/hutfactory.com\/?s={search_term_string}"},"query-input":{"@type":"PropertyValueSpecification","valueRequired":true,"valueName":"search_term_string"}}],"inLanguage":"de"},{"@type":"Organization","@id":"https:\/\/hutfactory.com\/#organization","name":"Hut Factory","url":"https:\/\/hutfactory.com\/","logo":{"@type":"ImageObject","inLanguage":"de","@id":"https:\/\/hutfactory.com\/#\/schema\/logo\/image\/","url":"https:\/\/hutfactory.com\/wp-content\/uploads\/2026\/01\/Logo-hut-factory-1.webp","contentUrl":"https:\/\/hutfactory.com\/wp-content\/uploads\/2026\/01\/Logo-hut-factory-1.webp","width":300,"height":262,"caption":"Hut Factory"},"image":{"@id":"https:\/\/hutfactory.com\/#\/schema\/logo\/image\/"}}]}},"_links":{"self":[{"href":"https:\/\/hutfactory.com\/index.php?rest_route=\/wp\/v2\/product\/18110","targetHints":{"allow":["GET"]}}],"collection":[{"href":"https:\/\/hutfactory.com\/index.php?rest_route=\/wp\/v2\/product"}],"about":[{"href":"https:\/\/hutfactory.com\/index.php?rest_route=\/wp\/v2\/types\/product"}],"wp:featuredmedia":[{"embeddable":true,"href":"https:\/\/hutfactory.com\/index.php?rest_route=\/wp\/v2\/media\/18111"}],"wp:attachment":[{"href":"https:\/\/hutfactory.com\/index.php?rest_route=%2Fwp%2Fv2%2Fmedia&parent=18110"}],"wp:term":[{"taxonomy":"product_brand","embeddable":true,"href":"https:\/\/hutfactory.com\/index.php?rest_route=%2Fwp%2Fv2%2Fproduct_brand&post=18110"},{"taxonomy":"product_cat","embeddable":true,"href":"https:\/\/hutfactory.com\/index.php?rest_route=%2Fwp%2Fv2%2Fproduct_cat&post=18110"},{"taxonomy":"product_tag","embeddable":true,"href":"https:\/\/hutfactory.com\/index.php?rest_route=%2Fwp%2Fv2%2Fproduct_tag&post=18110"}],"curies":[{"name":"wp","href":"https:\/\/api.w.org\/{rel}","templated":true}]}}