{"id":18090,"date":"2026-03-10T10:25:22","date_gmt":"2026-03-10T10:25:22","guid":{"rendered":"https:\/\/hutfactory.com\/?product=panamahut-fedora-city-brisa-mit-leinen-garnitur"},"modified":"2026-03-10T10:28:14","modified_gmt":"2026-03-10T10:28:14","slug":"panamahut-fedora-city-brisa-mit-leinen-garnitur","status":"publish","type":"product","link":"https:\/\/hutfactory.com\/?product=panamahut-fedora-city-brisa-mit-leinen-garnitur","title":{"rendered":"Panamahut Fedora City Brisa mit Leinen Garnitur"},"content":{"rendered":"<h3 data-start=\"556\" data-end=\"629\"><em data-start=\"560\" data-end=\"629\">Charme mit Charakter \u0096 perfekt f\u00fcr Liebhaber nat\u00fcrlicher Raffinesse<\/em><\/h3>\n<p data-start=\"631\" data-end=\"1113\">Dieses Modell begeistert mit der typischen Fedora-Krone, einer dezenten, jedoch stilvollen Krempe und einer klaren Linienf\u00fchrung. Gefertigt aus 100 % echtem Panamastroh Brisa, ist der Hut angenehm leicht, atmungsaktiv und ideal f\u00fcr sonnige Tage. Die Garnitur aus gestreiftem Leinenband \u0096 wahlweise in Navy\/Natur oder Lila\/Natur \u0096 setzt einen modernen Akzent und wird von einem ikonischen Risa-Qualit\u00e4tsknopf elegant abgerundet. Ein Accessoire mit Charakter und handwerklichem Feinschliff. <em>Brisa: Flechtart mit \u0084Diamantenmuster\u0093<\/em><\/p>\n<p data-start=\"1115\" data-end=\"1136\"><strong data-start=\"1115\" data-end=\"1136\">Perfekt f\u00fcr\u0085.. ??<\/strong><\/p>\n<p data-start=\"1138\" data-end=\"1346\"><strong data-start=\"1138\" data-end=\"1165\">?? Sommerliche Anl\u00e4sse:<\/strong> Ob beim Aperitif auf der Sonnenterrasse, beim Spaziergang an der Uferpromenade oder beim Schlendern durch die Altstadt \u0096 dieser Hut verleiht sommerlichen Outfits das gewisse Etwas.<\/p>\n<p data-start=\"1348\" data-end=\"1533\"><strong data-start=\"1348\" data-end=\"1371\">?? Elegante Events:<\/strong> Die harmonische Farbgestaltung und die fein strukturierte Oberfl\u00e4che machen dieses Modell zum stilvollen Begleiter f\u00fcr Gartenpartys, Sommerfeste und Vernissagen.<\/p>\n<p data-start=\"1535\" data-end=\"1674\"><strong data-start=\"1535\" data-end=\"1565\">?? Natur- und Modebewusst:<\/strong> F\u00fcr stilbewusste Menschen, die Wert auf nat\u00fcrliche Materialien und verantwortungsvolle Handwerkskunst legen.<\/p>\n<div class=\"hf-accordions\">\n<hr class=\"hf-accordion-separator\" \/>\n<details class=\"hf-accordion\">\n<summary><strong>\u25b6\ufe0f Gut zu wissen \u2013 mehr erfahren<\/strong><\/summary>\n<div class=\"hf-accordion-content\">\n<h3 class=\"\" data-start=\"1676\" data-end=\"1706\"><em data-start=\"1680\" data-end=\"1706\">Eigenschaften &#038; Details:<\/em><\/h3>\n<ul data-start=\"1707\" data-end=\"2181\">\n<li class=\"\" data-start=\"1707\" data-end=\"1772\">\n<p class=\"\" data-start=\"1709\" data-end=\"1772\"><strong data-start=\"1709\" data-end=\"1722\">Material:<\/strong> 100 % Panama \u0096 leicht, atmungsaktiv und nat\u00fcrlich<\/p>\n<\/li>\n<li data-start=\"1707\" data-end=\"1772\"><strong>Brisa:<\/strong> Flechtart mit \u0084Diamantenmuster\u0093<\/li>\n<li class=\"\" data-start=\"1773\" data-end=\"1847\">\n<p class=\"\" data-start=\"1775\" data-end=\"1847\"><strong data-start=\"1775\" data-end=\"1790\">Randbreite:<\/strong> 7 cm \u0096 bietet stilvollen Schatten bei sommerlicher Hitze<\/p>\n<\/li>\n<li class=\"\" data-start=\"1848\" data-end=\"1917\">\n<p class=\"\" data-start=\"1850\" data-end=\"1917\"><strong data-start=\"1850\" data-end=\"1863\">Kopfh\u00f6he:<\/strong> 10.5 cm \u0096 klassische Fedora-Form mit moderner Eleganz<\/p>\n<\/li>\n<li class=\"\" data-start=\"1918\" data-end=\"1991\">\n<p class=\"\" data-start=\"1920\" data-end=\"1991\"><strong data-start=\"1920\" data-end=\"1931\">Farben:<\/strong> Natur mit gestreiftem Hutband in Navy\/Natur oder Lila\/Natur<\/p>\n<\/li>\n<li class=\"\" data-start=\"1992\" data-end=\"2080\">\n<p class=\"\" data-start=\"1994\" data-end=\"2080\"><strong data-start=\"1994\" data-end=\"2007\">Garnitur:<\/strong> Gestreiftes Leinenhutband mit dekorativer Masche und Risa-Qualit\u00e4tsknopf<\/p>\n<\/li>\n<li class=\"\" data-start=\"2081\" data-end=\"2161\">\n<p class=\"\" data-start=\"2083\" data-end=\"2161\"><strong data-start=\"2083\" data-end=\"2099\">Schwei\u00dfband:<\/strong> Sauber eingen\u00e4htes Textilinnenband f\u00fcr optimalen Tragekomfort<\/p>\n<\/li>\n<li class=\"\" data-start=\"2162\" data-end=\"2181\">\n<p class=\"\" data-start=\"2164\" data-end=\"2181\"><strong data-start=\"2164\" data-end=\"2175\">Gr\u00f6\u00dfen:<\/strong> 54\u009664<\/p>\n<\/li>\n<\/ul>\n<h3 class=\"\" data-start=\"2183\" data-end=\"2211\"><em data-start=\"2187\" data-end=\"2211\">Design &#038; Verarbeitung:<\/em><\/h3>\n<p class=\"\" data-start=\"2212\" data-end=\"2448\">Die Verarbeitung des fein geflochtenen Panamastrohs zeigt sich in gleichm\u00e4\u00dfiger Struktur, fester Haptik und geschmeidigem Griff. Die sorgf\u00e4ltig abgestimmte Garnitur betont die modische Linie, ohne den klassischen Charakter zu \u00fcbert\u00f6nen.<\/p>\n<h3 class=\"\" data-start=\"2450\" data-end=\"2485\"><em data-start=\"2454\" data-end=\"2485\">Handgefertigt in der Schweiz:<\/em><\/h3>\n<p class=\"\" data-start=\"2486\" data-end=\"2798\">Dieses Modell entsteht auf Bestellung in der traditionsreichen Schweizer Hutmanufaktur Risa \u0096 einem Haus mit \u00fcber 100 Jahren Erfahrung in der Hutmacherkunst. Jeder Hut durchl\u00e4uft pr\u00e4zise Fertigungsschritte in Handarbeit, unterst\u00fctzt von kurzen Lieferwegen und einem hohen Anspruch an Qualit\u00e4t und Nachhaltigkeit.<\/p>\n<h3 class=\"\" data-start=\"2800\" data-end=\"2832\"><em data-start=\"2804\" data-end=\"2832\">Nachhaltigkeit &#038; Qualit\u00e4t:<\/em><\/h3>\n<ul data-start=\"2833\" data-end=\"3074\">\n<li class=\"\" data-start=\"2833\" data-end=\"2935\">\n<p class=\"\" data-start=\"2835\" data-end=\"2935\"><strong data-start=\"2835\" data-end=\"2862\">Nat\u00fcrliche Materialien:<\/strong> Reines Panamastroh und Leinen \u0096 biologisch abbaubar und umweltfreundlich<\/p>\n<\/li>\n<li class=\"\" data-start=\"2936\" data-end=\"3002\">\n<p class=\"\" data-start=\"2938\" data-end=\"3002\"><strong data-start=\"2938\" data-end=\"2965\">Tradition &#038; Handarbeit:<\/strong> Jeder Hut ein handgefertigtes Unikat<\/p>\n<\/li>\n<li class=\"\" data-start=\"3003\" data-end=\"3074\">\n<p class=\"\" data-start=\"3005\" data-end=\"3074\"><strong data-start=\"3005\" data-end=\"3023\">Langlebigkeit:<\/strong> Hochwertige Verarbeitung f\u00fcr langanhaltende Freude<\/p>\n<\/li>\n<\/ul>\n<h3 class=\"\" data-start=\"3076\" data-end=\"3104\"><em data-start=\"3080\" data-end=\"3104\">Herstellung &#038; Versand:<\/em><\/h3>\n<ul data-start=\"3105\" data-end=\"3387\">\n<li class=\"\" data-start=\"3105\" data-end=\"3181\">\n<p class=\"\" data-start=\"3107\" data-end=\"3181\"><strong data-start=\"3107\" data-end=\"3136\">Fertigung auf Bestellung:<\/strong> Individuelle Anfertigung nach Bestelleingang<\/p>\n<\/li>\n<li class=\"\" data-start=\"3182\" data-end=\"3223\">\n<p class=\"\" data-start=\"3184\" data-end=\"3223\"><strong data-start=\"3184\" data-end=\"3205\">Herstellungszeit:<\/strong> 10\u009615 Arbeitstage<\/p>\n<\/li>\n<li class=\"\" data-start=\"3224\" data-end=\"3302\">\n<p class=\"\" data-start=\"3226\" data-end=\"3302\"><strong data-start=\"3226\" data-end=\"3238\">Versand:<\/strong> Ab Standort Schweiz, innerhalb weniger Tage nach Fertigstellung<\/p>\n<\/li>\n<li class=\"\" data-start=\"3303\" data-end=\"3387\">\n<p class=\"\" data-start=\"3305\" data-end=\"3387\"><strong data-start=\"3305\" data-end=\"3318\">Garantie:<\/strong> Umtausch nur bei Material- oder Herstellungsfehlern (keine R\u00fcckgabe)<\/p>\n<\/li>\n<\/ul>\n<\/div>\n<\/details>\n<details class=\"hf-accordion\">\n<summary><strong>\u25b6\ufe0f FAQ \u2013 H\u00e4ufige Fragen<\/strong><\/summary>\n<div class=\"hf-accordion-content\">\n<h3 class=\"\" data-start=\"3389\" data-end=\"3425\"><em data-start=\"3393\" data-end=\"3425\">FAQ \u0096 H\u00e4ufig gestellte Fragen:<\/em><\/h3>\n<p class=\"\" data-start=\"3427\" data-end=\"3545\"><strong data-start=\"3427\" data-end=\"3467\">Ist der Hut f\u00fcr hei\u00dfe Tage geeignet?<\/strong><br data-start=\"3467\" data-end=\"3470\" \/>Ja, dank des atmungsaktiven Panamastrohs ist er ideal f\u00fcr warme Sommertage.<\/p>\n<p class=\"\" data-start=\"3547\" data-end=\"3651\"><strong data-start=\"3547\" data-end=\"3576\">Bietet der Hut UV-Schutz?<\/strong><br data-start=\"3576\" data-end=\"3579\" \/>Ja, die breite Krempe sch\u00fctzt Gesicht und Nacken effektiv vor der Sonne.<\/p>\n<p class=\"\" data-start=\"3653\" data-end=\"3804\"><strong data-start=\"3653\" data-end=\"3699\">Kann ich den Hut individualisieren lassen?<\/strong><br data-start=\"3699\" data-end=\"3702\" \/>Dieses Modell wird auf Bestellung gefertigt \u0096 gerne pr\u00fcfen wir auf Anfrage Individualisierungsw\u00fcnsche.<\/p>\n<p class=\"\" data-start=\"3806\" data-end=\"3916\"><strong data-start=\"3806\" data-end=\"3838\">Ist der Hut wasserabweisend?<\/strong><br data-start=\"3838\" data-end=\"3841\" \/>Panamah\u00fcte sind nicht f\u00fcr Regen geeignet \u0096 bitte trocken tragen und lagern.<\/p>\n<p class=\"\" data-start=\"3918\" data-end=\"4097\"><strong data-start=\"3918\" data-end=\"3958\">Wie bewahre ich den Hut richtig auf?<\/strong><br data-start=\"3958\" data-end=\"3961\" \/>K\u00fchl, trocken und mit einem passenden Huteinsatz lagern. Mehr dazu unter dem Link: <a class=\"\" href=\"https:\/\/hut-factory.com\/pflegehinweise\/\" target=\"_new\" rel=\"noopener\" data-start=\"4044\" data-end=\"4097\">Pflegehinweise<\/a><\/p>\n<\/div>\n<\/details>\n<\/div>\n","protected":false},"excerpt":{"rendered":"<h3 data-start=\"101\" data-end=\"151\"><strong data-start=\"101\" data-end=\"151\">Sommerlicher Eyecatcher mit raffiniertem Twist<\/strong><\/h3>\n<p class=\"\" data-start=\"153\" data-end=\"554\">Ein Hauch von italienischem Esprit und Schweizer Handwerkskunst vereinen sich in diesem au\u00dfergew\u00f6hnlichen Sommerhut. Der \u0084Panamahut Fedora City Brisa mit Leinen Garnitur\u0093 \u00fcberzeugt mit seiner luftigen Eleganz, einer klassischen Formgebung und einer feinen gestreiften Garnitur aus Leinen. Ideal f\u00fcr urbane Entdeckungen oder stilvolle Gartenfeste \u0096 dieser Hut verleiht jedem Look eine kultivierte Sommernote.<\/p>\n","protected":false},"featured_media":18091,"template":"","meta":{"_acf_changed":false,"rs_blank_template":"","rs_page_bg_color":"","slide_template_v7":""},"product_brand":[250],"product_cat":[610,507,275],"product_tag":[],"class_list":{"0":"post-18090","1":"product","2":"type-product","3":"status-publish","4":"has-post-thumbnail","6":"product_brand-risa-hutwerkstatt-schweiz","7":"product_cat-city-sommerhuete","8":"product_cat-panama-sommerhuete","9":"product_cat-sommerhuete","10":"product_shipping_class-mittlere-pakete","11":"pa_color-natur-lila","12":"pa_color-natur-navy","13":"pa_groesse-206","14":"pa_groesse-196","15":"pa_groesse-207","16":"pa_groesse-197","17":"pa_groesse-208","18":"pa_groesse-198","19":"pa_groesse-209","20":"pa_groesse-199","21":"pa_groesse-210","22":"yith_product_brand-risa-hutwerkstatt-schweiz","25":"instock","26":"taxable","27":"shipping-taxable","28":"purchasable","29":"product-type-variable","30":"wvs-archive-product-wrapper","31":"add-to-wishlist-after_add_to_cart"},"acf":[],"yoast_head":"<!-- This site is optimized with the Yoast SEO Premium plugin v27.3 (Yoast SEO v27.3) - https:\/\/yoast.com\/product\/yoast-seo-premium-wordpress\/ -->\n<title>Panamahut Fedora City \u0096 in Navy\/Natur und Lila\/Natur<\/title>\n<meta name=\"description\" content=\"Panamahut mit gestreiftem Leinenband \u0096 stilvoll, luftig und handgefertigt in der Schweiz. Ein echter Hingucker und perfekter Begleiter f\u00fcr jeden Anlass.\" \/>\n<meta name=\"robots\" content=\"index, follow, max-snippet:-1, max-image-preview:large, max-video-preview:-1\" \/>\n<link rel=\"canonical\" href=\"https:\/\/hutfactory.com\/?product=panamahut-fedora-city-brisa-mit-leinen-garnitur\" \/>\n<meta property=\"og:locale\" content=\"de_DE\" \/>\n<meta property=\"og:type\" content=\"article\" \/>\n<meta property=\"og:title\" content=\"Panamahut Fedora City Brisa mit Leinen Garnitur\" \/>\n<meta property=\"og:description\" content=\"Panamahut mit gestreiftem Leinenband \u0096 stilvoll, luftig und handgefertigt in der Schweiz. Ein echter Hingucker und perfekter Begleiter f\u00fcr jeden Anlass.\" \/>\n<meta property=\"og:url\" content=\"https:\/\/hutfactory.com\/?product=panamahut-fedora-city-brisa-mit-leinen-garnitur\" \/>\n<meta property=\"og:site_name\" content=\"Hut Factory\" \/>\n<meta property=\"article:modified_time\" content=\"2026-03-10T10:28:14+00:00\" \/>\n<meta property=\"og:image\" content=\"https:\/\/hutfactory.com\/wp-content\/uploads\/2026\/03\/32504153-1.webp\" \/>\n\t<meta property=\"og:image:width\" content=\"750\" \/>\n\t<meta property=\"og:image:height\" content=\"750\" \/>\n\t<meta property=\"og:image:type\" content=\"image\/webp\" \/>\n<meta name=\"twitter:card\" content=\"summary_large_image\" \/>\n<meta name=\"twitter:label1\" content=\"Gesch\u00e4tzte Lesezeit\" \/>\n\t<meta name=\"twitter:data1\" content=\"2\u00a0Minuten\" \/>\n<script type=\"application\/ld+json\" class=\"yoast-schema-graph\">{\"@context\":\"https:\\\/\\\/schema.org\",\"@graph\":[{\"@type\":\"WebPage\",\"@id\":\"https:\\\/\\\/hutfactory.com\\\/?product=panamahut-fedora-city-brisa-mit-leinen-garnitur\",\"url\":\"https:\\\/\\\/hutfactory.com\\\/?product=panamahut-fedora-city-brisa-mit-leinen-garnitur\",\"name\":\"Panamahut Fedora City \u0096 in Navy\\\/Natur und Lila\\\/Natur\",\"isPartOf\":{\"@id\":\"https:\\\/\\\/hutfactory.com\\\/#website\"},\"primaryImageOfPage\":{\"@id\":\"https:\\\/\\\/hutfactory.com\\\/?product=panamahut-fedora-city-brisa-mit-leinen-garnitur#primaryimage\"},\"image\":{\"@id\":\"https:\\\/\\\/hutfactory.com\\\/?product=panamahut-fedora-city-brisa-mit-leinen-garnitur#primaryimage\"},\"thumbnailUrl\":\"https:\\\/\\\/hutfactory.com\\\/wp-content\\\/uploads\\\/2026\\\/03\\\/32504153-1.webp\",\"datePublished\":\"2026-03-10T10:25:22+00:00\",\"dateModified\":\"2026-03-10T10:28:14+00:00\",\"description\":\"Panamahut mit gestreiftem Leinenband \u0096 stilvoll, luftig und handgefertigt in der Schweiz. Ein echter Hingucker und perfekter Begleiter f\u00fcr jeden Anlass.\",\"breadcrumb\":{\"@id\":\"https:\\\/\\\/hutfactory.com\\\/?product=panamahut-fedora-city-brisa-mit-leinen-garnitur#breadcrumb\"},\"inLanguage\":\"de\",\"potentialAction\":[{\"@type\":\"ReadAction\",\"target\":[\"https:\\\/\\\/hutfactory.com\\\/?product=panamahut-fedora-city-brisa-mit-leinen-garnitur\"]}]},{\"@type\":\"ImageObject\",\"inLanguage\":\"de\",\"@id\":\"https:\\\/\\\/hutfactory.com\\\/?product=panamahut-fedora-city-brisa-mit-leinen-garnitur#primaryimage\",\"url\":\"https:\\\/\\\/hutfactory.com\\\/wp-content\\\/uploads\\\/2026\\\/03\\\/32504153-1.webp\",\"contentUrl\":\"https:\\\/\\\/hutfactory.com\\\/wp-content\\\/uploads\\\/2026\\\/03\\\/32504153-1.webp\",\"width\":750,\"height\":750,\"caption\":\"Eleganter Sommerhut aus 100 % Panamastroh mit gestreiftem Leinenhutband und ikonischem Risa-Knopf \u0096 erh\u00e4ltlich in Navy\\\/Natur und Lila\\\/Natur|Eleganter Sommerhut aus 100 % Panamastroh mit gestreiftem Leinenhutband und ikonischem Risa-Knopf \u0096 erh\u00e4ltlich in Navy\\\/Natur und Lila\\\/Natur|Eleganter Sommerhut aus 100 % Panamastroh mit gestreiftem Leinenhutband und ikonischem Risa-Knopf \u0096 erh\u00e4ltlich in Navy\\\/Natur und Lila\\\/Natur||||||\"},{\"@type\":\"BreadcrumbList\",\"@id\":\"https:\\\/\\\/hutfactory.com\\\/?product=panamahut-fedora-city-brisa-mit-leinen-garnitur#breadcrumb\",\"itemListElement\":[{\"@type\":\"ListItem\",\"position\":1,\"name\":\"Start\",\"item\":\"https:\\\/\\\/hutfactory.com\\\/\"},{\"@type\":\"ListItem\",\"position\":2,\"name\":\"Shop\",\"item\":\"https:\\\/\\\/hutfactory.com\\\/?page_id=10\"},{\"@type\":\"ListItem\",\"position\":3,\"name\":\"Panamahut Fedora City Brisa mit Leinen Garnitur\"}]},{\"@type\":\"WebSite\",\"@id\":\"https:\\\/\\\/hutfactory.com\\\/#website\",\"url\":\"https:\\\/\\\/hutfactory.com\\\/\",\"name\":\"Hut Factory\",\"description\":\"H\u00fcte, Kappen &amp; M\u00fctzen in Top Swiss\\\/EU Qualit\u00e4t\",\"publisher\":{\"@id\":\"https:\\\/\\\/hutfactory.com\\\/#organization\"},\"alternateName\":\"Hut Shop\",\"potentialAction\":[{\"@type\":\"SearchAction\",\"target\":{\"@type\":\"EntryPoint\",\"urlTemplate\":\"https:\\\/\\\/hutfactory.com\\\/?s={search_term_string}\"},\"query-input\":{\"@type\":\"PropertyValueSpecification\",\"valueRequired\":true,\"valueName\":\"search_term_string\"}}],\"inLanguage\":\"de\"},{\"@type\":\"Organization\",\"@id\":\"https:\\\/\\\/hutfactory.com\\\/#organization\",\"name\":\"Hut Factory\",\"url\":\"https:\\\/\\\/hutfactory.com\\\/\",\"logo\":{\"@type\":\"ImageObject\",\"inLanguage\":\"de\",\"@id\":\"https:\\\/\\\/hutfactory.com\\\/#\\\/schema\\\/logo\\\/image\\\/\",\"url\":\"https:\\\/\\\/hutfactory.com\\\/wp-content\\\/uploads\\\/2026\\\/01\\\/Logo-hut-factory-1.webp\",\"contentUrl\":\"https:\\\/\\\/hutfactory.com\\\/wp-content\\\/uploads\\\/2026\\\/01\\\/Logo-hut-factory-1.webp\",\"width\":300,\"height\":262,\"caption\":\"Hut Factory\"},\"image\":{\"@id\":\"https:\\\/\\\/hutfactory.com\\\/#\\\/schema\\\/logo\\\/image\\\/\"}}]}<\/script>\n<!-- \/ Yoast SEO Premium plugin. -->","yoast_head_json":{"title":"Panamahut Fedora City \u0096 in Navy\/Natur und Lila\/Natur","description":"Panamahut mit gestreiftem Leinenband \u0096 stilvoll, luftig und handgefertigt in der Schweiz. Ein echter Hingucker und perfekter Begleiter f\u00fcr jeden Anlass.","robots":{"index":"index","follow":"follow","max-snippet":"max-snippet:-1","max-image-preview":"max-image-preview:large","max-video-preview":"max-video-preview:-1"},"canonical":"https:\/\/hutfactory.com\/?product=panamahut-fedora-city-brisa-mit-leinen-garnitur","og_locale":"de_DE","og_type":"article","og_title":"Panamahut Fedora City Brisa mit Leinen Garnitur","og_description":"Panamahut mit gestreiftem Leinenband \u0096 stilvoll, luftig und handgefertigt in der Schweiz. Ein echter Hingucker und perfekter Begleiter f\u00fcr jeden Anlass.","og_url":"https:\/\/hutfactory.com\/?product=panamahut-fedora-city-brisa-mit-leinen-garnitur","og_site_name":"Hut Factory","article_modified_time":"2026-03-10T10:28:14+00:00","og_image":[{"width":750,"height":750,"url":"https:\/\/hutfactory.com\/wp-content\/uploads\/2026\/03\/32504153-1.webp","type":"image\/webp"}],"twitter_card":"summary_large_image","twitter_misc":{"Gesch\u00e4tzte Lesezeit":"2\u00a0Minuten"},"schema":{"@context":"https:\/\/schema.org","@graph":[{"@type":"WebPage","@id":"https:\/\/hutfactory.com\/?product=panamahut-fedora-city-brisa-mit-leinen-garnitur","url":"https:\/\/hutfactory.com\/?product=panamahut-fedora-city-brisa-mit-leinen-garnitur","name":"Panamahut Fedora City \u0096 in Navy\/Natur und Lila\/Natur","isPartOf":{"@id":"https:\/\/hutfactory.com\/#website"},"primaryImageOfPage":{"@id":"https:\/\/hutfactory.com\/?product=panamahut-fedora-city-brisa-mit-leinen-garnitur#primaryimage"},"image":{"@id":"https:\/\/hutfactory.com\/?product=panamahut-fedora-city-brisa-mit-leinen-garnitur#primaryimage"},"thumbnailUrl":"https:\/\/hutfactory.com\/wp-content\/uploads\/2026\/03\/32504153-1.webp","datePublished":"2026-03-10T10:25:22+00:00","dateModified":"2026-03-10T10:28:14+00:00","description":"Panamahut mit gestreiftem Leinenband \u0096 stilvoll, luftig und handgefertigt in der Schweiz. Ein echter Hingucker und perfekter Begleiter f\u00fcr jeden Anlass.","breadcrumb":{"@id":"https:\/\/hutfactory.com\/?product=panamahut-fedora-city-brisa-mit-leinen-garnitur#breadcrumb"},"inLanguage":"de","potentialAction":[{"@type":"ReadAction","target":["https:\/\/hutfactory.com\/?product=panamahut-fedora-city-brisa-mit-leinen-garnitur"]}]},{"@type":"ImageObject","inLanguage":"de","@id":"https:\/\/hutfactory.com\/?product=panamahut-fedora-city-brisa-mit-leinen-garnitur#primaryimage","url":"https:\/\/hutfactory.com\/wp-content\/uploads\/2026\/03\/32504153-1.webp","contentUrl":"https:\/\/hutfactory.com\/wp-content\/uploads\/2026\/03\/32504153-1.webp","width":750,"height":750,"caption":"Eleganter Sommerhut aus 100 % Panamastroh mit gestreiftem Leinenhutband und ikonischem Risa-Knopf \u0096 erh\u00e4ltlich in Navy\/Natur und Lila\/Natur|Eleganter Sommerhut aus 100 % Panamastroh mit gestreiftem Leinenhutband und ikonischem Risa-Knopf \u0096 erh\u00e4ltlich in Navy\/Natur und Lila\/Natur|Eleganter Sommerhut aus 100 % Panamastroh mit gestreiftem Leinenhutband und ikonischem Risa-Knopf \u0096 erh\u00e4ltlich in Navy\/Natur und Lila\/Natur||||||"},{"@type":"BreadcrumbList","@id":"https:\/\/hutfactory.com\/?product=panamahut-fedora-city-brisa-mit-leinen-garnitur#breadcrumb","itemListElement":[{"@type":"ListItem","position":1,"name":"Start","item":"https:\/\/hutfactory.com\/"},{"@type":"ListItem","position":2,"name":"Shop","item":"https:\/\/hutfactory.com\/?page_id=10"},{"@type":"ListItem","position":3,"name":"Panamahut Fedora City Brisa mit Leinen Garnitur"}]},{"@type":"WebSite","@id":"https:\/\/hutfactory.com\/#website","url":"https:\/\/hutfactory.com\/","name":"Hut Factory","description":"H\u00fcte, Kappen &amp; M\u00fctzen in Top Swiss\/EU Qualit\u00e4t","publisher":{"@id":"https:\/\/hutfactory.com\/#organization"},"alternateName":"Hut Shop","potentialAction":[{"@type":"SearchAction","target":{"@type":"EntryPoint","urlTemplate":"https:\/\/hutfactory.com\/?s={search_term_string}"},"query-input":{"@type":"PropertyValueSpecification","valueRequired":true,"valueName":"search_term_string"}}],"inLanguage":"de"},{"@type":"Organization","@id":"https:\/\/hutfactory.com\/#organization","name":"Hut Factory","url":"https:\/\/hutfactory.com\/","logo":{"@type":"ImageObject","inLanguage":"de","@id":"https:\/\/hutfactory.com\/#\/schema\/logo\/image\/","url":"https:\/\/hutfactory.com\/wp-content\/uploads\/2026\/01\/Logo-hut-factory-1.webp","contentUrl":"https:\/\/hutfactory.com\/wp-content\/uploads\/2026\/01\/Logo-hut-factory-1.webp","width":300,"height":262,"caption":"Hut Factory"},"image":{"@id":"https:\/\/hutfactory.com\/#\/schema\/logo\/image\/"}}]}},"_links":{"self":[{"href":"https:\/\/hutfactory.com\/index.php?rest_route=\/wp\/v2\/product\/18090","targetHints":{"allow":["GET"]}}],"collection":[{"href":"https:\/\/hutfactory.com\/index.php?rest_route=\/wp\/v2\/product"}],"about":[{"href":"https:\/\/hutfactory.com\/index.php?rest_route=\/wp\/v2\/types\/product"}],"wp:featuredmedia":[{"embeddable":true,"href":"https:\/\/hutfactory.com\/index.php?rest_route=\/wp\/v2\/media\/18091"}],"wp:attachment":[{"href":"https:\/\/hutfactory.com\/index.php?rest_route=%2Fwp%2Fv2%2Fmedia&parent=18090"}],"wp:term":[{"taxonomy":"product_brand","embeddable":true,"href":"https:\/\/hutfactory.com\/index.php?rest_route=%2Fwp%2Fv2%2Fproduct_brand&post=18090"},{"taxonomy":"product_cat","embeddable":true,"href":"https:\/\/hutfactory.com\/index.php?rest_route=%2Fwp%2Fv2%2Fproduct_cat&post=18090"},{"taxonomy":"product_tag","embeddable":true,"href":"https:\/\/hutfactory.com\/index.php?rest_route=%2Fwp%2Fv2%2Fproduct_tag&post=18090"}],"curies":[{"name":"wp","href":"https:\/\/api.w.org\/{rel}","templated":true}]}}