{"id":17940,"date":"2026-03-10T10:23:34","date_gmt":"2026-03-10T10:23:34","guid":{"rendered":"https:\/\/hutfactory.com\/?product=damenhut-freiamt-dietwilerin"},"modified":"2026-03-24T13:32:58","modified_gmt":"2026-03-24T13:32:58","slug":"damenhut-freiamt-dietwilerin","status":"publish","type":"product","link":"https:\/\/hutfactory.com\/?product=damenhut-freiamt-dietwilerin","title":{"rendered":"Damenhut &#8211; Freiamt Dietwilerin"},"content":{"rendered":"<h3 class=\"ai-optimize-24\" data-start=\"0\" data-end=\"70\"><strong data-start=\"4\" data-end=\"70\">Romantischer Flair f\u00fcr sonnige Tage: Ein Damenhut mit Charisma<\/strong><\/h3>\n<p class=\"ai-optimize-25 ai-optimize-introduction\" data-start=\"72\" data-end=\"679\">Lassen Sie sich von der femininen Ausstrahlung des Damenhuts \u0084Freiamt Dietwilerin\u0093 verf\u00fchren \u0096 ein kunstvoll gefertigtes Accessoire aus der Premium Freiamt Kollektion, das klassische Eleganz mit handwerklicher Pr\u00e4zision vereint. Dieser charmante Hut begeistert mit einer runden, sanft geschwungenen Krone, einer gro\u00dfz\u00fcgigen 10 cm breiten Krempe und einer einzigartigen Garnitur aus einem kunstvoll drapierten Stoffband mit verspielter Schlaufe. Die raffinierte Struktur des Flechtwerks sorgt f\u00fcr ein leichtes, luftiges Tragegef\u00fchl und setzt den farblich abgestimmten Schimmer des Materials perfekt in Szene.<\/p>\n<p class=\"ai-optimize-26\" data-start=\"681\" data-end=\"1104\">Ob in elegantem Dunkelbraun, zartem Lila oder frischem Hellblau \u0096 jede Farbvariante des \u0084Freiamt Dietwilerin\u0093 ist ein Ausdruck von Stil und Pers\u00f6nlichkeit. Die harmonische Kombination aus 50% Stroh und 50% Polyester macht den Hut formstabil, langlebig und angenehm leicht. Das Modell ist in vier Gr\u00f6\u00dfen erh\u00e4ltlich und wird in der traditionsreichen Schweizer Hutmanufaktur Risa mit h\u00f6chster Sorgfalt in Handarbeit gefertigt.<\/p>\n<h3 class=\"ai-optimize-27\" data-start=\"1110\" data-end=\"1128\">Perfekt f\u00fcr\u0085??<\/h3>\n<p class=\"ai-optimize-28\" data-start=\"1130\" data-end=\"1435\">?? <strong data-start=\"1133\" data-end=\"1156\">Sommerliche Anl\u00e4sse<\/strong>: Perfekt f\u00fcr Gartenpartys, Open-Air-Konzerte oder entspannte Tage am See.<br data-start=\"1230\" data-end=\"1233\" \/>?? <strong data-start=\"1236\" data-end=\"1255\">Elegante Events<\/strong>: Ein stilvoller Hingucker bei Hochzeiten, Sommerfesten oder Brunch-Dates.<br data-start=\"1329\" data-end=\"1332\" \/>?? <strong data-start=\"1335\" data-end=\"1362\">Natur- und Modebewusste<\/strong>: F\u00fcr alle, die Qualit\u00e4t, Handwerkskunst und individuelle Designs lieben.<\/p>\n<div class=\"hf-accordions\">\n<hr class=\"hf-accordion-separator\" \/>\n<details class=\"hf-accordion\">\n<summary><strong>\u25b6\ufe0f Gut zu wissen \u2013 mehr erfahren<\/strong><\/summary>\n<div class=\"hf-accordion-content\">\n<h3><strong>Wichtige Produktdetails<\/strong><\/h3>\n<h4><strong>Material &#038; Design<\/strong><\/h4>\n<ul>\n<li><strong>Material:<\/strong>\u00a050% PL \/ 50% Straw<\/li>\n<li><strong>Randbreite:\u00a0<\/strong>10.0 cm<\/li>\n<li><strong>Kopfh\u00f6he:\u00a0<\/strong>9.5 cm<\/li>\n<li><strong>Farboptionen:<\/strong>\u00a01. D`braun, 2. Lila, 3. Hellblau<\/li>\n<li><strong>Garnitur:<\/strong>\u00a0breites Hutband mit Schlaufe<\/li>\n<li><strong>Gr\u00f6\u00dfen:<\/strong>\u00a055-61<\/li>\n<li><strong>Schwei\u00dfband:<\/strong> Hochwertiges, sauber eingen\u00e4htes Textilinnenband f\u00fcr optimalen Tragekomfort<\/li>\n<\/ul>\n<h4><strong>Handwerkskunst &#038; Exklusivit\u00e4t<\/strong><\/h4>\n<ul>\n<li><strong>Handgefertigt:<\/strong> Jeder Hut wird von erfahrenen Hutmacher:innen in pr\u00e4ziser Handarbeit hergestellt<\/li>\n<li><strong>Tradition &#038; Qualit\u00e4t:<\/strong> Gefertigt in der Risa Hutwerkstatt, bekannt f\u00fcr erstklassige Schweizer Hutmacherkunst<\/li>\n<li><strong>Limitierte Auflage:<\/strong> Jeder Hut wird auf Bestellung gefertigt, um h\u00f6chste Exklusivit\u00e4t zu gew\u00e4hrleisten<\/li>\n<\/ul>\n<h4><strong>Herstellung<\/strong><\/h4>\n<ul>\n<li><strong>Produktionsort:<\/strong> Schweiz, in der renommierten Risa Hutwerkstatt<\/li>\n<li><strong>Herstellungszeit:<\/strong> 10-15 Arbeitstage nach Zahlungseingang<\/li>\n<\/ul>\n<h4><strong>Lieferbedingungen<\/strong><\/h4>\n<ul>\n<li><strong>Versand:<\/strong> Innerhalb weniger Tage nach Fertigstellung ab Standort Schweiz<\/li>\n<li><strong>Garantie:<\/strong> Umtausch nur bei Material- oder Herstellungsfehlern<\/li>\n<li><strong>Verf\u00fcgbarkeit:<\/strong> Abverkauf des Rohmaterials vorbehalten<\/li>\n<\/ul>\n<\/div>\n<\/details>\n<details class=\"hf-accordion\">\n<summary><strong>\u25b6\ufe0f FAQ \u2013 H\u00e4ufige Fragen<\/strong><\/summary>\n<div class=\"hf-accordion-content\">\n<h2>FAQs<\/h2>\n<div class=\"group w-full text-gray-800 dark:text-gray-100 border-b border-black\/10 dark:border-gray-900\/50 bg-gray-50 dark:bg-[#444654]\">\n<div class=\"text-base gap-4 md:gap-6 md:max-w-2xl lg:max-w-xl xl:max-w-3xl p-4 md:py-6 flex lg:px-0 m-auto\">\n<div class=\"relative flex w-[calc(100%-50px)] flex-col gap-1 md:gap-3 lg:w-[calc(100%-115px)]\">\n<div class=\"flex flex-grow flex-col gap-3\">\n<div class=\"min-h-[20px] flex flex-col items-start gap-4 whitespace-pre-wrap\">\n<div class=\"markdown prose w-full break-words dark:prose-invert light\">\n<h3>Was ist der \u0093DIETWILERIN\u0094 Damenhut?<\/h3>\n<p>Der \u0093DIETWILERIN\u0094 Damenhut ist ein handgefertigter Hut aus feinstem Weizenstroh, der von erfahrenen Hutfachleuten von der Risa Hutwerkstatt gestaltet wurde.<\/p>\n<h3>Woher stammt der \u0093DIETWILERIN\u0094 Damenhut?<\/h3>\n<p>Der \u0093DIETWILERIN\u0094 Damenhut stammt aus dem Freiamt in der Schweiz, wo traditionelle Handwerkskunst seit Jahrzehnten gepflegt wird.<\/p>\n<h3>Wie wird der \u0093DIETWILERIN\u0094 Damenhut hergestellt?<\/h3>\n<p>Der \u0093DIETWILERIN\u0094 Damenhut wird von erfahrenen Hutfachleuten handgefertigt. Der Hut wird aus feinstem Weizenstroh geflochten und sorgf\u00e4ltig gestaltet, um ein einzigartiges Kunstwerk zu schaffen.<\/p>\n<h3>Wie pflege ich den \u0093DIETWILERIN\u0094 Damenhut?<\/h3>\n<p>Der \u0093DIETWILERIN\u0094 Damenhut sollte vor Feuchtigkeit gesch\u00fctzt werden. Um Staub und Schmutz zu entfernen, sollte der Hut regelm\u00e4\u00dfig mit einem weichen Tuch gereinigt werden. Wenn der Hut nass wird, sollte er an der Luft getrocknet werden.<\/p>\n<h3>Wo kann ich den \u0093DIETWILERIN\u0094 Damenhut kaufen?<\/h3>\n<p>Der \u0093DIETWILERIN\u0094 Damenhut ist ein exklusives Accessoire, das online bei uns erh\u00e4ltlich ist.<\/p>\n<\/div>\n<\/div>\n<\/div>\n<\/div>\n<\/div>\n<\/div>\n<\/div>\n<\/details>\n<\/div>\n","protected":false},"excerpt":{"rendered":"<h3><strong>Verspielt und stilvoll durch den Sommer<\/strong><\/h3>\n<p class=\"ai-optimize-29\">Der Damenhut \u0084Freiamt Dietwilerin\u0093 verbindet Schweizer Handwerkskunst, romantisches Design und h\u00f6chste Qualit\u00e4t. Ein feminines Accessoire, das jeden Sommerlook verzaubert und Sie stilvoll durch sonnige Tage begleitet \u0096 gefertigt mit Leidenschaft und Liebe zum Detail.<\/p>\n","protected":false},"featured_media":17941,"template":"","meta":{"_acf_changed":false,"rs_blank_template":"","rs_page_bg_color":"","slide_template_v7":""},"product_brand":[250],"product_cat":[641,446,275],"product_tag":[],"class_list":{"0":"post-17940","1":"product","2":"type-product","3":"status-publish","4":"has-post-thumbnail","6":"product_brand-risa-hutwerkstatt-schweiz","7":"product_cat-anlass-sommerhuete","8":"product_cat-cloche-sommerhuete","9":"product_cat-sommerhuete","10":"product_shipping_class-mittlere-pakete","11":"pa_color-dbraun","12":"pa_color-hellblau","13":"pa_color-lila","14":"pa_groesse-55-54-55","15":"pa_groesse-57-56-57","16":"pa_groesse-59-58-59","17":"pa_groesse-61-60-61","18":"yith_product_brand-risa-hutwerkstatt-schweiz","21":"instock","22":"taxable","23":"shipping-taxable","24":"purchasable","25":"product-type-variable","26":"wvs-archive-product-wrapper","27":"add-to-wishlist-after_add_to_cart"},"acf":[],"yoast_head":"<!-- This site is optimized with the Yoast SEO Premium plugin v27.3 (Yoast SEO v27.3) - https:\/\/yoast.com\/product\/yoast-seo-premium-wordpress\/ -->\n<title>Damenhut Freiamt Dietwilerin in drei Sommerfarben<\/title>\n<meta name=\"description\" content=\". Der &quot;DIETWILERIN&quot; Damenhut ist ein perfektes Accessoire f\u00fcr sommerliche Outdoor-Veranstaltungen und verleiht jedem Outfit eine gewisse Eleganz und Klasse.\" \/>\n<meta name=\"robots\" content=\"index, follow, max-snippet:-1, max-image-preview:large, max-video-preview:-1\" \/>\n<link rel=\"canonical\" href=\"https:\/\/hutfactory.com\/?product=damenhut-freiamt-dietwilerin\" \/>\n<meta property=\"og:locale\" content=\"de_DE\" \/>\n<meta property=\"og:type\" content=\"article\" \/>\n<meta property=\"og:title\" content=\"Damenhut - Freiamt Dietwilerin\" \/>\n<meta property=\"og:description\" content=\". Der &quot;DIETWILERIN&quot; Damenhut ist ein perfektes Accessoire f\u00fcr sommerliche Outdoor-Veranstaltungen und verleiht jedem Outfit eine gewisse Eleganz und Klasse.\" \/>\n<meta property=\"og:url\" content=\"https:\/\/hutfactory.com\/?product=damenhut-freiamt-dietwilerin\" \/>\n<meta property=\"og:site_name\" content=\"Hut Factory\" \/>\n<meta property=\"article:modified_time\" content=\"2026-03-24T13:32:58+00:00\" \/>\n<meta property=\"og:image\" content=\"https:\/\/hutfactory.com\/wp-content\/uploads\/2026\/03\/11344_alle.webp\" \/>\n\t<meta property=\"og:image:width\" content=\"750\" \/>\n\t<meta property=\"og:image:height\" content=\"750\" \/>\n\t<meta property=\"og:image:type\" content=\"image\/webp\" \/>\n<meta name=\"twitter:card\" content=\"summary_large_image\" \/>\n<meta name=\"twitter:label1\" content=\"Gesch\u00e4tzte Lesezeit\" \/>\n\t<meta name=\"twitter:data1\" content=\"2\u00a0Minuten\" \/>\n<script type=\"application\/ld+json\" class=\"yoast-schema-graph\">{\"@context\":\"https:\\\/\\\/schema.org\",\"@graph\":[{\"@type\":\"WebPage\",\"@id\":\"https:\\\/\\\/hutfactory.com\\\/?product=damenhut-freiamt-dietwilerin\",\"url\":\"https:\\\/\\\/hutfactory.com\\\/?product=damenhut-freiamt-dietwilerin\",\"name\":\"Damenhut Freiamt Dietwilerin in drei Sommerfarben\",\"isPartOf\":{\"@id\":\"https:\\\/\\\/hutfactory.com\\\/#website\"},\"primaryImageOfPage\":{\"@id\":\"https:\\\/\\\/hutfactory.com\\\/?product=damenhut-freiamt-dietwilerin#primaryimage\"},\"image\":{\"@id\":\"https:\\\/\\\/hutfactory.com\\\/?product=damenhut-freiamt-dietwilerin#primaryimage\"},\"thumbnailUrl\":\"https:\\\/\\\/hutfactory.com\\\/wp-content\\\/uploads\\\/2026\\\/03\\\/11344_alle.webp\",\"datePublished\":\"2026-03-10T10:23:34+00:00\",\"dateModified\":\"2026-03-24T13:32:58+00:00\",\"description\":\". Der \\\"DIETWILERIN\\\" Damenhut ist ein perfektes Accessoire f\u00fcr sommerliche Outdoor-Veranstaltungen und verleiht jedem Outfit eine gewisse Eleganz und Klasse.\",\"breadcrumb\":{\"@id\":\"https:\\\/\\\/hutfactory.com\\\/?product=damenhut-freiamt-dietwilerin#breadcrumb\"},\"inLanguage\":\"de\",\"potentialAction\":[{\"@type\":\"ReadAction\",\"target\":[\"https:\\\/\\\/hutfactory.com\\\/?product=damenhut-freiamt-dietwilerin\"]}]},{\"@type\":\"ImageObject\",\"inLanguage\":\"de\",\"@id\":\"https:\\\/\\\/hutfactory.com\\\/?product=damenhut-freiamt-dietwilerin#primaryimage\",\"url\":\"https:\\\/\\\/hutfactory.com\\\/wp-content\\\/uploads\\\/2026\\\/03\\\/11344_alle.webp\",\"contentUrl\":\"https:\\\/\\\/hutfactory.com\\\/wp-content\\\/uploads\\\/2026\\\/03\\\/11344_alle.webp\",\"width\":750,\"height\":750,\"caption\":\"||||\"},{\"@type\":\"BreadcrumbList\",\"@id\":\"https:\\\/\\\/hutfactory.com\\\/?product=damenhut-freiamt-dietwilerin#breadcrumb\",\"itemListElement\":[{\"@type\":\"ListItem\",\"position\":1,\"name\":\"Start\",\"item\":\"https:\\\/\\\/hutfactory.com\\\/\"},{\"@type\":\"ListItem\",\"position\":2,\"name\":\"Shop\",\"item\":\"https:\\\/\\\/hutfactory.com\\\/?page_id=10\"},{\"@type\":\"ListItem\",\"position\":3,\"name\":\"Damenhut &#8211; Freiamt Dietwilerin\"}]},{\"@type\":\"WebSite\",\"@id\":\"https:\\\/\\\/hutfactory.com\\\/#website\",\"url\":\"https:\\\/\\\/hutfactory.com\\\/\",\"name\":\"Hut Factory\",\"description\":\"H\u00fcte, Kappen &amp; M\u00fctzen in Top Swiss\\\/EU Qualit\u00e4t\",\"publisher\":{\"@id\":\"https:\\\/\\\/hutfactory.com\\\/#organization\"},\"alternateName\":\"Hut Shop\",\"potentialAction\":[{\"@type\":\"SearchAction\",\"target\":{\"@type\":\"EntryPoint\",\"urlTemplate\":\"https:\\\/\\\/hutfactory.com\\\/?s={search_term_string}\"},\"query-input\":{\"@type\":\"PropertyValueSpecification\",\"valueRequired\":true,\"valueName\":\"search_term_string\"}}],\"inLanguage\":\"de\"},{\"@type\":\"Organization\",\"@id\":\"https:\\\/\\\/hutfactory.com\\\/#organization\",\"name\":\"Hut Factory\",\"url\":\"https:\\\/\\\/hutfactory.com\\\/\",\"logo\":{\"@type\":\"ImageObject\",\"inLanguage\":\"de\",\"@id\":\"https:\\\/\\\/hutfactory.com\\\/#\\\/schema\\\/logo\\\/image\\\/\",\"url\":\"https:\\\/\\\/hutfactory.com\\\/wp-content\\\/uploads\\\/2026\\\/01\\\/Logo-hut-factory-1.webp\",\"contentUrl\":\"https:\\\/\\\/hutfactory.com\\\/wp-content\\\/uploads\\\/2026\\\/01\\\/Logo-hut-factory-1.webp\",\"width\":300,\"height\":262,\"caption\":\"Hut Factory\"},\"image\":{\"@id\":\"https:\\\/\\\/hutfactory.com\\\/#\\\/schema\\\/logo\\\/image\\\/\"}}]}<\/script>\n<!-- \/ Yoast SEO Premium plugin. -->","yoast_head_json":{"title":"Damenhut Freiamt Dietwilerin in drei Sommerfarben","description":". Der \"DIETWILERIN\" Damenhut ist ein perfektes Accessoire f\u00fcr sommerliche Outdoor-Veranstaltungen und verleiht jedem Outfit eine gewisse Eleganz und Klasse.","robots":{"index":"index","follow":"follow","max-snippet":"max-snippet:-1","max-image-preview":"max-image-preview:large","max-video-preview":"max-video-preview:-1"},"canonical":"https:\/\/hutfactory.com\/?product=damenhut-freiamt-dietwilerin","og_locale":"de_DE","og_type":"article","og_title":"Damenhut - Freiamt Dietwilerin","og_description":". Der \"DIETWILERIN\" Damenhut ist ein perfektes Accessoire f\u00fcr sommerliche Outdoor-Veranstaltungen und verleiht jedem Outfit eine gewisse Eleganz und Klasse.","og_url":"https:\/\/hutfactory.com\/?product=damenhut-freiamt-dietwilerin","og_site_name":"Hut Factory","article_modified_time":"2026-03-24T13:32:58+00:00","og_image":[{"width":750,"height":750,"url":"https:\/\/hutfactory.com\/wp-content\/uploads\/2026\/03\/11344_alle.webp","type":"image\/webp"}],"twitter_card":"summary_large_image","twitter_misc":{"Gesch\u00e4tzte Lesezeit":"2\u00a0Minuten"},"schema":{"@context":"https:\/\/schema.org","@graph":[{"@type":"WebPage","@id":"https:\/\/hutfactory.com\/?product=damenhut-freiamt-dietwilerin","url":"https:\/\/hutfactory.com\/?product=damenhut-freiamt-dietwilerin","name":"Damenhut Freiamt Dietwilerin in drei Sommerfarben","isPartOf":{"@id":"https:\/\/hutfactory.com\/#website"},"primaryImageOfPage":{"@id":"https:\/\/hutfactory.com\/?product=damenhut-freiamt-dietwilerin#primaryimage"},"image":{"@id":"https:\/\/hutfactory.com\/?product=damenhut-freiamt-dietwilerin#primaryimage"},"thumbnailUrl":"https:\/\/hutfactory.com\/wp-content\/uploads\/2026\/03\/11344_alle.webp","datePublished":"2026-03-10T10:23:34+00:00","dateModified":"2026-03-24T13:32:58+00:00","description":". Der \"DIETWILERIN\" Damenhut ist ein perfektes Accessoire f\u00fcr sommerliche Outdoor-Veranstaltungen und verleiht jedem Outfit eine gewisse Eleganz und Klasse.","breadcrumb":{"@id":"https:\/\/hutfactory.com\/?product=damenhut-freiamt-dietwilerin#breadcrumb"},"inLanguage":"de","potentialAction":[{"@type":"ReadAction","target":["https:\/\/hutfactory.com\/?product=damenhut-freiamt-dietwilerin"]}]},{"@type":"ImageObject","inLanguage":"de","@id":"https:\/\/hutfactory.com\/?product=damenhut-freiamt-dietwilerin#primaryimage","url":"https:\/\/hutfactory.com\/wp-content\/uploads\/2026\/03\/11344_alle.webp","contentUrl":"https:\/\/hutfactory.com\/wp-content\/uploads\/2026\/03\/11344_alle.webp","width":750,"height":750,"caption":"||||"},{"@type":"BreadcrumbList","@id":"https:\/\/hutfactory.com\/?product=damenhut-freiamt-dietwilerin#breadcrumb","itemListElement":[{"@type":"ListItem","position":1,"name":"Start","item":"https:\/\/hutfactory.com\/"},{"@type":"ListItem","position":2,"name":"Shop","item":"https:\/\/hutfactory.com\/?page_id=10"},{"@type":"ListItem","position":3,"name":"Damenhut &#8211; Freiamt Dietwilerin"}]},{"@type":"WebSite","@id":"https:\/\/hutfactory.com\/#website","url":"https:\/\/hutfactory.com\/","name":"Hut Factory","description":"H\u00fcte, Kappen &amp; M\u00fctzen in Top Swiss\/EU Qualit\u00e4t","publisher":{"@id":"https:\/\/hutfactory.com\/#organization"},"alternateName":"Hut Shop","potentialAction":[{"@type":"SearchAction","target":{"@type":"EntryPoint","urlTemplate":"https:\/\/hutfactory.com\/?s={search_term_string}"},"query-input":{"@type":"PropertyValueSpecification","valueRequired":true,"valueName":"search_term_string"}}],"inLanguage":"de"},{"@type":"Organization","@id":"https:\/\/hutfactory.com\/#organization","name":"Hut Factory","url":"https:\/\/hutfactory.com\/","logo":{"@type":"ImageObject","inLanguage":"de","@id":"https:\/\/hutfactory.com\/#\/schema\/logo\/image\/","url":"https:\/\/hutfactory.com\/wp-content\/uploads\/2026\/01\/Logo-hut-factory-1.webp","contentUrl":"https:\/\/hutfactory.com\/wp-content\/uploads\/2026\/01\/Logo-hut-factory-1.webp","width":300,"height":262,"caption":"Hut Factory"},"image":{"@id":"https:\/\/hutfactory.com\/#\/schema\/logo\/image\/"}}]}},"_links":{"self":[{"href":"https:\/\/hutfactory.com\/index.php?rest_route=\/wp\/v2\/product\/17940","targetHints":{"allow":["GET"]}}],"collection":[{"href":"https:\/\/hutfactory.com\/index.php?rest_route=\/wp\/v2\/product"}],"about":[{"href":"https:\/\/hutfactory.com\/index.php?rest_route=\/wp\/v2\/types\/product"}],"wp:featuredmedia":[{"embeddable":true,"href":"https:\/\/hutfactory.com\/index.php?rest_route=\/wp\/v2\/media\/17941"}],"wp:attachment":[{"href":"https:\/\/hutfactory.com\/index.php?rest_route=%2Fwp%2Fv2%2Fmedia&parent=17940"}],"wp:term":[{"taxonomy":"product_brand","embeddable":true,"href":"https:\/\/hutfactory.com\/index.php?rest_route=%2Fwp%2Fv2%2Fproduct_brand&post=17940"},{"taxonomy":"product_cat","embeddable":true,"href":"https:\/\/hutfactory.com\/index.php?rest_route=%2Fwp%2Fv2%2Fproduct_cat&post=17940"},{"taxonomy":"product_tag","embeddable":true,"href":"https:\/\/hutfactory.com\/index.php?rest_route=%2Fwp%2Fv2%2Fproduct_tag&post=17940"}],"curies":[{"name":"wp","href":"https:\/\/api.w.org\/{rel}","templated":true}]}}