{"id":17933,"date":"2026-03-10T10:23:34","date_gmt":"2026-03-10T10:23:34","guid":{"rendered":"https:\/\/hutfactory.com\/?product=strohhut-trilby-freiamt-buttwilerin"},"modified":"2026-03-10T10:27:10","modified_gmt":"2026-03-10T10:27:10","slug":"strohhut-trilby-freiamt-buttwilerin","status":"publish","type":"product","link":"https:\/\/hutfactory.com\/?product=strohhut-trilby-freiamt-buttwilerin","title":{"rendered":"Strohhut Trilby &#8211; Freiamt ButtwilerIn"},"content":{"rendered":"<h3 class=\"ai-optimize-24\" data-start=\"0\" data-end=\"80\"><strong data-start=\"4\" data-end=\"80\">Moderner Klassiker mit urbanem Flair: Der perfekte Trilby f\u00fcr den Sommer<\/strong><\/h3>\n<p class=\"ai-optimize-25 ai-optimize-introduction\" data-start=\"82\" data-end=\"634\">Mit dem Strohhut Trilby \u0084Freiamt ButtwilerIn\u0093 setzen Sie auf zeitlose Eleganz, die Tradition und modernes Design m\u00fchelos vereint. Diese handgefertigte Kopfbedeckung aus der Premium Freiamt Kollektion begeistert mit ihrer markanten Trilby-Form: Die 11,5 cm hohe Krone sorgt f\u00fcr ein selbstbewusstes Profil, w\u00e4hrend die 3 cm schmale Krempe einen dezenten, urbanen Look verleiht. Ob in Natur mit schwarzem Hutband und wei\u00dfen Nadelstreifen oder Natur mit schwarzem Faden und eleganten \u00c9cru-Streifen \u0096 beide Varianten sorgen f\u00fcr einen individuellen Auftritt.<\/p>\n<p class=\"ai-optimize-26\" data-start=\"636\" data-end=\"1207\">Gefertigt aus 100% hochwertigem Stroh, vereint dieser Hut Leichtigkeit und Langlebigkeit. Das fein gestreifte Hutband aus edlem Rebsmaterial mit Traverse setzt einen modernen Akzent und unterstreicht den maskulinen Charakter dieses Sommerklassikers. Ein sauber eingen\u00e4htes Textilinnenband garantiert perfekten Sitz und hohen Tragekomfort, selbst an hei\u00dfen Tagen. Jeder \u0084Freiamt ButtwilerIn\u0093 wird in der renommierten Schweizer Hutmanufaktur Risa mit gr\u00f6\u00dfter Sorgfalt in Handarbeit gefertigt \u0096 f\u00fcr ein Accessoire, das h\u00f6chste Qualit\u00e4t und stilvolle Exklusivit\u00e4t verk\u00f6rpert.<\/p>\n<h3 class=\"ai-optimize-27\" data-start=\"1213\" data-end=\"1231\">Perfekt f\u00fcr\u0085??<\/h3>\n<p class=\"ai-optimize-28\" data-start=\"1233\" data-end=\"1588\">?? <strong data-start=\"1236\" data-end=\"1259\">Sommerliche Anl\u00e4sse<\/strong>: Ob beim Stadtbummel, Sommerfest oder auf der Rooftop-Bar \u0096 dieser Trilby verleiht jedem Outfit einen urbanen Chic.<br data-start=\"1375\" data-end=\"1378\" \/>?? <strong data-start=\"1381\" data-end=\"1401\">Stilvolle Events<\/strong>: Ideal f\u00fcr Hochzeiten, Gartenpartys oder After-Work-Aperos.<br data-start=\"1461\" data-end=\"1464\" \/>?? <strong data-start=\"1467\" data-end=\"1494\">Natur- und Modebewusste<\/strong>: F\u00fcr alle, die nachhaltige Materialien, hochwertige Handarbeit und elegantes Design sch\u00e4tzen.<\/p>\n<div class=\"hf-accordions\">\n<hr class=\"hf-accordion-separator\" \/>\n<details class=\"hf-accordion\">\n<summary><strong>\u25b6\ufe0f Gut zu wissen \u2013 mehr erfahren<\/strong><\/summary>\n<div class=\"hf-accordion-content\">\n<h3><strong>Wichtige Produktdetails<\/strong><\/h3>\n<h4><strong>Material &#038; Design<\/strong><\/h4>\n<ul>\n<li><strong>Material:<\/strong> 100% Weizenstroh \u0096 leicht, langlebig und atmungsaktiv<\/li>\n<li><strong>Struktur:<\/strong> Fein geflochten f\u00fcr eine elegante und gleichm\u00e4\u00dfige Optik<\/li>\n<li><strong>Hutform:<\/strong> Moderner Tilby mit hoher Krone und leicht geschwungener Krempe<\/li>\n<li><strong>Randbreite:\u00a0<\/strong>3.0 cm<\/li>\n<li><strong>Kopfh\u00f6he:\u00a0<\/strong>11.5 cm<\/li>\n<li><strong>Farboptionen:<\/strong>\u00a01. Natur; Faden Natur mit Garnitur Nadelstreifen Schwarz\/Weiss, 2. Natur; Faden Schwarz mit Garnitur Nadelstreifen Ecru\/Schwarz<\/li>\n<li><strong>Garnitur:<\/strong>\u00a0breites Rebsband mit Nadelstreifenmuster mit schr\u00e4ger Traverse<\/li>\n<li><strong>Gr\u00f6\u00dfen:<\/strong>\u00a054-61<\/li>\n<li><strong>Schwei\u00dfband:<\/strong> Hochwertiges, sauber eingen\u00e4htes Textilinnenband f\u00fcr optimalen Tragekomfort<\/li>\n<\/ul>\n<h4><strong>Handwerkskunst &#038; Exklusivit\u00e4t<\/strong><\/h4>\n<ul>\n<li><strong>Handgefertigt:<\/strong> Jeder Hut wird von erfahrenen Hutmacher:innen in pr\u00e4ziser Handarbeit hergestellt<\/li>\n<li><strong>Tradition &#038; Qualit\u00e4t:<\/strong> Gefertigt in der Risa Hutwerkstatt, bekannt f\u00fcr erstklassige Schweizer Hutmacherkunst<\/li>\n<li><strong>Limitierte Auflage:<\/strong> Jeder Hut wird auf Bestellung gefertigt, um h\u00f6chste Exklusivit\u00e4t zu gew\u00e4hrleisten<\/li>\n<\/ul>\n<h4><strong>Herstellung<\/strong><\/h4>\n<ul>\n<li><strong>Produktionsort:<\/strong> Schweiz, in der renommierten Risa Hutwerkstatt<\/li>\n<li><strong>Herstellungszeit:<\/strong> 10-15 Arbeitstage nach Zahlungseingang<\/li>\n<\/ul>\n<h4><strong>Lieferbedingungen<\/strong><\/h4>\n<ul>\n<li><strong>Versand:<\/strong> Innerhalb weniger Tage nach Fertigstellung ab Standort Schweiz<\/li>\n<li><strong>Garantie:<\/strong> Umtausch nur bei Material- oder Herstellungsfehlern<\/li>\n<li><strong>Verf\u00fcgbarkeit:<\/strong> Abverkauf des Rohmaterials vorbehalten<\/li>\n<\/ul>\n<\/div>\n<\/details>\n<details class=\"hf-accordion\">\n<summary><strong>\u25b6\ufe0f FAQ \u2013 H\u00e4ufige Fragen<\/strong><\/summary>\n<div class=\"hf-accordion-content\">\n<h2>FAQs<\/h2>\n<div class=\"group w-full text-gray-800 dark:text-gray-100 border-b border-black\/10 dark:border-gray-900\/50 bg-gray-50 dark:bg-[#444654]\">\n<div class=\"text-base gap-4 md:gap-6 md:max-w-2xl lg:max-w-xl xl:max-w-3xl p-4 md:py-6 flex lg:px-0 m-auto\">\n<div class=\"relative flex w-[calc(100%-50px)] flex-col gap-1 md:gap-3 lg:w-[calc(100%-115px)]\">\n<div class=\"flex flex-grow flex-col gap-3\">\n<div class=\"min-h-[20px] flex flex-col items-start gap-4 whitespace-pre-wrap\">\n<div class=\"markdown prose w-full break-words dark:prose-invert light\">\n<h3>Wie kann ich die richtige Gr\u00f6\u00dfe f\u00fcr meinen Trilby ermitteln?<\/h3>\n<p>Um die richtige Gr\u00f6\u00dfe f\u00fcr Ihren Trilby zu ermitteln, messen Sie Ihren Kopfumfang an der breitesten Stelle. Verwenden Sie dann die Gr\u00f6\u00dfentabelle des Herstellers, um die richtige Gr\u00f6\u00dfe f\u00fcr Ihren Hut zu finden. Beachten Sie dabei, dass die Gr\u00f6\u00dfen je nach Hersteller und Modell variieren k\u00f6nnen.<\/p>\n<h3>Wie kann ich meinen Trilby pflegen?<\/h3>\n<p>Um Ihren Trilby optimal zu pflegen, lagern Sie ihn an einem trockenen und k\u00fchlen Ort und vermeiden Sie direkte Sonneneinstrahlung. Vermeiden Sie au\u00dferdem, den Hut feucht zu halten und reinigen Sie ihn regelm\u00e4\u00dfig mit einer weichen B\u00fcrste.<\/p>\n<h3>Kann ich meinen Trilby einf\u00e4rben?<\/h3>\n<p>Wir empfehlen Ihnen, Ihren Trilby nicht einzuf\u00e4rben, da dies die Qualit\u00e4t und Haltbarkeit des Hutes beeintr\u00e4chtigen kann.<\/p>\n<h3>Zu welchem Anlass kann ich meinen Trilby tragen?<\/h3>\n<p>Der Trilby aus feinstem Weizenstroh ist ein zeitloser Klassiker und kann zu vielen Anl\u00e4ssen getragen werden. Ob bei einer Gartenparty, einem Spaziergang im Park oder einem Ausflug in die Stadt \u0096 der Trilby ist der perfekte Begleiter f\u00fcr jeden Anlass und verleiht Ihrem Look eine edle Note.<\/p>\n<h3>Wie lange h\u00e4lt ein Trilby aus Weizenstroh?<\/h3>\n<p>Ein Trilby aus Weizenstroh kann viele Jahre halten, wenn er richtig gepflegt wird. Lagern Sie ihn zum Beispiel an einem trockenen und k\u00fchlen Ort und vermeiden Sie direkte Sonneneinstrahlung. Vermeiden Sie au\u00dferdem, den Hut feucht zu halten und reinigen Sie ihn regelm\u00e4\u00dfig mit einer weichen B\u00fcrste.<\/p>\n<\/div>\n<\/div>\n<\/div>\n<\/div>\n<\/div>\n<\/div>\n<\/div>\n<\/details>\n<\/div>\n","protected":false},"excerpt":{"rendered":"<h3 class=\"ai-optimize-29\">L\u00e4ssiger Sommerhut mit modischem Flair<\/h3>\n<p class=\"ai-optimize-30\">Der \u0084Freiamt ButtwilerIn\u0093 kombiniert feinstes Stroh mit stilvollem Nadelstreifen-Hutband \u0096 ein modischer Begleiter f\u00fcr sonnige Tage.<\/p>\n","protected":false},"featured_media":17934,"template":"","meta":{"_acf_changed":false,"rs_blank_template":"","rs_page_bg_color":"","slide_template_v7":""},"product_brand":[250],"product_cat":[275,600],"product_tag":[],"class_list":{"0":"post-17933","1":"product","2":"type-product","3":"status-publish","4":"has-post-thumbnail","6":"product_brand-risa-hutwerkstatt-schweiz","7":"product_cat-sommerhuete","8":"product_cat-trilby-sommerhuete","9":"product_shipping_class-mittlere-pakete","10":"pa_color-natur","11":"pa_color-schwarz","12":"pa_groesse-206","13":"pa_groesse-196","14":"pa_groesse-207","15":"pa_groesse-197","16":"pa_groesse-208","17":"pa_groesse-198","18":"pa_groesse-209","19":"pa_groesse-199","20":"pa_groesse-210","21":"yith_product_brand-risa-hutwerkstatt-schweiz","24":"instock","25":"featured","26":"taxable","27":"shipping-taxable","28":"purchasable","29":"product-type-variable","30":"wvs-archive-product-wrapper","31":"add-to-wishlist-after_add_to_cart"},"acf":[],"yoast_head":"<!-- This site is optimized with the Yoast SEO Premium plugin v27.3 (Yoast SEO v27.3) - https:\/\/yoast.com\/product\/yoast-seo-premium-wordpress\/ -->\n<title>Strohhut &quot;Buttwiler\/in Trilbyaus der Freiamt Kollektion<\/title>\n<meta name=\"description\" content=\"Wenn Sie auf der Suche nach einem Accessoire sind, das Ihrem Look eine edle Note verleiht, dann ist der Trilby genau das Richtige f\u00fcr Sie.\" \/>\n<meta name=\"robots\" content=\"index, follow, max-snippet:-1, max-image-preview:large, max-video-preview:-1\" \/>\n<link rel=\"canonical\" href=\"https:\/\/hutfactory.com\/?product=strohhut-trilby-freiamt-buttwilerin\" \/>\n<meta property=\"og:locale\" content=\"de_DE\" \/>\n<meta property=\"og:type\" content=\"article\" \/>\n<meta property=\"og:title\" content=\"Strohhut Trilby - Freiamt ButtwilerIn\" \/>\n<meta property=\"og:description\" content=\"Wenn Sie auf der Suche nach einem Accessoire sind, das Ihrem Look eine edle Note verleiht, dann ist der Trilby genau das Richtige f\u00fcr Sie.\" \/>\n<meta property=\"og:url\" content=\"https:\/\/hutfactory.com\/?product=strohhut-trilby-freiamt-buttwilerin\" \/>\n<meta property=\"og:site_name\" content=\"Hut Factory\" \/>\n<meta property=\"article:modified_time\" content=\"2026-03-10T10:27:10+00:00\" \/>\n<meta property=\"og:image\" content=\"https:\/\/hutfactory.com\/wp-content\/uploads\/2026\/03\/11354.webp\" \/>\n\t<meta property=\"og:image:width\" content=\"750\" \/>\n\t<meta property=\"og:image:height\" content=\"750\" \/>\n\t<meta property=\"og:image:type\" content=\"image\/webp\" \/>\n<meta name=\"twitter:card\" content=\"summary_large_image\" \/>\n<meta name=\"twitter:label1\" content=\"Gesch\u00e4tzte Lesezeit\" \/>\n\t<meta name=\"twitter:data1\" content=\"3\u00a0Minuten\" \/>\n<script type=\"application\/ld+json\" class=\"yoast-schema-graph\">{\"@context\":\"https:\\\/\\\/schema.org\",\"@graph\":[{\"@type\":\"WebPage\",\"@id\":\"https:\\\/\\\/hutfactory.com\\\/?product=strohhut-trilby-freiamt-buttwilerin\",\"url\":\"https:\\\/\\\/hutfactory.com\\\/?product=strohhut-trilby-freiamt-buttwilerin\",\"name\":\"Strohhut \\\"Buttwiler\\\/in Trilbyaus der Freiamt Kollektion\",\"isPartOf\":{\"@id\":\"https:\\\/\\\/hutfactory.com\\\/#website\"},\"primaryImageOfPage\":{\"@id\":\"https:\\\/\\\/hutfactory.com\\\/?product=strohhut-trilby-freiamt-buttwilerin#primaryimage\"},\"image\":{\"@id\":\"https:\\\/\\\/hutfactory.com\\\/?product=strohhut-trilby-freiamt-buttwilerin#primaryimage\"},\"thumbnailUrl\":\"https:\\\/\\\/hutfactory.com\\\/wp-content\\\/uploads\\\/2026\\\/03\\\/11354.webp\",\"datePublished\":\"2026-03-10T10:23:34+00:00\",\"dateModified\":\"2026-03-10T10:27:10+00:00\",\"description\":\"Wenn Sie auf der Suche nach einem Accessoire sind, das Ihrem Look eine edle Note verleiht, dann ist der Trilby genau das Richtige f\u00fcr Sie.\",\"breadcrumb\":{\"@id\":\"https:\\\/\\\/hutfactory.com\\\/?product=strohhut-trilby-freiamt-buttwilerin#breadcrumb\"},\"inLanguage\":\"de\",\"potentialAction\":[{\"@type\":\"ReadAction\",\"target\":[\"https:\\\/\\\/hutfactory.com\\\/?product=strohhut-trilby-freiamt-buttwilerin\"]}]},{\"@type\":\"ImageObject\",\"inLanguage\":\"de\",\"@id\":\"https:\\\/\\\/hutfactory.com\\\/?product=strohhut-trilby-freiamt-buttwilerin#primaryimage\",\"url\":\"https:\\\/\\\/hutfactory.com\\\/wp-content\\\/uploads\\\/2026\\\/03\\\/11354.webp\",\"contentUrl\":\"https:\\\/\\\/hutfactory.com\\\/wp-content\\\/uploads\\\/2026\\\/03\\\/11354.webp\",\"width\":750,\"height\":750,\"caption\":\"markanter Krone und stilvollem Rebsband. In Natur mit schwarzem oder naturfarbenem Hutband\"},{\"@type\":\"BreadcrumbList\",\"@id\":\"https:\\\/\\\/hutfactory.com\\\/?product=strohhut-trilby-freiamt-buttwilerin#breadcrumb\",\"itemListElement\":[{\"@type\":\"ListItem\",\"position\":1,\"name\":\"Start\",\"item\":\"https:\\\/\\\/hutfactory.com\\\/\"},{\"@type\":\"ListItem\",\"position\":2,\"name\":\"Shop\",\"item\":\"https:\\\/\\\/hutfactory.com\\\/?page_id=10\"},{\"@type\":\"ListItem\",\"position\":3,\"name\":\"Strohhut Trilby &#8211; Freiamt ButtwilerIn\"}]},{\"@type\":\"WebSite\",\"@id\":\"https:\\\/\\\/hutfactory.com\\\/#website\",\"url\":\"https:\\\/\\\/hutfactory.com\\\/\",\"name\":\"Hut Factory\",\"description\":\"H\u00fcte, Kappen &amp; M\u00fctzen in Top Swiss\\\/EU Qualit\u00e4t\",\"publisher\":{\"@id\":\"https:\\\/\\\/hutfactory.com\\\/#organization\"},\"alternateName\":\"Hut Shop\",\"potentialAction\":[{\"@type\":\"SearchAction\",\"target\":{\"@type\":\"EntryPoint\",\"urlTemplate\":\"https:\\\/\\\/hutfactory.com\\\/?s={search_term_string}\"},\"query-input\":{\"@type\":\"PropertyValueSpecification\",\"valueRequired\":true,\"valueName\":\"search_term_string\"}}],\"inLanguage\":\"de\"},{\"@type\":\"Organization\",\"@id\":\"https:\\\/\\\/hutfactory.com\\\/#organization\",\"name\":\"Hut Factory\",\"url\":\"https:\\\/\\\/hutfactory.com\\\/\",\"logo\":{\"@type\":\"ImageObject\",\"inLanguage\":\"de\",\"@id\":\"https:\\\/\\\/hutfactory.com\\\/#\\\/schema\\\/logo\\\/image\\\/\",\"url\":\"https:\\\/\\\/hutfactory.com\\\/wp-content\\\/uploads\\\/2026\\\/01\\\/Logo-hut-factory-1.webp\",\"contentUrl\":\"https:\\\/\\\/hutfactory.com\\\/wp-content\\\/uploads\\\/2026\\\/01\\\/Logo-hut-factory-1.webp\",\"width\":300,\"height\":262,\"caption\":\"Hut Factory\"},\"image\":{\"@id\":\"https:\\\/\\\/hutfactory.com\\\/#\\\/schema\\\/logo\\\/image\\\/\"}}]}<\/script>\n<!-- \/ Yoast SEO Premium plugin. -->","yoast_head_json":{"title":"Strohhut \"Buttwiler\/in Trilbyaus der Freiamt Kollektion","description":"Wenn Sie auf der Suche nach einem Accessoire sind, das Ihrem Look eine edle Note verleiht, dann ist der Trilby genau das Richtige f\u00fcr Sie.","robots":{"index":"index","follow":"follow","max-snippet":"max-snippet:-1","max-image-preview":"max-image-preview:large","max-video-preview":"max-video-preview:-1"},"canonical":"https:\/\/hutfactory.com\/?product=strohhut-trilby-freiamt-buttwilerin","og_locale":"de_DE","og_type":"article","og_title":"Strohhut Trilby - Freiamt ButtwilerIn","og_description":"Wenn Sie auf der Suche nach einem Accessoire sind, das Ihrem Look eine edle Note verleiht, dann ist der Trilby genau das Richtige f\u00fcr Sie.","og_url":"https:\/\/hutfactory.com\/?product=strohhut-trilby-freiamt-buttwilerin","og_site_name":"Hut Factory","article_modified_time":"2026-03-10T10:27:10+00:00","og_image":[{"width":750,"height":750,"url":"https:\/\/hutfactory.com\/wp-content\/uploads\/2026\/03\/11354.webp","type":"image\/webp"}],"twitter_card":"summary_large_image","twitter_misc":{"Gesch\u00e4tzte Lesezeit":"3\u00a0Minuten"},"schema":{"@context":"https:\/\/schema.org","@graph":[{"@type":"WebPage","@id":"https:\/\/hutfactory.com\/?product=strohhut-trilby-freiamt-buttwilerin","url":"https:\/\/hutfactory.com\/?product=strohhut-trilby-freiamt-buttwilerin","name":"Strohhut \"Buttwiler\/in Trilbyaus der Freiamt Kollektion","isPartOf":{"@id":"https:\/\/hutfactory.com\/#website"},"primaryImageOfPage":{"@id":"https:\/\/hutfactory.com\/?product=strohhut-trilby-freiamt-buttwilerin#primaryimage"},"image":{"@id":"https:\/\/hutfactory.com\/?product=strohhut-trilby-freiamt-buttwilerin#primaryimage"},"thumbnailUrl":"https:\/\/hutfactory.com\/wp-content\/uploads\/2026\/03\/11354.webp","datePublished":"2026-03-10T10:23:34+00:00","dateModified":"2026-03-10T10:27:10+00:00","description":"Wenn Sie auf der Suche nach einem Accessoire sind, das Ihrem Look eine edle Note verleiht, dann ist der Trilby genau das Richtige f\u00fcr Sie.","breadcrumb":{"@id":"https:\/\/hutfactory.com\/?product=strohhut-trilby-freiamt-buttwilerin#breadcrumb"},"inLanguage":"de","potentialAction":[{"@type":"ReadAction","target":["https:\/\/hutfactory.com\/?product=strohhut-trilby-freiamt-buttwilerin"]}]},{"@type":"ImageObject","inLanguage":"de","@id":"https:\/\/hutfactory.com\/?product=strohhut-trilby-freiamt-buttwilerin#primaryimage","url":"https:\/\/hutfactory.com\/wp-content\/uploads\/2026\/03\/11354.webp","contentUrl":"https:\/\/hutfactory.com\/wp-content\/uploads\/2026\/03\/11354.webp","width":750,"height":750,"caption":"markanter Krone und stilvollem Rebsband. In Natur mit schwarzem oder naturfarbenem Hutband"},{"@type":"BreadcrumbList","@id":"https:\/\/hutfactory.com\/?product=strohhut-trilby-freiamt-buttwilerin#breadcrumb","itemListElement":[{"@type":"ListItem","position":1,"name":"Start","item":"https:\/\/hutfactory.com\/"},{"@type":"ListItem","position":2,"name":"Shop","item":"https:\/\/hutfactory.com\/?page_id=10"},{"@type":"ListItem","position":3,"name":"Strohhut Trilby &#8211; Freiamt ButtwilerIn"}]},{"@type":"WebSite","@id":"https:\/\/hutfactory.com\/#website","url":"https:\/\/hutfactory.com\/","name":"Hut Factory","description":"H\u00fcte, Kappen &amp; M\u00fctzen in Top Swiss\/EU Qualit\u00e4t","publisher":{"@id":"https:\/\/hutfactory.com\/#organization"},"alternateName":"Hut Shop","potentialAction":[{"@type":"SearchAction","target":{"@type":"EntryPoint","urlTemplate":"https:\/\/hutfactory.com\/?s={search_term_string}"},"query-input":{"@type":"PropertyValueSpecification","valueRequired":true,"valueName":"search_term_string"}}],"inLanguage":"de"},{"@type":"Organization","@id":"https:\/\/hutfactory.com\/#organization","name":"Hut Factory","url":"https:\/\/hutfactory.com\/","logo":{"@type":"ImageObject","inLanguage":"de","@id":"https:\/\/hutfactory.com\/#\/schema\/logo\/image\/","url":"https:\/\/hutfactory.com\/wp-content\/uploads\/2026\/01\/Logo-hut-factory-1.webp","contentUrl":"https:\/\/hutfactory.com\/wp-content\/uploads\/2026\/01\/Logo-hut-factory-1.webp","width":300,"height":262,"caption":"Hut Factory"},"image":{"@id":"https:\/\/hutfactory.com\/#\/schema\/logo\/image\/"}}]}},"_links":{"self":[{"href":"https:\/\/hutfactory.com\/index.php?rest_route=\/wp\/v2\/product\/17933","targetHints":{"allow":["GET"]}}],"collection":[{"href":"https:\/\/hutfactory.com\/index.php?rest_route=\/wp\/v2\/product"}],"about":[{"href":"https:\/\/hutfactory.com\/index.php?rest_route=\/wp\/v2\/types\/product"}],"wp:featuredmedia":[{"embeddable":true,"href":"https:\/\/hutfactory.com\/index.php?rest_route=\/wp\/v2\/media\/17934"}],"wp:attachment":[{"href":"https:\/\/hutfactory.com\/index.php?rest_route=%2Fwp%2Fv2%2Fmedia&parent=17933"}],"wp:term":[{"taxonomy":"product_brand","embeddable":true,"href":"https:\/\/hutfactory.com\/index.php?rest_route=%2Fwp%2Fv2%2Fproduct_brand&post=17933"},{"taxonomy":"product_cat","embeddable":true,"href":"https:\/\/hutfactory.com\/index.php?rest_route=%2Fwp%2Fv2%2Fproduct_cat&post=17933"},{"taxonomy":"product_tag","embeddable":true,"href":"https:\/\/hutfactory.com\/index.php?rest_route=%2Fwp%2Fv2%2Fproduct_tag&post=17933"}],"curies":[{"name":"wp","href":"https:\/\/api.w.org\/{rel}","templated":true}]}}