{"id":17886,"date":"2026-03-10T10:23:34","date_gmt":"2026-03-10T10:23:34","guid":{"rendered":"https:\/\/hutfactory.com\/?product=sommerhut-bucket-style-jeans"},"modified":"2026-03-12T07:17:12","modified_gmt":"2026-03-12T07:17:12","slug":"sommerhut-bucket-style-jeans","status":"publish","type":"product","link":"https:\/\/hutfactory.com\/?product=sommerhut-bucket-style-jeans","title":{"rendered":"Sommerhut Bucket Style Jeans"},"content":{"rendered":"<h3 class=\"\" data-start=\"0\" data-end=\"49\"><strong>Urbaner Denim-Charme f\u00fcr stilvolle Sonnentage<\/strong><\/h3>\n<p class=\"\" data-start=\"51\" data-end=\"456\">Mit diesem Sommerhut im angesagten Bucket-Style aus hochwertigem Jeansstoff bringen Sie frischen Wind in Ihre Sommergarderobe. Die entspannte Form mit der charakteristisch umlaufenden Krempe sch\u00fctzt zuverl\u00e4ssig vor Sonne und strahlt zugleich Coolness pur aus. Gefertigt aus 100% Baumwolle in kr\u00e4ftigem Jeansblau, ist dieser Hut nicht nur ein modisches Statement, sondern auch besonders angenehm zu tragen.<\/p>\n<p class=\"\" data-start=\"458\" data-end=\"940\"><strong data-start=\"458\" data-end=\"476\">Perfekt f\u00fcr\u0085??<\/strong><br data-start=\"476\" data-end=\"479\" \/><strong data-start=\"479\" data-end=\"506\">?? Sommerliche Anl\u00e4sse:<\/strong> Ob im Strandcaf\u00e9, beim Spaziergang an der Promenade oder auf dem Festivalgel\u00e4nde \u0096 dieser Hut bietet optimalen Sonnenschutz mit l\u00e4ssigem Look.<br data-start=\"649\" data-end=\"652\" \/><strong data-start=\"652\" data-end=\"677\">?? Freizeit &#038; Reisen:<\/strong> Leicht, kompakt und ideal zum Zusammenrollen \u0096 perfekt f\u00fcr unterwegs, im Koffer oder Tagesrucksack.<br data-start=\"777\" data-end=\"780\" \/><strong data-start=\"780\" data-end=\"810\">?? Natur- und Modebewusst:<\/strong> Hergestellt aus reiner Baumwolle und in kleiner Serie produziert \u0096 f\u00fcr alle, die bewusst konsumieren und Wert auf Qualit\u00e4t legen.<\/p>\n<div class=\"hf-accordions\">\n<hr class=\"hf-accordion-separator\" \/>\n<details class=\"hf-accordion\">\n<summary><strong>\u25b6\ufe0f Gut zu wissen \u2013 mehr erfahren<\/strong><\/summary>\n<div class=\"hf-accordion-content\">\n<h3 class=\"\" data-start=\"1837\" data-end=\"1866\">Eigenschaften &#038; Details<\/h3>\n<p class=\"\" data-start=\"1867\" data-end=\"2135\"><strong data-start=\"1867\" data-end=\"1880\">Material:<\/strong> 100% Baumwolle \u0096 nat\u00fcrlich, atmungsaktiv und hautfreundlich<br data-start=\"1940\" data-end=\"1943\" \/><strong data-start=\"1943\" data-end=\"1954\">Farben:<\/strong> Jeansblau \u0096 klassisch und vielseitig kombinierbar<br data-start=\"2004\" data-end=\"2007\" \/><strong data-start=\"2007\" data-end=\"2018\">Gr\u00f6\u00dfen:<\/strong> 56 (55\u009656), 58 (57\u009658)<br data-start=\"2041\" data-end=\"2044\" \/><strong data-start=\"2044\" data-end=\"2061\">Schweissband:<\/strong> Sauber eingen\u00e4htes Textilinnenband \u0096 angenehm zu tragen, auch bei Hitze<\/p>\n<h3 class=\"\" data-start=\"2137\" data-end=\"2164\">Design &#038; Verarbeitung<\/h3>\n<p class=\"\" data-start=\"2165\" data-end=\"2439\">Der Denimstoff verleiht dem klassischen Bucket Hat eine moderne Note und sorgt durch seine stabile Webstruktur f\u00fcr Formhaltigkeit. Die breite, leicht abfallende Krempe sch\u00fctzt Gesicht und Nacken, ohne die Sicht einzuschr\u00e4nken. Die perfekte Kombination aus Stil und Funktion.<\/p>\n<h3 class=\"\" data-start=\"2441\" data-end=\"2494\">Handgefertigt in Italien im Auftrag der Schweiz<\/h3>\n<p class=\"\" data-start=\"2495\" data-end=\"2737\">Entwickelt nach einem Originalentwurf der Risa Hutwerkstatt, entsteht dieser Hut in liebevoller Handarbeit bei einem spezialisierten Familienbetrieb in Italien. Die Fertigung in kleiner St\u00fcckzahl unterstreicht seine Exklusivit\u00e4t und Qualit\u00e4t.<\/p>\n<h3 class=\"\" data-start=\"2739\" data-end=\"2770\">Nachhaltigkeit &#038; Qualit\u00e4t<\/h3>\n<p class=\"\" data-start=\"2771\" data-end=\"3050\"><strong data-start=\"2771\" data-end=\"2798\">Nat\u00fcrliche Materialien:<\/strong> Reine Baumwolle \u0096 umweltfreundlich und angenehm zu tragen<br data-start=\"2856\" data-end=\"2859\" \/><strong data-start=\"2859\" data-end=\"2886\">Handarbeit &#038; Tradition:<\/strong> Jeder Hut ist ein Unikat, gefertigt mit Respekt f\u00fcr das Handwerk<br data-start=\"2951\" data-end=\"2954\" \/><strong data-start=\"2954\" data-end=\"2972\">Langlebigkeit:<\/strong> Robustes Material trifft auf pr\u00e4zise Verarbeitung \u0096 f\u00fcr viele Sommer bereit<\/p>\n<h3 class=\"\" data-start=\"3052\" data-end=\"3079\">Herstellung &#038; Versand<\/h3>\n<p class=\"\" data-start=\"3080\" data-end=\"3398\"><strong data-start=\"3080\" data-end=\"3094\">Fertigung:<\/strong> In kleiner Serie vor der Saison, inspiriert von einem Risa-Prototyp<br data-start=\"3162\" data-end=\"3165\" \/><strong data-start=\"3165\" data-end=\"3177\">Versand:<\/strong> Nach Zahlungseingang, innerhalb weniger Tage aus der Schweiz<br data-start=\"3238\" data-end=\"3241\" \/><strong data-start=\"3241\" data-end=\"3254\">Umtausch:<\/strong> Nur bei Material- oder Herstellungsfehlern \u0096 keine R\u00fcckgabe m\u00f6glich<br data-start=\"3322\" data-end=\"3325\" \/><strong data-start=\"3325\" data-end=\"3343\">Verf\u00fcgbarkeit:<\/strong> Limitiert \u0096 solange der Vorrat an Rohmaterial reicht<\/p>\n<\/div>\n<\/details>\n<details class=\"hf-accordion\">\n<summary><strong>\u25b6\ufe0f FAQ \u2013 H\u00e4ufige Fragen<\/strong><\/summary>\n<div class=\"hf-accordion-content\">\n<h3 class=\"\" data-start=\"3400\" data-end=\"3433\">FAQ (H\u00e4ufig gestellte Fragen)<\/h3>\n<p class=\"\" data-start=\"3435\" data-end=\"3558\"><strong data-start=\"3435\" data-end=\"3460\">Ist der Hut waschbar?<\/strong><br data-start=\"3460\" data-end=\"3463\" \/>Ja, wir empfehlen Handw\u00e4sche oder eine sehr schonende Maschinenw\u00e4sche bei niedriger Temperatur.<\/p>\n<p class=\"\" data-start=\"3560\" data-end=\"3698\"><strong data-start=\"3560\" data-end=\"3602\">Wie gut sch\u00fctzt der Hut vor der Sonne?<\/strong><br data-start=\"3602\" data-end=\"3605\" \/>Die breite Krempe sch\u00fctzt zuverl\u00e4ssig vor direkter Sonneneinstrahlung auf Gesicht und Nacken.<\/p>\n<p class=\"\" data-start=\"3700\" data-end=\"3833\"><strong data-start=\"3700\" data-end=\"3736\">Kann ich den Hut zusammenrollen?<\/strong><br data-start=\"3736\" data-end=\"3739\" \/>Ja, der Stoff ist flexibel und l\u00e4sst sich platzsparend im Gep\u00e4ck verstauen \u0096 ideal f\u00fcr Reisen.<\/p>\n<p class=\"\" data-start=\"3835\" data-end=\"3976\"><strong data-start=\"3835\" data-end=\"3885\">Ist das Modell f\u00fcr M\u00e4nner und Frauen geeignet?<\/strong><br data-start=\"3885\" data-end=\"3888\" \/>Ja, der Bucket Hat ist ein unisex Klassiker und steht allen Geschlechtern ausgezeichnet.<\/p>\n<p class=\"\" data-start=\"3978\" data-end=\"4125\"><strong data-start=\"3978\" data-end=\"4015\">Wie finde ich die passende Gr\u00f6\u00dfe?<\/strong><br data-start=\"4015\" data-end=\"4018\" \/>Bitte messen Sie Ihren Kopfumfang \u0096 die verf\u00fcgbaren Gr\u00f6\u00dfen 56 (55\u009656) und 58 (57\u009658) bieten optimalen Sitz.<\/p>\n<\/div>\n<\/details>\n<\/div>\n","protected":false},"excerpt":{"rendered":"<h3 class=\"\" data-start=\"1000\" data-end=\"1062\"><strong>Denim trifft Sommer: der perfekte Begleiter f\u00fcr hei\u00dfe Tage<\/strong><\/h3>\n<p class=\"\" data-start=\"1064\" data-end=\"1286\">Mit seiner klassischen Bucket-Hat-Silhouette, dem robusten Jeansstoff und der handwerklich sauberen Verarbeitung steht dieser Hut f\u00fcr unkomplizierte Eleganz und funktionale Coolness. Ein Must-have f\u00fcr alle Denim-Liebhaber.<\/p>\n","protected":false},"featured_media":17887,"template":"","meta":{"_acf_changed":false,"rs_blank_template":"","rs_page_bg_color":"","slide_template_v7":""},"product_brand":[250],"product_cat":[399,275],"product_tag":[],"class_list":{"0":"post-17886","1":"product","2":"type-product","3":"status-publish","4":"has-post-thumbnail","6":"product_brand-risa-hutwerkstatt-schweiz","7":"product_cat-bucket-sommerhuete","8":"product_cat-sommerhuete","9":"product_shipping_class-mittlere-pakete","10":"pa_color-jeans","11":"pa_groesse-56-55-56","12":"pa_groesse-58-57-58","13":"yith_product_brand-risa-hutwerkstatt-schweiz","16":"instock","17":"taxable","18":"shipping-taxable","19":"purchasable","20":"product-type-variable","21":"wvs-archive-product-wrapper","22":"add-to-wishlist-after_add_to_cart"},"acf":[],"yoast_head":"<!-- This site is optimized with the Yoast SEO Premium plugin v27.3 (Yoast SEO v27.3) - https:\/\/yoast.com\/product\/yoast-seo-premium-wordpress\/ -->\n<title>Jeans Bucket Hat \u0096 aus Baumwolle f\u00fcr Damen &amp; Herren<\/title>\n<meta name=\"description\" content=\"Sommerhut im klassischen Bucket-Style aus 100% Baumwolle in Jeansblau. Handgefertigt in Europa \u0096 idealer Sonnenschutz mit modischem Look.\" \/>\n<meta name=\"robots\" content=\"index, follow, max-snippet:-1, max-image-preview:large, max-video-preview:-1\" \/>\n<link rel=\"canonical\" href=\"https:\/\/hutfactory.com\/?product=sommerhut-bucket-style-jeans\" \/>\n<meta property=\"og:locale\" content=\"de_DE\" \/>\n<meta property=\"og:type\" content=\"article\" \/>\n<meta property=\"og:title\" content=\"Sommerhut Bucket Style Jeans\" \/>\n<meta property=\"og:description\" content=\"Sommerhut im klassischen Bucket-Style aus 100% Baumwolle in Jeansblau. Handgefertigt in Europa \u0096 idealer Sonnenschutz mit modischem Look.\" \/>\n<meta property=\"og:url\" content=\"https:\/\/hutfactory.com\/?product=sommerhut-bucket-style-jeans\" \/>\n<meta property=\"og:site_name\" content=\"Hut Factory\" \/>\n<meta property=\"article:modified_time\" content=\"2026-03-12T07:17:12+00:00\" \/>\n<meta property=\"og:image\" content=\"https:\/\/hutfactory.com\/wp-content\/uploads\/2026\/03\/44603.webp\" \/>\n\t<meta property=\"og:image:width\" content=\"750\" \/>\n\t<meta property=\"og:image:height\" content=\"750\" \/>\n\t<meta property=\"og:image:type\" content=\"image\/webp\" \/>\n<meta name=\"twitter:card\" content=\"summary_large_image\" \/>\n<meta name=\"twitter:label1\" content=\"Gesch\u00e4tzte Lesezeit\" \/>\n\t<meta name=\"twitter:data1\" content=\"2\u00a0Minuten\" \/>\n<script type=\"application\/ld+json\" class=\"yoast-schema-graph\">{\"@context\":\"https:\\\/\\\/schema.org\",\"@graph\":[{\"@type\":\"WebPage\",\"@id\":\"https:\\\/\\\/hutfactory.com\\\/?product=sommerhut-bucket-style-jeans\",\"url\":\"https:\\\/\\\/hutfactory.com\\\/?product=sommerhut-bucket-style-jeans\",\"name\":\"Jeans Bucket Hat \u0096 aus Baumwolle f\u00fcr Damen & Herren\",\"isPartOf\":{\"@id\":\"https:\\\/\\\/hutfactory.com\\\/#website\"},\"primaryImageOfPage\":{\"@id\":\"https:\\\/\\\/hutfactory.com\\\/?product=sommerhut-bucket-style-jeans#primaryimage\"},\"image\":{\"@id\":\"https:\\\/\\\/hutfactory.com\\\/?product=sommerhut-bucket-style-jeans#primaryimage\"},\"thumbnailUrl\":\"https:\\\/\\\/hutfactory.com\\\/wp-content\\\/uploads\\\/2026\\\/03\\\/44603.webp\",\"datePublished\":\"2026-03-10T10:23:34+00:00\",\"dateModified\":\"2026-03-12T07:17:12+00:00\",\"description\":\"Sommerhut im klassischen Bucket-Style aus 100% Baumwolle in Jeansblau. Handgefertigt in Europa \u0096 idealer Sonnenschutz mit modischem Look.\",\"breadcrumb\":{\"@id\":\"https:\\\/\\\/hutfactory.com\\\/?product=sommerhut-bucket-style-jeans#breadcrumb\"},\"inLanguage\":\"de\",\"potentialAction\":[{\"@type\":\"ReadAction\",\"target\":[\"https:\\\/\\\/hutfactory.com\\\/?product=sommerhut-bucket-style-jeans\"]}]},{\"@type\":\"ImageObject\",\"inLanguage\":\"de\",\"@id\":\"https:\\\/\\\/hutfactory.com\\\/?product=sommerhut-bucket-style-jeans#primaryimage\",\"url\":\"https:\\\/\\\/hutfactory.com\\\/wp-content\\\/uploads\\\/2026\\\/03\\\/44603.webp\",\"contentUrl\":\"https:\\\/\\\/hutfactory.com\\\/wp-content\\\/uploads\\\/2026\\\/03\\\/44603.webp\",\"width\":750,\"height\":750,\"caption\":\"L\u00e4ssiger Sommerhut im Bucket-Style aus 100% Baumwolle in Jeansblau. Handgefertigt in Italien im Auftrag der Schweizer Hutwerkstatt Risa.||L\u00e4ssiger Sommerhut im Bucket-Style aus 100% Baumwolle in Jeansblau. Handgefertigt in Italien im Auftrag der Schweizer Hutwerkstatt Risa.\"},{\"@type\":\"BreadcrumbList\",\"@id\":\"https:\\\/\\\/hutfactory.com\\\/?product=sommerhut-bucket-style-jeans#breadcrumb\",\"itemListElement\":[{\"@type\":\"ListItem\",\"position\":1,\"name\":\"Start\",\"item\":\"https:\\\/\\\/hutfactory.com\\\/\"},{\"@type\":\"ListItem\",\"position\":2,\"name\":\"Shop\",\"item\":\"https:\\\/\\\/hutfactory.com\\\/?page_id=10\"},{\"@type\":\"ListItem\",\"position\":3,\"name\":\"Sommerhut Bucket Style Jeans\"}]},{\"@type\":\"WebSite\",\"@id\":\"https:\\\/\\\/hutfactory.com\\\/#website\",\"url\":\"https:\\\/\\\/hutfactory.com\\\/\",\"name\":\"Hut Factory\",\"description\":\"H\u00fcte, Kappen &amp; M\u00fctzen in Top Swiss\\\/EU Qualit\u00e4t\",\"publisher\":{\"@id\":\"https:\\\/\\\/hutfactory.com\\\/#organization\"},\"alternateName\":\"Hut Shop\",\"potentialAction\":[{\"@type\":\"SearchAction\",\"target\":{\"@type\":\"EntryPoint\",\"urlTemplate\":\"https:\\\/\\\/hutfactory.com\\\/?s={search_term_string}\"},\"query-input\":{\"@type\":\"PropertyValueSpecification\",\"valueRequired\":true,\"valueName\":\"search_term_string\"}}],\"inLanguage\":\"de\"},{\"@type\":\"Organization\",\"@id\":\"https:\\\/\\\/hutfactory.com\\\/#organization\",\"name\":\"Hut Factory\",\"url\":\"https:\\\/\\\/hutfactory.com\\\/\",\"logo\":{\"@type\":\"ImageObject\",\"inLanguage\":\"de\",\"@id\":\"https:\\\/\\\/hutfactory.com\\\/#\\\/schema\\\/logo\\\/image\\\/\",\"url\":\"https:\\\/\\\/hutfactory.com\\\/wp-content\\\/uploads\\\/2026\\\/01\\\/Logo-hut-factory-1.webp\",\"contentUrl\":\"https:\\\/\\\/hutfactory.com\\\/wp-content\\\/uploads\\\/2026\\\/01\\\/Logo-hut-factory-1.webp\",\"width\":300,\"height\":262,\"caption\":\"Hut Factory\"},\"image\":{\"@id\":\"https:\\\/\\\/hutfactory.com\\\/#\\\/schema\\\/logo\\\/image\\\/\"}}]}<\/script>\n<!-- \/ Yoast SEO Premium plugin. -->","yoast_head_json":{"title":"Jeans Bucket Hat \u0096 aus Baumwolle f\u00fcr Damen & Herren","description":"Sommerhut im klassischen Bucket-Style aus 100% Baumwolle in Jeansblau. Handgefertigt in Europa \u0096 idealer Sonnenschutz mit modischem Look.","robots":{"index":"index","follow":"follow","max-snippet":"max-snippet:-1","max-image-preview":"max-image-preview:large","max-video-preview":"max-video-preview:-1"},"canonical":"https:\/\/hutfactory.com\/?product=sommerhut-bucket-style-jeans","og_locale":"de_DE","og_type":"article","og_title":"Sommerhut Bucket Style Jeans","og_description":"Sommerhut im klassischen Bucket-Style aus 100% Baumwolle in Jeansblau. Handgefertigt in Europa \u0096 idealer Sonnenschutz mit modischem Look.","og_url":"https:\/\/hutfactory.com\/?product=sommerhut-bucket-style-jeans","og_site_name":"Hut Factory","article_modified_time":"2026-03-12T07:17:12+00:00","og_image":[{"width":750,"height":750,"url":"https:\/\/hutfactory.com\/wp-content\/uploads\/2026\/03\/44603.webp","type":"image\/webp"}],"twitter_card":"summary_large_image","twitter_misc":{"Gesch\u00e4tzte Lesezeit":"2\u00a0Minuten"},"schema":{"@context":"https:\/\/schema.org","@graph":[{"@type":"WebPage","@id":"https:\/\/hutfactory.com\/?product=sommerhut-bucket-style-jeans","url":"https:\/\/hutfactory.com\/?product=sommerhut-bucket-style-jeans","name":"Jeans Bucket Hat \u0096 aus Baumwolle f\u00fcr Damen & Herren","isPartOf":{"@id":"https:\/\/hutfactory.com\/#website"},"primaryImageOfPage":{"@id":"https:\/\/hutfactory.com\/?product=sommerhut-bucket-style-jeans#primaryimage"},"image":{"@id":"https:\/\/hutfactory.com\/?product=sommerhut-bucket-style-jeans#primaryimage"},"thumbnailUrl":"https:\/\/hutfactory.com\/wp-content\/uploads\/2026\/03\/44603.webp","datePublished":"2026-03-10T10:23:34+00:00","dateModified":"2026-03-12T07:17:12+00:00","description":"Sommerhut im klassischen Bucket-Style aus 100% Baumwolle in Jeansblau. Handgefertigt in Europa \u0096 idealer Sonnenschutz mit modischem Look.","breadcrumb":{"@id":"https:\/\/hutfactory.com\/?product=sommerhut-bucket-style-jeans#breadcrumb"},"inLanguage":"de","potentialAction":[{"@type":"ReadAction","target":["https:\/\/hutfactory.com\/?product=sommerhut-bucket-style-jeans"]}]},{"@type":"ImageObject","inLanguage":"de","@id":"https:\/\/hutfactory.com\/?product=sommerhut-bucket-style-jeans#primaryimage","url":"https:\/\/hutfactory.com\/wp-content\/uploads\/2026\/03\/44603.webp","contentUrl":"https:\/\/hutfactory.com\/wp-content\/uploads\/2026\/03\/44603.webp","width":750,"height":750,"caption":"L\u00e4ssiger Sommerhut im Bucket-Style aus 100% Baumwolle in Jeansblau. Handgefertigt in Italien im Auftrag der Schweizer Hutwerkstatt Risa.||L\u00e4ssiger Sommerhut im Bucket-Style aus 100% Baumwolle in Jeansblau. Handgefertigt in Italien im Auftrag der Schweizer Hutwerkstatt Risa."},{"@type":"BreadcrumbList","@id":"https:\/\/hutfactory.com\/?product=sommerhut-bucket-style-jeans#breadcrumb","itemListElement":[{"@type":"ListItem","position":1,"name":"Start","item":"https:\/\/hutfactory.com\/"},{"@type":"ListItem","position":2,"name":"Shop","item":"https:\/\/hutfactory.com\/?page_id=10"},{"@type":"ListItem","position":3,"name":"Sommerhut Bucket Style Jeans"}]},{"@type":"WebSite","@id":"https:\/\/hutfactory.com\/#website","url":"https:\/\/hutfactory.com\/","name":"Hut Factory","description":"H\u00fcte, Kappen &amp; M\u00fctzen in Top Swiss\/EU Qualit\u00e4t","publisher":{"@id":"https:\/\/hutfactory.com\/#organization"},"alternateName":"Hut Shop","potentialAction":[{"@type":"SearchAction","target":{"@type":"EntryPoint","urlTemplate":"https:\/\/hutfactory.com\/?s={search_term_string}"},"query-input":{"@type":"PropertyValueSpecification","valueRequired":true,"valueName":"search_term_string"}}],"inLanguage":"de"},{"@type":"Organization","@id":"https:\/\/hutfactory.com\/#organization","name":"Hut Factory","url":"https:\/\/hutfactory.com\/","logo":{"@type":"ImageObject","inLanguage":"de","@id":"https:\/\/hutfactory.com\/#\/schema\/logo\/image\/","url":"https:\/\/hutfactory.com\/wp-content\/uploads\/2026\/01\/Logo-hut-factory-1.webp","contentUrl":"https:\/\/hutfactory.com\/wp-content\/uploads\/2026\/01\/Logo-hut-factory-1.webp","width":300,"height":262,"caption":"Hut Factory"},"image":{"@id":"https:\/\/hutfactory.com\/#\/schema\/logo\/image\/"}}]}},"_links":{"self":[{"href":"https:\/\/hutfactory.com\/index.php?rest_route=\/wp\/v2\/product\/17886","targetHints":{"allow":["GET"]}}],"collection":[{"href":"https:\/\/hutfactory.com\/index.php?rest_route=\/wp\/v2\/product"}],"about":[{"href":"https:\/\/hutfactory.com\/index.php?rest_route=\/wp\/v2\/types\/product"}],"wp:featuredmedia":[{"embeddable":true,"href":"https:\/\/hutfactory.com\/index.php?rest_route=\/wp\/v2\/media\/17887"}],"wp:attachment":[{"href":"https:\/\/hutfactory.com\/index.php?rest_route=%2Fwp%2Fv2%2Fmedia&parent=17886"}],"wp:term":[{"taxonomy":"product_brand","embeddable":true,"href":"https:\/\/hutfactory.com\/index.php?rest_route=%2Fwp%2Fv2%2Fproduct_brand&post=17886"},{"taxonomy":"product_cat","embeddable":true,"href":"https:\/\/hutfactory.com\/index.php?rest_route=%2Fwp%2Fv2%2Fproduct_cat&post=17886"},{"taxonomy":"product_tag","embeddable":true,"href":"https:\/\/hutfactory.com\/index.php?rest_route=%2Fwp%2Fv2%2Fproduct_tag&post=17886"}],"curies":[{"name":"wp","href":"https:\/\/api.w.org\/{rel}","templated":true}]}}