{"id":17870,"date":"2026-03-10T10:23:34","date_gmt":"2026-03-10T10:23:34","guid":{"rendered":"https:\/\/hutfactory.com\/?product=damen-sommerhut-cloche-raffia-fein-2-farbig"},"modified":"2026-03-10T10:26:48","modified_gmt":"2026-03-10T10:26:48","slug":"damen-sommerhut-cloche-raffia-fein-2-farbig","status":"publish","type":"product","link":"https:\/\/hutfactory.com\/?product=damen-sommerhut-cloche-raffia-fein-2-farbig","title":{"rendered":"Damen Sommerhut Cloche Raffia fein 2 farbig"},"content":{"rendered":"<h3 class=\"\" data-start=\"0\" data-end=\"48\">Sommerliche Raffinesse in Streifenoptik ??<\/h3>\n<p class=\"\" data-start=\"50\" data-end=\"561\">Dieser Damen Sommerhut Cloche Raffia fein 2 farbig verk\u00f6rpert das perfekte Zusammenspiel aus schlichter Eleganz, nat\u00fcrlicher Leichtigkeit und handwerklicher Meisterschaft. Die Cloche-Form mit leicht abgerundeter Krone und weiter Krempe wirkt zeitlos feminin und verleiht jeder Tr\u00e4gerin einen Hauch franz\u00f6sischer Sommer-Nonchalance. Dank des zweifarbigen Streifendekors \u0096 ob in klassischem Schwarz, zartem Altrosa, trendigem Olivgr\u00fcn oder maritimem Marine \u0096 ist dieser Hut ein stilvoller Blickfang mit Charakter.<\/p>\n<p class=\"\" data-start=\"563\" data-end=\"924\">Hergestellt aus 100% feinem Raffia, \u00fcberzeugt der Hut durch seine atmungsaktive Struktur und angenehme Flexibilit\u00e4t. Die gro\u00dfz\u00fcgige Krempe von 7.5 cm spendet zuverl\u00e4ssigen Schatten, w\u00e4hrend die 9.0 cm hohe Krone eine harmonische Silhouette schafft. Der ikonische Risa-Knopf \u0084seit 1919\u0093 ziert dezent die Seite und verweist auf Schweizer Qualit\u00e4t und Tradition.<\/p>\n<p class=\"\" data-start=\"926\" data-end=\"1040\">Das weich verarbeitete Textilinnenband sorgt f\u00fcr hohen Tragekomfort \u0096 ideal f\u00fcr hei\u00dfe Tage und lange Spazierg\u00e4nge.<\/p>\n<p class=\"\" data-start=\"1042\" data-end=\"1060\"><strong data-start=\"1042\" data-end=\"1060\">Perfekt f\u00fcr\u0085??<\/strong><\/p>\n<p class=\"\" data-start=\"1062\" data-end=\"1241\"><strong data-start=\"1062\" data-end=\"1089\">?? Sommerliche Anl\u00e4sse:<\/strong><br data-start=\"1089\" data-end=\"1092\" \/>Egal ob Strandurlaub, Picknick im Gr\u00fcnen oder eine Bootsfahrt auf dem See \u0096 dieser Cloche-Hut begleitet Sie stilvoll durch jede sommerliche Szenerie.<\/p>\n<p class=\"\" data-start=\"1243\" data-end=\"1450\"><strong data-start=\"1243\" data-end=\"1266\">?? Elegante Events:<\/strong><br data-start=\"1266\" data-end=\"1269\" \/>Mit seiner ausdrucksstarken Streifenoptik passt dieses Modell hervorragend zu luftigen Sommerkleidern oder Leinen-Ensembles \u0096 ideal f\u00fcr Gartenpartys, Sommerfeste oder City-Ausfl\u00fcge.<\/p>\n<p class=\"\" data-start=\"1452\" data-end=\"1649\"><strong data-start=\"1452\" data-end=\"1482\">?? Natur- und Modebewusst:<\/strong><br data-start=\"1482\" data-end=\"1485\" \/>Der Hut besteht aus 100% Raffia \u0096 einem nachwachsenden, biologisch abbaubaren Naturmaterial \u0096 und wird in Europa handgefertigt. Stilbewusst und nachhaltig zugleich.<\/p>\n<div class=\"hf-accordions\">\n<hr class=\"hf-accordion-separator\" \/>\n<details class=\"hf-accordion\">\n<summary><strong>\u25b6\ufe0f Gut zu wissen \u2013 mehr erfahren<\/strong><\/summary>\n<div class=\"hf-accordion-content\">\n<h3 class=\"\" data-start=\"2546\" data-end=\"2573\">Eigenschaften &#038; Details<\/h3>\n<p class=\"\" data-start=\"2575\" data-end=\"2821\"><strong data-start=\"2575\" data-end=\"2588\">Material:<\/strong> 100% Raffia \u0096 leicht, luftdurchl\u00e4ssig und umweltfreundlich<br data-start=\"2647\" data-end=\"2650\" \/><strong data-start=\"2650\" data-end=\"2665\">Randbreite:<\/strong> 7.5 cm \u0096 gro\u00dfz\u00fcgiger Sonnenschutz mit stilvoller Linienf\u00fchrung<br data-start=\"2728\" data-end=\"2731\" \/><strong data-start=\"2731\" data-end=\"2744\">Kopfh\u00f6he:<\/strong> 9.0 cm \u0096 elegante Krone f\u00fcr die klassische Cloche-Silhouette<br data-start=\"2805\" data-end=\"2808\" \/><strong data-start=\"2808\" data-end=\"2819\">Farben:<\/strong><\/p>\n<ol data-start=\"2822\" data-end=\"3218\">\n<li class=\"\" data-start=\"2822\" data-end=\"2868\">\n<p class=\"\" data-start=\"2825\" data-end=\"2868\">Natur\/Schwarz \u0096 zeitlos und kontrastreich<\/p>\n<\/li>\n<li class=\"\" data-start=\"2869\" data-end=\"2906\">\n<p class=\"\" data-start=\"2872\" data-end=\"2906\">Natur\/Altrosa \u0096 feminin und zart<\/p>\n<\/li>\n<li class=\"\" data-start=\"2907\" data-end=\"2953\">\n<p class=\"\" data-start=\"2910\" data-end=\"2953\">Natur\/Olive-Gr\u00fcn \u0096 erdig und trendbewusst<\/p>\n<\/li>\n<li class=\"\" data-start=\"2954\" data-end=\"3218\">\n<p class=\"\" data-start=\"2957\" data-end=\"3218\">Natur\/Marine \u0096 maritim und klassisch<br data-start=\"2993\" data-end=\"2996\" \/><strong data-start=\"2996\" data-end=\"3009\">Garnitur:<\/strong> Schwarzer Qualit\u00e4tsknopf \u0084Risa seit 1919\u0093 \u0096 dezentes Traditionsdetail<br data-start=\"3079\" data-end=\"3082\" \/><strong data-start=\"3082\" data-end=\"3098\">Schwei\u00dfband:<\/strong> Textilband, weich eingearbeitet \u0096 f\u00fcr komfortables Tragen<br data-start=\"3156\" data-end=\"3159\" \/><strong data-start=\"3159\" data-end=\"3170\">Gr\u00f6\u00dfen:<\/strong> 54\u009661 \u0096 pr\u00e4zise Gr\u00f6\u00dfenwahl f\u00fcr optimalen Sitz<\/p>\n<\/li>\n<\/ol>\n<hr class=\"\" data-start=\"3220\" data-end=\"3223\" \/>\n<h3 class=\"\" data-start=\"3225\" data-end=\"3250\">Design &#038; Verarbeitung<\/h3>\n<p class=\"\" data-start=\"3252\" data-end=\"3594\">Die fein geflochtene Raffiastruktur mit pr\u00e4zise eingearbeiteten farbigen Streifen schafft einen spannenden Look, der klassisch und modern zugleich wirkt. Die breitere Krempe sch\u00fctzt nicht nur, sondern verleiht dem Modell eine zus\u00e4tzliche Ausdruckskraft. Jedes Detail \u0096 vom Rand bis zur Garnitur \u0096 spiegelt das hohe handwerkliche Niveau wider.<\/p>\n<hr class=\"\" data-start=\"3596\" data-end=\"3599\" \/>\n<h3 class=\"\" data-start=\"3601\" data-end=\"3633\">Handgefertigt in der Schweiz<\/h3>\n<p class=\"\" data-start=\"3635\" data-end=\"3911\">Dieser Cloche-Hut wird auf Bestellung in der traditionsreichen Schweizer Hutmanufaktur Risa entworfen und in einem europ\u00e4ischen Familienbetrieb gefertigt. Diese bewusste Produktion in kleiner St\u00fcckzahl steht f\u00fcr nachhaltige Qualit\u00e4t und den Erhalt europ\u00e4ischer Handwerkskunst.<\/p>\n<hr class=\"\" data-start=\"3913\" data-end=\"3916\" \/>\n<h3 class=\"\" data-start=\"3918\" data-end=\"3947\">Nachhaltigkeit &#038; Qualit\u00e4t<\/h3>\n<p class=\"\" data-start=\"3949\" data-end=\"4248\"><strong data-start=\"3949\" data-end=\"3976\">Nat\u00fcrliche Materialien:<\/strong> 100% Raffia \u0096 gewonnen aus Palmpflanzen, biologisch abbaubar und besonders hautfreundlich<br data-start=\"4066\" data-end=\"4069\" \/><strong data-start=\"4069\" data-end=\"4096\">Handarbeit &#038; Tradition:<\/strong> In aufwendiger Flechttechnik gefertigt \u0096 jeder Hut ein Einzelst\u00fcck<br data-start=\"4163\" data-end=\"4166\" \/><strong data-start=\"4166\" data-end=\"4184\">Langlebigkeit:<\/strong> Stabil und dennoch flexibel \u0096 ideal f\u00fcr viele Sommerabenteuer<\/p>\n<hr class=\"\" data-start=\"4250\" data-end=\"4253\" \/>\n<h3 class=\"\" data-start=\"4255\" data-end=\"4280\">Herstellung &#038; Versand<\/h3>\n<p class=\"\" data-start=\"4282\" data-end=\"4660\"><strong data-start=\"4282\" data-end=\"4311\">Fertigung auf Bestellung:<\/strong> Jedes Modell wird individuell nach Bestelleingang produziert<br data-start=\"4372\" data-end=\"4375\" \/><strong data-start=\"4375\" data-end=\"4396\">Herstellungszeit:<\/strong> 10 bis 15 Arbeitstage nach Zahlungseingang<br data-start=\"4439\" data-end=\"4442\" \/><strong data-start=\"4442\" data-end=\"4454\">Versand:<\/strong> Nach Fertigstellung innerhalb weniger Tage aus der Schweiz<br data-start=\"4513\" data-end=\"4516\" \/><strong data-start=\"4516\" data-end=\"4534\">Verf\u00fcgbarkeit:<\/strong> Nur solange der Vorrat an Rohmaterial reicht<br data-start=\"4579\" data-end=\"4582\" \/><strong data-start=\"4582\" data-end=\"4595\">Garantie:<\/strong> Umtausch ausschlie\u00dflich bei Material- oder Herstellungsfehlern<\/p>\n<\/div>\n<\/details>\n<details class=\"hf-accordion\">\n<summary><strong>\u25b6\ufe0f FAQ \u2013 H\u00e4ufige Fragen<\/strong><\/summary>\n<div class=\"hf-accordion-content\">\n<h3 class=\"\" data-start=\"4667\" data-end=\"4674\">FAQ<\/h3>\n<p class=\"\" data-start=\"4676\" data-end=\"4803\"><strong data-start=\"4676\" data-end=\"4723\">Ist der Hut f\u00fcr sehr sonnige Tage geeignet?<\/strong><br data-start=\"4723\" data-end=\"4726\" \/>Ja \u0096 die breite Krempe bietet zuverl\u00e4ssigen UV-Schutz f\u00fcr Gesicht und Nacken.<\/p>\n<p class=\"\" data-start=\"4805\" data-end=\"4914\"><strong data-start=\"4805\" data-end=\"4847\">Kann ich den Hut auf Reisen mitnehmen?<\/strong><br data-start=\"4847\" data-end=\"4850\" \/>Absolut \u0096 der flexible Raffia-Hut ist leicht und gut verstaubar.<\/p>\n<p class=\"\" data-start=\"4916\" data-end=\"5058\"><strong data-start=\"4916\" data-end=\"4960\">Gibt es den Hut auch in weiteren Farben?<\/strong><br data-start=\"4960\" data-end=\"4963\" \/>Derzeit erh\u00e4ltlich in vier modischen Farbkombinationen \u0096 Schwarz, Altrosa, Olivgr\u00fcn und Marine.<\/p>\n<p class=\"\" data-start=\"5060\" data-end=\"5214\"><strong data-start=\"5060\" data-end=\"5095\">Ist der Hut r\u00fcckgabeberechtigt?<\/strong><br data-start=\"5095\" data-end=\"5098\" \/>Da es sich um eine Sonderanfertigung handelt, ist eine R\u00fcckgabe nicht m\u00f6glich. Ein Umtausch erfolgt nur bei Fehlern.<\/p>\n<\/div>\n<\/details>\n<\/div>\n","protected":false},"excerpt":{"rendered":"<h3 class=\"\" data-start=\"5670\" data-end=\"5708\"><strong>Sommerklassiker mit Charakter ??<\/strong><\/h3>\n<p class=\"\" data-start=\"5710\" data-end=\"5995\">Ob beim Flanieren durch mediterrane Altst\u00e4dte oder im eigenen Garten \u0096 dieser Cloche-Hut verbindet sommerliche Frische mit handwerklicher Qualit\u00e4t. Jeder Streifen, jede Naht ist Ausdruck von Stilbewusstsein und Liebe zum Detail. F\u00fcr Frauen, die Natur, Mode und Individualit\u00e4t sch\u00e4tzen.<\/p>\n","protected":false},"featured_media":17871,"template":"","meta":{"_acf_changed":false,"rs_blank_template":"","rs_page_bg_color":"","slide_template_v7":""},"product_brand":[250],"product_cat":[446,275],"product_tag":[],"class_list":{"0":"post-17870","1":"product","2":"type-product","3":"status-publish","4":"has-post-thumbnail","6":"product_brand-risa-hutwerkstatt-schweiz","7":"product_cat-cloche-sommerhuete","8":"product_cat-sommerhuete","9":"product_shipping_class-mittlere-pakete","10":"pa_color-natur-altrosa","11":"pa_color-natur-marine","12":"pa_color-natur-olive","13":"pa_color-natur-schwarz","14":"pa_groesse-206","15":"pa_groesse-196","16":"pa_groesse-207","17":"pa_groesse-197","18":"pa_groesse-208","19":"pa_groesse-198","20":"pa_groesse-209","21":"pa_groesse-199","22":"yith_product_brand-risa-hutwerkstatt-schweiz","25":"instock","26":"taxable","27":"shipping-taxable","28":"purchasable","29":"product-type-variable","30":"wvs-archive-product-wrapper","31":"add-to-wishlist-after_add_to_cart"},"acf":[],"yoast_head":"<!-- This site is optimized with the Yoast SEO Premium plugin v27.3 (Yoast SEO v27.3) - https:\/\/yoast.com\/product\/yoast-seo-premium-wordpress\/ -->\n<title>Sommerhut Cloche zweifarbig Raffia \u0096 handgefertigt &amp; nachhaltig<\/title>\n<meta name=\"description\" content=\"Sommerlicher Damenhut aus 100% Raffia in feiner Streifenoptik. Cloche-Design, vier Farben, handgefertigt mit Knopf \u0084Risa seit 1919\u0093. Nat\u00fcrlich &amp; stilvoll.\" \/>\n<meta name=\"robots\" content=\"index, follow, max-snippet:-1, max-image-preview:large, max-video-preview:-1\" \/>\n<link rel=\"canonical\" href=\"https:\/\/hutfactory.com\/?product=damen-sommerhut-cloche-raffia-fein-2-farbig\" \/>\n<meta property=\"og:locale\" content=\"de_DE\" \/>\n<meta property=\"og:type\" content=\"article\" \/>\n<meta property=\"og:title\" content=\"Damen Sommerhut Cloche Raffia fein 2 farbig\" \/>\n<meta property=\"og:description\" content=\"Sommerlicher Damenhut aus 100% Raffia in feiner Streifenoptik. Cloche-Design, vier Farben, handgefertigt mit Knopf \u0084Risa seit 1919\u0093. Nat\u00fcrlich &amp; stilvoll.\" \/>\n<meta property=\"og:url\" content=\"https:\/\/hutfactory.com\/?product=damen-sommerhut-cloche-raffia-fein-2-farbig\" \/>\n<meta property=\"og:site_name\" content=\"Hut Factory\" \/>\n<meta property=\"article:modified_time\" content=\"2026-03-10T10:26:48+00:00\" \/>\n<meta property=\"og:image\" content=\"https:\/\/hutfactory.com\/wp-content\/uploads\/2026\/03\/41405190.webp\" \/>\n\t<meta property=\"og:image:width\" content=\"750\" \/>\n\t<meta property=\"og:image:height\" content=\"750\" \/>\n\t<meta property=\"og:image:type\" content=\"image\/webp\" \/>\n<meta name=\"twitter:card\" content=\"summary_large_image\" \/>\n<meta name=\"twitter:label1\" content=\"Gesch\u00e4tzte Lesezeit\" \/>\n\t<meta name=\"twitter:data1\" content=\"3\u00a0Minuten\" \/>\n<script type=\"application\/ld+json\" class=\"yoast-schema-graph\">{\"@context\":\"https:\\\/\\\/schema.org\",\"@graph\":[{\"@type\":\"WebPage\",\"@id\":\"https:\\\/\\\/hutfactory.com\\\/?product=damen-sommerhut-cloche-raffia-fein-2-farbig\",\"url\":\"https:\\\/\\\/hutfactory.com\\\/?product=damen-sommerhut-cloche-raffia-fein-2-farbig\",\"name\":\"Sommerhut Cloche zweifarbig Raffia \u0096 handgefertigt & nachhaltig\",\"isPartOf\":{\"@id\":\"https:\\\/\\\/hutfactory.com\\\/#website\"},\"primaryImageOfPage\":{\"@id\":\"https:\\\/\\\/hutfactory.com\\\/?product=damen-sommerhut-cloche-raffia-fein-2-farbig#primaryimage\"},\"image\":{\"@id\":\"https:\\\/\\\/hutfactory.com\\\/?product=damen-sommerhut-cloche-raffia-fein-2-farbig#primaryimage\"},\"thumbnailUrl\":\"https:\\\/\\\/hutfactory.com\\\/wp-content\\\/uploads\\\/2026\\\/03\\\/41405190.webp\",\"datePublished\":\"2026-03-10T10:23:34+00:00\",\"dateModified\":\"2026-03-10T10:26:48+00:00\",\"description\":\"Sommerlicher Damenhut aus 100% Raffia in feiner Streifenoptik. Cloche-Design, vier Farben, handgefertigt mit Knopf \u0084Risa seit 1919\u0093. Nat\u00fcrlich & stilvoll.\",\"breadcrumb\":{\"@id\":\"https:\\\/\\\/hutfactory.com\\\/?product=damen-sommerhut-cloche-raffia-fein-2-farbig#breadcrumb\"},\"inLanguage\":\"de\",\"potentialAction\":[{\"@type\":\"ReadAction\",\"target\":[\"https:\\\/\\\/hutfactory.com\\\/?product=damen-sommerhut-cloche-raffia-fein-2-farbig\"]}]},{\"@type\":\"ImageObject\",\"inLanguage\":\"de\",\"@id\":\"https:\\\/\\\/hutfactory.com\\\/?product=damen-sommerhut-cloche-raffia-fein-2-farbig#primaryimage\",\"url\":\"https:\\\/\\\/hutfactory.com\\\/wp-content\\\/uploads\\\/2026\\\/03\\\/41405190.webp\",\"contentUrl\":\"https:\\\/\\\/hutfactory.com\\\/wp-content\\\/uploads\\\/2026\\\/03\\\/41405190.webp\",\"width\":750,\"height\":750,\"caption\":\"Altrosa\"},{\"@type\":\"BreadcrumbList\",\"@id\":\"https:\\\/\\\/hutfactory.com\\\/?product=damen-sommerhut-cloche-raffia-fein-2-farbig#breadcrumb\",\"itemListElement\":[{\"@type\":\"ListItem\",\"position\":1,\"name\":\"Start\",\"item\":\"https:\\\/\\\/hutfactory.com\\\/\"},{\"@type\":\"ListItem\",\"position\":2,\"name\":\"Shop\",\"item\":\"https:\\\/\\\/hutfactory.com\\\/?page_id=10\"},{\"@type\":\"ListItem\",\"position\":3,\"name\":\"Damen Sommerhut Cloche Raffia fein 2 farbig\"}]},{\"@type\":\"WebSite\",\"@id\":\"https:\\\/\\\/hutfactory.com\\\/#website\",\"url\":\"https:\\\/\\\/hutfactory.com\\\/\",\"name\":\"Hut Factory\",\"description\":\"H\u00fcte, Kappen &amp; M\u00fctzen in Top Swiss\\\/EU Qualit\u00e4t\",\"publisher\":{\"@id\":\"https:\\\/\\\/hutfactory.com\\\/#organization\"},\"alternateName\":\"Hut Shop\",\"potentialAction\":[{\"@type\":\"SearchAction\",\"target\":{\"@type\":\"EntryPoint\",\"urlTemplate\":\"https:\\\/\\\/hutfactory.com\\\/?s={search_term_string}\"},\"query-input\":{\"@type\":\"PropertyValueSpecification\",\"valueRequired\":true,\"valueName\":\"search_term_string\"}}],\"inLanguage\":\"de\"},{\"@type\":\"Organization\",\"@id\":\"https:\\\/\\\/hutfactory.com\\\/#organization\",\"name\":\"Hut Factory\",\"url\":\"https:\\\/\\\/hutfactory.com\\\/\",\"logo\":{\"@type\":\"ImageObject\",\"inLanguage\":\"de\",\"@id\":\"https:\\\/\\\/hutfactory.com\\\/#\\\/schema\\\/logo\\\/image\\\/\",\"url\":\"https:\\\/\\\/hutfactory.com\\\/wp-content\\\/uploads\\\/2026\\\/01\\\/Logo-hut-factory-1.webp\",\"contentUrl\":\"https:\\\/\\\/hutfactory.com\\\/wp-content\\\/uploads\\\/2026\\\/01\\\/Logo-hut-factory-1.webp\",\"width\":300,\"height\":262,\"caption\":\"Hut Factory\"},\"image\":{\"@id\":\"https:\\\/\\\/hutfactory.com\\\/#\\\/schema\\\/logo\\\/image\\\/\"}}]}<\/script>\n<!-- \/ Yoast SEO Premium plugin. -->","yoast_head_json":{"title":"Sommerhut Cloche zweifarbig Raffia \u0096 handgefertigt & nachhaltig","description":"Sommerlicher Damenhut aus 100% Raffia in feiner Streifenoptik. Cloche-Design, vier Farben, handgefertigt mit Knopf \u0084Risa seit 1919\u0093. Nat\u00fcrlich & stilvoll.","robots":{"index":"index","follow":"follow","max-snippet":"max-snippet:-1","max-image-preview":"max-image-preview:large","max-video-preview":"max-video-preview:-1"},"canonical":"https:\/\/hutfactory.com\/?product=damen-sommerhut-cloche-raffia-fein-2-farbig","og_locale":"de_DE","og_type":"article","og_title":"Damen Sommerhut Cloche Raffia fein 2 farbig","og_description":"Sommerlicher Damenhut aus 100% Raffia in feiner Streifenoptik. Cloche-Design, vier Farben, handgefertigt mit Knopf \u0084Risa seit 1919\u0093. Nat\u00fcrlich & stilvoll.","og_url":"https:\/\/hutfactory.com\/?product=damen-sommerhut-cloche-raffia-fein-2-farbig","og_site_name":"Hut Factory","article_modified_time":"2026-03-10T10:26:48+00:00","og_image":[{"width":750,"height":750,"url":"https:\/\/hutfactory.com\/wp-content\/uploads\/2026\/03\/41405190.webp","type":"image\/webp"}],"twitter_card":"summary_large_image","twitter_misc":{"Gesch\u00e4tzte Lesezeit":"3\u00a0Minuten"},"schema":{"@context":"https:\/\/schema.org","@graph":[{"@type":"WebPage","@id":"https:\/\/hutfactory.com\/?product=damen-sommerhut-cloche-raffia-fein-2-farbig","url":"https:\/\/hutfactory.com\/?product=damen-sommerhut-cloche-raffia-fein-2-farbig","name":"Sommerhut Cloche zweifarbig Raffia \u0096 handgefertigt & nachhaltig","isPartOf":{"@id":"https:\/\/hutfactory.com\/#website"},"primaryImageOfPage":{"@id":"https:\/\/hutfactory.com\/?product=damen-sommerhut-cloche-raffia-fein-2-farbig#primaryimage"},"image":{"@id":"https:\/\/hutfactory.com\/?product=damen-sommerhut-cloche-raffia-fein-2-farbig#primaryimage"},"thumbnailUrl":"https:\/\/hutfactory.com\/wp-content\/uploads\/2026\/03\/41405190.webp","datePublished":"2026-03-10T10:23:34+00:00","dateModified":"2026-03-10T10:26:48+00:00","description":"Sommerlicher Damenhut aus 100% Raffia in feiner Streifenoptik. Cloche-Design, vier Farben, handgefertigt mit Knopf \u0084Risa seit 1919\u0093. Nat\u00fcrlich & stilvoll.","breadcrumb":{"@id":"https:\/\/hutfactory.com\/?product=damen-sommerhut-cloche-raffia-fein-2-farbig#breadcrumb"},"inLanguage":"de","potentialAction":[{"@type":"ReadAction","target":["https:\/\/hutfactory.com\/?product=damen-sommerhut-cloche-raffia-fein-2-farbig"]}]},{"@type":"ImageObject","inLanguage":"de","@id":"https:\/\/hutfactory.com\/?product=damen-sommerhut-cloche-raffia-fein-2-farbig#primaryimage","url":"https:\/\/hutfactory.com\/wp-content\/uploads\/2026\/03\/41405190.webp","contentUrl":"https:\/\/hutfactory.com\/wp-content\/uploads\/2026\/03\/41405190.webp","width":750,"height":750,"caption":"Altrosa"},{"@type":"BreadcrumbList","@id":"https:\/\/hutfactory.com\/?product=damen-sommerhut-cloche-raffia-fein-2-farbig#breadcrumb","itemListElement":[{"@type":"ListItem","position":1,"name":"Start","item":"https:\/\/hutfactory.com\/"},{"@type":"ListItem","position":2,"name":"Shop","item":"https:\/\/hutfactory.com\/?page_id=10"},{"@type":"ListItem","position":3,"name":"Damen Sommerhut Cloche Raffia fein 2 farbig"}]},{"@type":"WebSite","@id":"https:\/\/hutfactory.com\/#website","url":"https:\/\/hutfactory.com\/","name":"Hut Factory","description":"H\u00fcte, Kappen &amp; M\u00fctzen in Top Swiss\/EU Qualit\u00e4t","publisher":{"@id":"https:\/\/hutfactory.com\/#organization"},"alternateName":"Hut Shop","potentialAction":[{"@type":"SearchAction","target":{"@type":"EntryPoint","urlTemplate":"https:\/\/hutfactory.com\/?s={search_term_string}"},"query-input":{"@type":"PropertyValueSpecification","valueRequired":true,"valueName":"search_term_string"}}],"inLanguage":"de"},{"@type":"Organization","@id":"https:\/\/hutfactory.com\/#organization","name":"Hut Factory","url":"https:\/\/hutfactory.com\/","logo":{"@type":"ImageObject","inLanguage":"de","@id":"https:\/\/hutfactory.com\/#\/schema\/logo\/image\/","url":"https:\/\/hutfactory.com\/wp-content\/uploads\/2026\/01\/Logo-hut-factory-1.webp","contentUrl":"https:\/\/hutfactory.com\/wp-content\/uploads\/2026\/01\/Logo-hut-factory-1.webp","width":300,"height":262,"caption":"Hut Factory"},"image":{"@id":"https:\/\/hutfactory.com\/#\/schema\/logo\/image\/"}}]}},"_links":{"self":[{"href":"https:\/\/hutfactory.com\/index.php?rest_route=\/wp\/v2\/product\/17870","targetHints":{"allow":["GET"]}}],"collection":[{"href":"https:\/\/hutfactory.com\/index.php?rest_route=\/wp\/v2\/product"}],"about":[{"href":"https:\/\/hutfactory.com\/index.php?rest_route=\/wp\/v2\/types\/product"}],"wp:featuredmedia":[{"embeddable":true,"href":"https:\/\/hutfactory.com\/index.php?rest_route=\/wp\/v2\/media\/17871"}],"wp:attachment":[{"href":"https:\/\/hutfactory.com\/index.php?rest_route=%2Fwp%2Fv2%2Fmedia&parent=17870"}],"wp:term":[{"taxonomy":"product_brand","embeddable":true,"href":"https:\/\/hutfactory.com\/index.php?rest_route=%2Fwp%2Fv2%2Fproduct_brand&post=17870"},{"taxonomy":"product_cat","embeddable":true,"href":"https:\/\/hutfactory.com\/index.php?rest_route=%2Fwp%2Fv2%2Fproduct_cat&post=17870"},{"taxonomy":"product_tag","embeddable":true,"href":"https:\/\/hutfactory.com\/index.php?rest_route=%2Fwp%2Fv2%2Fproduct_tag&post=17870"}],"curies":[{"name":"wp","href":"https:\/\/api.w.org\/{rel}","templated":true}]}}