{"id":17498,"date":"2026-03-10T10:18:43","date_gmt":"2026-03-10T10:18:43","guid":{"rendered":"https:\/\/hutfactory.com\/?product=toque-zierlicher-kopfschmuck-mit-maschen"},"modified":"2026-03-12T07:28:58","modified_gmt":"2026-03-12T07:28:58","slug":"toque-zierlicher-kopfschmuck-mit-maschen","status":"publish","type":"product","link":"https:\/\/hutfactory.com\/?product=toque-zierlicher-kopfschmuck-mit-maschen","title":{"rendered":"Toque zierlicher Kopfschmuck mit Maschen"},"content":{"rendered":"<h3 class=\"\" data-start=\"438\" data-end=\"477\"><strong data-start=\"442\" data-end=\"477\">Feine Linien, femininer Schwung<\/strong><\/h3>\n<p class=\"\" data-start=\"478\" data-end=\"944\">Die geschwungene Form des Hutes schmeichelt der Silhouette und sitzt elegant schr\u00e4g am Kopf. Die luftige Sisal-Struktur sorgt nicht nur f\u00fcr angenehme Leichtigkeit, sondern reflektiert auch das Licht auf subtile, schimmernde Weise. Die gro\u00dfvolumige Masche ist kunstvoll drapiert und verleiht der Kopfbedeckung eine dramatisch-elegante Aura \u0096 ohne zu \u00fcberladen zu wirken. Jedes Modell ist ein kleines Statement der Handwerkskunst, das mit Stilsicherheit getragen wird.<\/p>\n<p class=\"\" data-start=\"946\" data-end=\"967\"><strong data-start=\"946\" data-end=\"967\">Perfekt f\u00fcr\u0085.. ??<\/strong><\/p>\n<p class=\"\" data-start=\"969\" data-end=\"1200\"><strong data-start=\"969\" data-end=\"992\">?? Elegante Events:<\/strong><br data-start=\"992\" data-end=\"995\" \/>Der Toque mit Masche ist pr\u00e4destiniert f\u00fcr stilvolle Empf\u00e4nge, Standes\u00e4mter, Taufen oder Polo-Events. In Kombination mit einem Etuikleid oder einem flie\u00dfenden Ensemble avanciert er zum modischen H\u00f6hepunkt.<\/p>\n<p class=\"\" data-start=\"1202\" data-end=\"1412\"><strong data-start=\"1202\" data-end=\"1232\">?? Natur- und Modebewusst:<\/strong><br data-start=\"1232\" data-end=\"1235\" \/>Hergestellt aus 100% Sisal, einem nachhaltigen Naturmaterial, steht dieser Toque nicht nur f\u00fcr \u00c4sthetik, sondern auch f\u00fcr verantwortungsbewusste Mode aus europ\u00e4ischer Fertigung.<\/p>\n<div class=\"hf-accordions\">\n<hr class=\"hf-accordion-separator\" \/>\n<details class=\"hf-accordion\">\n<summary><strong>\u25b6\ufe0f Gut zu wissen \u2013 mehr erfahren<\/strong><\/summary>\n<div class=\"hf-accordion-content\">\n<h3 class=\"\" data-start=\"1414\" data-end=\"1446\"><strong data-start=\"1418\" data-end=\"1446\">Eigenschaften &#038; Details:<\/strong><\/h3>\n<p class=\"\" data-start=\"1447\" data-end=\"1774\"><strong data-start=\"1447\" data-end=\"1460\">Material:<\/strong> 100% Sisal \u0096 federleicht, atmungsaktiv, formstabil<br data-start=\"1511\" data-end=\"1514\" \/><strong data-start=\"1514\" data-end=\"1525\">Farben:<\/strong> Schwarz \u0096 klassisch &#038; mond\u00e4n<br data-start=\"1554\" data-end=\"1557\" \/>Weiss \u0096 rein &#038; festlich<br data-start=\"1580\" data-end=\"1583\" \/>Senf \u0096 warm &#038; retro-chic<br data-start=\"1607\" data-end=\"1610\" \/>Rubin \u0096 intensiv &#038; ausdrucksstark<br data-start=\"1643\" data-end=\"1646\" \/><strong data-start=\"1646\" data-end=\"1657\">Gr\u00f6\u00dfen:<\/strong> One Size \u0096 durch das Design individuell anpassbar<br data-start=\"1707\" data-end=\"1710\" \/><strong data-start=\"1710\" data-end=\"1723\">Garnitur:<\/strong> Gro\u00dfe Masche aus Sisal, kunstvoll von Hand geformt<\/p>\n<h3 class=\"\" data-start=\"1776\" data-end=\"1806\"><strong data-start=\"1780\" data-end=\"1806\">Design &#038; Verarbeitung:<\/strong><\/h3>\n<p class=\"\" data-start=\"1807\" data-end=\"2103\">Der Toque ist eine Hommage an die Haute Couture der 1950er Jahre \u0096 modern interpretiert. Durch die schr\u00e4g verlaufende Linienf\u00fchrung und die luftige Architektur wirkt er charmant und avantgardistisch zugleich. Jeder Bogen der Masche wurde liebevoll modelliert \u0096 f\u00fcr einen Look, der K\u00f6pfe verdreht.<\/p>\n<h3 class=\"\" data-start=\"2105\" data-end=\"2137\"><strong data-start=\"2109\" data-end=\"2137\">Handgefertigt in Europa:<\/strong><\/h3>\n<p class=\"\" data-start=\"2138\" data-end=\"2414\">Entworfen von der Schweizer Hutmanufaktur Risa und exklusiv in einem kleinen Atelier in Italien gefertigt \u0096 dieser Toque steht f\u00fcr handwerkliche Pr\u00e4zision und zeitlose Eleganz. Die Herstellung erfolgt in limitierter Auflage und in enger Abstimmung mit erfahrenen Modist:innen.<\/p>\n<h3 class=\"\" data-start=\"2416\" data-end=\"2450\"><strong data-start=\"2420\" data-end=\"2450\">Nachhaltigkeit &#038; Qualit\u00e4t:<\/strong><\/h3>\n<p class=\"\" data-start=\"2451\" data-end=\"2726\"><strong data-start=\"2451\" data-end=\"2478\">Nat\u00fcrlich &#038; nachhaltig:<\/strong> Reines Sisal \u0096 biologisch abbaubar, \u00f6kologisch verantwortungsvoll gewonnen.<br data-start=\"2554\" data-end=\"2557\" \/><strong data-start=\"2557\" data-end=\"2584\">Tradition &#038; Handarbeit:<\/strong> In jedem Modell steckt jahrzehntelanges Know-how.<br data-start=\"2634\" data-end=\"2637\" \/><strong data-start=\"2637\" data-end=\"2655\">Langlebigkeit:<\/strong> Bei guter Pflege bleibt der Toque viele Jahre stilvoll und formstabil.<\/p>\n<h3 class=\"\" data-start=\"2728\" data-end=\"2758\"><strong data-start=\"2732\" data-end=\"2758\">Herstellung &#038; Versand:<\/strong><\/h3>\n<p class=\"\" data-start=\"2759\" data-end=\"3008\"><strong data-start=\"2759\" data-end=\"2773\">Fertigung:<\/strong> in kleiner St\u00fcckzahl im italienischen Atelier<br data-start=\"2819\" data-end=\"2822\" \/><strong data-start=\"2822\" data-end=\"2834\">Versand:<\/strong> innerhalb weniger Tage ab Lager Schweiz<br data-start=\"2874\" data-end=\"2877\" \/><strong data-start=\"2877\" data-end=\"2890\">Garantie:<\/strong> Umtausch nur bei Material- oder Herstellungsfehlern<br data-start=\"2942\" data-end=\"2945\" \/><strong data-start=\"2945\" data-end=\"2963\">Verf\u00fcgbarkeit:<\/strong> Abverkauf vorbehalten \u0096 limitiertes Modell<\/p>\n<\/div>\n<\/details>\n<details class=\"hf-accordion\">\n<summary><strong>\u25b6\ufe0f FAQ \u2013 H\u00e4ufige Fragen<\/strong><\/summary>\n<div class=\"hf-accordion-content\">\n<h3 class=\"\" data-start=\"3010\" data-end=\"3048\"><strong data-start=\"3014\" data-end=\"3048\">FAQ \u0096 H\u00e4ufig gestellte Fragen:<\/strong><\/h3>\n<p class=\"\" data-start=\"3050\" data-end=\"3189\"><strong data-start=\"3050\" data-end=\"3091\">Wie wird der Toque am Kopf befestigt?<\/strong><br data-start=\"3091\" data-end=\"3094\" \/>Der Toque besitzt ein dezentes Innenband oder Haarclip, der unsichtbar f\u00fcr sicheren Halt sorgt.<\/p>\n<p class=\"\" data-start=\"3191\" data-end=\"3314\"><strong data-start=\"3191\" data-end=\"3220\">Ist der Toque wetterfest?<\/strong><br data-start=\"3220\" data-end=\"3223\" \/>Sisal ist ein Naturmaterial \u0096 bitte nur bei trockenem Wetter tragen und vor Regen sch\u00fctzen.<\/p>\n<p class=\"\" data-start=\"3316\" data-end=\"3462\"><strong data-start=\"3316\" data-end=\"3366\">Kann ich den Toque bei Bedarf anpassen lassen?<\/strong><br data-start=\"3366\" data-end=\"3369\" \/>Der Sitz ist so konzipiert, dass er flexibel passt \u0096 jedoch sind keine \u00c4nderungen vorgesehen.<\/p>\n<p class=\"\" data-start=\"3464\" data-end=\"3596\"><strong data-start=\"3464\" data-end=\"3511\">Ist der Toque auch f\u00fcr Hochzeiten geeignet?<\/strong><br data-start=\"3511\" data-end=\"3514\" \/>Ja \u0096 insbesondere das Modell in Weiss oder Rubin ist perfekt f\u00fcr Braut oder G\u00e4ste.<\/p>\n<p class=\"\" data-start=\"3598\" data-end=\"3734\"><strong data-start=\"3598\" data-end=\"3642\">Wie bewahre ich den Toque am besten auf?<\/strong><br data-start=\"3642\" data-end=\"3645\" \/>Am besten in einer Hutschachtel, trocken und lichtgesch\u00fctzt. So bleibt die Form erhalten.<\/p>\n<\/div>\n<\/details>\n<\/div>\n","protected":false},"excerpt":{"rendered":"<h3 class=\"\" data-start=\"58\" data-end=\"110\"><strong data-start=\"62\" data-end=\"110\">Zierlicher Blickfang f\u00fcr stilvolle Auftritte<\/strong><\/h3>\n<p class=\"\" data-start=\"111\" data-end=\"436\">Dieser Toque aus 100% Sisal ist ein wahres Kunstwerk der Hutmacherei \u0096 raffiniert geformt, federleicht und mit einer spektakul\u00e4ren Masche versehen, die jedem Outfit eine sinnlich-verspielte Note verleiht. Ob zur Hochzeit, Taufe oder einem sommerlichen Gartenfest \u0096 dieser Fascinator verleiht dem Anlass die passende Noblesse.<\/p>\n","protected":false},"featured_media":17499,"template":"","meta":{"_acf_changed":false,"rs_blank_template":"","rs_page_bg_color":"","slide_template_v7":""},"product_brand":[250],"product_cat":[641,459,275],"product_tag":[],"class_list":{"0":"post-17498","1":"product","2":"type-product","3":"status-publish","4":"has-post-thumbnail","6":"product_brand-risa-hutwerkstatt-schweiz","7":"product_cat-anlass-sommerhuete","8":"product_cat-fascinator-sommerhuete","9":"product_cat-sommerhuete","10":"product_shipping_class-mittlere-pakete","11":"pa_color-rubin","12":"pa_color-schwarz","13":"pa_color-senf","14":"pa_color-weiss","15":"pa_groesse-one-size","16":"yith_product_brand-risa-hutwerkstatt-schweiz","19":"instock","20":"taxable","21":"shipping-taxable","22":"purchasable","23":"product-type-variable","24":"wvs-archive-product-wrapper","25":"add-to-wishlist-after_add_to_cart"},"acf":[],"yoast_head":"<!-- This site is optimized with the Yoast SEO Premium plugin v27.3 (Yoast SEO v27.3) - https:\/\/yoast.com\/product\/yoast-seo-premium-wordpress\/ -->\n<title>Eleganter Damen Kopfschmuck - Toque mit Applikation<\/title>\n<meta name=\"description\" content=\"Entdecken Sie den exquisiten Kopfschmuck &quot;Toque mit Schleifen&quot;. Handgefertigt aus 100% Sisal, in vier Farben verf\u00fcgbar. Perfekt f\u00fcr stilvolle Sonnentage!\" \/>\n<meta name=\"robots\" content=\"index, follow, max-snippet:-1, max-image-preview:large, max-video-preview:-1\" \/>\n<link rel=\"canonical\" href=\"https:\/\/hutfactory.com\/?product=toque-zierlicher-kopfschmuck-mit-maschen\" \/>\n<meta property=\"og:locale\" content=\"de_DE\" \/>\n<meta property=\"og:type\" content=\"article\" \/>\n<meta property=\"og:title\" content=\"Toque zierlicher Kopfschmuck mit Maschen\" \/>\n<meta property=\"og:description\" content=\"Entdecken Sie den exquisiten Kopfschmuck &quot;Toque mit Schleifen&quot;. Handgefertigt aus 100% Sisal, in vier Farben verf\u00fcgbar. Perfekt f\u00fcr stilvolle Sonnentage!\" \/>\n<meta property=\"og:url\" content=\"https:\/\/hutfactory.com\/?product=toque-zierlicher-kopfschmuck-mit-maschen\" \/>\n<meta property=\"og:site_name\" content=\"Hut Factory\" \/>\n<meta property=\"article:modified_time\" content=\"2026-03-12T07:28:58+00:00\" \/>\n<meta property=\"og:image\" content=\"https:\/\/hutfactory.com\/wp-content\/uploads\/2026\/03\/33969.webp\" \/>\n\t<meta property=\"og:image:width\" content=\"750\" \/>\n\t<meta property=\"og:image:height\" content=\"750\" \/>\n\t<meta property=\"og:image:type\" content=\"image\/webp\" \/>\n<meta name=\"twitter:card\" content=\"summary_large_image\" \/>\n<meta name=\"twitter:label1\" content=\"Gesch\u00e4tzte Lesezeit\" \/>\n\t<meta name=\"twitter:data1\" content=\"2\u00a0Minuten\" \/>\n<script type=\"application\/ld+json\" class=\"yoast-schema-graph\">{\"@context\":\"https:\\\/\\\/schema.org\",\"@graph\":[{\"@type\":\"WebPage\",\"@id\":\"https:\\\/\\\/hutfactory.com\\\/?product=toque-zierlicher-kopfschmuck-mit-maschen\",\"url\":\"https:\\\/\\\/hutfactory.com\\\/?product=toque-zierlicher-kopfschmuck-mit-maschen\",\"name\":\"Eleganter Damen Kopfschmuck - Toque mit Applikation\",\"isPartOf\":{\"@id\":\"https:\\\/\\\/hutfactory.com\\\/#website\"},\"primaryImageOfPage\":{\"@id\":\"https:\\\/\\\/hutfactory.com\\\/?product=toque-zierlicher-kopfschmuck-mit-maschen#primaryimage\"},\"image\":{\"@id\":\"https:\\\/\\\/hutfactory.com\\\/?product=toque-zierlicher-kopfschmuck-mit-maschen#primaryimage\"},\"thumbnailUrl\":\"https:\\\/\\\/hutfactory.com\\\/wp-content\\\/uploads\\\/2026\\\/03\\\/33969.webp\",\"datePublished\":\"2026-03-10T10:18:43+00:00\",\"dateModified\":\"2026-03-12T07:28:58+00:00\",\"description\":\"Entdecken Sie den exquisiten Kopfschmuck \\\"Toque mit Schleifen\\\". Handgefertigt aus 100% Sisal, in vier Farben verf\u00fcgbar. Perfekt f\u00fcr stilvolle Sonnentage!\",\"breadcrumb\":{\"@id\":\"https:\\\/\\\/hutfactory.com\\\/?product=toque-zierlicher-kopfschmuck-mit-maschen#breadcrumb\"},\"inLanguage\":\"de\",\"potentialAction\":[{\"@type\":\"ReadAction\",\"target\":[\"https:\\\/\\\/hutfactory.com\\\/?product=toque-zierlicher-kopfschmuck-mit-maschen\"]}]},{\"@type\":\"ImageObject\",\"inLanguage\":\"de\",\"@id\":\"https:\\\/\\\/hutfactory.com\\\/?product=toque-zierlicher-kopfschmuck-mit-maschen#primaryimage\",\"url\":\"https:\\\/\\\/hutfactory.com\\\/wp-content\\\/uploads\\\/2026\\\/03\\\/33969.webp\",\"contentUrl\":\"https:\\\/\\\/hutfactory.com\\\/wp-content\\\/uploads\\\/2026\\\/03\\\/33969.webp\",\"width\":750,\"height\":750,\"caption\":\"produziert in Italien.|Handgefertigter Toque aus 100% Sisal mit gro\u00dfvolumiger Masche \u0096 in vier Farben erh\u00e4ltlich. Design aus der Schweizer Hutmanufaktur Risa\"},{\"@type\":\"BreadcrumbList\",\"@id\":\"https:\\\/\\\/hutfactory.com\\\/?product=toque-zierlicher-kopfschmuck-mit-maschen#breadcrumb\",\"itemListElement\":[{\"@type\":\"ListItem\",\"position\":1,\"name\":\"Start\",\"item\":\"https:\\\/\\\/hutfactory.com\\\/\"},{\"@type\":\"ListItem\",\"position\":2,\"name\":\"Shop\",\"item\":\"https:\\\/\\\/hutfactory.com\\\/?page_id=10\"},{\"@type\":\"ListItem\",\"position\":3,\"name\":\"Toque zierlicher Kopfschmuck mit Maschen\"}]},{\"@type\":\"WebSite\",\"@id\":\"https:\\\/\\\/hutfactory.com\\\/#website\",\"url\":\"https:\\\/\\\/hutfactory.com\\\/\",\"name\":\"Hut Factory\",\"description\":\"H\u00fcte, Kappen &amp; M\u00fctzen in Top Swiss\\\/EU Qualit\u00e4t\",\"publisher\":{\"@id\":\"https:\\\/\\\/hutfactory.com\\\/#organization\"},\"alternateName\":\"Hut Shop\",\"potentialAction\":[{\"@type\":\"SearchAction\",\"target\":{\"@type\":\"EntryPoint\",\"urlTemplate\":\"https:\\\/\\\/hutfactory.com\\\/?s={search_term_string}\"},\"query-input\":{\"@type\":\"PropertyValueSpecification\",\"valueRequired\":true,\"valueName\":\"search_term_string\"}}],\"inLanguage\":\"de\"},{\"@type\":\"Organization\",\"@id\":\"https:\\\/\\\/hutfactory.com\\\/#organization\",\"name\":\"Hut Factory\",\"url\":\"https:\\\/\\\/hutfactory.com\\\/\",\"logo\":{\"@type\":\"ImageObject\",\"inLanguage\":\"de\",\"@id\":\"https:\\\/\\\/hutfactory.com\\\/#\\\/schema\\\/logo\\\/image\\\/\",\"url\":\"https:\\\/\\\/hutfactory.com\\\/wp-content\\\/uploads\\\/2026\\\/01\\\/Logo-hut-factory-1.webp\",\"contentUrl\":\"https:\\\/\\\/hutfactory.com\\\/wp-content\\\/uploads\\\/2026\\\/01\\\/Logo-hut-factory-1.webp\",\"width\":300,\"height\":262,\"caption\":\"Hut Factory\"},\"image\":{\"@id\":\"https:\\\/\\\/hutfactory.com\\\/#\\\/schema\\\/logo\\\/image\\\/\"}}]}<\/script>\n<!-- \/ Yoast SEO Premium plugin. -->","yoast_head_json":{"title":"Eleganter Damen Kopfschmuck - Toque mit Applikation","description":"Entdecken Sie den exquisiten Kopfschmuck \"Toque mit Schleifen\". Handgefertigt aus 100% Sisal, in vier Farben verf\u00fcgbar. Perfekt f\u00fcr stilvolle Sonnentage!","robots":{"index":"index","follow":"follow","max-snippet":"max-snippet:-1","max-image-preview":"max-image-preview:large","max-video-preview":"max-video-preview:-1"},"canonical":"https:\/\/hutfactory.com\/?product=toque-zierlicher-kopfschmuck-mit-maschen","og_locale":"de_DE","og_type":"article","og_title":"Toque zierlicher Kopfschmuck mit Maschen","og_description":"Entdecken Sie den exquisiten Kopfschmuck \"Toque mit Schleifen\". Handgefertigt aus 100% Sisal, in vier Farben verf\u00fcgbar. Perfekt f\u00fcr stilvolle Sonnentage!","og_url":"https:\/\/hutfactory.com\/?product=toque-zierlicher-kopfschmuck-mit-maschen","og_site_name":"Hut Factory","article_modified_time":"2026-03-12T07:28:58+00:00","og_image":[{"width":750,"height":750,"url":"https:\/\/hutfactory.com\/wp-content\/uploads\/2026\/03\/33969.webp","type":"image\/webp"}],"twitter_card":"summary_large_image","twitter_misc":{"Gesch\u00e4tzte Lesezeit":"2\u00a0Minuten"},"schema":{"@context":"https:\/\/schema.org","@graph":[{"@type":"WebPage","@id":"https:\/\/hutfactory.com\/?product=toque-zierlicher-kopfschmuck-mit-maschen","url":"https:\/\/hutfactory.com\/?product=toque-zierlicher-kopfschmuck-mit-maschen","name":"Eleganter Damen Kopfschmuck - Toque mit Applikation","isPartOf":{"@id":"https:\/\/hutfactory.com\/#website"},"primaryImageOfPage":{"@id":"https:\/\/hutfactory.com\/?product=toque-zierlicher-kopfschmuck-mit-maschen#primaryimage"},"image":{"@id":"https:\/\/hutfactory.com\/?product=toque-zierlicher-kopfschmuck-mit-maschen#primaryimage"},"thumbnailUrl":"https:\/\/hutfactory.com\/wp-content\/uploads\/2026\/03\/33969.webp","datePublished":"2026-03-10T10:18:43+00:00","dateModified":"2026-03-12T07:28:58+00:00","description":"Entdecken Sie den exquisiten Kopfschmuck \"Toque mit Schleifen\". Handgefertigt aus 100% Sisal, in vier Farben verf\u00fcgbar. Perfekt f\u00fcr stilvolle Sonnentage!","breadcrumb":{"@id":"https:\/\/hutfactory.com\/?product=toque-zierlicher-kopfschmuck-mit-maschen#breadcrumb"},"inLanguage":"de","potentialAction":[{"@type":"ReadAction","target":["https:\/\/hutfactory.com\/?product=toque-zierlicher-kopfschmuck-mit-maschen"]}]},{"@type":"ImageObject","inLanguage":"de","@id":"https:\/\/hutfactory.com\/?product=toque-zierlicher-kopfschmuck-mit-maschen#primaryimage","url":"https:\/\/hutfactory.com\/wp-content\/uploads\/2026\/03\/33969.webp","contentUrl":"https:\/\/hutfactory.com\/wp-content\/uploads\/2026\/03\/33969.webp","width":750,"height":750,"caption":"produziert in Italien.|Handgefertigter Toque aus 100% Sisal mit gro\u00dfvolumiger Masche \u0096 in vier Farben erh\u00e4ltlich. Design aus der Schweizer Hutmanufaktur Risa"},{"@type":"BreadcrumbList","@id":"https:\/\/hutfactory.com\/?product=toque-zierlicher-kopfschmuck-mit-maschen#breadcrumb","itemListElement":[{"@type":"ListItem","position":1,"name":"Start","item":"https:\/\/hutfactory.com\/"},{"@type":"ListItem","position":2,"name":"Shop","item":"https:\/\/hutfactory.com\/?page_id=10"},{"@type":"ListItem","position":3,"name":"Toque zierlicher Kopfschmuck mit Maschen"}]},{"@type":"WebSite","@id":"https:\/\/hutfactory.com\/#website","url":"https:\/\/hutfactory.com\/","name":"Hut Factory","description":"H\u00fcte, Kappen &amp; M\u00fctzen in Top Swiss\/EU Qualit\u00e4t","publisher":{"@id":"https:\/\/hutfactory.com\/#organization"},"alternateName":"Hut Shop","potentialAction":[{"@type":"SearchAction","target":{"@type":"EntryPoint","urlTemplate":"https:\/\/hutfactory.com\/?s={search_term_string}"},"query-input":{"@type":"PropertyValueSpecification","valueRequired":true,"valueName":"search_term_string"}}],"inLanguage":"de"},{"@type":"Organization","@id":"https:\/\/hutfactory.com\/#organization","name":"Hut Factory","url":"https:\/\/hutfactory.com\/","logo":{"@type":"ImageObject","inLanguage":"de","@id":"https:\/\/hutfactory.com\/#\/schema\/logo\/image\/","url":"https:\/\/hutfactory.com\/wp-content\/uploads\/2026\/01\/Logo-hut-factory-1.webp","contentUrl":"https:\/\/hutfactory.com\/wp-content\/uploads\/2026\/01\/Logo-hut-factory-1.webp","width":300,"height":262,"caption":"Hut Factory"},"image":{"@id":"https:\/\/hutfactory.com\/#\/schema\/logo\/image\/"}}]}},"_links":{"self":[{"href":"https:\/\/hutfactory.com\/index.php?rest_route=\/wp\/v2\/product\/17498","targetHints":{"allow":["GET"]}}],"collection":[{"href":"https:\/\/hutfactory.com\/index.php?rest_route=\/wp\/v2\/product"}],"about":[{"href":"https:\/\/hutfactory.com\/index.php?rest_route=\/wp\/v2\/types\/product"}],"wp:featuredmedia":[{"embeddable":true,"href":"https:\/\/hutfactory.com\/index.php?rest_route=\/wp\/v2\/media\/17499"}],"wp:attachment":[{"href":"https:\/\/hutfactory.com\/index.php?rest_route=%2Fwp%2Fv2%2Fmedia&parent=17498"}],"wp:term":[{"taxonomy":"product_brand","embeddable":true,"href":"https:\/\/hutfactory.com\/index.php?rest_route=%2Fwp%2Fv2%2Fproduct_brand&post=17498"},{"taxonomy":"product_cat","embeddable":true,"href":"https:\/\/hutfactory.com\/index.php?rest_route=%2Fwp%2Fv2%2Fproduct_cat&post=17498"},{"taxonomy":"product_tag","embeddable":true,"href":"https:\/\/hutfactory.com\/index.php?rest_route=%2Fwp%2Fv2%2Fproduct_tag&post=17498"}],"curies":[{"name":"wp","href":"https:\/\/api.w.org\/{rel}","templated":true}]}}