{"id":17489,"date":"2026-03-10T10:18:43","date_gmt":"2026-03-10T10:18:43","guid":{"rendered":"https:\/\/hutfactory.com\/?product=toque-zierlicher-kopfschmuck-aus-sisal"},"modified":"2026-03-23T11:02:43","modified_gmt":"2026-03-23T11:02:43","slug":"toque-zierlicher-kopfschmuck-aus-sisal","status":"publish","type":"product","link":"https:\/\/hutfactory.com\/?product=toque-zierlicher-kopfschmuck-aus-sisal","title":{"rendered":"Toque zierlicher Kopfschmuck aus Sisal"},"content":{"rendered":"<h3 class=\"\" data-start=\"599\" data-end=\"640\"><strong data-start=\"603\" data-end=\"640\">Eleganz trifft auf Handwerkskunst<\/strong><\/h3>\n<p class=\"\" data-start=\"641\" data-end=\"1001\">Dieser stilvolle Kopfschmuck beeindruckt durch seine reduzierte, aber wirkungsvolle Form: eine leicht gew\u00f6lbte Basis, darauf dekorative Elemente wie geschwungene Sisalb\u00e4nder, die dem Modell eine florale Leichtigkeit verleihen. Ob in klassischem Weiss, zartem Hellbeige oder romantischem Mittelrosa \u0096 dieser Toque sorgt f\u00fcr Aufsehen ohne aufdringlich zu wirken.<\/p>\n<p class=\"\" data-start=\"1003\" data-end=\"1024\"><strong data-start=\"1003\" data-end=\"1024\">Perfekt f\u00fcr\u0085.. ??<\/strong><\/p>\n<p class=\"\" data-start=\"1026\" data-end=\"1224\"><strong data-start=\"1026\" data-end=\"1053\">?? Sommerliche Anl\u00e4sse:<\/strong><br data-start=\"1053\" data-end=\"1056\" \/>Ideal f\u00fcr Gartenfeste, Sommerhochzeiten oder den Besuch einer Kunstausstellung im Freien \u0096 dieser Toque bietet stilvollen UV-Schutz und h\u00e4lt gleichzeitig angenehm k\u00fchl.<\/p>\n<p class=\"\" data-start=\"1226\" data-end=\"1375\"><strong data-start=\"1226\" data-end=\"1249\">?? Elegante Events:<\/strong><br data-start=\"1249\" data-end=\"1252\" \/>Ein Must-have f\u00fcr alle, die bei gehobenen Empf\u00e4ngen, Cocktailabenden oder Opernbesuchen stilbewusst Akzente setzen m\u00f6chten.<\/p>\n<p class=\"\" data-start=\"1377\" data-end=\"1567\"><strong data-start=\"1377\" data-end=\"1407\">?? Natur- und Modebewusst:<\/strong><br data-start=\"1407\" data-end=\"1410\" \/>Gefertigt aus 100% Sisal \u0096 ein nachwachsendes, biologisch abbaubares Naturmaterial \u0096 \u00fcberzeugt dieses Modell durch Nachhaltigkeit und hochwertige Handarbeit.<\/p>\n<div class=\"hf-accordions\">\n<hr class=\"hf-accordion-separator\" \/>\n<details class=\"hf-accordion\">\n<summary><strong>\u25b6\ufe0f Gut zu wissen \u2013 mehr erfahren<\/strong><\/summary>\n<div class=\"hf-accordion-content\">\n<h3 class=\"\" data-start=\"1569\" data-end=\"1601\"><strong data-start=\"1573\" data-end=\"1601\">Eigenschaften &#038; Details:<\/strong><\/h3>\n<ul data-start=\"1602\" data-end=\"1884\">\n<li class=\"\" data-start=\"1602\" data-end=\"1667\">\n<p class=\"\" data-start=\"1604\" data-end=\"1667\"><strong data-start=\"1604\" data-end=\"1617\">Material:<\/strong> 100% Sisal \u0096 leicht, nat\u00fcrlich und atmungsaktiv<\/p>\n<\/li>\n<li class=\"\" data-start=\"1668\" data-end=\"1733\">\n<p class=\"\" data-start=\"1670\" data-end=\"1733\"><strong data-start=\"1670\" data-end=\"1680\">Gr\u00f6\u00dfe:<\/strong> One Size \u0096 sitzt dank Formgebung stabil und bequem<\/p>\n<\/li>\n<li class=\"\" data-start=\"1734\" data-end=\"1804\">\n<p class=\"\" data-start=\"1736\" data-end=\"1804\"><strong data-start=\"1736\" data-end=\"1747\">Farben:<\/strong> Weiss, Hellbeige, Mittelrosa \u0096 vielseitig kombinierbar<\/p>\n<\/li>\n<li class=\"\" data-start=\"1805\" data-end=\"1884\">\n<p class=\"\" data-start=\"1807\" data-end=\"1884\"><strong data-start=\"1807\" data-end=\"1820\">Garnitur:<\/strong> Aufwendig geformte Sisalb\u00f6gen f\u00fcr eine raffinierte Silhouette<\/p>\n<\/li>\n<\/ul>\n<h3 class=\"\" data-start=\"1886\" data-end=\"1916\"><strong data-start=\"1890\" data-end=\"1916\">Design &#038; Verarbeitung:<\/strong><\/h3>\n<p class=\"\" data-start=\"1917\" data-end=\"2202\">Die runde, k\u00f6rpernahe Toque-Form wurde in klassischer Millinery-Technik gefertigt. Feine Verarbeitung, transparente Struktur und kunstvolle Dekoration verleihen diesem Modell eine verspielte Noblesse. Jeder Schwung ist millimetergenau geformt und spiegelt h\u00f6chste Handwerkskunst wider.<\/p>\n<h3 class=\"\" data-start=\"2204\" data-end=\"2273\"><strong data-start=\"2208\" data-end=\"2273\">Handgefertigt in der Schweiz (mit italienischem Feinschliff):<\/strong><\/h3>\n<p class=\"\" data-start=\"2274\" data-end=\"2506\">Das Design stammt aus der traditionsreichen Schweizer Hutmanufaktur Risa. In einem spezialisierten italienischen Atelier wird es in Handarbeit gefertigt \u0096 mit viel Know-how, Liebe zum Detail und generations\u00fcbergreifendem Fachwissen.<\/p>\n<h3 class=\"\" data-start=\"2508\" data-end=\"2542\"><strong data-start=\"2512\" data-end=\"2542\">Nachhaltigkeit &#038; Qualit\u00e4t:<\/strong><\/h3>\n<ul data-start=\"2543\" data-end=\"2746\">\n<li class=\"\" data-start=\"2543\" data-end=\"2616\">\n<p class=\"\" data-start=\"2545\" data-end=\"2616\"><strong data-start=\"2545\" data-end=\"2572\">Nat\u00fcrliche Materialien:<\/strong> Reiner Sisal \u0096 stabil, leicht, nachhaltig<\/p>\n<\/li>\n<li class=\"\" data-start=\"2617\" data-end=\"2671\">\n<p class=\"\" data-start=\"2619\" data-end=\"2671\"><strong data-start=\"2619\" data-end=\"2646\">Handarbeit &#038; Tradition:<\/strong> Jedes St\u00fcck ein Unikat<\/p>\n<\/li>\n<li class=\"\" data-start=\"2672\" data-end=\"2746\">\n<p class=\"\" data-start=\"2674\" data-end=\"2746\"><strong data-start=\"2674\" data-end=\"2692\">Langlebigkeit:<\/strong> Sorgf\u00e4ltig verarbeitet f\u00fcr viele stilvolle Eins\u00e4tze<\/p>\n<\/li>\n<\/ul>\n<h3 class=\"\" data-start=\"2748\" data-end=\"2778\"><strong data-start=\"2752\" data-end=\"2778\">Herstellung &#038; Versand:<\/strong><\/h3>\n<ul data-start=\"2779\" data-end=\"3044\">\n<li class=\"\" data-start=\"2779\" data-end=\"2851\">\n<p class=\"\" data-start=\"2781\" data-end=\"2851\"><strong data-start=\"2781\" data-end=\"2795\">Fertigung:<\/strong> In kleiner Serie in Italien, entworfen in der Schweiz<\/p>\n<\/li>\n<li class=\"\" data-start=\"2852\" data-end=\"2908\">\n<p class=\"\" data-start=\"2854\" data-end=\"2908\"><strong data-start=\"2854\" data-end=\"2866\">Versand:<\/strong> Innerhalb weniger Tage ab Lager Schweiz<\/p>\n<\/li>\n<li class=\"\" data-start=\"2909\" data-end=\"2978\">\n<p class=\"\" data-start=\"2911\" data-end=\"2978\"><strong data-start=\"2911\" data-end=\"2924\">Garantie:<\/strong> Umtausch nur bei Material- oder Herstellungsfehlern<\/p>\n<\/li>\n<li class=\"\" data-start=\"2979\" data-end=\"3044\">\n<p class=\"\" data-start=\"2981\" data-end=\"3044\"><strong data-start=\"2981\" data-end=\"2999\">Verf\u00fcgbarkeit:<\/strong> Solange Vorrat reicht \u0096 limitiertes Modell<\/p>\n<\/li>\n<\/ul>\n<\/div>\n<\/details>\n<details class=\"hf-accordion\">\n<summary><strong>\u25b6\ufe0f FAQ \u2013 H\u00e4ufige Fragen<\/strong><\/summary>\n<div class=\"hf-accordion-content\">\n<h3 class=\"\" data-start=\"3046\" data-end=\"3058\"><strong data-start=\"3050\" data-end=\"3058\">FAQ:<\/strong><\/h3>\n<p class=\"\" data-start=\"3060\" data-end=\"3241\"><strong data-start=\"3060\" data-end=\"3120\">Ist dieser Kopfschmuck auch bei windigem Wetter tragbar?<\/strong><br data-start=\"3120\" data-end=\"3123\" \/>Ja \u0096 die leichte W\u00f6lbung sorgt f\u00fcr guten Halt am Kopf, kann bei Bedarf mit einem Haarband zus\u00e4tzlich gesichert werden.<\/p>\n<p class=\"\" data-start=\"3243\" data-end=\"3353\"><strong data-start=\"3243\" data-end=\"3285\">Eignet sich das Modell f\u00fcr Hochzeiten?<\/strong><br data-start=\"3285\" data-end=\"3288\" \/>Absolut \u0096 es ist ideal als Braut-, Trauzeugin- oder G\u00e4steschmuck.<\/p>\n<p class=\"\" data-start=\"3355\" data-end=\"3496\"><strong data-start=\"3355\" data-end=\"3387\">Wie leicht ist das Material?<\/strong><br data-start=\"3387\" data-end=\"3390\" \/>Sisal ist extrem leicht, luftdurchl\u00e4ssig und angenehm zu tragen \u0096 perfekt auch f\u00fcr lange Events im Sommer.<\/p>\n<p class=\"\" data-start=\"3498\" data-end=\"3642\"><strong data-start=\"3498\" data-end=\"3548\">Kann der Toque in einer Box aufbewahrt werden?<\/strong><br data-start=\"3548\" data-end=\"3551\" \/>Ja \u0096 zur Erhaltung der Form empfehlen wir die flache Aufbewahrung in einer stabilen Hutbox.<\/p>\n<p class=\"\" data-start=\"3644\" data-end=\"3761\"><strong data-start=\"3644\" data-end=\"3677\">Wie pflege ich dieses Modell?<\/strong><br data-start=\"3677\" data-end=\"3680\" \/>Trocken lagern, vor Feuchtigkeit sch\u00fctzen und mit einem weichen Tuch abstauben.<\/p>\n<\/div>\n<\/details>\n<\/div>\n","protected":false},"excerpt":{"rendered":"<h3 class=\"\" data-start=\"213\" data-end=\"257\"><strong data-start=\"217\" data-end=\"257\">Stilvoller Auftritt mit Leichtigkeit<\/strong><\/h3>\n<p class=\"\" data-start=\"258\" data-end=\"597\">Ob Hochzeit, Gartenparty oder eleganter Empfang \u0096 dieser kunstvoll geformte Toque verleiht jedem Outfit einen Hauch von Couture-Flair. Der feine Sisalstoff schmiegt sich leicht an den Kopf, w\u00e4hrend die spielerisch geschwungenen Schlaufen eine luftige Eleganz verstr\u00f6men. Perfekt f\u00fcr sonnige Tage, bei denen modische Raffinesse gefragt ist.<\/p>\n","protected":false},"featured_media":17490,"template":"","meta":{"_acf_changed":false,"rs_blank_template":"","rs_page_bg_color":"","slide_template_v7":""},"product_brand":[250],"product_cat":[641,459,275],"product_tag":[],"class_list":{"0":"post-17489","1":"product","2":"type-product","3":"status-publish","4":"has-post-thumbnail","6":"product_brand-risa-hutwerkstatt-schweiz","7":"product_cat-anlass-sommerhuete","8":"product_cat-fascinator-sommerhuete","9":"product_cat-sommerhuete","10":"product_shipping_class-mittlere-pakete","11":"pa_color-hbeige","12":"pa_color-mrosa","13":"pa_color-weiss","14":"pa_groesse-one-size","15":"yith_product_brand-risa-hutwerkstatt-schweiz","18":"instock","19":"taxable","20":"shipping-taxable","21":"purchasable","22":"product-type-variable","23":"wvs-archive-product-wrapper","24":"add-to-wishlist-after_add_to_cart"},"acf":[],"yoast_head":"<!-- This site is optimized with the Yoast SEO Premium plugin v27.3 (Yoast SEO v27.3) - https:\/\/yoast.com\/product\/yoast-seo-premium-wordpress\/ -->\n<title>Toque zierlicher Kopfschmuck aus Sisal \u0096 handgefertigt in Europa<\/title>\n<meta name=\"description\" content=\"Feiner Toque aus Sisal f\u00fcr elegante Anl\u00e4sse \u0096 leicht, nachhaltig, handgemacht in Europa.\" \/>\n<meta name=\"robots\" content=\"index, follow, max-snippet:-1, max-image-preview:large, max-video-preview:-1\" \/>\n<link rel=\"canonical\" href=\"https:\/\/hutfactory.com\/?product=toque-zierlicher-kopfschmuck-aus-sisal\" \/>\n<meta property=\"og:locale\" content=\"de_DE\" \/>\n<meta property=\"og:type\" content=\"article\" \/>\n<meta property=\"og:title\" content=\"Toque zierlicher Kopfschmuck aus Sisal\" \/>\n<meta property=\"og:description\" content=\"Feiner Toque aus Sisal f\u00fcr elegante Anl\u00e4sse \u0096 leicht, nachhaltig, handgemacht in Europa.\" \/>\n<meta property=\"og:url\" content=\"https:\/\/hutfactory.com\/?product=toque-zierlicher-kopfschmuck-aus-sisal\" \/>\n<meta property=\"og:site_name\" content=\"Hut Factory\" \/>\n<meta property=\"article:modified_time\" content=\"2026-03-23T11:02:43+00:00\" \/>\n<meta property=\"og:image\" content=\"https:\/\/hutfactory.com\/wp-content\/uploads\/2026\/03\/33959.webp\" \/>\n\t<meta property=\"og:image:width\" content=\"750\" \/>\n\t<meta property=\"og:image:height\" content=\"750\" \/>\n\t<meta property=\"og:image:type\" content=\"image\/webp\" \/>\n<meta name=\"twitter:card\" content=\"summary_large_image\" \/>\n<meta name=\"twitter:label1\" content=\"Gesch\u00e4tzte Lesezeit\" \/>\n\t<meta name=\"twitter:data1\" content=\"2\u00a0Minuten\" \/>\n<script type=\"application\/ld+json\" class=\"yoast-schema-graph\">{\"@context\":\"https:\\\/\\\/schema.org\",\"@graph\":[{\"@type\":\"WebPage\",\"@id\":\"https:\\\/\\\/hutfactory.com\\\/?product=toque-zierlicher-kopfschmuck-aus-sisal\",\"url\":\"https:\\\/\\\/hutfactory.com\\\/?product=toque-zierlicher-kopfschmuck-aus-sisal\",\"name\":\"Toque zierlicher Kopfschmuck aus Sisal \u0096 handgefertigt in Europa\",\"isPartOf\":{\"@id\":\"https:\\\/\\\/hutfactory.com\\\/#website\"},\"primaryImageOfPage\":{\"@id\":\"https:\\\/\\\/hutfactory.com\\\/?product=toque-zierlicher-kopfschmuck-aus-sisal#primaryimage\"},\"image\":{\"@id\":\"https:\\\/\\\/hutfactory.com\\\/?product=toque-zierlicher-kopfschmuck-aus-sisal#primaryimage\"},\"thumbnailUrl\":\"https:\\\/\\\/hutfactory.com\\\/wp-content\\\/uploads\\\/2026\\\/03\\\/33959.webp\",\"datePublished\":\"2026-03-10T10:18:43+00:00\",\"dateModified\":\"2026-03-23T11:02:43+00:00\",\"description\":\"Feiner Toque aus Sisal f\u00fcr elegante Anl\u00e4sse \u0096 leicht, nachhaltig, handgemacht in Europa.\",\"breadcrumb\":{\"@id\":\"https:\\\/\\\/hutfactory.com\\\/?product=toque-zierlicher-kopfschmuck-aus-sisal#breadcrumb\"},\"inLanguage\":\"de\",\"potentialAction\":[{\"@type\":\"ReadAction\",\"target\":[\"https:\\\/\\\/hutfactory.com\\\/?product=toque-zierlicher-kopfschmuck-aus-sisal\"]}]},{\"@type\":\"ImageObject\",\"inLanguage\":\"de\",\"@id\":\"https:\\\/\\\/hutfactory.com\\\/?product=toque-zierlicher-kopfschmuck-aus-sisal#primaryimage\",\"url\":\"https:\\\/\\\/hutfactory.com\\\/wp-content\\\/uploads\\\/2026\\\/03\\\/33959.webp\",\"contentUrl\":\"https:\\\/\\\/hutfactory.com\\\/wp-content\\\/uploads\\\/2026\\\/03\\\/33959.webp\",\"width\":750,\"height\":750,\"caption\":\"Hellbeige und Rosa erh\u00e4ltlich. Er besticht durch eine runde Form mit dekorativen Sisalb\u00f6gen und wurde in Handarbeit aus 100% Sisal gefertigt.|Der stilvolle Toque ist in Weiss\"},{\"@type\":\"BreadcrumbList\",\"@id\":\"https:\\\/\\\/hutfactory.com\\\/?product=toque-zierlicher-kopfschmuck-aus-sisal#breadcrumb\",\"itemListElement\":[{\"@type\":\"ListItem\",\"position\":1,\"name\":\"Start\",\"item\":\"https:\\\/\\\/hutfactory.com\\\/\"},{\"@type\":\"ListItem\",\"position\":2,\"name\":\"Shop\",\"item\":\"https:\\\/\\\/hutfactory.com\\\/?page_id=10\"},{\"@type\":\"ListItem\",\"position\":3,\"name\":\"Toque zierlicher Kopfschmuck aus Sisal\"}]},{\"@type\":\"WebSite\",\"@id\":\"https:\\\/\\\/hutfactory.com\\\/#website\",\"url\":\"https:\\\/\\\/hutfactory.com\\\/\",\"name\":\"Hut Factory\",\"description\":\"H\u00fcte, Kappen &amp; M\u00fctzen in Top Swiss\\\/EU Qualit\u00e4t\",\"publisher\":{\"@id\":\"https:\\\/\\\/hutfactory.com\\\/#organization\"},\"alternateName\":\"Hut Shop\",\"potentialAction\":[{\"@type\":\"SearchAction\",\"target\":{\"@type\":\"EntryPoint\",\"urlTemplate\":\"https:\\\/\\\/hutfactory.com\\\/?s={search_term_string}\"},\"query-input\":{\"@type\":\"PropertyValueSpecification\",\"valueRequired\":true,\"valueName\":\"search_term_string\"}}],\"inLanguage\":\"de\"},{\"@type\":\"Organization\",\"@id\":\"https:\\\/\\\/hutfactory.com\\\/#organization\",\"name\":\"Hut Factory\",\"url\":\"https:\\\/\\\/hutfactory.com\\\/\",\"logo\":{\"@type\":\"ImageObject\",\"inLanguage\":\"de\",\"@id\":\"https:\\\/\\\/hutfactory.com\\\/#\\\/schema\\\/logo\\\/image\\\/\",\"url\":\"https:\\\/\\\/hutfactory.com\\\/wp-content\\\/uploads\\\/2026\\\/01\\\/Logo-hut-factory-1.webp\",\"contentUrl\":\"https:\\\/\\\/hutfactory.com\\\/wp-content\\\/uploads\\\/2026\\\/01\\\/Logo-hut-factory-1.webp\",\"width\":300,\"height\":262,\"caption\":\"Hut Factory\"},\"image\":{\"@id\":\"https:\\\/\\\/hutfactory.com\\\/#\\\/schema\\\/logo\\\/image\\\/\"}}]}<\/script>\n<!-- \/ Yoast SEO Premium plugin. -->","yoast_head_json":{"title":"Toque zierlicher Kopfschmuck aus Sisal \u0096 handgefertigt in Europa","description":"Feiner Toque aus Sisal f\u00fcr elegante Anl\u00e4sse \u0096 leicht, nachhaltig, handgemacht in Europa.","robots":{"index":"index","follow":"follow","max-snippet":"max-snippet:-1","max-image-preview":"max-image-preview:large","max-video-preview":"max-video-preview:-1"},"canonical":"https:\/\/hutfactory.com\/?product=toque-zierlicher-kopfschmuck-aus-sisal","og_locale":"de_DE","og_type":"article","og_title":"Toque zierlicher Kopfschmuck aus Sisal","og_description":"Feiner Toque aus Sisal f\u00fcr elegante Anl\u00e4sse \u0096 leicht, nachhaltig, handgemacht in Europa.","og_url":"https:\/\/hutfactory.com\/?product=toque-zierlicher-kopfschmuck-aus-sisal","og_site_name":"Hut Factory","article_modified_time":"2026-03-23T11:02:43+00:00","og_image":[{"width":750,"height":750,"url":"https:\/\/hutfactory.com\/wp-content\/uploads\/2026\/03\/33959.webp","type":"image\/webp"}],"twitter_card":"summary_large_image","twitter_misc":{"Gesch\u00e4tzte Lesezeit":"2\u00a0Minuten"},"schema":{"@context":"https:\/\/schema.org","@graph":[{"@type":"WebPage","@id":"https:\/\/hutfactory.com\/?product=toque-zierlicher-kopfschmuck-aus-sisal","url":"https:\/\/hutfactory.com\/?product=toque-zierlicher-kopfschmuck-aus-sisal","name":"Toque zierlicher Kopfschmuck aus Sisal \u0096 handgefertigt in Europa","isPartOf":{"@id":"https:\/\/hutfactory.com\/#website"},"primaryImageOfPage":{"@id":"https:\/\/hutfactory.com\/?product=toque-zierlicher-kopfschmuck-aus-sisal#primaryimage"},"image":{"@id":"https:\/\/hutfactory.com\/?product=toque-zierlicher-kopfschmuck-aus-sisal#primaryimage"},"thumbnailUrl":"https:\/\/hutfactory.com\/wp-content\/uploads\/2026\/03\/33959.webp","datePublished":"2026-03-10T10:18:43+00:00","dateModified":"2026-03-23T11:02:43+00:00","description":"Feiner Toque aus Sisal f\u00fcr elegante Anl\u00e4sse \u0096 leicht, nachhaltig, handgemacht in Europa.","breadcrumb":{"@id":"https:\/\/hutfactory.com\/?product=toque-zierlicher-kopfschmuck-aus-sisal#breadcrumb"},"inLanguage":"de","potentialAction":[{"@type":"ReadAction","target":["https:\/\/hutfactory.com\/?product=toque-zierlicher-kopfschmuck-aus-sisal"]}]},{"@type":"ImageObject","inLanguage":"de","@id":"https:\/\/hutfactory.com\/?product=toque-zierlicher-kopfschmuck-aus-sisal#primaryimage","url":"https:\/\/hutfactory.com\/wp-content\/uploads\/2026\/03\/33959.webp","contentUrl":"https:\/\/hutfactory.com\/wp-content\/uploads\/2026\/03\/33959.webp","width":750,"height":750,"caption":"Hellbeige und Rosa erh\u00e4ltlich. Er besticht durch eine runde Form mit dekorativen Sisalb\u00f6gen und wurde in Handarbeit aus 100% Sisal gefertigt.|Der stilvolle Toque ist in Weiss"},{"@type":"BreadcrumbList","@id":"https:\/\/hutfactory.com\/?product=toque-zierlicher-kopfschmuck-aus-sisal#breadcrumb","itemListElement":[{"@type":"ListItem","position":1,"name":"Start","item":"https:\/\/hutfactory.com\/"},{"@type":"ListItem","position":2,"name":"Shop","item":"https:\/\/hutfactory.com\/?page_id=10"},{"@type":"ListItem","position":3,"name":"Toque zierlicher Kopfschmuck aus Sisal"}]},{"@type":"WebSite","@id":"https:\/\/hutfactory.com\/#website","url":"https:\/\/hutfactory.com\/","name":"Hut Factory","description":"H\u00fcte, Kappen &amp; M\u00fctzen in Top Swiss\/EU Qualit\u00e4t","publisher":{"@id":"https:\/\/hutfactory.com\/#organization"},"alternateName":"Hut Shop","potentialAction":[{"@type":"SearchAction","target":{"@type":"EntryPoint","urlTemplate":"https:\/\/hutfactory.com\/?s={search_term_string}"},"query-input":{"@type":"PropertyValueSpecification","valueRequired":true,"valueName":"search_term_string"}}],"inLanguage":"de"},{"@type":"Organization","@id":"https:\/\/hutfactory.com\/#organization","name":"Hut Factory","url":"https:\/\/hutfactory.com\/","logo":{"@type":"ImageObject","inLanguage":"de","@id":"https:\/\/hutfactory.com\/#\/schema\/logo\/image\/","url":"https:\/\/hutfactory.com\/wp-content\/uploads\/2026\/01\/Logo-hut-factory-1.webp","contentUrl":"https:\/\/hutfactory.com\/wp-content\/uploads\/2026\/01\/Logo-hut-factory-1.webp","width":300,"height":262,"caption":"Hut Factory"},"image":{"@id":"https:\/\/hutfactory.com\/#\/schema\/logo\/image\/"}}]}},"_links":{"self":[{"href":"https:\/\/hutfactory.com\/index.php?rest_route=\/wp\/v2\/product\/17489","targetHints":{"allow":["GET"]}}],"collection":[{"href":"https:\/\/hutfactory.com\/index.php?rest_route=\/wp\/v2\/product"}],"about":[{"href":"https:\/\/hutfactory.com\/index.php?rest_route=\/wp\/v2\/types\/product"}],"wp:featuredmedia":[{"embeddable":true,"href":"https:\/\/hutfactory.com\/index.php?rest_route=\/wp\/v2\/media\/17490"}],"wp:attachment":[{"href":"https:\/\/hutfactory.com\/index.php?rest_route=%2Fwp%2Fv2%2Fmedia&parent=17489"}],"wp:term":[{"taxonomy":"product_brand","embeddable":true,"href":"https:\/\/hutfactory.com\/index.php?rest_route=%2Fwp%2Fv2%2Fproduct_brand&post=17489"},{"taxonomy":"product_cat","embeddable":true,"href":"https:\/\/hutfactory.com\/index.php?rest_route=%2Fwp%2Fv2%2Fproduct_cat&post=17489"},{"taxonomy":"product_tag","embeddable":true,"href":"https:\/\/hutfactory.com\/index.php?rest_route=%2Fwp%2Fv2%2Fproduct_tag&post=17489"}],"curies":[{"name":"wp","href":"https:\/\/api.w.org\/{rel}","templated":true}]}}