{"id":17426,"date":"2026-03-10T10:17:51","date_gmt":"2026-03-10T10:17:51","guid":{"rendered":"https:\/\/hutfactory.com\/?product=sommerhut-aus-hanf-mit-breiter-krempe"},"modified":"2026-03-12T08:07:04","modified_gmt":"2026-03-12T08:07:04","slug":"sommerhut-aus-hanf-mit-breiter-krempe","status":"publish","type":"product","link":"https:\/\/hutfactory.com\/?product=sommerhut-aus-hanf-mit-breiter-krempe","title":{"rendered":"Sommerhut aus Hanf mit breiter Krempe"},"content":{"rendered":"<h3 data-start=\"460\" data-end=\"725\"><strong data-start=\"460\" data-end=\"498\">Melange &#8211; Farbenfrohe Auswahl f\u00fcr jeden Stil<\/strong><\/h3>\n<p class=\"\" data-start=\"460\" data-end=\"725\">Dieser traumhafte Hut ist in den frischen Farben <strong data-start=\"550\" data-end=\"565\">Apricot-<\/strong>, <strong data-start=\"567\" data-end=\"575\">Pink-<\/strong> und <strong data-start=\"580\" data-end=\"588\">Ciel-Melange<\/strong> erh\u00e4ltlich. Die breiten Krempen sorgen nicht nur f\u00fcr einen wirkungsvollen Sonnenschutz, sondern auch f\u00fcr einen unverwechselbaren Look.<\/p>\n<p class=\"\" data-start=\"727\" data-end=\"1151\"><strong data-start=\"727\" data-end=\"746\">Perfekt f\u00fcr\u0085 ??<\/strong><br data-start=\"746\" data-end=\"749\" \/><strong data-start=\"749\" data-end=\"776\">?? Sommerliche Anl\u00e4sse:<\/strong> Ob am Strand, beim Stadtbummel oder bei einem eleganten Picknick im Park \u0096 dieser Hut verleiht jedem Outfit das gewisse Etwas.<br data-start=\"903\" data-end=\"906\" \/><strong data-start=\"906\" data-end=\"929\">?? Elegante Events:<\/strong> Die stilvolle Gestaltung macht ihn zum perfekten Accessoire f\u00fcr besondere Anl\u00e4sse unter freiem Himmel.<br data-start=\"1032\" data-end=\"1035\" \/><strong data-start=\"1035\" data-end=\"1065\">?? Natur- und Modebewusst:<\/strong> F\u00fcr alle, die Wert auf nat\u00fcrliche Materialien und hochwertige Handwerkskunst legen.<\/p>\n<div class=\"hf-accordions\">\n<hr class=\"hf-accordion-separator\" \/>\n<details class=\"hf-accordion\">\n<summary><strong>\u25b6\ufe0f Gut zu wissen \u2013 mehr erfahren<\/strong><\/summary>\n<div class=\"hf-accordion-content\">\n<p class=\"\" data-start=\"1153\" data-end=\"1939\"><strong data-start=\"1153\" data-end=\"1180\">Eigenschaften &#038; Details<\/strong><br data-start=\"1180\" data-end=\"1183\" \/><strong data-start=\"1183\" data-end=\"1196\">Material:<\/strong> 100 % Hanf \u0096 leicht, atmungsaktiv und nachhaltig<br data-start=\"1245\" data-end=\"1248\" \/><strong data-start=\"1248\" data-end=\"1259\">Farben:<\/strong> Apricot-, Pink-, Ciel-Melange \u0096 frische Farben f\u00fcr jeden Geschmack<br data-start=\"1320\" data-end=\"1323\" \/><strong data-start=\"1323\" data-end=\"1336\">Garnitur:<\/strong> Breites Rebsband mit eleganter Masche \u0096 ein stilvolles Detail mit Charme<br data-start=\"1409\" data-end=\"1412\" \/><strong data-start=\"1412\" data-end=\"1423\">Gr\u00f6\u00dfen:<\/strong> 57 (56-57), 59 (58-59) \u0096 komfortable Passform f\u00fcr jeden Kopf<br data-start=\"1484\" data-end=\"1487\" \/><strong data-start=\"1487\" data-end=\"1498\">Design:<\/strong> Flache Krone mit breiter Krempe f\u00fcr optimalen Sonnenschutz und zeitlose Eleganz<br data-start=\"1578\" data-end=\"1581\" \/><strong data-start=\"1581\" data-end=\"1597\">Schwei\u00dfband:<\/strong> Eingearbeitetes Textilinnenband f\u00fcr angenehmen Tragekomfort<br data-start=\"1657\" data-end=\"1660\" \/><strong data-start=\"1660\" data-end=\"1676\">Herstellung:<\/strong> Entworfen von der <strong data-start=\"1695\" data-end=\"1727\">Schweizer Hutmanufaktur Risa<\/strong>, gefertigt in Italien in limitierter Auflage<br data-start=\"1772\" data-end=\"1775\" \/><strong data-start=\"1775\" data-end=\"1787\">Versand:<\/strong> Innerhalb weniger Tage ab Lager Schweiz<br data-start=\"1827\" data-end=\"1830\" \/><strong data-start=\"1830\" data-end=\"1843\">Umtausch:<\/strong> Nur bei Material- oder Herstellungsfehlern, da es sich um eine limitierte Produktion handelt.<\/p>\n<p class=\"\" data-start=\"1941\" data-end=\"2297\"><strong data-start=\"1941\" data-end=\"1966\">Design &#038; Verarbeitung<\/strong><br data-start=\"1966\" data-end=\"1969\" \/>Der Sommerhut besticht durch seine breite Krempe, die sowohl vor der Sonne sch\u00fctzt als auch das Gesicht charmant umrahmt. Die flache Krone und das dekorative Rebsband mit Masche setzen elegante Akzente. Die feine Hanffaserstruktur unterstreicht den nat\u00fcrlichen Charme und sorgt gleichzeitig f\u00fcr hervorragende Atmungsaktivit\u00e4t.<\/p>\n<p class=\"\" data-start=\"2299\" data-end=\"2577\"><strong data-start=\"2299\" data-end=\"2326\">Handgefertigt in Europa<\/strong><br data-start=\"2326\" data-end=\"2329\" \/>Mit viel Hingabe und Sorgfalt wird dieser Hut nach h\u00f6chsten Qualit\u00e4tsstandards gefertigt. Entworfen von der renommierten <strong data-start=\"2450\" data-end=\"2482\">Schweizer Hutmanufaktur Risa<\/strong> und in Italien hergestellt, kombiniert er traditionelle Handwerkskunst mit zeitlosem Design.<\/p>\n<p class=\"\" data-start=\"2579\" data-end=\"2921\"><strong data-start=\"2579\" data-end=\"2608\">Nachhaltigkeit &#038; Qualit\u00e4t<\/strong><br data-start=\"2608\" data-end=\"2611\" \/><strong data-start=\"2611\" data-end=\"2638\">Nat\u00fcrliche Materialien:<\/strong> Hanf ist besonders leicht, atmungsaktiv und nachhaltig.<br data-start=\"2694\" data-end=\"2697\" \/><strong data-start=\"2697\" data-end=\"2724\">Handarbeit &#038; Tradition:<\/strong> Die sorgf\u00e4ltige Verarbeitung und limitierte Produktion garantieren beste Qualit\u00e4t.<br data-start=\"2807\" data-end=\"2810\" \/><strong data-start=\"2810\" data-end=\"2828\">Langlebigkeit:<\/strong> Hochwertige Materialien und pr\u00e4zise Verarbeitung sorgen f\u00fcr ein langes Leben dieses Hutes.<\/p>\n<p class=\"\" data-start=\"2923\" data-end=\"3203\"><strong data-start=\"2923\" data-end=\"2948\">Herstellung &#038; Versand<\/strong><br data-start=\"2948\" data-end=\"2951\" \/><strong data-start=\"2951\" data-end=\"2980\">Fertigung auf Bestellung:<\/strong> In Italien hergestellt, um h\u00f6chste Qualit\u00e4t zu gew\u00e4hrleisten.<br data-start=\"3042\" data-end=\"3045\" \/><strong data-start=\"3045\" data-end=\"3057\">Versand:<\/strong> Nach Fertigung erfolgt der Versand innerhalb weniger Tage ab Lager Schweiz.<br data-start=\"3133\" data-end=\"3136\" \/><strong data-start=\"3136\" data-end=\"3149\">Umtausch:<\/strong> Nur bei Material- oder Herstellungsfehlern m\u00f6glich.<\/p>\n<\/div>\n<\/details>\n<details class=\"hf-accordion\">\n<summary><strong>\u25b6\ufe0f FAQ \u2013 H\u00e4ufige Fragen<\/strong><\/summary>\n<div class=\"hf-accordion-content\">\n<p class=\"\" data-start=\"3205\" data-end=\"3359\"><strong data-start=\"3205\" data-end=\"3212\">FAQ<\/strong><br data-start=\"3212\" data-end=\"3215\" \/><strong data-start=\"3215\" data-end=\"3261\">Ist der Hut f\u00fcr hei\u00dfe Sommertage geeignet?<\/strong><br data-start=\"3261\" data-end=\"3264\" \/>Ja, der Hut aus 100 % Hanf ist besonders atmungsaktiv und sch\u00fctzt hervorragend vor der Sonne.<\/p>\n<p class=\"\" data-start=\"3361\" data-end=\"3502\"><strong data-start=\"3361\" data-end=\"3403\">Wie bewahre ich den Hut am besten auf?<\/strong><br data-start=\"3403\" data-end=\"3406\" \/>Lagern Sie den Hut trocken und gut bel\u00fcftet, am besten in einer Box oder auf einem Hutst\u00e4nder.<\/p>\n<p class=\"\" data-start=\"3504\" data-end=\"3626\"><strong data-start=\"3504\" data-end=\"3557\">Kann ich den Hut umtauschen, wenn er nicht passt?<\/strong><br data-start=\"3557\" data-end=\"3560\" \/>Umtausch ist nur bei Material- oder Herstellungsfehlern m\u00f6glich.<\/p>\n<\/div>\n<\/details>\n<\/div>\n","protected":false},"excerpt":{"rendered":"<h3><strong data-start=\"81\" data-end=\"115\">Ein Statement f\u00fcr sonnige Tage<\/strong><\/h3>\n<p>Der breitrandige Sommerhut aus Hanf vereint luxuri\u00f6ses Design mit nat\u00fcrlichem Material. Die feine Verarbeitung aus <strong data-start=\"233\" data-end=\"247\">100 % Hanf<\/strong> verleiht dem Hut eine besondere Struktur und sorgt f\u00fcr exzellenten Tragekomfort an hei\u00dfen Tagen. Ein echtes Highlight ist das breite <strong data-start=\"381\" data-end=\"414\">Rebsband mit eleganter Masche<\/strong>, welches dem Hut eine edle Note verleiht.<\/p>\n","protected":false},"featured_media":17427,"template":"","meta":{"_acf_changed":false,"rs_blank_template":"","rs_page_bg_color":"","slide_template_v7":""},"product_brand":[250],"product_cat":[628,275,614],"product_tag":[],"class_list":{"0":"post-17426","1":"product","2":"type-product","3":"status-publish","4":"has-post-thumbnail","6":"product_brand-risa-hutwerkstatt-schweiz","7":"product_cat-charpentier-sommerhuete","8":"product_cat-sommerhuete","9":"product_cat-spanier-sommerhuete","10":"product_shipping_class-mittlere-pakete","11":"pa_color-apricot","12":"pa_color-ciel","13":"pa_color-pink","14":"pa_groesse-57-56-57","15":"pa_groesse-59-58-59","16":"yith_product_brand-risa-hutwerkstatt-schweiz","19":"instock","20":"featured","21":"taxable","22":"shipping-taxable","23":"purchasable","24":"product-type-variable","25":"wvs-archive-product-wrapper","26":"add-to-wishlist-after_add_to_cart"},"acf":[],"yoast_head":"<!-- This site is optimized with the Yoast SEO Premium plugin v27.3 (Yoast SEO v27.3) - https:\/\/yoast.com\/product\/yoast-seo-premium-wordpress\/ -->\n<title>Damen Hanfhut breitrandig: Stilvoller Sonnenschutz<\/title>\n<meta name=\"description\" content=\"Entdecken Sie unseren exklusiven Damen Hanfhut breitrandig: Ein Statement f\u00fcr den Sommer mit nachhaltigem Design und traditioneller Handwerkskunst.\" \/>\n<meta name=\"robots\" content=\"index, follow, max-snippet:-1, max-image-preview:large, max-video-preview:-1\" \/>\n<link rel=\"canonical\" href=\"https:\/\/hutfactory.com\/?product=sommerhut-aus-hanf-mit-breiter-krempe\" \/>\n<meta property=\"og:locale\" content=\"de_DE\" \/>\n<meta property=\"og:type\" content=\"article\" \/>\n<meta property=\"og:title\" content=\"Sommerhut aus Hanf mit breiter Krempe\" \/>\n<meta property=\"og:description\" content=\"Entdecken Sie unseren exklusiven Damen Hanfhut breitrandig: Ein Statement f\u00fcr den Sommer mit nachhaltigem Design und traditioneller Handwerkskunst.\" \/>\n<meta property=\"og:url\" content=\"https:\/\/hutfactory.com\/?product=sommerhut-aus-hanf-mit-breiter-krempe\" \/>\n<meta property=\"og:site_name\" content=\"Hut Factory\" \/>\n<meta property=\"article:modified_time\" content=\"2026-03-12T08:07:04+00:00\" \/>\n<meta property=\"og:image\" content=\"https:\/\/hutfactory.com\/wp-content\/uploads\/2026\/03\/34324.webp\" \/>\n\t<meta property=\"og:image:width\" content=\"750\" \/>\n\t<meta property=\"og:image:height\" content=\"750\" \/>\n\t<meta property=\"og:image:type\" content=\"image\/webp\" \/>\n<meta name=\"twitter:card\" content=\"summary_large_image\" \/>\n<meta name=\"twitter:label1\" content=\"Gesch\u00e4tzte Lesezeit\" \/>\n\t<meta name=\"twitter:data1\" content=\"2\u00a0Minuten\" \/>\n<script type=\"application\/ld+json\" class=\"yoast-schema-graph\">{\"@context\":\"https:\\\/\\\/schema.org\",\"@graph\":[{\"@type\":\"WebPage\",\"@id\":\"https:\\\/\\\/hutfactory.com\\\/?product=sommerhut-aus-hanf-mit-breiter-krempe\",\"url\":\"https:\\\/\\\/hutfactory.com\\\/?product=sommerhut-aus-hanf-mit-breiter-krempe\",\"name\":\"Damen Hanfhut breitrandig: Stilvoller Sonnenschutz\",\"isPartOf\":{\"@id\":\"https:\\\/\\\/hutfactory.com\\\/#website\"},\"primaryImageOfPage\":{\"@id\":\"https:\\\/\\\/hutfactory.com\\\/?product=sommerhut-aus-hanf-mit-breiter-krempe#primaryimage\"},\"image\":{\"@id\":\"https:\\\/\\\/hutfactory.com\\\/?product=sommerhut-aus-hanf-mit-breiter-krempe#primaryimage\"},\"thumbnailUrl\":\"https:\\\/\\\/hutfactory.com\\\/wp-content\\\/uploads\\\/2026\\\/03\\\/34324.webp\",\"datePublished\":\"2026-03-10T10:17:51+00:00\",\"dateModified\":\"2026-03-12T08:07:04+00:00\",\"description\":\"Entdecken Sie unseren exklusiven Damen Hanfhut breitrandig: Ein Statement f\u00fcr den Sommer mit nachhaltigem Design und traditioneller Handwerkskunst.\",\"breadcrumb\":{\"@id\":\"https:\\\/\\\/hutfactory.com\\\/?product=sommerhut-aus-hanf-mit-breiter-krempe#breadcrumb\"},\"inLanguage\":\"de\",\"potentialAction\":[{\"@type\":\"ReadAction\",\"target\":[\"https:\\\/\\\/hutfactory.com\\\/?product=sommerhut-aus-hanf-mit-breiter-krempe\"]}]},{\"@type\":\"ImageObject\",\"inLanguage\":\"de\",\"@id\":\"https:\\\/\\\/hutfactory.com\\\/?product=sommerhut-aus-hanf-mit-breiter-krempe#primaryimage\",\"url\":\"https:\\\/\\\/hutfactory.com\\\/wp-content\\\/uploads\\\/2026\\\/03\\\/34324.webp\",\"contentUrl\":\"https:\\\/\\\/hutfactory.com\\\/wp-content\\\/uploads\\\/2026\\\/03\\\/34324.webp\",\"width\":750,\"height\":750,\"caption\":\"handgefertigt in Italien\"},{\"@type\":\"BreadcrumbList\",\"@id\":\"https:\\\/\\\/hutfactory.com\\\/?product=sommerhut-aus-hanf-mit-breiter-krempe#breadcrumb\",\"itemListElement\":[{\"@type\":\"ListItem\",\"position\":1,\"name\":\"Start\",\"item\":\"https:\\\/\\\/hutfactory.com\\\/\"},{\"@type\":\"ListItem\",\"position\":2,\"name\":\"Shop\",\"item\":\"https:\\\/\\\/hutfactory.com\\\/?page_id=10\"},{\"@type\":\"ListItem\",\"position\":3,\"name\":\"Sommerhut aus Hanf mit breiter Krempe\"}]},{\"@type\":\"WebSite\",\"@id\":\"https:\\\/\\\/hutfactory.com\\\/#website\",\"url\":\"https:\\\/\\\/hutfactory.com\\\/\",\"name\":\"Hut Factory\",\"description\":\"H\u00fcte, Kappen &amp; M\u00fctzen in Top Swiss\\\/EU Qualit\u00e4t\",\"publisher\":{\"@id\":\"https:\\\/\\\/hutfactory.com\\\/#organization\"},\"alternateName\":\"Hut Shop\",\"potentialAction\":[{\"@type\":\"SearchAction\",\"target\":{\"@type\":\"EntryPoint\",\"urlTemplate\":\"https:\\\/\\\/hutfactory.com\\\/?s={search_term_string}\"},\"query-input\":{\"@type\":\"PropertyValueSpecification\",\"valueRequired\":true,\"valueName\":\"search_term_string\"}}],\"inLanguage\":\"de\"},{\"@type\":\"Organization\",\"@id\":\"https:\\\/\\\/hutfactory.com\\\/#organization\",\"name\":\"Hut Factory\",\"url\":\"https:\\\/\\\/hutfactory.com\\\/\",\"logo\":{\"@type\":\"ImageObject\",\"inLanguage\":\"de\",\"@id\":\"https:\\\/\\\/hutfactory.com\\\/#\\\/schema\\\/logo\\\/image\\\/\",\"url\":\"https:\\\/\\\/hutfactory.com\\\/wp-content\\\/uploads\\\/2026\\\/01\\\/Logo-hut-factory-1.webp\",\"contentUrl\":\"https:\\\/\\\/hutfactory.com\\\/wp-content\\\/uploads\\\/2026\\\/01\\\/Logo-hut-factory-1.webp\",\"width\":300,\"height\":262,\"caption\":\"Hut Factory\"},\"image\":{\"@id\":\"https:\\\/\\\/hutfactory.com\\\/#\\\/schema\\\/logo\\\/image\\\/\"}}]}<\/script>\n<!-- \/ Yoast SEO Premium plugin. -->","yoast_head_json":{"title":"Damen Hanfhut breitrandig: Stilvoller Sonnenschutz","description":"Entdecken Sie unseren exklusiven Damen Hanfhut breitrandig: Ein Statement f\u00fcr den Sommer mit nachhaltigem Design und traditioneller Handwerkskunst.","robots":{"index":"index","follow":"follow","max-snippet":"max-snippet:-1","max-image-preview":"max-image-preview:large","max-video-preview":"max-video-preview:-1"},"canonical":"https:\/\/hutfactory.com\/?product=sommerhut-aus-hanf-mit-breiter-krempe","og_locale":"de_DE","og_type":"article","og_title":"Sommerhut aus Hanf mit breiter Krempe","og_description":"Entdecken Sie unseren exklusiven Damen Hanfhut breitrandig: Ein Statement f\u00fcr den Sommer mit nachhaltigem Design und traditioneller Handwerkskunst.","og_url":"https:\/\/hutfactory.com\/?product=sommerhut-aus-hanf-mit-breiter-krempe","og_site_name":"Hut Factory","article_modified_time":"2026-03-12T08:07:04+00:00","og_image":[{"width":750,"height":750,"url":"https:\/\/hutfactory.com\/wp-content\/uploads\/2026\/03\/34324.webp","type":"image\/webp"}],"twitter_card":"summary_large_image","twitter_misc":{"Gesch\u00e4tzte Lesezeit":"2\u00a0Minuten"},"schema":{"@context":"https:\/\/schema.org","@graph":[{"@type":"WebPage","@id":"https:\/\/hutfactory.com\/?product=sommerhut-aus-hanf-mit-breiter-krempe","url":"https:\/\/hutfactory.com\/?product=sommerhut-aus-hanf-mit-breiter-krempe","name":"Damen Hanfhut breitrandig: Stilvoller Sonnenschutz","isPartOf":{"@id":"https:\/\/hutfactory.com\/#website"},"primaryImageOfPage":{"@id":"https:\/\/hutfactory.com\/?product=sommerhut-aus-hanf-mit-breiter-krempe#primaryimage"},"image":{"@id":"https:\/\/hutfactory.com\/?product=sommerhut-aus-hanf-mit-breiter-krempe#primaryimage"},"thumbnailUrl":"https:\/\/hutfactory.com\/wp-content\/uploads\/2026\/03\/34324.webp","datePublished":"2026-03-10T10:17:51+00:00","dateModified":"2026-03-12T08:07:04+00:00","description":"Entdecken Sie unseren exklusiven Damen Hanfhut breitrandig: Ein Statement f\u00fcr den Sommer mit nachhaltigem Design und traditioneller Handwerkskunst.","breadcrumb":{"@id":"https:\/\/hutfactory.com\/?product=sommerhut-aus-hanf-mit-breiter-krempe#breadcrumb"},"inLanguage":"de","potentialAction":[{"@type":"ReadAction","target":["https:\/\/hutfactory.com\/?product=sommerhut-aus-hanf-mit-breiter-krempe"]}]},{"@type":"ImageObject","inLanguage":"de","@id":"https:\/\/hutfactory.com\/?product=sommerhut-aus-hanf-mit-breiter-krempe#primaryimage","url":"https:\/\/hutfactory.com\/wp-content\/uploads\/2026\/03\/34324.webp","contentUrl":"https:\/\/hutfactory.com\/wp-content\/uploads\/2026\/03\/34324.webp","width":750,"height":750,"caption":"handgefertigt in Italien"},{"@type":"BreadcrumbList","@id":"https:\/\/hutfactory.com\/?product=sommerhut-aus-hanf-mit-breiter-krempe#breadcrumb","itemListElement":[{"@type":"ListItem","position":1,"name":"Start","item":"https:\/\/hutfactory.com\/"},{"@type":"ListItem","position":2,"name":"Shop","item":"https:\/\/hutfactory.com\/?page_id=10"},{"@type":"ListItem","position":3,"name":"Sommerhut aus Hanf mit breiter Krempe"}]},{"@type":"WebSite","@id":"https:\/\/hutfactory.com\/#website","url":"https:\/\/hutfactory.com\/","name":"Hut Factory","description":"H\u00fcte, Kappen &amp; M\u00fctzen in Top Swiss\/EU Qualit\u00e4t","publisher":{"@id":"https:\/\/hutfactory.com\/#organization"},"alternateName":"Hut Shop","potentialAction":[{"@type":"SearchAction","target":{"@type":"EntryPoint","urlTemplate":"https:\/\/hutfactory.com\/?s={search_term_string}"},"query-input":{"@type":"PropertyValueSpecification","valueRequired":true,"valueName":"search_term_string"}}],"inLanguage":"de"},{"@type":"Organization","@id":"https:\/\/hutfactory.com\/#organization","name":"Hut Factory","url":"https:\/\/hutfactory.com\/","logo":{"@type":"ImageObject","inLanguage":"de","@id":"https:\/\/hutfactory.com\/#\/schema\/logo\/image\/","url":"https:\/\/hutfactory.com\/wp-content\/uploads\/2026\/01\/Logo-hut-factory-1.webp","contentUrl":"https:\/\/hutfactory.com\/wp-content\/uploads\/2026\/01\/Logo-hut-factory-1.webp","width":300,"height":262,"caption":"Hut Factory"},"image":{"@id":"https:\/\/hutfactory.com\/#\/schema\/logo\/image\/"}}]}},"_links":{"self":[{"href":"https:\/\/hutfactory.com\/index.php?rest_route=\/wp\/v2\/product\/17426","targetHints":{"allow":["GET"]}}],"collection":[{"href":"https:\/\/hutfactory.com\/index.php?rest_route=\/wp\/v2\/product"}],"about":[{"href":"https:\/\/hutfactory.com\/index.php?rest_route=\/wp\/v2\/types\/product"}],"wp:featuredmedia":[{"embeddable":true,"href":"https:\/\/hutfactory.com\/index.php?rest_route=\/wp\/v2\/media\/17427"}],"wp:attachment":[{"href":"https:\/\/hutfactory.com\/index.php?rest_route=%2Fwp%2Fv2%2Fmedia&parent=17426"}],"wp:term":[{"taxonomy":"product_brand","embeddable":true,"href":"https:\/\/hutfactory.com\/index.php?rest_route=%2Fwp%2Fv2%2Fproduct_brand&post=17426"},{"taxonomy":"product_cat","embeddable":true,"href":"https:\/\/hutfactory.com\/index.php?rest_route=%2Fwp%2Fv2%2Fproduct_cat&post=17426"},{"taxonomy":"product_tag","embeddable":true,"href":"https:\/\/hutfactory.com\/index.php?rest_route=%2Fwp%2Fv2%2Fproduct_tag&post=17426"}],"curies":[{"name":"wp","href":"https:\/\/api.w.org\/{rel}","templated":true}]}}