{"id":17411,"date":"2026-03-10T10:17:51","date_gmt":"2026-03-10T10:17:51","guid":{"rendered":"https:\/\/hutfactory.com\/?product=fascinator-bluete-mit-reif"},"modified":"2026-03-12T08:07:04","modified_gmt":"2026-03-12T08:07:04","slug":"fascinator-bluete-mit-reif","status":"publish","type":"product","link":"https:\/\/hutfactory.com\/?product=fascinator-bluete-mit-reif","title":{"rendered":"Fascinator &#8220;Bl\u00fcte mit Reif&#8221;"},"content":{"rendered":"<h3 class=\"\" data-start=\"0\" data-end=\"69\"><strong data-start=\"4\" data-end=\"69\">Eleganz pur f\u00fcr besondere Anl\u00e4sse<\/strong><\/h3>\n<p class=\"\" data-start=\"71\" data-end=\"423\">Verleihen Sie Ihrem Look einen Hauch von Anmut mit diesem zauberhaften Fascinator. Die filigran gearbeitete Bl\u00fcte aus 100% Sisal strahlt pure Eleganz aus und ist ideal f\u00fcr Hochzeiten, Gartenpartys oder andere stilvolle Events. Die sorgf\u00e4ltig eingearbeitete Verzierung mit einem funkelnden Schmuckstein im Zentrum l\u00e4sst die Blume besonders edel wirken.<\/p>\n<p class=\"\" data-start=\"425\" data-end=\"909\"><strong data-start=\"425\" data-end=\"458\">Perfekt f\u00fcr besondere Anl\u00e4sse<\/strong> ??<br data-start=\"461\" data-end=\"464\" \/>?? <strong data-start=\"467\" data-end=\"491\">Sommerliche Anl\u00e4sse:<\/strong> Ob beim festlichen Empfang oder bei einer exklusiven Gartenparty \u0096 dieser Fascinator ist der perfekte Eyecatcher.<br data-start=\"605\" data-end=\"608\" \/>?? <strong data-start=\"611\" data-end=\"631\">Elegante Events:<\/strong> Kombinieren Sie diesen Fascinator mit einem klassischen Kleid oder einem modernen Hosenanzug und verleihen Sie Ihrem Auftritt das gewisse Etwas.<br data-start=\"776\" data-end=\"779\" \/>?? <strong data-start=\"782\" data-end=\"809\">Natur- und Modebewusst:<\/strong> Gefertigt aus hochwertigem Sisal, ist dieses Accessoire nicht nur modisch, sondern auch nachhaltig.<\/p>\n<p>\u00a0<\/p>\n<div class=\"hf-accordions\">\n<hr class=\"hf-accordion-separator\" \/>\n<details class=\"hf-accordion\">\n<summary><strong>\u25b6\ufe0f Gut zu wissen \u2013 mehr erfahren<\/strong><\/summary>\n<div class=\"hf-accordion-content\">\n<h3 class=\"\" data-start=\"911\" data-end=\"945\"><strong data-start=\"915\" data-end=\"943\">Eigenschaften &#038; Details:<\/strong><\/h3>\n<ul data-start=\"946\" data-end=\"1507\">\n<li class=\"\" data-start=\"946\" data-end=\"1028\">\n<p class=\"\" data-start=\"948\" data-end=\"1028\"><strong data-start=\"948\" data-end=\"961\">Material:<\/strong> 100% Sisal \u0096 federleicht und luftig f\u00fcr angenehmen Tragekomfort.<\/p>\n<\/li>\n<li class=\"\" data-start=\"1029\" data-end=\"1087\">\n<p class=\"\" data-start=\"1031\" data-end=\"1087\"><strong data-start=\"1031\" data-end=\"1042\">Farben:<\/strong> Wei\u00df, H\u0092rosa (Altrosa), Ciel (Himmelblau).<\/p>\n<\/li>\n<li class=\"\" data-start=\"1088\" data-end=\"1165\">\n<p class=\"\" data-start=\"1090\" data-end=\"1165\"><strong data-start=\"1090\" data-end=\"1100\">Gr\u00f6\u00dfe:<\/strong> One Size \u0096 passt sich durch den stabilen Haarreif angenehm an.<\/p>\n<\/li>\n<li class=\"\" data-start=\"1166\" data-end=\"1284\">\n<p class=\"\" data-start=\"1168\" data-end=\"1284\"><strong data-start=\"1168\" data-end=\"1186\">Fertigungsort:<\/strong> Entworfen von der Schweizer Hutmanufaktur Risa und in kleiner St\u00fcckzahl in Italien hergestellt.<\/p>\n<\/li>\n<li class=\"\" data-start=\"1285\" data-end=\"1342\">\n<p class=\"\" data-start=\"1287\" data-end=\"1342\"><strong data-start=\"1287\" data-end=\"1299\">Versand:<\/strong> Innerhalb weniger Tage ab Lager Schweiz.<\/p>\n<\/li>\n<li class=\"\" data-start=\"1343\" data-end=\"1444\">\n<p class=\"\" data-start=\"1345\" data-end=\"1444\"><strong data-start=\"1345\" data-end=\"1358\">Garantie:<\/strong> Umtausch nur bei Material- oder Herstellungsfehlern, kein generelles R\u00fcckgaberecht.<\/p>\n<\/li>\n<li class=\"\" data-start=\"1445\" data-end=\"1507\">\n<p class=\"\" data-start=\"1447\" data-end=\"1507\"><strong data-start=\"1447\" data-end=\"1465\">Verf\u00fcgbarkeit:<\/strong> Abverkauf des Rohmaterials vorbehalten.<\/p>\n<\/li>\n<\/ul>\n<h3 class=\"\" data-start=\"1509\" data-end=\"1541\"><strong data-start=\"1513\" data-end=\"1539\">Design &#038; Verarbeitung:<\/strong><\/h3>\n<p class=\"\" data-start=\"1542\" data-end=\"1895\">Der Fascinator besticht durch seine kunstvolle Bl\u00fctenform, die mit einem strahlenden Schmuckstein akzentuiert wird. Die zarten, leicht gewellten Sisalschlingen kreieren ein faszinierendes Spiel von Transparenz und Struktur. Ein schlicht gehaltener Haarreif sorgt f\u00fcr stabilen Halt und hohen Tragekomfort \u0096 perfekt, um den ganzen Tag makellos auszusehen.<\/p>\n<h3 class=\"\" data-start=\"1897\" data-end=\"1931\"><strong data-start=\"1901\" data-end=\"1929\">Handgefertigt in Europa:<\/strong><\/h3>\n<p class=\"\" data-start=\"1932\" data-end=\"2183\">Dieses Modell wird mit gr\u00f6\u00dfter Sorgfalt und Liebe zum Detail in Italien gefertigt \u0096 ein wahres Kunstwerk, das durch traditionelle Handwerkskunst zum Leben erweckt wird. Die Fertigung in kleinen St\u00fcckzahlen garantiert h\u00f6chste Qualit\u00e4t und Exklusivit\u00e4t.<\/p>\n<h3 class=\"\" data-start=\"2185\" data-end=\"2221\"><strong data-start=\"2189\" data-end=\"2219\">Nachhaltigkeit &#038; Qualit\u00e4t:<\/strong><\/h3>\n<p class=\"\" data-start=\"2222\" data-end=\"2407\">Sisal ist ein nat\u00fcrliches Material, das biologisch abbaubar und umweltfreundlich ist. Mit jedem Fascinator unterst\u00fctzen Sie eine nachhaltige Produktion und traditionelle Handwerkskunst.<\/p>\n<h3 class=\"\" data-start=\"2409\" data-end=\"2441\"><strong data-start=\"2413\" data-end=\"2439\">Herstellung &#038; Versand:<\/strong><\/h3>\n<ul data-start=\"2442\" data-end=\"2616\">\n<li class=\"\" data-start=\"2442\" data-end=\"2530\">\n<p class=\"\" data-start=\"2444\" data-end=\"2530\"><strong data-start=\"2444\" data-end=\"2473\">Fertigung auf Bestellung:<\/strong> Jede Kopfbedeckung wird sorgf\u00e4ltig von Hand gefertigt.<\/p>\n<\/li>\n<li class=\"\" data-start=\"2531\" data-end=\"2616\">\n<p class=\"\" data-start=\"2533\" data-end=\"2616\"><strong data-start=\"2533\" data-end=\"2545\">Versand:<\/strong> Erfolgt nach Zahlungseingang innerhalb weniger Tage aus der Schweiz.<\/p>\n<\/li>\n<\/ul>\n<\/div>\n<\/details>\n<details class=\"hf-accordion\">\n<summary><strong>\u25b6\ufe0f FAQ \u2013 H\u00e4ufige Fragen<\/strong><\/summary>\n<div class=\"hf-accordion-content\">\n<h3 class=\"\" data-start=\"2618\" data-end=\"2632\"><strong data-start=\"2622\" data-end=\"2630\">FAQ:<\/strong><\/h3>\n<ul data-start=\"2633\" data-end=\"3401\">\n<li class=\"\" data-start=\"2633\" data-end=\"2773\">\n<p class=\"\" data-start=\"2635\" data-end=\"2773\"><strong data-start=\"2635\" data-end=\"2680\">Ist dieser Fascinator angenehm zu tragen?<\/strong><br data-start=\"2680\" data-end=\"2683\" \/>Ja, dank des leichten Sisals und des flexiblen Haarreifs bietet er hohen Tragekomfort.<\/p>\n<\/li>\n<li class=\"\" data-start=\"2774\" data-end=\"2923\">\n<p class=\"\" data-start=\"2776\" data-end=\"2923\"><strong data-start=\"2776\" data-end=\"2829\">Kann der Fascinator individuell angepasst werden?<\/strong><br data-start=\"2829\" data-end=\"2832\" \/>Dieses Modell ist One Size und wird so gefertigt, dass es den meisten Kopfformen passt.<\/p>\n<\/li>\n<li class=\"\" data-start=\"2924\" data-end=\"3071\">\n<p class=\"\" data-start=\"2926\" data-end=\"3071\"><strong data-start=\"2926\" data-end=\"2975\">Wie bewahre ich den Fascinator am besten auf?<\/strong><br data-start=\"2975\" data-end=\"2978\" \/>Am besten an einem trockenen Ort in einer Hutschachtel oder einer gesch\u00fctzten Box lagern.<\/p>\n<\/li>\n<li class=\"\" data-start=\"3072\" data-end=\"3256\">\n<p class=\"\" data-start=\"3074\" data-end=\"3256\"><strong data-start=\"3074\" data-end=\"3131\">Ist dieser Fascinator auch f\u00fcr windige Tage geeignet?<\/strong><br data-start=\"3131\" data-end=\"3134\" \/>Der Haarreif sorgt f\u00fcr stabilen Halt. F\u00fcr besonders windige Tage empfehlen wir zus\u00e4tzliche Haarnadeln zur Befestigung.<\/p>\n<\/li>\n<li class=\"\" data-start=\"3257\" data-end=\"3401\">\n<p class=\"\" data-start=\"3259\" data-end=\"3401\"><strong data-start=\"3259\" data-end=\"3326\">Kann ich den Fascinator zur\u00fcckgeben, wenn er mir nicht gef\u00e4llt?<\/strong><br data-start=\"3326\" data-end=\"3329\" \/>Ein Umtausch ist nur bei Material- oder Herstellungsfehlern m\u00f6glich.<\/p>\n<\/li>\n<\/ul>\n<\/div>\n<\/details>\n<\/div>\n","protected":false},"excerpt":{"rendered":"<h3>Nat\u00fcrliche Eleganz f\u00fcr besondere Anl\u00e4sse<\/h3>\n<p>Entdecken Sie unseren exquisiten Fascinator Blume, handgefertigt aus 100% Sisal und inspiriert von der Sch\u00f6nheit der Natur. Perfekt f\u00fcr besondere Anl\u00e4sse. Jetzt bestellen und Ihren Look mit nat\u00fcrlicher Eleganz komplettieren!<\/p>\n","protected":false},"featured_media":17412,"template":"","meta":{"_acf_changed":false,"rs_blank_template":"","rs_page_bg_color":"","slide_template_v7":""},"product_brand":[250],"product_cat":[459,275],"product_tag":[],"class_list":{"0":"post-17411","1":"product","2":"type-product","3":"status-publish","4":"has-post-thumbnail","6":"product_brand-risa-hutwerkstatt-schweiz","7":"product_cat-fascinator-sommerhuete","8":"product_cat-sommerhuete","9":"product_shipping_class-mittlere-pakete","10":"pa_color-altrosa","11":"pa_color-ciel","12":"pa_color-weiss","13":"pa_groesse-one-size","14":"yith_product_brand-risa-hutwerkstatt-schweiz","17":"instock","18":"taxable","19":"shipping-taxable","20":"purchasable","21":"product-type-variable","22":"wvs-archive-product-wrapper","23":"add-to-wishlist-after_add_to_cart"},"acf":[],"yoast_head":"<!-- This site is optimized with the Yoast SEO Premium plugin v27.3 (Yoast SEO v27.3) - https:\/\/yoast.com\/product\/yoast-seo-premium-wordpress\/ -->\n<title>Entdecken Sie unseren exquisiten Fascinator Blume, handgefertigt<\/title>\n<meta name=\"description\" content=\"Fascinator - Nat\u00fcrliche Eleganz f\u00fcr besondere Anl\u00e4sse: Handgefertigt aus Sisal und inspiriert von der Sch\u00f6nheit der Natur. Perfekt f\u00fcr besondere Anl\u00e4sse.\" \/>\n<meta name=\"robots\" content=\"index, follow, max-snippet:-1, max-image-preview:large, max-video-preview:-1\" \/>\n<link rel=\"canonical\" href=\"https:\/\/hutfactory.com\/?product=fascinator-bluete-mit-reif\" \/>\n<meta property=\"og:locale\" content=\"de_DE\" \/>\n<meta property=\"og:type\" content=\"article\" \/>\n<meta property=\"og:title\" content=\"Fascinator &quot;Bl\u00fcte mit Reif&quot;\" \/>\n<meta property=\"og:description\" content=\"Fascinator - Nat\u00fcrliche Eleganz f\u00fcr besondere Anl\u00e4sse: Handgefertigt aus Sisal und inspiriert von der Sch\u00f6nheit der Natur. Perfekt f\u00fcr besondere Anl\u00e4sse.\" \/>\n<meta property=\"og:url\" content=\"https:\/\/hutfactory.com\/?product=fascinator-bluete-mit-reif\" \/>\n<meta property=\"og:site_name\" content=\"Hut Factory\" \/>\n<meta property=\"article:modified_time\" content=\"2026-03-12T08:07:04+00:00\" \/>\n<meta property=\"og:image\" content=\"https:\/\/hutfactory.com\/wp-content\/uploads\/2026\/03\/33919.alle_-1.webp\" \/>\n\t<meta property=\"og:image:width\" content=\"750\" \/>\n\t<meta property=\"og:image:height\" content=\"750\" \/>\n\t<meta property=\"og:image:type\" content=\"image\/webp\" \/>\n<meta name=\"twitter:card\" content=\"summary_large_image\" \/>\n<meta name=\"twitter:label1\" content=\"Gesch\u00e4tzte Lesezeit\" \/>\n\t<meta name=\"twitter:data1\" content=\"2\u00a0Minuten\" \/>\n<script type=\"application\/ld+json\" class=\"yoast-schema-graph\">{\"@context\":\"https:\\\/\\\/schema.org\",\"@graph\":[{\"@type\":\"WebPage\",\"@id\":\"https:\\\/\\\/hutfactory.com\\\/?product=fascinator-bluete-mit-reif\",\"url\":\"https:\\\/\\\/hutfactory.com\\\/?product=fascinator-bluete-mit-reif\",\"name\":\"Entdecken Sie unseren exquisiten Fascinator Blume, handgefertigt\",\"isPartOf\":{\"@id\":\"https:\\\/\\\/hutfactory.com\\\/#website\"},\"primaryImageOfPage\":{\"@id\":\"https:\\\/\\\/hutfactory.com\\\/?product=fascinator-bluete-mit-reif#primaryimage\"},\"image\":{\"@id\":\"https:\\\/\\\/hutfactory.com\\\/?product=fascinator-bluete-mit-reif#primaryimage\"},\"thumbnailUrl\":\"https:\\\/\\\/hutfactory.com\\\/wp-content\\\/uploads\\\/2026\\\/03\\\/33919.alle_-1.webp\",\"datePublished\":\"2026-03-10T10:17:51+00:00\",\"dateModified\":\"2026-03-12T08:07:04+00:00\",\"description\":\"Fascinator - Nat\u00fcrliche Eleganz f\u00fcr besondere Anl\u00e4sse: Handgefertigt aus Sisal und inspiriert von der Sch\u00f6nheit der Natur. Perfekt f\u00fcr besondere Anl\u00e4sse.\",\"breadcrumb\":{\"@id\":\"https:\\\/\\\/hutfactory.com\\\/?product=fascinator-bluete-mit-reif#breadcrumb\"},\"inLanguage\":\"de\",\"potentialAction\":[{\"@type\":\"ReadAction\",\"target\":[\"https:\\\/\\\/hutfactory.com\\\/?product=fascinator-bluete-mit-reif\"]}]},{\"@type\":\"ImageObject\",\"inLanguage\":\"de\",\"@id\":\"https:\\\/\\\/hutfactory.com\\\/?product=fascinator-bluete-mit-reif#primaryimage\",\"url\":\"https:\\\/\\\/hutfactory.com\\\/wp-content\\\/uploads\\\/2026\\\/03\\\/33919.alle_-1.webp\",\"contentUrl\":\"https:\\\/\\\/hutfactory.com\\\/wp-content\\\/uploads\\\/2026\\\/03\\\/33919.alle_-1.webp\",\"width\":750,\"height\":750,\"caption\":\"Dieser filigrane Fascinator Blume mit Reif besticht durch seine zarte Bl\u00fctenform und funkelnden Schmuckstein. Ideal f\u00fcr Hochzeiten und besondere Anl\u00e4sse.|Dieser filigrane Fascinator Blume mit Reif besticht durch seine zarte Bl\u00fctenform und funkelnden Schmuckstein. Ideal f\u00fcr Hochzeiten und besondere Anl\u00e4sse.|Dieser filigrane Fascinator Blume mit Reif besticht durch seine zarte Bl\u00fctenform und funkelnden Schmuckstein. Ideal f\u00fcr Hochzeiten und besondere Anl\u00e4sse.|Dieser filigrane Fascinator Blume mit Reif besticht durch seine zarte Bl\u00fctenform und funkelnden Schmuckstein. Ideal f\u00fcr Hochzeiten und besondere Anl\u00e4sse.||||\"},{\"@type\":\"BreadcrumbList\",\"@id\":\"https:\\\/\\\/hutfactory.com\\\/?product=fascinator-bluete-mit-reif#breadcrumb\",\"itemListElement\":[{\"@type\":\"ListItem\",\"position\":1,\"name\":\"Start\",\"item\":\"https:\\\/\\\/hutfactory.com\\\/\"},{\"@type\":\"ListItem\",\"position\":2,\"name\":\"Shop\",\"item\":\"https:\\\/\\\/hutfactory.com\\\/?page_id=10\"},{\"@type\":\"ListItem\",\"position\":3,\"name\":\"Fascinator &#8220;Bl\u00fcte mit Reif&#8221;\"}]},{\"@type\":\"WebSite\",\"@id\":\"https:\\\/\\\/hutfactory.com\\\/#website\",\"url\":\"https:\\\/\\\/hutfactory.com\\\/\",\"name\":\"Hut Factory\",\"description\":\"H\u00fcte, Kappen &amp; M\u00fctzen in Top Swiss\\\/EU Qualit\u00e4t\",\"publisher\":{\"@id\":\"https:\\\/\\\/hutfactory.com\\\/#organization\"},\"alternateName\":\"Hut Shop\",\"potentialAction\":[{\"@type\":\"SearchAction\",\"target\":{\"@type\":\"EntryPoint\",\"urlTemplate\":\"https:\\\/\\\/hutfactory.com\\\/?s={search_term_string}\"},\"query-input\":{\"@type\":\"PropertyValueSpecification\",\"valueRequired\":true,\"valueName\":\"search_term_string\"}}],\"inLanguage\":\"de\"},{\"@type\":\"Organization\",\"@id\":\"https:\\\/\\\/hutfactory.com\\\/#organization\",\"name\":\"Hut Factory\",\"url\":\"https:\\\/\\\/hutfactory.com\\\/\",\"logo\":{\"@type\":\"ImageObject\",\"inLanguage\":\"de\",\"@id\":\"https:\\\/\\\/hutfactory.com\\\/#\\\/schema\\\/logo\\\/image\\\/\",\"url\":\"https:\\\/\\\/hutfactory.com\\\/wp-content\\\/uploads\\\/2026\\\/01\\\/Logo-hut-factory-1.webp\",\"contentUrl\":\"https:\\\/\\\/hutfactory.com\\\/wp-content\\\/uploads\\\/2026\\\/01\\\/Logo-hut-factory-1.webp\",\"width\":300,\"height\":262,\"caption\":\"Hut Factory\"},\"image\":{\"@id\":\"https:\\\/\\\/hutfactory.com\\\/#\\\/schema\\\/logo\\\/image\\\/\"}}]}<\/script>\n<!-- \/ Yoast SEO Premium plugin. -->","yoast_head_json":{"title":"Entdecken Sie unseren exquisiten Fascinator Blume, handgefertigt","description":"Fascinator - Nat\u00fcrliche Eleganz f\u00fcr besondere Anl\u00e4sse: Handgefertigt aus Sisal und inspiriert von der Sch\u00f6nheit der Natur. Perfekt f\u00fcr besondere Anl\u00e4sse.","robots":{"index":"index","follow":"follow","max-snippet":"max-snippet:-1","max-image-preview":"max-image-preview:large","max-video-preview":"max-video-preview:-1"},"canonical":"https:\/\/hutfactory.com\/?product=fascinator-bluete-mit-reif","og_locale":"de_DE","og_type":"article","og_title":"Fascinator \"Bl\u00fcte mit Reif\"","og_description":"Fascinator - Nat\u00fcrliche Eleganz f\u00fcr besondere Anl\u00e4sse: Handgefertigt aus Sisal und inspiriert von der Sch\u00f6nheit der Natur. Perfekt f\u00fcr besondere Anl\u00e4sse.","og_url":"https:\/\/hutfactory.com\/?product=fascinator-bluete-mit-reif","og_site_name":"Hut Factory","article_modified_time":"2026-03-12T08:07:04+00:00","og_image":[{"width":750,"height":750,"url":"https:\/\/hutfactory.com\/wp-content\/uploads\/2026\/03\/33919.alle_-1.webp","type":"image\/webp"}],"twitter_card":"summary_large_image","twitter_misc":{"Gesch\u00e4tzte Lesezeit":"2\u00a0Minuten"},"schema":{"@context":"https:\/\/schema.org","@graph":[{"@type":"WebPage","@id":"https:\/\/hutfactory.com\/?product=fascinator-bluete-mit-reif","url":"https:\/\/hutfactory.com\/?product=fascinator-bluete-mit-reif","name":"Entdecken Sie unseren exquisiten Fascinator Blume, handgefertigt","isPartOf":{"@id":"https:\/\/hutfactory.com\/#website"},"primaryImageOfPage":{"@id":"https:\/\/hutfactory.com\/?product=fascinator-bluete-mit-reif#primaryimage"},"image":{"@id":"https:\/\/hutfactory.com\/?product=fascinator-bluete-mit-reif#primaryimage"},"thumbnailUrl":"https:\/\/hutfactory.com\/wp-content\/uploads\/2026\/03\/33919.alle_-1.webp","datePublished":"2026-03-10T10:17:51+00:00","dateModified":"2026-03-12T08:07:04+00:00","description":"Fascinator - Nat\u00fcrliche Eleganz f\u00fcr besondere Anl\u00e4sse: Handgefertigt aus Sisal und inspiriert von der Sch\u00f6nheit der Natur. Perfekt f\u00fcr besondere Anl\u00e4sse.","breadcrumb":{"@id":"https:\/\/hutfactory.com\/?product=fascinator-bluete-mit-reif#breadcrumb"},"inLanguage":"de","potentialAction":[{"@type":"ReadAction","target":["https:\/\/hutfactory.com\/?product=fascinator-bluete-mit-reif"]}]},{"@type":"ImageObject","inLanguage":"de","@id":"https:\/\/hutfactory.com\/?product=fascinator-bluete-mit-reif#primaryimage","url":"https:\/\/hutfactory.com\/wp-content\/uploads\/2026\/03\/33919.alle_-1.webp","contentUrl":"https:\/\/hutfactory.com\/wp-content\/uploads\/2026\/03\/33919.alle_-1.webp","width":750,"height":750,"caption":"Dieser filigrane Fascinator Blume mit Reif besticht durch seine zarte Bl\u00fctenform und funkelnden Schmuckstein. Ideal f\u00fcr Hochzeiten und besondere Anl\u00e4sse.|Dieser filigrane Fascinator Blume mit Reif besticht durch seine zarte Bl\u00fctenform und funkelnden Schmuckstein. Ideal f\u00fcr Hochzeiten und besondere Anl\u00e4sse.|Dieser filigrane Fascinator Blume mit Reif besticht durch seine zarte Bl\u00fctenform und funkelnden Schmuckstein. Ideal f\u00fcr Hochzeiten und besondere Anl\u00e4sse.|Dieser filigrane Fascinator Blume mit Reif besticht durch seine zarte Bl\u00fctenform und funkelnden Schmuckstein. Ideal f\u00fcr Hochzeiten und besondere Anl\u00e4sse.||||"},{"@type":"BreadcrumbList","@id":"https:\/\/hutfactory.com\/?product=fascinator-bluete-mit-reif#breadcrumb","itemListElement":[{"@type":"ListItem","position":1,"name":"Start","item":"https:\/\/hutfactory.com\/"},{"@type":"ListItem","position":2,"name":"Shop","item":"https:\/\/hutfactory.com\/?page_id=10"},{"@type":"ListItem","position":3,"name":"Fascinator &#8220;Bl\u00fcte mit Reif&#8221;"}]},{"@type":"WebSite","@id":"https:\/\/hutfactory.com\/#website","url":"https:\/\/hutfactory.com\/","name":"Hut Factory","description":"H\u00fcte, Kappen &amp; M\u00fctzen in Top Swiss\/EU Qualit\u00e4t","publisher":{"@id":"https:\/\/hutfactory.com\/#organization"},"alternateName":"Hut Shop","potentialAction":[{"@type":"SearchAction","target":{"@type":"EntryPoint","urlTemplate":"https:\/\/hutfactory.com\/?s={search_term_string}"},"query-input":{"@type":"PropertyValueSpecification","valueRequired":true,"valueName":"search_term_string"}}],"inLanguage":"de"},{"@type":"Organization","@id":"https:\/\/hutfactory.com\/#organization","name":"Hut Factory","url":"https:\/\/hutfactory.com\/","logo":{"@type":"ImageObject","inLanguage":"de","@id":"https:\/\/hutfactory.com\/#\/schema\/logo\/image\/","url":"https:\/\/hutfactory.com\/wp-content\/uploads\/2026\/01\/Logo-hut-factory-1.webp","contentUrl":"https:\/\/hutfactory.com\/wp-content\/uploads\/2026\/01\/Logo-hut-factory-1.webp","width":300,"height":262,"caption":"Hut Factory"},"image":{"@id":"https:\/\/hutfactory.com\/#\/schema\/logo\/image\/"}}]}},"_links":{"self":[{"href":"https:\/\/hutfactory.com\/index.php?rest_route=\/wp\/v2\/product\/17411","targetHints":{"allow":["GET"]}}],"collection":[{"href":"https:\/\/hutfactory.com\/index.php?rest_route=\/wp\/v2\/product"}],"about":[{"href":"https:\/\/hutfactory.com\/index.php?rest_route=\/wp\/v2\/types\/product"}],"wp:featuredmedia":[{"embeddable":true,"href":"https:\/\/hutfactory.com\/index.php?rest_route=\/wp\/v2\/media\/17412"}],"wp:attachment":[{"href":"https:\/\/hutfactory.com\/index.php?rest_route=%2Fwp%2Fv2%2Fmedia&parent=17411"}],"wp:term":[{"taxonomy":"product_brand","embeddable":true,"href":"https:\/\/hutfactory.com\/index.php?rest_route=%2Fwp%2Fv2%2Fproduct_brand&post=17411"},{"taxonomy":"product_cat","embeddable":true,"href":"https:\/\/hutfactory.com\/index.php?rest_route=%2Fwp%2Fv2%2Fproduct_cat&post=17411"},{"taxonomy":"product_tag","embeddable":true,"href":"https:\/\/hutfactory.com\/index.php?rest_route=%2Fwp%2Fv2%2Fproduct_tag&post=17411"}],"curies":[{"name":"wp","href":"https:\/\/api.w.org\/{rel}","templated":true}]}}